{"id":3087,"date":"2025-04-17T22:09:19","date_gmt":"2025-04-17T14:09:19","guid":{"rendered":"https:\/\/led.amasly.com\/?page_id=3087"},"modified":"2026-01-22T11:37:40","modified_gmt":"2026-01-22T03:37:40","slug":"garment-factories-intelligent-lighting-solutions","status":"publish","type":"page","link":"https:\/\/led.amasly.com\/da\/solutions\/garment-factories-intelligent-lighting-solutions\/","title":{"rendered":"Bekl\u00e6dningsfabrikker Intelligente belysningsl\u00f8sninger"},"content":{"rendered":"<div class=\"wp-block-uagb-container uagb-block-27bae773 alignfull uagb-is-root-container\"><div class=\"uagb-container-inner-blocks-wrap\"><\/div><\/div>\n\n\n\n<h1 class=\"wp-block-heading has-text-align-center\"><strong>Intelligente lysdesignl\u00f8sninger til t\u00f8jfabrikker: Innovativ integration af energieffektivitet og intelligent styring<\/strong><\/h1>\n\n\n\n<h2 class=\"wp-block-heading\"><strong>Introduktion til intelligente belysningsl\u00f8sninger til t\u00f8jfabrikker<\/strong><\/h2>\n\n\n\n<p>Da bekl\u00e6dningsindustrien i stigende grad prioriterer energibesparelser og driftseffektivitet, er intelligente belysningssystemer blevet en vigtig opgraderingsl\u00f8sning. Denne artikel pr\u00e6senterer en skr\u00e6ddersyet ramme for intelligent belysningsdesign til t\u00f8jfabrikker, der kombinerer avancerede teknologier med praktiske anvendelser. L\u00f8sningen omhandler systemarkitektur, adaptive kontroltilstande, energibesparende strategier og IoT-drevet vedligeholdelse, hvilket giver producenterne mulighed for at opn\u00e5 b\u00e6redygtig drift og omkostningsreduktioner.<\/p>\n\n\n\n<div class=\"wp-block-uagb-image uagb-block-40cb2a5c wp-block-uagb-image--layout-default wp-block-uagb-image--effect-static wp-block-uagb-image--align-none\"><figure class=\"wp-block-uagb-image__figure\"><img decoding=\"async\" srcset=\"https:\/\/led.amasly.com\/wp-content\/uploads\/2025\/04\/Garment-Factories-Intelligent-Lighting-Solutions.jpg ,https:\/\/led.amasly.com\/wp-content\/uploads\/2025\/04\/Garment-Factories-Intelligent-Lighting-Solutions.jpg 780w, https:\/\/led.amasly.com\/wp-content\/uploads\/2025\/04\/Garment-Factories-Intelligent-Lighting-Solutions.jpg 360w\" sizes=\"auto, (max-width: 480px) 150px\" src=\"https:\/\/led.amasly.com\/wp-content\/uploads\/2025\/04\/Garment-Factories-Intelligent-Lighting-Solutions.jpg\" alt=\"\" class=\"uag-image-3088\" width=\"1024\" height=\"682\" title=\"Portr\u00e6t af afrikansk modedesigner med m\u00e5leb\u00e5nd p\u00e5 fabrik\" loading=\"lazy\" role=\"img\"><\/figure><\/div>\n\n\n\n<h2 class=\"wp-block-heading\"><strong>Intelligente belysningsl\u00f8sninger til t\u00f8jfabrikker Detaljeret design og n\u00f8gleanalyse<\/strong><\/h2>\n\n\n\n<h3 class=\"wp-block-heading\"><strong>1. Bekl\u00e6dningsfabrikker Intelligente belysningsl\u00f8sninger<\/strong> <strong>Belysningskrav og udfordringer <\/strong><\/h3>\n\n\n\n<ul class=\"wp-block-list\">\n<li><strong>Lav udnyttelse af naturligt lys<\/strong>: Traditionelle belysningssystemer mangler automatisk d\u00e6mpning og spilder energi i dagtimerne (f.eks. 530.000 kWh\/\u00e5r forbrugt i et v\u00e6rksted p\u00e5 40.000 m2).<\/li>\n\n\n\n<li><strong>Ineffektiv kontrol af zoneinddeling<\/strong>: Faste belysningslayouts kan ikke tilpasses dynamiske produktionslinjer, hvilket for\u00e5rsager 40% energispild i ubrugte zoner.<\/li>\n\n\n\n<li><strong>H\u00f8je vedligeholdelsesomkostninger<\/strong>: Hyppige manuelle reparationer af for\u00e6ldede armaturer forstyrrer arbejdsgangene (f.eks. forblev 30% ud af 500 armaturer p\u00e5 en fabrik defekt).<\/li>\n<\/ul>\n\n\n\n<h3 class=\"wp-block-heading\"><strong>2. Kernearkitekturen i <strong>Bekl\u00e6dningsfabrikker Intelligente belysningsl\u00f8sninger<\/strong><\/strong><\/h3>\n\n\n\n<ul class=\"wp-block-list\">\n<li><strong>Bus-teknologi<\/strong>: ALIBUS- eller KNX-protokoller muligg\u00f8r kommunikation mellem enheder i realtid via omkostningseffektive kabler (f.eks. underst\u00f8tter ALIBUS str\u00f8m- og datatransmission via standard Ethernet-kabler).<\/li>\n\n\n\n<li><strong>Modul\u00e6r udrulning<\/strong>: Installer bev\u00e6gelsessensorer, lux-sensorer og kontrolpaneler efter zone (v\u00e6rksted, lager, kontorer) til uafh\u00e6ngig styring (f.eks. Bluetooth Mesh-eftermontering gennemf\u00f8rt p\u00e5 10 dage for et anl\u00e6g p\u00e5 40.000 kvm).<\/li>\n\n\n\n<li><strong>Centraliseret platform<\/strong>: Overv\u00e5g energiforbrug, fejl og forudindstillinger via pc-\/mobilapps (f.eks. Tuyas SaaS-platform til kommerciel belysning).<\/li>\n<\/ul>\n\n\n\n<h3 class=\"wp-block-heading\"><strong>3. Smarte kontrolmetoder og scenarieanvendelser<\/strong><\/h3>\n\n\n\n<ul class=\"wp-block-list\">\n<li><strong>Dynamisk d\u00e6mpning<\/strong>: Lyssensorer justerer LED-lysstyrken ud fra det omgivende lys og reducerer energiforbruget med 30-65%.<\/li>\n\n\n\n<li><strong>Forudindstillinger for flere scenarier<\/strong>: One-touch-aktivering af \u201cProduktionstilstand\u201d, \u201cReng\u00f8ringstilstand\u201d eller \u201cInspektionstilstand med lavt str\u00f8mforbrug\u201d (f.eks. reduceret dagligt energiforbrug fra 800 kWh til 75 kWh p\u00e5 fabrikker i Hubei).<\/li>\n\n\n\n<li><strong>Manuel overstyring<\/strong>: Taktile kontrolpaneler ved indgangene giver mulighed for \u00f8jeblikkelige justeringer ved presserende produktions\u00e6ndringer.<\/li>\n<\/ul>\n\n\n\n<h3 class=\"wp-block-heading\"><strong>4. <strong>Bekl\u00e6dningsfabrikker Intelligente belysningsl\u00f8sninger<\/strong><\/strong> <strong>Energibesparende strategier<\/strong><\/h3>\n\n\n\n<ul class=\"wp-block-list\">\n<li><strong>LED-opgraderinger<\/strong>: 100W LED'er erstatter 200W traditionelle armaturer, hvilket reducerer energiforbruget med 50% (f.eks. $15.000\/\u00e5r sparet i et anl\u00e6g).<\/li>\n\n\n\n<li><strong>H\u00e5ndtering af tidszoner<\/strong>: Automatisk slukning af lys i inaktive omr\u00e5der uden for produktionstiden (sparer 200.000 kWh\/\u00e5r).<\/li>\n\n\n\n<li><strong>Selv-diagnose<\/strong>: Fejlregistrering i realtid sender advarsler til vedligeholdelsesteam (80% hurtigere svartider).<\/li>\n\n\n\n<li><strong>Lavt termisk output<\/strong>: LED'er reducerer k\u00f8lebelastningen og sparer indirekte 15-20% p\u00e5 HVAC-omkostningerne.<\/li>\n<\/ul>\n\n\n\n<div class=\"wp-block-uagb-image uagb-block-00137adc wp-block-uagb-image--layout-default wp-block-uagb-image--effect-static wp-block-uagb-image--align-none\"><figure class=\"wp-block-uagb-image__figure\"><img decoding=\"async\" srcset=\"https:\/\/led.amasly.com\/wp-content\/uploads\/2025\/04\/garment-factories-lighting-1024x682.jpg ,https:\/\/led.amasly.com\/wp-content\/uploads\/2025\/04\/garment-factories-lighting.jpg 780w, https:\/\/led.amasly.com\/wp-content\/uploads\/2025\/04\/garment-factories-lighting.jpg 360w\" sizes=\"auto, (max-width: 480px) 150px\" src=\"https:\/\/led.amasly.com\/wp-content\/uploads\/2025\/04\/garment-factories-lighting-1024x682.jpg\" alt=\"Garment Factories Intelligent Lighting Solutions\" class=\"uag-image-3089\" width=\"1024\" height=\"682\" title=\"Bekl\u00e6dningsfabrikker Intelligente belysningsl\u00f8sninger\" loading=\"lazy\" role=\"img\"\/><\/figure><\/div>\n\n\n\n<h3 class=\"wp-block-heading\"><strong>5. Milj\u00f8m\u00e6ssig tilpasningsevne og sikkerhed<\/strong><\/h3>\n\n\n\n<ul class=\"wp-block-list\">\n<li><strong>St\u00f8vt\u00e6tte og eksplosionssikre armaturer<\/strong>: IP65-klassificerede LED'er i sk\u00e6reomr\u00e5der og eksplosionssikre modeller i opbevaringszoner (f.eks, <a href=\"https:\/\/www.haiyangwang.com\/\" rel=\"nofollow noopener\" target=\"_blank\">Ocean King<\/a> BPC8720-serien).<\/li>\n\n\n\n<li><strong>Integration af klimasensor<\/strong>: Udl\u00f8ser ventilationssystemer ved unormal temperatur\/fugtighed.<\/li>\n\n\n\n<li><strong>N\u00f8dbelysning<\/strong>: Synkroniser med brandalarmer for at aktivere evakueringsbelysning.<\/li>\n<\/ul>\n\n\n\n<h3 class=\"wp-block-heading\"><strong>6. Fordele ved tr\u00e5dl\u00f8st netv\u00e6rk<\/strong><\/h3>\n\n\n\n<ul class=\"wp-block-list\">\n<li><strong>Bluetooth-netv\u00e6rk<\/strong>: Eliminerer omkostninger til ledningsf\u00f8ring og underst\u00f8tter selvhelende netv\u00e6rk (30% hurtigere installation).<\/li>\n\n\n\n<li><strong>Skalerbarhed<\/strong>: Plug-and-play-kompatibilitet til layout\u00e6ndringer (f.eks. ZigBee's 100 m r\u00e6kkevidde).<\/li>\n\n\n\n<li><strong>Stabilitet i netv\u00e6rket<\/strong>: Fejl p\u00e5 en enkelt node forstyrrer ikke den samlede drift.<\/li>\n<\/ul>\n\n\n\n<h3 class=\"wp-block-heading\"><strong>7. Datadrevet vedligeholdelse<\/strong><\/h3>\n\n\n\n<ul class=\"wp-block-list\">\n<li><strong>Energianalyse<\/strong>: Generere brugsrapporter og m\u00e5linger af CO2-reduktion (f.eks. 270 tons CO2-reduktion \u00e5rligt).<\/li>\n\n\n\n<li><strong>Forudsigelig vedligeholdelse<\/strong>: Planl\u00e6g udskiftninger baseret p\u00e5 20.000 timers LED-levetid.<\/li>\n\n\n\n<li><strong>Rollebaseret adgang<\/strong>: Administrator- og operat\u00f8rniveauer forhindrer uautoriserede \u00e6ndringer.<\/li>\n<\/ul>\n\n\n\n<h3 class=\"wp-block-heading\"><strong>8. Casestudier og ROI-validering<\/strong><\/h3>\n\n\n\n<ul class=\"wp-block-list\">\n<li><strong>Hubei Fuxing Factory<\/strong>: 40.000 kvm retrofit sparede $15.000\/\u00e5r med en tilbagebetalingstid p\u00e5 12 m\u00e5neder.<\/li>\n\n\n\n<li><strong>Changzhou Lufthavn Hangar<\/strong>: 25.000 kvm projekt reducerede energiforbruget med 65% p\u00e5 3 dage.<\/li>\n\n\n\n<li><strong>Kvalitetsforbedring<\/strong>: 15% fejlreduktion p\u00e5 grund af optimeret synlighed for medarbejderne.<\/li>\n<\/ul>\n\n\n\n<h3 class=\"wp-block-heading\"><strong>9. Fremtidige tendenser: Intelligente belysningsl\u00f8sninger til t\u00f8jfabrikker<\/strong>-<strong>AI og kulstofneutralitet<\/strong><\/h3>\n\n\n\n<ul class=\"wp-block-list\">\n<li><strong>AI-drevet optimering<\/strong>: Maskinl\u00e6ring justerer belysningen ud fra produktionslinjens hastighed.<\/li>\n\n\n\n<li><strong>Overholdelse af kulstof<\/strong>: Opn\u00e5 ESG-m\u00e5l og deltag i CO2-handel.<\/li>\n\n\n\n<li><strong>Integration af IoT-\u00f8kosystemet<\/strong>: Synkroniser med MES for samlet styring af udstyr.<\/li>\n<\/ul>\n\n\n\n<h3 class=\"wp-block-heading\"><strong>10. <strong>Bekl\u00e6dningsfabrikker Intelligente belysningsl\u00f8sninger<\/strong><\/strong> <strong>Retningslinjer for implementering<\/strong><\/h3>\n\n\n\n<ul class=\"wp-block-list\">\n<li><strong>Vurdering af behov<\/strong>: Kortl\u00e6g belysningskrav til arbejdsgange (tilsk\u00e6ring, syning, QC).<\/li>\n\n\n\n<li><strong>Trinvise eftermonteringer<\/strong>: Prioriter zoner med h\u00f8jt forbrug (f.eks. 24\/7-lagre).<\/li>\n\n\n\n<li><strong>Uddannelse og support<\/strong>: Giv manualer og livstidsvedligeholdelse (f.eks. m\u00e5nedlige systemtilstandsrapporter).<\/li>\n<\/ul>\n\n\n\n<h2 class=\"wp-block-heading\"><strong>OFTE STILLEDE SP\u00d8RGSM\u00c5L<\/strong><\/h2>\n\n\n\n<h3 class=\"wp-block-heading\"><strong>Sp\u00f8rgsm\u00e5l 1: Hvor lang tid tager en eftermontering af intelligent belysning?<\/strong><\/h3>\n\n\n\n<p>Svar: Et anl\u00e6g p\u00e5 40.000 m2 kr\u00e6ver typisk 10 dage med trinvis installation for at undg\u00e5 produktionsforstyrrelser.<\/p>\n\n\n\n<h3 class=\"wp-block-heading\"><strong>Q2: Hvorfor v\u00e6lge LED frem for traditionel belysning?<\/strong><\/h3>\n\n\n\n<p>Svar: LED'er bruger 50% mindre energi, holder i 20.000 timer og reducerer k\u00f8leomkostningerne p\u00e5 grund af den lave varmeafgivelse.<\/p>\n\n\n\n<h3 class=\"wp-block-heading\"><strong>Q3: Kan systemfejl stoppe produktionen?<\/strong><\/h3>\n\n\n\n<p>Det modul\u00e6re design isolerer fejl, og advarsler i realtid sikrer 80% hurtigere reparationer.<\/p>\n\n\n\n<h3 class=\"wp-block-heading\"><strong>Q4: Hvordan sikres datasikkerheden?<\/strong><\/h3>\n\n\n\n<p>Svar: HTTPS-kryptering og rollebaseret adgangskontrol beskytter driftsdata.<\/p>\n\n\n\n<h3 class=\"wp-block-heading\"><strong>Q5: Hvad er den gennemsnitlige ROI-periode?<\/strong><\/h3>\n\n\n\n<p class=\"has-text-align-left\">Svar: De fleste projekter opn\u00e5r fuld ROI inden for 12 m\u00e5neder via energi- og vedligeholdelsesbesparelser.<\/p>\n\n\n\n<p><strong><br>&nbsp;&nbsp;<\/strong><\/p>\n\n\n\n<div class=\"wp-block-uagb-container uagb-block-c7d898dd alignfull uagb-is-root-container\"><div class=\"uagb-container-inner-blocks-wrap\"><\/div><\/div>\n\n\n\n<h2 class=\"wp-block-heading\">Relaterede produkter<\/h2>\n\n\n\n<div class=\"wp-block-uagb-container uagb-block-66e4defc alignfull uagb-is-root-container\"><div class=\"uagb-container-inner-blocks-wrap\">\n<div class=\"wp-block-uagb-container uagb-block-a42945f9\">\n<div class=\"wp-block-uagb-image uagb-block-7296296b wp-block-uagb-image--layout-default wp-block-uagb-image--effect-static wp-block-uagb-image--align-none\"><figure class=\"wp-block-uagb-image__figure\"><a class=\"\" href=\"https:\/\/led.amasly.com\/da\/products\/\" target=\"\" rel=\"noopener\"><img decoding=\"async\" srcset=\"https:\/\/led.amasly.com\/wp-content\/uploads\/2024\/09\/Explosion-proof-high-bay-lights.png ,https:\/\/led.amasly.com\/wp-content\/uploads\/2024\/09\/Explosion-proof-high-bay-lights.png 780w, https:\/\/led.amasly.com\/wp-content\/uploads\/2024\/09\/Explosion-proof-high-bay-lights.png 360w\" sizes=\"auto, (max-width: 480px) 150px\" src=\"https:\/\/led.amasly.com\/wp-content\/uploads\/2024\/09\/Explosion-proof-high-bay-lights.png\" alt=\"\" class=\"uag-image-1495\" width=\"300\" height=\"300\" title=\"Eksplosionssikre high bay-lys\" loading=\"lazy\" role=\"img\"><\/a><\/figure><\/div>\n<\/div>\n\n\n\n<div class=\"wp-block-uagb-container uagb-block-4d3efde5\">\n<div class=\"wp-block-uagb-image uagb-block-c9e90797 wp-block-uagb-image--layout-default wp-block-uagb-image--effect-static wp-block-uagb-image--align-none\"><figure class=\"wp-block-uagb-image__figure\"><a class=\"\" href=\"https:\/\/led.amasly.com\/da\/products\/\" target=\"\" rel=\"noopener\"><img decoding=\"async\" srcset=\"https:\/\/led.amasly.com\/wp-content\/uploads\/2024\/07\/LED-tri-proof-lights2.png ,https:\/\/led.amasly.com\/wp-content\/uploads\/2024\/07\/LED-tri-proof-lights2.png 780w, https:\/\/led.amasly.com\/wp-content\/uploads\/2024\/07\/LED-tri-proof-lights2.png 360w\" sizes=\"auto, (max-width: 480px) 150px\" src=\"https:\/\/led.amasly.com\/wp-content\/uploads\/2024\/07\/LED-tri-proof-lights2.png\" alt=\"\" class=\"uag-image-1132\" width=\"300\" height=\"300\" title=\"LED-tri-proof-lys2\" loading=\"lazy\" role=\"img\"><\/a><\/figure><\/div>\n<\/div>\n\n\n\n<div class=\"wp-block-uagb-container uagb-block-11c2578b\">\n<div class=\"wp-block-uagb-image uagb-block-6e8883aa wp-block-uagb-image--layout-default wp-block-uagb-image--effect-static wp-block-uagb-image--align-none\"><figure class=\"wp-block-uagb-image__figure\"><a class=\"\" href=\"https:\/\/led.amasly.com\/da\/products\/\" target=\"\" rel=\"noopener\"><img decoding=\"async\" srcset=\"https:\/\/led.amasly.com\/wp-content\/uploads\/2024\/09\/LED-Explosion-Proof-Gas-Station-Light.png ,https:\/\/led.amasly.com\/wp-content\/uploads\/2024\/09\/LED-Explosion-Proof-Gas-Station-Light.png 780w, https:\/\/led.amasly.com\/wp-content\/uploads\/2024\/09\/LED-Explosion-Proof-Gas-Station-Light.png 360w\" sizes=\"auto, (max-width: 480px) 150px\" src=\"https:\/\/led.amasly.com\/wp-content\/uploads\/2024\/09\/LED-Explosion-Proof-Gas-Station-Light.png\" alt=\"\" class=\"uag-image-1501\" width=\"300\" height=\"300\" title=\"LED-eksplosionssikkert tankstationslys\" loading=\"lazy\" role=\"img\"><\/a><\/figure><\/div>\n<\/div>\n<\/div><\/div>\n\n\n\n<div class=\"wp-block-uagb-container uagb-block-548945b5 alignfull uagb-is-root-container\"><div class=\"uagb-container-inner-blocks-wrap\">\n<div class=\"wp-block-uagb-container uagb-block-967755d5\">\n<h4 class=\"wp-block-heading has-text-align-center\"><a href=\"https:\/\/led.amasly.com\/da\/products\/\">LED-eksplosionssikre lamper<\/a><\/h4>\n<\/div>\n\n\n\n<div class=\"wp-block-uagb-container uagb-block-9bc52fc2\">\n<h4 class=\"wp-block-heading has-text-align-center\"><a href=\"https:\/\/led.amasly.com\/da\/products\/\">LED Tri-Proof-lys<\/a><\/h4>\n<\/div>\n\n\n\n<div class=\"wp-block-uagb-container uagb-block-8ffa0a23\">\n<h4 class=\"wp-block-heading has-text-align-center\"><a href=\"https:\/\/led.amasly.com\/da\/products\/\">Eksplosionssikre lamper til tankstationer<\/a><\/h4>\n<\/div>\n<\/div><\/div>\n\n\n\n<div class=\"wp-block-uagb-container uagb-block-29499fe0 alignfull uagb-is-root-container\"><div class=\"uagb-container-inner-blocks-wrap\">\n<div class=\"wp-block-uagb-container uagb-block-777ee1c7\">\n<div class=\"wp-block-uagb-image uagb-block-2e9a1851 wp-block-uagb-image--layout-default wp-block-uagb-image--effect-static wp-block-uagb-image--align-none\"><figure class=\"wp-block-uagb-image__figure\"><a class=\"\" href=\"https:\/\/led.amasly.com\/da\/products\/\" target=\"\" rel=\"noopener\"><img decoding=\"async\" srcset=\"https:\/\/led.amasly.com\/wp-content\/uploads\/2024\/10\/50W-100W-150W-200W-300W-LED-Flood-Light.jpg ,https:\/\/led.amasly.com\/wp-content\/uploads\/2024\/10\/50W-100W-150W-200W-300W-LED-Flood-Light.jpg 780w, https:\/\/led.amasly.com\/wp-content\/uploads\/2024\/10\/50W-100W-150W-200W-300W-LED-Flood-Light.jpg 360w\" sizes=\"auto, (max-width: 480px) 150px\" src=\"https:\/\/led.amasly.com\/wp-content\/uploads\/2024\/10\/50W-100W-150W-200W-300W-LED-Flood-Light.jpg\" alt=\"\" class=\"uag-image-1526\" width=\"300\" height=\"300\" title=\"50W 100W 150W 200W 300W LED-oversv\u00f8mmelseslys\" loading=\"lazy\" role=\"img\"><\/a><\/figure><\/div>\n<\/div>\n\n\n\n<div class=\"wp-block-uagb-container uagb-block-af8c8683\">\n<div class=\"wp-block-uagb-image uagb-block-67947854 wp-block-uagb-image--layout-default wp-block-uagb-image--effect-static wp-block-uagb-image--align-none\"><figure class=\"wp-block-uagb-image__figure\"><a class=\"\" href=\"https:\/\/led.amasly.com\/da\/products\/\" target=\"\" rel=\"noopener\"><img decoding=\"async\" srcset=\"https:\/\/led.amasly.com\/wp-content\/uploads\/2024\/07\/led-tri-proof-light.png ,https:\/\/led.amasly.com\/wp-content\/uploads\/2024\/07\/led-tri-proof-light.png 780w, https:\/\/led.amasly.com\/wp-content\/uploads\/2024\/07\/led-tri-proof-light.png 360w\" sizes=\"auto, (max-width: 480px) 150px\" src=\"https:\/\/led.amasly.com\/wp-content\/uploads\/2024\/07\/led-tri-proof-light.png\" alt=\"\" class=\"uag-image-1130\" width=\"300\" height=\"300\" title=\"led-tri-proof-lys\" loading=\"lazy\" role=\"img\"><\/a><\/figure><\/div>\n<\/div>\n\n\n\n<div class=\"wp-block-uagb-container uagb-block-0fdfdd58\">\n<div class=\"wp-block-uagb-image uagb-block-1187d32d wp-block-uagb-image--layout-default wp-block-uagb-image--effect-static wp-block-uagb-image--align-none\"><figure class=\"wp-block-uagb-image__figure\"><a class=\"\" href=\"https:\/\/led.amasly.com\/da\/products\/\" target=\"\" rel=\"noopener\"><img decoding=\"async\" srcset=\"https:\/\/led.amasly.com\/wp-content\/uploads\/2024\/07\/LED-street-light.jpg ,https:\/\/led.amasly.com\/wp-content\/uploads\/2024\/07\/LED-street-light.jpg 780w, https:\/\/led.amasly.com\/wp-content\/uploads\/2024\/07\/LED-street-light.jpg 360w\" sizes=\"auto, (max-width: 480px) 150px\" src=\"https:\/\/led.amasly.com\/wp-content\/uploads\/2024\/07\/LED-street-light.jpg\" alt=\"\" class=\"uag-image-1145\" width=\"300\" height=\"300\" title=\"LED-gadebelysning\" loading=\"lazy\" role=\"img\"><\/a><\/figure><\/div>\n<\/div>\n<\/div><\/div>\n\n\n\n<div class=\"wp-block-uagb-container uagb-block-6a60882c alignfull uagb-is-root-container\"><div class=\"uagb-container-inner-blocks-wrap\">\n<div class=\"wp-block-uagb-container uagb-block-f1e91a35\">\n<h4 class=\"wp-block-heading has-text-align-center\"><a href=\"https:\/\/led.amasly.com\/da\/products\/\">LED-oversv\u00f8mmelseslys<\/a><\/h4>\n<\/div>\n\n\n\n<div class=\"wp-block-uagb-container uagb-block-165bfa58\">\n<h4 class=\"wp-block-heading has-text-align-center\"><a href=\"https:\/\/led.amasly.com\/da\/products\/\">LED Tri-Proof lysr\u00f8r<\/a><\/h4>\n<\/div>\n\n\n\n<div class=\"wp-block-uagb-container uagb-block-f6096e3b\">\n<h4 class=\"wp-block-heading has-text-align-center\"><a href=\"https:\/\/led.amasly.com\/da\/products\/\">LED-gadelys<\/a><\/h4>\n<\/div>\n<\/div><\/div>\n\n\n\n<div class=\"wp-block-uagb-container uagb-block-99c0e0a5 alignfull uagb-is-root-container\"><div class=\"uagb-container-inner-blocks-wrap\"><\/div><\/div>","protected":false},"excerpt":{"rendered":"<p>Smart Lighting Design Solutions for Garment Factories: Innovative Integration of Energy Efficiency and Intelligent Control Garment Factories Intelligent Lighting Solutions Introduction As the garment manufacturing industry increasingly prioritizes energy savings and operational efficiency, smart lighting systems have emerged as a critical upgrade solution. This article presents a tailored smart lighting design framework for garment factories, [&hellip;]<\/p>\n","protected":false},"author":1,"featured_media":0,"parent":1808,"menu_order":0,"comment_status":"closed","ping_status":"closed","template":"","meta":{"_uag_custom_page_level_css":"","site-sidebar-layout":"no-sidebar","site-content-layout":"","ast-site-content-layout":"default","site-content-style":"default","site-sidebar-style":"default","ast-global-header-display":"","ast-banner-title-visibility":"","ast-main-header-display":"","ast-hfb-above-header-display":"","ast-hfb-below-header-display":"","ast-hfb-mobile-header-display":"","site-post-title":"disabled","ast-breadcrumbs-content":"","ast-featured-img":"","footer-sml-layout":"","ast-disable-related-posts":"","theme-transparent-header-meta":"enabled","adv-header-id-meta":"","stick-header-meta":"","header-above-stick-meta":"","header-main-stick-meta":"","header-below-stick-meta":"","astra-migrate-meta-layouts":"set","ast-page-background-enabled":"default","ast-page-background-meta":{"desktop":{"background-color":"var(--ast-global-color-4)","background-image":"","background-repeat":"repeat","background-position":"center center","background-size":"auto","background-attachment":"scroll","background-type":"","background-media":"","overlay-type":"","overlay-color":"","overlay-opacity":"","overlay-gradient":""},"tablet":{"background-color":"","background-image":"","background-repeat":"repeat","background-position":"center center","background-size":"auto","background-attachment":"scroll","background-type":"","background-media":"","overlay-type":"","overlay-color":"","overlay-opacity":"","overlay-gradient":""},"mobile":{"background-color":"","background-image":"","background-repeat":"repeat","background-position":"center center","background-size":"auto","background-attachment":"scroll","background-type":"","background-media":"","overlay-type":"","overlay-color":"","overlay-opacity":"","overlay-gradient":""}},"ast-content-background-meta":{"desktop":{"background-color":"var(--ast-global-color-5)","background-image":"","background-repeat":"repeat","background-position":"center center","background-size":"auto","background-attachment":"scroll","background-type":"","background-media":"","overlay-type":"","overlay-color":"","overlay-opacity":"","overlay-gradient":""},"tablet":{"background-color":"var(--ast-global-color-5)","background-image":"","background-repeat":"repeat","background-position":"center center","background-size":"auto","background-attachment":"scroll","background-type":"","background-media":"","overlay-type":"","overlay-color":"","overlay-opacity":"","overlay-gradient":""},"mobile":{"background-color":"var(--ast-global-color-5)","background-image":"","background-repeat":"repeat","background-position":"center center","background-size":"auto","background-attachment":"scroll","background-type":"","background-media":"","overlay-type":"","overlay-color":"","overlay-opacity":"","overlay-gradient":""}},"footnotes":""},"class_list":["post-3087","page","type-page","status-publish","hentry"],"uagb_featured_image_src":{"full":false,"thumbnail":false,"medium":false,"medium_large":false,"large":false,"1536x1536":false,"2048x2048":false,"trp-custom-language-flag":false},"uagb_author_info":{"display_name":"Joe","author_link":"https:\/\/led.amasly.com\/da\/author\/jacklin\/"},"uagb_comment_info":0,"uagb_excerpt":"Smart Lighting Design Solutions for Garment Factories: Innovative Integration of Energy Efficiency and Intelligent Control Garment Factories Intelligent Lighting Solutions Introduction As the garment manufacturing industry increasingly prioritizes energy savings and operational efficiency, smart lighting systems have emerged as a critical upgrade solution. This article presents a tailored smart lighting design framework for garment factories,&hellip;","_links":{"self":[{"href":"https:\/\/led.amasly.com\/da\/wp-json\/wp\/v2\/pages\/3087","targetHints":{"allow":["GET"]}}],"collection":[{"href":"https:\/\/led.amasly.com\/da\/wp-json\/wp\/v2\/pages"}],"about":[{"href":"https:\/\/led.amasly.com\/da\/wp-json\/wp\/v2\/types\/page"}],"author":[{"embeddable":true,"href":"https:\/\/led.amasly.com\/da\/wp-json\/wp\/v2\/users\/1"}],"replies":[{"embeddable":true,"href":"https:\/\/led.amasly.com\/da\/wp-json\/wp\/v2\/comments?post=3087"}],"version-history":[{"count":2,"href":"https:\/\/led.amasly.com\/da\/wp-json\/wp\/v2\/pages\/3087\/revisions"}],"predecessor-version":[{"id":4564,"href":"https:\/\/led.amasly.com\/da\/wp-json\/wp\/v2\/pages\/3087\/revisions\/4564"}],"up":[{"embeddable":true,"href":"https:\/\/led.amasly.com\/da\/wp-json\/wp\/v2\/pages\/1808"}],"wp:attachment":[{"href":"https:\/\/led.amasly.com\/da\/wp-json\/wp\/v2\/media?parent=3087"}],"curies":[{"name":"wp","href":"https:\/\/api.w.org\/{rel}","templated":true}]}}