{"id":3081,"date":"2025-04-16T22:42:08","date_gmt":"2025-04-16T14:42:08","guid":{"rendered":"https:\/\/led.amasly.com\/?page_id=3081"},"modified":"2025-04-22T20:55:37","modified_gmt":"2025-04-22T12:55:37","slug":"spray-paint-booth-explosion-proof-lights-lighting-specifications-industrial-spray-paint-booth-automotive-spray-paint-booth-with-what-explosion-proof-lights","status":"publish","type":"page","link":"https:\/\/led.amasly.com\/da\/knowledge\/explosion-proof-products-knowledge\/spray-paint-booth-explosion-proof-lights-lighting-specifications-industrial-spray-paint-booth-automotive-spray-paint-booth-with-what-explosion-proof-lights\/","title":{"rendered":"Eksplosionssikkert lys i spr\u00f8jtemalingskabinen lysspecifikationer: industriel spr\u00f8jtemalingskabine, spr\u00f8jtemalingskabine til biler med hvilket eksplosionssikkert lys?"},"content":{"rendered":"<div class=\"wp-block-uagb-container uagb-block-27bae773 alignfull uagb-is-root-container\"><div class=\"uagb-container-inner-blocks-wrap\"><\/div><\/div>\n\n\n\n<h2 class=\"wp-block-heading\"><strong>Kabine til spr\u00f8jtemaling <\/strong><strong>Eksplosionssikker<\/strong><strong>&nbsp;<\/strong><strong>Lys<\/strong><strong>&nbsp;lysspecifikationer: industriel spr\u00f8jtemalingskabine, spr\u00f8jtemalingskabine til biler med hvad <\/strong><strong>Eksplosionssikker<\/strong><strong>&nbsp;<\/strong><strong>Lys<\/strong><strong>?<\/strong><strong><\/strong><\/h2>\n\n\n\n<div class=\"wp-block-uagb-image uagb-block-da1360b5 wp-block-uagb-image--layout-default wp-block-uagb-image--effect-static wp-block-uagb-image--align-none\"><figure class=\"wp-block-uagb-image__figure\"><a class=\"\" href=\"https:\/\/led.amasly.com\/da\/products\/\" target=\"\" rel=\"noopener\"><img decoding=\"async\" srcset=\"https:\/\/led.amasly.com\/wp-content\/uploads\/2025\/01\/LED-explosion-proof-flood-lights.png ,https:\/\/led.amasly.com\/wp-content\/uploads\/2025\/01\/LED-explosion-proof-flood-lights.png 780w, https:\/\/led.amasly.com\/wp-content\/uploads\/2025\/01\/LED-explosion-proof-flood-lights.png 360w\" sizes=\"auto, (max-width: 480px) 150px\" src=\"https:\/\/led.amasly.com\/wp-content\/uploads\/2025\/01\/LED-explosion-proof-flood-lights.png\" alt=\"\" class=\"uag-image-1675\" width=\"1004\" height=\"308\" title=\"LED-eksplosionssikre projekt\u00f8rer\" loading=\"lazy\" role=\"img\"><\/a><\/figure><\/div>\n\n\n\n<h2 class=\"wp-block-heading\"><strong>Standarder for krav til belysning i spr\u00f8jtekabiner<\/strong><strong><\/strong><\/h2>\n\n\n\n<p>Spr\u00f8jtekabinen er et specialiseret sted til spr\u00f8jtning af bilmaling og andre processer, og belysning er en af de vigtige betingelser for at sikre, at spr\u00f8jtearbejdet kan udf\u00f8res problemfrit. I det f\u00f8lgende introduceres standardkravene til belysning af spr\u00f8jtekabiner for at sikre et sikkert og effektivt arbejdsmilj\u00f8.<\/p>\n\n\n\n<h3 class=\"wp-block-heading\"><strong>F\u00f8rst og fremmest skal spr\u00f8jtekabinens lysintensitet v\u00e6re i overensstemmelse med de relevante nationale standarder. <\/strong><strong><\/strong><\/h3>\n\n\n\n<p>Generelt skal lysintensiteten i spr\u00f8jtekabinen v\u00e6re mellem 500 ~ 1000 lux for at sikre, at personalet kan se arbejdsomr\u00e5det tydeligt og undg\u00e5 arbejdsfejl eller ulykker for\u00e5rsaget af utilstr\u00e6kkeligt lys.<\/p>\n\n\n\n<p><strong>For det andet skal belysningsudstyret i spr\u00f8jtelakeringsrummet have visse <\/strong><strong>Eksplosionssikker<\/strong><strong>&nbsp;pr\u00e6station. <\/strong><strong><\/strong><\/p>\n\n\n\n<p>P\u00e5 grund af tilstedev\u00e6relsen af brandfarlige og eksplosive malingsmaterialer i spr\u00f8jtekabinen skal belysningsudstyret v\u00e6re eksplosionssikre lamper og lanterner for at forhindre brand eller eksplosion for\u00e5rsaget af selve belysningsudstyret.<\/p>\n\n\n\n<h3 class=\"wp-block-heading\"><strong>Samtidig er beskyttelsesniveauet<\/strong><strong><\/strong><\/h3>\n\n\n\n<p>Beskyttelsesniveauet for belysningsudstyret skal ogs\u00e5 opfylde kravene til arbejdsmilj\u00f8et i spr\u00f8jtekabinen for at forhindre st\u00f8v, \u00e6tsende gasser og andre skader p\u00e5 lamperne.<\/p>\n\n\n\n<h3 class=\"wp-block-heading\"><strong>Igen skal belysningsudstyret til spr\u00f8jtelakeringsrummet have en vis grad af korrosionsbestandighed. <\/strong><strong><\/strong><\/h3>\n\n\n\n<p>Malingspr\u00f8jtekabinens kemikalier og opl\u00f8sningsmidler vil for\u00e5rsage en vis korrosion af belysningsudstyret, derfor b\u00f8r belysningsudstyret v\u00e6lges med god korrosionsbestandighed af materialefremstillingen og behovet for regelm\u00e6ssig inspektion og vedligeholdelse for at sikre dets normale drift og levetid.<\/p>\n\n\n\n<h3 class=\"wp-block-heading\"><strong>Derudover skal belysningsudstyret i malingsspr\u00f8jtekabinen have en vis st\u00f8vt\u00e6t ydeevne. <\/strong><strong><\/strong><\/h3>\n\n\n\n<p>Malingspr\u00f8jtningsprocessen vil producere et stort antal fine partikler, hvis belysningsudstyret kommer ind i interi\u00f8ret, vil det ikke kun p\u00e5virke lyseffekten, men kan ogs\u00e5 for\u00e5rsage udstyrssvigt. Derfor b\u00f8r belysningsudstyret have effektive st\u00f8vt\u00e6tte foranstaltninger, s\u00e5som forseglingsdesign, filtre osv. for at reducere virkningen af eksterne partikler p\u00e5 udstyret.<\/p>\n\n\n\n<p>For at opsummere er der visse standarder for krav til belysning i spr\u00f8jtemalingsrum. Lysintensitet, eksplosionssikker ydeevne, korrosionsbestandighed og st\u00f8vt\u00e6t ydeevne er vigtige faktorer, der skal overvejes i designet af spr\u00f8jtekabinebelysning.<\/p>\n\n\n\n<p>Kun ved at opfylde disse krav kan vi garantere sikkerhed og effektivitet i spr\u00f8jtearbejdet.<\/p>\n\n\n\n<p>Derfor er du n\u00f8dt til at arbejde i n\u00f8je overensstemmelse med de relevante standarder for at sikre gode betingelser for arbejdsmilj\u00f8et og operat\u00f8rernes sikkerhed i forbindelse med design af belysning og valg af udstyr til spr\u00f8jtekabinen.<\/p>\n\n\n\n<h2 class=\"wp-block-heading\"><strong>Hvad? <\/strong><strong>Eksplosionssikker<\/strong><strong>&nbsp;<\/strong><strong>Lys<\/strong><strong>&nbsp;bruges i spr\u00f8jtelakeringsrummet til biler?<\/strong><strong><\/strong><\/h2>\n\n\n\n<p>I de senere \u00e5r er elbilindustrien meget varm, f.eks: <a href=\"http:\/\/www.mi.com\" rel=\"nofollow noopener\" target=\"_blank\">xiaomi Elektrisk k\u00f8ret\u00f8j.<\/a><\/p>\n\n\n\n<p>En kunde sendte en besked og spurgte: \"Hvilken type eksplosionssikkert lys bruges i malingsspr\u00f8jterummet, der er specialiseret i biler?\"<\/p>\n\n\n\n<p>&nbsp;&nbsp;&nbsp;&nbsp;Spraymalingsrummet er ca. 10 meter langt, ca. 4 meter h\u00f8jt, det h\u00f8jeste er kun 5 meter, 30 kvadratmeter pr. rum.<\/p>\n\n\n\n<p>Sp\u00f8rg mig, hvor mange watt eksplosionssikkert lys der er installeret, hvor mange? Dette er en gammel kunde, ofte p\u00e5 vores fabrik f\u00f8r k\u00f8bet af eksplosionssikker belysning til<\/p>\n\n\n\n<p>F\u00f8r de eksplosionssikre projekt\u00f8rer, eksplosionssikker belysning disse is\u00e6r, er de hovedsageligt til nogle raffinaderier, kedel r\u00f8ggasafsvovlingsprojekt, affaldskraftv\u00e6rker, disse steder for at give eksplosionssikker belysning, troede jeg ikke, at nu engageret i spraymalingrummet ogs\u00e5 fandt dem.<\/p>\n\n\n\n<p>Jeg talte med ham i henhold til kravene, matchede ham med 60W eksplosionssikre projekt\u00f8rer, fordi dette lys er mere i overensstemmelse med kravene til eksplosionssikker gas i malekabinen, men ogs\u00e5 mere i overensstemmelse med kravene til lysstyrken, kunden vil gerne installere hvert v\u00e6relse 2, kun 3 meter for at installere et lys.<\/p>\n\n\n\n<h2 class=\"wp-block-heading\"><strong>Industriel malekabine ved brug af <\/strong><strong>Eksplosionssikker<\/strong><strong>&nbsp;<\/strong><strong>Lys<\/strong><strong>&nbsp;og lanterner har generelt hvilke krav?<\/strong><strong><\/strong><\/h2>\n\n\n\n<p>&nbsp;&nbsp;&nbsp;&nbsp;1, industrielle malingsspr\u00f8jtekabiner og almindelige kemiske fabriksv\u00e6rksteder er ikke de samme, kravene til lysstyrke er meget h\u00f8je, fordi der er st\u00f8vede milj\u00f8er.<\/p>\n\n\n\n<p>Der har v\u00e6ret en Henan Jiaozuo-kunde, der har bedt om, at belysningen i spr\u00f8jtekabinen skal n\u00e5 op p\u00e5 750LX og kunne klare testen.<\/p>\n\n\n\n<p>Test.<\/p>\n\n\n\n<p>&nbsp;&nbsp;&nbsp;&nbsp;2, kravene skal v\u00e6re eksplosionssikre lys og lanterner og kan n\u00e5 IIC-niveauet, EX-eksplosionssikre certifikater og inspektionsrapporter, ellers<\/p>\n\n\n\n<p>Hvad tager du for at bevise, at dine lys eksplosionssikre det, rigtigt, vores lys og lanterner er ogs\u00e5 lavet st\u00f8veksplosionssikre, er i overensstemmelse med kravene i<\/p>\n\n\n\n<p>&nbsp;&nbsp;&nbsp;&nbsp;3, nogle lysdesignere vil tage hensyn til medarbejdernes situation p\u00e5 arbejdspladsen, f.eks. vil lyset ikke v\u00e6re for skarpt, dette<\/p>\n\n\n\n<p>Denne gang skal lys og lanterner af h\u00e6rdet glas have antirefleksglas, s\u00e5 folk, der ser p\u00e5 lyset, ikke f\u00f8ler sig meget utilpas og vil f\u00f8le sig meget mere afslappede, n\u00e5r de arbejder.<\/p>\n\n\n\n<p>Arbejdet vil ogs\u00e5 f\u00f8les meget lettere.<\/p>\n\n\n\n<p>&nbsp;&nbsp;&nbsp;&nbsp;4, kravet om ikke at have nogen farveforskel, og sollysets b\u00f8lgel\u00e6ngde er ens, s\u00e5 de spr\u00f8jtede produkter ikke \u00e6ndrer farve, er en masse ledelse<\/p>\n\n\n\n<p>Kr\u00e6ver, at malere f\u00f8rst justerer farven udend\u00f8rs og derefter tager den til spr\u00f8jtning, generel spr\u00f8jtemalingsrumsbelysning bruges eksplosionssikker belysning.<\/p>\n\n\n\n<p>Belysningsarmaturer er generelt eksplosionssikre belysningsarmaturer. Disse giver et positivt hvidt lys, fordi deres farvetemperatur generelt er omkring 6000k.<\/p>\n\n\n\n<h2 class=\"wp-block-heading\"><strong>Belysningsarmaturer til m\u00f8belspr\u00f8jtekabiner:<\/strong><strong><\/strong><\/h2>\n\n\n\n<p>De typer eksplosionssikkert lys, der typisk bruges i m\u00f8belspr\u00f8jtekabiner, omfatter LED-eksplosionssikkert lys og infrar\u00f8dt bagelys.<\/p>\n\n\n\n<h3 class=\"wp-block-heading\"><strong>LED <\/strong><strong>Eksplosionssikker<\/strong><strong>&nbsp;<\/strong><strong>Lys<\/strong><strong><\/strong><\/h3>\n\n\n\n<p>LED-eksplosionssikkert lys bruges i vid udstr\u00e6kning i m\u00f8belmalekabiner p\u00e5 grund af deres h\u00f8je effektivitet, energibesparelser og lange levetid. <\/p>\n\n\n\n<p>For eksempel er 100W LED-eksplosionssikre lamper produceret af Amasly lavet af trykst\u00f8bt aluminiumslegering af h\u00f8j kvalitet med en h\u00f8jtemperaturbestandig overflade, som er velegnet til milj\u00f8er med h\u00f8j temperatur som f.eks. malingsspr\u00f8jtekabiner. <\/p>\n\n\n\n<p>Med IIC-klasse eksplosionssikker struktur og IP66-beskyttelsesniveau er lamperne velegnede til brug p\u00e5 steder med risiko for gas- eller st\u00f8veksplosioner.<\/p>\n\n\n\n<h3 class=\"wp-block-heading\"><strong>Infrar\u00f8d bagning <\/strong><strong>Lys<\/strong><strong><\/strong><\/h3>\n\n\n\n<p>Infrar\u00f8de bagelamper bruges hovedsageligt til t\u00f8rring og bagning af maling. Kulfiberinfrar\u00f8de, elektrisk opvarmede dobbeltr\u00f8rslys og halogenlys er almindelige valg. Disse lys giver effektiv varme, der hj\u00e6lper malingen med at t\u00f8rre hurtigt og \u00f8ger effektiviteten.<\/p>\n\n\n\n<h2 class=\"wp-block-heading\"><strong>Amasly-eksplosionen<\/strong><strong>&nbsp;<\/strong><strong>Muligheder for bevisbelysning<\/strong><strong><\/strong><\/h2>\n\n\n\n<p>Amasly leverer runde eksplosionssikre lamper \uff08Eksplosionssikre high bay-lys\uff09, firkantede eksplosionssikre lamper \uff08Eksplosionssikre oversv\u00f8mmelseslys\uff09 og lange eksplosionssikre lamper \uff08Eksplosionssikre line\u00e6re lys\uff09 til malingsspr\u00f8jtekabiner, der eksporteres til mange lande i Asien og Europa med garanteret kvalitet.<\/p>\n\n\n\n<div class=\"wp-block-uagb-container uagb-block-c7d898dd alignfull uagb-is-root-container\"><div class=\"uagb-container-inner-blocks-wrap\"><\/div><\/div>\n\n\n\n<h2 class=\"wp-block-heading\">Relaterede produkter<\/h2>\n\n\n\n<div class=\"wp-block-uagb-container uagb-block-66e4defc alignfull uagb-is-root-container\"><div class=\"uagb-container-inner-blocks-wrap\">\n<div class=\"wp-block-uagb-container uagb-block-a42945f9\">\n<div class=\"wp-block-uagb-image uagb-block-7296296b wp-block-uagb-image--layout-default wp-block-uagb-image--effect-static wp-block-uagb-image--align-none\"><figure class=\"wp-block-uagb-image__figure\"><a class=\"\" href=\"https:\/\/led.amasly.com\/da\/products\/\" target=\"\" rel=\"noopener\"><img decoding=\"async\" srcset=\"https:\/\/led.amasly.com\/wp-content\/uploads\/2024\/09\/Explosion-proof-high-bay-lights.png ,https:\/\/led.amasly.com\/wp-content\/uploads\/2024\/09\/Explosion-proof-high-bay-lights.png 780w, https:\/\/led.amasly.com\/wp-content\/uploads\/2024\/09\/Explosion-proof-high-bay-lights.png 360w\" sizes=\"auto, (max-width: 480px) 150px\" src=\"https:\/\/led.amasly.com\/wp-content\/uploads\/2024\/09\/Explosion-proof-high-bay-lights.png\" alt=\"\" class=\"uag-image-1495\" width=\"300\" height=\"300\" title=\"Eksplosionssikre high bay-lys\" loading=\"lazy\" role=\"img\"><\/a><\/figure><\/div>\n<\/div>\n\n\n\n<div class=\"wp-block-uagb-container uagb-block-4d3efde5\">\n<div class=\"wp-block-uagb-image uagb-block-c9e90797 wp-block-uagb-image--layout-default wp-block-uagb-image--effect-static wp-block-uagb-image--align-none\"><figure class=\"wp-block-uagb-image__figure\"><a class=\"\" href=\"https:\/\/led.amasly.com\/da\/products\/\" target=\"\" rel=\"noopener\"><img decoding=\"async\" srcset=\"https:\/\/led.amasly.com\/wp-content\/uploads\/2024\/07\/LED-tri-proof-lights2.png ,https:\/\/led.amasly.com\/wp-content\/uploads\/2024\/07\/LED-tri-proof-lights2.png 780w, https:\/\/led.amasly.com\/wp-content\/uploads\/2024\/07\/LED-tri-proof-lights2.png 360w\" sizes=\"auto, (max-width: 480px) 150px\" src=\"https:\/\/led.amasly.com\/wp-content\/uploads\/2024\/07\/LED-tri-proof-lights2.png\" alt=\"\" class=\"uag-image-1132\" width=\"300\" height=\"300\" title=\"LED-tri-proof-lys2\" loading=\"lazy\" role=\"img\"><\/a><\/figure><\/div>\n<\/div>\n\n\n\n<div class=\"wp-block-uagb-container uagb-block-11c2578b\">\n<div class=\"wp-block-uagb-image uagb-block-6e8883aa wp-block-uagb-image--layout-default wp-block-uagb-image--effect-static wp-block-uagb-image--align-none\"><figure class=\"wp-block-uagb-image__figure\"><a class=\"\" href=\"https:\/\/led.amasly.com\/da\/products\/\" target=\"\" rel=\"noopener\"><img decoding=\"async\" srcset=\"https:\/\/led.amasly.com\/wp-content\/uploads\/2024\/09\/LED-Explosion-Proof-Gas-Station-Light.png ,https:\/\/led.amasly.com\/wp-content\/uploads\/2024\/09\/LED-Explosion-Proof-Gas-Station-Light.png 780w, https:\/\/led.amasly.com\/wp-content\/uploads\/2024\/09\/LED-Explosion-Proof-Gas-Station-Light.png 360w\" sizes=\"auto, (max-width: 480px) 150px\" src=\"https:\/\/led.amasly.com\/wp-content\/uploads\/2024\/09\/LED-Explosion-Proof-Gas-Station-Light.png\" alt=\"\" class=\"uag-image-1501\" width=\"300\" height=\"300\" title=\"LED-eksplosionssikkert tankstationslys\" loading=\"lazy\" role=\"img\"><\/a><\/figure><\/div>\n<\/div>\n<\/div><\/div>\n\n\n\n<div class=\"wp-block-uagb-container uagb-block-548945b5 alignfull uagb-is-root-container\"><div class=\"uagb-container-inner-blocks-wrap\">\n<div class=\"wp-block-uagb-container uagb-block-967755d5\">\n<h4 class=\"wp-block-heading has-text-align-center\"><a href=\"https:\/\/led.amasly.com\/da\/products\/\">LED-eksplosionssikre lamper<\/a><\/h4>\n<\/div>\n\n\n\n<div class=\"wp-block-uagb-container uagb-block-9bc52fc2\">\n<h4 class=\"wp-block-heading has-text-align-center\"><a href=\"https:\/\/led.amasly.com\/da\/products\/\">LED Tri-Proof-lys<\/a><\/h4>\n<\/div>\n\n\n\n<div class=\"wp-block-uagb-container uagb-block-8ffa0a23\">\n<h4 class=\"wp-block-heading has-text-align-center\"><a href=\"https:\/\/led.amasly.com\/da\/products\/\">Eksplosionssikre lamper til tankstationer<\/a><\/h4>\n<\/div>\n<\/div><\/div>\n\n\n\n<div class=\"wp-block-uagb-container uagb-block-29499fe0 alignfull uagb-is-root-container\"><div class=\"uagb-container-inner-blocks-wrap\">\n<div class=\"wp-block-uagb-container uagb-block-777ee1c7\">\n<div class=\"wp-block-uagb-image uagb-block-2e9a1851 wp-block-uagb-image--layout-default wp-block-uagb-image--effect-static wp-block-uagb-image--align-none\"><figure class=\"wp-block-uagb-image__figure\"><a class=\"\" href=\"https:\/\/led.amasly.com\/da\/products\/\" target=\"\" rel=\"noopener\"><img decoding=\"async\" srcset=\"https:\/\/led.amasly.com\/wp-content\/uploads\/2024\/10\/50W-100W-150W-200W-300W-LED-Flood-Light.jpg ,https:\/\/led.amasly.com\/wp-content\/uploads\/2024\/10\/50W-100W-150W-200W-300W-LED-Flood-Light.jpg 780w, https:\/\/led.amasly.com\/wp-content\/uploads\/2024\/10\/50W-100W-150W-200W-300W-LED-Flood-Light.jpg 360w\" sizes=\"auto, (max-width: 480px) 150px\" src=\"https:\/\/led.amasly.com\/wp-content\/uploads\/2024\/10\/50W-100W-150W-200W-300W-LED-Flood-Light.jpg\" alt=\"\" class=\"uag-image-1526\" width=\"300\" height=\"300\" title=\"50W 100W 150W 200W 300W LED-oversv\u00f8mmelseslys\" loading=\"lazy\" role=\"img\"><\/a><\/figure><\/div>\n<\/div>\n\n\n\n<div class=\"wp-block-uagb-container uagb-block-af8c8683\">\n<div class=\"wp-block-uagb-image uagb-block-67947854 wp-block-uagb-image--layout-default wp-block-uagb-image--effect-static wp-block-uagb-image--align-none\"><figure class=\"wp-block-uagb-image__figure\"><a class=\"\" href=\"https:\/\/led.amasly.com\/da\/products\/\" target=\"\" rel=\"noopener\"><img decoding=\"async\" srcset=\"https:\/\/led.amasly.com\/wp-content\/uploads\/2024\/07\/led-tri-proof-light.png ,https:\/\/led.amasly.com\/wp-content\/uploads\/2024\/07\/led-tri-proof-light.png 780w, https:\/\/led.amasly.com\/wp-content\/uploads\/2024\/07\/led-tri-proof-light.png 360w\" sizes=\"auto, (max-width: 480px) 150px\" src=\"https:\/\/led.amasly.com\/wp-content\/uploads\/2024\/07\/led-tri-proof-light.png\" alt=\"\" class=\"uag-image-1130\" width=\"300\" height=\"300\" title=\"led-tri-proof-lys\" loading=\"lazy\" role=\"img\"><\/a><\/figure><\/div>\n<\/div>\n\n\n\n<div class=\"wp-block-uagb-container uagb-block-0fdfdd58\">\n<div class=\"wp-block-uagb-image uagb-block-1187d32d wp-block-uagb-image--layout-default wp-block-uagb-image--effect-static wp-block-uagb-image--align-none\"><figure class=\"wp-block-uagb-image__figure\"><a class=\"\" href=\"https:\/\/led.amasly.com\/da\/products\/\" target=\"\" rel=\"noopener\"><img decoding=\"async\" srcset=\"https:\/\/led.amasly.com\/wp-content\/uploads\/2024\/07\/LED-street-light.jpg ,https:\/\/led.amasly.com\/wp-content\/uploads\/2024\/07\/LED-street-light.jpg 780w, https:\/\/led.amasly.com\/wp-content\/uploads\/2024\/07\/LED-street-light.jpg 360w\" sizes=\"auto, (max-width: 480px) 150px\" src=\"https:\/\/led.amasly.com\/wp-content\/uploads\/2024\/07\/LED-street-light.jpg\" alt=\"\" class=\"uag-image-1145\" width=\"300\" height=\"300\" title=\"LED-gadebelysning\" loading=\"lazy\" role=\"img\"><\/a><\/figure><\/div>\n<\/div>\n<\/div><\/div>\n\n\n\n<div class=\"wp-block-uagb-container uagb-block-6a60882c alignfull uagb-is-root-container\"><div class=\"uagb-container-inner-blocks-wrap\">\n<div class=\"wp-block-uagb-container uagb-block-f1e91a35\">\n<h4 class=\"wp-block-heading has-text-align-center\"><a href=\"https:\/\/led.amasly.com\/da\/products\/\">LED-oversv\u00f8mmelseslys<\/a><\/h4>\n<\/div>\n\n\n\n<div class=\"wp-block-uagb-container uagb-block-165bfa58\">\n<h4 class=\"wp-block-heading has-text-align-center\"><a href=\"https:\/\/led.amasly.com\/da\/products\/\">LED Tri-Proof lysr\u00f8r<\/a><\/h4>\n<\/div>\n\n\n\n<div class=\"wp-block-uagb-container uagb-block-f6096e3b\">\n<h4 class=\"wp-block-heading has-text-align-center\"><a href=\"https:\/\/led.amasly.com\/da\/products\/\">LED-gadelys<\/a><\/h4>\n<\/div>\n<\/div><\/div>\n\n\n\n<div class=\"wp-block-uagb-container uagb-block-99c0e0a5 alignfull uagb-is-root-container\"><div class=\"uagb-container-inner-blocks-wrap\"><\/div><\/div>\n\n\n\n<p><\/p>","protected":false},"excerpt":{"rendered":"<p>Spray paint booth explosion proof&nbsp;lights&nbsp;lighting specifications: industrial spray paint booth, automotive spray paint booth with what explosion proof&nbsp;lights? Paint spray booth lighting requirements standards Paint spray booth is a specialized place for automotive paint spraying and other processes, and lighting is one of the important conditions to ensure that the paint spraying work can be [&hellip;]<\/p>\n","protected":false},"author":1,"featured_media":0,"parent":2374,"menu_order":0,"comment_status":"closed","ping_status":"closed","template":"","meta":{"_uag_custom_page_level_css":"","site-sidebar-layout":"no-sidebar","site-content-layout":"","ast-site-content-layout":"default","site-content-style":"default","site-sidebar-style":"default","ast-global-header-display":"","ast-banner-title-visibility":"","ast-main-header-display":"","ast-hfb-above-header-display":"","ast-hfb-below-header-display":"","ast-hfb-mobile-header-display":"","site-post-title":"disabled","ast-breadcrumbs-content":"","ast-featured-img":"","footer-sml-layout":"","ast-disable-related-posts":"","theme-transparent-header-meta":"enabled","adv-header-id-meta":"","stick-header-meta":"","header-above-stick-meta":"","header-main-stick-meta":"","header-below-stick-meta":"","astra-migrate-meta-layouts":"set","ast-page-background-enabled":"default","ast-page-background-meta":{"desktop":{"background-color":"var(--ast-global-color-4)","background-image":"","background-repeat":"repeat","background-position":"center center","background-size":"auto","background-attachment":"scroll","background-type":"","background-media":"","overlay-type":"","overlay-color":"","overlay-opacity":"","overlay-gradient":""},"tablet":{"background-color":"","background-image":"","background-repeat":"repeat","background-position":"center center","background-size":"auto","background-attachment":"scroll","background-type":"","background-media":"","overlay-type":"","overlay-color":"","overlay-opacity":"","overlay-gradient":""},"mobile":{"background-color":"","background-image":"","background-repeat":"repeat","background-position":"center center","background-size":"auto","background-attachment":"scroll","background-type":"","background-media":"","overlay-type":"","overlay-color":"","overlay-opacity":"","overlay-gradient":""}},"ast-content-background-meta":{"desktop":{"background-color":"var(--ast-global-color-5)","background-image":"","background-repeat":"repeat","background-position":"center center","background-size":"auto","background-attachment":"scroll","background-type":"","background-media":"","overlay-type":"","overlay-color":"","overlay-opacity":"","overlay-gradient":""},"tablet":{"background-color":"var(--ast-global-color-5)","background-image":"","background-repeat":"repeat","background-position":"center center","background-size":"auto","background-attachment":"scroll","background-type":"","background-media":"","overlay-type":"","overlay-color":"","overlay-opacity":"","overlay-gradient":""},"mobile":{"background-color":"var(--ast-global-color-5)","background-image":"","background-repeat":"repeat","background-position":"center center","background-size":"auto","background-attachment":"scroll","background-type":"","background-media":"","overlay-type":"","overlay-color":"","overlay-opacity":"","overlay-gradient":""}},"footnotes":""},"class_list":["post-3081","page","type-page","status-publish","hentry"],"uagb_featured_image_src":{"full":false,"thumbnail":false,"medium":false,"medium_large":false,"large":false,"1536x1536":false,"2048x2048":false,"trp-custom-language-flag":false},"uagb_author_info":{"display_name":"Joe","author_link":"https:\/\/led.amasly.com\/da\/author\/jacklin\/"},"uagb_comment_info":0,"uagb_excerpt":"Spray paint booth explosion proof&nbsp;lights&nbsp;lighting specifications: industrial spray paint booth, automotive spray paint booth with what explosion proof&nbsp;lights? Paint spray booth lighting requirements standards Paint spray booth is a specialized place for automotive paint spraying and other processes, and lighting is one of the important conditions to ensure that the paint spraying work can be&hellip;","_links":{"self":[{"href":"https:\/\/led.amasly.com\/da\/wp-json\/wp\/v2\/pages\/3081","targetHints":{"allow":["GET"]}}],"collection":[{"href":"https:\/\/led.amasly.com\/da\/wp-json\/wp\/v2\/pages"}],"about":[{"href":"https:\/\/led.amasly.com\/da\/wp-json\/wp\/v2\/types\/page"}],"author":[{"embeddable":true,"href":"https:\/\/led.amasly.com\/da\/wp-json\/wp\/v2\/users\/1"}],"replies":[{"embeddable":true,"href":"https:\/\/led.amasly.com\/da\/wp-json\/wp\/v2\/comments?post=3081"}],"version-history":[{"count":3,"href":"https:\/\/led.amasly.com\/da\/wp-json\/wp\/v2\/pages\/3081\/revisions"}],"predecessor-version":[{"id":3166,"href":"https:\/\/led.amasly.com\/da\/wp-json\/wp\/v2\/pages\/3081\/revisions\/3166"}],"up":[{"embeddable":true,"href":"https:\/\/led.amasly.com\/da\/wp-json\/wp\/v2\/pages\/2374"}],"wp:attachment":[{"href":"https:\/\/led.amasly.com\/da\/wp-json\/wp\/v2\/media?parent=3081"}],"curies":[{"name":"wp","href":"https:\/\/api.w.org\/{rel}","templated":true}]}}