{"id":3029,"date":"2025-04-10T21:31:06","date_gmt":"2025-04-10T13:31:06","guid":{"rendered":"https:\/\/led.amasly.com\/?page_id=3029"},"modified":"2025-04-10T21:31:32","modified_gmt":"2025-04-10T13:31:32","slug":"how-to-open-an-explosion-proof-light-fixturekey-steps-and-operating-techniques","status":"publish","type":"page","link":"https:\/\/led.amasly.com\/da\/knowledge\/explosion-proof-products-knowledge\/how-to-open-an-explosion-proof-light-fixturekey-steps-and-operating-techniques\/","title":{"rendered":"S\u00e5dan \u00e5bner du et eksplosionssikkert lysarmatur: vigtige trin og betjeningsteknikker"},"content":{"rendered":"<div class=\"wp-block-uagb-container uagb-block-27bae773 alignfull uagb-is-root-container\"><div class=\"uagb-container-inner-blocks-wrap\"><\/div><\/div>\n\n\n\n<h2 class=\"wp-block-heading has-text-align-center\"><strong>Hvordan \u00e5bner man et eksplosionssikkert lysarmatur? <\/strong><\/h2>\n\n\n\n<div class=\"wp-block-uagb-image uagb-block-da1360b5 wp-block-uagb-image--layout-default wp-block-uagb-image--effect-static wp-block-uagb-image--align-none\"><figure class=\"wp-block-uagb-image__figure\"><a class=\"\" href=\"https:\/\/led.amasly.com\/da\/products\/explosion-proof-lights\/\" target=\"\" rel=\"noopener\"><img decoding=\"async\" srcset=\"https:\/\/led.amasly.com\/wp-content\/uploads\/2025\/01\/LED-explosion-proof-flood-lights.png ,https:\/\/led.amasly.com\/wp-content\/uploads\/2025\/01\/LED-explosion-proof-flood-lights.png 780w, https:\/\/led.amasly.com\/wp-content\/uploads\/2025\/01\/LED-explosion-proof-flood-lights.png 360w\" sizes=\"auto, (max-width: 480px) 150px\" src=\"https:\/\/led.amasly.com\/wp-content\/uploads\/2025\/01\/LED-explosion-proof-flood-lights.png\" alt=\"\" class=\"uag-image-1675\" width=\"1004\" height=\"308\" title=\"LED-eksplosionssikre projekt\u00f8rer\" loading=\"lazy\" role=\"img\"><\/a><\/figure><\/div>\n\n\n\n<p>Introduktion: Eksplosionssikre lamper som en petrokemisk, minedrift og andre farlige milj\u00f8er, kernen i belysningsudstyret, den korrekte m\u00e5de at t\u00e6nde udstyret p\u00e5 p\u00e5virker direkte livet og driftssikkerheden. Denne artikel indeholder professionelle driftsprocedurer og forholdsregler, der hj\u00e6lper dig med at undg\u00e5 risici og forbedre effektiviteten.<\/p>\n\n\n\n<h2 class=\"wp-block-heading\"><strong>For det f\u00f8rste er den eksplosionssikker\u00a0<strong>lysarmatur<\/strong> f\u00f8r du t\u00e6nder for sikkerhedsforberedelserne<\/strong><\/h2>\n\n\n\n<h3 class=\"wp-block-heading\"><strong>Milj\u00f8vurdering og risikoscreening<\/strong><strong><\/strong><\/h3>\n\n\n\n<p>F\u00f8r drift skal du bekr\u00e6fte, at det omgivende milj\u00f8 er uden l\u00e6kage af brandfarlige og eksplosive gasser (f.eks. metan, st\u00f8v), og kontrollere, om den eksplosionssikre lampeskal er intakt uden revner. Hvis du arbejder p\u00e5 v\u00e5de eller \u00e6tsende steder, er det n\u00f8dvendigt yderligere at kontrollere, om lampernes og lanternernes IP-beskyttelsesniveau lever op til standarden.<\/p>\n\n\n\n<h3 class=\"wp-block-heading\"><strong>Bekr\u00e6ftelse af slukning og udstyrsstatus<\/strong><strong><\/strong><\/h3>\n\n\n\n<p>Sluk for str\u00f8mmen, og vent i 5 minutter for at sikre, at armaturet er helt afk\u00f8let. Brug en sp\u00e6ndingstester til at kontrollere, at der ikke er nogen reststr\u00f8m i ledningerne for at undg\u00e5 gnister, der kan for\u00e5rsage sikkerhedsrisici.<\/p>\n\n\n\n<h3 class=\"wp-block-heading\"><strong>Klarg\u00f8ring af v\u00e6rkt\u00f8j og beskyttelsesudstyr<\/strong><strong><\/strong><\/h3>\n\n\n\n<p>Brug antistatiske handsker og beskyttelsesbriller, og forbered eksplosionssikre, certificerede skruetr\u00e6kkere (f.eks. af kobberlegering) for at undg\u00e5 gnister for\u00e5rsaget af friktion fra almindeligt v\u00e6rkt\u00f8j.<\/p>\n\n\n\n<h2 class=\"wp-block-heading\"><strong>For det andet en trinvis analyse af den korrekte metode til at \u00e5bne eksplosionssikringen.\u00a0<strong>lysarmatur<\/strong><\/strong><\/h2>\n\n\n\n<h3 class=\"wp-block-heading\"><strong>Trin 1: l\u00e5s op for <\/strong><strong>Eksplosionssikker<\/strong><strong>&nbsp;let forseglingsstruktur<\/strong><strong><\/strong><\/h3>\n\n\n\n<p>De fleste eksplosionssikre lamper bruger gevind- eller snapforseglingsdesign. N\u00e5r du drejer lamped\u00e6kslet mod uret, skal du anvende en ensartet kraft for at undg\u00e5, at gevindet sidder fast. Hvis du st\u00f8der p\u00e5 modstand, skal du bruge rustbeskyttende sm\u00f8remiddel til at hj\u00e6lpe, men du m\u00e5 ikke lirke med magt.<\/p>\n\n\n\n<h3 class=\"wp-block-heading\"><strong>Trin 2: Tjek integriteten af de interne komponenter<\/strong><strong><\/strong><\/h3>\n\n\n\n<p>Efter \u00e5bning skal du hurtigt kontrollere lampekugler, ballaster og ledningsporte for oxidering eller l\u00f8shed. Hvis det viser sig, at t\u00e6tningerne er \u00e6ldede eller \u00f8delagte, skal de originale dele (f.eks. silikonepakninger) straks udskiftes for at sikre eksplosionssikker ydeevne.<\/p>\n\n\n\n<h3 class=\"wp-block-heading\"><strong>Trin 3: Sikker opstart og funktionstest<\/strong><strong><\/strong><\/h3>\n\n\n\n<p>N\u00e5r du har genoprettet str\u00f8mforsyningen, skal du observere, om lampestarten er forsinket eller flimrer. Brug et infrar\u00f8dt termometer til at registrere overfladetemperaturen for at sikre, at den ikke overstiger T6-niveauet (\u226485\u2103), der er angivet p\u00e5 udstyret.<\/p>\n\n\n\n<h2 class=\"wp-block-heading\"><strong>For det tredje, betjening af kontraindikationer og almindelige problemer, der skal h\u00e5ndteres<\/strong><strong><\/strong><\/h2>\n\n\n\n<h3 class=\"wp-block-heading\"><strong>Forbudt adf\u00e6rd:<\/strong><strong><\/strong><\/h3>\n\n\n\n<p>Tving d\u00e6kslet op uden at slukke for str\u00f8mmen;<\/p>\n\n\n\n<p>Brug ikke-eksplosionssikkert v\u00e6rkt\u00f8j til at \u00e6ndre strukturen p\u00e5 lamper og lanterner;<\/p>\n\n\n\n<p>Negligering af den omgivende temperatur og luftfugtighed (f.eks. -20 \u00b0C under behovet for forvarmning).<\/p>\n\n\n\n<h3 class=\"wp-block-heading\"><strong>Fejl i n\u00f8dprogram:<\/strong><strong><\/strong><\/h3>\n\n\n\n<p>Lamper og lanterner kan ikke starte: Prioriter at kontrollere, om ledningen er kompatibel med sp\u00e6ndingen (f.eks. 220V\/380V), for at udelukke driverfejl;<\/p>\n\n\n\n<p>Unormal varme: Afbryd straks str\u00f8mmen, og kontakt producenten for at teste k\u00f8lemodulet.<\/p>\n\n\n\n<h2 class=\"wp-block-heading\"><strong>For det fjerde for at forl\u00e6nge levetiden for eksplosionssikre\u00a0<strong>lysarmatur<\/strong> anbefalinger til vedligeholdelse<\/strong><\/h2>\n\n\n\n<h3 class=\"wp-block-heading\"><strong>Regelm\u00e6ssig vedligeholdelsescyklus:<\/strong><strong><\/strong><\/h3>\n\n\n\n<p>Hver 3. m\u00e5ned for at rense lampernes og lanternernes overfladeolie (brug neutralt reng\u00f8ringsmiddel), hver 6. m\u00e5ned for at registrere t\u00e6tningsevnen (luftt\u00e6thedstester).<\/p>\n\n\n\n<h3 class=\"wp-block-heading\"><strong>Standard for udskiftning af dele:<\/strong><strong><\/strong><\/h3>\n\n\n\n<p>Det anbefales at udskifte t\u00e6tningerne hvert andet \u00e5r, og LED-lyskildens levetid skal opdateres inden udl\u00f8bet af hele partiet for at undg\u00e5 inkonsekvent farvetemperatur.<\/p>\n\n\n\n<h2 class=\"wp-block-heading\"><strong>Konklusion: professionel drift for at forbedre effektiviteten af <\/strong><strong>Eksplosionssikker<\/strong><strong>&nbsp;Lys<\/strong><strong><\/strong><\/h2>\n\n\n\n<p class=\"has-text-align-left\">Beherskelse af den standardiserede \u00e5bningsproces og vedligeholdelsesmetoder kan minimere risikoen for arbejdsulykker. For skr\u00e6ddersyede eksplosionssikre belysningsl\u00f8sninger eller teknisk tr\u00e6ning, kontakt venligst AMASLYs team af ingeni\u00f8rer til ATEX\/<a href=\"http:\/\/www.iecex-certs.com\/\" rel=\"nofollow noopener\" target=\"_blank\">IECEx <\/a>st\u00f8tte til udstyr, der overholder reglerne.<\/p>\n\n\n\n<div class=\"wp-block-uagb-container uagb-block-c7d898dd alignfull uagb-is-root-container\"><div class=\"uagb-container-inner-blocks-wrap\"><\/div><\/div>\n\n\n\n<h2 class=\"wp-block-heading\">Relaterede produkter<\/h2>\n\n\n\n<div class=\"wp-block-uagb-container uagb-block-66e4defc alignfull uagb-is-root-container\"><div class=\"uagb-container-inner-blocks-wrap\">\n<div class=\"wp-block-uagb-container uagb-block-a42945f9\">\n<div class=\"wp-block-uagb-image uagb-block-7296296b wp-block-uagb-image--layout-default wp-block-uagb-image--effect-static wp-block-uagb-image--align-none\"><figure class=\"wp-block-uagb-image__figure\"><a class=\"\" href=\"https:\/\/led.amasly.com\/da\/products\/\" target=\"\" rel=\"noopener\"><img decoding=\"async\" srcset=\"https:\/\/led.amasly.com\/wp-content\/uploads\/2024\/09\/Explosion-proof-high-bay-lights.png ,https:\/\/led.amasly.com\/wp-content\/uploads\/2024\/09\/Explosion-proof-high-bay-lights.png 780w, https:\/\/led.amasly.com\/wp-content\/uploads\/2024\/09\/Explosion-proof-high-bay-lights.png 360w\" sizes=\"auto, (max-width: 480px) 150px\" src=\"https:\/\/led.amasly.com\/wp-content\/uploads\/2024\/09\/Explosion-proof-high-bay-lights.png\" alt=\"\" class=\"uag-image-1495\" width=\"300\" height=\"300\" title=\"Eksplosionssikre high bay-lys\" loading=\"lazy\" role=\"img\"><\/a><\/figure><\/div>\n<\/div>\n\n\n\n<div class=\"wp-block-uagb-container uagb-block-4d3efde5\">\n<div class=\"wp-block-uagb-image uagb-block-c9e90797 wp-block-uagb-image--layout-default wp-block-uagb-image--effect-static wp-block-uagb-image--align-none\"><figure class=\"wp-block-uagb-image__figure\"><a class=\"\" href=\"https:\/\/led.amasly.com\/da\/products\/\" target=\"\" rel=\"noopener\"><img decoding=\"async\" srcset=\"https:\/\/led.amasly.com\/wp-content\/uploads\/2024\/07\/LED-tri-proof-lights2.png ,https:\/\/led.amasly.com\/wp-content\/uploads\/2024\/07\/LED-tri-proof-lights2.png 780w, https:\/\/led.amasly.com\/wp-content\/uploads\/2024\/07\/LED-tri-proof-lights2.png 360w\" sizes=\"auto, (max-width: 480px) 150px\" src=\"https:\/\/led.amasly.com\/wp-content\/uploads\/2024\/07\/LED-tri-proof-lights2.png\" alt=\"\" class=\"uag-image-1132\" width=\"300\" height=\"300\" title=\"LED-tri-proof-lys2\" loading=\"lazy\" role=\"img\"><\/a><\/figure><\/div>\n<\/div>\n\n\n\n<div class=\"wp-block-uagb-container uagb-block-11c2578b\">\n<div class=\"wp-block-uagb-image uagb-block-6e8883aa wp-block-uagb-image--layout-default wp-block-uagb-image--effect-static wp-block-uagb-image--align-none\"><figure class=\"wp-block-uagb-image__figure\"><a class=\"\" href=\"https:\/\/led.amasly.com\/da\/products\/\" target=\"\" rel=\"noopener\"><img decoding=\"async\" srcset=\"https:\/\/led.amasly.com\/wp-content\/uploads\/2024\/09\/LED-Explosion-Proof-Gas-Station-Light.png ,https:\/\/led.amasly.com\/wp-content\/uploads\/2024\/09\/LED-Explosion-Proof-Gas-Station-Light.png 780w, https:\/\/led.amasly.com\/wp-content\/uploads\/2024\/09\/LED-Explosion-Proof-Gas-Station-Light.png 360w\" sizes=\"auto, (max-width: 480px) 150px\" src=\"https:\/\/led.amasly.com\/wp-content\/uploads\/2024\/09\/LED-Explosion-Proof-Gas-Station-Light.png\" alt=\"\" class=\"uag-image-1501\" width=\"300\" height=\"300\" title=\"LED-eksplosionssikkert tankstationslys\" loading=\"lazy\" role=\"img\"><\/a><\/figure><\/div>\n<\/div>\n<\/div><\/div>\n\n\n\n<div class=\"wp-block-uagb-container uagb-block-548945b5 alignfull uagb-is-root-container\"><div class=\"uagb-container-inner-blocks-wrap\">\n<div class=\"wp-block-uagb-container uagb-block-967755d5\">\n<h4 class=\"wp-block-heading has-text-align-center\"><a href=\"https:\/\/led.amasly.com\/da\/products\/\">LED-eksplosionssikre lamper<\/a><\/h4>\n<\/div>\n\n\n\n<div class=\"wp-block-uagb-container uagb-block-9bc52fc2\">\n<h4 class=\"wp-block-heading has-text-align-center\"><a href=\"https:\/\/led.amasly.com\/da\/products\/\">LED Tri-Proof-lys<\/a><\/h4>\n<\/div>\n\n\n\n<div class=\"wp-block-uagb-container uagb-block-8ffa0a23\">\n<h4 class=\"wp-block-heading has-text-align-center\"><a href=\"https:\/\/led.amasly.com\/da\/products\/\">Eksplosionssikre lamper til tankstationer<\/a><\/h4>\n<\/div>\n<\/div><\/div>\n\n\n\n<div class=\"wp-block-uagb-container uagb-block-29499fe0 alignfull uagb-is-root-container\"><div class=\"uagb-container-inner-blocks-wrap\">\n<div class=\"wp-block-uagb-container uagb-block-777ee1c7\">\n<div class=\"wp-block-uagb-image uagb-block-2e9a1851 wp-block-uagb-image--layout-default wp-block-uagb-image--effect-static wp-block-uagb-image--align-none\"><figure class=\"wp-block-uagb-image__figure\"><a class=\"\" href=\"https:\/\/led.amasly.com\/da\/products\/\" target=\"\" rel=\"noopener\"><img decoding=\"async\" srcset=\"https:\/\/led.amasly.com\/wp-content\/uploads\/2024\/10\/50W-100W-150W-200W-300W-LED-Flood-Light.jpg ,https:\/\/led.amasly.com\/wp-content\/uploads\/2024\/10\/50W-100W-150W-200W-300W-LED-Flood-Light.jpg 780w, https:\/\/led.amasly.com\/wp-content\/uploads\/2024\/10\/50W-100W-150W-200W-300W-LED-Flood-Light.jpg 360w\" sizes=\"auto, (max-width: 480px) 150px\" src=\"https:\/\/led.amasly.com\/wp-content\/uploads\/2024\/10\/50W-100W-150W-200W-300W-LED-Flood-Light.jpg\" alt=\"\" class=\"uag-image-1526\" width=\"300\" height=\"300\" title=\"50W 100W 150W 200W 300W LED-oversv\u00f8mmelseslys\" loading=\"lazy\" role=\"img\"><\/a><\/figure><\/div>\n<\/div>\n\n\n\n<div class=\"wp-block-uagb-container uagb-block-af8c8683\">\n<div class=\"wp-block-uagb-image uagb-block-67947854 wp-block-uagb-image--layout-default wp-block-uagb-image--effect-static wp-block-uagb-image--align-none\"><figure class=\"wp-block-uagb-image__figure\"><a class=\"\" href=\"https:\/\/led.amasly.com\/da\/products\/\" target=\"\" rel=\"noopener\"><img decoding=\"async\" srcset=\"https:\/\/led.amasly.com\/wp-content\/uploads\/2024\/07\/led-tri-proof-light.png ,https:\/\/led.amasly.com\/wp-content\/uploads\/2024\/07\/led-tri-proof-light.png 780w, https:\/\/led.amasly.com\/wp-content\/uploads\/2024\/07\/led-tri-proof-light.png 360w\" sizes=\"auto, (max-width: 480px) 150px\" src=\"https:\/\/led.amasly.com\/wp-content\/uploads\/2024\/07\/led-tri-proof-light.png\" alt=\"\" class=\"uag-image-1130\" width=\"300\" height=\"300\" title=\"led-tri-proof-lys\" loading=\"lazy\" role=\"img\"><\/a><\/figure><\/div>\n<\/div>\n\n\n\n<div class=\"wp-block-uagb-container uagb-block-0fdfdd58\">\n<div class=\"wp-block-uagb-image uagb-block-1187d32d wp-block-uagb-image--layout-default wp-block-uagb-image--effect-static wp-block-uagb-image--align-none\"><figure class=\"wp-block-uagb-image__figure\"><a class=\"\" href=\"https:\/\/led.amasly.com\/da\/products\/\" target=\"\" rel=\"noopener\"><img decoding=\"async\" srcset=\"https:\/\/led.amasly.com\/wp-content\/uploads\/2024\/07\/LED-street-light.jpg ,https:\/\/led.amasly.com\/wp-content\/uploads\/2024\/07\/LED-street-light.jpg 780w, https:\/\/led.amasly.com\/wp-content\/uploads\/2024\/07\/LED-street-light.jpg 360w\" sizes=\"auto, (max-width: 480px) 150px\" src=\"https:\/\/led.amasly.com\/wp-content\/uploads\/2024\/07\/LED-street-light.jpg\" alt=\"\" class=\"uag-image-1145\" width=\"300\" height=\"300\" title=\"LED-gadebelysning\" loading=\"lazy\" role=\"img\"><\/a><\/figure><\/div>\n<\/div>\n<\/div><\/div>\n\n\n\n<div class=\"wp-block-uagb-container uagb-block-6a60882c alignfull uagb-is-root-container\"><div class=\"uagb-container-inner-blocks-wrap\">\n<div class=\"wp-block-uagb-container uagb-block-f1e91a35\">\n<h4 class=\"wp-block-heading has-text-align-center\"><a href=\"https:\/\/led.amasly.com\/da\/products\/\">LED-oversv\u00f8mmelseslys<\/a><\/h4>\n<\/div>\n\n\n\n<div class=\"wp-block-uagb-container uagb-block-165bfa58\">\n<h4 class=\"wp-block-heading has-text-align-center\"><a href=\"https:\/\/led.amasly.com\/da\/products\/\">LED Tri-Proof lysr\u00f8r<\/a><\/h4>\n<\/div>\n\n\n\n<div class=\"wp-block-uagb-container uagb-block-f6096e3b\">\n<h4 class=\"wp-block-heading has-text-align-center\"><a href=\"https:\/\/led.amasly.com\/da\/products\/\">LED-gadelys<\/a><\/h4>\n<\/div>\n<\/div><\/div>\n\n\n\n<div class=\"wp-block-uagb-container uagb-block-99c0e0a5 alignfull uagb-is-root-container\"><div class=\"uagb-container-inner-blocks-wrap\"><\/div><\/div>\n\n\n\n<p><\/p>","protected":false},"excerpt":{"rendered":"<p>How to open an explosion proof light fixture? Introduction: explosion proof&nbsp;lamps as a petrochemical, mining and other hazardous environments, the core of the lighting equipment, the correct way to turn on the equipment directly affects the life and operational safety. This article provides professional operating procedures and precautions to help you avoid risk and improve [&hellip;]<\/p>\n","protected":false},"author":1,"featured_media":0,"parent":2374,"menu_order":0,"comment_status":"closed","ping_status":"closed","template":"","meta":{"_uag_custom_page_level_css":"","site-sidebar-layout":"no-sidebar","site-content-layout":"","ast-site-content-layout":"default","site-content-style":"default","site-sidebar-style":"default","ast-global-header-display":"","ast-banner-title-visibility":"","ast-main-header-display":"","ast-hfb-above-header-display":"","ast-hfb-below-header-display":"","ast-hfb-mobile-header-display":"","site-post-title":"disabled","ast-breadcrumbs-content":"","ast-featured-img":"","footer-sml-layout":"","ast-disable-related-posts":"","theme-transparent-header-meta":"enabled","adv-header-id-meta":"","stick-header-meta":"","header-above-stick-meta":"","header-main-stick-meta":"","header-below-stick-meta":"","astra-migrate-meta-layouts":"set","ast-page-background-enabled":"default","ast-page-background-meta":{"desktop":{"background-color":"var(--ast-global-color-4)","background-image":"","background-repeat":"repeat","background-position":"center center","background-size":"auto","background-attachment":"scroll","background-type":"","background-media":"","overlay-type":"","overlay-color":"","overlay-opacity":"","overlay-gradient":""},"tablet":{"background-color":"","background-image":"","background-repeat":"repeat","background-position":"center center","background-size":"auto","background-attachment":"scroll","background-type":"","background-media":"","overlay-type":"","overlay-color":"","overlay-opacity":"","overlay-gradient":""},"mobile":{"background-color":"","background-image":"","background-repeat":"repeat","background-position":"center center","background-size":"auto","background-attachment":"scroll","background-type":"","background-media":"","overlay-type":"","overlay-color":"","overlay-opacity":"","overlay-gradient":""}},"ast-content-background-meta":{"desktop":{"background-color":"var(--ast-global-color-5)","background-image":"","background-repeat":"repeat","background-position":"center center","background-size":"auto","background-attachment":"scroll","background-type":"","background-media":"","overlay-type":"","overlay-color":"","overlay-opacity":"","overlay-gradient":""},"tablet":{"background-color":"var(--ast-global-color-5)","background-image":"","background-repeat":"repeat","background-position":"center center","background-size":"auto","background-attachment":"scroll","background-type":"","background-media":"","overlay-type":"","overlay-color":"","overlay-opacity":"","overlay-gradient":""},"mobile":{"background-color":"var(--ast-global-color-5)","background-image":"","background-repeat":"repeat","background-position":"center center","background-size":"auto","background-attachment":"scroll","background-type":"","background-media":"","overlay-type":"","overlay-color":"","overlay-opacity":"","overlay-gradient":""}},"footnotes":""},"class_list":["post-3029","page","type-page","status-publish","hentry"],"uagb_featured_image_src":{"full":false,"thumbnail":false,"medium":false,"medium_large":false,"large":false,"1536x1536":false,"2048x2048":false,"trp-custom-language-flag":false},"uagb_author_info":{"display_name":"Joe","author_link":"https:\/\/led.amasly.com\/da\/author\/jacklin\/"},"uagb_comment_info":0,"uagb_excerpt":"How to open an explosion proof light fixture? Introduction: explosion proof&nbsp;lamps as a petrochemical, mining and other hazardous environments, the core of the lighting equipment, the correct way to turn on the equipment directly affects the life and operational safety. This article provides professional operating procedures and precautions to help you avoid risk and improve&hellip;","_links":{"self":[{"href":"https:\/\/led.amasly.com\/da\/wp-json\/wp\/v2\/pages\/3029","targetHints":{"allow":["GET"]}}],"collection":[{"href":"https:\/\/led.amasly.com\/da\/wp-json\/wp\/v2\/pages"}],"about":[{"href":"https:\/\/led.amasly.com\/da\/wp-json\/wp\/v2\/types\/page"}],"author":[{"embeddable":true,"href":"https:\/\/led.amasly.com\/da\/wp-json\/wp\/v2\/users\/1"}],"replies":[{"embeddable":true,"href":"https:\/\/led.amasly.com\/da\/wp-json\/wp\/v2\/comments?post=3029"}],"version-history":[{"count":2,"href":"https:\/\/led.amasly.com\/da\/wp-json\/wp\/v2\/pages\/3029\/revisions"}],"predecessor-version":[{"id":3031,"href":"https:\/\/led.amasly.com\/da\/wp-json\/wp\/v2\/pages\/3029\/revisions\/3031"}],"up":[{"embeddable":true,"href":"https:\/\/led.amasly.com\/da\/wp-json\/wp\/v2\/pages\/2374"}],"wp:attachment":[{"href":"https:\/\/led.amasly.com\/da\/wp-json\/wp\/v2\/media?parent=3029"}],"curies":[{"name":"wp","href":"https:\/\/api.w.org\/{rel}","templated":true}]}}