{"id":3013,"date":"2025-04-09T21:24:55","date_gmt":"2025-04-09T13:24:55","guid":{"rendered":"https:\/\/led.amasly.com\/?page_id=3013"},"modified":"2025-04-09T21:24:59","modified_gmt":"2025-04-09T13:24:59","slug":"what-is-an-explosion-proof-flashlight","status":"publish","type":"page","link":"https:\/\/led.amasly.com\/da\/knowledge\/explosion-proof-products-knowledge\/what-is-an-explosion-proof-flashlight\/","title":{"rendered":"Hvad er en eksplosionssikker lommelygte?"},"content":{"rendered":"<div class=\"wp-block-uagb-container uagb-block-27bae773 alignfull uagb-is-root-container\"><div class=\"uagb-container-inner-blocks-wrap\"><\/div><\/div>\n\n\n\n<h2 class=\"wp-block-heading has-text-align-center\"><strong>Hvad er en eksplosionssikker lommelygte?<\/strong><strong><\/strong><\/h2>\n\n\n\n<div class=\"wp-block-uagb-image uagb-block-da1360b5 wp-block-uagb-image--layout-default wp-block-uagb-image--effect-static wp-block-uagb-image--align-none\"><figure class=\"wp-block-uagb-image__figure\"><a class=\"\" href=\"https:\/\/led.amasly.com\/da\/products\/\" target=\"\" rel=\"noopener\"><img decoding=\"async\" srcset=\"https:\/\/led.amasly.com\/wp-content\/uploads\/2025\/03\/explosion-proof-flashlights-explosion-proof-mobile-work-lights.jpg ,https:\/\/led.amasly.com\/wp-content\/uploads\/2025\/03\/explosion-proof-flashlights-explosion-proof-mobile-work-lights.jpg 780w, https:\/\/led.amasly.com\/wp-content\/uploads\/2025\/03\/explosion-proof-flashlights-explosion-proof-mobile-work-lights.jpg 360w\" sizes=\"auto, (max-width: 480px) 150px\" src=\"https:\/\/led.amasly.com\/wp-content\/uploads\/2025\/03\/explosion-proof-flashlights-explosion-proof-mobile-work-lights.jpg\" alt=\"\" class=\"uag-image-2770\" width=\"1004\" height=\"308\" title=\"eksplosionssikre lommelygter eksplosionssikre mobile arbejdslamper\" loading=\"lazy\" role=\"img\"><\/a><\/figure><\/div>\n\n\n\n<p>Eksplosionssikker lommelygte er en slags belysningsv\u00e6rkt\u00f8j designet til brandfarlige og eksplosive steder, der hovedsageligt bruges til brandbek\u00e6mpelse, elkraft, industri- og minevirksomheder og andre brandfarlige og eksplosive steder for at give mobil belysning. Det bruges til brandbek\u00e6mpelse, elkraft, industri- og minevirksomheder og andre brandfarlige og eksplosive steder til at levere mobilt belysningsudstyr.<\/p>\n\n\n\n<h2 class=\"wp-block-heading\"><strong>Eksplosionssikker<\/strong><strong>&nbsp;Klassificering af lommelygter:<\/strong><strong><\/strong><\/h2>\n\n\n\n<p>Eksplosionssikre lommelygter er hovedsageligt opdelt i eksplosionssikre og egensikre to eksplosionssikre former, hvoraf den egensikre eksplosionssikre lommelygte tegner sig for mere end 90% p\u00e5 markedet.<\/p>\n\n\n\n<p>Eksplosionssikker lommelygte gennem skallen af det forseglede design og tykkere skalmateriale for at sikre fuldst\u00e6ndig isolering fra det ydre milj\u00f8, kontakten er normalt en magnetisk kontakt eller drejekontakt for at im\u00f8dekomme behovene i den eksplosionssikre struktur i \u00e9t stykke.<\/p>\n\n\n\n<p>Egensikker eksplosionssikker lommelygte er hovedsageligt gennem linje- og batteridesign for at opn\u00e5 sikkerhedsniveauet, og skallen spiller hovedsageligt en grundl\u00e6ggende beskyttende rolle.<\/p>\n\n\n\n<p>Derudover har den egensikre eksplosionssikre lommelygte ogs\u00e5 anti-reversal tilslutning, overopladningsbeskyttelse, overafladningsbeskyttelse, kortslutningsbeskyttelse og dobbelt batterikortslutningsbeskyttelse og andre elektriske funktioner, hvilket g\u00f8r produktet b\u00e5de sikkert og funktionsrigt.<\/p>\n\n\n\n<h2 class=\"wp-block-heading\"><strong>Forskellen mellem <\/strong><strong>Eksplosionssikker<\/strong><strong>&nbsp;lommelygte og almindelig lommelygte afspejles hovedsageligt i f\u00f8lgende aspekter:<\/strong><strong><\/strong><\/h2>\n\n\n\n<h3 class=\"wp-block-heading\"><strong>1. Sikkerhedspr\u00e6station<\/strong><strong><\/strong><\/h3>\n\n\n\n<p>Eksplosionssikkert lommelygtedesign fokuserer p\u00e5 sikkerheden ved brug i brandfarlige og eksplosive milj\u00f8er, dets interne struktur og materialevalg for at forhindre gnister, buer eller overflader med h\u00f8j temperatur for at undg\u00e5 eksplosioner for\u00e5rsaget af eksplosive gasser, dampe eller st\u00f8v i milj\u00f8et.<\/p>\n\n\n\n<p>Almindelige lommelygter har normalt ikke disse eksplosionssikre funktioner.<\/p>\n\n\n\n<h3 class=\"wp-block-heading\"><strong>2. Materiale og struktur<\/strong><strong><\/strong><\/h3>\n\n\n\n<p>Eksplosionssikre lommelygter er normalt lavet af eksplosionssikre, brandsikre, korrosionsbestandige, h\u00f8j- og lavtemperaturbestandige speciallegeringsmaterialer for at forbedre deres vejrbestandighed og holdbarhed i barske milj\u00f8er.<\/p>\n\n\n\n<p>Almindelige lommelygter er lavet af forskellige materialer og har ikke eksplosionssikre egenskaber.<\/p>\n\n\n\n<h3 class=\"wp-block-heading\"><strong>3. Batteri og kredsl\u00f8b<\/strong><strong><\/strong><\/h3>\n\n\n\n<p>De batterier og kredsl\u00f8b, der bruges i eksplosionssikre lommelygter, er specielt designet og behandlet til at forhindre farlige situationer som kortslutning, forbr\u00e6nding eller eksplosion under ekstreme forhold. Samtidig er de ogs\u00e5 udstyret med overstr\u00f8ms-, oversp\u00e6ndings- og overtemperaturbeskyttelse for at sikre, at batteriet og kredsl\u00f8bet fungerer sikkert.<\/p>\n\n\n\n<p>Batterierne og kredsl\u00f8bene i almindelige lommelygter er relativt enkle og har ikke disse s\u00e6rlige sikkerhedsdesigns.<\/p>\n\n\n\n<h3 class=\"wp-block-heading\"><strong>4. Vandt\u00e6t og st\u00f8vt\u00e6t<\/strong><strong><\/strong><\/h3>\n\n\n\n<p>Eksplosionssikre lommelygter har tendens til at have h\u00f8jere vandt\u00e6tte og st\u00f8vt\u00e6tte klassificeringer og kan bruges i mere kr\u00e6vende milj\u00f8er, s\u00e5som IP67- eller IP68-klassificeringer, og kan v\u00e6re under vand eller i st\u00f8vede milj\u00f8er for at opretholde normal drift.<\/p>\n\n\n\n<p>Almindelige lommelygter har ikke klare krav, og de fleste har ikke krav om vand- og st\u00f8vt\u00e6thed.<\/p>\n\n\n\n<h3 class=\"wp-block-heading\"><strong>5. Certificeringsstandarder<\/strong><strong><\/strong><\/h3>\n\n\n\n<p>Eksplosionssikre lommelygter skal best\u00e5 en specifik eksplosionssikker certificering, f.eks. Kinas Ex-certificering eller den internationale ATEX, <a href=\"http:\/\/www.iecex-certs.com\/\" rel=\"nofollow noopener\" target=\"_blank\">IECEx-certificering<\/a>, osv. for at sikre, at de er sikre at bruge i det angivne farlige milj\u00f8.<\/p>\n\n\n\n<p>Almindelige lommelygter kr\u00e6ver ikke disse s\u00e6rlige certificeringer.<\/p>\n\n\n\n<h3 class=\"wp-block-heading\"><strong>6. Milj\u00f8 for brug<\/strong><strong><\/strong><\/h3>\n\n\n\n<p>Eksplosionssikre lommelygter bruges hovedsageligt i brandfarlige og eksplosive milj\u00f8er, s\u00e5som petrokemiske anl\u00e6g, oliedepoter, kulminer og andre steder. I disse milj\u00f8er kan brugen af almindelige lommelygter for\u00e5rsage sikkerhedsulykker, mens eksplosionssikre lommelygter effektivt kan reducere denne risiko.<\/p>\n\n\n\n<p>Almindelige lommelygter er derimod velegnede til almindelige bolig- og arbejdsmilj\u00f8er, s\u00e5som hjem, kontorer, udend\u00f8rs aktiviteter og s\u00e5 videre.<\/p>\n\n\n\n<p>For at opsummere er eksplosionssikre lommelygter designet til s\u00e6rlige og h\u00f8jrisikable milj\u00f8er med st\u00e6rkere sikkerheds- og beskyttelsesfunktioner, mens almindelige lommelygter fokuserer mere p\u00e5 generel belysning og praktisk transport og andre funktioner.<\/p>\n\n\n\n<p>N\u00e5r du v\u00e6lger en lommelygte, skal du v\u00e6lge den rigtige type i henhold til det specifikke brugsmilj\u00f8 og behov for at sikre sikkerhed og ydeevne.<\/p>\n\n\n\n<p>Den eksplosionssikre lommelygte fra Amasly er ikke kun vandt\u00e6t og slagfast, men har ogs\u00e5 en skal af en legering med h\u00f8j h\u00e5rdhed og et faldsikkert design. Det g\u00f8r den i stand til at fungere stabilt selv under barske milj\u00f8forhold.<\/p>\n\n\n\n<p class=\"has-text-align-left\">Dens kernekomponent LED-lyskilde, ikke kun energibesparende, lang levetid, men har ogs\u00e5 fremragende lysstyrke. P\u00e5 t\u00f8nden eller typeskiltet p\u00e5 den eksplosionssikre lommelygte vil du se det i\u00f8jnefaldende eksplosionssikre m\u00e6rke, som f.eks. <a href=\"http:\/\/www.iecex-certs.com\/\" rel=\"nofollow noopener\" target=\"_blank\">ExdIIBT4 Gb<\/a>, som repr\u00e6senterer produktets eksplosionssikre ydeevne. Hvis det bruges i n\u00e6rheden af brint, acetylen, carbondisulfid og andre specielle milj\u00f8er, skal du v\u00e6lge et h\u00f8jere niveau af eksplosionssikker m\u00e6rkning, s\u00e5som ExdIICT6, for at sikre sikkerheden.<\/p>\n\n\n\n<div class=\"wp-block-uagb-container uagb-block-c7d898dd alignfull uagb-is-root-container\"><div class=\"uagb-container-inner-blocks-wrap\"><\/div><\/div>\n\n\n\n<h2 class=\"wp-block-heading\">Relaterede produkter<\/h2>\n\n\n\n<div class=\"wp-block-uagb-container uagb-block-66e4defc alignfull uagb-is-root-container\"><div class=\"uagb-container-inner-blocks-wrap\">\n<div class=\"wp-block-uagb-container uagb-block-a42945f9\">\n<div class=\"wp-block-uagb-image uagb-block-7296296b wp-block-uagb-image--layout-default wp-block-uagb-image--effect-static wp-block-uagb-image--align-none\"><figure class=\"wp-block-uagb-image__figure\"><a class=\"\" href=\"https:\/\/led.amasly.com\/da\/products\/\" target=\"\" rel=\"noopener\"><img decoding=\"async\" srcset=\"https:\/\/led.amasly.com\/wp-content\/uploads\/2024\/09\/Explosion-proof-high-bay-lights.png ,https:\/\/led.amasly.com\/wp-content\/uploads\/2024\/09\/Explosion-proof-high-bay-lights.png 780w, https:\/\/led.amasly.com\/wp-content\/uploads\/2024\/09\/Explosion-proof-high-bay-lights.png 360w\" sizes=\"auto, (max-width: 480px) 150px\" src=\"https:\/\/led.amasly.com\/wp-content\/uploads\/2024\/09\/Explosion-proof-high-bay-lights.png\" alt=\"\" class=\"uag-image-1495\" width=\"300\" height=\"300\" title=\"Eksplosionssikre high bay-lys\" loading=\"lazy\" role=\"img\"><\/a><\/figure><\/div>\n<\/div>\n\n\n\n<div class=\"wp-block-uagb-container uagb-block-4d3efde5\">\n<div class=\"wp-block-uagb-image uagb-block-c9e90797 wp-block-uagb-image--layout-default wp-block-uagb-image--effect-static wp-block-uagb-image--align-none\"><figure class=\"wp-block-uagb-image__figure\"><a class=\"\" href=\"https:\/\/led.amasly.com\/da\/products\/\" target=\"\" rel=\"noopener\"><img decoding=\"async\" srcset=\"https:\/\/led.amasly.com\/wp-content\/uploads\/2024\/07\/LED-tri-proof-lights2.png ,https:\/\/led.amasly.com\/wp-content\/uploads\/2024\/07\/LED-tri-proof-lights2.png 780w, https:\/\/led.amasly.com\/wp-content\/uploads\/2024\/07\/LED-tri-proof-lights2.png 360w\" sizes=\"auto, (max-width: 480px) 150px\" src=\"https:\/\/led.amasly.com\/wp-content\/uploads\/2024\/07\/LED-tri-proof-lights2.png\" alt=\"\" class=\"uag-image-1132\" width=\"300\" height=\"300\" title=\"LED-tri-proof-lys2\" loading=\"lazy\" role=\"img\"><\/a><\/figure><\/div>\n<\/div>\n\n\n\n<div class=\"wp-block-uagb-container uagb-block-11c2578b\">\n<div class=\"wp-block-uagb-image uagb-block-6e8883aa wp-block-uagb-image--layout-default wp-block-uagb-image--effect-static wp-block-uagb-image--align-none\"><figure class=\"wp-block-uagb-image__figure\"><a class=\"\" href=\"https:\/\/led.amasly.com\/da\/products\/\" target=\"\" rel=\"noopener\"><img decoding=\"async\" srcset=\"https:\/\/led.amasly.com\/wp-content\/uploads\/2024\/09\/LED-Explosion-Proof-Gas-Station-Light.png ,https:\/\/led.amasly.com\/wp-content\/uploads\/2024\/09\/LED-Explosion-Proof-Gas-Station-Light.png 780w, https:\/\/led.amasly.com\/wp-content\/uploads\/2024\/09\/LED-Explosion-Proof-Gas-Station-Light.png 360w\" sizes=\"auto, (max-width: 480px) 150px\" src=\"https:\/\/led.amasly.com\/wp-content\/uploads\/2024\/09\/LED-Explosion-Proof-Gas-Station-Light.png\" alt=\"\" class=\"uag-image-1501\" width=\"300\" height=\"300\" title=\"LED-eksplosionssikkert tankstationslys\" loading=\"lazy\" role=\"img\"><\/a><\/figure><\/div>\n<\/div>\n<\/div><\/div>\n\n\n\n<div class=\"wp-block-uagb-container uagb-block-548945b5 alignfull uagb-is-root-container\"><div class=\"uagb-container-inner-blocks-wrap\">\n<div class=\"wp-block-uagb-container uagb-block-967755d5\">\n<h4 class=\"wp-block-heading has-text-align-center\"><a href=\"https:\/\/led.amasly.com\/da\/products\/\">LED-eksplosionssikre lamper<\/a><\/h4>\n<\/div>\n\n\n\n<div class=\"wp-block-uagb-container uagb-block-9bc52fc2\">\n<h4 class=\"wp-block-heading has-text-align-center\"><a href=\"https:\/\/led.amasly.com\/da\/products\/\">LED Tri-Proof-lys<\/a><\/h4>\n<\/div>\n\n\n\n<div class=\"wp-block-uagb-container uagb-block-8ffa0a23\">\n<h4 class=\"wp-block-heading has-text-align-center\"><a href=\"https:\/\/led.amasly.com\/da\/products\/\">Eksplosionssikre lamper til tankstationer<\/a><\/h4>\n<\/div>\n<\/div><\/div>\n\n\n\n<div class=\"wp-block-uagb-container uagb-block-29499fe0 alignfull uagb-is-root-container\"><div class=\"uagb-container-inner-blocks-wrap\">\n<div class=\"wp-block-uagb-container uagb-block-777ee1c7\">\n<div class=\"wp-block-uagb-image uagb-block-2e9a1851 wp-block-uagb-image--layout-default wp-block-uagb-image--effect-static wp-block-uagb-image--align-none\"><figure class=\"wp-block-uagb-image__figure\"><a class=\"\" href=\"https:\/\/led.amasly.com\/da\/products\/\" target=\"\" rel=\"noopener\"><img decoding=\"async\" srcset=\"https:\/\/led.amasly.com\/wp-content\/uploads\/2024\/10\/50W-100W-150W-200W-300W-LED-Flood-Light.jpg ,https:\/\/led.amasly.com\/wp-content\/uploads\/2024\/10\/50W-100W-150W-200W-300W-LED-Flood-Light.jpg 780w, https:\/\/led.amasly.com\/wp-content\/uploads\/2024\/10\/50W-100W-150W-200W-300W-LED-Flood-Light.jpg 360w\" sizes=\"auto, (max-width: 480px) 150px\" src=\"https:\/\/led.amasly.com\/wp-content\/uploads\/2024\/10\/50W-100W-150W-200W-300W-LED-Flood-Light.jpg\" alt=\"\" class=\"uag-image-1526\" width=\"300\" height=\"300\" title=\"50W 100W 150W 200W 300W LED-oversv\u00f8mmelseslys\" loading=\"lazy\" role=\"img\"><\/a><\/figure><\/div>\n<\/div>\n\n\n\n<div class=\"wp-block-uagb-container uagb-block-af8c8683\">\n<div class=\"wp-block-uagb-image uagb-block-67947854 wp-block-uagb-image--layout-default wp-block-uagb-image--effect-static wp-block-uagb-image--align-none\"><figure class=\"wp-block-uagb-image__figure\"><a class=\"\" href=\"https:\/\/led.amasly.com\/da\/products\/\" target=\"\" rel=\"noopener\"><img decoding=\"async\" srcset=\"https:\/\/led.amasly.com\/wp-content\/uploads\/2024\/07\/led-tri-proof-light.png ,https:\/\/led.amasly.com\/wp-content\/uploads\/2024\/07\/led-tri-proof-light.png 780w, https:\/\/led.amasly.com\/wp-content\/uploads\/2024\/07\/led-tri-proof-light.png 360w\" sizes=\"auto, (max-width: 480px) 150px\" src=\"https:\/\/led.amasly.com\/wp-content\/uploads\/2024\/07\/led-tri-proof-light.png\" alt=\"\" class=\"uag-image-1130\" width=\"300\" height=\"300\" title=\"led-tri-proof-lys\" loading=\"lazy\" role=\"img\"><\/a><\/figure><\/div>\n<\/div>\n\n\n\n<div class=\"wp-block-uagb-container uagb-block-0fdfdd58\">\n<div class=\"wp-block-uagb-image uagb-block-1187d32d wp-block-uagb-image--layout-default wp-block-uagb-image--effect-static wp-block-uagb-image--align-none\"><figure class=\"wp-block-uagb-image__figure\"><a class=\"\" href=\"https:\/\/led.amasly.com\/da\/products\/\" target=\"\" rel=\"noopener\"><img decoding=\"async\" srcset=\"https:\/\/led.amasly.com\/wp-content\/uploads\/2024\/07\/LED-street-light.jpg ,https:\/\/led.amasly.com\/wp-content\/uploads\/2024\/07\/LED-street-light.jpg 780w, https:\/\/led.amasly.com\/wp-content\/uploads\/2024\/07\/LED-street-light.jpg 360w\" sizes=\"auto, (max-width: 480px) 150px\" src=\"https:\/\/led.amasly.com\/wp-content\/uploads\/2024\/07\/LED-street-light.jpg\" alt=\"\" class=\"uag-image-1145\" width=\"300\" height=\"300\" title=\"LED-gadebelysning\" loading=\"lazy\" role=\"img\"><\/a><\/figure><\/div>\n<\/div>\n<\/div><\/div>\n\n\n\n<div class=\"wp-block-uagb-container uagb-block-6a60882c alignfull uagb-is-root-container\"><div class=\"uagb-container-inner-blocks-wrap\">\n<div class=\"wp-block-uagb-container uagb-block-f1e91a35\">\n<h4 class=\"wp-block-heading has-text-align-center\"><a href=\"https:\/\/led.amasly.com\/da\/products\/\">LED-oversv\u00f8mmelseslys<\/a><\/h4>\n<\/div>\n\n\n\n<div class=\"wp-block-uagb-container uagb-block-165bfa58\">\n<h4 class=\"wp-block-heading has-text-align-center\"><a href=\"https:\/\/led.amasly.com\/da\/products\/\">LED Tri-Proof lysr\u00f8r<\/a><\/h4>\n<\/div>\n\n\n\n<div class=\"wp-block-uagb-container uagb-block-f6096e3b\">\n<h4 class=\"wp-block-heading has-text-align-center\"><a href=\"https:\/\/led.amasly.com\/da\/products\/\">LED-gadelys<\/a><\/h4>\n<\/div>\n<\/div><\/div>\n\n\n\n<div class=\"wp-block-uagb-container uagb-block-99c0e0a5 alignfull uagb-is-root-container\"><div class=\"uagb-container-inner-blocks-wrap\"><\/div><\/div>\n\n\n\n<p><\/p>","protected":false},"excerpt":{"rendered":"<p>What is an explosion proof flashlight? Explosion proof flashlight is a kind of lighting tool designed for flammable and explosive places, mainly used in fire fighting, electric power, industrial and mining enterprises and other flammable and explosive places to provide mobile lighting. It is used for firefighting, electric power, industrial and mining enterprises and other [&hellip;]<\/p>\n","protected":false},"author":1,"featured_media":0,"parent":2374,"menu_order":0,"comment_status":"closed","ping_status":"closed","template":"","meta":{"_uag_custom_page_level_css":"","site-sidebar-layout":"no-sidebar","site-content-layout":"","ast-site-content-layout":"default","site-content-style":"default","site-sidebar-style":"default","ast-global-header-display":"","ast-banner-title-visibility":"","ast-main-header-display":"","ast-hfb-above-header-display":"","ast-hfb-below-header-display":"","ast-hfb-mobile-header-display":"","site-post-title":"disabled","ast-breadcrumbs-content":"","ast-featured-img":"","footer-sml-layout":"","ast-disable-related-posts":"","theme-transparent-header-meta":"enabled","adv-header-id-meta":"","stick-header-meta":"","header-above-stick-meta":"","header-main-stick-meta":"","header-below-stick-meta":"","astra-migrate-meta-layouts":"set","ast-page-background-enabled":"default","ast-page-background-meta":{"desktop":{"background-color":"var(--ast-global-color-4)","background-image":"","background-repeat":"repeat","background-position":"center center","background-size":"auto","background-attachment":"scroll","background-type":"","background-media":"","overlay-type":"","overlay-color":"","overlay-opacity":"","overlay-gradient":""},"tablet":{"background-color":"","background-image":"","background-repeat":"repeat","background-position":"center center","background-size":"auto","background-attachment":"scroll","background-type":"","background-media":"","overlay-type":"","overlay-color":"","overlay-opacity":"","overlay-gradient":""},"mobile":{"background-color":"","background-image":"","background-repeat":"repeat","background-position":"center center","background-size":"auto","background-attachment":"scroll","background-type":"","background-media":"","overlay-type":"","overlay-color":"","overlay-opacity":"","overlay-gradient":""}},"ast-content-background-meta":{"desktop":{"background-color":"var(--ast-global-color-5)","background-image":"","background-repeat":"repeat","background-position":"center center","background-size":"auto","background-attachment":"scroll","background-type":"","background-media":"","overlay-type":"","overlay-color":"","overlay-opacity":"","overlay-gradient":""},"tablet":{"background-color":"var(--ast-global-color-5)","background-image":"","background-repeat":"repeat","background-position":"center center","background-size":"auto","background-attachment":"scroll","background-type":"","background-media":"","overlay-type":"","overlay-color":"","overlay-opacity":"","overlay-gradient":""},"mobile":{"background-color":"var(--ast-global-color-5)","background-image":"","background-repeat":"repeat","background-position":"center center","background-size":"auto","background-attachment":"scroll","background-type":"","background-media":"","overlay-type":"","overlay-color":"","overlay-opacity":"","overlay-gradient":""}},"footnotes":""},"class_list":["post-3013","page","type-page","status-publish","hentry"],"uagb_featured_image_src":{"full":false,"thumbnail":false,"medium":false,"medium_large":false,"large":false,"1536x1536":false,"2048x2048":false,"trp-custom-language-flag":false},"uagb_author_info":{"display_name":"Joe","author_link":"https:\/\/led.amasly.com\/da\/author\/jacklin\/"},"uagb_comment_info":0,"uagb_excerpt":"What is an explosion proof flashlight? Explosion proof flashlight is a kind of lighting tool designed for flammable and explosive places, mainly used in fire fighting, electric power, industrial and mining enterprises and other flammable and explosive places to provide mobile lighting. It is used for firefighting, electric power, industrial and mining enterprises and other&hellip;","_links":{"self":[{"href":"https:\/\/led.amasly.com\/da\/wp-json\/wp\/v2\/pages\/3013","targetHints":{"allow":["GET"]}}],"collection":[{"href":"https:\/\/led.amasly.com\/da\/wp-json\/wp\/v2\/pages"}],"about":[{"href":"https:\/\/led.amasly.com\/da\/wp-json\/wp\/v2\/types\/page"}],"author":[{"embeddable":true,"href":"https:\/\/led.amasly.com\/da\/wp-json\/wp\/v2\/users\/1"}],"replies":[{"embeddable":true,"href":"https:\/\/led.amasly.com\/da\/wp-json\/wp\/v2\/comments?post=3013"}],"version-history":[{"count":1,"href":"https:\/\/led.amasly.com\/da\/wp-json\/wp\/v2\/pages\/3013\/revisions"}],"predecessor-version":[{"id":3020,"href":"https:\/\/led.amasly.com\/da\/wp-json\/wp\/v2\/pages\/3013\/revisions\/3020"}],"up":[{"embeddable":true,"href":"https:\/\/led.amasly.com\/da\/wp-json\/wp\/v2\/pages\/2374"}],"wp:attachment":[{"href":"https:\/\/led.amasly.com\/da\/wp-json\/wp\/v2\/media?parent=3013"}],"curies":[{"name":"wp","href":"https:\/\/api.w.org\/{rel}","templated":true}]}}