{"id":2974,"date":"2025-04-07T21:56:34","date_gmt":"2025-04-07T13:56:34","guid":{"rendered":"https:\/\/led.amasly.com\/?page_id=2974"},"modified":"2026-01-18T14:27:47","modified_gmt":"2026-01-18T06:27:47","slug":"flood-lights-price-list","status":"publish","type":"page","link":"https:\/\/led.amasly.com\/da\/light-price\/flood-lights-price-list\/","title":{"rendered":"Oversv\u00f8mmelseslys Prisliste"},"content":{"rendered":"<div class=\"wp-block-uagb-container uagb-block-27bae773 alignfull uagb-is-root-container\"><div class=\"uagb-container-inner-blocks-wrap\"><\/div><\/div>\n\n\n\n<h1 class=\"wp-block-heading has-text-align-center\"><strong>Amasly <\/strong><strong>Oversv\u00f8mmelse<\/strong><strong>&nbsp;L<\/strong><strong>rettigheder<\/strong><strong>&nbsp;Prisliste<\/strong><strong><\/strong><\/h1>\n\n\n\n<p><strong>Oversv\u00f8mmelse<\/strong><strong>&nbsp;<\/strong><strong>lys ogs\u00e5 kendt som LED-spotlights, LED-projektorlys<\/strong><strong><\/strong><\/p>\n\n\n\n<h2 class=\"wp-block-heading\"><strong>\u00c5rsager til forskellen p\u00e5 LED-oversv\u00f8mmelseslys <strong>Pris<\/strong>:<\/strong><\/h2>\n\n\n\n<p>1. M\u00e6rke og producent: Forskellige m\u00e6rker af LED-oversv\u00f8mmelseslys har forskelle i kvalitet, teknologi, materialer og andre aspekter, s\u00e5 prisen vil v\u00e6re anderledes. Kendte m\u00e6rker har normalt et h\u00f8jere omd\u00f8mme og markedsandel, og prisen p\u00e5 produktet er relativt h\u00f8j.<\/p>\n\n\n\n<p>2. Model og effekt: LED-oversv\u00f8mmelseslys med forskellige modeller og effekt, der kan anvendes til forskellige scener og behov, hvilket resulterer i prisforskelle. For eksempel er nogle kraftige projekt\u00f8rer velegnede til belysning af store steder, og prisen er relativt h\u00f8j.<\/p>\n\n\n\n<p>3. Ydeevne og teknologi: Den tekniske ydeevne for LED-oversv\u00f8mmelseslys er ogs\u00e5 en vigtig faktor, der p\u00e5virker prisen. S\u00e5som lyskildens lysstyrke, farvegengivelse, levetid, varmeafledningsevne osv. Ydeevne p\u00e5 h\u00f8jt niveau ledsages normalt af en h\u00f8jere pris.<\/p>\n\n\n\n<h2 class=\"wp-block-heading\"><strong>Andre faktorer, der p\u00e5virker prisen p\u00e5 LED flood<\/strong><strong>&nbsp;<\/strong><strong>lys:<\/strong><strong><\/strong><\/h2>\n\n\n\n<p>1. Markedets eftersp\u00f8rgsel og udbud: Markedets eftersp\u00f8rgsel og udbud af LED-oversv\u00f8mmelseslys vil ogs\u00e5 p\u00e5virke prisen. I tilf\u00e6lde af at eftersp\u00f8rgslen er st\u00f8rre end udbuddet, kan prisen stige; tv\u00e6rtimod kan den falde.<\/p>\n\n\n\n<p>2. K\u00f8bsm\u00e6ngde og -kanal: M\u00e6ngden og k\u00f8bskanalen for LED-oversv\u00f8mmelseslys vil ogs\u00e5 have indflydelse p\u00e5 den endelige pris. Generelt kan bulkk\u00f8b nyde visse rabatter, mens forskellige salgskanaler ogs\u00e5 kan have forskellige prisstrategier.<\/p>\n\n\n\n<p>Kort sagt varierer prisen p\u00e5 LED-projekt\u00f8rer afh\u00e6ngigt af en r\u00e6kke faktorer. Hvis du har behov for at k\u00f8be, anbefales det at v\u00e6lge det rigtige LED-oversv\u00f8mmelseslys i henhold til dine faktiske behov, budget og markedssituation. P\u00e5 samme tid b\u00f8r du ud over prisfaktoren ogs\u00e5 overveje produktkvalitet, ydeevne og eftersalgsservice og andre faktorer, n\u00e5r du k\u00f8ber.<\/p>\n\n\n\n<h2 class=\"wp-block-heading\"><strong>Anvendelsesstederne for oversv\u00f8mmelse<\/strong><strong>&nbsp;<\/strong><strong>lys omfatter hovedsageligt:<\/strong><strong><\/strong><\/h2>\n\n\n\n<p>1. Belysning af bygningens udseende: Projekt\u00f8rer kan fremh\u00e6ve bygningens udseende, understrege forskellige dele af bygningen og g\u00f8re den mere i\u00f8jnefaldende.<\/p>\n\n\n\n<p>2. Landskabsbelysning: Projekt\u00f8rer er velegnede til landskabsbelysning p\u00e5 byens pladser, i parker, forlystelsesparker, zoologiske haver, bassiner, springvand og udstillingshaller.<\/p>\n\n\n\n<p>3. Indvendig belysning i bygninger: Projekt\u00f8rer bruges ikke kun til udend\u00f8rs belysning, men er ogs\u00e5 velegnede til indend\u00f8rs belysning. For eksempel i udstillingshaller, museer og kunstcentre.<\/p>\n\n\n\n<p>4. Scenebelysning: Projekt\u00f8rer spiller en vigtig rolle p\u00e5 scenen.<\/p>\n\n\n\n<p>5. Belysning af sportshaller: Projekt\u00f8rer spiller en vigtig rolle i sportshaller som fodboldstadioner, basketballbaner, tennisbaner og atletikstadioner.<\/p>\n\n\n\n<p>Prisen p\u00e5 LED-projekt\u00f8rer varierer afh\u00e6ngigt af faktorer som m\u00e6rke, model, effekt og ydeevne. Generelt varierer prisen normalt fra titusindvis af dollars til hundreder af dollars. Den specifikke pris skal ogs\u00e5 bestemmes i henhold til antallet af k\u00f8b, indk\u00f8bskanaler og markedets udbud og eftersp\u00f8rgsel og andre faktorer.<\/p>\n\n\n\n<h2 class=\"wp-block-heading\"><strong>Amasly<\/strong><strong>&nbsp;<\/strong><strong>Introduktion<\/strong><strong><\/strong><\/h2>\n\n\n\n<p>Amasly er et professionelt belysningsfirma, vores produkter fokuserer p\u00e5 industriel belysning og udend\u00f8rs belysning. Hovedprodukterne er ledede eksplosionssikre lys, eksplosionssikre elektriske apparater, ledede high bay-lys, ledede oversv\u00f8mmelseslys, ledede gadebelysning, ledede tri-sikre lys og sol-ledede lys.<\/p>\n\n\n\n<p>Vores produkter er blevet eksporteret til 68 lande rundt om i verden, f.eks. Europa og USA, og har vundet anerkendelse fra verdens f\u00f8rende leverand\u00f8rer af belysningsprodukter med sine produkter af h\u00f8j kvalitet.<\/p>\n\n\n\n<p>Amasly tilbyder en bred vifte af forskellige typer projekt\u00f8rer, stadionlys og til meget konkurrencedygtige priser.<\/p>\n\n\n\n<h2 class=\"wp-block-heading\"><strong>Amasly LED Oversv\u00f8mmelseslys Prisliste<\/strong><strong><\/strong><\/h2>\n\n\n\n<div class=\"wp-block-uagb-image uagb-block-782176ad wp-block-uagb-image--layout-default wp-block-uagb-image--effect-static wp-block-uagb-image--align-none\"><figure class=\"wp-block-uagb-image__figure\"><img decoding=\"async\" srcset=\"https:\/\/led.amasly.com\/wp-content\/uploads\/2025\/04\/LED-Flood-Light.png ,https:\/\/led.amasly.com\/wp-content\/uploads\/2025\/04\/LED-Flood-Light.png 780w, https:\/\/led.amasly.com\/wp-content\/uploads\/2025\/04\/LED-Flood-Light.png 360w\" sizes=\"auto, (max-width: 480px) 150px\" src=\"https:\/\/led.amasly.com\/wp-content\/uploads\/2025\/04\/LED-Flood-Light.png\" alt=\"flood\u00a0lights price\" class=\"uag-image-2975\" width=\"850\" height=\"732\" title=\"LED-oversv\u00f8mmelseslys\" loading=\"lazy\" role=\"img\"\/><\/figure><\/div>\n\n\n\n<figure class=\"wp-block-table\"><table class=\"has-fixed-layout\"><tbody><tr><td>TG03-50<\/td><td>50W<\/td><td>$6.09<\/td><\/tr><tr><td>TG03-100<\/td><td>100W<\/td><td>$9.80<\/td><\/tr><tr><td>TG03-150<\/td><td>150w<\/td><td>$14.11<\/td><\/tr><tr><td>TG03-200<\/td><td>200W<\/td><td>$15.41<\/td><\/tr><tr><td>TG03-300<\/td><td>300W<\/td><td>$23.60<\/td><\/tr><\/tbody><\/table><\/figure>\n\n\n\n<div class=\"wp-block-uagb-image uagb-block-f2e6a796 wp-block-uagb-image--layout-default wp-block-uagb-image--effect-static wp-block-uagb-image--align-none\"><figure class=\"wp-block-uagb-image__figure\"><img decoding=\"async\" srcset=\"https:\/\/led.amasly.com\/wp-content\/uploads\/2025\/04\/Stadium-Light-1024x697.png ,https:\/\/led.amasly.com\/wp-content\/uploads\/2025\/04\/Stadium-Light.png 780w, https:\/\/led.amasly.com\/wp-content\/uploads\/2025\/04\/Stadium-Light.png 360w\" sizes=\"auto, (max-width: 480px) 150px\" src=\"https:\/\/led.amasly.com\/wp-content\/uploads\/2025\/04\/Stadium-Light-1024x697.png\" alt=\"\" class=\"uag-image-2976\" width=\"2329\" height=\"1586\" title=\"Lys p\u00e5 stadion\" loading=\"lazy\" role=\"img\"><\/figure><\/div>\n\n\n\n<figure class=\"wp-block-table\"><table class=\"has-fixed-layout\"><tbody><tr><td>TG01-300<\/td><td>300<\/td><td>$39.00<\/td><\/tr><tr><td>TG01-400<\/td><td>400<\/td><td>$51.07<\/td><\/tr><tr><td>TG01-500<\/td><td>500<\/td><td>$66.49<\/td><\/tr><\/tbody><\/table><\/figure>\n\n\n\n<p class=\"has-text-align-center has-medium-font-size\"><strong>Kontakt Amasly for at f\u00e5 flere produkt- og prisoplysninger samt datablad.                                                                                                             E-mail: sales01@amasly.com, Whatsapp\/wechat:0086-13732643699<\/strong><\/p>\n\n\n\n<h2 class=\"wp-block-heading\"><strong>Ofte stillede sp\u00f8rgsm\u00e5l om Amasly Light<\/strong><\/h2>\n\n\n\n<p><strong>Q1. Kan jeg f\u00e5 en pr\u00f8veordre p\u00e5 led-lys?<\/strong><strong><\/strong><\/p>\n\n\n\n<p>A: Ja, vi byder pr\u00f8veordre velkommen til at teste og kontrollere kvaliteten. Blandede pr\u00f8ver er acceptable.<\/p>\n\n\n\n<p><strong>Q2. Hvad med leveringstiden?<\/strong><strong><\/strong><\/p>\n\n\n\n<p>A: Pr\u00f8ven tager 3-5 dage, masseproduktionstiden tager 1-2 uger.<\/p>\n\n\n\n<p><strong>Q3.Har du nogen MOQ-gr\u00e6nse for ledet lysordre?<\/strong><strong><\/strong><\/p>\n\n\n\n<p>A: Lav MOQ 1pc til pr\u00f8vekontrol er tilg\u00e6ngelig.<\/p>\n\n\n\n<p><strong>Q4. Hvordan sender I varerne, og hvor lang tid tager det at f\u00e5 dem frem?<\/strong><strong><\/strong><\/p>\n\n\n\n<p>A: Vi sender normalt med <a href=\"https:\/\/www.dhl.com\" rel=\"nofollow noopener\" target=\"_blank\">DHL<\/a>, UPS, FedEx eller TNT. Det tager normalt 3-5 dage at ankomme. Luftlinje og s\u00f8fart er ogs\u00e5 valgfri.<\/p>\n\n\n\n<p><strong>Q5. Hvordan forts\u00e6tter man en ordre p\u00e5 led-lys?<\/strong><strong><\/strong><\/p>\n\n\n\n<p>A:<\/p>\n\n\n\n<p>Fort\u00e6l os f\u00f8rst om dine krav eller din ans\u00f8gning.<\/p>\n\n\n\n<p>For det andet giver vi tilbud i henhold til dine krav eller vores forslag.<\/p>\n\n\n\n<p>For det tredje bekr\u00e6fter kunden pr\u00f8verne og l\u00e6gger et depositum for den formelle ordre.<\/p>\n\n\n\n<p>For det fjerde arrangerer vi produktionen.<\/p>\n\n\n\n<p><strong>Q6. er det ok at printe min <\/strong><strong>LOGO<\/strong><strong>&nbsp;p\u00e5 led-lys produkt?<\/strong><strong><\/strong><\/p>\n\n\n\n<p>A: Ja, informer os venligst formelt inden vores produktion og bekr\u00e6ft f\u00f8rst designet baseret p\u00e5 vores pr\u00f8ve.<\/p>\n\n\n\n<p><strong>Q7: Tilbyder du garanti for produkterne?<\/strong><strong><\/strong><\/p>\n\n\n\n<p>A: Ja, vi tilbyder 2-5 \u00e5rs garanti p\u00e5 vores produkter.<\/p>\n\n\n\n<p><strong>Q8: Hvordan h\u00e5ndterer man de defekte?<\/strong><strong><\/strong><\/p>\n\n\n\n<p>A:<\/p>\n\n\n\n<p>For det f\u00f8rste producerer vores produkter dinstrict kvalitetskontrolsystem, og den defekte sats vil v\u00e6re mindre end 0,2%<\/p>\n\n\n\n<p>For det andet vil vi i l\u00f8bet af garantiperioden levere dele til at erstatte den d\u00e5rlige del. Ved bulkordrer leverer vi s\u00e5rbare dele p\u00e5 forh\u00e5nd, eller vi kan diskutere l\u00f8sninger, herunder tilbagekaldelser, baseret p\u00e5 den faktiske situation.<\/p>\n\n\n\n<p><strong>Q9: Kan vi lave eksplosionssikre lavsp\u00e6ndingslamper med AC\/DC-sp\u00e6ndinger p\u00e5 12V, 24V, 36V eller 48V? <\/strong><\/p>\n\n\n\n<p>Amasly kan bruges som b\u00e5de lavsp\u00e6ndings- og h\u00f8jsp\u00e6ndings eksplosionssikkert lys - AC\/DC 12V, 24V, 36V, 48V, AC 85-265V, AC 380V. <\/p>\n\n\n\n<p><strong>Q10: Kan der tilf\u00f8jes n\u00f8dbatterier til Explosion Poof Lights? <\/strong><\/p>\n\n\n\n<p>Den eksplosionssikre Amasly-lampe kan udstyres med lithium-n\u00f8dbatterier. N\u00f8dvarigheden er 90 minutter, 120 minutter eller 180 minutter. <\/p>\n\n\n\n<p><strong>Q11: Kan Amaslys eksplosionssikre lampe tilpasses som et OEM-produkt? <\/strong><\/p>\n\n\n\n<p>Amasly eksplosionssikre lamper kan tilpasses efter kundens krav til b\u00e5de lamperne og emballagekartonerne.<\/p>\n\n\n\n<div class=\"wp-block-uagb-container uagb-block-c7d898dd alignfull uagb-is-root-container\"><div class=\"uagb-container-inner-blocks-wrap\"><\/div><\/div>\n\n\n\n<h2 class=\"wp-block-heading\">Relaterede produkter<\/h2>\n\n\n\n<div class=\"wp-block-uagb-container uagb-block-66e4defc alignfull uagb-is-root-container\"><div class=\"uagb-container-inner-blocks-wrap\">\n<div class=\"wp-block-uagb-container uagb-block-a42945f9\">\n<div class=\"wp-block-uagb-image uagb-block-7296296b wp-block-uagb-image--layout-default wp-block-uagb-image--effect-static wp-block-uagb-image--align-none\"><figure class=\"wp-block-uagb-image__figure\"><a class=\"\" href=\"https:\/\/led.amasly.com\/da\/products\/\" target=\"\" rel=\"noopener\"><img decoding=\"async\" srcset=\"https:\/\/led.amasly.com\/wp-content\/uploads\/2024\/09\/Explosion-proof-high-bay-lights.png ,https:\/\/led.amasly.com\/wp-content\/uploads\/2024\/09\/Explosion-proof-high-bay-lights.png 780w, https:\/\/led.amasly.com\/wp-content\/uploads\/2024\/09\/Explosion-proof-high-bay-lights.png 360w\" sizes=\"auto, (max-width: 480px) 150px\" src=\"https:\/\/led.amasly.com\/wp-content\/uploads\/2024\/09\/Explosion-proof-high-bay-lights.png\" alt=\"\" class=\"uag-image-1495\" width=\"300\" height=\"300\" title=\"Eksplosionssikre high bay-lys\" loading=\"lazy\" role=\"img\"><\/a><\/figure><\/div>\n<\/div>\n\n\n\n<div class=\"wp-block-uagb-container uagb-block-4d3efde5\">\n<div class=\"wp-block-uagb-image uagb-block-c9e90797 wp-block-uagb-image--layout-default wp-block-uagb-image--effect-static wp-block-uagb-image--align-none\"><figure class=\"wp-block-uagb-image__figure\"><a class=\"\" href=\"https:\/\/led.amasly.com\/da\/products\/\" target=\"\" rel=\"noopener\"><img decoding=\"async\" srcset=\"https:\/\/led.amasly.com\/wp-content\/uploads\/2024\/07\/LED-tri-proof-lights2.png ,https:\/\/led.amasly.com\/wp-content\/uploads\/2024\/07\/LED-tri-proof-lights2.png 780w, https:\/\/led.amasly.com\/wp-content\/uploads\/2024\/07\/LED-tri-proof-lights2.png 360w\" sizes=\"auto, (max-width: 480px) 150px\" src=\"https:\/\/led.amasly.com\/wp-content\/uploads\/2024\/07\/LED-tri-proof-lights2.png\" alt=\"\" class=\"uag-image-1132\" width=\"300\" height=\"300\" title=\"LED-tri-proof-lys2\" loading=\"lazy\" role=\"img\"><\/a><\/figure><\/div>\n<\/div>\n\n\n\n<div class=\"wp-block-uagb-container uagb-block-11c2578b\">\n<div class=\"wp-block-uagb-image uagb-block-6e8883aa wp-block-uagb-image--layout-default wp-block-uagb-image--effect-static wp-block-uagb-image--align-none\"><figure class=\"wp-block-uagb-image__figure\"><a class=\"\" href=\"https:\/\/led.amasly.com\/da\/products\/\" target=\"\" rel=\"noopener\"><img decoding=\"async\" srcset=\"https:\/\/led.amasly.com\/wp-content\/uploads\/2024\/09\/LED-Explosion-Proof-Gas-Station-Light.png ,https:\/\/led.amasly.com\/wp-content\/uploads\/2024\/09\/LED-Explosion-Proof-Gas-Station-Light.png 780w, https:\/\/led.amasly.com\/wp-content\/uploads\/2024\/09\/LED-Explosion-Proof-Gas-Station-Light.png 360w\" sizes=\"auto, (max-width: 480px) 150px\" src=\"https:\/\/led.amasly.com\/wp-content\/uploads\/2024\/09\/LED-Explosion-Proof-Gas-Station-Light.png\" alt=\"\" class=\"uag-image-1501\" width=\"300\" height=\"300\" title=\"LED-eksplosionssikkert tankstationslys\" loading=\"lazy\" role=\"img\"><\/a><\/figure><\/div>\n<\/div>\n<\/div><\/div>\n\n\n\n<div class=\"wp-block-uagb-container uagb-block-548945b5 alignfull uagb-is-root-container\"><div class=\"uagb-container-inner-blocks-wrap\">\n<div class=\"wp-block-uagb-container uagb-block-967755d5\">\n<h4 class=\"wp-block-heading has-text-align-center\"><a href=\"https:\/\/led.amasly.com\/da\/products\/\">LED-eksplosionssikre lamper<\/a><\/h4>\n<\/div>\n\n\n\n<div class=\"wp-block-uagb-container uagb-block-9bc52fc2\">\n<h4 class=\"wp-block-heading has-text-align-center\"><a href=\"https:\/\/led.amasly.com\/da\/products\/\">LED Tri-Proof-lys<\/a><\/h4>\n<\/div>\n\n\n\n<div class=\"wp-block-uagb-container uagb-block-8ffa0a23\">\n<h4 class=\"wp-block-heading has-text-align-center\"><a href=\"https:\/\/led.amasly.com\/da\/products\/\">Eksplosionssikre lamper til tankstationer<\/a><\/h4>\n<\/div>\n<\/div><\/div>\n\n\n\n<div class=\"wp-block-uagb-container uagb-block-29499fe0 alignfull uagb-is-root-container\"><div class=\"uagb-container-inner-blocks-wrap\">\n<div class=\"wp-block-uagb-container uagb-block-777ee1c7\">\n<div class=\"wp-block-uagb-image uagb-block-2e9a1851 wp-block-uagb-image--layout-default wp-block-uagb-image--effect-static wp-block-uagb-image--align-none\"><figure class=\"wp-block-uagb-image__figure\"><a class=\"\" href=\"https:\/\/led.amasly.com\/da\/products\/\" target=\"\" rel=\"noopener\"><img decoding=\"async\" srcset=\"https:\/\/led.amasly.com\/wp-content\/uploads\/2024\/10\/50W-100W-150W-200W-300W-LED-Flood-Light.jpg ,https:\/\/led.amasly.com\/wp-content\/uploads\/2024\/10\/50W-100W-150W-200W-300W-LED-Flood-Light.jpg 780w, https:\/\/led.amasly.com\/wp-content\/uploads\/2024\/10\/50W-100W-150W-200W-300W-LED-Flood-Light.jpg 360w\" sizes=\"auto, (max-width: 480px) 150px\" src=\"https:\/\/led.amasly.com\/wp-content\/uploads\/2024\/10\/50W-100W-150W-200W-300W-LED-Flood-Light.jpg\" alt=\"\" class=\"uag-image-1526\" width=\"300\" height=\"300\" title=\"50W 100W 150W 200W 300W LED-oversv\u00f8mmelseslys\" loading=\"lazy\" role=\"img\"><\/a><\/figure><\/div>\n<\/div>\n\n\n\n<div class=\"wp-block-uagb-container uagb-block-af8c8683\">\n<div class=\"wp-block-uagb-image uagb-block-67947854 wp-block-uagb-image--layout-default wp-block-uagb-image--effect-static wp-block-uagb-image--align-none\"><figure class=\"wp-block-uagb-image__figure\"><a class=\"\" href=\"https:\/\/led.amasly.com\/da\/products\/\" target=\"\" rel=\"noopener\"><img decoding=\"async\" srcset=\"https:\/\/led.amasly.com\/wp-content\/uploads\/2024\/07\/led-tri-proof-light.png ,https:\/\/led.amasly.com\/wp-content\/uploads\/2024\/07\/led-tri-proof-light.png 780w, https:\/\/led.amasly.com\/wp-content\/uploads\/2024\/07\/led-tri-proof-light.png 360w\" sizes=\"auto, (max-width: 480px) 150px\" src=\"https:\/\/led.amasly.com\/wp-content\/uploads\/2024\/07\/led-tri-proof-light.png\" alt=\"\" class=\"uag-image-1130\" width=\"300\" height=\"300\" title=\"led-tri-proof-lys\" loading=\"lazy\" role=\"img\"><\/a><\/figure><\/div>\n<\/div>\n\n\n\n<div class=\"wp-block-uagb-container uagb-block-0fdfdd58\">\n<div class=\"wp-block-uagb-image uagb-block-1187d32d wp-block-uagb-image--layout-default wp-block-uagb-image--effect-static wp-block-uagb-image--align-none\"><figure class=\"wp-block-uagb-image__figure\"><a class=\"\" href=\"https:\/\/led.amasly.com\/da\/products\/\" target=\"\" rel=\"noopener\"><img decoding=\"async\" srcset=\"https:\/\/led.amasly.com\/wp-content\/uploads\/2024\/07\/LED-street-light.jpg ,https:\/\/led.amasly.com\/wp-content\/uploads\/2024\/07\/LED-street-light.jpg 780w, https:\/\/led.amasly.com\/wp-content\/uploads\/2024\/07\/LED-street-light.jpg 360w\" sizes=\"auto, (max-width: 480px) 150px\" src=\"https:\/\/led.amasly.com\/wp-content\/uploads\/2024\/07\/LED-street-light.jpg\" alt=\"\" class=\"uag-image-1145\" width=\"300\" height=\"300\" title=\"LED-gadebelysning\" loading=\"lazy\" role=\"img\"><\/a><\/figure><\/div>\n<\/div>\n<\/div><\/div>\n\n\n\n<div class=\"wp-block-uagb-container uagb-block-6a60882c alignfull uagb-is-root-container\"><div class=\"uagb-container-inner-blocks-wrap\">\n<div class=\"wp-block-uagb-container uagb-block-f1e91a35\">\n<h4 class=\"wp-block-heading has-text-align-center\"><a href=\"https:\/\/led.amasly.com\/da\/products\/\">LED-oversv\u00f8mmelseslys<\/a><\/h4>\n<\/div>\n\n\n\n<div class=\"wp-block-uagb-container uagb-block-165bfa58\">\n<h4 class=\"wp-block-heading has-text-align-center\"><a href=\"https:\/\/led.amasly.com\/da\/products\/\">LED Tri-Proof lysr\u00f8r<\/a><\/h4>\n<\/div>\n\n\n\n<div class=\"wp-block-uagb-container uagb-block-f6096e3b\">\n<h4 class=\"wp-block-heading has-text-align-center\"><a href=\"https:\/\/led.amasly.com\/da\/products\/\">LED-gadelys<\/a><\/h4>\n<\/div>\n<\/div><\/div>\n\n\n\n<div class=\"wp-block-uagb-container uagb-block-99c0e0a5 alignfull uagb-is-root-container\"><div class=\"uagb-container-inner-blocks-wrap\"><\/div><\/div>\n\n\n\n<p><\/p>","protected":false},"excerpt":{"rendered":"<p>Amasly Flood&nbsp;Lights&nbsp;Price List Flood&nbsp;lights also known as LED spotlights, LED projector lights Reasons for the difference of LED flood\u00a0lights price: 1. Brand and manufacturer: Different brands of LED flood lights&nbsp;have differences in quality, technology, materials and other aspects, so the price will be different. Well-known brands usually have a higher reputation and market share, and [&hellip;]<\/p>\n","protected":false},"author":1,"featured_media":0,"parent":2869,"menu_order":0,"comment_status":"closed","ping_status":"closed","template":"","meta":{"_uag_custom_page_level_css":"","site-sidebar-layout":"no-sidebar","site-content-layout":"","ast-site-content-layout":"default","site-content-style":"default","site-sidebar-style":"default","ast-global-header-display":"","ast-banner-title-visibility":"","ast-main-header-display":"","ast-hfb-above-header-display":"","ast-hfb-below-header-display":"","ast-hfb-mobile-header-display":"","site-post-title":"disabled","ast-breadcrumbs-content":"","ast-featured-img":"","footer-sml-layout":"","ast-disable-related-posts":"","theme-transparent-header-meta":"enabled","adv-header-id-meta":"","stick-header-meta":"","header-above-stick-meta":"","header-main-stick-meta":"","header-below-stick-meta":"","astra-migrate-meta-layouts":"set","ast-page-background-enabled":"default","ast-page-background-meta":{"desktop":{"background-color":"var(--ast-global-color-4)","background-image":"","background-repeat":"repeat","background-position":"center center","background-size":"auto","background-attachment":"scroll","background-type":"","background-media":"","overlay-type":"","overlay-color":"","overlay-opacity":"","overlay-gradient":""},"tablet":{"background-color":"","background-image":"","background-repeat":"repeat","background-position":"center center","background-size":"auto","background-attachment":"scroll","background-type":"","background-media":"","overlay-type":"","overlay-color":"","overlay-opacity":"","overlay-gradient":""},"mobile":{"background-color":"","background-image":"","background-repeat":"repeat","background-position":"center center","background-size":"auto","background-attachment":"scroll","background-type":"","background-media":"","overlay-type":"","overlay-color":"","overlay-opacity":"","overlay-gradient":""}},"ast-content-background-meta":{"desktop":{"background-color":"var(--ast-global-color-5)","background-image":"","background-repeat":"repeat","background-position":"center center","background-size":"auto","background-attachment":"scroll","background-type":"","background-media":"","overlay-type":"","overlay-color":"","overlay-opacity":"","overlay-gradient":""},"tablet":{"background-color":"var(--ast-global-color-5)","background-image":"","background-repeat":"repeat","background-position":"center center","background-size":"auto","background-attachment":"scroll","background-type":"","background-media":"","overlay-type":"","overlay-color":"","overlay-opacity":"","overlay-gradient":""},"mobile":{"background-color":"var(--ast-global-color-5)","background-image":"","background-repeat":"repeat","background-position":"center center","background-size":"auto","background-attachment":"scroll","background-type":"","background-media":"","overlay-type":"","overlay-color":"","overlay-opacity":"","overlay-gradient":""}},"footnotes":""},"class_list":["post-2974","page","type-page","status-publish","hentry"],"uagb_featured_image_src":{"full":false,"thumbnail":false,"medium":false,"medium_large":false,"large":false,"1536x1536":false,"2048x2048":false,"trp-custom-language-flag":false},"uagb_author_info":{"display_name":"Joe","author_link":"https:\/\/led.amasly.com\/da\/author\/jacklin\/"},"uagb_comment_info":0,"uagb_excerpt":"Amasly Flood&nbsp;Lights&nbsp;Price List Flood&nbsp;lights also known as LED spotlights, LED projector lights Reasons for the difference of LED flood\u00a0lights price: 1. Brand and manufacturer: Different brands of LED flood lights&nbsp;have differences in quality, technology, materials and other aspects, so the price will be different. Well-known brands usually have a higher reputation and market share, and&hellip;","_links":{"self":[{"href":"https:\/\/led.amasly.com\/da\/wp-json\/wp\/v2\/pages\/2974","targetHints":{"allow":["GET"]}}],"collection":[{"href":"https:\/\/led.amasly.com\/da\/wp-json\/wp\/v2\/pages"}],"about":[{"href":"https:\/\/led.amasly.com\/da\/wp-json\/wp\/v2\/types\/page"}],"author":[{"embeddable":true,"href":"https:\/\/led.amasly.com\/da\/wp-json\/wp\/v2\/users\/1"}],"replies":[{"embeddable":true,"href":"https:\/\/led.amasly.com\/da\/wp-json\/wp\/v2\/comments?post=2974"}],"version-history":[{"count":2,"href":"https:\/\/led.amasly.com\/da\/wp-json\/wp\/v2\/pages\/2974\/revisions"}],"predecessor-version":[{"id":4495,"href":"https:\/\/led.amasly.com\/da\/wp-json\/wp\/v2\/pages\/2974\/revisions\/4495"}],"up":[{"embeddable":true,"href":"https:\/\/led.amasly.com\/da\/wp-json\/wp\/v2\/pages\/2869"}],"wp:attachment":[{"href":"https:\/\/led.amasly.com\/da\/wp-json\/wp\/v2\/media?parent=2974"}],"curies":[{"name":"wp","href":"https:\/\/api.w.org\/{rel}","templated":true}]}}