{"id":2946,"date":"2025-04-06T00:05:44","date_gmt":"2025-04-05T16:05:44","guid":{"rendered":"https:\/\/led.amasly.com\/?page_id=2946"},"modified":"2026-01-18T14:31:37","modified_gmt":"2026-01-18T06:31:37","slug":"high-bay-light-price-reveal-how-much-does-an-high-bay-light-really-cost","status":"publish","type":"page","link":"https:\/\/led.amasly.com\/da\/light-price\/high-bay-light-price-reveal-how-much-does-an-high-bay-light-really-cost\/","title":{"rendered":"Prisliste for high bay-lys"},"content":{"rendered":"<div class=\"wp-block-uagb-container uagb-block-27bae773 alignfull uagb-is-root-container\"><div class=\"uagb-container-inner-blocks-wrap\"><\/div><\/div>\n\n\n\n<h1 class=\"wp-block-heading has-text-align-center\"><strong>High Bay<\/strong><strong>&nbsp;Afsl\u00f8ring af lyspris: Hvor meget koster en <\/strong><strong>High Bay<\/strong><strong>&nbsp;Koster lys virkelig noget?<\/strong><strong><\/strong><\/h1>\n\n\n\n<p>Industrielt lys, ogs\u00e5 kendt som baldakinlys, er en slags h\u00f8jeffektive indend\u00f8rs LED-lamper, der kan bruges i vid udstr\u00e6kning i industrianl\u00e6g, produktionsv\u00e6rksteder, kommercielle super-, sports- og underholdningssteder samt lagerbygninger og s\u00e5 videre.<\/p>\n\n\n\n<p>Industrielt lys er en vigtig del af moderne industriel belysning, det traditionelle industrielle lys bruges ofte 250W, 400W, 500W, 1000W metalhalogenlamper, metalhalogenlamper, 360 graders lys, manglerne ved lystabet for\u00e5rsaget af et enormt spild af energi.<\/p>\n\n\n\n<p>Derfor er udviklingen af nye h\u00f8jeffektive, energibesparende, lang levetid, h\u00f8jt farvegengivelsesindeks, milj\u00f8venlige LED High Bay-lamper p\u00e5 den nationale energibesparelse i industriel belysning af stor betydning.<\/p>\n\n\n\n<h2 class=\"wp-block-heading\"><strong>Faktorer, der p\u00e5virker High Bay-lyset <strong>Pris<\/strong>:<\/strong><\/h2>\n\n\n\n<h3 class=\"wp-block-heading\">1.&nbsp;<strong>Materiale til lampe: <\/strong><strong><\/strong><\/h3>\n\n\n\n<p>H\u00f8jkvalitets High Bay-lamper ved hj\u00e6lp af trykst\u00f8bt aluminiumsradiator, med videnskabelig varmeafledningsstrukturdesign, for at sikre, at lamperne og lanternerne i h\u00f8jtemperaturmilj\u00f8et, stabilt arbejde, er prisen p\u00e5 disse produkter normalt 25% -35% h\u00f8jere end det almindelige varmeafledningsdesign af produktet.<\/p>\n\n\n\n<h3 class=\"wp-block-heading\"><strong>2. Optiske parametre:<\/strong><strong><\/strong><\/h3>\n\n\n\n<p>2.1 lampeperler og drivere: brug af LED-chips af h\u00f8j kvalitet til High Bay-lys, f.eks.<a href=\"http:\/\/www.cree.com\/\" rel=\"nofollow noopener\" target=\"_blank\"> Cree<\/a>, Coretronic og andre internationale m\u00e6rker af chips, Meanwell og MOSO og andre internationale m\u00e6rker af drivere, men prisen er ca. 40% h\u00f8jere end almindelige chipprodukter.<\/p>\n\n\n\n<p>2.2 Str\u00f8m er ogs\u00e5 en n\u00f8glefaktor, der p\u00e5virker prisen. Generelt vil jo h\u00f8jere effekt af LED High Bay-lysprisen v\u00e6re relativt h\u00f8j. Den f\u00e6lles magt p\u00e5 markedet har hovedsageligt 100W, 150W, 200W, 300W osv., Prisen varierer.<\/p>\n\n\n\n<p>2.3 Lyseffekten er ogs\u00e5 en af de vigtige faktorer, der p\u00e5virker prisen. Jo h\u00f8jere LED-industrilysets lyseffektivitet er, kan give lysere og mere energieffektiv lyseffekt, men prisen vil ogs\u00e5 v\u00e6re relativt h\u00f8j. If\u00f8lge autoritative data er det nuv\u00e6rende markeds f\u00e6lles LED-industrielle minelys effektivitet generelt mellem 100lm \/ W og 200lm \/ W, prisen varierer.<\/p>\n\n\n\n<h3 class=\"wp-block-heading\"><strong>3.<\/strong><strong>certificeringsstandarder: <\/strong><strong><\/strong><\/h3>\n\n\n\n<p>Gennem CE, RoHS, UL og anden international certificering af produkter, i valget af materialer og fremstillingsprocesser har strenge krav, vil omkostningerne ved certificering g\u00f8re prisen p\u00e5 produktet til at forbedre 15-20%.<\/p>\n\n\n\n<h3 class=\"wp-block-heading\"><strong>4.<\/strong><strong>M\u00e6rkeforskelle: <\/strong><strong><\/strong><\/h3>\n\n\n\n<p>Kendte m\u00e6rker af High Bay-lamper har normalt h\u00f8jere priser, men kvaliteten og eftersalgsservicen er garanteret. Sm\u00e5 m\u00e6rker eller sm\u00e5 producenter af produkter med relativt lave priser, men kvaliteten og ydeevnen er muligvis ikke garanteret.<\/p>\n\n\n\n<h3 class=\"wp-block-heading\">5.&nbsp;<strong>Markedets eftersp\u00f8rgsel og udbud: <\/strong><strong><\/strong><\/h3>\n\n\n\n<p>I h\u00f8js\u00e6sonen er udbuddet relativt stramt, og prisen kan stige; mens prisen i lavs\u00e6sonen kan v\u00e6re relativt stabil eller endda give nogle indr\u00f8mmelser.<\/p>\n\n\n\n<h3 class=\"wp-block-heading\">6.&nbsp;<strong>Tilpassede krav: <\/strong><strong><\/strong><\/h3>\n\n\n\n<p>Prisen vil v\u00e6re h\u00f8jere, hvis du har brug for tilpassede High Bay-lamper, s\u00e5som: sp\u00e6nding DC24V, h\u00f8j lyseffektivitet, lampefarve, tilpasset emballage og s\u00e5 videre.<\/p>\n\n\n\n<p>Samlet set er prisen p\u00e5 High Bay-lamper et relativt komplekst sp\u00f8rgsm\u00e5l, der kr\u00e6ver omfattende overvejelser af en r\u00e6kke faktorer. N\u00e5r du k\u00f8ber, skal du ikke kun v\u00e6re opm\u00e6rksom p\u00e5 prisen, men ogs\u00e5 v\u00e6re opm\u00e6rksom p\u00e5 produktets kvalitet og ydeevne. Jeg h\u00e5ber, at denne artikel kan hj\u00e6lpe dig med bedre at forst\u00e5 prisen og udv\u00e6lgelsesmetoden for High Bay-lys og finde de mest egnede lamper til dig.<\/p>\n\n\n\n<h2 class=\"wp-block-heading\"><strong>High Bay<\/strong><strong>&nbsp;Lys bruges mange forskellige steder, blandt andet f\u00f8lgende:<\/strong><strong><\/strong><\/h2>\n\n\n\n<p>1. Industrielle anl\u00e6g: High Bay-lamper bruges i vid udstr\u00e6kning i en r\u00e6kke industrianl\u00e6g, s\u00e5som bearbejdningsv\u00e6rksted, elektronisk produktionsv\u00e6rksted og s\u00e5 videre. Disse steder har ekstremt stor eftersp\u00f8rgsel efter belysning, High Bay-lamper kan give stabil og tilstr\u00e6kkelig lyskilde til at sikre en j\u00e6vn fremgang i produktionsaktiviteterne.<\/p>\n\n\n\n<p>2. Lagerbygninger: Uanset om det er et almindeligt varelager eller et stort logistik- og lagercenter, kan I.M.-lamper give klar og synlig belysning til at underst\u00f8tte operationer som visning, h\u00e5ndtering og opg\u00f8relse af varer. I tilf\u00e6lde af str\u00f8msvigt kan dens n\u00f8dfunktion ogs\u00e5 effektivt forhindre skader p\u00e5 varer eller personale p\u00e5 grund af utilstr\u00e6kkeligt lys.<\/p>\n\n\n\n<p>3. Miner: Miner er ekstremt specielle milj\u00f8er, hvor lysforholdene er kritiske. High Bay-lamper kan give stabil og effektiv belysning til underjordiske operat\u00f8rer for at sikre deres sikkerhed. I minens pludselige str\u00f8msvigt og andre n\u00f8dsituationer vil High Bay-lampernes n\u00f8dfunktion spille en n\u00f8glerolle i at give den n\u00f8dvendige belysningsst\u00f8tte til personale til flugt og redning.<\/p>\n\n\n\n<p>4. High Bay-lamper er ogs\u00e5 n\u00f8dvendige p\u00e5 steder med meget lys, f.eks. stadioner, udstillingshaller og store indk\u00f8bscentre. De skal give j\u00e6vn og st\u00e6rk belysning for at opfylde behovene i forbindelse med folks aktiviteter. Samtidig kan High Bay-lamper i tilf\u00e6lde af en n\u00f8dsituation hurtigt skifte til n\u00f8dbelysningstilstand for at sikre en sikker evakuering af mennesker.<\/p>\n\n\n\n<p>5. Supermarkeder: High Bay-lamper er ogs\u00e5 velegnede til supermarkeder og andre store detailhandelssteder, hvor de giver tilstr\u00e6kkelig belysning til at forbedre kundens indk\u00f8bsoplevelse.<\/p>\n\n\n\n<h2 class=\"wp-block-heading\"><strong>Amasly<\/strong><strong>&nbsp;<\/strong><strong>Introduktion<\/strong><strong><\/strong><\/h2>\n\n\n\n<p>Amasly er en kinesisk leverand\u00f8r af industrielle lys, der tilbyder meget konkurrencedygtig 50W 100W 150W 200W 250W 300W 400W high bay lights pris. vores produkter fokuserer p\u00e5 industriel belysning og udend\u00f8rs belysning. Hovedprodukter er ledede eksplosionssikre lys, eksplosionssikre elektriske apparater, ledede high bay-lys, ledede oversv\u00f8mmelseslys, ledede gadebelysning, ledede tri-sikre lys og sol-ledede lys.<\/p>\n\n\n\n<p>Vores produkter er blevet eksporteret til 68 lande rundt om i verden, f.eks. Europa og USA, og har vundet anerkendelse fra verdens f\u00f8rende leverand\u00f8rer af belysningsprodukter med sine produkter af h\u00f8j kvalitet.<\/p>\n\n\n\n<h2 class=\"wp-block-heading\"><strong>Amasly<\/strong><strong>&nbsp;High Bay Light Pris<\/strong><strong><\/strong><\/h2>\n\n\n\n<div class=\"wp-block-uagb-image uagb-block-33b05bf8 wp-block-uagb-image--layout-default wp-block-uagb-image--effect-static wp-block-uagb-image--align-none\"><figure class=\"wp-block-uagb-image__figure\"><img decoding=\"async\" srcset=\"https:\/\/led.amasly.com\/wp-content\/uploads\/2025\/04\/UFO-high-bay-light.png ,https:\/\/led.amasly.com\/wp-content\/uploads\/2025\/04\/UFO-high-bay-light.png 780w, https:\/\/led.amasly.com\/wp-content\/uploads\/2025\/04\/UFO-high-bay-light.png 360w\" sizes=\"auto, (max-width: 480px) 150px\" src=\"https:\/\/led.amasly.com\/wp-content\/uploads\/2025\/04\/UFO-high-bay-light.png\" alt=\"High Bay\u00a0light price\" class=\"uag-image-2947\" width=\"600\" height=\"348\" title=\"UFO high bay-lys\" loading=\"lazy\" role=\"img\"\/><\/figure><\/div>\n\n\n\n<figure class=\"wp-block-table\"><table class=\"has-fixed-layout\"><tbody><tr><td><strong>Model<\/strong><strong><\/strong><\/td><td><strong>Kraft<\/strong><strong><\/strong><\/td><td><strong>Indtil pris<\/strong><strong><\/strong><\/td><\/tr><tr><td>HBR5<\/td><td>100W<\/td><td>$11.83<\/td><\/tr><tr><td>HBR5<\/td><td>150W<\/td><td>$15.51<\/td><\/tr><tr><td>HBR5<\/td><td>200W<\/td><td>$21.25<\/td><\/tr><tr><td>HBR5<\/td><td>240W<\/td><td>$24.11<\/td><\/tr><tr><td>HBR5<\/td><td>300W<\/td><td>$26.93<\/td><\/tr><\/tbody><\/table><\/figure>\n\n\n\n<div class=\"wp-block-uagb-image uagb-block-5e50e3c7 wp-block-uagb-image--layout-default wp-block-uagb-image--effect-static wp-block-uagb-image--align-none\"><figure class=\"wp-block-uagb-image__figure\"><a class=\"\" href=\"https:\/\/led.amasly.com\/da\/products\/\" target=\"\" rel=\"noopener\"><img decoding=\"async\" srcset=\"https:\/\/led.amasly.com\/wp-content\/uploads\/2025\/04\/high-bay-light.png ,https:\/\/led.amasly.com\/wp-content\/uploads\/2025\/04\/high-bay-light.png 780w, https:\/\/led.amasly.com\/wp-content\/uploads\/2025\/04\/high-bay-light.png 360w\" sizes=\"auto, (max-width: 480px) 150px\" src=\"https:\/\/led.amasly.com\/wp-content\/uploads\/2025\/04\/high-bay-light.png\" alt=\"\" class=\"uag-image-2948\" width=\"600\" height=\"328\" title=\"H\u00f8jt placeret lys\" loading=\"lazy\" role=\"img\"><\/a><\/figure><\/div>\n\n\n\n<figure class=\"wp-block-table\"><table class=\"has-fixed-layout\"><tbody><tr><td><strong>Model<\/strong><strong><\/strong><\/td><td><strong>Kraft<\/strong><strong><\/strong><\/td><td><strong>Indtil pris<\/strong><strong><\/strong><\/td><\/tr><tr><td>HBR6<\/td><td>100W<\/td><td>$6.79<\/td><\/tr><tr><td>HBR6<\/td><td>150W<\/td><td>$8.93<\/td><\/tr><tr><td>HBR6<\/td><td>200W<\/td><td>$13.39<\/td><\/tr><tr><td>HBR6<\/td><td>240W<\/td><td>$16.96<\/td><\/tr><tr><td>HBR6<\/td><td>300W<\/td><td>$23.21<\/td><\/tr><\/tbody><\/table><\/figure>\n\n\n\n<h2 class=\"wp-block-heading\"><strong>Ofte stillede sp\u00f8rgsm\u00e5l om Amasly Light<\/strong><\/h2>\n\n\n\n<p><strong>Q1. Kan jeg f\u00e5 en pr\u00f8veordre p\u00e5 led-lys?<\/strong><strong><\/strong><\/p>\n\n\n\n<p>A: Ja, vi byder pr\u00f8veordre velkommen til at teste og kontrollere kvaliteten. Blandede pr\u00f8ver er acceptable.<\/p>\n\n\n\n<p><strong>Q2. Hvad med leveringstiden?<\/strong><strong><\/strong><\/p>\n\n\n\n<p>A: Pr\u00f8ven tager 3-5 dage, masseproduktionstiden tager 1-2 uger.<\/p>\n\n\n\n<p><strong>Q3.Har du nogen MOQ-gr\u00e6nse for ledet lysordre?<\/strong><strong><\/strong><\/p>\n\n\n\n<p>A: Lav MOQ 1pc til pr\u00f8vekontrol er tilg\u00e6ngelig.<\/p>\n\n\n\n<p><strong>Q4. Hvordan sender I varerne, og hvor lang tid tager det at f\u00e5 dem frem?<\/strong><strong><\/strong><\/p>\n\n\n\n<p>A: Vi sender normalt med <a href=\"https:\/\/www.dhl.com\" rel=\"nofollow noopener\" target=\"_blank\">DHL<\/a>, UPS, FedEx eller TNT. Det tager normalt 3-5 dage at ankomme. Luftlinje og s\u00f8fart er ogs\u00e5 valgfri.<\/p>\n\n\n\n<p><strong>Q5. Hvordan forts\u00e6tter man en ordre p\u00e5 led-lys?<\/strong><strong><\/strong><\/p>\n\n\n\n<p>A:<\/p>\n\n\n\n<p>Fort\u00e6l os f\u00f8rst om dine krav eller din ans\u00f8gning.<\/p>\n\n\n\n<p>For det andet giver vi tilbud i henhold til dine krav eller vores forslag.<\/p>\n\n\n\n<p>For det tredje bekr\u00e6fter kunden pr\u00f8verne og l\u00e6gger et depositum for den formelle ordre.<\/p>\n\n\n\n<p>For det fjerde arrangerer vi produktionen.<\/p>\n\n\n\n<p><strong>Q6. er det ok at printe min <\/strong><strong>LOGO<\/strong><strong>&nbsp;p\u00e5 led-lys produkt?<\/strong><strong><\/strong><\/p>\n\n\n\n<p>A: Ja, informer os venligst formelt inden vores produktion og bekr\u00e6ft f\u00f8rst designet baseret p\u00e5 vores pr\u00f8ve.<\/p>\n\n\n\n<p><strong>Q7: Tilbyder du garanti for produkterne?<\/strong><strong><\/strong><\/p>\n\n\n\n<p>A: Ja, vi tilbyder 2-5 \u00e5rs garanti p\u00e5 vores produkter.<\/p>\n\n\n\n<p><strong>Q8: Hvordan h\u00e5ndterer man de defekte?<\/strong><strong><\/strong><\/p>\n\n\n\n<p>A:<\/p>\n\n\n\n<p>For det f\u00f8rste producerer vores produkter dinstrict kvalitetskontrolsystem, og den defekte sats vil v\u00e6re mindre end 0,2%<\/p>\n\n\n\n<p>For det andet vil vi i l\u00f8bet af garantiperioden levere dele til at erstatte den d\u00e5rlige del. Ved bulkordrer leverer vi s\u00e5rbare dele p\u00e5 forh\u00e5nd, eller vi kan diskutere l\u00f8sninger, herunder tilbagekaldelser, baseret p\u00e5 den faktiske situation.<\/p>\n\n\n\n<p><strong>Q9: Kan vi lave eksplosionssikre lavsp\u00e6ndingslamper med AC\/DC-sp\u00e6ndinger p\u00e5 12V, 24V, 36V eller 48V? <\/strong><\/p>\n\n\n\n<p>Amasly kan bruges som b\u00e5de lavsp\u00e6ndings- og h\u00f8jsp\u00e6ndings eksplosionssikkert lys - AC\/DC 12V, 24V, 36V, 48V, AC 85-265V, AC 380V. <\/p>\n\n\n\n<p><strong>Q10: Kan der tilf\u00f8jes n\u00f8dbatterier til Explosion Poof Lights? <\/strong><\/p>\n\n\n\n<p>Den eksplosionssikre Amasly-lampe kan udstyres med lithium-n\u00f8dbatterier. N\u00f8dvarigheden er 90 minutter, 120 minutter eller 180 minutter. <\/p>\n\n\n\n<p><strong>Q11: Kan Amaslys eksplosionssikre lampe tilpasses som et OEM-produkt? <\/strong><\/p>\n\n\n\n<p>Amasly eksplosionssikre lamper kan tilpasses efter kundens krav til b\u00e5de lamperne og emballagekartonerne.<\/p>\n\n\n\n<div class=\"wp-block-uagb-container uagb-block-c7d898dd alignfull uagb-is-root-container\"><div class=\"uagb-container-inner-blocks-wrap\"><\/div><\/div>\n\n\n\n<h2 class=\"wp-block-heading\">Relaterede produkter<\/h2>\n\n\n\n<div class=\"wp-block-uagb-container uagb-block-66e4defc alignfull uagb-is-root-container\"><div class=\"uagb-container-inner-blocks-wrap\">\n<div class=\"wp-block-uagb-container uagb-block-a42945f9\">\n<div class=\"wp-block-uagb-image uagb-block-7296296b wp-block-uagb-image--layout-default wp-block-uagb-image--effect-static wp-block-uagb-image--align-none\"><figure class=\"wp-block-uagb-image__figure\"><a class=\"\" href=\"https:\/\/led.amasly.com\/da\/products\/\" target=\"\" rel=\"noopener\"><img decoding=\"async\" srcset=\"https:\/\/led.amasly.com\/wp-content\/uploads\/2024\/09\/Explosion-proof-high-bay-lights.png ,https:\/\/led.amasly.com\/wp-content\/uploads\/2024\/09\/Explosion-proof-high-bay-lights.png 780w, https:\/\/led.amasly.com\/wp-content\/uploads\/2024\/09\/Explosion-proof-high-bay-lights.png 360w\" sizes=\"auto, (max-width: 480px) 150px\" src=\"https:\/\/led.amasly.com\/wp-content\/uploads\/2024\/09\/Explosion-proof-high-bay-lights.png\" alt=\"\" class=\"uag-image-1495\" width=\"300\" height=\"300\" title=\"Eksplosionssikre high bay-lys\" loading=\"lazy\" role=\"img\"><\/a><\/figure><\/div>\n<\/div>\n\n\n\n<div class=\"wp-block-uagb-container uagb-block-4d3efde5\">\n<div class=\"wp-block-uagb-image uagb-block-c9e90797 wp-block-uagb-image--layout-default wp-block-uagb-image--effect-static wp-block-uagb-image--align-none\"><figure class=\"wp-block-uagb-image__figure\"><a class=\"\" href=\"https:\/\/led.amasly.com\/da\/products\/\" target=\"\" rel=\"noopener\"><img decoding=\"async\" srcset=\"https:\/\/led.amasly.com\/wp-content\/uploads\/2024\/07\/LED-tri-proof-lights2.png ,https:\/\/led.amasly.com\/wp-content\/uploads\/2024\/07\/LED-tri-proof-lights2.png 780w, https:\/\/led.amasly.com\/wp-content\/uploads\/2024\/07\/LED-tri-proof-lights2.png 360w\" sizes=\"auto, (max-width: 480px) 150px\" src=\"https:\/\/led.amasly.com\/wp-content\/uploads\/2024\/07\/LED-tri-proof-lights2.png\" alt=\"\" class=\"uag-image-1132\" width=\"300\" height=\"300\" title=\"LED-tri-proof-lys2\" loading=\"lazy\" role=\"img\"><\/a><\/figure><\/div>\n<\/div>\n\n\n\n<div class=\"wp-block-uagb-container uagb-block-11c2578b\">\n<div class=\"wp-block-uagb-image uagb-block-6e8883aa wp-block-uagb-image--layout-default wp-block-uagb-image--effect-static wp-block-uagb-image--align-none\"><figure class=\"wp-block-uagb-image__figure\"><a class=\"\" href=\"https:\/\/led.amasly.com\/da\/products\/\" target=\"\" rel=\"noopener\"><img decoding=\"async\" srcset=\"https:\/\/led.amasly.com\/wp-content\/uploads\/2024\/09\/LED-Explosion-Proof-Gas-Station-Light.png ,https:\/\/led.amasly.com\/wp-content\/uploads\/2024\/09\/LED-Explosion-Proof-Gas-Station-Light.png 780w, https:\/\/led.amasly.com\/wp-content\/uploads\/2024\/09\/LED-Explosion-Proof-Gas-Station-Light.png 360w\" sizes=\"auto, (max-width: 480px) 150px\" src=\"https:\/\/led.amasly.com\/wp-content\/uploads\/2024\/09\/LED-Explosion-Proof-Gas-Station-Light.png\" alt=\"\" class=\"uag-image-1501\" width=\"300\" height=\"300\" title=\"LED-eksplosionssikkert tankstationslys\" loading=\"lazy\" role=\"img\"><\/a><\/figure><\/div>\n<\/div>\n<\/div><\/div>\n\n\n\n<div class=\"wp-block-uagb-container uagb-block-548945b5 alignfull uagb-is-root-container\"><div class=\"uagb-container-inner-blocks-wrap\">\n<div class=\"wp-block-uagb-container uagb-block-967755d5\">\n<h4 class=\"wp-block-heading has-text-align-center\"><a href=\"https:\/\/led.amasly.com\/da\/products\/\">LED-eksplosionssikre lamper<\/a><\/h4>\n<\/div>\n\n\n\n<div class=\"wp-block-uagb-container uagb-block-9bc52fc2\">\n<h4 class=\"wp-block-heading has-text-align-center\"><a href=\"https:\/\/led.amasly.com\/da\/products\/\">LED Tri-Proof-lys<\/a><\/h4>\n<\/div>\n\n\n\n<div class=\"wp-block-uagb-container uagb-block-8ffa0a23\">\n<h4 class=\"wp-block-heading has-text-align-center\"><a href=\"https:\/\/led.amasly.com\/da\/products\/\">Eksplosionssikre lamper til tankstationer<\/a><\/h4>\n<\/div>\n<\/div><\/div>\n\n\n\n<div class=\"wp-block-uagb-container uagb-block-29499fe0 alignfull uagb-is-root-container\"><div class=\"uagb-container-inner-blocks-wrap\">\n<div class=\"wp-block-uagb-container uagb-block-777ee1c7\">\n<div class=\"wp-block-uagb-image uagb-block-2e9a1851 wp-block-uagb-image--layout-default wp-block-uagb-image--effect-static wp-block-uagb-image--align-none\"><figure class=\"wp-block-uagb-image__figure\"><a class=\"\" href=\"https:\/\/led.amasly.com\/da\/products\/\" target=\"\" rel=\"noopener\"><img decoding=\"async\" srcset=\"https:\/\/led.amasly.com\/wp-content\/uploads\/2024\/10\/50W-100W-150W-200W-300W-LED-Flood-Light.jpg ,https:\/\/led.amasly.com\/wp-content\/uploads\/2024\/10\/50W-100W-150W-200W-300W-LED-Flood-Light.jpg 780w, https:\/\/led.amasly.com\/wp-content\/uploads\/2024\/10\/50W-100W-150W-200W-300W-LED-Flood-Light.jpg 360w\" sizes=\"auto, (max-width: 480px) 150px\" src=\"https:\/\/led.amasly.com\/wp-content\/uploads\/2024\/10\/50W-100W-150W-200W-300W-LED-Flood-Light.jpg\" alt=\"\" class=\"uag-image-1526\" width=\"300\" height=\"300\" title=\"50W 100W 150W 200W 300W LED-oversv\u00f8mmelseslys\" loading=\"lazy\" role=\"img\"><\/a><\/figure><\/div>\n<\/div>\n\n\n\n<div class=\"wp-block-uagb-container uagb-block-af8c8683\">\n<div class=\"wp-block-uagb-image uagb-block-67947854 wp-block-uagb-image--layout-default wp-block-uagb-image--effect-static wp-block-uagb-image--align-none\"><figure class=\"wp-block-uagb-image__figure\"><a class=\"\" href=\"https:\/\/led.amasly.com\/da\/products\/\" target=\"\" rel=\"noopener\"><img decoding=\"async\" srcset=\"https:\/\/led.amasly.com\/wp-content\/uploads\/2024\/07\/led-tri-proof-light.png ,https:\/\/led.amasly.com\/wp-content\/uploads\/2024\/07\/led-tri-proof-light.png 780w, https:\/\/led.amasly.com\/wp-content\/uploads\/2024\/07\/led-tri-proof-light.png 360w\" sizes=\"auto, (max-width: 480px) 150px\" src=\"https:\/\/led.amasly.com\/wp-content\/uploads\/2024\/07\/led-tri-proof-light.png\" alt=\"\" class=\"uag-image-1130\" width=\"300\" height=\"300\" title=\"led-tri-proof-lys\" loading=\"lazy\" role=\"img\"><\/a><\/figure><\/div>\n<\/div>\n\n\n\n<div class=\"wp-block-uagb-container uagb-block-0fdfdd58\">\n<div class=\"wp-block-uagb-image uagb-block-1187d32d wp-block-uagb-image--layout-default wp-block-uagb-image--effect-static wp-block-uagb-image--align-none\"><figure class=\"wp-block-uagb-image__figure\"><a class=\"\" href=\"https:\/\/led.amasly.com\/da\/products\/\" target=\"\" rel=\"noopener\"><img decoding=\"async\" srcset=\"https:\/\/led.amasly.com\/wp-content\/uploads\/2024\/07\/LED-street-light.jpg ,https:\/\/led.amasly.com\/wp-content\/uploads\/2024\/07\/LED-street-light.jpg 780w, https:\/\/led.amasly.com\/wp-content\/uploads\/2024\/07\/LED-street-light.jpg 360w\" sizes=\"auto, (max-width: 480px) 150px\" src=\"https:\/\/led.amasly.com\/wp-content\/uploads\/2024\/07\/LED-street-light.jpg\" alt=\"\" class=\"uag-image-1145\" width=\"300\" height=\"300\" title=\"LED-gadebelysning\" loading=\"lazy\" role=\"img\"><\/a><\/figure><\/div>\n<\/div>\n<\/div><\/div>\n\n\n\n<div class=\"wp-block-uagb-container uagb-block-6a60882c alignfull uagb-is-root-container\"><div class=\"uagb-container-inner-blocks-wrap\">\n<div class=\"wp-block-uagb-container uagb-block-f1e91a35\">\n<h4 class=\"wp-block-heading has-text-align-center\"><a href=\"https:\/\/led.amasly.com\/da\/products\/\">LED-oversv\u00f8mmelseslys<\/a><\/h4>\n<\/div>\n\n\n\n<div class=\"wp-block-uagb-container uagb-block-165bfa58\">\n<h4 class=\"wp-block-heading has-text-align-center\"><a href=\"https:\/\/led.amasly.com\/da\/products\/\">LED Tri-Proof lysr\u00f8r<\/a><\/h4>\n<\/div>\n\n\n\n<div class=\"wp-block-uagb-container uagb-block-f6096e3b\">\n<h4 class=\"wp-block-heading has-text-align-center\"><a href=\"https:\/\/led.amasly.com\/da\/products\/\">LED-gadelys<\/a><\/h4>\n<\/div>\n<\/div><\/div>\n\n\n\n<div class=\"wp-block-uagb-container uagb-block-99c0e0a5 alignfull uagb-is-root-container\"><div class=\"uagb-container-inner-blocks-wrap\"><\/div><\/div>\n\n\n\n<p><\/p>","protected":false},"excerpt":{"rendered":"<p>High Bay&nbsp;Light Price Reveal: How Much Does an High Bay&nbsp;Light Really Cost? Industrial light, also known as canopy light, is a kind of high energy-efficient indoor LED lamps, can be widely used in industrial plants, production workshops, commercial super, sports and entertainment venues, as well as warehouses and so on. Industrial light is an important [&hellip;]<\/p>\n","protected":false},"author":1,"featured_media":0,"parent":2869,"menu_order":0,"comment_status":"closed","ping_status":"closed","template":"","meta":{"_uag_custom_page_level_css":"","site-sidebar-layout":"no-sidebar","site-content-layout":"","ast-site-content-layout":"default","site-content-style":"default","site-sidebar-style":"default","ast-global-header-display":"","ast-banner-title-visibility":"","ast-main-header-display":"","ast-hfb-above-header-display":"","ast-hfb-below-header-display":"","ast-hfb-mobile-header-display":"","site-post-title":"disabled","ast-breadcrumbs-content":"","ast-featured-img":"","footer-sml-layout":"","ast-disable-related-posts":"","theme-transparent-header-meta":"enabled","adv-header-id-meta":"","stick-header-meta":"","header-above-stick-meta":"","header-main-stick-meta":"","header-below-stick-meta":"","astra-migrate-meta-layouts":"set","ast-page-background-enabled":"default","ast-page-background-meta":{"desktop":{"background-color":"var(--ast-global-color-4)","background-image":"","background-repeat":"repeat","background-position":"center center","background-size":"auto","background-attachment":"scroll","background-type":"","background-media":"","overlay-type":"","overlay-color":"","overlay-opacity":"","overlay-gradient":""},"tablet":{"background-color":"","background-image":"","background-repeat":"repeat","background-position":"center center","background-size":"auto","background-attachment":"scroll","background-type":"","background-media":"","overlay-type":"","overlay-color":"","overlay-opacity":"","overlay-gradient":""},"mobile":{"background-color":"","background-image":"","background-repeat":"repeat","background-position":"center center","background-size":"auto","background-attachment":"scroll","background-type":"","background-media":"","overlay-type":"","overlay-color":"","overlay-opacity":"","overlay-gradient":""}},"ast-content-background-meta":{"desktop":{"background-color":"var(--ast-global-color-5)","background-image":"","background-repeat":"repeat","background-position":"center center","background-size":"auto","background-attachment":"scroll","background-type":"","background-media":"","overlay-type":"","overlay-color":"","overlay-opacity":"","overlay-gradient":""},"tablet":{"background-color":"var(--ast-global-color-5)","background-image":"","background-repeat":"repeat","background-position":"center center","background-size":"auto","background-attachment":"scroll","background-type":"","background-media":"","overlay-type":"","overlay-color":"","overlay-opacity":"","overlay-gradient":""},"mobile":{"background-color":"var(--ast-global-color-5)","background-image":"","background-repeat":"repeat","background-position":"center center","background-size":"auto","background-attachment":"scroll","background-type":"","background-media":"","overlay-type":"","overlay-color":"","overlay-opacity":"","overlay-gradient":""}},"footnotes":""},"class_list":["post-2946","page","type-page","status-publish","hentry"],"uagb_featured_image_src":{"full":false,"thumbnail":false,"medium":false,"medium_large":false,"large":false,"1536x1536":false,"2048x2048":false,"trp-custom-language-flag":false},"uagb_author_info":{"display_name":"Joe","author_link":"https:\/\/led.amasly.com\/da\/author\/jacklin\/"},"uagb_comment_info":0,"uagb_excerpt":"High Bay&nbsp;Light Price Reveal: How Much Does an High Bay&nbsp;Light Really Cost? Industrial light, also known as canopy light, is a kind of high energy-efficient indoor LED lamps, can be widely used in industrial plants, production workshops, commercial super, sports and entertainment venues, as well as warehouses and so on. Industrial light is an important&hellip;","_links":{"self":[{"href":"https:\/\/led.amasly.com\/da\/wp-json\/wp\/v2\/pages\/2946","targetHints":{"allow":["GET"]}}],"collection":[{"href":"https:\/\/led.amasly.com\/da\/wp-json\/wp\/v2\/pages"}],"about":[{"href":"https:\/\/led.amasly.com\/da\/wp-json\/wp\/v2\/types\/page"}],"author":[{"embeddable":true,"href":"https:\/\/led.amasly.com\/da\/wp-json\/wp\/v2\/users\/1"}],"replies":[{"embeddable":true,"href":"https:\/\/led.amasly.com\/da\/wp-json\/wp\/v2\/comments?post=2946"}],"version-history":[{"count":4,"href":"https:\/\/led.amasly.com\/da\/wp-json\/wp\/v2\/pages\/2946\/revisions"}],"predecessor-version":[{"id":4497,"href":"https:\/\/led.amasly.com\/da\/wp-json\/wp\/v2\/pages\/2946\/revisions\/4497"}],"up":[{"embeddable":true,"href":"https:\/\/led.amasly.com\/da\/wp-json\/wp\/v2\/pages\/2869"}],"wp:attachment":[{"href":"https:\/\/led.amasly.com\/da\/wp-json\/wp\/v2\/media?parent=2946"}],"curies":[{"name":"wp","href":"https:\/\/api.w.org\/{rel}","templated":true}]}}