{"id":2370,"date":"2025-03-08T21:57:35","date_gmt":"2025-03-08T13:57:35","guid":{"rendered":"https:\/\/led.amasly.com\/?page_id=2370"},"modified":"2025-07-08T23:21:56","modified_gmt":"2025-07-08T15:21:56","slug":"knowledge","status":"publish","type":"page","link":"https:\/\/led.amasly.com\/da\/knowledge\/","title":{"rendered":"Viden"},"content":{"rendered":"<div class=\"wp-block-uagb-container uagb-block-27bae773 alignfull uagb-is-root-container\"><div class=\"uagb-container-inner-blocks-wrap\">\n<div class=\"wp-block-uagb-info-box uagb-block-b537abb1 uagb-infobox__content-wrap  uagb-infobox-icon-above-title uagb-infobox-image-valign-top wp-block-uagb-info-box--has-margin\"><div class=\"uagb-infobox-margin-wrapper\"><div class=\"uagb-ifb-content\"><div class=\"uagb-ifb-title-wrap\"><\/div><\/div><\/div><\/div>\n<\/div><\/div>\n\n\n\n<p>Amasly er et professionelt belysningsfirma, vores produkter fokuserer p\u00e5 industriel belysning og udend\u00f8rs belysning. Hovedprodukterne er ledede eksplosionssikre lys, eksplosionssikre elektriske apparater, ledede high bay-lys, ledede oversv\u00f8mmelseslys, ledede gadebelysning, ledede tri-sikre lys og sol-ledede lys.<\/p>\n\n\n\n<p>Vores produkter er blevet eksporteret til 68 lande rundt om i verden, f.eks. Europa og USA, og har vundet anerkendelse fra verdens f\u00f8rende leverand\u00f8rer af belysningsprodukter med sine produkter af h\u00f8j kvalitet.<\/p>\n\n\n\n<h1 class=\"wp-block-heading\">Viden om lys og elektricitet<\/h1>\n\n\n\n<p><\/p>\n\n\n\n<div class=\"wp-block-uagb-container uagb-block-78cb55ea alignfull uagb-is-root-container\"><div class=\"uagb-container-inner-blocks-wrap\">\n<div class=\"wp-block-uagb-container uagb-block-ae01babb\">\n<h2 class=\"wp-block-heading\"><a href=\"https:\/\/led.amasly.com\/da\/knowledge\/led-light-knowledge\/\">Viden om LED-lys<\/a><\/h2>\n<\/div>\n\n\n\n<div class=\"wp-block-uagb-container uagb-block-aaa439af\">\n<div class=\"wp-block-uagb-image uagb-block-31219426 wp-block-uagb-image--layout-default wp-block-uagb-image--effect-static wp-block-uagb-image--align-none\"><figure class=\"wp-block-uagb-image__figure\"><a class=\"\" href=\"https:\/\/led.amasly.com\/da\/knowledge\/led-light-knowledge\/\" target=\"\" rel=\"noopener\"><img decoding=\"async\" srcset=\"https:\/\/led.amasly.com\/wp-content\/uploads\/2025\/07\/LED-lamps-1024x499.png ,https:\/\/led.amasly.com\/wp-content\/uploads\/2025\/07\/LED-lamps.png 780w, https:\/\/led.amasly.com\/wp-content\/uploads\/2025\/07\/LED-lamps.png 360w\" sizes=\"auto, (max-width: 480px) 150px\" src=\"https:\/\/led.amasly.com\/wp-content\/uploads\/2025\/07\/LED-lamps-1024x499.png\" alt=\"\" class=\"uag-image-4106\" width=\"1024\" height=\"499\" title=\"LED-lamper\" loading=\"lazy\" role=\"img\"><\/a><\/figure><\/div>\n<\/div>\n<\/div><\/div>\n\n\n\n<div class=\"wp-block-uagb-container uagb-block-bd23c8ae alignfull uagb-is-root-container\"><div class=\"uagb-container-inner-blocks-wrap\">\n<div class=\"wp-block-uagb-container uagb-block-fd43e8a2\">\n<h2 class=\"wp-block-heading\"><a href=\"https:\/\/led.amasly.com\/da\/knowledge\/explosion-proof-products-knowledge\/\">Viden om eksplosionssikre produkter<\/a><\/h2>\n<\/div>\n\n\n\n<div class=\"wp-block-uagb-container uagb-block-3c4b6f3b\">\n<div class=\"wp-block-uagb-image uagb-block-5d5abe42 wp-block-uagb-image--layout-default wp-block-uagb-image--effect-static wp-block-uagb-image--align-none\"><figure class=\"wp-block-uagb-image__figure\"><a class=\"\" href=\"https:\/\/led.amasly.com\/da\/knowledge\/explosion-proof-products-knowledge\/\" target=\"\" rel=\"noopener\"><img decoding=\"async\" srcset=\"https:\/\/led.amasly.com\/wp-content\/uploads\/2025\/03\/2fca32c318e6523070fbc173de32411a_sunset-6226244_1280-1-1024x686.jpg ,https:\/\/led.amasly.com\/wp-content\/uploads\/2025\/03\/2fca32c318e6523070fbc173de32411a_sunset-6226244_1280-1.jpg 780w, https:\/\/led.amasly.com\/wp-content\/uploads\/2025\/03\/2fca32c318e6523070fbc173de32411a_sunset-6226244_1280-1.jpg 360w\" sizes=\"auto, (max-width: 480px) 150px\" src=\"https:\/\/led.amasly.com\/wp-content\/uploads\/2025\/03\/2fca32c318e6523070fbc173de32411a_sunset-6226244_1280-1-1024x686.jpg\" alt=\"\" class=\"uag-image-2371\" width=\"1024\" height=\"529\" title=\"2fca32c318e6523070fbc173de32411a_sunset-6226244_1280\" loading=\"lazy\" role=\"img\"><\/a><\/figure><\/div>\n<\/div>\n<\/div><\/div>\n\n\n\n<div class=\"wp-block-uagb-container uagb-block-e9d680de alignfull uagb-is-root-container\"><div class=\"uagb-container-inner-blocks-wrap\">\n<div class=\"wp-block-uagb-container uagb-block-3a490d67\">\n<h2 class=\"wp-block-heading\"><a href=\"https:\/\/led.amasly.com\/da\/high-bay-light-knowledge\/\">Viden om high bay-lys<\/a><\/h2>\n<\/div>\n\n\n\n<div class=\"wp-block-uagb-container uagb-block-1f1f7c80\">\n<div class=\"wp-block-uagb-image uagb-block-8fef6678 wp-block-uagb-image--layout-default wp-block-uagb-image--effect-static wp-block-uagb-image--align-none\"><figure class=\"wp-block-uagb-image__figure\"><a class=\"\" href=\"https:\/\/led.amasly.com\/da\/high-bay-light-knowledge\/\" target=\"\" rel=\"noopener\"><img decoding=\"async\" srcset=\"https:\/\/led.amasly.com\/wp-content\/uploads\/2025\/02\/Warehouses-Intelligent-Lighting-Solutions-2-1024x576.jpg ,https:\/\/led.amasly.com\/wp-content\/uploads\/2025\/02\/Warehouses-Intelligent-Lighting-Solutions-2.jpg 780w, https:\/\/led.amasly.com\/wp-content\/uploads\/2025\/02\/Warehouses-Intelligent-Lighting-Solutions-2.jpg 360w\" sizes=\"auto, (max-width: 480px) 150px\" src=\"https:\/\/led.amasly.com\/wp-content\/uploads\/2025\/02\/Warehouses-Intelligent-Lighting-Solutions-2-1024x576.jpg\" alt=\"\" class=\"uag-image-2054\" width=\"1024\" height=\"529\" title=\"Lagerbygninger Intelligente belysningsl\u00f8sninger (2)\" loading=\"lazy\" role=\"img\"><\/a><\/figure><\/div>\n<\/div>\n<\/div><\/div>\n\n\n\n<div class=\"wp-block-uagb-container uagb-block-f75c59aa alignfull uagb-is-root-container\"><div class=\"uagb-container-inner-blocks-wrap\">\n<div class=\"wp-block-uagb-container uagb-block-5104502a\">\n<h2 class=\"wp-block-heading\"><a href=\"https:\/\/led.amasly.com\/da\/knowledge\/outdoor-light-knowledge\/\">Viden om udend\u00f8rs lys<\/a><\/h2>\n<\/div>\n\n\n\n<div class=\"wp-block-uagb-container uagb-block-a958d921\">\n<div class=\"wp-block-uagb-image uagb-block-d25905fa wp-block-uagb-image--layout-default wp-block-uagb-image--effect-static wp-block-uagb-image--align-none\"><figure class=\"wp-block-uagb-image__figure\"><a class=\"\" href=\"https:\/\/led.amasly.com\/da\/knowledge\/outdoor-light-knowledge\/\" target=\"\" rel=\"noopener\"><img decoding=\"async\" srcset=\"https:\/\/led.amasly.com\/wp-content\/uploads\/2025\/02\/stadium-lighting-4-1024x682.jpg ,https:\/\/led.amasly.com\/wp-content\/uploads\/2025\/02\/stadium-lighting-4.jpg 780w, https:\/\/led.amasly.com\/wp-content\/uploads\/2025\/02\/stadium-lighting-4.jpg 360w\" sizes=\"auto, (max-width: 480px) 150px\" src=\"https:\/\/led.amasly.com\/wp-content\/uploads\/2025\/02\/stadium-lighting-4-1024x682.jpg\" alt=\"\" class=\"uag-image-1948\" width=\"1024\" height=\"529\" title=\"stadionbelysning (4)\" loading=\"lazy\" role=\"img\"><\/a><\/figure><\/div>\n<\/div>\n<\/div><\/div>\n\n\n\n<div class=\"wp-block-uagb-container uagb-block-2f7a90f6 alignfull uagb-is-root-container\"><div class=\"uagb-container-inner-blocks-wrap\">\n<div class=\"wp-block-uagb-info-box uagb-block-8b5cd174 uagb-infobox__content-wrap  uagb-infobox-icon-above-title uagb-infobox-image-valign-top wp-block-uagb-info-box--has-margin\"><div class=\"uagb-infobox-margin-wrapper\"><div class=\"uagb-ifb-content\"><div class=\"uagb-ifb-title-wrap\"><\/div><\/div><\/div><\/div>\n<\/div><\/div>\n\n\n\n<h2 class=\"wp-block-heading\">Relaterede produkter<\/h2>\n\n\n\n<div class=\"wp-block-uagb-container uagb-block-492a12c6 alignfull uagb-is-root-container\"><div class=\"uagb-container-inner-blocks-wrap\">\n<div class=\"wp-block-uagb-container uagb-block-489233b8\">\n<div class=\"wp-block-uagb-image uagb-block-f86481bd wp-block-uagb-image--layout-default wp-block-uagb-image--effect-static wp-block-uagb-image--align-none\"><figure class=\"wp-block-uagb-image__figure\"><a class=\"\" href=\"https:\/\/led.amasly.com\/da\/products\/\" target=\"\" rel=\"noopener\"><img decoding=\"async\" srcset=\"https:\/\/led.amasly.com\/wp-content\/uploads\/2024\/09\/Explosion-proof-high-bay-lights.png ,https:\/\/led.amasly.com\/wp-content\/uploads\/2024\/09\/Explosion-proof-high-bay-lights.png 780w, https:\/\/led.amasly.com\/wp-content\/uploads\/2024\/09\/Explosion-proof-high-bay-lights.png 360w\" sizes=\"auto, (max-width: 480px) 150px\" src=\"https:\/\/led.amasly.com\/wp-content\/uploads\/2024\/09\/Explosion-proof-high-bay-lights.png\" alt=\"\" class=\"uag-image-1495\" width=\"300\" height=\"300\" title=\"Eksplosionssikre high bay-lys\" loading=\"lazy\" role=\"img\"><\/a><\/figure><\/div>\n<\/div>\n\n\n\n<div class=\"wp-block-uagb-container uagb-block-41faa083\">\n<div class=\"wp-block-uagb-image uagb-block-f71a09a9 wp-block-uagb-image--layout-default wp-block-uagb-image--effect-static wp-block-uagb-image--align-none\"><figure class=\"wp-block-uagb-image__figure\"><a class=\"\" href=\"https:\/\/led.amasly.com\/da\/products\/\" target=\"\" rel=\"noopener\"><img decoding=\"async\" srcset=\"https:\/\/led.amasly.com\/wp-content\/uploads\/2024\/08\/Explosion-proof-flood-light.png ,https:\/\/led.amasly.com\/wp-content\/uploads\/2024\/08\/Explosion-proof-flood-light.png 780w, https:\/\/led.amasly.com\/wp-content\/uploads\/2024\/08\/Explosion-proof-flood-light.png 360w\" sizes=\"auto, (max-width: 480px) 150px\" src=\"https:\/\/led.amasly.com\/wp-content\/uploads\/2024\/08\/Explosion-proof-flood-light.png\" alt=\"\" class=\"uag-image-1482\" width=\"300\" height=\"300\" title=\"Eksplosionssikkert projekt\u00f8rlys\" loading=\"lazy\" role=\"img\"><\/a><\/figure><\/div>\n<\/div>\n\n\n\n<div class=\"wp-block-uagb-container uagb-block-85cfaedc\">\n<div class=\"wp-block-uagb-image uagb-block-21b5cff7 wp-block-uagb-image--layout-default wp-block-uagb-image--effect-static wp-block-uagb-image--align-none\"><figure class=\"wp-block-uagb-image__figure\"><a class=\"\" href=\"https:\/\/led.amasly.com\/da\/products\/\" target=\"\" rel=\"noopener\"><img decoding=\"async\" srcset=\"https:\/\/led.amasly.com\/wp-content\/uploads\/2025\/01\/1.jpg ,https:\/\/led.amasly.com\/wp-content\/uploads\/2025\/01\/1.jpg 780w, https:\/\/led.amasly.com\/wp-content\/uploads\/2025\/01\/1.jpg 360w\" sizes=\"auto, (max-width: 480px) 150px\" src=\"https:\/\/led.amasly.com\/wp-content\/uploads\/2025\/01\/1.jpg\" alt=\"\" class=\"uag-image-1686\" width=\"800\" height=\"800\" title=\"1\" loading=\"lazy\" role=\"img\"><\/a><\/figure><\/div>\n<\/div>\n\n\n\n<div class=\"wp-block-uagb-container uagb-block-26ed2c96\">\n<div class=\"wp-block-uagb-image uagb-block-74690288 wp-block-uagb-image--layout-default wp-block-uagb-image--effect-static wp-block-uagb-image--align-none\"><figure class=\"wp-block-uagb-image__figure\"><a class=\"\" href=\"https:\/\/led.amasly.com\/da\/products\/\" target=\"\" rel=\"noopener\"><img decoding=\"async\" srcset=\"https:\/\/led.amasly.com\/wp-content\/uploads\/2024\/09\/LED-Explosion-Proof-Gas-Station-Light.png ,https:\/\/led.amasly.com\/wp-content\/uploads\/2024\/09\/LED-Explosion-Proof-Gas-Station-Light.png 780w, https:\/\/led.amasly.com\/wp-content\/uploads\/2024\/09\/LED-Explosion-Proof-Gas-Station-Light.png 360w\" sizes=\"auto, (max-width: 480px) 150px\" src=\"https:\/\/led.amasly.com\/wp-content\/uploads\/2024\/09\/LED-Explosion-Proof-Gas-Station-Light.png\" alt=\"\" class=\"uag-image-1501\" width=\"300\" height=\"300\" title=\"LED-eksplosionssikkert tankstationslys\" loading=\"lazy\" role=\"img\"><\/a><\/figure><\/div>\n<\/div>\n<\/div><\/div>\n\n\n\n<div class=\"wp-block-uagb-container uagb-block-7c7b1c72 alignfull uagb-is-root-container\"><div class=\"uagb-container-inner-blocks-wrap\">\n<div class=\"wp-block-uagb-container uagb-block-de40c4b5\">\n<h5 class=\"wp-block-heading has-text-align-center\"><a href=\"https:\/\/led.amasly.com\/da\/products\/\">Eksplosionssikkert high bay-lys<\/a><\/h5>\n<\/div>\n\n\n\n<div class=\"wp-block-uagb-container uagb-block-f38acbf0\">\n<h5 class=\"wp-block-heading has-text-align-center\"><a href=\"https:\/\/led.amasly.com\/da\/products\/\">Eksplosionssikkert oversv\u00f8mmelseslys<\/a><\/h5>\n<\/div>\n\n\n\n<div class=\"wp-block-uagb-container uagb-block-2cdde923\">\n<h5 class=\"wp-block-heading has-text-align-center\"><a href=\"https:\/\/led.amasly.com\/da\/products\/\">Eksplosionssikkert line\u00e6rt lys<\/a><\/h5>\n<\/div>\n\n\n\n<div class=\"wp-block-uagb-container uagb-block-4786d708\">\n<h5 class=\"wp-block-heading has-text-align-center\"><a href=\"https:\/\/led.amasly.com\/da\/products\/\">Eksplosionssikkert lys til tankstationer<\/a><\/h5>\n<\/div>\n<\/div><\/div>\n\n\n\n<div class=\"wp-block-uagb-container uagb-block-cb024e0e alignfull uagb-is-root-container\"><div class=\"uagb-container-inner-blocks-wrap\">\n<div class=\"wp-block-uagb-container uagb-block-af459a34\">\n<div class=\"wp-block-uagb-image uagb-block-b2e8e1b3 wp-block-uagb-image--layout-default wp-block-uagb-image--effect-static wp-block-uagb-image--align-none\"><figure class=\"wp-block-uagb-image__figure\"><a class=\"\" href=\"https:\/\/led.amasly.com\/da\/products\/\" target=\"\" rel=\"noopener\"><img decoding=\"async\" srcset=\"https:\/\/led.amasly.com\/wp-content\/uploads\/2024\/10\/50W-100W-150W-200W-300W-LED-Flood-Light.jpg ,https:\/\/led.amasly.com\/wp-content\/uploads\/2024\/10\/50W-100W-150W-200W-300W-LED-Flood-Light.jpg 780w, https:\/\/led.amasly.com\/wp-content\/uploads\/2024\/10\/50W-100W-150W-200W-300W-LED-Flood-Light.jpg 360w\" sizes=\"auto, (max-width: 480px) 150px\" src=\"https:\/\/led.amasly.com\/wp-content\/uploads\/2024\/10\/50W-100W-150W-200W-300W-LED-Flood-Light.jpg\" alt=\"\" class=\"uag-image-1526\" width=\"300\" height=\"300\" title=\"50W 100W 150W 200W 300W LED-oversv\u00f8mmelseslys\" loading=\"lazy\" role=\"img\"><\/a><\/figure><\/div>\n<\/div>\n\n\n\n<div class=\"wp-block-uagb-container uagb-block-4b67c5ea\">\n<div class=\"wp-block-uagb-image uagb-block-9e04f065 wp-block-uagb-image--layout-default wp-block-uagb-image--effect-static wp-block-uagb-image--align-none\"><figure class=\"wp-block-uagb-image__figure\"><a class=\"\" href=\"https:\/\/led.amasly.com\/da\/products\/\" target=\"\" rel=\"noopener\"><img decoding=\"async\" srcset=\"https:\/\/led.amasly.com\/wp-content\/uploads\/2024\/08\/2000W-LED-Stadium-Light.jpg ,https:\/\/led.amasly.com\/wp-content\/uploads\/2024\/08\/2000W-LED-Stadium-Light.jpg 780w, https:\/\/led.amasly.com\/wp-content\/uploads\/2024\/08\/2000W-LED-Stadium-Light.jpg 360w\" sizes=\"auto, (max-width: 480px) 150px\" src=\"https:\/\/led.amasly.com\/wp-content\/uploads\/2024\/08\/2000W-LED-Stadium-Light.jpg\" alt=\"\" class=\"uag-image-1473\" width=\"300\" height=\"300\" title=\"2000W LED stadionlys\" loading=\"lazy\" role=\"img\"><\/a><\/figure><\/div>\n<\/div>\n\n\n\n<div class=\"wp-block-uagb-container uagb-block-51e4eb1c\">\n<div class=\"wp-block-uagb-image uagb-block-6fd8bb55 wp-block-uagb-image--layout-default wp-block-uagb-image--effect-static wp-block-uagb-image--align-none\"><figure class=\"wp-block-uagb-image__figure\"><a class=\"\" href=\"https:\/\/led.amasly.com\/da\/products\/\" target=\"\" rel=\"noopener\"><img decoding=\"async\" srcset=\"https:\/\/led.amasly.com\/wp-content\/uploads\/2024\/07\/high-bay-light.jpg ,https:\/\/led.amasly.com\/wp-content\/uploads\/2024\/07\/high-bay-light.jpg 780w, https:\/\/led.amasly.com\/wp-content\/uploads\/2024\/07\/high-bay-light.jpg 360w\" sizes=\"auto, (max-width: 480px) 150px\" src=\"https:\/\/led.amasly.com\/wp-content\/uploads\/2024\/07\/high-bay-light.jpg\" alt=\"\" class=\"uag-image-1134\" width=\"800\" height=\"800\" title=\"h\u00f8j-bay-lys\" loading=\"lazy\" role=\"img\"><\/a><\/figure><\/div>\n<\/div>\n\n\n\n<div class=\"wp-block-uagb-container uagb-block-d8b9b3c2\">\n<div class=\"wp-block-uagb-image uagb-block-b794b600 wp-block-uagb-image--layout-default wp-block-uagb-image--effect-static wp-block-uagb-image--align-none\"><figure class=\"wp-block-uagb-image__figure\"><a class=\"\" href=\"https:\/\/led.amasly.com\/da\/products\/\" target=\"\" rel=\"noopener\"><img decoding=\"async\" srcset=\"https:\/\/led.amasly.com\/wp-content\/uploads\/2024\/07\/LED-street-light.jpg ,https:\/\/led.amasly.com\/wp-content\/uploads\/2024\/07\/LED-street-light.jpg 780w, https:\/\/led.amasly.com\/wp-content\/uploads\/2024\/07\/LED-street-light.jpg 360w\" sizes=\"auto, (max-width: 480px) 150px\" src=\"https:\/\/led.amasly.com\/wp-content\/uploads\/2024\/07\/LED-street-light.jpg\" alt=\"\" class=\"uag-image-1145\" width=\"300\" height=\"300\" title=\"LED-gadebelysning\" loading=\"lazy\" role=\"img\"><\/a><\/figure><\/div>\n<\/div>\n<\/div><\/div>\n\n\n\n<div class=\"wp-block-uagb-container uagb-block-b852371c alignfull uagb-is-root-container\"><div class=\"uagb-container-inner-blocks-wrap\">\n<div class=\"wp-block-uagb-container uagb-block-27e46e5d\">\n<h5 class=\"wp-block-heading has-text-align-center\"><a href=\"https:\/\/led.amasly.com\/da\/products\/\">LED-oversv\u00f8mmelseslys<\/a><\/h5>\n<\/div>\n\n\n\n<div class=\"wp-block-uagb-container uagb-block-347094b5\">\n<h5 class=\"wp-block-heading has-text-align-center\"><a href=\"https:\/\/led.amasly.com\/da\/products\/\">LED stadionlys<\/a><\/h5>\n<\/div>\n\n\n\n<div class=\"wp-block-uagb-container uagb-block-bbddcbbe\">\n<h5 class=\"wp-block-heading has-text-align-center\"><a href=\"https:\/\/led.amasly.com\/da\/products\/\">LED High Bay-lys<\/a><\/h5>\n<\/div>\n\n\n\n<div class=\"wp-block-uagb-container uagb-block-5eb607f2\">\n<h5 class=\"wp-block-heading has-text-align-center\"><a href=\"https:\/\/led.amasly.com\/da\/products\/\">LED-gadebelysning<\/a><\/h5>\n<\/div>\n<\/div><\/div>\n\n\n\n<div class=\"wp-block-uagb-container uagb-block-69eeacf9 alignfull uagb-is-root-container\"><div class=\"uagb-container-inner-blocks-wrap\">\n<div class=\"wp-block-uagb-info-box uagb-block-2763a303 uagb-infobox__content-wrap  uagb-infobox-icon-above-title uagb-infobox-image-valign-top wp-block-uagb-info-box--has-margin\"><div class=\"uagb-infobox-margin-wrapper\"><div class=\"uagb-ifb-content\"><div class=\"uagb-ifb-title-wrap\"><\/div><\/div><\/div><\/div>\n<\/div><\/div>","protected":false},"excerpt":{"rendered":"<p>Amasly is a professional lighting company, our products focuses on industrial lighting and outdoor lighting. Main products are led explosion proof lights, explosion proof electrical appliance, led high bay lights, led flood lights, led street lights, led tri-proof lights and solar led lights. Our products have been exported to 68 countries around the world, such [&hellip;]<\/p>\n","protected":false},"author":1,"featured_media":0,"parent":0,"menu_order":0,"comment_status":"closed","ping_status":"closed","template":"","meta":{"_uag_custom_page_level_css":"","site-sidebar-layout":"no-sidebar","site-content-layout":"","ast-site-content-layout":"default","site-content-style":"default","site-sidebar-style":"default","ast-global-header-display":"","ast-banner-title-visibility":"","ast-main-header-display":"","ast-hfb-above-header-display":"","ast-hfb-below-header-display":"","ast-hfb-mobile-header-display":"","site-post-title":"disabled","ast-breadcrumbs-content":"","ast-featured-img":"","footer-sml-layout":"","ast-disable-related-posts":"","theme-transparent-header-meta":"enabled","adv-header-id-meta":"","stick-header-meta":"","header-above-stick-meta":"","header-main-stick-meta":"","header-below-stick-meta":"","astra-migrate-meta-layouts":"set","ast-page-background-enabled":"default","ast-page-background-meta":{"desktop":{"background-color":"var(--ast-global-color-4)","background-image":"","background-repeat":"repeat","background-position":"center center","background-size":"auto","background-attachment":"scroll","background-type":"","background-media":"","overlay-type":"","overlay-color":"","overlay-opacity":"","overlay-gradient":""},"tablet":{"background-color":"","background-image":"","background-repeat":"repeat","background-position":"center center","background-size":"auto","background-attachment":"scroll","background-type":"","background-media":"","overlay-type":"","overlay-color":"","overlay-opacity":"","overlay-gradient":""},"mobile":{"background-color":"","background-image":"","background-repeat":"repeat","background-position":"center center","background-size":"auto","background-attachment":"scroll","background-type":"","background-media":"","overlay-type":"","overlay-color":"","overlay-opacity":"","overlay-gradient":""}},"ast-content-background-meta":{"desktop":{"background-color":"var(--ast-global-color-5)","background-image":"","background-repeat":"repeat","background-position":"center center","background-size":"auto","background-attachment":"scroll","background-type":"","background-media":"","overlay-type":"","overlay-color":"","overlay-opacity":"","overlay-gradient":""},"tablet":{"background-color":"var(--ast-global-color-5)","background-image":"","background-repeat":"repeat","background-position":"center center","background-size":"auto","background-attachment":"scroll","background-type":"","background-media":"","overlay-type":"","overlay-color":"","overlay-opacity":"","overlay-gradient":""},"mobile":{"background-color":"var(--ast-global-color-5)","background-image":"","background-repeat":"repeat","background-position":"center center","background-size":"auto","background-attachment":"scroll","background-type":"","background-media":"","overlay-type":"","overlay-color":"","overlay-opacity":"","overlay-gradient":""}},"footnotes":""},"class_list":["post-2370","page","type-page","status-publish","hentry"],"uagb_featured_image_src":{"full":false,"thumbnail":false,"medium":false,"medium_large":false,"large":false,"1536x1536":false,"2048x2048":false,"trp-custom-language-flag":false},"uagb_author_info":{"display_name":"Joe","author_link":"https:\/\/led.amasly.com\/da\/author\/jacklin\/"},"uagb_comment_info":0,"uagb_excerpt":"Amasly is a professional lighting company, our products focuses on industrial lighting and outdoor lighting. Main products are led explosion proof lights, explosion proof electrical appliance, led high bay lights, led flood lights, led street lights, led tri-proof lights and solar led lights. Our products have been exported to 68 countries around the world, such&hellip;","_links":{"self":[{"href":"https:\/\/led.amasly.com\/da\/wp-json\/wp\/v2\/pages\/2370","targetHints":{"allow":["GET"]}}],"collection":[{"href":"https:\/\/led.amasly.com\/da\/wp-json\/wp\/v2\/pages"}],"about":[{"href":"https:\/\/led.amasly.com\/da\/wp-json\/wp\/v2\/types\/page"}],"author":[{"embeddable":true,"href":"https:\/\/led.amasly.com\/da\/wp-json\/wp\/v2\/users\/1"}],"replies":[{"embeddable":true,"href":"https:\/\/led.amasly.com\/da\/wp-json\/wp\/v2\/comments?post=2370"}],"version-history":[{"count":5,"href":"https:\/\/led.amasly.com\/da\/wp-json\/wp\/v2\/pages\/2370\/revisions"}],"predecessor-version":[{"id":4133,"href":"https:\/\/led.amasly.com\/da\/wp-json\/wp\/v2\/pages\/2370\/revisions\/4133"}],"wp:attachment":[{"href":"https:\/\/led.amasly.com\/da\/wp-json\/wp\/v2\/media?parent=2370"}],"curies":[{"name":"wp","href":"https:\/\/api.w.org\/{rel}","templated":true}]}}