{"id":2308,"date":"2025-03-07T19:54:43","date_gmt":"2025-03-07T11:54:43","guid":{"rendered":"https:\/\/led.amasly.com\/?page_id=2308"},"modified":"2026-01-22T13:38:28","modified_gmt":"2026-01-22T05:38:28","slug":"tunnel-intelligent-lighting-solution","status":"publish","type":"page","link":"https:\/\/led.amasly.com\/da\/solutions\/tunnel-intelligent-lighting-solution\/","title":{"rendered":"Intelligent belysningsl\u00f8sning til tunneler"},"content":{"rendered":"<div class=\"wp-block-uagb-container uagb-block-27bae773 alignfull uagb-is-root-container\"><div class=\"uagb-container-inner-blocks-wrap\"><\/div><\/div>\n\n\n\n<h1 class=\"wp-block-heading has-text-align-center\">Intelligent belysningsl\u00f8sning til tunneler<\/h1>\n\n\n\n<h2 class=\"wp-block-heading\">Tunnel Intelligent Lighting Solution Introducer:<\/h2>\n\n\n\n<p>I moderne bybyggeri er tunneler som en vigtig kanal, der forbinder forskellige omr\u00e5der af byen, og design og drift af dets belysningssystem er ikke kun relateret til trafiksikkerhed, men har ogs\u00e5 en direkte indvirkning p\u00e5 effektiv brug af energi og milj\u00f8beskyttelse. Med fremskridtene inden for videnskab og teknologi og uddybningen af det gr\u00f8nne koncept er energibesparende kontroll\u00f8sninger til tunnelbelysning blevet fokus for opm\u00e6rksomhed i branchen. I dette papir vil vi analysere eftersp\u00f8rgslen efter tunnelbelysning, anvendelsen af energibesparende teknologier, intelligente kontrolstrategier og deres implementeringseffekter, dybtg\u00e5ende diskussion af tunnelbelysningens energibesparende kontrolprogram for omfattende design og praksis.<\/p>\n\n\n\n<div class=\"wp-block-uagb-image uagb-block-3e64c453 wp-block-uagb-image--layout-default wp-block-uagb-image--effect-static wp-block-uagb-image--align-none\"><figure class=\"wp-block-uagb-image__figure\"><img decoding=\"async\" srcset=\"https:\/\/led.amasly.com\/wp-content\/uploads\/2025\/03\/tunnel-lighting1.png ,https:\/\/led.amasly.com\/wp-content\/uploads\/2025\/03\/tunnel-lighting1.png 780w, https:\/\/led.amasly.com\/wp-content\/uploads\/2025\/03\/tunnel-lighting1.png 360w\" sizes=\"auto, (max-width: 480px) 150px\" src=\"https:\/\/led.amasly.com\/wp-content\/uploads\/2025\/03\/tunnel-lighting1.png\" alt=\"Tunnel Intelligent Lighting Solution\" class=\"uag-image-2309\" width=\"760\" height=\"478\" title=\"Intelligent belysningsl\u00f8sning til tunneler\" loading=\"lazy\" role=\"img\"\/><\/figure><\/div>\n\n\n\n<h2 class=\"wp-block-heading\"><strong>F\u00f8rst en intelligent belysningsl\u00f8sning til tunneler<\/strong>: <strong>analyse af eftersp\u00f8rgslen p\u00e5 tunnelbelysning<\/strong><\/h2>\n\n\n\n<p>Tunnellysdesign skal tage fuldt hensyn til biltrafikkens sikkerhed og f\u00f8rerens visuelle komfort. Generelt kan tunnelbelysning opdeles i fire dele: indgangssektion, overgangssektion, midtersektion og udgangssektion, som hver is\u00e6r har forskellige belysningskrav. <\/p>\n\n\n\n<p>Indgangssektionen kr\u00e6ver h\u00f8j lysstyrke for at reducere \u201csort hul-effekten\u201d, overgangssektionen skal gradvist reducere lysstyrken for at tilpasse sig \u00e6ndringer i det eksterne lys, midtersektionen opretholder moderat lysstyrke for at sikre k\u00f8resikkerheden, og udgangssektionen skal undg\u00e5 \u201chvidt hul-effekten\u201d af den pludselige stimulering af f\u00f8rerens syn. Derudover er der en betydelig forskel mellem belysningskravene om natten og om dagen, som skal justeres fleksibelt gennem det intelligente kontrolsystem.<\/p>\n\n\n\n<h2 class=\"wp-block-heading\"><strong>For det andet, <strong>Intelligent belysningsl\u00f8sning til tunneler<\/strong>: anvendelse af energibesparende teknologi<\/strong><\/h2>\n\n\n\n<h3 class=\"wp-block-heading\"><strong>1. LED-belysningsteknologi<\/strong><strong><\/strong><\/h3>\n\n\n\n<p>&nbsp;&nbsp;&nbsp;&nbsp;LED (Light Emitting Diode) som en ny generation af lyskilder er med sin h\u00f8je effektivitet, lange levetid, milj\u00f8beskyttelse og energibesparende fordele blevet brugt i vid udstr\u00e6kning til tunnelbelysning. Sammenlignet med traditionelle h\u00f8jtryksnatriumlamper og metalhalogenlamper har LED-lamper h\u00f8jere energieffektivitet, lavere energiforbrug og bedre lyskvalitet, hvilket effektivt kan forbedre kvaliteten af tunnelbelysning.<\/p>\n\n\n\n<h3 class=\"wp-block-heading\"><strong>2. Intelligent d\u00e6mpningsteknologi<\/strong><strong><\/strong><\/h3>\n\n\n\n<p>&nbsp;&nbsp;&nbsp;&nbsp;Intelligent d\u00e6mpningsteknologi, der registrerer lysintensiteten i og uden for tunnelen, trafikstr\u00f8mmen, hastigheden og andre oplysninger, justerer automatisk lysstyrken i tunnelbelysningen i hvert omr\u00e5de. Under sparsom trafik eller uden for myldretiden om natten kan lysstyrken s\u00e6nkes passende for at opn\u00e5 energibesparelser; mens lysstyrken kan \u00f8ges under t\u00e6t trafik eller d\u00e5rlige vejrforhold for at sikre k\u00f8resikkerheden.<\/p>\n\n\n\n<h3 class=\"wp-block-heading\"><strong>3. Fotovoltaiske systemer og energilagringssystemer<\/strong><strong><\/strong><\/h3>\n\n\n\n<p>&nbsp;&nbsp;&nbsp;&nbsp;Hvis forholdene tillader det, kan der installeres fotovoltaiske paneler oven p\u00e5 eller omkring tunnelen for at omdanne solenergi til elektricitet og levere gr\u00f8n energi til tunnelbelysningssystemet. Samtidig med energilagringssystemet, n\u00e5r lyset er utilstr\u00e6kkeligt til at frigive den lagrede elektricitet, for at realisere den effektive brug af energi og selvforsyning.<\/p>\n\n\n\n<p>Tunnelbelysningskontrolskab vedtager intelligent d\u00e6mpningssystem, programdesign, stabilt og kan realiseres on-demand kontrol, systemet best\u00e5r af lysd\u00e6mpningskontrolskab, intelligent drev, lamper og lanterner, systemsoftware, lysdrifttransducer, opdelt i forbedret belysning, grundl\u00e6ggende belysning, to typer.<\/p>\n\n\n\n<h3 class=\"wp-block-heading\"><strong>Produktets egenskaber.<\/strong><strong><\/strong><\/h3>\n\n\n\n<p>1, str\u00f8mbesparende effekt er bem\u00e6rkelsesv\u00e6rdig, str\u00f8mbesparende hastighed p\u00e5 20%, levetid p\u00e5 op til 20 \u00e5r eller mere.<\/p>\n\n\n\n<p>2, den foresl\u00e5ede tunnelsensor, tidsstyring til d\u00e6mpning, indsamling af energiforbrug, analyse af energiforbrug<\/p>\n\n\n\n<p>3 \u3001 Produkter med automatisk bypass-funktion, n\u00e5r der er en undervisningsforhindring, kan automatisk bypasses til netstr\u00f8mforsyningen.<\/p>\n\n\n\n<p>4, en h\u00f8j grad af intelligent kontrol: Produktet har en programstyringsfunktion, brugeren kan indstille deres egen tid til at skifte til forskellige niveauer af str\u00f8mbesparelse, men ogs\u00e5 indstille deres egen tid til at t\u00e6nde lyset.<\/p>\n\n\n\n<p>5, langvarig vedligeholdelsesfri: belysningssektionsskab ved hj\u00e6lp af avanceret teknologi, valg af enheder af h\u00f8j kvalitet, implementering af optimerede processer og streng kvalitetstest, produktet kan v\u00e6re i en r\u00e6kke barske netmilj\u00f8er og produktets kompleksitet.<\/p>\n\n\n\n<p>En r\u00e6kke barske netmilj\u00f8er og komplekse belastningsforhold, p\u00e5lideligt kontinuerligt og stabilt arbejde for at opn\u00e5 langvarig vedligeholdelsesfrihed.<\/p>\n\n\n\n<p>6, industrielle kontrolsk\u00e6rmsvisningsparametre, herunder str\u00f8m og sp\u00e6nding, fejlstatus og andre driftsparametre.<\/p>\n\n\n\n<p>7 \u3001 Beskyttelsesfunktioner: kortslutning, overstr\u00f8m, undersp\u00e6nding, oversp\u00e6nding, overophedningsbeskyttelse.<\/p>\n\n\n\n<h2 class=\"wp-block-heading\"><strong>For det tredje. <strong>Intelligent belysningsl\u00f8sning til tunneler<\/strong>: Intelligent kontrolstrategi<\/strong><\/h2>\n\n\n\n<h3 class=\"wp-block-heading\"><strong>1. Central styring og decentral implementering<\/strong><strong><\/strong><\/h3>\n\n\n\n<p>&nbsp;&nbsp;&nbsp;&nbsp;Tunnelbelysningens intelligente kontrolcenter er sat op til at indsamle og analysere data fra sensorer centralt og formulere den optimale belysningsstrategi. Samtidig oprettes decentrale udf\u00f8relsesenheder i hvert omr\u00e5de af tunnelen for at justere lysstyrken i henhold til instruktionerne fra kontrolcentret, s\u00e5 der opn\u00e5s hurtig respons og pr\u00e6cis kontrol.<\/p>\n\n\n\n<div class=\"wp-block-uagb-image uagb-block-49d9538e wp-block-uagb-image--layout-default wp-block-uagb-image--effect-static wp-block-uagb-image--align-none\"><figure class=\"wp-block-uagb-image__figure\"><a class=\"\" href=\"https:\/\/led.amasly.com\/da\/products\/\" target=\"\" rel=\"noopener\"><img decoding=\"async\" srcset=\"https:\/\/led.amasly.com\/wp-content\/uploads\/2025\/03\/tunnel-lighting2.png ,https:\/\/led.amasly.com\/wp-content\/uploads\/2025\/03\/tunnel-lighting2.png 780w, https:\/\/led.amasly.com\/wp-content\/uploads\/2025\/03\/tunnel-lighting2.png 360w\" sizes=\"auto, (max-width: 480px) 150px\" src=\"https:\/\/led.amasly.com\/wp-content\/uploads\/2025\/03\/tunnel-lighting2.png\" alt=\"\" class=\"uag-image-2310\" width=\"762\" height=\"489\" title=\"tunnelbelysning2\" loading=\"lazy\" role=\"img\"><\/a><\/figure><\/div>\n\n\n\n<h3 class=\"wp-block-heading\"><strong>2. Forebyggende vedligeholdelse<\/strong><strong><\/strong><\/h3>\n\n\n\n<p>&nbsp;&nbsp;&nbsp;&nbsp;Ved hj\u00e6lp af big data-analyseteknologi, realtidsoverv\u00e5gning og forudsigelig analyse af tunnelbelysningssystemets driftsstatus, rettidig opdagelse af potentielle fejl og vedligeholdelse, hvilket reducerer energispild og sikkerhedsrisici for\u00e5rsaget af udstyrssvigt.<\/p>\n\n\n\n<h3 class=\"wp-block-heading\"><strong>3. Plan for n\u00f8dbelysning<\/strong><strong><\/strong><\/h3>\n\n\n\n<p>&nbsp;&nbsp;&nbsp;&nbsp;Der udarbejdes en omfattende n\u00f8dbelysningsplan for at sikre, at n\u00f8dbelysningssystemet kan aktiveres hurtigt i tilf\u00e6lde af en n\u00f8dsituation (f.eks. brand, str\u00f8msvigt osv.), s\u00e5 folk i tunnelen kan evakueres sikkert.<\/p>\n\n\n\n<h2 class=\"wp-block-heading\"><strong>For det fjerde. <strong>Intelligent belysningsl\u00f8sning til tunneler<\/strong>: Implementeringseffekt og fremtidsudsigter<\/strong><\/h2>\n\n\n\n<p>&nbsp;&nbsp;&nbsp;&nbsp;Gennem implementering af energibesparende kontrolprogram for tunnelbelysning kan man ikke kun reducere energiforbruget til tunnelbelysning betydeligt, reducere driftsomkostningerne, men ogs\u00e5 forbedre kvaliteten af tunnelbelysningen og \u00f8ge trafiksikkerheden. Samtidig er programmet i overensstemmelse med begrebet gr\u00f8n udvikling, som hj\u00e6lper med at fremme den b\u00e6redygtige udvikling af bytransportinfrastruktur.<\/p>\n\n\n\n<p>&nbsp;&nbsp;&nbsp;&nbsp;I fremtiden, med den fortsatte udvikling af IoT, cloud computing, kunstig intelligens og andre teknologier, vil energibesparende kontrol af tunnelbelysning blive mere intelligent og raffineret. For eksempel gennem deep learning-algoritmer til at optimere belysningsstrategien for at opn\u00e5 en mere personlig belysningsoplevelse; brugen af 5G-kommunikationsteknologi til at forbedre dataoverf\u00f8rselshastigheden for at opn\u00e5 fjernoverv\u00e5gning i realtid og hurtig respons. Anvendelsen af disse teknologier vil yderligere fremme udviklingen af energibesparende kontrolteknologi til tunnelbelysning og bidrage med mere gr\u00f8n energi til byggeri af bytransport.<\/p>\n\n\n\n<p>Standard: <a href=\"http:\/\/www.iec.com\" rel=\"nofollow noopener\" target=\"_blank\">IEC 60598<\/a><\/p>\n\n\n\n<div class=\"wp-block-uagb-container uagb-block-c7d898dd alignfull uagb-is-root-container\"><div class=\"uagb-container-inner-blocks-wrap\"><\/div><\/div>\n\n\n\n<h2 class=\"wp-block-heading\">Relaterede produkter<\/h2>\n\n\n\n<div class=\"wp-block-uagb-container uagb-block-66e4defc alignfull uagb-is-root-container\"><div class=\"uagb-container-inner-blocks-wrap\">\n<div class=\"wp-block-uagb-container uagb-block-a42945f9\">\n<div class=\"wp-block-uagb-image uagb-block-7296296b wp-block-uagb-image--layout-default wp-block-uagb-image--effect-static wp-block-uagb-image--align-none\"><figure class=\"wp-block-uagb-image__figure\"><a class=\"\" href=\"https:\/\/led.amasly.com\/da\/products\/\" target=\"\" rel=\"noopener\"><img decoding=\"async\" srcset=\"https:\/\/led.amasly.com\/wp-content\/uploads\/2024\/09\/Explosion-proof-high-bay-lights.png ,https:\/\/led.amasly.com\/wp-content\/uploads\/2024\/09\/Explosion-proof-high-bay-lights.png 780w, https:\/\/led.amasly.com\/wp-content\/uploads\/2024\/09\/Explosion-proof-high-bay-lights.png 360w\" sizes=\"auto, (max-width: 480px) 150px\" src=\"https:\/\/led.amasly.com\/wp-content\/uploads\/2024\/09\/Explosion-proof-high-bay-lights.png\" alt=\"\" class=\"uag-image-1495\" width=\"300\" height=\"300\" title=\"Eksplosionssikre high bay-lys\" loading=\"lazy\" role=\"img\"><\/a><\/figure><\/div>\n<\/div>\n\n\n\n<div class=\"wp-block-uagb-container uagb-block-4d3efde5\">\n<div class=\"wp-block-uagb-image uagb-block-c9e90797 wp-block-uagb-image--layout-default wp-block-uagb-image--effect-static wp-block-uagb-image--align-none\"><figure class=\"wp-block-uagb-image__figure\"><a class=\"\" href=\"https:\/\/led.amasly.com\/da\/products\/\" target=\"\" rel=\"noopener\"><img decoding=\"async\" srcset=\"https:\/\/led.amasly.com\/wp-content\/uploads\/2024\/07\/LED-tri-proof-lights2.png ,https:\/\/led.amasly.com\/wp-content\/uploads\/2024\/07\/LED-tri-proof-lights2.png 780w, https:\/\/led.amasly.com\/wp-content\/uploads\/2024\/07\/LED-tri-proof-lights2.png 360w\" sizes=\"auto, (max-width: 480px) 150px\" src=\"https:\/\/led.amasly.com\/wp-content\/uploads\/2024\/07\/LED-tri-proof-lights2.png\" alt=\"\" class=\"uag-image-1132\" width=\"300\" height=\"300\" title=\"LED-tri-proof-lys2\" loading=\"lazy\" role=\"img\"><\/a><\/figure><\/div>\n<\/div>\n\n\n\n<div class=\"wp-block-uagb-container uagb-block-11c2578b\">\n<div class=\"wp-block-uagb-image uagb-block-6e8883aa wp-block-uagb-image--layout-default wp-block-uagb-image--effect-static wp-block-uagb-image--align-none\"><figure class=\"wp-block-uagb-image__figure\"><a class=\"\" href=\"https:\/\/led.amasly.com\/da\/products\/\" target=\"\" rel=\"noopener\"><img decoding=\"async\" srcset=\"https:\/\/led.amasly.com\/wp-content\/uploads\/2024\/09\/LED-Explosion-Proof-Gas-Station-Light.png ,https:\/\/led.amasly.com\/wp-content\/uploads\/2024\/09\/LED-Explosion-Proof-Gas-Station-Light.png 780w, https:\/\/led.amasly.com\/wp-content\/uploads\/2024\/09\/LED-Explosion-Proof-Gas-Station-Light.png 360w\" sizes=\"auto, (max-width: 480px) 150px\" src=\"https:\/\/led.amasly.com\/wp-content\/uploads\/2024\/09\/LED-Explosion-Proof-Gas-Station-Light.png\" alt=\"\" class=\"uag-image-1501\" width=\"300\" height=\"300\" title=\"LED-eksplosionssikkert tankstationslys\" loading=\"lazy\" role=\"img\"><\/a><\/figure><\/div>\n<\/div>\n<\/div><\/div>\n\n\n\n<div class=\"wp-block-uagb-container uagb-block-548945b5 alignfull uagb-is-root-container\"><div class=\"uagb-container-inner-blocks-wrap\">\n<div class=\"wp-block-uagb-container uagb-block-967755d5\">\n<h4 class=\"wp-block-heading has-text-align-center\"><a href=\"https:\/\/led.amasly.com\/da\/products\/\">LED-eksplosionssikre lamper<\/a><\/h4>\n<\/div>\n\n\n\n<div class=\"wp-block-uagb-container uagb-block-9bc52fc2\">\n<h4 class=\"wp-block-heading has-text-align-center\"><a href=\"https:\/\/led.amasly.com\/da\/products\/\">LED Tri-Proof-lys<\/a><\/h4>\n<\/div>\n\n\n\n<div class=\"wp-block-uagb-container uagb-block-8ffa0a23\">\n<h4 class=\"wp-block-heading has-text-align-center\"><a href=\"https:\/\/led.amasly.com\/da\/products\/\">Eksplosionssikre lamper til tankstationer<\/a><\/h4>\n<\/div>\n<\/div><\/div>\n\n\n\n<div class=\"wp-block-uagb-container uagb-block-29499fe0 alignfull uagb-is-root-container\"><div class=\"uagb-container-inner-blocks-wrap\">\n<div class=\"wp-block-uagb-container uagb-block-777ee1c7\">\n<div class=\"wp-block-uagb-image uagb-block-2e9a1851 wp-block-uagb-image--layout-default wp-block-uagb-image--effect-static wp-block-uagb-image--align-none\"><figure class=\"wp-block-uagb-image__figure\"><a class=\"\" href=\"https:\/\/led.amasly.com\/da\/products\/\" target=\"\" rel=\"noopener\"><img decoding=\"async\" srcset=\"https:\/\/led.amasly.com\/wp-content\/uploads\/2024\/10\/50W-100W-150W-200W-300W-LED-Flood-Light.jpg ,https:\/\/led.amasly.com\/wp-content\/uploads\/2024\/10\/50W-100W-150W-200W-300W-LED-Flood-Light.jpg 780w, https:\/\/led.amasly.com\/wp-content\/uploads\/2024\/10\/50W-100W-150W-200W-300W-LED-Flood-Light.jpg 360w\" sizes=\"auto, (max-width: 480px) 150px\" src=\"https:\/\/led.amasly.com\/wp-content\/uploads\/2024\/10\/50W-100W-150W-200W-300W-LED-Flood-Light.jpg\" alt=\"\" class=\"uag-image-1526\" width=\"300\" height=\"300\" title=\"50W 100W 150W 200W 300W LED-oversv\u00f8mmelseslys\" loading=\"lazy\" role=\"img\"><\/a><\/figure><\/div>\n<\/div>\n\n\n\n<div class=\"wp-block-uagb-container uagb-block-af8c8683\">\n<div class=\"wp-block-uagb-image uagb-block-67947854 wp-block-uagb-image--layout-default wp-block-uagb-image--effect-static wp-block-uagb-image--align-none\"><figure class=\"wp-block-uagb-image__figure\"><a class=\"\" href=\"https:\/\/led.amasly.com\/da\/products\/\" target=\"\" rel=\"noopener\"><img decoding=\"async\" srcset=\"https:\/\/led.amasly.com\/wp-content\/uploads\/2024\/07\/led-tri-proof-light.png ,https:\/\/led.amasly.com\/wp-content\/uploads\/2024\/07\/led-tri-proof-light.png 780w, https:\/\/led.amasly.com\/wp-content\/uploads\/2024\/07\/led-tri-proof-light.png 360w\" sizes=\"auto, (max-width: 480px) 150px\" src=\"https:\/\/led.amasly.com\/wp-content\/uploads\/2024\/07\/led-tri-proof-light.png\" alt=\"\" class=\"uag-image-1130\" width=\"300\" height=\"300\" title=\"led-tri-proof-lys\" loading=\"lazy\" role=\"img\"><\/a><\/figure><\/div>\n<\/div>\n\n\n\n<div class=\"wp-block-uagb-container uagb-block-0fdfdd58\">\n<div class=\"wp-block-uagb-image uagb-block-1187d32d wp-block-uagb-image--layout-default wp-block-uagb-image--effect-static wp-block-uagb-image--align-none\"><figure class=\"wp-block-uagb-image__figure\"><a class=\"\" href=\"https:\/\/led.amasly.com\/da\/products\/\" target=\"\" rel=\"noopener\"><img decoding=\"async\" srcset=\"https:\/\/led.amasly.com\/wp-content\/uploads\/2024\/07\/LED-street-light.jpg ,https:\/\/led.amasly.com\/wp-content\/uploads\/2024\/07\/LED-street-light.jpg 780w, https:\/\/led.amasly.com\/wp-content\/uploads\/2024\/07\/LED-street-light.jpg 360w\" sizes=\"auto, (max-width: 480px) 150px\" src=\"https:\/\/led.amasly.com\/wp-content\/uploads\/2024\/07\/LED-street-light.jpg\" alt=\"\" class=\"uag-image-1145\" width=\"300\" height=\"300\" title=\"LED-gadebelysning\" loading=\"lazy\" role=\"img\"><\/a><\/figure><\/div>\n<\/div>\n<\/div><\/div>\n\n\n\n<div class=\"wp-block-uagb-container uagb-block-6a60882c alignfull uagb-is-root-container\"><div class=\"uagb-container-inner-blocks-wrap\">\n<div class=\"wp-block-uagb-container uagb-block-f1e91a35\">\n<h4 class=\"wp-block-heading has-text-align-center\"><a href=\"https:\/\/led.amasly.com\/da\/products\/\">LED-oversv\u00f8mmelseslys<\/a><\/h4>\n<\/div>\n\n\n\n<div class=\"wp-block-uagb-container uagb-block-165bfa58\">\n<h4 class=\"wp-block-heading has-text-align-center\"><a href=\"https:\/\/led.amasly.com\/da\/products\/\">LED Tri-Proof lysr\u00f8r<\/a><\/h4>\n<\/div>\n\n\n\n<div class=\"wp-block-uagb-container uagb-block-f6096e3b\">\n<h4 class=\"wp-block-heading has-text-align-center\"><a href=\"https:\/\/led.amasly.com\/da\/products\/\">LED-gadelys<\/a><\/h4>\n<\/div>\n<\/div><\/div>\n\n\n\n<div class=\"wp-block-uagb-container uagb-block-99c0e0a5 alignfull uagb-is-root-container\"><div class=\"uagb-container-inner-blocks-wrap\"><\/div><\/div>\n\n\n\n<p><\/p>","protected":false},"excerpt":{"rendered":"<p>Tunnel Intelligent Lighting Solution Tunnel Intelligent Lighting Solution Introduce: In modern urban construction, tunnels as an important channel connecting various areas of the city, the design and operation of its lighting system is not only related to traffic safety, but also has a direct impact on the effective use of energy and environmental protection. With [&hellip;]<\/p>\n","protected":false},"author":1,"featured_media":0,"parent":1808,"menu_order":0,"comment_status":"closed","ping_status":"closed","template":"","meta":{"_uag_custom_page_level_css":"","site-sidebar-layout":"no-sidebar","site-content-layout":"","ast-site-content-layout":"default","site-content-style":"default","site-sidebar-style":"default","ast-global-header-display":"","ast-banner-title-visibility":"","ast-main-header-display":"","ast-hfb-above-header-display":"","ast-hfb-below-header-display":"","ast-hfb-mobile-header-display":"","site-post-title":"disabled","ast-breadcrumbs-content":"","ast-featured-img":"","footer-sml-layout":"","ast-disable-related-posts":"","theme-transparent-header-meta":"enabled","adv-header-id-meta":"","stick-header-meta":"","header-above-stick-meta":"","header-main-stick-meta":"","header-below-stick-meta":"","astra-migrate-meta-layouts":"set","ast-page-background-enabled":"default","ast-page-background-meta":{"desktop":{"background-color":"var(--ast-global-color-4)","background-image":"","background-repeat":"repeat","background-position":"center center","background-size":"auto","background-attachment":"scroll","background-type":"","background-media":"","overlay-type":"","overlay-color":"","overlay-opacity":"","overlay-gradient":""},"tablet":{"background-color":"","background-image":"","background-repeat":"repeat","background-position":"center center","background-size":"auto","background-attachment":"scroll","background-type":"","background-media":"","overlay-type":"","overlay-color":"","overlay-opacity":"","overlay-gradient":""},"mobile":{"background-color":"","background-image":"","background-repeat":"repeat","background-position":"center center","background-size":"auto","background-attachment":"scroll","background-type":"","background-media":"","overlay-type":"","overlay-color":"","overlay-opacity":"","overlay-gradient":""}},"ast-content-background-meta":{"desktop":{"background-color":"var(--ast-global-color-5)","background-image":"","background-repeat":"repeat","background-position":"center center","background-size":"auto","background-attachment":"scroll","background-type":"","background-media":"","overlay-type":"","overlay-color":"","overlay-opacity":"","overlay-gradient":""},"tablet":{"background-color":"var(--ast-global-color-5)","background-image":"","background-repeat":"repeat","background-position":"center center","background-size":"auto","background-attachment":"scroll","background-type":"","background-media":"","overlay-type":"","overlay-color":"","overlay-opacity":"","overlay-gradient":""},"mobile":{"background-color":"var(--ast-global-color-5)","background-image":"","background-repeat":"repeat","background-position":"center center","background-size":"auto","background-attachment":"scroll","background-type":"","background-media":"","overlay-type":"","overlay-color":"","overlay-opacity":"","overlay-gradient":""}},"footnotes":""},"class_list":["post-2308","page","type-page","status-publish","hentry"],"uagb_featured_image_src":{"full":false,"thumbnail":false,"medium":false,"medium_large":false,"large":false,"1536x1536":false,"2048x2048":false,"trp-custom-language-flag":false},"uagb_author_info":{"display_name":"Joe","author_link":"https:\/\/led.amasly.com\/da\/author\/jacklin\/"},"uagb_comment_info":0,"uagb_excerpt":"Tunnel Intelligent Lighting Solution Tunnel Intelligent Lighting Solution Introduce: In modern urban construction, tunnels as an important channel connecting various areas of the city, the design and operation of its lighting system is not only related to traffic safety, but also has a direct impact on the effective use of energy and environmental protection. With&hellip;","_links":{"self":[{"href":"https:\/\/led.amasly.com\/da\/wp-json\/wp\/v2\/pages\/2308","targetHints":{"allow":["GET"]}}],"collection":[{"href":"https:\/\/led.amasly.com\/da\/wp-json\/wp\/v2\/pages"}],"about":[{"href":"https:\/\/led.amasly.com\/da\/wp-json\/wp\/v2\/types\/page"}],"author":[{"embeddable":true,"href":"https:\/\/led.amasly.com\/da\/wp-json\/wp\/v2\/users\/1"}],"replies":[{"embeddable":true,"href":"https:\/\/led.amasly.com\/da\/wp-json\/wp\/v2\/comments?post=2308"}],"version-history":[{"count":3,"href":"https:\/\/led.amasly.com\/da\/wp-json\/wp\/v2\/pages\/2308\/revisions"}],"predecessor-version":[{"id":4590,"href":"https:\/\/led.amasly.com\/da\/wp-json\/wp\/v2\/pages\/2308\/revisions\/4590"}],"up":[{"embeddable":true,"href":"https:\/\/led.amasly.com\/da\/wp-json\/wp\/v2\/pages\/1808"}],"wp:attachment":[{"href":"https:\/\/led.amasly.com\/da\/wp-json\/wp\/v2\/media?parent=2308"}],"curies":[{"name":"wp","href":"https:\/\/api.w.org\/{rel}","templated":true}]}}