{"id":2251,"date":"2025-03-05T22:08:19","date_gmt":"2025-03-05T14:08:19","guid":{"rendered":"https:\/\/led.amasly.com\/?page_id=2251"},"modified":"2026-01-22T13:15:51","modified_gmt":"2026-01-22T05:15:51","slug":"outdoor-emergency-lighting-solutions","status":"publish","type":"page","link":"https:\/\/led.amasly.com\/da\/solutions\/outdoor-emergency-lighting-solutions\/","title":{"rendered":"L\u00f8sninger til udend\u00f8rs n\u00f8dbelysning"},"content":{"rendered":"<div class=\"wp-block-uagb-container uagb-block-27bae773 alignfull uagb-is-root-container\"><div class=\"uagb-container-inner-blocks-wrap\"><\/div><\/div>\n\n\n\n<h1 class=\"wp-block-heading has-text-align-center\">Udend\u00f8rs n\u00f8dsituation<strong> Belysningsl\u00f8sninger<\/strong><\/h1>\n\n\n\n<h2 class=\"wp-block-heading\"><strong>Udend\u00f8rs n\u00f8dbelysningsl\u00f8sninger introduceres:<\/strong> <\/h2>\n\n\n\n<p>N\u00f8dbelysningsudstyr som bortskaffelse af str\u00f8mn\u00f8d i en vigtig slags udstyr, scenen for n\u00f8dbelysningsprogramdesign, daglig uddannelse af n\u00f8dbelysningsudstyr, tilpasning til milj\u00f8et for forskning og udvikling af n\u00f8dbelysningsudstyr er relateret til n\u00f8dbelysningsudstyret i bortskaffelse af n\u00f8dbegivenheder spiller en rolle.<\/p>\n\n\n\n<div class=\"wp-block-uagb-image uagb-block-c351aead wp-block-uagb-image--layout-default wp-block-uagb-image--effect-static wp-block-uagb-image--align-none\"><figure class=\"wp-block-uagb-image__figure\"><a class=\"\" href=\"https:\/\/led.amasly.com\/da\/products\/\" target=\"\" rel=\"noopener\"><img decoding=\"async\" srcset=\"https:\/\/led.amasly.com\/wp-content\/uploads\/2025\/03\/\u56fe\u72471-4.png 625w, https:\/\/led.amasly.com\/wp-content\/uploads\/2025\/03\/\u56fe\u72471-4-250x300.png 250w, https:\/\/led.amasly.com\/wp-content\/uploads\/2025\/03\/\u56fe\u72471-4-10x12.png 10w\" sizes=\"auto, (max-width: 480px) 150px\" src=\"https:\/\/led.amasly.com\/wp-content\/uploads\/2025\/03\/\u56fe\u72471-4.png\" alt=\"\" class=\"uag-image-2259\" width=\"625\" height=\"751\" title=\"\u56fe\u72471\" loading=\"lazy\" role=\"img\"><\/a><\/figure><\/div>\n\n\n\n<p>Den mest centrale opgave efter katastrofen er hurtigt at redde, maksimere livssikkerheden, hvilket ikke kun er redningsholdet, der skal b\u00e6re ansvaret, men mere er den mission, som samfundet har givet. Redning s\u00e5 hurtigt som muligt er f\u00f8rsteprioritet, s\u00e5 det er uundg\u00e5eligt, at der skal v\u00e6re redning p\u00e5 daghold, og om natten, hvis der ikke er nogen effektiv n\u00f8dbelysning som garanti, vil det helt sikkert p\u00e5virke redningseffektiviteten.<\/p>\n\n\n\n<p>Som et resultat af naturkatastrofer for\u00e5rsaget af lokal str\u00f8mlammelse, i redning og genbos\u00e6ttelse af ofre p\u00e5 samme tid, behovet for \u00f8jeblikkelig genopretning af den lokale skade p\u00e5 elsystemet, skal scenebelysningen v\u00e6re h\u00f8j lysstyrke, bestr\u00e5lingsomr\u00e5det er bredt, og i mangel af str\u00f8mforsyning skal man kunne bruge selvdrevne former for lamper og lanterner for at im\u00f8dekomme reparationsbehovet.<\/p>\n\n\n\n<div class=\"wp-block-uagb-image uagb-block-ae571b06 wp-block-uagb-image--layout-default wp-block-uagb-image--effect-static wp-block-uagb-image--align-none\"><figure class=\"wp-block-uagb-image__figure\"><img decoding=\"async\" srcset=\"https:\/\/led.amasly.com\/wp-content\/uploads\/2025\/03\/\u56fe\u72472-2.png ,https:\/\/led.amasly.com\/wp-content\/uploads\/2025\/03\/\u56fe\u72472-2.png 780w, https:\/\/led.amasly.com\/wp-content\/uploads\/2025\/03\/\u56fe\u72472-2.png 360w\" sizes=\"auto, (max-width: 480px) 150px\" src=\"https:\/\/led.amasly.com\/wp-content\/uploads\/2025\/03\/\u56fe\u72472-2.png\" alt=\"Outdoor Emergency Lighting Solutions: \" class=\"uag-image-2260\" width=\"759\" height=\"525\" title=\"L\u00f8sninger til udend\u00f8rs n\u00f8dbelysning: \" loading=\"lazy\" role=\"img\"\/><\/figure><\/div>\n\n\n\n<h2 class=\"wp-block-heading\"><strong>L\u00f8sninger til udend\u00f8rs n\u00f8dbelysning<\/strong>: <strong>Belysningsfunktioner til n\u00f8dstilf\u00e6lde<\/strong><\/h2>\n\n\n\n<p>Vores belysningsl\u00f8sninger kan tilf\u00f8re v\u00e6rdi som en ekstra service i dit beredskabsmilj\u00f8. Nedenfor er nogle af de forskellige n\u00f8dhj\u00e6lpsbehov, s\u00e5som social n\u00f8dhj\u00e6lp, genhusning, str\u00f8mgenoprettelse og bevarelse af politisk magt. F\u00f8lgende er en detaljeret beskrivelse af l\u00f8sningerne og fordelene ved vores belysningsudstyr.<\/p>\n\n\n\n<h3 class=\"wp-block-heading\"><strong>L\u00f8sninger til udend\u00f8rs n\u00f8dbelysning<\/strong>: <strong>Social redning<\/strong><\/h3>\n\n\n\n<p>Trodser vanskelighederne og farerne, t\u00f8r tage ansvaret. Lys er uundv\u00e6rligt i nattens n\u00f8dhj\u00e6lp, f\u00e5r den hellige mission, s\u00e5 kravene til n\u00f8dhj\u00e6lpsbelysning af vores lamper og lanterner med h\u00f8j lysstyrke, let at b\u00e6re, kontinuerlig brug af lang tid for at im\u00f8dekomme behovene i forskellige redningsstedsmilj\u00f8er.<\/p>\n\n\n\n<h3 class=\"wp-block-heading\"><strong>L\u00f8sninger til udend\u00f8rs n\u00f8dbelysning<\/strong>: <strong>Genhusning af katastrofeofre<\/strong><\/h3>\n\n\n\n<p>P\u00e5 redningsstedet skal katastrofens genhusningssted v\u00e6re et koncentreret omr\u00e5de, hvor ofrene kan bo, hvile og spise, hvilket er kendetegnet ved et stort antal mennesker, behovet for et roligt milj\u00f8 om natten, lamperne og lanternerne skal v\u00e6re lyse og batteridrevne for at reducere skaderne for\u00e5rsaget af st\u00f8j.<\/p>\n\n\n\n<div class=\"wp-block-uagb-image uagb-block-a93357d5 wp-block-uagb-image--layout-default wp-block-uagb-image--effect-static wp-block-uagb-image--align-none\"><figure class=\"wp-block-uagb-image__figure\"><a class=\"\" href=\"https:\/\/led.amasly.com\/da\/products\/\" target=\"\" rel=\"noopener\"><img decoding=\"async\" srcset=\"https:\/\/led.amasly.com\/wp-content\/uploads\/2025\/03\/\u56fe\u72473-2.png ,https:\/\/led.amasly.com\/wp-content\/uploads\/2025\/03\/\u56fe\u72473-2.png 780w, https:\/\/led.amasly.com\/wp-content\/uploads\/2025\/03\/\u56fe\u72473-2.png 360w\" sizes=\"auto, (max-width: 480px) 150px\" src=\"https:\/\/led.amasly.com\/wp-content\/uploads\/2025\/03\/\u56fe\u72473-2.png\" alt=\"\" class=\"uag-image-2261\" width=\"760\" height=\"462\" title=\"\u56fe\u72473\" loading=\"lazy\" role=\"img\"><\/a><\/figure><\/div>\n\n\n\n<h3 class=\"wp-block-heading\"><strong>L\u00f8sninger til udend\u00f8rs n\u00f8dbelysning<\/strong>: <strong>Genoprettelse af str\u00f8mforsyningen<\/strong><\/h3>\n\n\n\n<p>P\u00e5 grund af naturkatastrofer for\u00e5rsaget af lokal str\u00f8mlammelse, i redning og genbos\u00e6ttelse af ofre p\u00e5 samme tid, behovet for straks at genoprette den lokale skade p\u00e5 elsystemet, skal stedets belysning v\u00e6re h\u00f8j lysstyrke, bestr\u00e5lingsomr\u00e5de, og i mangel af str\u00f8mforsyning skal man kunne bruge selvdrevne former for lamper og lanterner for at im\u00f8dekomme scenen for n\u00f8dreparationsbehovet.<\/p>\n\n\n\n<h3 class=\"wp-block-heading\"><strong>L\u00f8sninger til udend\u00f8rs n\u00f8dbelysning<\/strong>: <strong>Str\u00f8mbeskyttelse til store begivenheder<\/strong><\/h3>\n\n\n\n<p>Str\u00f8m til st\u00f8rre begivenheder refererer til at sikre, at vigtige m\u00f8der, st\u00f8rre begivenheder, sikker og stabil str\u00f8m, i nattescenen, belysning skal spille en rolle i terrorbek\u00e6mpelse, sikkerhed, har brug for h\u00f8j lysstyrke, bestr\u00e5lingsomr\u00e5de bredt for at stabilisere scenens sikkerhed.<\/p>\n\n\n\n<p>Standard: <a href=\"http:\/\/www.iec.com\" rel=\"nofollow noopener\" target=\"_blank\">IEC 60598<\/a><\/p>\n\n\n\n<div class=\"wp-block-uagb-container uagb-block-c7d898dd alignfull uagb-is-root-container\"><div class=\"uagb-container-inner-blocks-wrap\"><\/div><\/div>\n\n\n\n<h2 class=\"wp-block-heading\">Relaterede produkter<\/h2>\n\n\n\n<div class=\"wp-block-uagb-container uagb-block-66e4defc alignfull uagb-is-root-container\"><div class=\"uagb-container-inner-blocks-wrap\">\n<div class=\"wp-block-uagb-container uagb-block-a42945f9\">\n<div class=\"wp-block-uagb-image uagb-block-7296296b wp-block-uagb-image--layout-default wp-block-uagb-image--effect-static wp-block-uagb-image--align-none\"><figure class=\"wp-block-uagb-image__figure\"><a class=\"\" href=\"https:\/\/led.amasly.com\/da\/products\/\" target=\"\" rel=\"noopener\"><img decoding=\"async\" srcset=\"https:\/\/led.amasly.com\/wp-content\/uploads\/2024\/09\/Explosion-proof-high-bay-lights.png ,https:\/\/led.amasly.com\/wp-content\/uploads\/2024\/09\/Explosion-proof-high-bay-lights.png 780w, https:\/\/led.amasly.com\/wp-content\/uploads\/2024\/09\/Explosion-proof-high-bay-lights.png 360w\" sizes=\"auto, (max-width: 480px) 150px\" src=\"https:\/\/led.amasly.com\/wp-content\/uploads\/2024\/09\/Explosion-proof-high-bay-lights.png\" alt=\"\" class=\"uag-image-1495\" width=\"300\" height=\"300\" title=\"Eksplosionssikre high bay-lys\" loading=\"lazy\" role=\"img\"><\/a><\/figure><\/div>\n<\/div>\n\n\n\n<div class=\"wp-block-uagb-container uagb-block-4d3efde5\">\n<div class=\"wp-block-uagb-image uagb-block-c9e90797 wp-block-uagb-image--layout-default wp-block-uagb-image--effect-static wp-block-uagb-image--align-none\"><figure class=\"wp-block-uagb-image__figure\"><a class=\"\" href=\"https:\/\/led.amasly.com\/da\/products\/\" target=\"\" rel=\"noopener\"><img decoding=\"async\" srcset=\"https:\/\/led.amasly.com\/wp-content\/uploads\/2024\/07\/LED-tri-proof-lights2.png ,https:\/\/led.amasly.com\/wp-content\/uploads\/2024\/07\/LED-tri-proof-lights2.png 780w, https:\/\/led.amasly.com\/wp-content\/uploads\/2024\/07\/LED-tri-proof-lights2.png 360w\" sizes=\"auto, (max-width: 480px) 150px\" src=\"https:\/\/led.amasly.com\/wp-content\/uploads\/2024\/07\/LED-tri-proof-lights2.png\" alt=\"\" class=\"uag-image-1132\" width=\"300\" height=\"300\" title=\"LED-tri-proof-lys2\" loading=\"lazy\" role=\"img\"><\/a><\/figure><\/div>\n<\/div>\n\n\n\n<div class=\"wp-block-uagb-container uagb-block-11c2578b\">\n<div class=\"wp-block-uagb-image uagb-block-6e8883aa wp-block-uagb-image--layout-default wp-block-uagb-image--effect-static wp-block-uagb-image--align-none\"><figure class=\"wp-block-uagb-image__figure\"><a class=\"\" href=\"https:\/\/led.amasly.com\/da\/products\/\" target=\"\" rel=\"noopener\"><img decoding=\"async\" srcset=\"https:\/\/led.amasly.com\/wp-content\/uploads\/2024\/09\/LED-Explosion-Proof-Gas-Station-Light.png ,https:\/\/led.amasly.com\/wp-content\/uploads\/2024\/09\/LED-Explosion-Proof-Gas-Station-Light.png 780w, https:\/\/led.amasly.com\/wp-content\/uploads\/2024\/09\/LED-Explosion-Proof-Gas-Station-Light.png 360w\" sizes=\"auto, (max-width: 480px) 150px\" src=\"https:\/\/led.amasly.com\/wp-content\/uploads\/2024\/09\/LED-Explosion-Proof-Gas-Station-Light.png\" alt=\"\" class=\"uag-image-1501\" width=\"300\" height=\"300\" title=\"LED-eksplosionssikkert tankstationslys\" loading=\"lazy\" role=\"img\"><\/a><\/figure><\/div>\n<\/div>\n<\/div><\/div>\n\n\n\n<div class=\"wp-block-uagb-container uagb-block-548945b5 alignfull uagb-is-root-container\"><div class=\"uagb-container-inner-blocks-wrap\">\n<div class=\"wp-block-uagb-container uagb-block-967755d5\">\n<h4 class=\"wp-block-heading has-text-align-center\"><a href=\"https:\/\/led.amasly.com\/da\/products\/\">LED-eksplosionssikre lamper<\/a><\/h4>\n<\/div>\n\n\n\n<div class=\"wp-block-uagb-container uagb-block-9bc52fc2\">\n<h4 class=\"wp-block-heading has-text-align-center\"><a href=\"https:\/\/led.amasly.com\/da\/products\/\">LED Tri-Proof-lys<\/a><\/h4>\n<\/div>\n\n\n\n<div class=\"wp-block-uagb-container uagb-block-8ffa0a23\">\n<h4 class=\"wp-block-heading has-text-align-center\"><a href=\"https:\/\/led.amasly.com\/da\/products\/\">Eksplosionssikre lamper til tankstationer<\/a><\/h4>\n<\/div>\n<\/div><\/div>\n\n\n\n<div class=\"wp-block-uagb-container uagb-block-29499fe0 alignfull uagb-is-root-container\"><div class=\"uagb-container-inner-blocks-wrap\">\n<div class=\"wp-block-uagb-container uagb-block-777ee1c7\">\n<div class=\"wp-block-uagb-image uagb-block-2e9a1851 wp-block-uagb-image--layout-default wp-block-uagb-image--effect-static wp-block-uagb-image--align-none\"><figure class=\"wp-block-uagb-image__figure\"><a class=\"\" href=\"https:\/\/led.amasly.com\/da\/products\/\" target=\"\" rel=\"noopener\"><img decoding=\"async\" srcset=\"https:\/\/led.amasly.com\/wp-content\/uploads\/2024\/10\/50W-100W-150W-200W-300W-LED-Flood-Light.jpg ,https:\/\/led.amasly.com\/wp-content\/uploads\/2024\/10\/50W-100W-150W-200W-300W-LED-Flood-Light.jpg 780w, https:\/\/led.amasly.com\/wp-content\/uploads\/2024\/10\/50W-100W-150W-200W-300W-LED-Flood-Light.jpg 360w\" sizes=\"auto, (max-width: 480px) 150px\" src=\"https:\/\/led.amasly.com\/wp-content\/uploads\/2024\/10\/50W-100W-150W-200W-300W-LED-Flood-Light.jpg\" alt=\"\" class=\"uag-image-1526\" width=\"300\" height=\"300\" title=\"50W 100W 150W 200W 300W LED-oversv\u00f8mmelseslys\" loading=\"lazy\" role=\"img\"><\/a><\/figure><\/div>\n<\/div>\n\n\n\n<div class=\"wp-block-uagb-container uagb-block-af8c8683\">\n<div class=\"wp-block-uagb-image uagb-block-67947854 wp-block-uagb-image--layout-default wp-block-uagb-image--effect-static wp-block-uagb-image--align-none\"><figure class=\"wp-block-uagb-image__figure\"><a class=\"\" href=\"https:\/\/led.amasly.com\/da\/products\/\" target=\"\" rel=\"noopener\"><img decoding=\"async\" srcset=\"https:\/\/led.amasly.com\/wp-content\/uploads\/2024\/07\/led-tri-proof-light.png ,https:\/\/led.amasly.com\/wp-content\/uploads\/2024\/07\/led-tri-proof-light.png 780w, https:\/\/led.amasly.com\/wp-content\/uploads\/2024\/07\/led-tri-proof-light.png 360w\" sizes=\"auto, (max-width: 480px) 150px\" src=\"https:\/\/led.amasly.com\/wp-content\/uploads\/2024\/07\/led-tri-proof-light.png\" alt=\"\" class=\"uag-image-1130\" width=\"300\" height=\"300\" title=\"led-tri-proof-lys\" loading=\"lazy\" role=\"img\"><\/a><\/figure><\/div>\n<\/div>\n\n\n\n<div class=\"wp-block-uagb-container uagb-block-0fdfdd58\">\n<div class=\"wp-block-uagb-image uagb-block-1187d32d wp-block-uagb-image--layout-default wp-block-uagb-image--effect-static wp-block-uagb-image--align-none\"><figure class=\"wp-block-uagb-image__figure\"><a class=\"\" href=\"https:\/\/led.amasly.com\/da\/products\/\" target=\"\" rel=\"noopener\"><img decoding=\"async\" srcset=\"https:\/\/led.amasly.com\/wp-content\/uploads\/2024\/07\/LED-street-light.jpg ,https:\/\/led.amasly.com\/wp-content\/uploads\/2024\/07\/LED-street-light.jpg 780w, https:\/\/led.amasly.com\/wp-content\/uploads\/2024\/07\/LED-street-light.jpg 360w\" sizes=\"auto, (max-width: 480px) 150px\" src=\"https:\/\/led.amasly.com\/wp-content\/uploads\/2024\/07\/LED-street-light.jpg\" alt=\"\" class=\"uag-image-1145\" width=\"300\" height=\"300\" title=\"LED-gadebelysning\" loading=\"lazy\" role=\"img\"><\/a><\/figure><\/div>\n<\/div>\n<\/div><\/div>\n\n\n\n<div class=\"wp-block-uagb-container uagb-block-6a60882c alignfull uagb-is-root-container\"><div class=\"uagb-container-inner-blocks-wrap\">\n<div class=\"wp-block-uagb-container uagb-block-f1e91a35\">\n<h4 class=\"wp-block-heading has-text-align-center\"><a href=\"https:\/\/led.amasly.com\/da\/products\/\">LED-oversv\u00f8mmelseslys<\/a><\/h4>\n<\/div>\n\n\n\n<div class=\"wp-block-uagb-container uagb-block-165bfa58\">\n<h4 class=\"wp-block-heading has-text-align-center\"><a href=\"https:\/\/led.amasly.com\/da\/products\/\">LED Tri-Proof lysr\u00f8r<\/a><\/h4>\n<\/div>\n\n\n\n<div class=\"wp-block-uagb-container uagb-block-f6096e3b\">\n<h4 class=\"wp-block-heading has-text-align-center\"><a href=\"https:\/\/led.amasly.com\/da\/products\/\">LED-gadelys<\/a><\/h4>\n<\/div>\n<\/div><\/div>\n\n\n\n<div class=\"wp-block-uagb-container uagb-block-99c0e0a5 alignfull uagb-is-root-container\"><div class=\"uagb-container-inner-blocks-wrap\"><\/div><\/div>","protected":false},"excerpt":{"rendered":"<p>Outdoor Emergency Lighting Solutions Outdoor Emergency Lighting Solutions Introduce: Emergency lighting equipment as a power emergency disposal in an essential kind of equipment, the scene of emergency lighting program design, daily emergency lighting equipment skills training, adapt to the environment of emergency lighting equipment research and development are related to the emergency lighting equipment in [&hellip;]<\/p>\n","protected":false},"author":1,"featured_media":0,"parent":1808,"menu_order":0,"comment_status":"closed","ping_status":"closed","template":"","meta":{"_uag_custom_page_level_css":"","site-sidebar-layout":"no-sidebar","site-content-layout":"","ast-site-content-layout":"default","site-content-style":"default","site-sidebar-style":"default","ast-global-header-display":"","ast-banner-title-visibility":"","ast-main-header-display":"","ast-hfb-above-header-display":"","ast-hfb-below-header-display":"","ast-hfb-mobile-header-display":"","site-post-title":"disabled","ast-breadcrumbs-content":"","ast-featured-img":"","footer-sml-layout":"","ast-disable-related-posts":"","theme-transparent-header-meta":"enabled","adv-header-id-meta":"","stick-header-meta":"","header-above-stick-meta":"","header-main-stick-meta":"","header-below-stick-meta":"","astra-migrate-meta-layouts":"set","ast-page-background-enabled":"default","ast-page-background-meta":{"desktop":{"background-color":"var(--ast-global-color-4)","background-image":"","background-repeat":"repeat","background-position":"center center","background-size":"auto","background-attachment":"scroll","background-type":"","background-media":"","overlay-type":"","overlay-color":"","overlay-opacity":"","overlay-gradient":""},"tablet":{"background-color":"","background-image":"","background-repeat":"repeat","background-position":"center center","background-size":"auto","background-attachment":"scroll","background-type":"","background-media":"","overlay-type":"","overlay-color":"","overlay-opacity":"","overlay-gradient":""},"mobile":{"background-color":"","background-image":"","background-repeat":"repeat","background-position":"center center","background-size":"auto","background-attachment":"scroll","background-type":"","background-media":"","overlay-type":"","overlay-color":"","overlay-opacity":"","overlay-gradient":""}},"ast-content-background-meta":{"desktop":{"background-color":"var(--ast-global-color-5)","background-image":"","background-repeat":"repeat","background-position":"center center","background-size":"auto","background-attachment":"scroll","background-type":"","background-media":"","overlay-type":"","overlay-color":"","overlay-opacity":"","overlay-gradient":""},"tablet":{"background-color":"var(--ast-global-color-5)","background-image":"","background-repeat":"repeat","background-position":"center center","background-size":"auto","background-attachment":"scroll","background-type":"","background-media":"","overlay-type":"","overlay-color":"","overlay-opacity":"","overlay-gradient":""},"mobile":{"background-color":"var(--ast-global-color-5)","background-image":"","background-repeat":"repeat","background-position":"center center","background-size":"auto","background-attachment":"scroll","background-type":"","background-media":"","overlay-type":"","overlay-color":"","overlay-opacity":"","overlay-gradient":""}},"footnotes":""},"class_list":["post-2251","page","type-page","status-publish","hentry"],"uagb_featured_image_src":{"full":false,"thumbnail":false,"medium":false,"medium_large":false,"large":false,"1536x1536":false,"2048x2048":false,"trp-custom-language-flag":false},"uagb_author_info":{"display_name":"Joe","author_link":"https:\/\/led.amasly.com\/da\/author\/jacklin\/"},"uagb_comment_info":0,"uagb_excerpt":"Outdoor Emergency Lighting Solutions Outdoor Emergency Lighting Solutions Introduce: Emergency lighting equipment as a power emergency disposal in an essential kind of equipment, the scene of emergency lighting program design, daily emergency lighting equipment skills training, adapt to the environment of emergency lighting equipment research and development are related to the emergency lighting equipment in&hellip;","_links":{"self":[{"href":"https:\/\/led.amasly.com\/da\/wp-json\/wp\/v2\/pages\/2251","targetHints":{"allow":["GET"]}}],"collection":[{"href":"https:\/\/led.amasly.com\/da\/wp-json\/wp\/v2\/pages"}],"about":[{"href":"https:\/\/led.amasly.com\/da\/wp-json\/wp\/v2\/types\/page"}],"author":[{"embeddable":true,"href":"https:\/\/led.amasly.com\/da\/wp-json\/wp\/v2\/users\/1"}],"replies":[{"embeddable":true,"href":"https:\/\/led.amasly.com\/da\/wp-json\/wp\/v2\/comments?post=2251"}],"version-history":[{"count":2,"href":"https:\/\/led.amasly.com\/da\/wp-json\/wp\/v2\/pages\/2251\/revisions"}],"predecessor-version":[{"id":4580,"href":"https:\/\/led.amasly.com\/da\/wp-json\/wp\/v2\/pages\/2251\/revisions\/4580"}],"up":[{"embeddable":true,"href":"https:\/\/led.amasly.com\/da\/wp-json\/wp\/v2\/pages\/1808"}],"wp:attachment":[{"href":"https:\/\/led.amasly.com\/da\/wp-json\/wp\/v2\/media?parent=2251"}],"curies":[{"name":"wp","href":"https:\/\/api.w.org\/{rel}","templated":true}]}}