{"id":1992,"date":"2025-02-25T20:52:31","date_gmt":"2025-02-25T12:52:31","guid":{"rendered":"https:\/\/led.amasly.com\/?page_id=1992"},"modified":"2026-01-22T13:48:29","modified_gmt":"2026-01-22T05:48:29","slug":"underground-parking-lots-lighting-solution","status":"publish","type":"page","link":"https:\/\/led.amasly.com\/da\/solutions\/underground-parking-lots-lighting-solution\/","title":{"rendered":"Belysningsl\u00f8sning til underjordiske parkeringspladser"},"content":{"rendered":"<div class=\"wp-block-uagb-container uagb-block-27bae773 alignfull uagb-is-root-container\"><div class=\"uagb-container-inner-blocks-wrap\"><\/div><\/div>\n\n\n\n<h1 class=\"wp-block-heading has-text-align-center\">Intelligent belysningsl\u00f8sning til underjordiske parkeringspladser<\/h1>\n\n\n\n<p class=\"has-medium-font-size\">I den enorme underjordiske garage er det blevet en vigtig udfordring at sikre, at garagen er godt oplyst, sikker og energieffektiv p\u00e5 samme tid, da der er behov for belysning i et stort omr\u00e5de 24 timer i d\u00f8gnet.<\/p>\n\n\n\n<div class=\"wp-block-uagb-image uagb-block-8b506501 wp-block-uagb-image--layout-default wp-block-uagb-image--effect-static wp-block-uagb-image--align-none\"><figure class=\"wp-block-uagb-image__figure\"><img decoding=\"async\" srcset=\"https:\/\/led.amasly.com\/wp-content\/uploads\/2025\/02\/1-1024x631.jpg ,https:\/\/led.amasly.com\/wp-content\/uploads\/2025\/02\/1.jpg 780w, https:\/\/led.amasly.com\/wp-content\/uploads\/2025\/02\/1.jpg 360w\" sizes=\"auto, (max-width: 480px) 150px\" src=\"https:\/\/led.amasly.com\/wp-content\/uploads\/2025\/02\/1-1024x631.jpg\" alt=\"Underground Parking Lots Lighting Solution\" class=\"uag-image-1993\" width=\"1024\" height=\"631\" title=\"Belysningsl\u00f8sning til underjordiske parkeringspladser\" loading=\"lazy\" role=\"img\"\/><\/figure><\/div>\n\n\n\n<p class=\"has-medium-font-size\">Samme dag energibesparende belysning t\u00e6t p\u00e5 markedets eftersp\u00f8rgsel, omhyggeligt designet og lanceret fire k\u00e6lderserie belysningsl\u00f8sninger, designet til forskellige st\u00f8rrelser og behov i k\u00e6lderen skr\u00e6ddersyet ideelt belysningsmilj\u00f8, ikke kun for at forbedre parkeringsoplevelsen, men ogs\u00e5 for at opn\u00e5 dobbelt besparelse i omkostninger og energi.<\/p>\n\n\n\n<h2 class=\"wp-block-heading\">For det f\u00f8rste, underjordiske parkeringspladser Belysningsl\u00f8sning: den fulde tidseffektive belysningsplan: parkeringsplads + bane med langt lysr\u00f8r<\/h2>\n\n\n\n<p class=\"has-medium-font-size\">For k\u00e6lderen, der har brug for lang tid og h\u00f8j lysstyrkebelysning, er brugen af parkeringsplads + bane i fuld r\u00e6kkevidde langt lyst r\u00f8r mere omkostningseffektivt, og 5-6w k\u00e6lderserien - ultrah\u00f8j lyseffektivitet langt lyst r\u00f8r svarer til de almindelige energibesparende lamper p\u00e5 markedet p\u00e5 18w og derover, hvilket kan opn\u00e5 mere end 65% energibesparende effekt, samtidig med at belysningskvaliteten sikres.<\/p>\n\n\n\n<p class=\"has-medium-font-size\">Dette program har lave investeringsomkostninger, nem vedligeholdelse og et investeringsafkast p\u00e5 kun ca. 5-6 m\u00e5neder.<\/p>\n\n\n\n<h2 class=\"wp-block-heading\">For det andet, underjordiske parkeringspladser Belysningsl\u00f8sning: dynamisk intelligent kontrol energibesparende ordning: parkeringsplads + bane med fuld r\u00e6kkevidde radarr\u00f8r<\/h2>\n\n\n\n<p class=\"has-medium-font-size\">For k\u00e6lderen, der har brug for dynamisk belysning og triggerbelysning, kan brugen af parkering + bane globale radarlys yderligere forbedre energibesparelsesgraden. 2-6W k\u00e6lderserie - ultrah\u00f8j lyseffektivitetsradarr\u00f8r, udstyret med 5,8G intelligent induktionsmikrob\u00f8lgeradarteknologi, kan g\u00f8re det muligt at justere lyset dynamisk med k\u00f8ret\u00f8jet for at opn\u00e5, at bilen starter lyset, bilen v\u00e6k fra den lyse m\u00f8rke smarte belysning, energibesparende hastighed p\u00e5 op til 70%.<\/p>\n\n\n\n<div class=\"wp-block-uagb-image uagb-block-bae702f6 wp-block-uagb-image--layout-default wp-block-uagb-image--effect-static wp-block-uagb-image--align-none\"><figure class=\"wp-block-uagb-image__figure\"><a class=\"\" href=\"https:\/\/led.amasly.com\/da\/\" target=\"\" rel=\"noopener\"><img decoding=\"async\" srcset=\"https:\/\/led.amasly.com\/wp-content\/uploads\/2025\/02\/4-1024x576.gif ,https:\/\/led.amasly.com\/wp-content\/uploads\/2025\/02\/4.gif 780w, https:\/\/led.amasly.com\/wp-content\/uploads\/2025\/02\/4.gif 360w\" sizes=\"auto, (max-width: 480px) 150px\" src=\"https:\/\/led.amasly.com\/wp-content\/uploads\/2025\/02\/4-1024x576.gif\" alt=\"\" class=\"uag-image-1994\" width=\"1280\" height=\"720\" title=\"4\" loading=\"lazy\" role=\"img\"><\/a><\/figure><\/div>\n\n\n\n<p class=\"has-medium-font-size\">Denne l\u00f8sning afbalancerer ikke kun behovene for k\u00e6lderbelysning, men reducerer ogs\u00e5 en masse energiforbrug. Selv om den indledende investering er lidt h\u00f8jere, viser tilbagebetalingscyklussen p\u00e5 6-9 m\u00e5neder dens h\u00f8je effektivitet.<\/p>\n\n\n\n<h2 class=\"wp-block-heading\">For det tredje belysningsl\u00f8sning til underjordiske parkeringspladser: AI-intelligent belysningsplan: parkeringsplads + bane AI-intelligent lampe<\/h2>\n\n\n\n<p class=\"has-medium-font-size\">For k\u00e6lderen, hvor den samlede lysstyrke ikke er n\u00f8dvendig for at v\u00e6re h\u00f8j, og udl\u00f8sningshastigheden er relativt lav, kan den intelligente belysning af k\u00e6lderen forbedres ved hj\u00e6lp af parkeringsplads + bane AI intelligente lamper. K\u00e6lderserie - AI-lampe med ultrah\u00f8j lyseffektivitet med 0-18W lysstyrkejusteringsomr\u00e5de, k\u00e6lderen kan segmenteres og tidsdeles til finstyring for at opn\u00e5 on-demand-belysning, der fuldt ud viser belysningens visdom.<\/p>\n\n\n\n<div class=\"wp-block-uagb-image uagb-block-e809ecd8 wp-block-uagb-image--layout-default wp-block-uagb-image--effect-static wp-block-uagb-image--align-none\"><figure class=\"wp-block-uagb-image__figure\"><img decoding=\"async\" srcset=\"https:\/\/led.amasly.com\/wp-content\/uploads\/2025\/02\/2-1024x576.jpg ,https:\/\/led.amasly.com\/wp-content\/uploads\/2025\/02\/2.jpg 780w, https:\/\/led.amasly.com\/wp-content\/uploads\/2025\/02\/2.jpg 360w\" sizes=\"auto, (max-width: 480px) 150px\" src=\"https:\/\/led.amasly.com\/wp-content\/uploads\/2025\/02\/2-1024x576.jpg\" alt=\"\" class=\"uag-image-1995\" width=\"1440\" height=\"810\" title=\"2\" loading=\"lazy\" role=\"img\"><\/figure><\/div>\n\n\n\n<p class=\"has-medium-font-size\">Energibesparelsesgraden i dette program afh\u00e6nger af niveauet for udl\u00f8sningsgraden, selvom den tidlige investering er h\u00f8j, men den intelligente belysningserfaring og 8-9 m\u00e5neders investeringsafkastcyklus beviser utvivlsomt dens langsigtede investeringsv\u00e6rdi.<\/p>\n\n\n\n<h2 class=\"wp-block-heading\">For det fjerde, underjordiske parkeringspladser Belysningsl\u00f8sning: balance i lysforbruget: parkeringsradarr\u00f8r + langt lysr\u00f8r i k\u00f8rebanen<\/h2>\n\n\n\n<p class=\"has-medium-font-size\">For k\u00e6lderen med visse krav til lyseffektivitet, energibesparelse og budget er l\u00f8sningen med parkeringspladsradarr\u00f8r + bane lang lysr\u00f8r et klogt valg. Alle parkeringspladser er installeret med radarlamper i k\u00e6lderserien med ultrah\u00f8j lyseffektivitet, bilen \u00e5bner 6w h\u00f8j lysstyrke, bilen springer automatisk til 2w lav lysstyrke, dynamisk belysning og energibesparelse. Alle baner er installeret med k\u00e6lderserie - ultrah\u00f8j lyseffektivitet lange lyse r\u00f8r, 5-6w lange lyse r\u00f8r kan g\u00f8re banerne altid lyse, forbedre sikkerheden og bekvemmeligheden ved parkering.<\/p>\n\n\n\n<div class=\"wp-block-uagb-image uagb-block-92918285 wp-block-uagb-image--layout-default wp-block-uagb-image--effect-static wp-block-uagb-image--align-none\"><figure class=\"wp-block-uagb-image__figure\"><img decoding=\"async\" srcset=\"https:\/\/led.amasly.com\/wp-content\/uploads\/2025\/02\/3.jpg ,https:\/\/led.amasly.com\/wp-content\/uploads\/2025\/02\/3.jpg 780w, https:\/\/led.amasly.com\/wp-content\/uploads\/2025\/02\/3.jpg 360w\" sizes=\"auto, (max-width: 480px) 150px\" src=\"https:\/\/led.amasly.com\/wp-content\/uploads\/2025\/02\/3.jpg\" alt=\"\" class=\"uag-image-1996\" width=\"660\" height=\"495\" title=\"3\" loading=\"lazy\" role=\"img\"><\/figure><\/div>\n\n\n\n<p class=\"has-medium-font-size\">Dette program er omkostningseffektivt, s\u00e5 \u201ch\u00f8j lysstyrke + lavt energiforbrug + lav investering\u201d k\u00e6lderbelysningstransformation bliver en realitet, den omfattende energibesparelsesrate kan n\u00e5 op p\u00e5 ca. 70%, investeringsafkastet kontrolleres i 6-9 m\u00e5neder, velegnet til alle slags k\u00e6lderscener.<\/p>\n\n\n\n<p class=\"has-medium-font-size\">Selvom renoveringen af energibesparende belysning i k\u00e6lderen kr\u00e6ver en vis initialinvestering, kan de fire store energibesparende belysningsl\u00f8sninger i k\u00e6lderen p\u00e5 lang sigt reducere driftsomkostningerne betydeligt, hurtigt genvinde investeringen og give varig milj\u00f8beskyttelse og \u00f8konomiske fordele for k\u00e6lderen.<\/p>\n\n\n\n<p class=\"has-medium-font-size\">V\u00e6lg den energibesparende belysningsserie samme dag, \u00e5bn en ny \u00e6ra med intelligent, energibesparende og effektiv k\u00e6lderbelysning, og skab en b\u00e6redygtig udviklingsfremtid for ejendomsadministration.<\/p>\n\n\n\n<p>Standard: <a href=\"http:\/\/www.iec.com\" rel=\"nofollow noopener\" target=\"_blank\">IEC 60598<\/a><\/p>\n\n\n\n<div class=\"wp-block-uagb-container uagb-block-c7d898dd alignfull uagb-is-root-container\"><div class=\"uagb-container-inner-blocks-wrap\"><\/div><\/div>\n\n\n\n<h2 class=\"wp-block-heading\">Relaterede produkter<\/h2>\n\n\n\n<div class=\"wp-block-uagb-container uagb-block-66e4defc alignfull uagb-is-root-container\"><div class=\"uagb-container-inner-blocks-wrap\">\n<div class=\"wp-block-uagb-container uagb-block-a42945f9\">\n<div class=\"wp-block-uagb-image uagb-block-7296296b wp-block-uagb-image--layout-default wp-block-uagb-image--effect-static wp-block-uagb-image--align-none\"><figure class=\"wp-block-uagb-image__figure\"><a class=\"\" href=\"https:\/\/led.amasly.com\/da\/products\/\" target=\"\" rel=\"noopener\"><img decoding=\"async\" srcset=\"https:\/\/led.amasly.com\/wp-content\/uploads\/2024\/09\/Explosion-proof-high-bay-lights.png ,https:\/\/led.amasly.com\/wp-content\/uploads\/2024\/09\/Explosion-proof-high-bay-lights.png 780w, https:\/\/led.amasly.com\/wp-content\/uploads\/2024\/09\/Explosion-proof-high-bay-lights.png 360w\" sizes=\"auto, (max-width: 480px) 150px\" src=\"https:\/\/led.amasly.com\/wp-content\/uploads\/2024\/09\/Explosion-proof-high-bay-lights.png\" alt=\"\" class=\"uag-image-1495\" width=\"300\" height=\"300\" title=\"Eksplosionssikre high bay-lys\" loading=\"lazy\" role=\"img\"><\/a><\/figure><\/div>\n<\/div>\n\n\n\n<div class=\"wp-block-uagb-container uagb-block-4d3efde5\">\n<div class=\"wp-block-uagb-image uagb-block-c9e90797 wp-block-uagb-image--layout-default wp-block-uagb-image--effect-static wp-block-uagb-image--align-none\"><figure class=\"wp-block-uagb-image__figure\"><a class=\"\" href=\"https:\/\/led.amasly.com\/da\/products\/\" target=\"\" rel=\"noopener\"><img decoding=\"async\" srcset=\"https:\/\/led.amasly.com\/wp-content\/uploads\/2024\/07\/LED-tri-proof-lights2.png ,https:\/\/led.amasly.com\/wp-content\/uploads\/2024\/07\/LED-tri-proof-lights2.png 780w, https:\/\/led.amasly.com\/wp-content\/uploads\/2024\/07\/LED-tri-proof-lights2.png 360w\" sizes=\"auto, (max-width: 480px) 150px\" src=\"https:\/\/led.amasly.com\/wp-content\/uploads\/2024\/07\/LED-tri-proof-lights2.png\" alt=\"\" class=\"uag-image-1132\" width=\"300\" height=\"300\" title=\"LED-tri-proof-lys2\" loading=\"lazy\" role=\"img\"><\/a><\/figure><\/div>\n<\/div>\n\n\n\n<div class=\"wp-block-uagb-container uagb-block-11c2578b\">\n<div class=\"wp-block-uagb-image uagb-block-6e8883aa wp-block-uagb-image--layout-default wp-block-uagb-image--effect-static wp-block-uagb-image--align-none\"><figure class=\"wp-block-uagb-image__figure\"><a class=\"\" href=\"https:\/\/led.amasly.com\/da\/products\/\" target=\"\" rel=\"noopener\"><img decoding=\"async\" srcset=\"https:\/\/led.amasly.com\/wp-content\/uploads\/2024\/09\/LED-Explosion-Proof-Gas-Station-Light.png ,https:\/\/led.amasly.com\/wp-content\/uploads\/2024\/09\/LED-Explosion-Proof-Gas-Station-Light.png 780w, https:\/\/led.amasly.com\/wp-content\/uploads\/2024\/09\/LED-Explosion-Proof-Gas-Station-Light.png 360w\" sizes=\"auto, (max-width: 480px) 150px\" src=\"https:\/\/led.amasly.com\/wp-content\/uploads\/2024\/09\/LED-Explosion-Proof-Gas-Station-Light.png\" alt=\"\" class=\"uag-image-1501\" width=\"300\" height=\"300\" title=\"LED-eksplosionssikkert tankstationslys\" loading=\"lazy\" role=\"img\"><\/a><\/figure><\/div>\n<\/div>\n<\/div><\/div>\n\n\n\n<div class=\"wp-block-uagb-container uagb-block-548945b5 alignfull uagb-is-root-container\"><div class=\"uagb-container-inner-blocks-wrap\">\n<div class=\"wp-block-uagb-container uagb-block-967755d5\">\n<h4 class=\"wp-block-heading has-text-align-center\"><a href=\"https:\/\/led.amasly.com\/da\/products\/\">LED-eksplosionssikre lamper<\/a><\/h4>\n<\/div>\n\n\n\n<div class=\"wp-block-uagb-container uagb-block-9bc52fc2\">\n<h4 class=\"wp-block-heading has-text-align-center\"><a href=\"https:\/\/led.amasly.com\/da\/products\/\">LED Tri-Proof-lys<\/a><\/h4>\n<\/div>\n\n\n\n<div class=\"wp-block-uagb-container uagb-block-8ffa0a23\">\n<h4 class=\"wp-block-heading has-text-align-center\"><a href=\"https:\/\/led.amasly.com\/da\/products\/\">Eksplosionssikre lamper til tankstationer<\/a><\/h4>\n<\/div>\n<\/div><\/div>\n\n\n\n<div class=\"wp-block-uagb-container uagb-block-29499fe0 alignfull uagb-is-root-container\"><div class=\"uagb-container-inner-blocks-wrap\">\n<div class=\"wp-block-uagb-container uagb-block-777ee1c7\">\n<div class=\"wp-block-uagb-image uagb-block-2e9a1851 wp-block-uagb-image--layout-default wp-block-uagb-image--effect-static wp-block-uagb-image--align-none\"><figure class=\"wp-block-uagb-image__figure\"><a class=\"\" href=\"https:\/\/led.amasly.com\/da\/products\/\" target=\"\" rel=\"noopener\"><img decoding=\"async\" srcset=\"https:\/\/led.amasly.com\/wp-content\/uploads\/2024\/10\/50W-100W-150W-200W-300W-LED-Flood-Light.jpg ,https:\/\/led.amasly.com\/wp-content\/uploads\/2024\/10\/50W-100W-150W-200W-300W-LED-Flood-Light.jpg 780w, https:\/\/led.amasly.com\/wp-content\/uploads\/2024\/10\/50W-100W-150W-200W-300W-LED-Flood-Light.jpg 360w\" sizes=\"auto, (max-width: 480px) 150px\" src=\"https:\/\/led.amasly.com\/wp-content\/uploads\/2024\/10\/50W-100W-150W-200W-300W-LED-Flood-Light.jpg\" alt=\"\" class=\"uag-image-1526\" width=\"300\" height=\"300\" title=\"50W 100W 150W 200W 300W LED-oversv\u00f8mmelseslys\" loading=\"lazy\" role=\"img\"><\/a><\/figure><\/div>\n<\/div>\n\n\n\n<div class=\"wp-block-uagb-container uagb-block-af8c8683\">\n<div class=\"wp-block-uagb-image uagb-block-67947854 wp-block-uagb-image--layout-default wp-block-uagb-image--effect-static wp-block-uagb-image--align-none\"><figure class=\"wp-block-uagb-image__figure\"><a class=\"\" href=\"https:\/\/led.amasly.com\/da\/products\/\" target=\"\" rel=\"noopener\"><img decoding=\"async\" srcset=\"https:\/\/led.amasly.com\/wp-content\/uploads\/2024\/07\/led-tri-proof-light.png ,https:\/\/led.amasly.com\/wp-content\/uploads\/2024\/07\/led-tri-proof-light.png 780w, https:\/\/led.amasly.com\/wp-content\/uploads\/2024\/07\/led-tri-proof-light.png 360w\" sizes=\"auto, (max-width: 480px) 150px\" src=\"https:\/\/led.amasly.com\/wp-content\/uploads\/2024\/07\/led-tri-proof-light.png\" alt=\"\" class=\"uag-image-1130\" width=\"300\" height=\"300\" title=\"led-tri-proof-lys\" loading=\"lazy\" role=\"img\"><\/a><\/figure><\/div>\n<\/div>\n\n\n\n<div class=\"wp-block-uagb-container uagb-block-0fdfdd58\">\n<div class=\"wp-block-uagb-image uagb-block-1187d32d wp-block-uagb-image--layout-default wp-block-uagb-image--effect-static wp-block-uagb-image--align-none\"><figure class=\"wp-block-uagb-image__figure\"><a class=\"\" href=\"https:\/\/led.amasly.com\/da\/products\/\" target=\"\" rel=\"noopener\"><img decoding=\"async\" srcset=\"https:\/\/led.amasly.com\/wp-content\/uploads\/2024\/07\/LED-street-light.jpg ,https:\/\/led.amasly.com\/wp-content\/uploads\/2024\/07\/LED-street-light.jpg 780w, https:\/\/led.amasly.com\/wp-content\/uploads\/2024\/07\/LED-street-light.jpg 360w\" sizes=\"auto, (max-width: 480px) 150px\" src=\"https:\/\/led.amasly.com\/wp-content\/uploads\/2024\/07\/LED-street-light.jpg\" alt=\"\" class=\"uag-image-1145\" width=\"300\" height=\"300\" title=\"LED-gadebelysning\" loading=\"lazy\" role=\"img\"><\/a><\/figure><\/div>\n<\/div>\n<\/div><\/div>\n\n\n\n<div class=\"wp-block-uagb-container uagb-block-6a60882c alignfull uagb-is-root-container\"><div class=\"uagb-container-inner-blocks-wrap\">\n<div class=\"wp-block-uagb-container uagb-block-f1e91a35\">\n<h4 class=\"wp-block-heading has-text-align-center\"><a href=\"https:\/\/led.amasly.com\/da\/products\/\">LED-oversv\u00f8mmelseslys<\/a><\/h4>\n<\/div>\n\n\n\n<div class=\"wp-block-uagb-container uagb-block-165bfa58\">\n<h4 class=\"wp-block-heading has-text-align-center\"><a href=\"https:\/\/led.amasly.com\/da\/products\/\">LED Tri-Proof lysr\u00f8r<\/a><\/h4>\n<\/div>\n\n\n\n<div class=\"wp-block-uagb-container uagb-block-f6096e3b\">\n<h4 class=\"wp-block-heading has-text-align-center\"><a href=\"https:\/\/led.amasly.com\/da\/products\/\">LED-gadelys<\/a><\/h4>\n<\/div>\n<\/div><\/div>\n\n\n\n<div class=\"wp-block-uagb-container uagb-block-99c0e0a5 alignfull uagb-is-root-container\"><div class=\"uagb-container-inner-blocks-wrap\"><\/div><\/div>\n\n\n\n<p><\/p>","protected":false},"excerpt":{"rendered":"<p>Intelligent Underground Parking Lots Lighting Solution In the huge underground garage space, facing the lighting needs of a large area of 24 hours, how to ensure that the garage is well-lit, safe and energy-efficient at the same time has become an important challenge. The same day energy-saving lighting close to the market demand, carefully designed [&hellip;]<\/p>\n","protected":false},"author":1,"featured_media":0,"parent":1808,"menu_order":0,"comment_status":"closed","ping_status":"closed","template":"","meta":{"_uag_custom_page_level_css":"","site-sidebar-layout":"no-sidebar","site-content-layout":"","ast-site-content-layout":"default","site-content-style":"default","site-sidebar-style":"default","ast-global-header-display":"","ast-banner-title-visibility":"","ast-main-header-display":"","ast-hfb-above-header-display":"","ast-hfb-below-header-display":"","ast-hfb-mobile-header-display":"","site-post-title":"disabled","ast-breadcrumbs-content":"","ast-featured-img":"","footer-sml-layout":"","ast-disable-related-posts":"","theme-transparent-header-meta":"enabled","adv-header-id-meta":"","stick-header-meta":"","header-above-stick-meta":"","header-main-stick-meta":"","header-below-stick-meta":"","astra-migrate-meta-layouts":"set","ast-page-background-enabled":"default","ast-page-background-meta":{"desktop":{"background-color":"var(--ast-global-color-4)","background-image":"","background-repeat":"repeat","background-position":"center center","background-size":"auto","background-attachment":"scroll","background-type":"","background-media":"","overlay-type":"","overlay-color":"","overlay-opacity":"","overlay-gradient":""},"tablet":{"background-color":"","background-image":"","background-repeat":"repeat","background-position":"center center","background-size":"auto","background-attachment":"scroll","background-type":"","background-media":"","overlay-type":"","overlay-color":"","overlay-opacity":"","overlay-gradient":""},"mobile":{"background-color":"","background-image":"","background-repeat":"repeat","background-position":"center center","background-size":"auto","background-attachment":"scroll","background-type":"","background-media":"","overlay-type":"","overlay-color":"","overlay-opacity":"","overlay-gradient":""}},"ast-content-background-meta":{"desktop":{"background-color":"var(--ast-global-color-5)","background-image":"","background-repeat":"repeat","background-position":"center center","background-size":"auto","background-attachment":"scroll","background-type":"","background-media":"","overlay-type":"","overlay-color":"","overlay-opacity":"","overlay-gradient":""},"tablet":{"background-color":"var(--ast-global-color-5)","background-image":"","background-repeat":"repeat","background-position":"center center","background-size":"auto","background-attachment":"scroll","background-type":"","background-media":"","overlay-type":"","overlay-color":"","overlay-opacity":"","overlay-gradient":""},"mobile":{"background-color":"var(--ast-global-color-5)","background-image":"","background-repeat":"repeat","background-position":"center center","background-size":"auto","background-attachment":"scroll","background-type":"","background-media":"","overlay-type":"","overlay-color":"","overlay-opacity":"","overlay-gradient":""}},"footnotes":""},"class_list":["post-1992","page","type-page","status-publish","hentry"],"uagb_featured_image_src":{"full":false,"thumbnail":false,"medium":false,"medium_large":false,"large":false,"1536x1536":false,"2048x2048":false,"trp-custom-language-flag":false},"uagb_author_info":{"display_name":"Joe","author_link":"https:\/\/led.amasly.com\/da\/author\/jacklin\/"},"uagb_comment_info":0,"uagb_excerpt":"Intelligent Underground Parking Lots Lighting Solution In the huge underground garage space, facing the lighting needs of a large area of 24 hours, how to ensure that the garage is well-lit, safe and energy-efficient at the same time has become an important challenge. The same day energy-saving lighting close to the market demand, carefully designed&hellip;","_links":{"self":[{"href":"https:\/\/led.amasly.com\/da\/wp-json\/wp\/v2\/pages\/1992","targetHints":{"allow":["GET"]}}],"collection":[{"href":"https:\/\/led.amasly.com\/da\/wp-json\/wp\/v2\/pages"}],"about":[{"href":"https:\/\/led.amasly.com\/da\/wp-json\/wp\/v2\/types\/page"}],"author":[{"embeddable":true,"href":"https:\/\/led.amasly.com\/da\/wp-json\/wp\/v2\/users\/1"}],"replies":[{"embeddable":true,"href":"https:\/\/led.amasly.com\/da\/wp-json\/wp\/v2\/comments?post=1992"}],"version-history":[{"count":3,"href":"https:\/\/led.amasly.com\/da\/wp-json\/wp\/v2\/pages\/1992\/revisions"}],"predecessor-version":[{"id":4594,"href":"https:\/\/led.amasly.com\/da\/wp-json\/wp\/v2\/pages\/1992\/revisions\/4594"}],"up":[{"embeddable":true,"href":"https:\/\/led.amasly.com\/da\/wp-json\/wp\/v2\/pages\/1808"}],"wp:attachment":[{"href":"https:\/\/led.amasly.com\/da\/wp-json\/wp\/v2\/media?parent=1992"}],"curies":[{"name":"wp","href":"https:\/\/api.w.org\/{rel}","templated":true}]}}