{"id":1856,"date":"2025-02-16T22:06:47","date_gmt":"2025-02-16T14:06:47","guid":{"rendered":"https:\/\/led.amasly.com\/?page_id=1856"},"modified":"2026-01-22T13:19:11","modified_gmt":"2026-01-22T05:19:11","slug":"power-plant-lighting-solution","status":"publish","type":"page","link":"https:\/\/led.amasly.com\/da\/solutions\/power-plant-lighting-solution\/","title":{"rendered":"Belysningsl\u00f8sning til kraftv\u00e6rk"},"content":{"rendered":"<div class=\"wp-block-uagb-container uagb-block-27bae773 alignfull uagb-is-root-container\"><div class=\"uagb-container-inner-blocks-wrap\"><\/div><\/div>\n\n\n\n<h1 class=\"wp-block-heading has-text-align-center\">L\u00f8sning til belysning af kraftv\u00e6rker<\/h1>\n\n\n\n<h2 class=\"wp-block-heading\">L\u00f8sning til belysning af kraftv\u00e6rker Introducer:<\/h2>\n\n\n\n<p class=\"has-medium-font-size\">Som et stort industrianl\u00e6g er design og implementering af belysningsplanen p\u00e5 et kraftv\u00e6rk af stor betydning for at forbedre arbejdseffektiviteten og sikre arbejdssikkerheden. Denne artikel giver et overblik over belysningsplanen for kraftv\u00e6rker og diskuterer i detaljer valget af egnede belysningsarmaturer, belysningslayout og kontrolsystemer, blandt andre aspekter. <\/p>\n\n\n\n<div class=\"wp-block-uagb-image uagb-block-4bea1f84 wp-block-uagb-image--layout-default wp-block-uagb-image--effect-static wp-block-uagb-image--align-none\"><figure class=\"wp-block-uagb-image__figure\"><img decoding=\"async\" srcset=\"https:\/\/led.amasly.com\/wp-content\/uploads\/2025\/02\/fd3c83bb801d5295fb06d3e255ab9d08_at-dusk-2176359_1280-1024x475.jpg ,https:\/\/led.amasly.com\/wp-content\/uploads\/2025\/02\/fd3c83bb801d5295fb06d3e255ab9d08_at-dusk-2176359_1280.jpg 780w, https:\/\/led.amasly.com\/wp-content\/uploads\/2025\/02\/fd3c83bb801d5295fb06d3e255ab9d08_at-dusk-2176359_1280.jpg 360w\" sizes=\"auto, (max-width: 480px) 150px\" src=\"https:\/\/led.amasly.com\/wp-content\/uploads\/2025\/02\/fd3c83bb801d5295fb06d3e255ab9d08_at-dusk-2176359_1280-1024x475.jpg\" alt=\"Power Plant lighting Solution: \" class=\"uag-image-1862\" width=\"1024\" height=\"475\" title=\"L\u00f8sning til belysning af kraftv\u00e6rker: \" loading=\"lazy\" role=\"img\"\/><\/figure><\/div>\n\n\n\n<h2 class=\"wp-block-heading has-large-font-size\">L\u00f8sning til belysning af kraftv\u00e6rker: Principper for lysdesign<\/h2>\n\n\n\n<h2 class=\"wp-block-heading has-medium-font-size\">Energieffektivitet <\/h2>\n\n\n\n<p class=\"has-medium-font-size\">Som et sted med et h\u00f8jt energiforbrug b\u00f8r belysningen p\u00e5 et kraftv\u00e6rk fokusere p\u00e5 energibesparelse og effektivitet. Ved at v\u00e6lge energieffektive belysningsarmaturer og anvende intelligente kontrolsystemer kan man effektivt reducere energiforbruget, forl\u00e6nge belysningsarmaturernes levetid og spare p\u00e5 vedligeholdelsesomkostningerne. <\/p>\n\n\n\n<h2 class=\"wp-block-heading has-medium-font-size\">Sikkerhed <\/h2>\n\n\n\n<p class=\"has-medium-font-size\">Et kraftv\u00e6rk er et h\u00f8jrisiko-arbejdsmilj\u00f8. Belysningsplanen skal sikre medarbejdernes sikkerhed og samtidig opretholde arbejdseffektiviteten. Belysningslayoutet skal tage h\u00f8jde for arbejdsomr\u00e5dets lysstyrke og ensartethed for at undg\u00e5, at arbejderne p\u00e5virkes af skygger og bl\u00e6nding. Derudover skal der v\u00e6lges eksplosionssikre eller vandt\u00e6tte belysningsarmaturer, der er egnede til barske milj\u00f8er, for at give p\u00e5lidelige lyseffekter. <\/p>\n\n\n\n<h2 class=\"wp-block-heading has-medium-font-size\">Farvegengivelse <\/h2>\n\n\n\n<p class=\"has-medium-font-size\">Arbejdet p\u00e5 et kraftv\u00e6rk kr\u00e6ver n\u00f8jagtig identifikation og genkendelse af forskelligt udstyr, indikatorskilte og farver osv. Derfor skal belysningen have en god farvegengivelse, gengive objekternes farver n\u00f8jagtigt og sikre, at medarbejderne kan arbejde normalt. <\/p>\n\n\n\n<h2 class=\"wp-block-heading has-large-font-size\">Belysningsl\u00f8sning til kraftv\u00e6rk: Valg af belysningsarmatur<\/h2>\n\n\n\n<div class=\"wp-block-uagb-image uagb-block-56a9818f wp-block-uagb-image--layout-default wp-block-uagb-image--effect-static wp-block-uagb-image--align-none\"><figure class=\"wp-block-uagb-image__figure\"><img decoding=\"async\" srcset=\"https:\/\/led.amasly.com\/wp-content\/uploads\/2025\/02\/fbcbf09c46693abecd0138b26a4f36dc_power-plant-2728059_1280-1024x682.jpg ,https:\/\/led.amasly.com\/wp-content\/uploads\/2025\/02\/fbcbf09c46693abecd0138b26a4f36dc_power-plant-2728059_1280.jpg 780w, https:\/\/led.amasly.com\/wp-content\/uploads\/2025\/02\/fbcbf09c46693abecd0138b26a4f36dc_power-plant-2728059_1280.jpg 360w\" sizes=\"auto, (max-width: 480px) 150px\" src=\"https:\/\/led.amasly.com\/wp-content\/uploads\/2025\/02\/fbcbf09c46693abecd0138b26a4f36dc_power-plant-2728059_1280-1024x682.jpg\" alt=\"\" class=\"uag-image-1863\" width=\"1280\" height=\"853\" title=\"fbcbf09c46693abecd0138b26a4f36dc_power-plant-2728059_1280\" loading=\"lazy\" role=\"img\"><\/figure><\/div>\n\n\n\n<h3 class=\"wp-block-heading has-medium-font-size\">LED-armaturer <\/h3>\n\n\n\n<p class=\"has-medium-font-size\">P\u00e5 grund af deres h\u00f8je energieffektivitet og lange levetid er LED-armaturer det foretrukne valg til kraftv\u00e6rksbelysning. Sammenlignet med traditionelle gl\u00f8delamper og lysstofr\u00f8r bruger LED-armaturer mindre energi, har en l\u00e6ngere levetid og har ogs\u00e5 bedre lysfarvestabilitet og farvegengivelse. Levetiden for LED-armaturer er ogs\u00e5 meget l\u00e6ngere end for traditionelle armaturer, hvilket reducerer hyppigheden af udskiftning og vedligeholdelse. <\/p>\n\n\n\n<h3 class=\"wp-block-heading has-medium-font-size\">Eksplosionssikre armaturer <\/h3>\n\n\n\n<p class=\"has-medium-font-size\">Der er visse eksplosions- og brandrisici p\u00e5 kraftv\u00e6rker. Derfor skal der bruges eksplosionssikre armaturer i nogle specifikke omr\u00e5der som f.eks. olietanke, generatorrum og transformerstationer. Eksplosionssikre armaturer har eksplosionssikre, st\u00f8vsikre og vandt\u00e6tte funktioner og kan give p\u00e5lidelige lyseffekter i farlige milj\u00f8er. Eksplosionssikre armaturer har normalt specielle skaller og materialer, der effektivt kan isolere gnister eller lysbuer mellem elektrisk udstyr og selve armaturerne, hvilket reducerer risikoen for ulykker. <\/p>\n\n\n\n<h2 class=\"wp-block-heading has-large-font-size\">Belysningsl\u00f8sning til kraftv\u00e6rk: Layout af belysning<\/h2>\n\n\n\n<div class=\"wp-block-uagb-image uagb-block-2f09d762 wp-block-uagb-image--layout-default wp-block-uagb-image--effect-static wp-block-uagb-image--align-none\"><figure class=\"wp-block-uagb-image__figure\"><img decoding=\"async\" srcset=\"https:\/\/led.amasly.com\/wp-content\/uploads\/2025\/02\/1fd12b605444587d846e86d2387446da_industry-4612432_1280-1024x576.jpg ,https:\/\/led.amasly.com\/wp-content\/uploads\/2025\/02\/1fd12b605444587d846e86d2387446da_industry-4612432_1280.jpg 780w, https:\/\/led.amasly.com\/wp-content\/uploads\/2025\/02\/1fd12b605444587d846e86d2387446da_industry-4612432_1280.jpg 360w\" sizes=\"auto, (max-width: 480px) 150px\" src=\"https:\/\/led.amasly.com\/wp-content\/uploads\/2025\/02\/1fd12b605444587d846e86d2387446da_industry-4612432_1280-1024x576.jpg\" alt=\"\" class=\"uag-image-1864\" width=\"1280\" height=\"720\" title=\"1fd12b605444587d846e86d2387446da_industry-4612432_1280\" loading=\"lazy\" role=\"img\"><\/figure><\/div>\n\n\n\n<h3 class=\"wp-block-heading has-medium-font-size\">Vigtigste arbejdsomr\u00e5der <\/h3>\n\n\n\n<p class=\"has-medium-font-size\">De vigtigste arbejdsomr\u00e5der i et kraftv\u00e6rk omfatter generatorrum, transformerstationer, driftskontrolrum og fordelingsrum osv. Disse omr\u00e5der kr\u00e6ver normalt h\u00f8j lysstyrke og ensartethed for at give et godt arbejdsmilj\u00f8. I disse omr\u00e5der b\u00f8r der anvendes kraftige belysningsarmaturer som LED-projekt\u00f8rer eller kraftige LED-r\u00f8r. Belysningsarmaturer skal installeres med rimelighed i henhold til arbejdsomr\u00e5dets behov og layout for at sikre den bedste lyseffekt. <\/p>\n\n\n\n<h3 class=\"wp-block-heading has-medium-font-size\">Sikkerhedspassager og n\u00f8dudgange <\/h3>\n\n\n\n<p class=\"has-medium-font-size\">Der er mange sikkerhedsgange og n\u00f8dudgange p\u00e5 et kraftv\u00e6rk. Disse omr\u00e5der skal have god belysning og sikre, at medarbejderne kan evakueres hurtigt og sikkert i en n\u00f8dsituation. I disse omr\u00e5der skal der installeres n\u00f8dbelysningsarmaturer og indikatorlamper for at sikre og markere placering og retning af passager og udgange. N\u00f8dbelysningssystemer har normalt uafh\u00e6ngige str\u00f8mforsyninger og automatiske kontaktfunktioner og kan stadig fungere normalt i tilf\u00e6lde af str\u00f8msvigt eller ulykker. <\/p>\n\n\n\n<h3 class=\"wp-block-heading has-medium-font-size\">Kontoromr\u00e5der <\/h3>\n\n\n\n<p class=\"has-medium-font-size\">Ud over de vigtigste arbejdsomr\u00e5der har kraftv\u00e6rker ogs\u00e5 nogle kontoromr\u00e5der som administrative kontorer, m\u00f8delokaler og medarbejdernes hvilerum osv. Belysningskravene i disse omr\u00e5der er relativt lave, prim\u00e6rt for at skabe et behageligt arbejdsmilj\u00f8. I disse omr\u00e5der kan der v\u00e6lges bl\u00f8dere belysningsarmaturer som LED-downlights eller panellamper for at give gode lyseffekter og visuel komfort. <\/p>\n\n\n\n<h2 class=\"wp-block-heading has-large-font-size\">L\u00f8sning til belysning af kraftv\u00e6rker: Kontrolsystemer<\/h2>\n\n\n\n<p class=\"has-medium-font-size\">For at opn\u00e5 energibesparelser og intelligent styring skal belysningen i et kraftv\u00e6rk v\u00e6re udstyret med tilsvarende kontrolsystemer. F\u00f8lgende er nogle almindeligt anvendte kontrolsystemer: <\/p>\n\n\n\n<h3 class=\"wp-block-heading has-medium-font-size\">Kontrol af belysning <\/h3>\n\n\n\n<p class=\"has-medium-font-size\">Lysstyringssystemet justerer automatisk lysstyrken og balancen i forhold til \u00e6ndringerne i det naturlige lys. Ved at bruge lyssensorer til at registrere intensiteten af lyset i det omgivende milj\u00f8 kan systemet automatisk styre t\u00e6nd\/sluk og lysstyrke p\u00e5 belysningsudstyret og foretage rettidige justeringer for at tilpasse sig forskellige tidspunkter og vejrforhold. <\/p>\n\n\n\n<h3 class=\"wp-block-heading has-medium-font-size\">Energibesparende kontrol <\/h3>\n\n\n\n<p class=\"has-medium-font-size\">Det energibesparende kontrolsystem slukker automatisk for belysningsarmaturerne, n\u00e5r der ikke er nogen til stede i omr\u00e5det. Ved at bruge bev\u00e6gelsessensorer til at registrere tilstedev\u00e6relsen af mennesker kan systemet automatisk slukke for belysningsarmaturerne, n\u00e5r omr\u00e5det ikke er beboet, hvilket reducerer energiforbruget. Det energibesparende styresystem kan ogs\u00e5 kombineres med lysstyringssystemet for at opn\u00e5 en mere intelligent og energieffektiv styring. Det energibesparende kontrolsystem opn\u00e5r intelligent kontrol af belysningsudstyret ved hj\u00e6lp af sensorer, timere og andre midler. N\u00e5r folk g\u00e5r, eller ingen arbejder, kan systemet automatisk slukke for nogle eller alle lys for at opn\u00e5 energibesparende form\u00e5l. Samtidig kan lysets t\u00e6nd- og sluktider ogs\u00e5 styres af timere for at undg\u00e5 un\u00f8dvendigt energispild. <\/p>\n\n\n\n<h2 class=\"wp-block-heading has-large-font-size\">L\u00f8sning til belysning af kraftv\u00e6rker: Fjernoverv\u00e5gning<\/h2>\n\n\n\n<p class=\"has-medium-font-size\">Fjernoverv\u00e5gningssystemet kan overv\u00e5ge arbejdsstatus og energiforbrug i kraftv\u00e6rkets belysningssystem i realtid og udf\u00f8re fjernstyring og -administration. Via mobilapplikationer eller netv\u00e6rksgr\u00e6nseflader kan personalet se og kontrollere lysets status i realtid, justere lysstyrken og kontakterne osv., hvilket er praktisk til centraliseret styring og fejlfinding. <\/p>\n\n\n\n<h2 class=\"wp-block-heading has-large-font-size\">Sammenfatning <\/h2>\n\n\n\n<p class=\"has-medium-font-size\">Design og implementering af belysningsplaner i kraftv\u00e6rker spiller en afg\u00f8rende rolle for at forbedre arbejdseffektiviteten og sikre arbejdssikkerheden. Ved valg af belysningsarmaturer, planl\u00e6gning af layout og valg af kontrolsystemer skal der l\u00e6gges v\u00e6gt p\u00e5 energieffektivitet, sikkerhed og farvegengivelse for at im\u00f8dekomme kraftv\u00e6rkernes faktiske behov. Samtidig kan rationel brug af energibesparende kontrol og intelligente kontrolsystemer forbedre energiudnyttelsen og ledelseseffektiviteten yderligere.<\/p>\n\n\n\n<p>Standard: <a href=\"http:\/\/www.iec.com\" rel=\"nofollow noopener\" target=\"_blank\">IEC 60598 IEC60079<\/a><\/p>\n\n\n\n<div class=\"wp-block-uagb-container uagb-block-c7d898dd alignfull uagb-is-root-container\"><div class=\"uagb-container-inner-blocks-wrap\"><\/div><\/div>\n\n\n\n<h2 class=\"wp-block-heading\">Relaterede produkter<\/h2>\n\n\n\n<div class=\"wp-block-uagb-container uagb-block-66e4defc alignfull uagb-is-root-container\"><div class=\"uagb-container-inner-blocks-wrap\">\n<div class=\"wp-block-uagb-container uagb-block-a42945f9\">\n<div class=\"wp-block-uagb-image uagb-block-7296296b wp-block-uagb-image--layout-default wp-block-uagb-image--effect-static wp-block-uagb-image--align-none\"><figure class=\"wp-block-uagb-image__figure\"><a class=\"\" href=\"https:\/\/led.amasly.com\/da\/products\/\" target=\"\" rel=\"noopener\"><img decoding=\"async\" srcset=\"https:\/\/led.amasly.com\/wp-content\/uploads\/2024\/09\/Explosion-proof-high-bay-lights.png ,https:\/\/led.amasly.com\/wp-content\/uploads\/2024\/09\/Explosion-proof-high-bay-lights.png 780w, https:\/\/led.amasly.com\/wp-content\/uploads\/2024\/09\/Explosion-proof-high-bay-lights.png 360w\" sizes=\"auto, (max-width: 480px) 150px\" src=\"https:\/\/led.amasly.com\/wp-content\/uploads\/2024\/09\/Explosion-proof-high-bay-lights.png\" alt=\"\" class=\"uag-image-1495\" width=\"300\" height=\"300\" title=\"Eksplosionssikre high bay-lys\" loading=\"lazy\" role=\"img\"><\/a><\/figure><\/div>\n<\/div>\n\n\n\n<div class=\"wp-block-uagb-container uagb-block-4d3efde5\">\n<div class=\"wp-block-uagb-image uagb-block-c9e90797 wp-block-uagb-image--layout-default wp-block-uagb-image--effect-static wp-block-uagb-image--align-none\"><figure class=\"wp-block-uagb-image__figure\"><a class=\"\" href=\"https:\/\/led.amasly.com\/da\/products\/\" target=\"\" rel=\"noopener\"><img decoding=\"async\" srcset=\"https:\/\/led.amasly.com\/wp-content\/uploads\/2024\/07\/LED-tri-proof-lights2.png ,https:\/\/led.amasly.com\/wp-content\/uploads\/2024\/07\/LED-tri-proof-lights2.png 780w, https:\/\/led.amasly.com\/wp-content\/uploads\/2024\/07\/LED-tri-proof-lights2.png 360w\" sizes=\"auto, (max-width: 480px) 150px\" src=\"https:\/\/led.amasly.com\/wp-content\/uploads\/2024\/07\/LED-tri-proof-lights2.png\" alt=\"\" class=\"uag-image-1132\" width=\"300\" height=\"300\" title=\"LED-tri-proof-lys2\" loading=\"lazy\" role=\"img\"><\/a><\/figure><\/div>\n<\/div>\n\n\n\n<div class=\"wp-block-uagb-container uagb-block-11c2578b\">\n<div class=\"wp-block-uagb-image uagb-block-6e8883aa wp-block-uagb-image--layout-default wp-block-uagb-image--effect-static wp-block-uagb-image--align-none\"><figure class=\"wp-block-uagb-image__figure\"><a class=\"\" href=\"https:\/\/led.amasly.com\/da\/products\/\" target=\"\" rel=\"noopener\"><img decoding=\"async\" srcset=\"https:\/\/led.amasly.com\/wp-content\/uploads\/2024\/09\/LED-Explosion-Proof-Gas-Station-Light.png ,https:\/\/led.amasly.com\/wp-content\/uploads\/2024\/09\/LED-Explosion-Proof-Gas-Station-Light.png 780w, https:\/\/led.amasly.com\/wp-content\/uploads\/2024\/09\/LED-Explosion-Proof-Gas-Station-Light.png 360w\" sizes=\"auto, (max-width: 480px) 150px\" src=\"https:\/\/led.amasly.com\/wp-content\/uploads\/2024\/09\/LED-Explosion-Proof-Gas-Station-Light.png\" alt=\"\" class=\"uag-image-1501\" width=\"300\" height=\"300\" title=\"LED-eksplosionssikkert tankstationslys\" loading=\"lazy\" role=\"img\"><\/a><\/figure><\/div>\n<\/div>\n<\/div><\/div>\n\n\n\n<div class=\"wp-block-uagb-container uagb-block-548945b5 alignfull uagb-is-root-container\"><div class=\"uagb-container-inner-blocks-wrap\">\n<div class=\"wp-block-uagb-container uagb-block-967755d5\">\n<h4 class=\"wp-block-heading has-text-align-center\"><a href=\"https:\/\/led.amasly.com\/da\/products\/\">LED-eksplosionssikre lamper<\/a><\/h4>\n<\/div>\n\n\n\n<div class=\"wp-block-uagb-container uagb-block-9bc52fc2\">\n<h4 class=\"wp-block-heading has-text-align-center\"><a href=\"https:\/\/led.amasly.com\/da\/products\/\">LED Tri-Proof-lys<\/a><\/h4>\n<\/div>\n\n\n\n<div class=\"wp-block-uagb-container uagb-block-8ffa0a23\">\n<h4 class=\"wp-block-heading has-text-align-center\"><a href=\"https:\/\/led.amasly.com\/da\/products\/\">Eksplosionssikre lamper til tankstationer<\/a><\/h4>\n<\/div>\n<\/div><\/div>\n\n\n\n<div class=\"wp-block-uagb-container uagb-block-29499fe0 alignfull uagb-is-root-container\"><div class=\"uagb-container-inner-blocks-wrap\">\n<div class=\"wp-block-uagb-container uagb-block-777ee1c7\">\n<div class=\"wp-block-uagb-image uagb-block-2e9a1851 wp-block-uagb-image--layout-default wp-block-uagb-image--effect-static wp-block-uagb-image--align-none\"><figure class=\"wp-block-uagb-image__figure\"><a class=\"\" href=\"https:\/\/led.amasly.com\/da\/products\/\" target=\"\" rel=\"noopener\"><img decoding=\"async\" srcset=\"https:\/\/led.amasly.com\/wp-content\/uploads\/2024\/10\/50W-100W-150W-200W-300W-LED-Flood-Light.jpg ,https:\/\/led.amasly.com\/wp-content\/uploads\/2024\/10\/50W-100W-150W-200W-300W-LED-Flood-Light.jpg 780w, https:\/\/led.amasly.com\/wp-content\/uploads\/2024\/10\/50W-100W-150W-200W-300W-LED-Flood-Light.jpg 360w\" sizes=\"auto, (max-width: 480px) 150px\" src=\"https:\/\/led.amasly.com\/wp-content\/uploads\/2024\/10\/50W-100W-150W-200W-300W-LED-Flood-Light.jpg\" alt=\"\" class=\"uag-image-1526\" width=\"300\" height=\"300\" title=\"50W 100W 150W 200W 300W LED-oversv\u00f8mmelseslys\" loading=\"lazy\" role=\"img\"><\/a><\/figure><\/div>\n<\/div>\n\n\n\n<div class=\"wp-block-uagb-container uagb-block-af8c8683\">\n<div class=\"wp-block-uagb-image uagb-block-67947854 wp-block-uagb-image--layout-default wp-block-uagb-image--effect-static wp-block-uagb-image--align-none\"><figure class=\"wp-block-uagb-image__figure\"><a class=\"\" href=\"https:\/\/led.amasly.com\/da\/products\/\" target=\"\" rel=\"noopener\"><img decoding=\"async\" srcset=\"https:\/\/led.amasly.com\/wp-content\/uploads\/2024\/07\/led-tri-proof-light.png ,https:\/\/led.amasly.com\/wp-content\/uploads\/2024\/07\/led-tri-proof-light.png 780w, https:\/\/led.amasly.com\/wp-content\/uploads\/2024\/07\/led-tri-proof-light.png 360w\" sizes=\"auto, (max-width: 480px) 150px\" src=\"https:\/\/led.amasly.com\/wp-content\/uploads\/2024\/07\/led-tri-proof-light.png\" alt=\"\" class=\"uag-image-1130\" width=\"300\" height=\"300\" title=\"led-tri-proof-lys\" loading=\"lazy\" role=\"img\"><\/a><\/figure><\/div>\n<\/div>\n\n\n\n<div class=\"wp-block-uagb-container uagb-block-0fdfdd58\">\n<div class=\"wp-block-uagb-image uagb-block-1187d32d wp-block-uagb-image--layout-default wp-block-uagb-image--effect-static wp-block-uagb-image--align-none\"><figure class=\"wp-block-uagb-image__figure\"><a class=\"\" href=\"https:\/\/led.amasly.com\/da\/products\/\" target=\"\" rel=\"noopener\"><img decoding=\"async\" srcset=\"https:\/\/led.amasly.com\/wp-content\/uploads\/2024\/07\/LED-street-light.jpg ,https:\/\/led.amasly.com\/wp-content\/uploads\/2024\/07\/LED-street-light.jpg 780w, https:\/\/led.amasly.com\/wp-content\/uploads\/2024\/07\/LED-street-light.jpg 360w\" sizes=\"auto, (max-width: 480px) 150px\" src=\"https:\/\/led.amasly.com\/wp-content\/uploads\/2024\/07\/LED-street-light.jpg\" alt=\"\" class=\"uag-image-1145\" width=\"300\" height=\"300\" title=\"LED-gadebelysning\" loading=\"lazy\" role=\"img\"><\/a><\/figure><\/div>\n<\/div>\n<\/div><\/div>\n\n\n\n<div class=\"wp-block-uagb-container uagb-block-6a60882c alignfull uagb-is-root-container\"><div class=\"uagb-container-inner-blocks-wrap\">\n<div class=\"wp-block-uagb-container uagb-block-f1e91a35\">\n<h4 class=\"wp-block-heading has-text-align-center\"><a href=\"https:\/\/led.amasly.com\/da\/products\/\">LED-oversv\u00f8mmelseslys<\/a><\/h4>\n<\/div>\n\n\n\n<div class=\"wp-block-uagb-container uagb-block-165bfa58\">\n<h4 class=\"wp-block-heading has-text-align-center\"><a href=\"https:\/\/led.amasly.com\/da\/products\/\">LED Tri-Proof lysr\u00f8r<\/a><\/h4>\n<\/div>\n\n\n\n<div class=\"wp-block-uagb-container uagb-block-f6096e3b\">\n<h4 class=\"wp-block-heading has-text-align-center\"><a href=\"https:\/\/led.amasly.com\/da\/products\/\">LED-gadelys<\/a><\/h4>\n<\/div>\n<\/div><\/div>\n\n\n\n<p><\/p>","protected":false},"excerpt":{"rendered":"<p>Power Plant lighting Solution Power Plant lighting Solution Introduce: As a large industrial site, the design and implementation of the lighting scheme in a power plant are of great significance for improving work efficiency and ensuring work safety. This article will provide an overview of the lighting scheme for power plants and discuss in detail [&hellip;]<\/p>\n","protected":false},"author":1,"featured_media":0,"parent":1808,"menu_order":0,"comment_status":"closed","ping_status":"closed","template":"","meta":{"_uag_custom_page_level_css":"","site-sidebar-layout":"no-sidebar","site-content-layout":"","ast-site-content-layout":"default","site-content-style":"default","site-sidebar-style":"default","ast-global-header-display":"","ast-banner-title-visibility":"","ast-main-header-display":"","ast-hfb-above-header-display":"","ast-hfb-below-header-display":"","ast-hfb-mobile-header-display":"","site-post-title":"disabled","ast-breadcrumbs-content":"","ast-featured-img":"","footer-sml-layout":"","ast-disable-related-posts":"","theme-transparent-header-meta":"enabled","adv-header-id-meta":"","stick-header-meta":"","header-above-stick-meta":"","header-main-stick-meta":"","header-below-stick-meta":"","astra-migrate-meta-layouts":"set","ast-page-background-enabled":"default","ast-page-background-meta":{"desktop":{"background-color":"var(--ast-global-color-4)","background-image":"","background-repeat":"repeat","background-position":"center center","background-size":"auto","background-attachment":"scroll","background-type":"","background-media":"","overlay-type":"","overlay-color":"","overlay-opacity":"","overlay-gradient":""},"tablet":{"background-color":"","background-image":"","background-repeat":"repeat","background-position":"center center","background-size":"auto","background-attachment":"scroll","background-type":"","background-media":"","overlay-type":"","overlay-color":"","overlay-opacity":"","overlay-gradient":""},"mobile":{"background-color":"","background-image":"","background-repeat":"repeat","background-position":"center center","background-size":"auto","background-attachment":"scroll","background-type":"","background-media":"","overlay-type":"","overlay-color":"","overlay-opacity":"","overlay-gradient":""}},"ast-content-background-meta":{"desktop":{"background-color":"var(--ast-global-color-5)","background-image":"","background-repeat":"repeat","background-position":"center center","background-size":"auto","background-attachment":"scroll","background-type":"","background-media":"","overlay-type":"","overlay-color":"","overlay-opacity":"","overlay-gradient":""},"tablet":{"background-color":"var(--ast-global-color-5)","background-image":"","background-repeat":"repeat","background-position":"center center","background-size":"auto","background-attachment":"scroll","background-type":"","background-media":"","overlay-type":"","overlay-color":"","overlay-opacity":"","overlay-gradient":""},"mobile":{"background-color":"var(--ast-global-color-5)","background-image":"","background-repeat":"repeat","background-position":"center center","background-size":"auto","background-attachment":"scroll","background-type":"","background-media":"","overlay-type":"","overlay-color":"","overlay-opacity":"","overlay-gradient":""}},"footnotes":""},"class_list":["post-1856","page","type-page","status-publish","hentry"],"uagb_featured_image_src":{"full":false,"thumbnail":false,"medium":false,"medium_large":false,"large":false,"1536x1536":false,"2048x2048":false,"trp-custom-language-flag":false},"uagb_author_info":{"display_name":"Joe","author_link":"https:\/\/led.amasly.com\/da\/author\/jacklin\/"},"uagb_comment_info":0,"uagb_excerpt":"Power Plant lighting Solution Power Plant lighting Solution Introduce: As a large industrial site, the design and implementation of the lighting scheme in a power plant are of great significance for improving work efficiency and ensuring work safety. This article will provide an overview of the lighting scheme for power plants and discuss in detail&hellip;","_links":{"self":[{"href":"https:\/\/led.amasly.com\/da\/wp-json\/wp\/v2\/pages\/1856","targetHints":{"allow":["GET"]}}],"collection":[{"href":"https:\/\/led.amasly.com\/da\/wp-json\/wp\/v2\/pages"}],"about":[{"href":"https:\/\/led.amasly.com\/da\/wp-json\/wp\/v2\/types\/page"}],"author":[{"embeddable":true,"href":"https:\/\/led.amasly.com\/da\/wp-json\/wp\/v2\/users\/1"}],"replies":[{"embeddable":true,"href":"https:\/\/led.amasly.com\/da\/wp-json\/wp\/v2\/comments?post=1856"}],"version-history":[{"count":6,"href":"https:\/\/led.amasly.com\/da\/wp-json\/wp\/v2\/pages\/1856\/revisions"}],"predecessor-version":[{"id":4582,"href":"https:\/\/led.amasly.com\/da\/wp-json\/wp\/v2\/pages\/1856\/revisions\/4582"}],"up":[{"embeddable":true,"href":"https:\/\/led.amasly.com\/da\/wp-json\/wp\/v2\/pages\/1808"}],"wp:attachment":[{"href":"https:\/\/led.amasly.com\/da\/wp-json\/wp\/v2\/media?parent=1856"}],"curies":[{"name":"wp","href":"https:\/\/api.w.org\/{rel}","templated":true}]}}