{"id":1814,"date":"2025-02-15T20:28:04","date_gmt":"2025-02-15T12:28:04","guid":{"rendered":"https:\/\/led.amasly.com\/?page_id=1814"},"modified":"2026-01-22T11:27:53","modified_gmt":"2026-01-22T03:27:53","slug":"chemical-plant-lighting-solution","status":"publish","type":"page","link":"https:\/\/led.amasly.com\/da\/solutions\/chemical-plant-lighting-solution\/","title":{"rendered":"Belysningsl\u00f8sning til kemiske anl\u00e6g"},"content":{"rendered":"<div class=\"wp-block-uagb-container uagb-block-27bae773 alignfull uagb-is-root-container\"><div class=\"uagb-container-inner-blocks-wrap\"><\/div><\/div>\n\n\n\n<h1 class=\"wp-block-heading has-text-align-center\">Belysningsl\u00f8sning til kemiske anl\u00e6g<\/h1>\n\n\n\n<p class=\"has-medium-font-size\">        De fleste kemiske anl\u00e6g er brandfarlige og eksplosive steder og er \u00e6tsende milj\u00f8er, som har deres s\u00e6rlige kendetegn sammenlignet med konventionelle fabrikker. Belysningsdesignet p\u00e5 kemiske anl\u00e6g p\u00e5virker direkte produktionssikkerheden, arbejdsproduktiviteten, produktkvaliteten og arbejdsmilj\u00f8et og mange andre problemer.<\/p>\n\n\n\n<div class=\"wp-block-uagb-image uagb-block-e30ce4a4 wp-block-uagb-image--layout-default wp-block-uagb-image--effect-static wp-block-uagb-image--align-none\"><figure class=\"wp-block-uagb-image__figure\"><img decoding=\"async\" srcset=\"https:\/\/led.amasly.com\/wp-content\/uploads\/2025\/02\/Chemical-plant-lighting.jpg ,https:\/\/led.amasly.com\/wp-content\/uploads\/2025\/02\/Chemical-plant-lighting.jpg 780w, https:\/\/led.amasly.com\/wp-content\/uploads\/2025\/02\/Chemical-plant-lighting.jpg 360w\" sizes=\"auto, (max-width: 480px) 150px\" src=\"https:\/\/led.amasly.com\/wp-content\/uploads\/2025\/02\/Chemical-plant-lighting.jpg\" alt=\"Chemical Plant Lighting Solution\" class=\"uag-image-1816\" width=\"660\" height=\"440\" title=\"Amasly Lighting er en producent af ledede industrilamper, der kan levere belysningsl\u00f8sninger til forskellige scenarier, herunder: Belysningsl\u00f8sning til kemiske anl\u00e6g\" loading=\"lazy\" role=\"img\"\/><\/figure><\/div>\n\n\n\n<p class=\"has-medium-font-size\">Indretningen af kemisk produktionsudstyr udvikler sig i retning af integration og udvikling i det fri. Udend\u00f8rsmilj\u00f8et p\u00e5virkes af vind, regn, is, sne, sol, st\u00f8v og organismer. Og den udend\u00f8rs temperaturforskel er stor, let at producere kondens; Samtidig har reaktionsmaterialemediet i de fleste kemiske produktionsenheder egenskaberne brandfarlige, eksplosive og \u00e6tsende, disse forhold eksisterer ofte p\u00e5 samme tid, alle disse barske forhold kr\u00e6ver kemisk belysning i det strukturelle design, isoleringssystem, beskyttelsesniveau og overfladebehandling end almindelig belysning har en h\u00f8jere milj\u00f8p\u00e5virkningsydelse. <\/p>\n\n\n\n<p class=\"has-medium-font-size\">Kemisk produktionsudstyr, der almindeligvis anvendes belysningsudstyr, har eksplosionssikker, korrosionsbeskyttet type, derfor skal de valgte belysningsarmaturer i belysningsfordelingsdesignet for kemisk produktionsudstyr v\u00e6lges i henhold til de eksplosionssikre, korrosionsbeskyttede milj\u00f8egenskaber og opfylde kravene til beskyttelsesniveauet for lamperne.<\/p>\n\n\n\n<h2 class=\"wp-block-heading\"><strong>Belysningsl\u00f8sning til kemiske anl\u00e6g Belysningstilstand<\/strong><\/h2>\n\n\n\n<p class=\"has-medium-font-size\">Belysning i kemiske anl\u00e6g er opdelt i generel belysning, blandet belysning og lokal belysning. Anvendelsesprincipperne skal v\u00e6re i overensstemmelse med f\u00f8lgende bestemmelser: <\/p>\n\n\n\n<p class=\"has-medium-font-size\">Generel belysning henviser til den ensartede belysning, der er oprettet for at belyse hele stedet, specifikt henviser til det indend\u00f8rs og udend\u00f8rs hele stedet, det meste af arbejdspladsbelysningen eller ikke egnet til installation af lokal belysning og blandet belysningsbelysning, generel belysning skal v\u00e6re ensartet belysning. Arbejdspladsen skal normalt v\u00e6re forsynet med generel belysning; N\u00e5r forskellige omr\u00e5der p\u00e5 samme sted har forskellige krav til belysningsstyrke, skal der anvendes regional generel belysning. <\/p>\n\n\n\n<p class=\"has-medium-font-size\">Blandet belysning refererer til den belysning, der best\u00e5r af generel belysning og lokal belysning. For nogle af arbejdsoverfladens belysningskrav er h\u00f8je, kun brugen af generel belysning er urimelig, det er passende at bruge blandet belysning; <\/p>\n\n\n\n<p class=\"has-medium-font-size\">Lokal belysning henviser til den belysning, der kr\u00e6ves for at styrke belysningen af den lokale arbejdsplads, belysningen af arbejdsfladen med krav til lysretning eller belysningen af den lokale arbejdsplads, hvor den generelle belysning ikke opfylder produktionskravene. Der b\u00f8r ikke kun installeres lokal belysning p\u00e5 en arbejdsplads.<\/p>\n\n\n\n<div class=\"wp-block-uagb-image uagb-block-d7563574 wp-block-uagb-image--layout-default wp-block-uagb-image--effect-static wp-block-uagb-image--align-none\"><figure class=\"wp-block-uagb-image__figure\"><img decoding=\"async\" srcset=\"https:\/\/led.amasly.com\/wp-content\/uploads\/2025\/02\/\u4e0b\u8f7d.jpg ,https:\/\/led.amasly.com\/wp-content\/uploads\/2025\/02\/\u4e0b\u8f7d.jpg 780w, https:\/\/led.amasly.com\/wp-content\/uploads\/2025\/02\/\u4e0b\u8f7d.jpg 360w\" sizes=\"auto, (max-width: 480px) 150px\" src=\"https:\/\/led.amasly.com\/wp-content\/uploads\/2025\/02\/\u4e0b\u8f7d.jpg\" alt=\"\" class=\"uag-image-1818\" width=\"660\" height=\"498\" title=\"S\u00c5DAN ER DET\" loading=\"lazy\" role=\"img\"><\/figure><\/div>\n\n\n\n<h2 class=\"wp-block-heading\">Belysningsl\u00f8sning til kemiske anl\u00e6g: Belysningstype<\/h2>\n\n\n\n<p class=\"has-medium-font-size\">Belysningstyper til kemiske anl\u00e6g er opdelt i: normal belysning, n\u00f8dbelysning, vedligeholdelsesbelysning, sikkerhedsbelysning, barrierebelysning, vejbelysning... N\u00f8dbelysningen omfatter backup-belysning, sikkerhedsbelysning og evakueringsbelysning. <\/p>\n\n\n\n<p class=\"has-medium-font-size\">I det f\u00f8lgende fokuseres der p\u00e5 normal belysning, n\u00f8dbelysning og vejbelysning: <\/p>\n\n\n\n<h3 class=\"wp-block-heading has-large-font-size\">Belysningsl\u00f8sning til kemiske anl\u00e6g Normal belysning:<\/h3>\n\n\n\n<p class=\"has-medium-font-size\">Arbejdspladsen skal v\u00e6re udstyret med normal belysning, der passer til de milj\u00f8m\u00e6ssige egenskaber for at opretholde et passende belysningsniveau for at sikre, at rutinem\u00e6ssige produktionsoperationer kan udf\u00f8res sikkert. Der skal v\u00e6re normal belysning p\u00e5 alle indend\u00f8rs og udend\u00f8rs arbejds- og aktivitetssteder. Normal belysning skal give ensartet belysning til hvert enhedsomr\u00e5de; Den normale belysning af proceskontrolrummet og det elektriske kontrolrum skal bruge antirefleksdesignbelysningsarmaturer med s\u00e6rlig opm\u00e6rksomhed p\u00e5 at sikre ensartet belysning for at undg\u00e5 skygge eller lysreflektion p\u00e5 kontrolpanelet og displayet (CRT).<\/p>\n\n\n\n<div class=\"wp-block-uagb-image uagb-block-b58ca229 wp-block-uagb-image--layout-default wp-block-uagb-image--effect-static wp-block-uagb-image--align-none\"><figure class=\"wp-block-uagb-image__figure\"><img decoding=\"async\" srcset=\"https:\/\/led.amasly.com\/wp-content\/uploads\/2025\/02\/\u4e0b\u8f7d-1.jpg ,https:\/\/led.amasly.com\/wp-content\/uploads\/2025\/02\/\u4e0b\u8f7d-1.jpg 780w, https:\/\/led.amasly.com\/wp-content\/uploads\/2025\/02\/\u4e0b\u8f7d-1.jpg 360w\" sizes=\"auto, (max-width: 480px) 150px\" src=\"https:\/\/led.amasly.com\/wp-content\/uploads\/2025\/02\/\u4e0b\u8f7d-1.jpg\" alt=\"\" class=\"uag-image-1819\" width=\"660\" height=\"498\" title=\"S\u00c5DAN ER DET\" loading=\"lazy\" role=\"img\"><\/figure><\/div>\n\n\n\n<h3 class=\"wp-block-heading\">Belysningsl\u00f8sning til kemiske anl\u00e6g N\u00f8dbelysning:<\/h3>\n\n\n\n<p class=\"has-medium-font-size\">N\u00f8dbelysning skal ops\u00e6ttes p\u00e5 steder, hvor det er n\u00f8dvendigt midlertidigt at forts\u00e6tte arbejdet, overv\u00e5ge arbejdsfladen, evakuere personale og give sikkerhedsinstruktioner til udgangskanaler, n\u00e5r den normale belysning slukkes p\u00e5 grund af fejl.<\/p>\n\n\n\n<p class=\"has-medium-font-size\">I f\u00f8lgende situationer p\u00e5 arbejdspladsen b\u00f8r der ops\u00e6ttes n\u00f8dbelysning:<\/p>\n\n\n\n<p class=\"has-medium-font-size\">\u2460 N\u00e5r den normale belysning er slukket p\u00e5 grund af fejl, skal der ops\u00e6ttes reservebelysning p\u00e5 steder, hvor normalt arbejde eller aktiviteter skal sikres; For eksempel, n\u00e5r den normale belysning slukkes p\u00e5 grund af fejl, kan det for\u00e5rsage alvorlige ulykker som eksplosioner, brande og personskader, eller belysningen til at forts\u00e6tte med at arbejde p\u00e5 steder, hvor arbejdets oph\u00f8r vil medf\u00f8re store konsekvenser eller \u00f8konomiske tab, eller belysningen til at sikre den normale drift af brandbek\u00e6mpelse i tilf\u00e6lde af brand.<\/p>\n\n\n\n<p class=\"has-medium-font-size\">\u2461 N\u00e5r den normale belysning er slukket p\u00e5 grund af fejl, skal der ops\u00e6ttes sikker belysning p\u00e5 steder, der skal sikre personalets sikkerhed i potentiel fare, s\u00e5som brug af rundsave og andre arbejdspladser;<\/p>\n\n\n\n<p class=\"has-medium-font-size\">\u2462 N\u00e5r den normale belysning er slukket p\u00e5 grund af fejl, er det n\u00f8dvendigt at sikre, at udgangen og passagen af den sikre evakuering af personale skal oprettes evakueringsbelysning. For eksempel er der et evakueringsskiltlys, der angiver udgangspositionen og flugtvejens retning, ved udgangen og passagen, og belysningen giver mulighed for at belyse evakueringspassagen.<\/p>\n\n\n\n<p class=\"has-medium-font-size\">\u2463 N\u00f8dbelysning inkluderer backupbelysning, sikkerhedsbelysning og evakueringsbelysning, men i belysningsdesignet i det kemiske installationsomr\u00e5de er det undertiden vanskeligt at skelne mellem backupbelysning, sikkerhedsbelysning og evakueringsbelysning. I princippet ved udgange fra bygninger eller enheder, trapper, kontrolrum, understationer og distributionsrum, selvst\u00e6ndige kraftv\u00e6rker, kraftv\u00e6rker, brandkontrolrum og brandalarmknapper, dieselgeneratorrum, instrumentpaneler p\u00e5 stedet, pumpeomr\u00e5der, n\u00e6r \u00f8jenskiver, vigtige ventiler eller instrumenter, vigtige betjeningsposter, og n\u00e5r normal belysning svigter, skal der af sikkerhedsm\u00e6ssige \u00e5rsager v\u00e6re n\u00f8dbelysning, hvor det er n\u00f8dvendigt for at sikre enhedens drift eller sikker parkering.<\/p>\n\n\n\n<div class=\"wp-block-uagb-image uagb-block-3fe4fc22 wp-block-uagb-image--layout-default wp-block-uagb-image--effect-static wp-block-uagb-image--align-none\"><figure class=\"wp-block-uagb-image__figure\"><img decoding=\"async\" srcset=\"https:\/\/led.amasly.com\/wp-content\/uploads\/2025\/02\/\u4e0b\u8f7d-2.jpg ,https:\/\/led.amasly.com\/wp-content\/uploads\/2025\/02\/\u4e0b\u8f7d-2.jpg 780w, https:\/\/led.amasly.com\/wp-content\/uploads\/2025\/02\/\u4e0b\u8f7d-2.jpg 360w\" sizes=\"auto, (max-width: 480px) 150px\" src=\"https:\/\/led.amasly.com\/wp-content\/uploads\/2025\/02\/\u4e0b\u8f7d-2.jpg\" alt=\"\" class=\"uag-image-1820\" width=\"660\" height=\"495\" title=\"\u4e0b\u8f7d (2)\" loading=\"lazy\" role=\"img\"><\/figure><\/div>\n\n\n\n<h3 class=\"wp-block-heading\">Belysningsl\u00f8sning til kemiske anl\u00e6g Vejbelysning:<\/h3>\n\n\n\n<p class=\"has-medium-font-size\">Gadelamper, der bruges til vejbelysning, b\u00f8r v\u00e6re urstyrede gadelamper, som automatisk t\u00e6nder og slukker lyset.<\/p>\n\n\n\n<p class=\"has-medium-font-size\">I belysningsdesignet for petrokemiske virksomheder skal nationale love, regler og tekniske og \u00f8konomiske politikker implementeres; Giv et sikkert, anvendeligt og effektivt belysningssystem gennem belysningsdesign for at skabe et godt produktions- og arbejdsmilj\u00f8, der bidrager til personlig sikkerhed, produktionssikkerhed, forbedrer produktkvaliteten og arbejdsproduktiviteten; For at opn\u00e5 sikker brug, energibesparelse, avanceret teknologi, \u00f8konomisk og rimelig, praktisk vedligeholdelse og styring.<\/p>\n\n\n\n<div class=\"wp-block-uagb-image uagb-block-be9d0310 wp-block-uagb-image--layout-default wp-block-uagb-image--effect-static wp-block-uagb-image--align-none\"><figure class=\"wp-block-uagb-image__figure\"><img decoding=\"async\" srcset=\"https:\/\/led.amasly.com\/wp-content\/uploads\/2025\/02\/\u4e0b\u8f7d-3.jpg ,https:\/\/led.amasly.com\/wp-content\/uploads\/2025\/02\/\u4e0b\u8f7d-3.jpg 780w, https:\/\/led.amasly.com\/wp-content\/uploads\/2025\/02\/\u4e0b\u8f7d-3.jpg 360w\" sizes=\"auto, (max-width: 480px) 150px\" src=\"https:\/\/led.amasly.com\/wp-content\/uploads\/2025\/02\/\u4e0b\u8f7d-3.jpg\" alt=\"\" class=\"uag-image-1821\" width=\"660\" height=\"381\" title=\"\u4e0b\u8f7d (3)\" loading=\"lazy\" role=\"img\"><\/figure><\/div>\n\n\n\n<h3 class=\"wp-block-heading has-large-font-size\">Belysningsl\u00f8sning til kemiske anl\u00e6g Valg af armatur<\/h3>\n\n\n\n<p class=\"has-medium-font-size\">1) LED T8-lamper b\u00f8r bruges p\u00e5 steder med lav installationsh\u00f8jde.<\/p>\n\n\n\n<p class=\"has-medium-font-size\">2) P\u00e5 steder med stor installationsh\u00f8jde og vanskelig vedligeholdelse er det velegnet at bruge LED-minelamper eller projekt\u00f8rer.<\/p>\n\n\n\n<p class=\"has-medium-font-size\">3) S\u00e6rlige steder b\u00f8r v\u00e6lge LED-eksplosionssikkert lys.<\/p>\n\n\n\n<p class=\"has-medium-font-size\">4) N\u00f8dbelysning b\u00f8r anvendes i omr\u00e5der, der kr\u00e6ver n\u00f8dbelysning.<\/p>\n\n\n\n<p><a href=\"http:\/\/www.iec.com\" rel=\"nofollow noopener\" target=\"_blank\">Standard: IEC 60598<\/a><\/p>\n\n\n\n<div class=\"wp-block-uagb-container uagb-block-c7d898dd alignfull uagb-is-root-container\"><div class=\"uagb-container-inner-blocks-wrap\"><\/div><\/div>\n\n\n\n<h2 class=\"wp-block-heading\">Relaterede produkter<\/h2>\n\n\n\n<div class=\"wp-block-uagb-container uagb-block-66e4defc alignfull uagb-is-root-container\"><div class=\"uagb-container-inner-blocks-wrap\">\n<div class=\"wp-block-uagb-container uagb-block-a42945f9\">\n<div class=\"wp-block-uagb-image uagb-block-7296296b wp-block-uagb-image--layout-default wp-block-uagb-image--effect-static wp-block-uagb-image--align-none\"><figure class=\"wp-block-uagb-image__figure\"><a class=\"\" href=\"https:\/\/led.amasly.com\/da\/products\/\" target=\"\" rel=\"noopener\"><img decoding=\"async\" srcset=\"https:\/\/led.amasly.com\/wp-content\/uploads\/2024\/09\/Explosion-proof-high-bay-lights.png ,https:\/\/led.amasly.com\/wp-content\/uploads\/2024\/09\/Explosion-proof-high-bay-lights.png 780w, https:\/\/led.amasly.com\/wp-content\/uploads\/2024\/09\/Explosion-proof-high-bay-lights.png 360w\" sizes=\"auto, (max-width: 480px) 150px\" src=\"https:\/\/led.amasly.com\/wp-content\/uploads\/2024\/09\/Explosion-proof-high-bay-lights.png\" alt=\"\" class=\"uag-image-1495\" width=\"300\" height=\"300\" title=\"Eksplosionssikre high bay-lys\" loading=\"lazy\" role=\"img\"><\/a><\/figure><\/div>\n<\/div>\n\n\n\n<div class=\"wp-block-uagb-container uagb-block-4d3efde5\">\n<div class=\"wp-block-uagb-image uagb-block-c9e90797 wp-block-uagb-image--layout-default wp-block-uagb-image--effect-static wp-block-uagb-image--align-none\"><figure class=\"wp-block-uagb-image__figure\"><a class=\"\" href=\"https:\/\/led.amasly.com\/da\/products\/\" target=\"\" rel=\"noopener\"><img decoding=\"async\" srcset=\"https:\/\/led.amasly.com\/wp-content\/uploads\/2024\/07\/LED-tri-proof-lights2.png ,https:\/\/led.amasly.com\/wp-content\/uploads\/2024\/07\/LED-tri-proof-lights2.png 780w, https:\/\/led.amasly.com\/wp-content\/uploads\/2024\/07\/LED-tri-proof-lights2.png 360w\" sizes=\"auto, (max-width: 480px) 150px\" src=\"https:\/\/led.amasly.com\/wp-content\/uploads\/2024\/07\/LED-tri-proof-lights2.png\" alt=\"\" class=\"uag-image-1132\" width=\"300\" height=\"300\" title=\"LED-tri-proof-lys2\" loading=\"lazy\" role=\"img\"><\/a><\/figure><\/div>\n<\/div>\n\n\n\n<div class=\"wp-block-uagb-container uagb-block-11c2578b\">\n<div class=\"wp-block-uagb-image uagb-block-6e8883aa wp-block-uagb-image--layout-default wp-block-uagb-image--effect-static wp-block-uagb-image--align-none\"><figure class=\"wp-block-uagb-image__figure\"><a class=\"\" href=\"https:\/\/led.amasly.com\/da\/products\/\" target=\"\" rel=\"noopener\"><img decoding=\"async\" srcset=\"https:\/\/led.amasly.com\/wp-content\/uploads\/2024\/07\/high-bay-light.jpg ,https:\/\/led.amasly.com\/wp-content\/uploads\/2024\/07\/high-bay-light.jpg 780w, https:\/\/led.amasly.com\/wp-content\/uploads\/2024\/07\/high-bay-light.jpg 360w\" sizes=\"auto, (max-width: 480px) 150px\" src=\"https:\/\/led.amasly.com\/wp-content\/uploads\/2024\/07\/high-bay-light.jpg\" alt=\"\" class=\"uag-image-1134\" width=\"300\" height=\"300\" title=\"h\u00f8j-bay-lys\" loading=\"lazy\" role=\"img\"><\/a><\/figure><\/div>\n<\/div>\n<\/div><\/div>\n\n\n\n<div class=\"wp-block-uagb-container uagb-block-548945b5 alignfull uagb-is-root-container\"><div class=\"uagb-container-inner-blocks-wrap\">\n<div class=\"wp-block-uagb-container uagb-block-967755d5\">\n<h4 class=\"wp-block-heading has-text-align-center\"><a href=\"https:\/\/led.amasly.com\/da\/products\/\">LED-eksplosionssikre lamper<\/a><\/h4>\n<\/div>\n\n\n\n<div class=\"wp-block-uagb-container uagb-block-9bc52fc2\">\n<h4 class=\"wp-block-heading has-text-align-center\"><a href=\"https:\/\/led.amasly.com\/da\/products\/\">LED Tri-Proof-lys<\/a><\/h4>\n<\/div>\n\n\n\n<div class=\"wp-block-uagb-container uagb-block-8ffa0a23\">\n<h4 class=\"wp-block-heading has-text-align-center\"><a href=\"https:\/\/led.amasly.com\/da\/products\/\">LED High Bay-lys<\/a><\/h4>\n<\/div>\n<\/div><\/div>\n\n\n\n<div class=\"wp-block-uagb-container uagb-block-29499fe0 alignfull uagb-is-root-container\"><div class=\"uagb-container-inner-blocks-wrap\">\n<div class=\"wp-block-uagb-container uagb-block-777ee1c7\">\n<div class=\"wp-block-uagb-image uagb-block-2e9a1851 wp-block-uagb-image--layout-default wp-block-uagb-image--effect-static wp-block-uagb-image--align-none\"><figure class=\"wp-block-uagb-image__figure\"><a class=\"\" href=\"https:\/\/led.amasly.com\/da\/products\/\" target=\"\" rel=\"noopener\"><img decoding=\"async\" srcset=\"https:\/\/led.amasly.com\/wp-content\/uploads\/2024\/10\/50W-100W-150W-200W-300W-LED-Flood-Light.jpg ,https:\/\/led.amasly.com\/wp-content\/uploads\/2024\/10\/50W-100W-150W-200W-300W-LED-Flood-Light.jpg 780w, https:\/\/led.amasly.com\/wp-content\/uploads\/2024\/10\/50W-100W-150W-200W-300W-LED-Flood-Light.jpg 360w\" sizes=\"auto, (max-width: 480px) 150px\" src=\"https:\/\/led.amasly.com\/wp-content\/uploads\/2024\/10\/50W-100W-150W-200W-300W-LED-Flood-Light.jpg\" alt=\"\" class=\"uag-image-1526\" width=\"300\" height=\"300\" title=\"50W 100W 150W 200W 300W LED-oversv\u00f8mmelseslys\" loading=\"lazy\" role=\"img\"><\/a><\/figure><\/div>\n<\/div>\n\n\n\n<div class=\"wp-block-uagb-container uagb-block-af8c8683\">\n<div class=\"wp-block-uagb-image uagb-block-67947854 wp-block-uagb-image--layout-default wp-block-uagb-image--effect-static wp-block-uagb-image--align-none\"><figure class=\"wp-block-uagb-image__figure\"><a class=\"\" href=\"https:\/\/led.amasly.com\/da\/products\/\" target=\"\" rel=\"noopener\"><img decoding=\"async\" srcset=\"https:\/\/led.amasly.com\/wp-content\/uploads\/2024\/07\/led-tri-proof-light.png ,https:\/\/led.amasly.com\/wp-content\/uploads\/2024\/07\/led-tri-proof-light.png 780w, https:\/\/led.amasly.com\/wp-content\/uploads\/2024\/07\/led-tri-proof-light.png 360w\" sizes=\"auto, (max-width: 480px) 150px\" src=\"https:\/\/led.amasly.com\/wp-content\/uploads\/2024\/07\/led-tri-proof-light.png\" alt=\"\" class=\"uag-image-1130\" width=\"300\" height=\"300\" title=\"led-tri-proof-lys\" loading=\"lazy\" role=\"img\"><\/a><\/figure><\/div>\n<\/div>\n\n\n\n<div class=\"wp-block-uagb-container uagb-block-0fdfdd58\">\n<div class=\"wp-block-uagb-image uagb-block-1187d32d wp-block-uagb-image--layout-default wp-block-uagb-image--effect-static wp-block-uagb-image--align-none\"><figure class=\"wp-block-uagb-image__figure\"><a class=\"\" href=\"https:\/\/led.amasly.com\/da\/products\/\" target=\"\" rel=\"noopener\"><img decoding=\"async\" srcset=\"https:\/\/led.amasly.com\/wp-content\/uploads\/2024\/07\/LED-street-light.jpg ,https:\/\/led.amasly.com\/wp-content\/uploads\/2024\/07\/LED-street-light.jpg 780w, https:\/\/led.amasly.com\/wp-content\/uploads\/2024\/07\/LED-street-light.jpg 360w\" sizes=\"auto, (max-width: 480px) 150px\" src=\"https:\/\/led.amasly.com\/wp-content\/uploads\/2024\/07\/LED-street-light.jpg\" alt=\"\" class=\"uag-image-1145\" width=\"300\" height=\"300\" title=\"LED-gadebelysning\" loading=\"lazy\" role=\"img\"><\/a><\/figure><\/div>\n<\/div>\n<\/div><\/div>\n\n\n\n<div class=\"wp-block-uagb-container uagb-block-6a60882c alignfull uagb-is-root-container\"><div class=\"uagb-container-inner-blocks-wrap\">\n<div class=\"wp-block-uagb-container uagb-block-f1e91a35\">\n<h4 class=\"wp-block-heading has-text-align-center\"><a href=\"https:\/\/led.amasly.com\/da\/products\/\">LED-oversv\u00f8mmelseslys<\/a><\/h4>\n<\/div>\n\n\n\n<div class=\"wp-block-uagb-container uagb-block-165bfa58\">\n<h4 class=\"wp-block-heading has-text-align-center\"><a href=\"https:\/\/led.amasly.com\/da\/products\/\">LED Tri-Proof lysr\u00f8r<\/a><\/h4>\n<\/div>\n\n\n\n<div class=\"wp-block-uagb-container uagb-block-f6096e3b\">\n<h4 class=\"wp-block-heading has-text-align-center\"><a href=\"https:\/\/led.amasly.com\/da\/products\/\">LED-gadelys<\/a><\/h4>\n<\/div>\n<\/div><\/div>\n\n\n\n<p><\/p>","protected":false},"excerpt":{"rendered":"<p>Chemical Plant Lighting Solution Most of the chemical plants are flammable and explosive places, and are corrosive environments, which have their particularities compared with conventional factories. The lighting design of chemical plants directly affects production safety, labor productivity, product quality and labor health and many other problems. The setting of chemical production equipment is developing [&hellip;]<\/p>\n","protected":false},"author":1,"featured_media":0,"parent":1808,"menu_order":0,"comment_status":"closed","ping_status":"closed","template":"","meta":{"_uag_custom_page_level_css":"","site-sidebar-layout":"no-sidebar","site-content-layout":"","ast-site-content-layout":"default","site-content-style":"default","site-sidebar-style":"default","ast-global-header-display":"","ast-banner-title-visibility":"","ast-main-header-display":"","ast-hfb-above-header-display":"","ast-hfb-below-header-display":"","ast-hfb-mobile-header-display":"","site-post-title":"disabled","ast-breadcrumbs-content":"","ast-featured-img":"","footer-sml-layout":"","ast-disable-related-posts":"","theme-transparent-header-meta":"enabled","adv-header-id-meta":"","stick-header-meta":"","header-above-stick-meta":"","header-main-stick-meta":"","header-below-stick-meta":"","astra-migrate-meta-layouts":"set","ast-page-background-enabled":"default","ast-page-background-meta":{"desktop":{"background-color":"var(--ast-global-color-4)","background-image":"","background-repeat":"repeat","background-position":"center center","background-size":"auto","background-attachment":"scroll","background-type":"","background-media":"","overlay-type":"","overlay-color":"","overlay-opacity":"","overlay-gradient":""},"tablet":{"background-color":"","background-image":"","background-repeat":"repeat","background-position":"center center","background-size":"auto","background-attachment":"scroll","background-type":"","background-media":"","overlay-type":"","overlay-color":"","overlay-opacity":"","overlay-gradient":""},"mobile":{"background-color":"","background-image":"","background-repeat":"repeat","background-position":"center center","background-size":"auto","background-attachment":"scroll","background-type":"","background-media":"","overlay-type":"","overlay-color":"","overlay-opacity":"","overlay-gradient":""}},"ast-content-background-meta":{"desktop":{"background-color":"var(--ast-global-color-5)","background-image":"","background-repeat":"repeat","background-position":"center center","background-size":"auto","background-attachment":"scroll","background-type":"","background-media":"","overlay-type":"","overlay-color":"","overlay-opacity":"","overlay-gradient":""},"tablet":{"background-color":"var(--ast-global-color-5)","background-image":"","background-repeat":"repeat","background-position":"center center","background-size":"auto","background-attachment":"scroll","background-type":"","background-media":"","overlay-type":"","overlay-color":"","overlay-opacity":"","overlay-gradient":""},"mobile":{"background-color":"var(--ast-global-color-5)","background-image":"","background-repeat":"repeat","background-position":"center center","background-size":"auto","background-attachment":"scroll","background-type":"","background-media":"","overlay-type":"","overlay-color":"","overlay-opacity":"","overlay-gradient":""}},"footnotes":""},"class_list":["post-1814","page","type-page","status-publish","hentry"],"uagb_featured_image_src":{"full":false,"thumbnail":false,"medium":false,"medium_large":false,"large":false,"1536x1536":false,"2048x2048":false,"trp-custom-language-flag":false},"uagb_author_info":{"display_name":"Joe","author_link":"https:\/\/led.amasly.com\/da\/author\/jacklin\/"},"uagb_comment_info":0,"uagb_excerpt":"Chemical Plant Lighting Solution Most of the chemical plants are flammable and explosive places, and are corrosive environments, which have their particularities compared with conventional factories. The lighting design of chemical plants directly affects production safety, labor productivity, product quality and labor health and many other problems. The setting of chemical production equipment is developing&hellip;","_links":{"self":[{"href":"https:\/\/led.amasly.com\/da\/wp-json\/wp\/v2\/pages\/1814","targetHints":{"allow":["GET"]}}],"collection":[{"href":"https:\/\/led.amasly.com\/da\/wp-json\/wp\/v2\/pages"}],"about":[{"href":"https:\/\/led.amasly.com\/da\/wp-json\/wp\/v2\/types\/page"}],"author":[{"embeddable":true,"href":"https:\/\/led.amasly.com\/da\/wp-json\/wp\/v2\/users\/1"}],"replies":[{"embeddable":true,"href":"https:\/\/led.amasly.com\/da\/wp-json\/wp\/v2\/comments?post=1814"}],"version-history":[{"count":14,"href":"https:\/\/led.amasly.com\/da\/wp-json\/wp\/v2\/pages\/1814\/revisions"}],"predecessor-version":[{"id":4558,"href":"https:\/\/led.amasly.com\/da\/wp-json\/wp\/v2\/pages\/1814\/revisions\/4558"}],"up":[{"embeddable":true,"href":"https:\/\/led.amasly.com\/da\/wp-json\/wp\/v2\/pages\/1808"}],"wp:attachment":[{"href":"https:\/\/led.amasly.com\/da\/wp-json\/wp\/v2\/media?parent=1814"}],"curies":[{"name":"wp","href":"https:\/\/api.w.org\/{rel}","templated":true}]}}