{"id":1636,"date":"2025-01-06T20:28:58","date_gmt":"2025-01-06T12:28:58","guid":{"rendered":"https:\/\/led.amasly.com\/?page_id=1636"},"modified":"2026-01-18T19:46:25","modified_gmt":"2026-01-18T11:46:25","slug":"bas83","status":"publish","type":"page","link":"https:\/\/led.amasly.com\/da\/products\/explosion-proof-lights\/bas83\/","title":{"rendered":"BAS83 Eksplosionssikker solcellebelysning"},"content":{"rendered":"<h2 class=\"wp-block-heading\"><\/h2>\n\n\n\n<p><\/p>\n\n\n\n<h2 class=\"wp-block-heading\"><\/h2>\n\n\n\n<h2 class=\"wp-block-heading\"><\/h2>\n\n\n\n<p><\/p>\n\n\n\n<div class=\"wp-block-uagb-container uagb-block-e407eb08 alignfull uagb-is-root-container\"><div class=\"uagb-container-inner-blocks-wrap\">\n<div class=\"wp-block-uagb-info-box uagb-block-7c0a134c uagb-infobox__content-wrap  uagb-infobox-icon-above-title uagb-infobox-image-valign-top wp-block-uagb-info-box--has-margin\"><div class=\"uagb-infobox-margin-wrapper\"><div class=\"uagb-ifb-content\"><div class=\"uagb-ifb-title-wrap\"><\/div><\/div><\/div><\/div>\n<\/div><\/div>\n\n\n\n<p><\/p>\n\n\n\n<p><\/p>\n\n\n\n<h2 class=\"wp-block-heading\"><\/h2>\n\n\n\n<h1 class=\"wp-block-heading has-text-align-center\">Eksplosionssikre LED-solcelle-gadelamper<\/h1>\n\n\n\n<div class=\"wp-block-uagb-container uagb-block-5d28ec94 default uagb-is-root-container\">\n<div class=\"wp-block-uagb-container uagb-block-462981e6\">\n<div class=\"wp-block-uagb-container uagb-block-6f08c8e4 alignfull uagb-is-root-container\"><div class=\"uagb-container-inner-blocks-wrap\">\n<div class=\"wp-block-uagb-container uagb-block-b229cb92\">\n<h3 class=\"wp-block-heading\">Indhold<\/h3>\n\n\n\n<div class=\"wp-block-buttons is-layout-flex wp-container-core-buttons-is-layout-45b20515 wp-block-buttons-is-layout-flex\">\n<div class=\"wp-block-button\"><a class=\"wp-block-button__link wp-element-button\" href=\"https:\/\/led.amasly.com\/da\/products\/explosion-proof-lights\/\">Eksplosionssikre lamper<\/a><\/div>\n\n\n\n<div class=\"wp-block-button is-style-fill\"><a class=\"wp-block-button__link wp-element-button\" href=\"https:\/\/led.amasly.com\/da\/products\/ex-proof-electrical-appliance\/\">Ex-sikkert elektrisk apparat<\/a><\/div>\n\n\n\n<div class=\"wp-block-button\"><a class=\"wp-block-button__link wp-element-button\" href=\"https:\/\/led.amasly.com\/da\/products\/led-tri-proof-light-2\/\">LED-trippesikkert lys<\/a><\/div>\n\n\n\n<div class=\"wp-block-button\"><a class=\"wp-block-button__link wp-element-button\" href=\"https:\/\/led.amasly.com\/da\/products\/led-high-bay-light\/\">LED High Bay-lys<\/a><\/div>\n\n\n\n<div class=\"wp-block-button\"><a class=\"wp-block-button__link wp-element-button\" href=\"https:\/\/led.amasly.com\/da\/products\/led-flood-lights\/\">LED-oversv\u00f8mmelseslys<\/a><\/div>\n\n\n\n<div class=\"wp-block-button\"><a class=\"wp-block-button__link wp-element-button\" href=\"https:\/\/led.amasly.com\/da\/products\/led-street-lights\/\">LED-gadelys<\/a><\/div>\n\n\n\n<div class=\"wp-block-button\"><a class=\"wp-block-button__link wp-element-button\" href=\"https:\/\/led.amasly.com\/da\/products\/solar-lights\/\">LED-sollys<\/a><\/div>\n<\/div>\n\n\n\n<h4 class=\"wp-block-heading\"><\/h4>\n\n\n\n<h4 class=\"wp-block-heading\">Kontakt<\/h4>\n\n\n\n<ul class=\"wp-block-list\">\n<li>E-mail: sales01@amasly.com<strong> <\/strong>      <\/li>\n\n\n\n<li>Mobil: +86 13732643699                   <\/li>\n<\/ul>\n<\/div>\n\n\n\n<div class=\"wp-block-columns is-layout-flex wp-container-core-columns-is-layout-28f84493 wp-block-columns-is-layout-flex\">\n<div class=\"wp-block-column is-layout-flow wp-block-column-is-layout-flow\" style=\"flex-basis:100%\">\n<div class=\"wp-block-uagb-container uagb-block-064256a4\">\n<div class=\"wp-block-columns is-layout-flex wp-container-core-columns-is-layout-28f84493 wp-block-columns-is-layout-flex\">\n<div class=\"wp-block-column is-layout-flow wp-block-column-is-layout-flow\" style=\"flex-basis:100%\">\n<div class=\"wp-block-columns is-layout-flex wp-container-core-columns-is-layout-28f84493 wp-block-columns-is-layout-flex\">\n<div class=\"wp-block-column is-layout-flow wp-block-column-is-layout-flow\">\n<div class=\"wp-block-uagb-image uagb-block-f7623661 wp-block-uagb-image--layout-default wp-block-uagb-image--effect-static wp-block-uagb-image--align-none\"><figure class=\"wp-block-uagb-image__figure\"><img decoding=\"async\" srcset=\"https:\/\/led.amasly.com\/wp-content\/uploads\/2024\/07\/Explosion-proof-solar-street-light2.avif ,https:\/\/led.amasly.com\/wp-content\/uploads\/2024\/07\/Explosion-proof-solar-street-light2.avif 780w, https:\/\/led.amasly.com\/wp-content\/uploads\/2024\/07\/Explosion-proof-solar-street-light2.avif 360w\" sizes=\"auto, (max-width: 480px) 150px\" src=\"https:\/\/led.amasly.com\/wp-content\/uploads\/2024\/07\/Explosion-proof-solar-street-light2.avif\" alt=\"\" class=\"uag-image-1256\" width=\"300\" height=\"300\" title=\"Eksplosionssikker solcellebelysning2\" loading=\"lazy\" role=\"img\"><\/figure><\/div>\n<\/div>\n\n\n\n<div class=\"wp-block-column is-layout-flow wp-block-column-is-layout-flow\">\n<p>Eksplosionssikker solcellebelysning Anvendelsesomr\u00e5de<\/p>\n\n\n\n<p>1. Udbredt i olieudvinding, olieraffinering, kemikalier, milit\u00e6r og andre farlige milj\u00f8omr\u00e5der i fabriks- og vejbelysning.<\/p>\n\n\n\n<p>2. Velegnet til kyst-, flod- og andre vindtryk og vindhastighedsmilj\u00f8er;<\/p>\n\n\n\n<p>3. egnet til tusindvis af eksplosive gasmilj\u00f8er i zone 1, zone 2 steder;<\/p>\n\n\n\n<p>4. Velegnet til tusindvis af br\u00e6ndbare st\u00f8vmilj\u00f8er i zone 21 og 22;<\/p>\n\n\n\n<p>5. Velegnet til IIA, IIB, IIC eksplosive gasmilj\u00f8er. Klasse I, division 2, gruppe A, B, C, D.<\/p>\n<\/div>\n<\/div>\n<\/div>\n<\/div>\n\n\n\n<div class=\"wp-block-uagb-container uagb-block-201e76d4\">\n<figure class=\"wp-block-table\"><table><tbody><tr><td>Moel<\/td><td>Kraft<\/td><td>Ex Mark<\/td><td>IP-hastighed<\/td><td>Lysets effektivitet<\/td><td>Sp\u00e6nding<\/td><td>CCT<\/td><td>PF<\/td><\/tr><tr><td>BAS83<\/td><td>100W<\/td><td><a href=\"http:\/\/www.iecex-certs.com\/\" rel=\"nofollow noopener\" target=\"_blank\">Ex nR eb mb IIC T5 Gc<\/a><\/td><td>IP66<\/td><td>130lm\/w<\/td><td>Ac85-265V<\/td><td>3000K-6500K<\/td><td>&gt;0.97<\/td><\/tr><\/tbody><\/table><\/figure>\n\n\n\n<h2 class=\"wp-block-heading\">Eksplosionssikker solcellebelysning Funktioner:<\/h2>\n\n\n\n<div class=\"wp-block-uagb-info-box uagb-block-00382c59 uagb-infobox__content-wrap  uagb-infobox-icon-above-title uagb-infobox-image-valign-top\"><div class=\"uagb-ifb-content\"><div class=\"uagb-ifb-icon-wrap\"><svg xmlns=\"https:\/\/www.w3.org\/2000\/svg\" viewbox=\"0 0 512 512\"><path d=\"M0 256C0 114.6 114.6 0 256 0C397.4 0 512 114.6 512 256C512 397.4 397.4 512 256 512C114.6 512 0 397.4 0 256zM371.8 211.8C382.7 200.9 382.7 183.1 371.8 172.2C360.9 161.3 343.1 161.3 332.2 172.2L224 280.4L179.8 236.2C168.9 225.3 151.1 225.3 140.2 236.2C129.3 247.1 129.3 264.9 140.2 275.8L204.2 339.8C215.1 350.7 232.9 350.7 243.8 339.8L371.8 211.8z\"><\/path><\/svg><\/div><div class=\"uagb-ifb-title-wrap\"><h5 class=\"uagb-ifb-title\">Funktioner<\/h5><\/div><p class=\"uagb-ifb-desc\">1. nem at installere, ingen komplekse ledninger, indbygget algoritmesystem til fuldautomatisk styring, h\u00f8jtydende litiumbatteri, l\u00e6ngere levetid og mere p\u00e5lideligt.<br>2. LED vandt\u00e6t og st\u00f8vt\u00e6t, intet behov for indvendig reng\u00f8ring og vedligeholdelse.<br>3. effektiv eksplosionssikker form og IP66, WF2-beskyttelsesniveau, der effektivt h\u00e5ndterer alle slags barske brugssteder.<br><br><strong>Solcellepanel <\/strong><br>120W solpanel 18V, ved hj\u00e6lp af celler med h\u00f8j konverteringseffektivitet og udenlandsk blyfri lodning af h\u00f8j kvalitet og ingen ren flux, mere end 80% kl\u00e6bende limning, automatisk lamineringsteknologi, hul fortykket blyrammeindkapsling, samled\u00e5se gennem TUV-certificering, forventet levetid p\u00e5 mere end 20 \u00e5r. <br><br><strong>Batteri <\/strong><br>\u201c60AH batteri 12V Intelligent Huahui source controller, det indenlandske f\u00f8rsteklasses m\u00e6rke lys 8-10 timer regnvejrsdag 5-7 dage Vedligeholdelsesfri sol lithium jern batterier; ved hj\u00e6lp af en unik formel og procesdesign af r\u00e5varer af h\u00f8j kvalitet for at sikre, at selvudladningen af de meget sm\u00e5, dybe cyklusapplikationer er designet til at have en h\u00f8j energi lys t\u00e6thed med fremragende cykelydelse og overafladningsevne. Den forventede levetid er mere end 5 \u00e5r.\u201d <br><br><strong>Controller <\/strong><br>12V\/24V (selvtilpassende), computerstyring, lysstyring, h\u00e5ndstyring af tid og rum i \u00e9t, dobbelt output. Der er overopladning og overafladning og anti-reverse forbindelsesfunktion, vandt\u00e6t koefficient IP68.<br><br><strong>Eksplosionssikkert elskab <\/strong><br>Den bruges til at placere batteriet og controlleren, svejset af 10 mm tykt kulstofst\u00e5l med IP65-beskyttelsesniveau.<br><\/p><\/div><\/div>\n\n\n\n<div class=\"wp-block-uagb-image uagb-block-0867b09d wp-block-uagb-image--layout-default wp-block-uagb-image--effect-static wp-block-uagb-image--align-none\"><figure class=\"wp-block-uagb-image__figure\"><img decoding=\"async\" srcset=\"https:\/\/led.amasly.com\/wp-content\/uploads\/2025\/01\/Solar-LED-Explosion-proof-Street-Lights-3.jpg ,https:\/\/led.amasly.com\/wp-content\/uploads\/2025\/01\/Solar-LED-Explosion-proof-Street-Lights-3.jpg 780w, https:\/\/led.amasly.com\/wp-content\/uploads\/2025\/01\/Solar-LED-Explosion-proof-Street-Lights-3.jpg 360w\" sizes=\"auto, (max-width: 480px) 150px\" src=\"https:\/\/led.amasly.com\/wp-content\/uploads\/2025\/01\/Solar-LED-Explosion-proof-Street-Lights-3.jpg\" alt=\"\" class=\"uag-image-1631\" width=\"1440\" height=\"1080\" title=\"Solar LED eksplosionssikre gadelygter (3)\" loading=\"lazy\" role=\"img\"><\/figure><\/div>\n<\/div>\n<\/div>\n<\/div>\n<\/div>\n<\/div><\/div>\n<\/div>\n<\/div>\n\n\n\n<h2 class=\"wp-block-heading\"><strong>Ofte stillede sp\u00f8rgsm\u00e5l om Amasly Light<\/strong><\/h2>\n\n\n\n<p><strong>Q1. Kan jeg f\u00e5 en pr\u00f8veordre p\u00e5 led-lys?<\/strong><strong><\/strong><\/p>\n\n\n\n<p>A: Ja, vi byder pr\u00f8veordre velkommen til at teste og kontrollere kvaliteten. Blandede pr\u00f8ver er acceptable.<\/p>\n\n\n\n<p><strong>Q2. Hvad med leveringstiden?<\/strong><strong><\/strong><\/p>\n\n\n\n<p>A: Pr\u00f8ven tager 3-5 dage, masseproduktionstiden tager 1-2 uger.<\/p>\n\n\n\n<p><strong>Q3.Har du nogen MOQ-gr\u00e6nse for ledet lysordre?<\/strong><strong><\/strong><\/p>\n\n\n\n<p>A: Lav MOQ 1pc til pr\u00f8vekontrol er tilg\u00e6ngelig.<\/p>\n\n\n\n<p><strong>Q4. Hvordan sender I varerne, og hvor lang tid tager det at f\u00e5 dem frem?<\/strong><strong><\/strong><\/p>\n\n\n\n<p>A: Vi sender normalt med <a href=\"https:\/\/www.dhl.com\" rel=\"nofollow noopener\" target=\"_blank\">DHL<\/a>, UPS, FedEx eller TNT. Det tager normalt 3-5 dage at ankomme. Luftlinje og s\u00f8fart er ogs\u00e5 valgfri.<\/p>\n\n\n\n<p><strong>Q5. Hvordan forts\u00e6tter man en ordre p\u00e5 led-lys?<\/strong><strong><\/strong><\/p>\n\n\n\n<p>A:<\/p>\n\n\n\n<p>Fort\u00e6l os f\u00f8rst om dine krav eller din ans\u00f8gning.<\/p>\n\n\n\n<p>For det andet giver vi tilbud i henhold til dine krav eller vores forslag.<\/p>\n\n\n\n<p>For det tredje bekr\u00e6fter kunden pr\u00f8verne og l\u00e6gger et depositum for den formelle ordre.<\/p>\n\n\n\n<p>For det fjerde arrangerer vi produktionen.<\/p>\n\n\n\n<p><strong>Q6. er det ok at printe min <\/strong><strong>LOGO<\/strong><strong>&nbsp;p\u00e5 led-lys produkt?<\/strong><strong><\/strong><\/p>\n\n\n\n<p>A: Ja, informer os venligst formelt inden vores produktion og bekr\u00e6ft f\u00f8rst designet baseret p\u00e5 vores pr\u00f8ve.<\/p>\n\n\n\n<p><strong>Q7: Tilbyder du garanti for produkterne?<\/strong><strong><\/strong><\/p>\n\n\n\n<p>A: Ja, vi tilbyder 2-5 \u00e5rs garanti p\u00e5 vores produkter.<\/p>\n\n\n\n<p><strong>Q8: Hvordan h\u00e5ndterer man de defekte?<\/strong><strong><\/strong><\/p>\n\n\n\n<p>A:<\/p>\n\n\n\n<p>For det f\u00f8rste producerer vores produkter dinstrict kvalitetskontrolsystem, og den defekte sats vil v\u00e6re mindre end 0,2%<\/p>\n\n\n\n<p>For det andet vil vi i l\u00f8bet af garantiperioden levere dele til at erstatte den d\u00e5rlige del. Ved bulkordrer leverer vi s\u00e5rbare dele p\u00e5 forh\u00e5nd, eller vi kan diskutere l\u00f8sninger, herunder tilbagekaldelser, baseret p\u00e5 den faktiske situation.<\/p>\n\n\n\n<p><strong>Q9: Kan vi lave eksplosionssikre lavsp\u00e6ndingslamper med AC\/DC-sp\u00e6ndinger p\u00e5 12V, 24V, 36V eller 48V? <\/strong><\/p>\n\n\n\n<p>Amasly kan bruges som b\u00e5de lavsp\u00e6ndings- og h\u00f8jsp\u00e6ndings eksplosionssikkert lys - AC\/DC 12V, 24V, 36V, 48V, AC 85-265V, AC 380V. <\/p>\n\n\n\n<p><strong>Q10: Kan der tilf\u00f8jes n\u00f8dbatterier til Explosion Poof Lights? <\/strong><\/p>\n\n\n\n<p>Den eksplosionssikre Amasly-lampe kan udstyres med lithium-n\u00f8dbatterier. N\u00f8dvarigheden er 90 minutter, 120 minutter eller 180 minutter. <\/p>\n\n\n\n<p><strong>Q11: Kan Amaslys eksplosionssikre lampe tilpasses som et OEM-produkt? <\/strong><\/p>\n\n\n\n<p>Amasly eksplosionssikre lamper kan tilpasses efter kundens krav til b\u00e5de lamperne og emballagekartonerne.<\/p>\n\n\n\n<h2 class=\"wp-block-heading\">Relaterede produkter<\/h2>\n\n\n\n<div class=\"wp-block-uagb-container uagb-block-66e4defc alignfull uagb-is-root-container\"><div class=\"uagb-container-inner-blocks-wrap\">\n<div class=\"wp-block-uagb-container uagb-block-a42945f9\">\n<div class=\"wp-block-uagb-image uagb-block-7296296b wp-block-uagb-image--layout-default wp-block-uagb-image--effect-static wp-block-uagb-image--align-none\"><figure class=\"wp-block-uagb-image__figure\"><a class=\"\" href=\"https:\/\/led.amasly.com\/da\/products\/explosion-proof-lights\/\" target=\"\" rel=\"noopener\"><img decoding=\"async\" srcset=\"https:\/\/led.amasly.com\/wp-content\/uploads\/2024\/09\/Explosion-proof-high-bay-lights.png ,https:\/\/led.amasly.com\/wp-content\/uploads\/2024\/09\/Explosion-proof-high-bay-lights.png 780w, https:\/\/led.amasly.com\/wp-content\/uploads\/2024\/09\/Explosion-proof-high-bay-lights.png 360w\" sizes=\"auto, (max-width: 480px) 150px\" src=\"https:\/\/led.amasly.com\/wp-content\/uploads\/2024\/09\/Explosion-proof-high-bay-lights.png\" alt=\"\" class=\"uag-image-1495\" width=\"300\" height=\"300\" title=\"Eksplosionssikre high bay-lys\" loading=\"lazy\" role=\"img\"><\/a><\/figure><\/div>\n<\/div>\n\n\n\n<div class=\"wp-block-uagb-container uagb-block-4d3efde5\">\n<div class=\"wp-block-uagb-image uagb-block-c9e90797 wp-block-uagb-image--layout-default wp-block-uagb-image--effect-static wp-block-uagb-image--align-none\"><figure class=\"wp-block-uagb-image__figure\"><a class=\"\" href=\"https:\/\/led.amasly.com\/da\/products\/ex-proof-electrical-appliance\/\" target=\"\" rel=\"noopener\"><img decoding=\"async\" srcset=\"https:\/\/led.amasly.com\/wp-content\/uploads\/2025\/01\/Explosion-proof-axial-flow-fan.jpg ,https:\/\/led.amasly.com\/wp-content\/uploads\/2025\/01\/Explosion-proof-axial-flow-fan.jpg 780w, https:\/\/led.amasly.com\/wp-content\/uploads\/2025\/01\/Explosion-proof-axial-flow-fan.jpg 360w\" sizes=\"auto, (max-width: 480px) 150px\" src=\"https:\/\/led.amasly.com\/wp-content\/uploads\/2025\/01\/Explosion-proof-axial-flow-fan.jpg\" alt=\"Ex-Proof Electrical Appliance\" class=\"uag-image-1767\" width=\"300\" height=\"300\" title=\"Eksplosionssikker aksialventilator\" loading=\"lazy\" role=\"img\"\/><\/a><\/figure><\/div>\n<\/div>\n\n\n\n<div class=\"wp-block-uagb-container uagb-block-11c2578b\">\n<div class=\"wp-block-uagb-image uagb-block-6e8883aa wp-block-uagb-image--layout-default wp-block-uagb-image--effect-static wp-block-uagb-image--align-none\"><figure class=\"wp-block-uagb-image__figure\"><a class=\"\" href=\"https:\/\/led.amasly.com\/da\/products\/explosion-proof-lights\/\" target=\"\" rel=\"noopener\"><img decoding=\"async\" srcset=\"https:\/\/led.amasly.com\/wp-content\/uploads\/2024\/09\/LED-Explosion-Proof-Gas-Station-Light.png ,https:\/\/led.amasly.com\/wp-content\/uploads\/2024\/09\/LED-Explosion-Proof-Gas-Station-Light.png 780w, https:\/\/led.amasly.com\/wp-content\/uploads\/2024\/09\/LED-Explosion-Proof-Gas-Station-Light.png 360w\" sizes=\"auto, (max-width: 480px) 150px\" src=\"https:\/\/led.amasly.com\/wp-content\/uploads\/2024\/09\/LED-Explosion-Proof-Gas-Station-Light.png\" alt=\"\" class=\"uag-image-1501\" width=\"300\" height=\"300\" title=\"LED-eksplosionssikkert tankstationslys\" loading=\"lazy\" role=\"img\"><\/a><\/figure><\/div>\n<\/div>\n<\/div><\/div>\n\n\n\n<div class=\"wp-block-uagb-container uagb-block-548945b5 alignfull uagb-is-root-container\"><div class=\"uagb-container-inner-blocks-wrap\">\n<div class=\"wp-block-uagb-container uagb-block-967755d5\">\n<h4 class=\"wp-block-heading has-text-align-center\"><a href=\"https:\/\/led.amasly.com\/da\/products\/explosion-proof-lights\/\">LED-eksplosionssikre lamper<\/a><\/h4>\n<\/div>\n\n\n\n<div class=\"wp-block-uagb-container uagb-block-9bc52fc2\">\n<h4 class=\"wp-block-heading has-text-align-center\"><a href=\"https:\/\/led.amasly.com\/da\/products\/ex-proof-electrical-appliance\/\">Ex-sikkert elektrisk apparat<\/a><\/h4>\n<\/div>\n\n\n\n<div class=\"wp-block-uagb-container uagb-block-8ffa0a23\">\n<h4 class=\"wp-block-heading has-text-align-center\"><a href=\"https:\/\/led.amasly.com\/da\/products\/explosion-proof-lights\/\">Eksplosionssikre lamper til tankstationer<\/a><\/h4>\n<\/div>\n<\/div><\/div>\n\n\n\n<div class=\"wp-block-uagb-container uagb-block-29499fe0 alignfull uagb-is-root-container\"><div class=\"uagb-container-inner-blocks-wrap\">\n<div class=\"wp-block-uagb-container uagb-block-777ee1c7\">\n<div class=\"wp-block-uagb-image uagb-block-2e9a1851 wp-block-uagb-image--layout-default wp-block-uagb-image--effect-static wp-block-uagb-image--align-none\"><figure class=\"wp-block-uagb-image__figure\"><a class=\"\" href=\"https:\/\/led.amasly.com\/da\/products\/led-flood-lights\/\" target=\"\" rel=\"noopener\"><img decoding=\"async\" srcset=\"https:\/\/led.amasly.com\/wp-content\/uploads\/2024\/10\/50W-100W-150W-200W-300W-LED-Flood-Light.jpg ,https:\/\/led.amasly.com\/wp-content\/uploads\/2024\/10\/50W-100W-150W-200W-300W-LED-Flood-Light.jpg 780w, https:\/\/led.amasly.com\/wp-content\/uploads\/2024\/10\/50W-100W-150W-200W-300W-LED-Flood-Light.jpg 360w\" sizes=\"auto, (max-width: 480px) 150px\" src=\"https:\/\/led.amasly.com\/wp-content\/uploads\/2024\/10\/50W-100W-150W-200W-300W-LED-Flood-Light.jpg\" alt=\"\" class=\"uag-image-1526\" width=\"300\" height=\"300\" title=\"50W 100W 150W 200W 300W LED-oversv\u00f8mmelseslys\" loading=\"lazy\" role=\"img\"><\/a><\/figure><\/div>\n<\/div>\n\n\n\n<div class=\"wp-block-uagb-container uagb-block-af8c8683\">\n<div class=\"wp-block-uagb-image uagb-block-67947854 wp-block-uagb-image--layout-default wp-block-uagb-image--effect-static wp-block-uagb-image--align-none\"><figure class=\"wp-block-uagb-image__figure\"><a class=\"\" href=\"https:\/\/led.amasly.com\/da\/products\/led-high-bay-light\/\" target=\"\" rel=\"noopener\"><img decoding=\"async\" srcset=\"https:\/\/led.amasly.com\/wp-content\/uploads\/2025\/05\/high-bay-light.webp ,https:\/\/led.amasly.com\/wp-content\/uploads\/2025\/05\/high-bay-light.webp 780w, https:\/\/led.amasly.com\/wp-content\/uploads\/2025\/05\/high-bay-light.webp 360w\" sizes=\"auto, (max-width: 480px) 150px\" src=\"https:\/\/led.amasly.com\/wp-content\/uploads\/2025\/05\/high-bay-light.webp\" alt=\"\" class=\"uag-image-3954\" width=\"300\" height=\"300\" title=\"H\u00f8jt placeret lys\" loading=\"lazy\" role=\"img\"><\/a><\/figure><\/div>\n<\/div>\n\n\n\n<div class=\"wp-block-uagb-container uagb-block-0fdfdd58\">\n<div class=\"wp-block-uagb-image uagb-block-1187d32d wp-block-uagb-image--layout-default wp-block-uagb-image--effect-static wp-block-uagb-image--align-none\"><figure class=\"wp-block-uagb-image__figure\"><a class=\"\" href=\"https:\/\/led.amasly.com\/da\/products\/\" target=\"\" rel=\"noopener\"><img decoding=\"async\" srcset=\"https:\/\/led.amasly.com\/wp-content\/uploads\/2024\/07\/LED-street-light.jpg ,https:\/\/led.amasly.com\/wp-content\/uploads\/2024\/07\/LED-street-light.jpg 780w, https:\/\/led.amasly.com\/wp-content\/uploads\/2024\/07\/LED-street-light.jpg 360w\" sizes=\"auto, (max-width: 480px) 150px\" src=\"https:\/\/led.amasly.com\/wp-content\/uploads\/2024\/07\/LED-street-light.jpg\" alt=\"\" class=\"uag-image-1145\" width=\"300\" height=\"300\" title=\"LED-gadebelysning\" loading=\"lazy\" role=\"img\"><\/a><\/figure><\/div>\n<\/div>\n<\/div><\/div>\n\n\n\n<div class=\"wp-block-uagb-container uagb-block-6a60882c alignfull uagb-is-root-container\"><div class=\"uagb-container-inner-blocks-wrap\">\n<div class=\"wp-block-uagb-container uagb-block-f1e91a35\">\n<h4 class=\"wp-block-heading has-text-align-center\"><a href=\"https:\/\/led.amasly.com\/da\/products\/led-flood-lights\/\">LED-oversv\u00f8mmelseslys<\/a><\/h4>\n<\/div>\n\n\n\n<div class=\"wp-block-uagb-container uagb-block-165bfa58\">\n<h4 class=\"wp-block-heading has-text-align-center\"><a href=\"https:\/\/led.amasly.com\/da\/products\/led-high-bay-light\/\">LED High Bay-lys<\/a><\/h4>\n<\/div>\n\n\n\n<div class=\"wp-block-uagb-container uagb-block-f6096e3b\">\n<h4 class=\"wp-block-heading has-text-align-center\"><a href=\"https:\/\/led.amasly.com\/da\/products\/https:\/\/led.amasly.com\/products\/led-street-lights\/\">LED-gadelys<\/a><\/h4>\n<\/div>\n<\/div><\/div>\n\n\n\n<div class=\"wp-block-uagb-container uagb-block-99c0e0a5 alignfull uagb-is-root-container\"><div class=\"uagb-container-inner-blocks-wrap\"><\/div><\/div>","protected":false},"excerpt":{"rendered":"<p>Explosion Proof LED Solar Street Lights Content Contact Explosion Proof Solar Street Lights Scope of application 1. widely used in oil mining, oil refining, chemical, military and other dangerous environmental places of the factory and road lighting 2. suitable for coastal, river and other wind pressure, wind speed environment; 3. suitable for thousands of explosive [&hellip;]<\/p>\n","protected":false},"author":1,"featured_media":1256,"parent":1156,"menu_order":2,"comment_status":"closed","ping_status":"closed","template":"","meta":{"_uag_custom_page_level_css":"","site-sidebar-layout":"no-sidebar","site-content-layout":"","ast-site-content-layout":"default","site-content-style":"default","site-sidebar-style":"default","ast-global-header-display":"","ast-banner-title-visibility":"","ast-main-header-display":"","ast-hfb-above-header-display":"","ast-hfb-below-header-display":"","ast-hfb-mobile-header-display":"","site-post-title":"disabled","ast-breadcrumbs-content":"","ast-featured-img":"disabled","footer-sml-layout":"","ast-disable-related-posts":"","theme-transparent-header-meta":"enabled","adv-header-id-meta":"","stick-header-meta":"","header-above-stick-meta":"","header-main-stick-meta":"","header-below-stick-meta":"","astra-migrate-meta-layouts":"set","ast-page-background-enabled":"default","ast-page-background-meta":{"desktop":{"background-color":"var(--ast-global-color-4)","background-image":"","background-repeat":"repeat","background-position":"center center","background-size":"auto","background-attachment":"scroll","background-type":"","background-media":"","overlay-type":"","overlay-color":"","overlay-opacity":"","overlay-gradient":""},"tablet":{"background-color":"","background-image":"","background-repeat":"repeat","background-position":"center center","background-size":"auto","background-attachment":"scroll","background-type":"","background-media":"","overlay-type":"","overlay-color":"","overlay-opacity":"","overlay-gradient":""},"mobile":{"background-color":"","background-image":"","background-repeat":"repeat","background-position":"center center","background-size":"auto","background-attachment":"scroll","background-type":"","background-media":"","overlay-type":"","overlay-color":"","overlay-opacity":"","overlay-gradient":""}},"ast-content-background-meta":{"desktop":{"background-color":"var(--ast-global-color-5)","background-image":"","background-repeat":"repeat","background-position":"center center","background-size":"auto","background-attachment":"scroll","background-type":"","background-media":"","overlay-type":"","overlay-color":"","overlay-opacity":"","overlay-gradient":""},"tablet":{"background-color":"var(--ast-global-color-5)","background-image":"","background-repeat":"repeat","background-position":"center center","background-size":"auto","background-attachment":"scroll","background-type":"","background-media":"","overlay-type":"","overlay-color":"","overlay-opacity":"","overlay-gradient":""},"mobile":{"background-color":"var(--ast-global-color-5)","background-image":"","background-repeat":"repeat","background-position":"center center","background-size":"auto","background-attachment":"scroll","background-type":"","background-media":"","overlay-type":"","overlay-color":"","overlay-opacity":"","overlay-gradient":""}},"footnotes":"[]"},"class_list":["post-1636","page","type-page","status-publish","has-post-thumbnail","hentry"],"uagb_featured_image_src":{"full":["https:\/\/led.amasly.com\/wp-content\/uploads\/2024\/07\/Explosion-proof-solar-street-light2.avif",480,480,false],"thumbnail":["https:\/\/led.amasly.com\/wp-content\/uploads\/2024\/07\/Explosion-proof-solar-street-light2.avif",150,150,false],"medium":["https:\/\/led.amasly.com\/wp-content\/uploads\/2024\/07\/Explosion-proof-solar-street-light2.avif",300,300,false],"medium_large":["https:\/\/led.amasly.com\/wp-content\/uploads\/2024\/07\/Explosion-proof-solar-street-light2.avif",480,480,false],"large":["https:\/\/led.amasly.com\/wp-content\/uploads\/2024\/07\/Explosion-proof-solar-street-light2.avif",480,480,false],"1536x1536":["https:\/\/led.amasly.com\/wp-content\/uploads\/2024\/07\/Explosion-proof-solar-street-light2.avif",480,480,false],"2048x2048":["https:\/\/led.amasly.com\/wp-content\/uploads\/2024\/07\/Explosion-proof-solar-street-light2.avif",480,480,false],"trp-custom-language-flag":["https:\/\/led.amasly.com\/wp-content\/uploads\/2024\/07\/Explosion-proof-solar-street-light2.avif",12,12,false]},"uagb_author_info":{"display_name":"Joe","author_link":"https:\/\/led.amasly.com\/da\/author\/jacklin\/"},"uagb_comment_info":0,"uagb_excerpt":"Explosion Proof LED Solar Street Lights Content Contact Explosion Proof Solar Street Lights Scope of application 1. widely used in oil mining, oil refining, chemical, military and other dangerous environmental places of the factory and road lighting 2. suitable for coastal, river and other wind pressure, wind speed environment; 3. suitable for thousands of explosive&hellip;","_links":{"self":[{"href":"https:\/\/led.amasly.com\/da\/wp-json\/wp\/v2\/pages\/1636","targetHints":{"allow":["GET"]}}],"collection":[{"href":"https:\/\/led.amasly.com\/da\/wp-json\/wp\/v2\/pages"}],"about":[{"href":"https:\/\/led.amasly.com\/da\/wp-json\/wp\/v2\/types\/page"}],"author":[{"embeddable":true,"href":"https:\/\/led.amasly.com\/da\/wp-json\/wp\/v2\/users\/1"}],"replies":[{"embeddable":true,"href":"https:\/\/led.amasly.com\/da\/wp-json\/wp\/v2\/comments?post=1636"}],"version-history":[{"count":6,"href":"https:\/\/led.amasly.com\/da\/wp-json\/wp\/v2\/pages\/1636\/revisions"}],"predecessor-version":[{"id":4523,"href":"https:\/\/led.amasly.com\/da\/wp-json\/wp\/v2\/pages\/1636\/revisions\/4523"}],"up":[{"embeddable":true,"href":"https:\/\/led.amasly.com\/da\/wp-json\/wp\/v2\/pages\/1156"}],"wp:featuredmedia":[{"embeddable":true,"href":"https:\/\/led.amasly.com\/da\/wp-json\/wp\/v2\/media\/1256"}],"wp:attachment":[{"href":"https:\/\/led.amasly.com\/da\/wp-json\/wp\/v2\/media?parent=1636"}],"curies":[{"name":"wp","href":"https:\/\/api.w.org\/{rel}","templated":true}]}}