{"id":4971,"date":"2026-02-05T23:13:44","date_gmt":"2026-02-05T15:13:44","guid":{"rendered":"https:\/\/led.amasly.com\/?page_id=4971"},"modified":"2026-02-05T23:13:47","modified_gmt":"2026-02-05T15:13:47","slug":"20-60w-explosion-proof-led-linear-light-analysis-selection-and-installation-guide","status":"publish","type":"page","link":"https:\/\/led.amasly.com\/cs\/knowledge\/explosion-proof-products-knowledge\/20-60w-explosion-proof-led-linear-light-analysis-selection-and-installation-guide\/","title":{"rendered":"20-60w nev\u00fdbu\u0161n\u00e9 vedl line\u00e1rn\u00ed sv\u011btlo Anal\u00fdza, v\u00fdb\u011br a instalace pr\u016fvodce"},"content":{"rendered":"<div class=\"wp-block-uagb-container uagb-block-27bae773 alignfull uagb-is-root-container\"><div class=\"uagb-container-inner-blocks-wrap\"><\/div><\/div>\n\n\n\n<h1 class=\"wp-block-heading has-text-align-center\"><strong>20-60w vedl line\u00e1rn\u00ed sv\u011btlo odoln\u00e9 proti v\u00fdbuchu<\/strong><strong>&nbsp;Anal\u00fdza, v\u00fdb\u011br a instalace<\/strong><strong><\/strong><\/h1>\n\n\n\n<p>Existuje \u0159ada <strong>20-60w LED line\u00e1rn\u00ed sv\u011btlo odoln\u00e9 proti v\u00fdbuchu<\/strong>. Jak si vybrat? Tento \u010dl\u00e1nek poskytuje podrobn\u00fd p\u0159ehled n\u011bkolika b\u011b\u017en\u00fdch nev\u00fdbu\u0161n\u00fdch line\u00e1rn\u00edch LED sv\u00edtidel a nab\u00edz\u00ed komplexn\u00ed anal\u00fdzu a srovn\u00e1n\u00ed vlastnost\u00ed, materi\u00e1l\u016f, specifikac\u00ed, rozm\u011br\u016f, zp\u016fsob\u016f instalace a prost\u0159ed\u00ed pou\u017eit\u00ed. Porad\u00ed v\u00e1m, jak vybrat spr\u00e1vn\u00e9 nev\u00fdbu\u0161n\u00e9 line\u00e1rn\u00ed LED sv\u011btlo:<\/p>\n\n\n\n<h2 class=\"wp-block-heading\">1.\u00a0<strong>20-60w LED line\u00e1rn\u00ed sv\u011btlo odoln\u00e9 proti v\u00fdbuchu: LED z\u00e1\u0159ivky odoln\u00e9 proti korozi, odoln\u00e9 proti v\u00fdbuchu, celoplastov\u00e9 z\u00e1\u0159ivkov\u00e9 sv\u011btlo.<\/strong><\/h2>\n\n\n\n<div class=\"wp-block-uagb-image uagb-block-a0378858 wp-block-uagb-image--layout-default wp-block-uagb-image--effect-static wp-block-uagb-image--align-none\"><figure class=\"wp-block-uagb-image__figure\"><img decoding=\"async\" srcset=\"https:\/\/led.amasly.com\/wp-content\/uploads\/2026\/02\/Explosion-proof-linear-fluorescence-lights.png ,https:\/\/led.amasly.com\/wp-content\/uploads\/2026\/02\/Explosion-proof-linear-fluorescence-lights.png 780w, https:\/\/led.amasly.com\/wp-content\/uploads\/2026\/02\/Explosion-proof-linear-fluorescence-lights.png 360w\" sizes=\"auto, (max-width: 480px) 150px\" src=\"https:\/\/led.amasly.com\/wp-content\/uploads\/2026\/02\/Explosion-proof-linear-fluorescence-lights.png\" alt=\"\" class=\"uag-image-4972\" width=\"300\" height=\"300\" title=\"Line\u00e1rn\u00ed fluorescen\u010dn\u00ed sv\u011btla odoln\u00e1 proti v\u00fdbuchu\" loading=\"lazy\" role=\"img\"><\/figure><\/div>\n\n\n\n<h3 class=\"wp-block-heading\"><strong>Vlastnosti:<\/strong><strong><\/strong><\/h3>\n\n\n\n<p>Vst\u0159ikovan\u00fd kryt z polykarbon\u00e1tov\u00e9 slitiny, kter\u00fd se vyzna\u010duje vysokou odolnost\u00ed proti n\u00e1razu, odolnost\u00ed proti vysok\u00fdm teplot\u00e1m, odolnost\u00ed proti chladu a silnou odolnost\u00ed proti korozi;<\/p>\n\n\n\n<p>Vst\u0159ikovan\u00e1 \u010do\u010dka z polykarbon\u00e1tov\u00e9ho materi\u00e1lu s vysokou propustnost\u00ed sv\u011btla, schopn\u00e1 odolat siln\u00fdm n\u00e1raz\u016fm, s \u017eebrovan\u00fdm designem \u00fa\u010dinn\u011b zabra\u0148uj\u00edc\u00edm osln\u011bn\u00ed;<\/p>\n\n\n\n<p>Modul nouzov\u00e9ho osv\u011btlen\u00ed je k dispozici na vy\u017e\u00e1d\u00e1n\u00ed; p\u0159i v\u00fdpadku nap\u00e1jen\u00ed se automaticky p\u0159epne do nouzov\u00e9ho re\u017eimu;<\/p>\n\n\n\n<p>Rozm\u011bry: 0,6 m a 1,2 m<\/p>\n\n\n\n<p>V\u00fdkon: 9W, 18W, 30W, 36W, 2x9W, 2x18W, 2x30W, 2x36W<\/p>\n\n\n\n<p>Nap\u011bt\u00ed: AC110V, AC220V<\/p>\n\n\n\n<p>Hodnocen\u00ed nev\u00fdbu\u0161nosti: Ex db eb \u2161C T6 Gb \/ Ex tb \u2162C T80\u2103 Db *Ex db eb mb \u2161C T6 Gb \/ Ex tb \u2162C T80\u2103 Db<\/p>\n\n\n\n<p>Stupe\u0148 ochrany: IP66<\/p>\n\n\n\n<p>Zp\u016fsoby mont\u00e1\u017ee: Mont\u00e1\u017e: podhled, z\u00e1v\u011bsn\u00e1 ty\u010d, mont\u00e1\u017e na st\u011bnu, \u0159et\u00edzkov\u00e9 zav\u011b\u0161en\u00ed, zahnut\u00e1 ty\u010d, mont\u00e1\u017e na p\u0159\u00edrubu, mont\u00e1\u017e na li\u0161tu.<\/p>\n\n\n\n<p>Pou\u017eit\u00ed: V\u00fdrobek je vhodn\u00fd pro pou\u017eit\u00ed v tov\u00e1rn\u00e1ch, na ulic\u00edch, ve skladech, d\u00edln\u00e1ch a na dal\u0161\u00edch m\u00edstech.<\/p>\n\n\n\n<h2 class=\"wp-block-heading\">2.\u00a0<strong>20-60w LED line\u00e1rn\u00ed sv\u011btlo odoln\u00e9 proti v\u00fdbuchu: LED diodov\u00e9 sv\u011btlo: nev\u00fdbu\u0161n\u00e9 trubicov\u00e9 sv\u011btlo<\/strong><\/h2>\n\n\n\n<figure class=\"wp-block-image aligncenter size-full\"><img decoding=\"async\" width=\"300\" height=\"300\" src=\"https:\/\/led.amasly.com\/wp-content\/uploads\/2026\/02\/Explosion-proof-tube-light.jpg\" alt=\"\" class=\"wp-image-4973\" title=\"\" srcset=\"https:\/\/led.amasly.com\/wp-content\/uploads\/2026\/02\/Explosion-proof-tube-light.jpg 300w, https:\/\/led.amasly.com\/wp-content\/uploads\/2026\/02\/Explosion-proof-tube-light-150x150.jpg 150w, https:\/\/led.amasly.com\/wp-content\/uploads\/2026\/02\/Explosion-proof-tube-light-12x12.jpg 12w\" sizes=\"(max-width: 300px) 100vw, 300px\" \/><\/figure>\n\n\n\n<h3 class=\"wp-block-heading\"><strong>Vlastnosti:<\/strong><strong><\/strong><\/h3>\n\n\n\n<p>Bydlen\u00ed: Tlakov\u011b lit\u00e1 hlin\u00edkov\u00e1 slitina s tryskan\u00fdm povrchem a vysokotlak\u00fdm elektrostatick\u00fdm pr\u00e1\u0161kov\u00fdm lakov\u00e1n\u00edm;<\/p>\n\n\n\n<p>Pr\u016fhledn\u00e1 trubka: Vysokopevnostn\u00ed tvrzen\u00e9 sklo;<\/p>\n\n\n\n<p>Odkryt\u00e9 spojovac\u00ed prvky: Nerezov\u00e1 ocel s vysokou odolnost\u00ed proti korozi;<\/p>\n\n\n\n<p>Je vybaven m\u0159\u00ed\u017ekou pro optim\u00e1ln\u00ed rozlo\u017een\u00ed sv\u011btla a sn\u00ed\u017een\u00ed osln\u011bn\u00ed;<\/p>\n\n\n\n<p>Kryt dosahuje stupn\u011b kryt\u00ed IP66, tak\u017ee \u00fa\u010dinn\u011b odol\u00e1v\u00e1 siln\u00fdm lij\u00e1k\u016fm;<\/p>\n\n\n\n<p>Rozm\u011bry: 0,6 m a 1,2 m<\/p>\n\n\n\n<p>V\u00fdkon: 9W, 18W, 36W, 2x9W, 2x18W, 2x30W, 2x36W<\/p>\n\n\n\n<p>Nap\u011bt\u00ed: AC110V, AC220V<\/p>\n\n\n\n<p>Hodnocen\u00ed nev\u00fdbu\u0161nosti: Ex nRIIC T6 GcEx tb lC T80\u00b0C Db<\/p>\n\n\n\n<p>Stupe\u0148 ochrany: IP66<\/p>\n\n\n\n<p>Mo\u017enosti mont\u00e1\u017ee: Mont\u00e1\u017e na strop, na sloup, na st\u011bnu, na \u0159et\u011bz, na zahnut\u00e9 rameno, na p\u0159\u00edrubu, na z\u00e1bradl\u00ed.<\/p>\n\n\n\n<p>Aplikace: \u0160irok\u00e9 vyu\u017eit\u00ed pro pracovn\u00ed osv\u011btlen\u00ed v ropn\u00e9m, chemick\u00e9m pr\u016fmyslu, doc\u00edch, p\u0159\u00edstavech, leteck\u00e9m pr\u016fmyslu, letectv\u00ed a vojensk\u00fdch za\u0159\u00edzen\u00edch;<\/p>\n\n\n\n<p>Vhodn\u00e9 pro prost\u0159ed\u00ed vy\u017eaduj\u00edc\u00ed vysokou odolnost proti vlhkosti a ochranu proti korozi.<\/p>\n\n\n\n<h2 class=\"wp-block-heading\">3.\u00a0<strong>20-60w LED line\u00e1rn\u00ed sv\u011btlo odoln\u00e9 proti v\u00fdbuchu: Nev\u00fdbu\u0161n\u00e9 \u010dist\u00e9 z\u00e1\u0159ivkov\u00e9 sv\u011btlo<\/strong><\/h2>\n\n\n\n<figure class=\"wp-block-image aligncenter size-full\"><img decoding=\"async\" width=\"300\" height=\"300\" src=\"https:\/\/led.amasly.com\/wp-content\/uploads\/2026\/02\/Explosion-proof-linear-light.png\" alt=\"\" class=\"wp-image-4974\" title=\"\" srcset=\"https:\/\/led.amasly.com\/wp-content\/uploads\/2026\/02\/Explosion-proof-linear-light.png 300w, https:\/\/led.amasly.com\/wp-content\/uploads\/2026\/02\/Explosion-proof-linear-light-150x150.png 150w, https:\/\/led.amasly.com\/wp-content\/uploads\/2026\/02\/Explosion-proof-linear-light-12x12.png 12w\" sizes=\"(max-width: 300px) 100vw, 300px\" \/><\/figure>\n\n\n\n<h3 class=\"wp-block-heading\"><strong>Vlastnosti:<\/strong><strong><\/strong><\/h3>\n\n\n\n<p>Kryt je tvo\u0159en oh\u00fdb\u00e1n\u00edm ocelov\u00fdch plech\u016f s vysokotlakou elektrostatickou pr\u00e1\u0161kovou povrchovou \u00fapravou;<\/p>\n\n\n\n<p>Na vy\u017e\u00e1d\u00e1n\u00ed je k dispozici pouzdro z nerezov\u00e9 oceli s le\u0161t\u011bnou povrchovou \u00fapravou;<\/p>\n\n\n\n<p>Kryt a p\u0159\u00edtla\u010dn\u00fd r\u00e1m jsou spojeny vnit\u0159n\u00edm \u0159et\u011bzov\u00fdm mechanismem s v\u00fdklopn\u00fdm vnit\u0159n\u00edm reflektorem pro pohodln\u00e9 zapojen\u00ed;<\/p>\n\n\n\n<p>Upev\u0148ovac\u00ed \u0161rouby obsahuj\u00ed opat\u0159en\u00ed proti vypadnut\u00ed, co\u017e usnad\u0148uje demont\u00e1\u017e krytu p\u0159i \u00fadr\u017eb\u011b;<\/p>\n\n\n\n<p>M\u00e1 jedine\u010dnou konstrukci s dvojit\u00fdm t\u011bsnic\u00edm jaz\u00fd\u010dkem, kter\u00e1 zaji\u0161\u0165uje vynikaj\u00edc\u00ed vodot\u011bsnost a odolnost proti prachu;<\/p>\n\n\n\n<p>Na p\u0159\u00e1n\u00ed lze vybavit nouzov\u00fdm za\u0159\u00edzen\u00edm, kter\u00e9 se p\u0159i v\u00fdpadku proudu automaticky p\u0159epne do re\u017eimu nouzov\u00e9ho osv\u011btlen\u00ed;<\/p>\n\n\n\n<p>Rozm\u011bry: 0,6 m a 1,2 m<\/p>\n\n\n\n<p>V\u00fdkon: 9W, 18W, 36W, 2x9W, 2x18W, 2x30W, 2x36W<\/p>\n\n\n\n<p>Nap\u011bt\u00ed: AC110V, AC220V<\/p>\n\n\n\n<p>Hodnocen\u00ed nev\u00fdbu\u0161nosti: Ex d e \u2161C T6 Gb \/ Ex d e mb \u2161C T4 Gb<\/p>\n\n\n\n<p>Stupe\u0148 ochrany: IP66<\/p>\n\n\n\n<p>Mo\u017enosti mont\u00e1\u017ee: Povrchov\u00e1 nebo zapu\u0161t\u011bn\u00e1 mont\u00e1\u017e<\/p>\n\n\n\n<h2 class=\"wp-block-heading\">4.\u00a0<strong>20-60w LED line\u00e1rn\u00ed sv\u011btlo odoln\u00e9 proti v\u00fdbuchu: LED diodov\u00e9 sv\u011btlo: nev\u00fdbu\u0161n\u00e9 p\u00e1sov\u00e9 sv\u011btlo<\/strong><\/h2>\n\n\n\n<figure class=\"wp-block-image aligncenter size-full\"><img decoding=\"async\" width=\"710\" height=\"710\" src=\"https:\/\/led.amasly.com\/wp-content\/uploads\/2026\/02\/Explosion-proof-linear-lights.jpg\" alt=\"20-60w\u00a0Explosion proof LED Linear Light\" class=\"wp-image-4975\" title=\"\" srcset=\"https:\/\/led.amasly.com\/wp-content\/uploads\/2026\/02\/Explosion-proof-linear-lights.jpg 710w, https:\/\/led.amasly.com\/wp-content\/uploads\/2026\/02\/Explosion-proof-linear-lights-300x300.jpg 300w, https:\/\/led.amasly.com\/wp-content\/uploads\/2026\/02\/Explosion-proof-linear-lights-150x150.jpg 150w, https:\/\/led.amasly.com\/wp-content\/uploads\/2026\/02\/Explosion-proof-linear-lights-12x12.jpg 12w\" sizes=\"(max-width: 710px) 100vw, 710px\" \/><\/figure>\n\n\n\n<h3 class=\"wp-block-heading\"><strong>Vlastnosti:<\/strong><strong><\/strong><\/h3>\n\n\n\n<p>Pouzdro z vysoce \u010dist\u00e9ho hlin\u00edkov\u00e9ho v\u00fdlisku s eloxovanou povrchovou \u00fapravou pro vynikaj\u00edc\u00ed tepelnou vodivost a odolnost proti korozi;<\/p>\n\n\n\n<p>Difuzor z prvot\u0159\u00eddn\u00edho PC materi\u00e1lu s technologi\u00ed rozptylu sv\u011btla zaji\u0161\u0165uje optim\u00e1ln\u00ed rozlo\u017een\u00ed sv\u011btla a \u00fa\u010dinn\u011b eliminuje osln\u011bn\u00ed pro rovnom\u011brn\u00e9 a m\u011bkk\u00e9 osv\u011btlen\u00ed;<\/p>\n\n\n\n<p>Speci\u00e1ln\u00ed konstruk\u010dn\u00ed \u0159e\u0161en\u00ed usnad\u0148uje \u00fa\u010dinn\u00fd odvod tepla z provozu LED diod a udr\u017euje st\u00e1l\u00fd v\u00fdkon sv\u011bteln\u00e9ho zdroje;<\/p>\n\n\n\n<p>Modul nouzov\u00e9ho osv\u011btlen\u00ed je k dispozici na vy\u017e\u00e1d\u00e1n\u00ed; p\u0159i v\u00fdpadku nap\u00e1jen\u00ed se automaticky p\u0159epne do nouzov\u00e9ho re\u017eimu;<\/p>\n\n\n\n<p>Rozm\u011bry: 0.3m. 0,6 m, 0,9 m<\/p>\n\n\n\n<p>V\u00fdkon: 20 W, 30 W, 40 W, 50 W, 60 W<\/p>\n\n\n\n<p>Hodnocen\u00ed nev\u00fdbu\u0161nosti: <a href=\"http:\/\/www.iecex.com\" rel=\"nofollow noopener\" target=\"_blank\">Ex d Mb II C T6 Gb<\/a><\/p>\n\n\n\n<p>Stupe\u0148 ochrany: IP66<\/p>\n\n\n\n<p>Nap\u011bt\u00ed: AC\/DC 12V, 24V, 36V; AC 110V; AC 220V<\/p>\n\n\n\n<p>Mo\u017enosti mont\u00e1\u017ee: Zapu\u0161t\u011bn\u00fd strop, z\u00e1v\u011bsn\u00e1 ty\u010d, mont\u00e1\u017e na st\u011bnu, \u0159et\u011bzov\u00e9 zav\u011b\u0161en\u00ed, zahnut\u00e1 ty\u010d, p\u0159\u00edruba, z\u00e1bradl\u00ed.<\/p>\n\n\n\n<p class=\"has-text-align-left\">Aplikace: <strong>20-60w LED line\u00e1rn\u00ed sv\u011btlo odoln\u00e9 proti v\u00fdbuchu<\/strong> pro \u0159\u00eddic\u00ed m\u00edstnosti, kancel\u00e1\u0159e v ter\u00e9nu, akumul\u00e1torovny, z\u00f3ny s kapaln\u00fdm \u010dpavkem, pr\u016fchody rafin\u00e9rsk\u00fdmi v\u011b\u017eemi, pr\u016fchody skladovac\u00edmi n\u00e1dr\u017eemi, pr\u016fchody plo\u0161inami, kryty \u010derpadel\/ventil\u016f, chodby potrub\u00ed, pr\u016fchody doky s nebezpe\u010dn\u00fdmi chemik\u00e1liemi a podobn\u00e1 prost\u0159ed\u00ed. Vhodn\u00e9 pro vysoce vlhk\u00e1 m\u00edsta vy\u017eaduj\u00edc\u00ed vynikaj\u00edc\u00ed odolnost proti korozi.<\/p>\n\n\n\n<p>Spole\u010dnost Amasly, profesion\u00e1ln\u00ed zna\u010dka pr\u016fmyslov\u00e9ho osv\u011btlen\u00ed (webov\u00e9 str\u00e1nky: led.amasly.com a amasly.com), se specializuje na v\u00fdzkum a v\u00fdvoj, v\u00fdrobu a prodej pr\u016fmyslov\u00fdch sv\u00edtidel. Zam\u011b\u0159uje se na trhy jihov\u00fdchodn\u00ed Asie a Bl\u00edzk\u00e9ho v\u00fdchodu a jej\u00ed v\u00fdrobky se prod\u00e1vaj\u00ed ve v\u00edce ne\u017e 100 zem\u00edch a regionech sv\u011bta. V\u0161echny nev\u00fdbu\u0161n\u00e9 v\u00fdrobky spl\u0148uj\u00ed po\u017eadavky certifikace ATEX. Mezi hlavn\u00ed nab\u00eddky pat\u0159\u00ed: Nev\u00fdbu\u0161n\u00e1 sv\u00edtidla, nev\u00fdbu\u0161n\u00e1 elektrick\u00e1 za\u0159\u00edzen\u00ed, pr\u016fmyslov\u00e1\/d\u016fln\u00ed sv\u00edtidla, reflektory, pouli\u010dn\u00ed sv\u00edtidla, sol\u00e1rn\u00ed sv\u00edtidla, <strong>20-60w LED line\u00e1rn\u00ed sv\u011btlo odoln\u00e9 proti v\u00fdbuchu<\/strong> atd.<\/p>\n\n\n\n<div class=\"wp-block-uagb-container uagb-block-c7d898dd alignfull uagb-is-root-container\"><div class=\"uagb-container-inner-blocks-wrap\"><\/div><\/div>\n\n\n\n<h2 class=\"wp-block-heading\">Souvisej\u00edc\u00ed produkty<\/h2>\n\n\n\n<div class=\"wp-block-uagb-container uagb-block-66e4defc alignfull uagb-is-root-container\"><div class=\"uagb-container-inner-blocks-wrap\">\n<div class=\"wp-block-uagb-container uagb-block-a42945f9\">\n<div class=\"wp-block-uagb-image uagb-block-7296296b wp-block-uagb-image--layout-default wp-block-uagb-image--effect-static wp-block-uagb-image--align-none\"><figure class=\"wp-block-uagb-image__figure\"><a class=\"\" href=\"https:\/\/led.amasly.com\/cs\/products\/\" target=\"\" rel=\"noopener\"><img decoding=\"async\" srcset=\"https:\/\/led.amasly.com\/wp-content\/uploads\/2024\/09\/Explosion-proof-high-bay-lights.png ,https:\/\/led.amasly.com\/wp-content\/uploads\/2024\/09\/Explosion-proof-high-bay-lights.png 780w, https:\/\/led.amasly.com\/wp-content\/uploads\/2024\/09\/Explosion-proof-high-bay-lights.png 360w\" sizes=\"auto, (max-width: 480px) 150px\" src=\"https:\/\/led.amasly.com\/wp-content\/uploads\/2024\/09\/Explosion-proof-high-bay-lights.png\" alt=\"\" class=\"uag-image-1495\" width=\"300\" height=\"300\" title=\"Nev\u00fdbu\u0161n\u00e1 sv\u00edtidla s vysokou odolnost\u00ed proti v\u00fdbuchu\" loading=\"lazy\" role=\"img\"><\/a><\/figure><\/div>\n<\/div>\n\n\n\n<div class=\"wp-block-uagb-container uagb-block-4d3efde5\">\n<div class=\"wp-block-uagb-image uagb-block-c9e90797 wp-block-uagb-image--layout-default wp-block-uagb-image--effect-static wp-block-uagb-image--align-none\"><figure class=\"wp-block-uagb-image__figure\"><a class=\"\" href=\"https:\/\/led.amasly.com\/cs\/products\/\" target=\"\" rel=\"noopener\"><img decoding=\"async\" srcset=\"https:\/\/led.amasly.com\/wp-content\/uploads\/2024\/07\/LED-tri-proof-lights2.png ,https:\/\/led.amasly.com\/wp-content\/uploads\/2024\/07\/LED-tri-proof-lights2.png 780w, https:\/\/led.amasly.com\/wp-content\/uploads\/2024\/07\/LED-tri-proof-lights2.png 360w\" sizes=\"auto, (max-width: 480px) 150px\" src=\"https:\/\/led.amasly.com\/wp-content\/uploads\/2024\/07\/LED-tri-proof-lights2.png\" alt=\"\" class=\"uag-image-1132\" width=\"300\" height=\"300\" title=\"LED-tri-proof-sv\u011btla2\" loading=\"lazy\" role=\"img\"><\/a><\/figure><\/div>\n<\/div>\n\n\n\n<div class=\"wp-block-uagb-container uagb-block-11c2578b\">\n<div class=\"wp-block-uagb-image uagb-block-6e8883aa wp-block-uagb-image--layout-default wp-block-uagb-image--effect-static wp-block-uagb-image--align-none\"><figure class=\"wp-block-uagb-image__figure\"><a class=\"\" href=\"https:\/\/led.amasly.com\/cs\/products\/\" target=\"\" rel=\"noopener\"><img decoding=\"async\" srcset=\"https:\/\/led.amasly.com\/wp-content\/uploads\/2024\/09\/LED-Explosion-Proof-Gas-Station-Light.png ,https:\/\/led.amasly.com\/wp-content\/uploads\/2024\/09\/LED-Explosion-Proof-Gas-Station-Light.png 780w, https:\/\/led.amasly.com\/wp-content\/uploads\/2024\/09\/LED-Explosion-Proof-Gas-Station-Light.png 360w\" sizes=\"auto, (max-width: 480px) 150px\" src=\"https:\/\/led.amasly.com\/wp-content\/uploads\/2024\/09\/LED-Explosion-Proof-Gas-Station-Light.png\" alt=\"\" class=\"uag-image-1501\" width=\"300\" height=\"300\" title=\"LED sv\u011btlo pro \u010derpac\u00ed stanice s ochranou proti v\u00fdbuchu\" loading=\"lazy\" role=\"img\"><\/a><\/figure><\/div>\n<\/div>\n<\/div><\/div>\n\n\n\n<div class=\"wp-block-uagb-container uagb-block-548945b5 alignfull uagb-is-root-container\"><div class=\"uagb-container-inner-blocks-wrap\">\n<div class=\"wp-block-uagb-container uagb-block-967755d5\">\n<h4 class=\"wp-block-heading has-text-align-center\"><a href=\"https:\/\/led.amasly.com\/cs\/products\/\">Sv\u011btla LED odoln\u00e1 proti v\u00fdbuchu<\/a><\/h4>\n<\/div>\n\n\n\n<div class=\"wp-block-uagb-container uagb-block-9bc52fc2\">\n<h4 class=\"wp-block-heading has-text-align-center\"><a href=\"https:\/\/led.amasly.com\/cs\/products\/\">Trojit\u00e1 ochrann\u00e1 sv\u011btla LED<\/a><\/h4>\n<\/div>\n\n\n\n<div class=\"wp-block-uagb-container uagb-block-8ffa0a23\">\n<h4 class=\"wp-block-heading has-text-align-center\"><a href=\"https:\/\/led.amasly.com\/cs\/products\/\">Sv\u011btla \u010derpac\u00edch stanic odoln\u00e1 proti v\u00fdbuchu<\/a><\/h4>\n<\/div>\n<\/div><\/div>\n\n\n\n<div class=\"wp-block-uagb-container uagb-block-29499fe0 alignfull uagb-is-root-container\"><div class=\"uagb-container-inner-blocks-wrap\">\n<div class=\"wp-block-uagb-container uagb-block-777ee1c7\">\n<div class=\"wp-block-uagb-image uagb-block-2e9a1851 wp-block-uagb-image--layout-default wp-block-uagb-image--effect-static wp-block-uagb-image--align-none\"><figure class=\"wp-block-uagb-image__figure\"><a class=\"\" href=\"https:\/\/led.amasly.com\/cs\/products\/\" target=\"\" rel=\"noopener\"><img decoding=\"async\" srcset=\"https:\/\/led.amasly.com\/wp-content\/uploads\/2024\/10\/50W-100W-150W-200W-300W-LED-Flood-Light.jpg ,https:\/\/led.amasly.com\/wp-content\/uploads\/2024\/10\/50W-100W-150W-200W-300W-LED-Flood-Light.jpg 780w, https:\/\/led.amasly.com\/wp-content\/uploads\/2024\/10\/50W-100W-150W-200W-300W-LED-Flood-Light.jpg 360w\" sizes=\"auto, (max-width: 480px) 150px\" src=\"https:\/\/led.amasly.com\/wp-content\/uploads\/2024\/10\/50W-100W-150W-200W-300W-LED-Flood-Light.jpg\" alt=\"\" class=\"uag-image-1526\" width=\"300\" height=\"300\" title=\"50W 100W 150W 200W 300W LED z\u00e1plavov\u00e9 sv\u011btlo\" loading=\"lazy\" role=\"img\"><\/a><\/figure><\/div>\n<\/div>\n\n\n\n<div class=\"wp-block-uagb-container uagb-block-af8c8683\">\n<div class=\"wp-block-uagb-image uagb-block-67947854 wp-block-uagb-image--layout-default wp-block-uagb-image--effect-static wp-block-uagb-image--align-none\"><figure class=\"wp-block-uagb-image__figure\"><a class=\"\" href=\"https:\/\/led.amasly.com\/cs\/products\/\" target=\"\" rel=\"noopener\"><img decoding=\"async\" srcset=\"https:\/\/led.amasly.com\/wp-content\/uploads\/2024\/07\/led-tri-proof-light.png ,https:\/\/led.amasly.com\/wp-content\/uploads\/2024\/07\/led-tri-proof-light.png 780w, https:\/\/led.amasly.com\/wp-content\/uploads\/2024\/07\/led-tri-proof-light.png 360w\" sizes=\"auto, (max-width: 480px) 150px\" src=\"https:\/\/led.amasly.com\/wp-content\/uploads\/2024\/07\/led-tri-proof-light.png\" alt=\"\" class=\"uag-image-1130\" width=\"300\" height=\"300\" title=\"led-tri-proof-light\" loading=\"lazy\" role=\"img\"><\/a><\/figure><\/div>\n<\/div>\n\n\n\n<div class=\"wp-block-uagb-container uagb-block-0fdfdd58\">\n<div class=\"wp-block-uagb-image uagb-block-1187d32d wp-block-uagb-image--layout-default wp-block-uagb-image--effect-static wp-block-uagb-image--align-none\"><figure class=\"wp-block-uagb-image__figure\"><a class=\"\" href=\"https:\/\/led.amasly.com\/cs\/products\/\" target=\"\" rel=\"noopener\"><img decoding=\"async\" srcset=\"https:\/\/led.amasly.com\/wp-content\/uploads\/2024\/07\/LED-street-light.jpg ,https:\/\/led.amasly.com\/wp-content\/uploads\/2024\/07\/LED-street-light.jpg 780w, https:\/\/led.amasly.com\/wp-content\/uploads\/2024\/07\/LED-street-light.jpg 360w\" sizes=\"auto, (max-width: 480px) 150px\" src=\"https:\/\/led.amasly.com\/wp-content\/uploads\/2024\/07\/LED-street-light.jpg\" alt=\"\" class=\"uag-image-1145\" width=\"300\" height=\"300\" title=\"Uli\u010dn\u00ed osv\u011btlen\u00ed LED\" loading=\"lazy\" role=\"img\"><\/a><\/figure><\/div>\n<\/div>\n<\/div><\/div>\n\n\n\n<div class=\"wp-block-uagb-container uagb-block-6a60882c alignfull uagb-is-root-container\"><div class=\"uagb-container-inner-blocks-wrap\">\n<div class=\"wp-block-uagb-container uagb-block-f1e91a35\">\n<h4 class=\"wp-block-heading has-text-align-center\"><a href=\"https:\/\/led.amasly.com\/cs\/products\/\">LED sv\u011btla pro zaplaven\u00ed<\/a><\/h4>\n<\/div>\n\n\n\n<div class=\"wp-block-uagb-container uagb-block-165bfa58\">\n<h4 class=\"wp-block-heading has-text-align-center\"><a href=\"https:\/\/led.amasly.com\/cs\/products\/\">LED Tri-Proof Tube Lights<\/a><\/h4>\n<\/div>\n\n\n\n<div class=\"wp-block-uagb-container uagb-block-f6096e3b\">\n<h4 class=\"wp-block-heading has-text-align-center\"><a href=\"https:\/\/led.amasly.com\/cs\/products\/\">Pouli\u010dn\u00ed osv\u011btlen\u00ed LED<\/a><\/h4>\n<\/div>\n<\/div><\/div>\n\n\n\n<div class=\"wp-block-uagb-container uagb-block-99c0e0a5 alignfull uagb-is-root-container\"><div class=\"uagb-container-inner-blocks-wrap\"><\/div><\/div>\n\n\n\n<p><\/p>","protected":false},"excerpt":{"rendered":"<p>20-60w explosion proof led linear light&nbsp;Analysis, Selection and Installation Guide There are numerous 20-60w\u00a0Explosion proof LED Linear Light. How should one make a selection? This article provides a detailed overview of several common explosion-proof LED linear lights, offering a comprehensive analysis and comparison across product features, materials, specifications, dimensions, installation methods, and application environments. It [&hellip;]<\/p>\n","protected":false},"author":1,"featured_media":0,"parent":2374,"menu_order":0,"comment_status":"closed","ping_status":"closed","template":"","meta":{"_uag_custom_page_level_css":"","site-sidebar-layout":"no-sidebar","site-content-layout":"","ast-site-content-layout":"default","site-content-style":"default","site-sidebar-style":"default","ast-global-header-display":"","ast-banner-title-visibility":"","ast-main-header-display":"","ast-hfb-above-header-display":"","ast-hfb-below-header-display":"","ast-hfb-mobile-header-display":"","site-post-title":"disabled","ast-breadcrumbs-content":"","ast-featured-img":"","footer-sml-layout":"","ast-disable-related-posts":"","theme-transparent-header-meta":"enabled","adv-header-id-meta":"","stick-header-meta":"","header-above-stick-meta":"","header-main-stick-meta":"","header-below-stick-meta":"","astra-migrate-meta-layouts":"set","ast-page-background-enabled":"default","ast-page-background-meta":{"desktop":{"background-color":"var(--ast-global-color-4)","background-image":"","background-repeat":"repeat","background-position":"center center","background-size":"auto","background-attachment":"scroll","background-type":"","background-media":"","overlay-type":"","overlay-color":"","overlay-opacity":"","overlay-gradient":""},"tablet":{"background-color":"","background-image":"","background-repeat":"repeat","background-position":"center center","background-size":"auto","background-attachment":"scroll","background-type":"","background-media":"","overlay-type":"","overlay-color":"","overlay-opacity":"","overlay-gradient":""},"mobile":{"background-color":"","background-image":"","background-repeat":"repeat","background-position":"center center","background-size":"auto","background-attachment":"scroll","background-type":"","background-media":"","overlay-type":"","overlay-color":"","overlay-opacity":"","overlay-gradient":""}},"ast-content-background-meta":{"desktop":{"background-color":"var(--ast-global-color-5)","background-image":"","background-repeat":"repeat","background-position":"center center","background-size":"auto","background-attachment":"scroll","background-type":"","background-media":"","overlay-type":"","overlay-color":"","overlay-opacity":"","overlay-gradient":""},"tablet":{"background-color":"var(--ast-global-color-5)","background-image":"","background-repeat":"repeat","background-position":"center center","background-size":"auto","background-attachment":"scroll","background-type":"","background-media":"","overlay-type":"","overlay-color":"","overlay-opacity":"","overlay-gradient":""},"mobile":{"background-color":"var(--ast-global-color-5)","background-image":"","background-repeat":"repeat","background-position":"center center","background-size":"auto","background-attachment":"scroll","background-type":"","background-media":"","overlay-type":"","overlay-color":"","overlay-opacity":"","overlay-gradient":""}},"footnotes":""},"class_list":["post-4971","page","type-page","status-publish","hentry"],"uagb_featured_image_src":{"full":false,"thumbnail":false,"medium":false,"medium_large":false,"large":false,"1536x1536":false,"2048x2048":false,"trp-custom-language-flag":false},"uagb_author_info":{"display_name":"Joe","author_link":"https:\/\/led.amasly.com\/cs\/author\/jacklin\/"},"uagb_comment_info":0,"uagb_excerpt":"20-60w explosion proof led linear light&nbsp;Analysis, Selection and Installation Guide There are numerous 20-60w\u00a0Explosion proof LED Linear Light. How should one make a selection? This article provides a detailed overview of several common explosion-proof LED linear lights, offering a comprehensive analysis and comparison across product features, materials, specifications, dimensions, installation methods, and application environments. It&hellip;","_links":{"self":[{"href":"https:\/\/led.amasly.com\/cs\/wp-json\/wp\/v2\/pages\/4971","targetHints":{"allow":["GET"]}}],"collection":[{"href":"https:\/\/led.amasly.com\/cs\/wp-json\/wp\/v2\/pages"}],"about":[{"href":"https:\/\/led.amasly.com\/cs\/wp-json\/wp\/v2\/types\/page"}],"author":[{"embeddable":true,"href":"https:\/\/led.amasly.com\/cs\/wp-json\/wp\/v2\/users\/1"}],"replies":[{"embeddable":true,"href":"https:\/\/led.amasly.com\/cs\/wp-json\/wp\/v2\/comments?post=4971"}],"version-history":[{"count":1,"href":"https:\/\/led.amasly.com\/cs\/wp-json\/wp\/v2\/pages\/4971\/revisions"}],"predecessor-version":[{"id":4976,"href":"https:\/\/led.amasly.com\/cs\/wp-json\/wp\/v2\/pages\/4971\/revisions\/4976"}],"up":[{"embeddable":true,"href":"https:\/\/led.amasly.com\/cs\/wp-json\/wp\/v2\/pages\/2374"}],"wp:attachment":[{"href":"https:\/\/led.amasly.com\/cs\/wp-json\/wp\/v2\/media?parent=4971"}],"curies":[{"name":"wp","href":"https:\/\/api.w.org\/{rel}","templated":true}]}}