{"id":4171,"date":"2025-07-15T21:56:31","date_gmt":"2025-07-15T13:56:31","guid":{"rendered":"https:\/\/led.amasly.com\/?page_id=4171"},"modified":"2026-01-24T21:19:04","modified_gmt":"2026-01-24T13:19:04","slug":"learn-how-to-achieve-optimal-lighting-design-for-golf-courses","status":"publish","type":"page","link":"https:\/\/led.amasly.com\/cs\/knowledge\/outdoor-light-knowledge\/learn-how-to-achieve-optimal-lighting-design-for-golf-courses\/","title":{"rendered":"Zjist\u011bte, jak dos\u00e1hnout optim\u00e1ln\u00edho n\u00e1vrhu osv\u011btlen\u00ed golfov\u00e9ho h\u0159i\u0161t\u011b"},"content":{"rendered":"<div class=\"wp-block-uagb-container uagb-block-27bae773 alignfull uagb-is-root-container\"><div class=\"uagb-container-inner-blocks-wrap\"><\/div><\/div>\n\n\n\n<h1 class=\"wp-block-heading has-text-align-center\"><strong>Zjist\u011bte, jak dos\u00e1hnout optim\u00e1ln\u00edho designu golfov\u00e9ho h\u0159i\u0161t\u011b<\/strong> <strong>osv\u011btlen\u00ed <\/strong><\/h1>\n\n\n\n<figure class=\"wp-block-image aligncenter size-full\"><img decoding=\"async\" width=\"800\" height=\"611\" src=\"https:\/\/led.amasly.com\/wp-content\/uploads\/2025\/07\/lighting-design-for-golf-courses.png\" alt=\"Golf Course Lighting\" class=\"wp-image-4173\" title=\"\" srcset=\"https:\/\/led.amasly.com\/wp-content\/uploads\/2025\/07\/lighting-design-for-golf-courses.png 800w, https:\/\/led.amasly.com\/wp-content\/uploads\/2025\/07\/lighting-design-for-golf-courses-300x229.png 300w, https:\/\/led.amasly.com\/wp-content\/uploads\/2025\/07\/lighting-design-for-golf-courses-768x587.png 768w, https:\/\/led.amasly.com\/wp-content\/uploads\/2025\/07\/lighting-design-for-golf-courses-16x12.png 16w\" sizes=\"(max-width: 800px) 100vw, 800px\" \/><\/figure>\n\n\n\n<p>&nbsp;Golfov\u00e1 h\u0159i\u0161t\u011b jsou v\u011bt\u0161\u00ed ne\u017e jin\u00e1 sportovi\u0161t\u011b, maj\u00ed mnoho plavebn\u00edch drah a rozmanit\u00fd ter\u00e9n, tak\u017ee n\u00e1vrh osv\u011btlen\u00ed na golfov\u00fdch h\u0159i\u0161t\u00edch je slo\u017eit\u011bj\u0161\u00ed. Osv\u011btlen\u00ed je v\u0161ak kl\u00ed\u010dem k zaji\u0161t\u011bn\u00ed skv\u011bl\u00e9ho z\u00e1\u017eitku z no\u010dn\u00ed hry. Proto byste si rozhodn\u011b m\u011bli p\u0159e\u010d\u00edst tento \u010dl\u00e1nek, abyste se dozv\u011bd\u011bli, jak dos\u00e1hnout nejlep\u0161\u00edho n\u00e1vrhu osv\u011btlen\u00ed pro va\u0161e golfov\u00e9 h\u0159i\u0161t\u011b!<\/p>\n\n\n\n<h2 class=\"wp-block-heading\"><strong>\u00a0Jak rozvrhnout osv\u011btlovac\u00ed ty\u010d pro golfov\u00e9 h\u0159i\u0161t\u011b Para<\/strong><\/h2>\n\n\n\n<p>&nbsp;Golfov\u00e9 h\u0159i\u0161t\u011b se skl\u00e1d\u00e1 ze t\u0159\u00ed hlavn\u00edch \u010d\u00e1st\u00ed: <strong>odpali\u0161t\u011b, fairwaye a greeny a ka\u017ed\u00e1 oblast m\u00e1 jin\u00e9 po\u017eadavky na osv\u011btlen\u00ed.<\/strong><\/p>\n\n\n\n<h3 class=\"wp-block-heading\"><strong>&nbsp;Tee<\/strong><strong><\/strong><\/h3>\n\n\n\n<p>&nbsp;Pr\u016fm\u011brn\u00e1 hodnota horizont\u00e1ln\u00edho osv\u011btlen\u00ed v oblasti hlavn\u00edho odpali\u0161t\u011b by m\u011bla b\u00fdt vy\u0161\u0161\u00ed ne\u017e 150 lux\u016f (Lx); Vertik\u00e1ln\u00ed osv\u011btlen\u00ed v rozsahu 30 metr\u016f v\u00fd\u0161ky odpali\u0161t\u011b: a. Za hlavn\u00edm odpali\u0161t\u011bm: vy\u0161\u0161\u00ed ne\u017e 100 lux\u016f (Lx); b. P\u0159ed odpali\u0161t\u011bm: vy\u0161\u0161\u00ed ne\u017e 300 lux\u016f (Lx); c. 200 metr\u016f p\u0159ed odpali\u0161t\u011bm: vy\u0161\u0161\u00ed ne\u017e 150 lux\u016f (Lx).<\/p>\n\n\n\n<h3 class=\"wp-block-heading\"><strong>&nbsp;Fairways<\/strong><strong><\/strong><\/h3>\n\n\n\n<p>Horizont\u00e1ln\u00ed a vertik\u00e1ln\u00ed osv\u011btlen\u00ed by m\u011blo b\u00fdt standardizov\u00e1no po cel\u00e9 d\u00e9lce plavebn\u00ed dr\u00e1hy, aby byly zaji\u0161t\u011bny optim\u00e1ln\u00ed sv\u011bteln\u00e9 podm\u00ednky v kopcovit\u00fdch oblastech. Po\u017eadovan\u00e1 pr\u016fm\u011brn\u00e1 horizont\u00e1ln\u00ed osv\u011btlenost by m\u011bla b\u00fdt vy\u0161\u0161\u00ed ne\u017e 120 lux\u016f (Lx) a pr\u016fm\u011brn\u00e1 vertik\u00e1ln\u00ed osv\u011btlenost by m\u011bla b\u00fdt vy\u0161\u0161\u00ed ne\u017e 50 lux\u016f (Lx).<\/p>\n\n\n\n<h3 class=\"wp-block-heading\"><strong>&nbsp;Zelen\u00ed<\/strong><strong><\/strong><\/h3>\n\n\n\n<p>&nbsp;Plocha greenu by m\u011bla b\u00fdt dostate\u010dn\u011b osv\u011btlena a m\u011bla by minimalizovat st\u00edny na t\u011ble hr\u00e1\u010de p\u0159i \u00faderech m\u00ed\u010de z v\u00edce sm\u011br\u016f. Pr\u016fm\u011brn\u00e9 horizont\u00e1ln\u00ed osv\u011btlen\u00ed v t\u00e9to oblasti by m\u011blo b\u00fdt vy\u0161\u0161\u00ed ne\u017e 250 lux\u016f (Lx).<\/p>\n\n\n\n<p><br>&nbsp;C\u00edlem designu osv\u011btlen\u00ed odpali\u0161t\u011b je poskytnout jasn\u00fd v\u00fdhled na m\u00ed\u010dek a konec hole jak lev\u00e1k\u016fm, tak prav\u00e1k\u016fm. Jako osv\u011btlovac\u00ed t\u011blesa se doporu\u010duj\u00ed \u0161iroce rozm\u00edst\u011bn\u00e9 reflektory, nejl\u00e9pe z obou sm\u011br\u016f. Tento typ osv\u011btlen\u00ed zabra\u0148uje dopad\u00e1n\u00ed st\u00edn\u016f ve sm\u011bru odpalu nebo na m\u00ed\u010d.<\/p>\n\n\n\n<p>&nbsp;Sloupy ve\u0159ejn\u00e9ho osv\u011btlen\u00ed by m\u011bly b\u00fdt obvykle um\u00edst\u011bny nejm\u00e9n\u011b 1,5 metru od zadn\u00ed hranice odpali\u0161t\u011b. U v\u011bt\u0161\u00edch odpali\u0161\u0165 je nutn\u00e9 zajistit osv\u011btlen\u00ed z v\u00edce ne\u017e jednoho sm\u011bru. V\u00fd\u0161ka sv\u011bteln\u00e9ho sto\u017e\u00e1ru by nem\u011bla b\u00fdt men\u0161\u00ed ne\u017e polovina celkov\u00e9 d\u00e9lky odpali\u0161t\u011b a m\u011bla by b\u00fdt alespo\u0148 9 metr\u016f nad odpali\u0161t\u011bm.<\/p>\n\n\n\n<figure class=\"wp-block-image aligncenter size-full\"><img decoding=\"async\" width=\"788\" height=\"438\" src=\"https:\/\/led.amasly.com\/wp-content\/uploads\/2025\/07\/Fairways-1.png\" alt=\"\" class=\"wp-image-4176\" title=\"\" srcset=\"https:\/\/led.amasly.com\/wp-content\/uploads\/2025\/07\/Fairways-1.png 788w, https:\/\/led.amasly.com\/wp-content\/uploads\/2025\/07\/Fairways-1-300x167.png 300w, https:\/\/led.amasly.com\/wp-content\/uploads\/2025\/07\/Fairways-1-768x427.png 768w, https:\/\/led.amasly.com\/wp-content\/uploads\/2025\/07\/Fairways-1-18x10.png 18w\" sizes=\"(max-width: 788px) 100vw, 788px\" \/><\/figure>\n\n\n\n<h4 class=\"wp-block-heading\"><strong>&nbsp;Fairways<\/strong><strong><\/strong><\/h4>\n\n\n\n<p><br>&nbsp;Pr\u016fm\u011brn\u00e1 \u0161\u00ed\u0159ka fairwaye je p\u0159ibli\u017en\u011b 41 metr\u016f, p\u0159i\u010dem\u017e p\u0159esn\u00e1 \u0161\u00ed\u0159ka se li\u0161\u00ed v z\u00e1vislosti na \u00farovni rekrea\u010dn\u00ed n\u00e1ro\u010dnosti. Obecn\u011b se \u0161\u00ed\u0159ka fairwaye m\u016f\u017ee pohybovat od 32 metr\u016f do 55 metr\u016f. Typick\u00e9 fairwaye se zak\u0159ivuj\u00ed ve v\u0161ech bodech po obvodu a jsou nej\u0161ir\u0161\u00ed v dropovac\u00ed z\u00f3n\u011b. Chcete-li dos\u00e1hnout dostate\u010dn\u00e9ho vertik\u00e1ln\u00edho osv\u011btlen\u00ed, zva\u017ete pou\u017eit\u00ed \u00fazce rozlo\u017een\u00fdch reflektor\u016f z obou stran jako sledovac\u00edho osv\u011btlen\u00ed. Referen\u010dn\u00ed hodnota pro vertik\u00e1ln\u00ed osv\u011btlen\u00ed se bere z roviny kolm\u00e9 na osu fairwaye ve v\u00fd\u0161ce p\u0159ibli\u017en\u011b 15 metr\u016f nad osou fairwaye a d\u00e9lce cel\u00e9 \u0161\u00ed\u0159ky fairwaye v tomto m\u00edst\u011b.<\/p>\n\n\n\n<p>&nbsp;Vertik\u00e1ln\u00ed osv\u011btlen\u00ed fairwaye by m\u011blo b\u00fdt dostate\u010dn\u00e9, aby hr\u00e1\u010d vid\u011bl celou trajektorii m\u00ed\u010de a\u017e do jeho dopadu na zem p\u0159i rychlosti a\u017e 100 kilometr\u016f za hodinu. Za t\u00edmto \u00fa\u010delem se po\u017eaduje, aby prvn\u00ed svisl\u00e1 rovina nebyla vzd\u00e1lena m\u00e9n\u011b ne\u017e 30 metr\u016f od sv\u011bteln\u00fdch sloup\u016f odpali\u0161t\u011b. Je vhodn\u011bj\u0161\u00ed um\u00edstit tato sv\u011btla do roh\u016f fairwaye nebo do dropovac\u00ed z\u00f3ny, \u010d\u00edm\u017e se sn\u00ed\u017e\u00ed po\u010det sv\u00edtidel. Minim\u00e1ln\u00ed mont\u00e1\u017en\u00ed v\u00fd\u0161ka sv\u00edtidla je 11 metr\u016f od jeho z\u00e1kladny. Sv\u011bteln\u00e9 sto\u017e\u00e1ry se obvykle um\u00eds\u0165uj\u00ed pod\u00e9l cest pro golfov\u00e9 voz\u00edky nebo na vyv\u00fd\u0161en\u00e9m m\u00edst\u011b, aby se minimalizoval vliv ter\u00e9nu.<\/p>\n\n\n\n<figure class=\"wp-block-image aligncenter size-full\"><img decoding=\"async\" width=\"792\" height=\"426\" src=\"https:\/\/led.amasly.com\/wp-content\/uploads\/2025\/07\/Greens.png\" alt=\"\" class=\"wp-image-4175\" title=\"\" srcset=\"https:\/\/led.amasly.com\/wp-content\/uploads\/2025\/07\/Greens.png 792w, https:\/\/led.amasly.com\/wp-content\/uploads\/2025\/07\/Greens-300x161.png 300w, https:\/\/led.amasly.com\/wp-content\/uploads\/2025\/07\/Greens-768x413.png 768w, https:\/\/led.amasly.com\/wp-content\/uploads\/2025\/07\/Greens-18x10.png 18w\" sizes=\"(max-width: 792px) 100vw, 792px\" \/><\/figure>\n\n\n\n<h4 class=\"wp-block-heading\"><strong>&nbsp;<\/strong><\/h4>\n\n\n\n<h4 class=\"wp-block-heading\"><strong>&nbsp;Zelen\u00ed<\/strong><strong><\/strong><\/h4>\n\n\n\n<p><br>&nbsp;Zelen\u00e9 plochy maj\u00ed velmi vysok\u00e9 po\u017eadavky na horizont\u00e1ln\u00ed osv\u011btlen\u00ed a pom\u011br maxim\u00e1ln\u00edho horizont\u00e1ln\u00edho osv\u011btlen\u00ed k minim\u00e1ln\u00edmu horizont\u00e1ln\u00edmu osv\u011btlen\u00ed by nem\u011bl b\u00fdt v\u011bt\u0161\u00ed ne\u017e 3:1. Na golfov\u00e9m h\u0159i\u0161ti mohou hr\u00e1\u010di odp\u00e1lit m\u00ed\u010dek jak\u00fdmkoli sm\u011brem k jamce, proto by m\u011blo b\u00fdt osv\u011btlen\u00ed zaji\u0161t\u011bno alespo\u0148 ze dvou sm\u011br\u016f, aby se minimalizovaly st\u00edny. Oblast instalace je zast\u00edn\u011bn\u00e1 plocha 40 stup\u0148\u016f p\u0159ed zelenou plochou. Maxim\u00e1ln\u00ed vzd\u00e1lenost mezi sv\u00edtidly je trojn\u00e1sobek v\u00fd\u0161ky sv\u011bteln\u00e9ho sto\u017e\u00e1ru.<\/p>\n\n\n\n<figure class=\"wp-block-image aligncenter size-full\"><img decoding=\"async\" width=\"795\" height=\"424\" src=\"https:\/\/led.amasly.com\/wp-content\/uploads\/2025\/07\/\u56fe\u72471.png\" alt=\"\" class=\"wp-image-4177\" title=\"\" srcset=\"https:\/\/led.amasly.com\/wp-content\/uploads\/2025\/07\/\u56fe\u72471.png 795w, https:\/\/led.amasly.com\/wp-content\/uploads\/2025\/07\/\u56fe\u72471-300x160.png 300w, https:\/\/led.amasly.com\/wp-content\/uploads\/2025\/07\/\u56fe\u72471-768x410.png 768w, https:\/\/led.amasly.com\/wp-content\/uploads\/2025\/07\/\u56fe\u72471-18x10.png 18w\" sizes=\"(max-width: 795px) 100vw, 795px\" \/><\/figure>\n\n\n\n<p><strong>&nbsp;Faktory, kter\u00e9 je t\u0159eba zv\u00e1\u017eit pro optim\u00e1ln\u00ed n\u00e1vrh osv\u011btlen\u00ed na golfov\u00e9m h\u0159i\u0161ti<\/strong><strong><br><\/strong><strong><br><\/strong><strong>&nbsp;&nbsp;&nbsp;&nbsp;<\/strong><strong>&nbsp;Sn\u00ed\u017een\u00ed osln\u011bn\u00ed: V \u00favahu p\u0159ich\u00e1zej\u00ed \u010dty\u0159i typy osln\u011bn\u00ed: p\u0159\u00edm\u00e9 osln\u011bn\u00ed, odra\u017een\u00e9 osln\u011bn\u00ed, kontrastn\u00ed sv\u011btl\u00e9 a tmav\u00e9 osln\u011bn\u00ed a osln\u011bn\u00ed zp\u016fsoben\u00e9 zrakov\u00fdm nepohodl\u00edm.<\/strong>&nbsp;V p\u0159\u00edpad\u011b p\u0159ilehl\u00fdch plavebn\u00edch drah pravd\u011bpodobn\u011b dojde k p\u0159\u00edm\u00e9mu osln\u011bn\u00ed. Osln\u011bn\u00ed lze minimalizovat zv\u00fd\u0161en\u00edm v\u00fd\u0161ky zdroje osln\u011bn\u00ed, kdy\u017e je hr\u00e1\u010d golfu v ur\u010dit\u00e9 vzd\u00e1lenosti od zdroje sv\u011btla. Zku\u0161enosti uk\u00e1zaly, \u017ee osln\u011bn\u00ed lze \u00fa\u010dinn\u011bji regulovat, kdy\u017e v\u00fd\u0161ka zdroje sv\u011btla p\u0159es\u00e1hne 11 metr\u016f.<\/p>\n\n\n\n<p><strong>&nbsp;Vyberte si sv\u011bteln\u00fd zdroj s vysokou teplotou barev a vysok\u00fdm indexem pod\u00e1n\u00ed barev (CRI).<\/strong>&nbsp;Pou\u017eit\u00edm zdroje sv\u011btla s barevnou teplotou 5500 K nebo vy\u0161\u0161\u00ed a indexem pod\u00e1n\u00ed barev vy\u0161\u0161\u00edm ne\u017e 90 lze obnovit p\u016fvodn\u00ed barvu p\u0159edm\u011bt\u016f, jako jsou tr\u00e1vn\u00edky a m\u00ed\u010de.<\/p>\n\n\n\n<p><strong>&nbsp;V\u00fdb\u011br p\u00f3lu: <\/strong>Mezi b\u011b\u017en\u00e9 typy sloup\u016f pat\u0159\u00ed pevn\u00e9, v\u00fdklopn\u00e9, pneumatick\u00e9 a hydraulick\u00e9. Krom\u011b zohledn\u011bn\u00ed rozpo\u010dtu vyb\u00edrejte takov\u00fd sto\u017e\u00e1r sv\u011btla, kter\u00fd co nejm\u00e9n\u011b po\u0161kozuje p\u0159\u00edrodn\u00ed kr\u00e1sy golfov\u00e9ho h\u0159i\u0161t\u011b.<\/p>\n\n\n\n<figure class=\"wp-block-image aligncenter size-full\"><img decoding=\"async\" width=\"1024\" height=\"610\" src=\"https:\/\/led.amasly.com\/wp-content\/uploads\/2025\/07\/golf-course-lighting-pole.png\" alt=\"\" class=\"wp-image-4178\" title=\"\" srcset=\"https:\/\/led.amasly.com\/wp-content\/uploads\/2025\/07\/golf-course-lighting-pole.png 1024w, https:\/\/led.amasly.com\/wp-content\/uploads\/2025\/07\/golf-course-lighting-pole-300x179.png 300w, https:\/\/led.amasly.com\/wp-content\/uploads\/2025\/07\/golf-course-lighting-pole-768x458.png 768w, https:\/\/led.amasly.com\/wp-content\/uploads\/2025\/07\/golf-course-lighting-pole-18x12.png 18w\" sizes=\"(max-width: 1024px) 100vw, 1024px\" \/><\/figure>\n\n\n\n<p class=\"has-text-align-left\">&nbsp;P\u0159esto\u017ee jsou golfov\u00e1 h\u0159i\u0161t\u011b v\u011bt\u0161\u00ed a slo\u017eit\u011bj\u0161\u00ed ne\u017e jin\u00e1 h\u0159i\u0161t\u011b, pochopen\u00ed t\u011bchto krit\u00e9ri\u00ed v\u00e1m m\u016f\u017ee pomoci u\u010dinit prvn\u00ed kroky p\u0159i n\u00e1vrhu osv\u011btlen\u00ed golfov\u00e9ho h\u0159i\u0161t\u011b. Pot\u00e9 m\u016f\u017eete s p\u0159ihl\u00e9dnut\u00edm k charakteristik\u00e1m golfov\u00e9 hry a r\u016fzn\u00fdm ter\u00e9n\u016fm navrhnout osv\u011btlen\u00ed odpali\u0161t\u011b (TEE), fairwaye (FAIRWAY), greenu (GREEN) a dal\u0161\u00edch ploch.<\/p>\n\n\n\n<p class=\"has-text-align-left\">Standardn\u00ed: <a href=\"http:\/\/www.iec.com\" rel=\"nofollow noopener\" target=\"_blank\">IEC60598<\/a><\/p>\n\n\n\n<div class=\"wp-block-uagb-container uagb-block-c7d898dd alignfull uagb-is-root-container\"><div class=\"uagb-container-inner-blocks-wrap\"><\/div><\/div>\n\n\n\n<h2 class=\"wp-block-heading\">Souvisej\u00edc\u00ed produkty<\/h2>\n\n\n\n<div class=\"wp-block-uagb-container uagb-block-66e4defc alignfull uagb-is-root-container\"><div class=\"uagb-container-inner-blocks-wrap\">\n<div class=\"wp-block-uagb-container uagb-block-a42945f9\">\n<div class=\"wp-block-uagb-image uagb-block-7296296b wp-block-uagb-image--layout-default wp-block-uagb-image--effect-static wp-block-uagb-image--align-none\"><figure class=\"wp-block-uagb-image__figure\"><a class=\"\" href=\"https:\/\/led.amasly.com\/cs\/products\/\" target=\"\" rel=\"noopener\"><img decoding=\"async\" srcset=\"https:\/\/led.amasly.com\/wp-content\/uploads\/2024\/09\/Explosion-proof-high-bay-lights.png ,https:\/\/led.amasly.com\/wp-content\/uploads\/2024\/09\/Explosion-proof-high-bay-lights.png 780w, https:\/\/led.amasly.com\/wp-content\/uploads\/2024\/09\/Explosion-proof-high-bay-lights.png 360w\" sizes=\"auto, (max-width: 480px) 150px\" src=\"https:\/\/led.amasly.com\/wp-content\/uploads\/2024\/09\/Explosion-proof-high-bay-lights.png\" alt=\"\" class=\"uag-image-1495\" width=\"300\" height=\"300\" title=\"Nev\u00fdbu\u0161n\u00e1 sv\u00edtidla s vysokou odolnost\u00ed proti v\u00fdbuchu\" loading=\"lazy\" role=\"img\"><\/a><\/figure><\/div>\n<\/div>\n\n\n\n<div class=\"wp-block-uagb-container uagb-block-4d3efde5\">\n<div class=\"wp-block-uagb-image uagb-block-c9e90797 wp-block-uagb-image--layout-default wp-block-uagb-image--effect-static wp-block-uagb-image--align-none\"><figure class=\"wp-block-uagb-image__figure\"><a class=\"\" href=\"https:\/\/led.amasly.com\/cs\/products\/\" target=\"\" rel=\"noopener\"><img decoding=\"async\" srcset=\"https:\/\/led.amasly.com\/wp-content\/uploads\/2024\/07\/LED-tri-proof-lights2.png ,https:\/\/led.amasly.com\/wp-content\/uploads\/2024\/07\/LED-tri-proof-lights2.png 780w, https:\/\/led.amasly.com\/wp-content\/uploads\/2024\/07\/LED-tri-proof-lights2.png 360w\" sizes=\"auto, (max-width: 480px) 150px\" src=\"https:\/\/led.amasly.com\/wp-content\/uploads\/2024\/07\/LED-tri-proof-lights2.png\" alt=\"\" class=\"uag-image-1132\" width=\"300\" height=\"300\" title=\"LED-tri-proof-sv\u011btla2\" loading=\"lazy\" role=\"img\"><\/a><\/figure><\/div>\n<\/div>\n\n\n\n<div class=\"wp-block-uagb-container uagb-block-11c2578b\">\n<div class=\"wp-block-uagb-image uagb-block-6e8883aa wp-block-uagb-image--layout-default wp-block-uagb-image--effect-static wp-block-uagb-image--align-none\"><figure class=\"wp-block-uagb-image__figure\"><a class=\"\" href=\"https:\/\/led.amasly.com\/cs\/products\/\" target=\"\" rel=\"noopener\"><img decoding=\"async\" srcset=\"https:\/\/led.amasly.com\/wp-content\/uploads\/2024\/09\/LED-Explosion-Proof-Gas-Station-Light.png ,https:\/\/led.amasly.com\/wp-content\/uploads\/2024\/09\/LED-Explosion-Proof-Gas-Station-Light.png 780w, https:\/\/led.amasly.com\/wp-content\/uploads\/2024\/09\/LED-Explosion-Proof-Gas-Station-Light.png 360w\" sizes=\"auto, (max-width: 480px) 150px\" src=\"https:\/\/led.amasly.com\/wp-content\/uploads\/2024\/09\/LED-Explosion-Proof-Gas-Station-Light.png\" alt=\"\" class=\"uag-image-1501\" width=\"300\" height=\"300\" title=\"LED sv\u011btlo pro \u010derpac\u00ed stanice s ochranou proti v\u00fdbuchu\" loading=\"lazy\" role=\"img\"><\/a><\/figure><\/div>\n<\/div>\n<\/div><\/div>\n\n\n\n<div class=\"wp-block-uagb-container uagb-block-548945b5 alignfull uagb-is-root-container\"><div class=\"uagb-container-inner-blocks-wrap\">\n<div class=\"wp-block-uagb-container uagb-block-967755d5\">\n<h4 class=\"wp-block-heading has-text-align-center\"><a href=\"https:\/\/led.amasly.com\/cs\/products\/\">Sv\u011btla LED odoln\u00e1 proti v\u00fdbuchu<\/a><\/h4>\n<\/div>\n\n\n\n<div class=\"wp-block-uagb-container uagb-block-9bc52fc2\">\n<h4 class=\"wp-block-heading has-text-align-center\"><a href=\"https:\/\/led.amasly.com\/cs\/products\/\">Trojit\u00e1 ochrann\u00e1 sv\u011btla LED<\/a><\/h4>\n<\/div>\n\n\n\n<div class=\"wp-block-uagb-container uagb-block-8ffa0a23\">\n<h4 class=\"wp-block-heading has-text-align-center\"><a href=\"https:\/\/led.amasly.com\/cs\/products\/\">Sv\u011btla \u010derpac\u00edch stanic odoln\u00e1 proti v\u00fdbuchu<\/a><\/h4>\n<\/div>\n<\/div><\/div>\n\n\n\n<div class=\"wp-block-uagb-container uagb-block-29499fe0 alignfull uagb-is-root-container\"><div class=\"uagb-container-inner-blocks-wrap\">\n<div class=\"wp-block-uagb-container uagb-block-777ee1c7\">\n<div class=\"wp-block-uagb-image uagb-block-2e9a1851 wp-block-uagb-image--layout-default wp-block-uagb-image--effect-static wp-block-uagb-image--align-none\"><figure class=\"wp-block-uagb-image__figure\"><a class=\"\" href=\"https:\/\/led.amasly.com\/cs\/products\/\" target=\"\" rel=\"noopener\"><img decoding=\"async\" srcset=\"https:\/\/led.amasly.com\/wp-content\/uploads\/2024\/10\/50W-100W-150W-200W-300W-LED-Flood-Light.jpg ,https:\/\/led.amasly.com\/wp-content\/uploads\/2024\/10\/50W-100W-150W-200W-300W-LED-Flood-Light.jpg 780w, https:\/\/led.amasly.com\/wp-content\/uploads\/2024\/10\/50W-100W-150W-200W-300W-LED-Flood-Light.jpg 360w\" sizes=\"auto, (max-width: 480px) 150px\" src=\"https:\/\/led.amasly.com\/wp-content\/uploads\/2024\/10\/50W-100W-150W-200W-300W-LED-Flood-Light.jpg\" alt=\"\" class=\"uag-image-1526\" width=\"300\" height=\"300\" title=\"50W 100W 150W 200W 300W LED z\u00e1plavov\u00e9 sv\u011btlo\" loading=\"lazy\" role=\"img\"><\/a><\/figure><\/div>\n<\/div>\n\n\n\n<div class=\"wp-block-uagb-container uagb-block-af8c8683\">\n<div class=\"wp-block-uagb-image uagb-block-67947854 wp-block-uagb-image--layout-default wp-block-uagb-image--effect-static wp-block-uagb-image--align-none\"><figure class=\"wp-block-uagb-image__figure\"><a class=\"\" href=\"https:\/\/led.amasly.com\/cs\/products\/\" target=\"\" rel=\"noopener\"><img decoding=\"async\" srcset=\"https:\/\/led.amasly.com\/wp-content\/uploads\/2024\/07\/led-tri-proof-light.png ,https:\/\/led.amasly.com\/wp-content\/uploads\/2024\/07\/led-tri-proof-light.png 780w, https:\/\/led.amasly.com\/wp-content\/uploads\/2024\/07\/led-tri-proof-light.png 360w\" sizes=\"auto, (max-width: 480px) 150px\" src=\"https:\/\/led.amasly.com\/wp-content\/uploads\/2024\/07\/led-tri-proof-light.png\" alt=\"\" class=\"uag-image-1130\" width=\"300\" height=\"300\" title=\"led-tri-proof-light\" loading=\"lazy\" role=\"img\"><\/a><\/figure><\/div>\n<\/div>\n\n\n\n<div class=\"wp-block-uagb-container uagb-block-0fdfdd58\">\n<div class=\"wp-block-uagb-image uagb-block-1187d32d wp-block-uagb-image--layout-default wp-block-uagb-image--effect-static wp-block-uagb-image--align-none\"><figure class=\"wp-block-uagb-image__figure\"><a class=\"\" href=\"https:\/\/led.amasly.com\/cs\/products\/\" target=\"\" rel=\"noopener\"><img decoding=\"async\" srcset=\"https:\/\/led.amasly.com\/wp-content\/uploads\/2024\/07\/LED-street-light.jpg ,https:\/\/led.amasly.com\/wp-content\/uploads\/2024\/07\/LED-street-light.jpg 780w, https:\/\/led.amasly.com\/wp-content\/uploads\/2024\/07\/LED-street-light.jpg 360w\" sizes=\"auto, (max-width: 480px) 150px\" src=\"https:\/\/led.amasly.com\/wp-content\/uploads\/2024\/07\/LED-street-light.jpg\" alt=\"\" class=\"uag-image-1145\" width=\"300\" height=\"300\" title=\"Uli\u010dn\u00ed osv\u011btlen\u00ed LED\" loading=\"lazy\" role=\"img\"><\/a><\/figure><\/div>\n<\/div>\n<\/div><\/div>\n\n\n\n<div class=\"wp-block-uagb-container uagb-block-6a60882c alignfull uagb-is-root-container\"><div class=\"uagb-container-inner-blocks-wrap\">\n<div class=\"wp-block-uagb-container uagb-block-f1e91a35\">\n<h4 class=\"wp-block-heading has-text-align-center\"><a href=\"https:\/\/led.amasly.com\/cs\/products\/\">LED sv\u011btla pro zaplaven\u00ed<\/a><\/h4>\n<\/div>\n\n\n\n<div class=\"wp-block-uagb-container uagb-block-165bfa58\">\n<h4 class=\"wp-block-heading has-text-align-center\"><a href=\"https:\/\/led.amasly.com\/cs\/products\/\">LED Tri-Proof Tube Lights<\/a><\/h4>\n<\/div>\n\n\n\n<div class=\"wp-block-uagb-container uagb-block-f6096e3b\">\n<h4 class=\"wp-block-heading has-text-align-center\"><a href=\"https:\/\/led.amasly.com\/cs\/products\/\">Pouli\u010dn\u00ed osv\u011btlen\u00ed LED<\/a><\/h4>\n<\/div>\n<\/div><\/div>\n\n\n\n<div class=\"wp-block-uagb-container uagb-block-99c0e0a5 alignfull uagb-is-root-container\"><div class=\"uagb-container-inner-blocks-wrap\"><\/div><\/div>\n\n\n\n<p><\/p>","protected":false},"excerpt":{"rendered":"<p>Learn how to achieve optimal design for golf course lighting &nbsp;Golf courses are larger than other sports venues, with many fairways and varied terrain, making lighting design on golf courses more complex. However, lighting is key to ensuring that players have a great nighttime playing experience. Therefore, you should definitely read this article to learn [&hellip;]<\/p>\n","protected":false},"author":1,"featured_media":0,"parent":4122,"menu_order":0,"comment_status":"closed","ping_status":"closed","template":"","meta":{"_uag_custom_page_level_css":"","site-sidebar-layout":"no-sidebar","site-content-layout":"","ast-site-content-layout":"default","site-content-style":"default","site-sidebar-style":"default","ast-global-header-display":"","ast-banner-title-visibility":"","ast-main-header-display":"","ast-hfb-above-header-display":"","ast-hfb-below-header-display":"","ast-hfb-mobile-header-display":"","site-post-title":"disabled","ast-breadcrumbs-content":"","ast-featured-img":"","footer-sml-layout":"","ast-disable-related-posts":"","theme-transparent-header-meta":"enabled","adv-header-id-meta":"","stick-header-meta":"","header-above-stick-meta":"","header-main-stick-meta":"","header-below-stick-meta":"","astra-migrate-meta-layouts":"set","ast-page-background-enabled":"default","ast-page-background-meta":{"desktop":{"background-color":"var(--ast-global-color-4)","background-image":"","background-repeat":"repeat","background-position":"center center","background-size":"auto","background-attachment":"scroll","background-type":"","background-media":"","overlay-type":"","overlay-color":"","overlay-opacity":"","overlay-gradient":""},"tablet":{"background-color":"","background-image":"","background-repeat":"repeat","background-position":"center center","background-size":"auto","background-attachment":"scroll","background-type":"","background-media":"","overlay-type":"","overlay-color":"","overlay-opacity":"","overlay-gradient":""},"mobile":{"background-color":"","background-image":"","background-repeat":"repeat","background-position":"center center","background-size":"auto","background-attachment":"scroll","background-type":"","background-media":"","overlay-type":"","overlay-color":"","overlay-opacity":"","overlay-gradient":""}},"ast-content-background-meta":{"desktop":{"background-color":"var(--ast-global-color-5)","background-image":"","background-repeat":"repeat","background-position":"center center","background-size":"auto","background-attachment":"scroll","background-type":"","background-media":"","overlay-type":"","overlay-color":"","overlay-opacity":"","overlay-gradient":""},"tablet":{"background-color":"var(--ast-global-color-5)","background-image":"","background-repeat":"repeat","background-position":"center center","background-size":"auto","background-attachment":"scroll","background-type":"","background-media":"","overlay-type":"","overlay-color":"","overlay-opacity":"","overlay-gradient":""},"mobile":{"background-color":"var(--ast-global-color-5)","background-image":"","background-repeat":"repeat","background-position":"center center","background-size":"auto","background-attachment":"scroll","background-type":"","background-media":"","overlay-type":"","overlay-color":"","overlay-opacity":"","overlay-gradient":""}},"footnotes":""},"class_list":["post-4171","page","type-page","status-publish","hentry"],"uagb_featured_image_src":{"full":false,"thumbnail":false,"medium":false,"medium_large":false,"large":false,"1536x1536":false,"2048x2048":false,"trp-custom-language-flag":false},"uagb_author_info":{"display_name":"Joe","author_link":"https:\/\/led.amasly.com\/cs\/author\/jacklin\/"},"uagb_comment_info":0,"uagb_excerpt":"Learn how to achieve optimal design for golf course lighting &nbsp;Golf courses are larger than other sports venues, with many fairways and varied terrain, making lighting design on golf courses more complex. However, lighting is key to ensuring that players have a great nighttime playing experience. Therefore, you should definitely read this article to learn&hellip;","_links":{"self":[{"href":"https:\/\/led.amasly.com\/cs\/wp-json\/wp\/v2\/pages\/4171","targetHints":{"allow":["GET"]}}],"collection":[{"href":"https:\/\/led.amasly.com\/cs\/wp-json\/wp\/v2\/pages"}],"about":[{"href":"https:\/\/led.amasly.com\/cs\/wp-json\/wp\/v2\/types\/page"}],"author":[{"embeddable":true,"href":"https:\/\/led.amasly.com\/cs\/wp-json\/wp\/v2\/users\/1"}],"replies":[{"embeddable":true,"href":"https:\/\/led.amasly.com\/cs\/wp-json\/wp\/v2\/comments?post=4171"}],"version-history":[{"count":3,"href":"https:\/\/led.amasly.com\/cs\/wp-json\/wp\/v2\/pages\/4171\/revisions"}],"predecessor-version":[{"id":4713,"href":"https:\/\/led.amasly.com\/cs\/wp-json\/wp\/v2\/pages\/4171\/revisions\/4713"}],"up":[{"embeddable":true,"href":"https:\/\/led.amasly.com\/cs\/wp-json\/wp\/v2\/pages\/4122"}],"wp:attachment":[{"href":"https:\/\/led.amasly.com\/cs\/wp-json\/wp\/v2\/media?parent=4171"}],"curies":[{"name":"wp","href":"https:\/\/api.w.org\/{rel}","templated":true}]}}