{"id":4155,"date":"2025-07-21T21:11:16","date_gmt":"2025-07-21T13:11:16","guid":{"rendered":"https:\/\/led.amasly.com\/?page_id=4155"},"modified":"2026-01-24T20:11:22","modified_gmt":"2026-01-24T12:11:22","slug":"basketball-court-lighting-configuration-guide","status":"publish","type":"page","link":"https:\/\/led.amasly.com\/cs\/knowledge\/outdoor-light-knowledge\/basketball-court-lighting-configuration-guide\/","title":{"rendered":"Pr\u016fvodce konfigurac\u00ed osv\u011btlen\u00ed basketbalov\u00e9ho h\u0159i\u0161t\u011b"},"content":{"rendered":"<div class=\"wp-block-uagb-container uagb-block-27bae773 alignfull uagb-is-root-container\"><div class=\"uagb-container-inner-blocks-wrap\"><\/div><\/div>\n\n\n\n<h1 class=\"wp-block-heading has-text-align-center\"><strong>Pr\u016fvodce konfigurac\u00ed osv\u011btlen\u00ed basketbalov\u00e9ho h\u0159i\u0161t\u011b<\/strong><strong><\/strong><\/h1>\n\n\n\n<h2 class=\"wp-block-heading\"><strong>Venkovn\u00ed osv\u011btlen\u00ed basketbalov\u00e9ho h\u0159i\u0161t\u011b <strong>Pr\u016fvodce konfigurac\u00ed<\/strong><\/strong><\/h2>\n\n\n\n<p>P\u0159i v\u00fdb\u011bru osv\u011btlen\u00ed pro venkovn\u00ed basketbalov\u00e9 h\u0159i\u0161t\u011b je t\u0159eba vz\u00edt v \u00favahu n\u00e1sleduj\u00edc\u00ed kl\u00ed\u010dov\u00e9 faktory:<\/p>\n\n\n\n<h2 class=\"wp-block-heading\"><strong>1. <strong>Pr\u016fvodce konfigurac\u00ed osv\u011btlen\u00ed basketbalov\u00e9ho h\u0159i\u0161t\u011b<\/strong><\/strong> <strong>Jednotnost:<\/strong><\/h2>\n\n\n\n<p>Rovnom\u011brn\u00e9 osv\u011btlen\u00ed zabra\u0148uje vzniku p\u0159\u00edli\u0161 sv\u011btl\u00fdch nebo tmav\u00fdch m\u00edst a zaji\u0161\u0165uje p\u0159\u00edjemn\u00e9 vizu\u00e1ln\u00ed prost\u0159ed\u00ed. Zvolte vhodn\u00e1 sv\u00edtidla a konstruk\u010dn\u00ed \u0159e\u0161en\u00ed, abyste zajistili rovnom\u011brn\u00e9 rozlo\u017een\u00ed osv\u011btlen\u00ed na basketbalov\u00e9m h\u0159i\u0161ti.<\/p>\n\n\n\n<figure class=\"wp-block-image aligncenter size-large\"><img decoding=\"async\" width=\"1024\" height=\"576\" src=\"https:\/\/led.amasly.com\/wp-content\/uploads\/2025\/07\/Basketball-Court-Lighting-1-1024x576.png\" alt=\"\" class=\"wp-image-4189\" title=\"\" srcset=\"https:\/\/led.amasly.com\/wp-content\/uploads\/2025\/07\/Basketball-Court-Lighting-1-1024x576.png 1024w, https:\/\/led.amasly.com\/wp-content\/uploads\/2025\/07\/Basketball-Court-Lighting-1-300x169.png 300w, https:\/\/led.amasly.com\/wp-content\/uploads\/2025\/07\/Basketball-Court-Lighting-1-768x432.png 768w, https:\/\/led.amasly.com\/wp-content\/uploads\/2025\/07\/Basketball-Court-Lighting-1-18x10.png 18w, https:\/\/led.amasly.com\/wp-content\/uploads\/2025\/07\/Basketball-Court-Lighting-1.png 1080w\" sizes=\"(max-width: 1024px) 100vw, 1024px\" \/><\/figure>\n\n\n\n<h2 class=\"wp-block-heading\"><strong>2. <strong>Pr\u016fvodce konfigurac\u00ed osv\u011btlen\u00ed basketbalov\u00e9ho h\u0159i\u0161t\u011b<\/strong><\/strong> <strong>Osv\u011btlen\u00ed:<\/strong><\/h2>\n\n\n\n<p>Osv\u011btlenost je kl\u00ed\u010dov\u00fdm ukazatelem kvality osv\u011btlen\u00ed a vyjad\u0159uje mno\u017estv\u00ed sv\u011btla na jednotku plochy. Osv\u011btlenost basketbalov\u00e9ho h\u0159i\u0161t\u011b by m\u011bla b\u00fdt dostate\u010dn\u011b vysok\u00e1, aby sportovci dob\u0159e vid\u011bli ka\u017ed\u00fd detail na h\u0159i\u0161ti a z\u00e1rove\u0148 byla zaji\u0161t\u011bna dobr\u00e1 viditelnost pro div\u00e1ky a kamery.<\/p>\n\n\n\n<figure class=\"wp-block-image aligncenter size-large\"><img decoding=\"async\" width=\"1024\" height=\"708\" src=\"https:\/\/led.amasly.com\/wp-content\/uploads\/2025\/07\/basketball-court-1024x708.jpg\" alt=\"Basketball Court Lighting Configuration Guide\" class=\"wp-image-4190\" title=\"\" srcset=\"https:\/\/led.amasly.com\/wp-content\/uploads\/2025\/07\/basketball-court-1024x708.jpg 1024w, https:\/\/led.amasly.com\/wp-content\/uploads\/2025\/07\/basketball-court-300x208.jpg 300w, https:\/\/led.amasly.com\/wp-content\/uploads\/2025\/07\/basketball-court-768x531.jpg 768w, https:\/\/led.amasly.com\/wp-content\/uploads\/2025\/07\/basketball-court-18x12.jpg 18w, https:\/\/led.amasly.com\/wp-content\/uploads\/2025\/07\/basketball-court.jpg 1080w\" sizes=\"(max-width: 1024px) 100vw, 1024px\" \/><\/figure>\n\n\n\n<h2 class=\"wp-block-heading\"><strong>3. <strong>Pr\u016fvodce konfigurac\u00ed osv\u011btlen\u00ed basketbalov\u00e9ho h\u0159i\u0161t\u011b<\/strong><\/strong> <strong>Kontrola osln\u011bn\u00ed:<\/strong><\/h2>\n\n\n\n<p>Kontrola osln\u011bn\u00ed: Osln\u011bn\u00ed m\u016f\u017ee zhor\u0161it zrakov\u00fd komfort sportovc\u016f a kvalitu hry. Vyberte vhodn\u00e1 sv\u00edtidla a m\u00edsta instalace tak, abyste omezili p\u0159\u00edm\u00e9 osln\u011bn\u00ed a zajistili m\u011bkk\u00e9 a neosl\u0148uj\u00edc\u00ed sv\u011btlo.<\/p>\n\n\n\n<figure class=\"wp-block-image aligncenter size-large\"><img decoding=\"async\" width=\"1024\" height=\"705\" src=\"https:\/\/led.amasly.com\/wp-content\/uploads\/2025\/07\/basketball-court-light-1024x705.jpg\" alt=\"\" class=\"wp-image-4191\" title=\"\" srcset=\"https:\/\/led.amasly.com\/wp-content\/uploads\/2025\/07\/basketball-court-light-1024x705.jpg 1024w, https:\/\/led.amasly.com\/wp-content\/uploads\/2025\/07\/basketball-court-light-300x207.jpg 300w, https:\/\/led.amasly.com\/wp-content\/uploads\/2025\/07\/basketball-court-light-768x529.jpg 768w, https:\/\/led.amasly.com\/wp-content\/uploads\/2025\/07\/basketball-court-light-18x12.jpg 18w, https:\/\/led.amasly.com\/wp-content\/uploads\/2025\/07\/basketball-court-light.jpg 1080w\" sizes=\"(max-width: 1024px) 100vw, 1024px\" \/><\/figure>\n\n\n\n<p>Kontrola osln\u011bn\u00ed:<\/p>\n\n\n\n<p>Osln\u011bn\u00ed m\u016f\u017ee ovlivnit zrakov\u00fd komfort sportovc\u016f a kvalitu hry. Zvolte vhodn\u00e1 sv\u00edtidla a m\u00edsta instalace tak, abyste omezili p\u0159\u00edm\u00e9 osln\u011bn\u00ed a zajistili m\u011bkk\u00e9 a neosl\u0148uj\u00edc\u00ed sv\u011btlo.<\/p>\n\n\n\n<figure class=\"wp-block-image aligncenter size-full\"><img decoding=\"async\" width=\"775\" height=\"814\" src=\"https:\/\/led.amasly.com\/wp-content\/uploads\/2025\/07\/basketball-court-light-pole.jpg\" alt=\"\" class=\"wp-image-4192\" title=\"\" srcset=\"https:\/\/led.amasly.com\/wp-content\/uploads\/2025\/07\/basketball-court-light-pole.jpg 775w, https:\/\/led.amasly.com\/wp-content\/uploads\/2025\/07\/basketball-court-light-pole-286x300.jpg 286w, https:\/\/led.amasly.com\/wp-content\/uploads\/2025\/07\/basketball-court-light-pole-768x807.jpg 768w, https:\/\/led.amasly.com\/wp-content\/uploads\/2025\/07\/basketball-court-light-pole-11x12.jpg 11w\" sizes=\"(max-width: 775px) 100vw, 775px\" \/><\/figure>\n\n\n\n<h2 class=\"wp-block-heading\"><strong>4. <strong>Pr\u016fvodce konfigurac\u00ed osv\u011btlen\u00ed basketbalov\u00e9ho h\u0159i\u0161t\u011b<\/strong><\/strong> <strong>Instala\u010dn\u00ed v\u00fd\u0161ka:<\/strong><\/h2>\n\n\n\n<p>V\u00fd\u0161ka instalace sv\u00edtidel by se m\u011bla pohybovat mezi 6 a 8 metry, aby osv\u011btlen\u00ed pokrylo cel\u00e9 basketbalov\u00e9 h\u0159i\u0161t\u011b a zajistilo rovnom\u011brn\u00e9 rozlo\u017een\u00ed sv\u011btla.<\/p>\n\n\n\n<h2 class=\"wp-block-heading\"><strong>Pr\u016fvodce konfigurac\u00ed osv\u011btlen\u00ed basketbalov\u00e9ho h\u0159i\u0161t\u011b<\/strong> <strong>Souhrn<\/strong><\/h2>\n\n\n\n<p class=\"has-text-align-left\">P\u0159i v\u00fdb\u011bru konkr\u00e9tn\u00edch osv\u011btlovac\u00edch produkt\u016f zva\u017ete zn\u00e1m\u00e9 zna\u010dky sportovn\u00edho osv\u011btlen\u00ed na trhu. Spole\u010dnost Amasly Sports Lighting nab\u00edz\u00ed profesion\u00e1ln\u00ed \u0159e\u0161en\u00ed osv\u011btlen\u00ed a poskytuje n\u00e1vrhy a slu\u017eby na m\u00edru specifick\u00fdm pot\u0159eb\u00e1m r\u016fzn\u00fdch basketbalov\u00fdch h\u0159i\u0161\u0165.<\/p>\n\n\n\n<div class=\"wp-block-uagb-container uagb-block-c7d898dd alignfull uagb-is-root-container\"><div class=\"uagb-container-inner-blocks-wrap\"><\/div><\/div>\n\n\n\n<h2 class=\"wp-block-heading\"><strong>Nej\u010dast\u011bj\u0161\u00ed dotazy t\u00fdkaj\u00edc\u00ed se Amasly Light<\/strong><\/h2>\n\n\n\n<p><strong>Q1.Can m\u00e1m vzorovou objedn\u00e1vku pro led sv\u011btla?<\/strong><strong><\/strong><\/p>\n\n\n\n<p>Odpov\u011b\u010f: Ano, v\u00edt\u00e1me objedn\u00e1vku vzorku pro testov\u00e1n\u00ed a kontrolu kvality. Sm\u00ed\u0161en\u00e9 vzorky jsou p\u0159ijateln\u00e9.<\/p>\n\n\n\n<p><strong>Q2.Jak je to s dodac\u00ed lh\u016ftou?<\/strong><strong><\/strong><\/p>\n\n\n\n<p>Odpov\u011b\u010f: Vzorek pot\u0159ebuje 3-5 dn\u00ed, doba hromadn\u00e9 v\u00fdroby pot\u0159ebuje 1-2 t\u00fddny.<\/p>\n\n\n\n<p><strong>Q3.Do m\u00e1te n\u011bjak\u00fd limit MOQ pro led sv\u011btla objedn\u00e1vky?<\/strong><strong><\/strong><\/p>\n\n\n\n<p>A: N\u00edzk\u00fd MOQ 1pc pro kontrolu vzorku je k dispozici.<\/p>\n\n\n\n<p><strong>Q4. Jak zbo\u017e\u00ed zas\u00edl\u00e1te a za jak dlouho doraz\u00ed?<\/strong><strong><\/strong><\/p>\n\n\n\n<p>Odpov\u011b\u010f: Obvykle zas\u00edl\u00e1me <a href=\"https:\/\/www.dhl.com\" rel=\"nofollow noopener\" target=\"_blank\">DHL<\/a>, UPS, FedEx nebo TNT. Obvykle trv\u00e1 3-5 dn\u00ed, ne\u017e doraz\u00ed. Leteck\u00e1 linka a n\u00e1mo\u0159n\u00ed doprava jsou tak\u00e9 voliteln\u00e9.<\/p>\n\n\n\n<p><strong>Q5. Jak postupovat p\u0159i objedn\u00e1vce led sv\u011btla ?<\/strong><strong><\/strong><\/p>\n\n\n\n<p>A:<\/p>\n\n\n\n<p>Nejprve n\u00e1m sd\u011blte sv\u00e9 po\u017eadavky nebo \u017e\u00e1dost.<\/p>\n\n\n\n<p>Za druh\u00e9, cenovou nab\u00eddku vypracujeme podle va\u0161ich po\u017eadavk\u016f nebo na\u0161ich n\u00e1vrh\u016f.<\/p>\n\n\n\n<p>Za t\u0159et\u00ed, z\u00e1kazn\u00edk potvrd\u00ed vzorky a slo\u017e\u00ed z\u00e1lohu na form\u00e1ln\u00ed objedn\u00e1vku.<\/p>\n\n\n\n<p>Za \u010dtvrt\u00e9, zaji\u0161\u0165ujeme v\u00fdrobu.<\/p>\n\n\n\n<p><strong>Q6.Je v po\u0159\u00e1dku tisknout m\u016fj <\/strong><strong>LOGO<\/strong><strong>&nbsp;na vedl sv\u011bteln\u00fd produkt ?<\/strong><strong><\/strong><\/p>\n\n\n\n<p>Odpov\u011b\u010f: Ano.Pros\u00edm, informujte n\u00e1s form\u00e1ln\u011b p\u0159ed na\u0161\u00ed v\u00fdrobou a nejprve potvr\u010fte design na z\u00e1klad\u011b na\u0161eho vzorku.<\/p>\n\n\n\n<p><strong>Ot\u00e1zka 7: Nab\u00edz\u00edte na v\u00fdrobky z\u00e1ruku?<\/strong><strong><\/strong><\/p>\n\n\n\n<p>Odpov\u011b\u010f: Ano, na na\u0161e v\u00fdrobky poskytujeme z\u00e1ruku 2-5 let.<\/p>\n\n\n\n<p><strong>Ot\u00e1zka 8: Jak se vypo\u0159\u00e1dat s vadou?<\/strong><strong><\/strong><\/p>\n\n\n\n<p>A:<\/p>\n\n\n\n<p>Za prv\u00e9, na\u0161e v\u00fdrobky jsou vyr\u00e1b\u011bny dinstrict syst\u00e9m kontroly kvality a vadn\u00e9 m\u00edra bude men\u0161\u00ed ne\u017e 0,2%<\/p>\n\n\n\n<p>Za druh\u00e9, b\u011bhem z\u00e1ru\u010dn\u00ed doby poskytneme n\u00e1hradn\u00ed d\u00edly pro v\u00fdm\u011bnu \u0161patn\u00e9ho d\u00edlu. U hromadn\u00fdch objedn\u00e1vek poskytneme zraniteln\u00e9 d\u00edly p\u0159edem nebo m\u016f\u017eeme projednat \u0159e\u0161en\u00ed v\u010detn\u011b sta\u017een\u00ed z trhu na z\u00e1klad\u011b aktu\u00e1ln\u00ed situace.<\/p>\n\n\n\n<p><strong>Ot\u00e1zka 9: M\u016f\u017eeme vyr\u00e1b\u011bt n\u00edzkonap\u011b\u0165ov\u00e9 nev\u00fdbu\u0161n\u00e9 lampy s nap\u011bt\u00edm AC\/DC 12 V, 24 V, 36 V nebo 48 V? <\/strong><\/p>\n\n\n\n<p>Amasly lze pou\u017e\u00edt jako n\u00edzkonap\u011b\u0165ov\u00e1 i vysokonap\u011b\u0165ov\u00e1 nev\u00fdbu\u0161n\u00e1 sv\u011btla - AC\/DC 12V, 24V, 36V, 48V, AC 85-265V, AC 380V. <\/p>\n\n\n\n<p><strong>Q10: Lze p\u0159idat nouzov\u00e9 baterie Explosion Poof Lights? <\/strong><\/p>\n\n\n\n<p>Nev\u00fdbu\u0161n\u00e1 lampa Amasly m\u016f\u017ee b\u00fdt vybavena nouzov\u00fdmi lithiov\u00fdmi bateriemi. Nouzov\u00e1 v\u00fddr\u017e je 90 minut, 120 minut nebo 180 minut. <\/p>\n\n\n\n<p><strong>Q11: Lze v\u00fdbojku Amasly p\u0159izp\u016fsobit jako v\u00fdrobek OEM? <\/strong><\/p>\n\n\n\n<p>Nev\u00fdbu\u0161n\u00e9 v\u00fdbojky Amasly lze upravit podle po\u017eadavk\u016f z\u00e1kazn\u00edka jak pro v\u00fdbojky, tak pro obalov\u00e9 kartony.<\/p>\n\n\n\n<h2 class=\"wp-block-heading\">Souvisej\u00edc\u00ed produkty<\/h2>\n\n\n\n<div class=\"wp-block-uagb-container uagb-block-66e4defc alignfull uagb-is-root-container\"><div class=\"uagb-container-inner-blocks-wrap\">\n<div class=\"wp-block-uagb-container uagb-block-a42945f9\">\n<div class=\"wp-block-uagb-image uagb-block-7296296b wp-block-uagb-image--layout-default wp-block-uagb-image--effect-static wp-block-uagb-image--align-none\"><figure class=\"wp-block-uagb-image__figure\"><a class=\"\" href=\"https:\/\/led.amasly.com\/cs\/products\/\" target=\"\" rel=\"noopener\"><img decoding=\"async\" srcset=\"https:\/\/led.amasly.com\/wp-content\/uploads\/2024\/09\/Explosion-proof-high-bay-lights.png ,https:\/\/led.amasly.com\/wp-content\/uploads\/2024\/09\/Explosion-proof-high-bay-lights.png 780w, https:\/\/led.amasly.com\/wp-content\/uploads\/2024\/09\/Explosion-proof-high-bay-lights.png 360w\" sizes=\"auto, (max-width: 480px) 150px\" src=\"https:\/\/led.amasly.com\/wp-content\/uploads\/2024\/09\/Explosion-proof-high-bay-lights.png\" alt=\"\" class=\"uag-image-1495\" width=\"300\" height=\"300\" title=\"Nev\u00fdbu\u0161n\u00e1 sv\u00edtidla s vysokou odolnost\u00ed proti v\u00fdbuchu\" loading=\"lazy\" role=\"img\"><\/a><\/figure><\/div>\n<\/div>\n\n\n\n<div class=\"wp-block-uagb-container uagb-block-4d3efde5\">\n<div class=\"wp-block-uagb-image uagb-block-c9e90797 wp-block-uagb-image--layout-default wp-block-uagb-image--effect-static wp-block-uagb-image--align-none\"><figure class=\"wp-block-uagb-image__figure\"><a class=\"\" href=\"https:\/\/led.amasly.com\/cs\/products\/\" target=\"\" rel=\"noopener\"><img decoding=\"async\" srcset=\"https:\/\/led.amasly.com\/wp-content\/uploads\/2024\/07\/LED-tri-proof-lights2.png ,https:\/\/led.amasly.com\/wp-content\/uploads\/2024\/07\/LED-tri-proof-lights2.png 780w, https:\/\/led.amasly.com\/wp-content\/uploads\/2024\/07\/LED-tri-proof-lights2.png 360w\" sizes=\"auto, (max-width: 480px) 150px\" src=\"https:\/\/led.amasly.com\/wp-content\/uploads\/2024\/07\/LED-tri-proof-lights2.png\" alt=\"\" class=\"uag-image-1132\" width=\"300\" height=\"300\" title=\"LED-tri-proof-sv\u011btla2\" loading=\"lazy\" role=\"img\"><\/a><\/figure><\/div>\n<\/div>\n\n\n\n<div class=\"wp-block-uagb-container uagb-block-11c2578b\">\n<div class=\"wp-block-uagb-image uagb-block-6e8883aa wp-block-uagb-image--layout-default wp-block-uagb-image--effect-static wp-block-uagb-image--align-none\"><figure class=\"wp-block-uagb-image__figure\"><a class=\"\" href=\"https:\/\/led.amasly.com\/cs\/products\/\" target=\"\" rel=\"noopener\"><img decoding=\"async\" srcset=\"https:\/\/led.amasly.com\/wp-content\/uploads\/2024\/09\/LED-Explosion-Proof-Gas-Station-Light.png ,https:\/\/led.amasly.com\/wp-content\/uploads\/2024\/09\/LED-Explosion-Proof-Gas-Station-Light.png 780w, https:\/\/led.amasly.com\/wp-content\/uploads\/2024\/09\/LED-Explosion-Proof-Gas-Station-Light.png 360w\" sizes=\"auto, (max-width: 480px) 150px\" src=\"https:\/\/led.amasly.com\/wp-content\/uploads\/2024\/09\/LED-Explosion-Proof-Gas-Station-Light.png\" alt=\"\" class=\"uag-image-1501\" width=\"300\" height=\"300\" title=\"LED sv\u011btlo pro \u010derpac\u00ed stanice s ochranou proti v\u00fdbuchu\" loading=\"lazy\" role=\"img\"><\/a><\/figure><\/div>\n<\/div>\n<\/div><\/div>\n\n\n\n<div class=\"wp-block-uagb-container uagb-block-548945b5 alignfull uagb-is-root-container\"><div class=\"uagb-container-inner-blocks-wrap\">\n<div class=\"wp-block-uagb-container uagb-block-967755d5\">\n<h4 class=\"wp-block-heading has-text-align-center\"><a href=\"https:\/\/led.amasly.com\/cs\/products\/\">Sv\u011btla LED odoln\u00e1 proti v\u00fdbuchu<\/a><\/h4>\n<\/div>\n\n\n\n<div class=\"wp-block-uagb-container uagb-block-9bc52fc2\">\n<h4 class=\"wp-block-heading has-text-align-center\"><a href=\"https:\/\/led.amasly.com\/cs\/products\/\">Trojit\u00e1 ochrann\u00e1 sv\u011btla LED<\/a><\/h4>\n<\/div>\n\n\n\n<div class=\"wp-block-uagb-container uagb-block-8ffa0a23\">\n<h4 class=\"wp-block-heading has-text-align-center\"><a href=\"https:\/\/led.amasly.com\/cs\/products\/\">Sv\u011btla \u010derpac\u00edch stanic odoln\u00e1 proti v\u00fdbuchu<\/a><\/h4>\n<\/div>\n<\/div><\/div>\n\n\n\n<div class=\"wp-block-uagb-container uagb-block-29499fe0 alignfull uagb-is-root-container\"><div class=\"uagb-container-inner-blocks-wrap\">\n<div class=\"wp-block-uagb-container uagb-block-777ee1c7\">\n<div class=\"wp-block-uagb-image uagb-block-2e9a1851 wp-block-uagb-image--layout-default wp-block-uagb-image--effect-static wp-block-uagb-image--align-none\"><figure class=\"wp-block-uagb-image__figure\"><a class=\"\" href=\"https:\/\/led.amasly.com\/cs\/products\/\" target=\"\" rel=\"noopener\"><img decoding=\"async\" srcset=\"https:\/\/led.amasly.com\/wp-content\/uploads\/2024\/10\/50W-100W-150W-200W-300W-LED-Flood-Light.jpg ,https:\/\/led.amasly.com\/wp-content\/uploads\/2024\/10\/50W-100W-150W-200W-300W-LED-Flood-Light.jpg 780w, https:\/\/led.amasly.com\/wp-content\/uploads\/2024\/10\/50W-100W-150W-200W-300W-LED-Flood-Light.jpg 360w\" sizes=\"auto, (max-width: 480px) 150px\" src=\"https:\/\/led.amasly.com\/wp-content\/uploads\/2024\/10\/50W-100W-150W-200W-300W-LED-Flood-Light.jpg\" alt=\"\" class=\"uag-image-1526\" width=\"300\" height=\"300\" title=\"50W 100W 150W 200W 300W LED z\u00e1plavov\u00e9 sv\u011btlo\" loading=\"lazy\" role=\"img\"><\/a><\/figure><\/div>\n<\/div>\n\n\n\n<div class=\"wp-block-uagb-container uagb-block-af8c8683\">\n<div class=\"wp-block-uagb-image uagb-block-67947854 wp-block-uagb-image--layout-default wp-block-uagb-image--effect-static wp-block-uagb-image--align-none\"><figure class=\"wp-block-uagb-image__figure\"><a class=\"\" href=\"https:\/\/led.amasly.com\/cs\/products\/\" target=\"\" rel=\"noopener\"><img decoding=\"async\" srcset=\"https:\/\/led.amasly.com\/wp-content\/uploads\/2024\/07\/led-tri-proof-light.png ,https:\/\/led.amasly.com\/wp-content\/uploads\/2024\/07\/led-tri-proof-light.png 780w, https:\/\/led.amasly.com\/wp-content\/uploads\/2024\/07\/led-tri-proof-light.png 360w\" sizes=\"auto, (max-width: 480px) 150px\" src=\"https:\/\/led.amasly.com\/wp-content\/uploads\/2024\/07\/led-tri-proof-light.png\" alt=\"\" class=\"uag-image-1130\" width=\"300\" height=\"300\" title=\"led-tri-proof-light\" loading=\"lazy\" role=\"img\"><\/a><\/figure><\/div>\n<\/div>\n\n\n\n<div class=\"wp-block-uagb-container uagb-block-0fdfdd58\">\n<div class=\"wp-block-uagb-image uagb-block-1187d32d wp-block-uagb-image--layout-default wp-block-uagb-image--effect-static wp-block-uagb-image--align-none\"><figure class=\"wp-block-uagb-image__figure\"><a class=\"\" href=\"https:\/\/led.amasly.com\/cs\/products\/\" target=\"\" rel=\"noopener\"><img decoding=\"async\" srcset=\"https:\/\/led.amasly.com\/wp-content\/uploads\/2024\/07\/LED-street-light.jpg ,https:\/\/led.amasly.com\/wp-content\/uploads\/2024\/07\/LED-street-light.jpg 780w, https:\/\/led.amasly.com\/wp-content\/uploads\/2024\/07\/LED-street-light.jpg 360w\" sizes=\"auto, (max-width: 480px) 150px\" src=\"https:\/\/led.amasly.com\/wp-content\/uploads\/2024\/07\/LED-street-light.jpg\" alt=\"\" class=\"uag-image-1145\" width=\"300\" height=\"300\" title=\"Uli\u010dn\u00ed osv\u011btlen\u00ed LED\" loading=\"lazy\" role=\"img\"><\/a><\/figure><\/div>\n<\/div>\n<\/div><\/div>\n\n\n\n<div class=\"wp-block-uagb-container uagb-block-6a60882c alignfull uagb-is-root-container\"><div class=\"uagb-container-inner-blocks-wrap\">\n<div class=\"wp-block-uagb-container uagb-block-f1e91a35\">\n<h4 class=\"wp-block-heading has-text-align-center\"><a href=\"https:\/\/led.amasly.com\/cs\/products\/\">LED sv\u011btla pro zaplaven\u00ed<\/a><\/h4>\n<\/div>\n\n\n\n<div class=\"wp-block-uagb-container uagb-block-165bfa58\">\n<h4 class=\"wp-block-heading has-text-align-center\"><a href=\"https:\/\/led.amasly.com\/cs\/products\/\">LED Tri-Proof Tube Lights<\/a><\/h4>\n<\/div>\n\n\n\n<div class=\"wp-block-uagb-container uagb-block-f6096e3b\">\n<h4 class=\"wp-block-heading has-text-align-center\"><a href=\"https:\/\/led.amasly.com\/cs\/products\/\">Pouli\u010dn\u00ed osv\u011btlen\u00ed LED<\/a><\/h4>\n<\/div>\n<\/div><\/div>\n\n\n\n<div class=\"wp-block-uagb-container uagb-block-99c0e0a5 alignfull uagb-is-root-container\"><div class=\"uagb-container-inner-blocks-wrap\"><\/div><\/div>\n\n\n\n<p><\/p>","protected":false},"excerpt":{"rendered":"<p>Basketball Court Lighting Configuration Guide Outdoor Basketball Court Lighting Configuration Guide When selecting light for an outdoor basketball court, you need to consider the following key factors: 1. Basketball Court Lighting Configuration Guide Uniformity: Uniform lighting prevents overly bright or dark areas, providing a comfortable visual environment. Choose appropriate lighting fixtures and design solutions to [&hellip;]<\/p>\n","protected":false},"author":1,"featured_media":0,"parent":4122,"menu_order":0,"comment_status":"closed","ping_status":"closed","template":"","meta":{"_uag_custom_page_level_css":"","site-sidebar-layout":"no-sidebar","site-content-layout":"","ast-site-content-layout":"default","site-content-style":"default","site-sidebar-style":"default","ast-global-header-display":"","ast-banner-title-visibility":"","ast-main-header-display":"","ast-hfb-above-header-display":"","ast-hfb-below-header-display":"","ast-hfb-mobile-header-display":"","site-post-title":"disabled","ast-breadcrumbs-content":"","ast-featured-img":"","footer-sml-layout":"","ast-disable-related-posts":"","theme-transparent-header-meta":"enabled","adv-header-id-meta":"","stick-header-meta":"","header-above-stick-meta":"","header-main-stick-meta":"","header-below-stick-meta":"","astra-migrate-meta-layouts":"set","ast-page-background-enabled":"default","ast-page-background-meta":{"desktop":{"background-color":"var(--ast-global-color-4)","background-image":"","background-repeat":"repeat","background-position":"center center","background-size":"auto","background-attachment":"scroll","background-type":"","background-media":"","overlay-type":"","overlay-color":"","overlay-opacity":"","overlay-gradient":""},"tablet":{"background-color":"","background-image":"","background-repeat":"repeat","background-position":"center center","background-size":"auto","background-attachment":"scroll","background-type":"","background-media":"","overlay-type":"","overlay-color":"","overlay-opacity":"","overlay-gradient":""},"mobile":{"background-color":"","background-image":"","background-repeat":"repeat","background-position":"center center","background-size":"auto","background-attachment":"scroll","background-type":"","background-media":"","overlay-type":"","overlay-color":"","overlay-opacity":"","overlay-gradient":""}},"ast-content-background-meta":{"desktop":{"background-color":"var(--ast-global-color-5)","background-image":"","background-repeat":"repeat","background-position":"center center","background-size":"auto","background-attachment":"scroll","background-type":"","background-media":"","overlay-type":"","overlay-color":"","overlay-opacity":"","overlay-gradient":""},"tablet":{"background-color":"var(--ast-global-color-5)","background-image":"","background-repeat":"repeat","background-position":"center center","background-size":"auto","background-attachment":"scroll","background-type":"","background-media":"","overlay-type":"","overlay-color":"","overlay-opacity":"","overlay-gradient":""},"mobile":{"background-color":"var(--ast-global-color-5)","background-image":"","background-repeat":"repeat","background-position":"center center","background-size":"auto","background-attachment":"scroll","background-type":"","background-media":"","overlay-type":"","overlay-color":"","overlay-opacity":"","overlay-gradient":""}},"footnotes":""},"class_list":["post-4155","page","type-page","status-publish","hentry"],"uagb_featured_image_src":{"full":false,"thumbnail":false,"medium":false,"medium_large":false,"large":false,"1536x1536":false,"2048x2048":false,"trp-custom-language-flag":false},"uagb_author_info":{"display_name":"Joe","author_link":"https:\/\/led.amasly.com\/cs\/author\/jacklin\/"},"uagb_comment_info":0,"uagb_excerpt":"Basketball Court Lighting Configuration Guide Outdoor Basketball Court Lighting Configuration Guide When selecting light for an outdoor basketball court, you need to consider the following key factors: 1. Basketball Court Lighting Configuration Guide Uniformity: Uniform lighting prevents overly bright or dark areas, providing a comfortable visual environment. Choose appropriate lighting fixtures and design solutions to&hellip;","_links":{"self":[{"href":"https:\/\/led.amasly.com\/cs\/wp-json\/wp\/v2\/pages\/4155","targetHints":{"allow":["GET"]}}],"collection":[{"href":"https:\/\/led.amasly.com\/cs\/wp-json\/wp\/v2\/pages"}],"about":[{"href":"https:\/\/led.amasly.com\/cs\/wp-json\/wp\/v2\/types\/page"}],"author":[{"embeddable":true,"href":"https:\/\/led.amasly.com\/cs\/wp-json\/wp\/v2\/users\/1"}],"replies":[{"embeddable":true,"href":"https:\/\/led.amasly.com\/cs\/wp-json\/wp\/v2\/comments?post=4155"}],"version-history":[{"count":3,"href":"https:\/\/led.amasly.com\/cs\/wp-json\/wp\/v2\/pages\/4155\/revisions"}],"predecessor-version":[{"id":4701,"href":"https:\/\/led.amasly.com\/cs\/wp-json\/wp\/v2\/pages\/4155\/revisions\/4701"}],"up":[{"embeddable":true,"href":"https:\/\/led.amasly.com\/cs\/wp-json\/wp\/v2\/pages\/4122"}],"wp:attachment":[{"href":"https:\/\/led.amasly.com\/cs\/wp-json\/wp\/v2\/media?parent=4155"}],"curies":[{"name":"wp","href":"https:\/\/api.w.org\/{rel}","templated":true}]}}