{"id":4002,"date":"2025-05-28T22:02:21","date_gmt":"2025-05-28T14:02:21","guid":{"rendered":"https:\/\/led.amasly.com\/?page_id=4002"},"modified":"2026-01-18T13:35:45","modified_gmt":"2026-01-18T05:35:45","slug":"explosion-proof-fluorescent-lights-price","status":"publish","type":"page","link":"https:\/\/led.amasly.com\/cs\/light-price\/explosion-proof-fluorescent-lights-price\/","title":{"rendered":"Z\u00e1\u0159ivky s ochranou proti v\u00fdbuchu Cena"},"content":{"rendered":"<div class=\"wp-block-uagb-container uagb-block-27bae773 alignfull uagb-is-root-container\"><div class=\"uagb-container-inner-blocks-wrap\"><\/div><\/div>\n\n\n\n<h1 class=\"wp-block-heading has-text-align-center\"><strong>Z\u00e1\u0159ivky s ochranou proti v\u00fdbuchu Cena<\/strong><\/h1>\n\n\n\n<h2 class=\"wp-block-heading\">Amasly Z\u00e1\u0159ivkov\u00e1 sv\u00edtidla s ochranou proti v\u00fdbuchu Vlastnosti<\/h2>\n\n\n\n<p>Vst\u0159ikov\u00e1n\u00ed polykarbon\u00e1tov\u00e9 slitiny, siln\u00e1 odolnost proti n\u00e1razu, odolnost proti vysok\u00fdm teplot\u00e1m, odolnost proti chladu, siln\u00e1 antikorozn\u00ed ochrana a dal\u0161\u00ed vlastnosti;<\/p>\n\n\n\n<p><br>St\u00ednidlo z polykarbon\u00e1tov\u00e9ho materi\u00e1lu, vst\u0159ikov\u00e1n\u00ed, vysok\u00e1 propustnost sv\u011btla a odolnost proti siln\u00e9mu n\u00e1razu, p\u00e1sov\u00e9 \u017eebrov\u00e1n\u00ed, \u00fa\u010dinn\u011b zabra\u0148uje osln\u011bn\u00ed.<br>Profesion\u00e1ln\u00ed n\u00e1vrh optick\u00e9ho softwaru syst\u00e9mu distribuce sv\u011btla, distribuce paprsk\u016f je p\u0159im\u011b\u0159en\u00e1, rovnom\u011brn\u00e9 osv\u011btlen\u00ed, \u00fa\u010dinnost odrazu, vysok\u00e1 \u00fa\u010dinnost vyu\u017eit\u00ed.<\/p>\n\n\n\n<p><br>Konfigurace mezin\u00e1rodn\u00edch zna\u010dek, jako je sv\u011bteln\u00fd zdroj Corey LED, rozumn\u00e9 uspo\u0159\u00e1d\u00e1n\u00ed, jednosm\u011brn\u00e9 sv\u011btlo, rovnom\u011brnost a m\u011bkkost sv\u011btla, vysok\u00e1 sv\u011bteln\u00e1 \u00fa\u010dinnost, <\/p>\n\n\n\n<p>sv\u011bteln\u00e1 \u00fa\u010dinnost &gt; 140 lm\/W, vysok\u00e9 pod\u00e1n\u00ed barev, Ra&gt; 80, dlouh\u00e1 \u017eivotnost, nejm\u00e9n\u011b 100 000 hodin, sv\u011bteln\u00fd zdroj.<\/p>\n\n\n\n<p><br>Ne m\u00e9n\u011b ne\u017e 100000 hodin, sv\u011bteln\u00fd zdroj p\u0159i pou\u017e\u00edv\u00e1n\u00ed 5 let po sv\u011bteln\u00e9m toku nen\u00ed men\u0161\u00ed ne\u017e 70% po\u010d\u00e1te\u010dn\u00ed hodnoty;<\/p>\n\n\n\n<p><br>Hnac\u00ed zdroj s \u0161irok\u00fdm vstupn\u00edm nap\u011bt\u00edm, konstantn\u00edm v\u00fdstupn\u00edm v\u00fdkonem, s funkcemi konstantn\u00edho proudu, otev\u0159en\u00e9ho obvodu, zkratu a dal\u0161\u00edmi ochrann\u00fdmi funkcemi, hnac\u00ed zdroj pro zna\u010dku Maoshuo.<\/p>\n\n\n\n<p><br>Podle po\u017eadavk\u016f u\u017eivatele mohou b\u00fdt vybaveny nouzov\u00fdmi za\u0159\u00edzen\u00edmi, p\u0159i v\u00fdpadku nap\u00e1jen\u00ed se lampy a sv\u00edtilny automaticky p\u0159epnou do stavu nouzov\u00e9ho osv\u011btlen\u00ed.<\/p>\n\n\n\n<p><br>Kombinace d\u00edl\u016f v\u00fdrobku s t\u011bsn\u00fdm a spolehliv\u00fdm spojen\u00edm, s dobrou odolnost\u00ed proti n\u00e1raz\u016fm, aby bylo zaji\u0161t\u011bno, \u017ee v\u00fdrobek spolehliv\u011b funguje p\u0159i vysokofrekven\u010dn\u00edch vibrac\u00edch.<\/p>\n\n\n\n<p><br>Konfigurace speci\u00e1ln\u00edch nev\u00fdbu\u0161n\u00fdch LED z\u00e1\u0159ivek, vysok\u00e1 \u00fa\u010dinnost, \u00faspora energie, ochrana \u017eivotn\u00edho prost\u0159ed\u00ed, dlouh\u00e1 \u017eivotnost.<\/p>\n\n\n\n<p><br>T\u011bleso z\u00e1\u0159ivky a pr\u016fhledn\u00fd kryt vyu\u017e\u00edvaj\u00ed v\u00edcebodov\u00fd re\u017eim zap\u00edn\u00e1n\u00ed, kter\u00fd zaji\u0161\u0165uje rovnom\u011brnou s\u00edlu uzav\u0159en\u00ed krytu, spolehliv\u00e9 ut\u011bsn\u011bn\u00ed a snadnou \u00fadr\u017ebu.<\/p>\n\n\n\n<p><br>Sko\u0159epina s dob\u0159e navr\u017een\u00fdm d\u00fdchac\u00edm za\u0159\u00edzen\u00edm, kter\u00e9 vyrovn\u00e1v\u00e1 tlakov\u00fd rozd\u00edl mezi vnit\u0159kem a vn\u011bj\u0161kem a zcela eliminuje kondenza\u010dn\u00ed jevy.<\/p>\n\n\n\n<p><br>Specializovan\u00e9 t\u011bsnic\u00ed p\u00e1sky, odolnost proti st\u00e1rnut\u00ed, dob\u0159e navr\u017een\u00e1 zak\u0159iven\u00e1 t\u011bsnic\u00ed struktura, vysok\u00e1 \u00farove\u0148 ochrany.<\/p>\n\n\n\n<p>Skryt\u00e1 konstrukce z\u00e1v\u011bsu, rovnom\u011brn\u011bj\u0161\u00ed s\u00edla, pohodln\u00e9 otev\u00edr\u00e1n\u00ed, snadn\u00e1 \u00fadr\u017eba<\/p>\n\n\n\n<h2 class=\"wp-block-heading\">Amasly Z\u00e1\u0159ivky s ochranou proti v\u00fdbuchu Rozsah pou\u017eit\u00ed<\/h2>\n\n\n\n<p>\u0160iroce se pou\u017e\u00edv\u00e1 p\u0159i t\u011b\u017eb\u011b ropy, rafinaci ropy, v chemick\u00e9m pr\u016fmyslu, vojensk\u00e9m pr\u016fmyslu a dal\u0161\u00edch nebezpe\u010dn\u00fdch prost\u0159ed\u00edch pro pracovn\u00ed a sc\u00e9nick\u00e9 osv\u011btlen\u00ed.<br>\u0160iroce se pou\u017e\u00edv\u00e1 p\u0159i t\u011b\u017eb\u011b ropy, rafinaci ropy, v chemick\u00e9m pr\u016fmyslu, vojensk\u00e9m pr\u016fmyslu a dal\u0161\u00edch nebezpe\u010dn\u00fdch prost\u0159ed\u00edch pro pracovn\u00ed a sc\u00e9nick\u00e9 osv\u011btlen\u00ed.<br>Vhodn\u00e9 pro energeticky \u00fasporn\u00e9 renova\u010dn\u00ed projekty a m\u00edsta, kde je obt\u00ed\u017en\u00e1 \u00fadr\u017eba a v\u00fdm\u011bna.<br>Je vhodn\u00fd pro m\u00edsta s vysok\u00fdmi po\u017eadavky na ochranu, vlhkost a korozivn\u00ed plyny.<br>Je vhodn\u00fd pro m\u00edsta s vysok\u00fdmi po\u017eadavky na ochranu, vlhkost a korozivn\u00ed plyny.<br>Vhodn\u00e9 pro prost\u0159ed\u00ed s v\u00fdbu\u0161n\u00fdmi plyny v z\u00f3n\u011b 1 a 2 a<br>Vhodn\u00e9 pro prost\u0159ed\u00ed s ho\u0159lav\u00fdm prachem v z\u00f3n\u011b 21 a 22.<br>Vhodn\u00e9 pro prost\u0159ed\u00ed s nebezpe\u010d\u00edm v\u00fdbuchu \u2161A, IIB, IIC.<br>Vhodn\u00e9 pro teplotn\u00ed skupinu T1-T6.<\/p>\n\n\n\n<h2 class=\"wp-block-heading\">Amasly \u00davod<\/h2>\n\n\n\n<p>Amasly jako dodavatel osv\u011btlen\u00ed odoln\u00e9ho proti v\u00fdbuchu v \u010c\u00edn\u011b, produkty osv\u011btlen\u00ed odoln\u00e9ho proti v\u00fdbuchu zahrnuj\u00ed: kulat\u00e1 sv\u011btla odoln\u00e1 proti v\u00fdbuchu (sv\u011btla odoln\u00e1 proti v\u00fdbuchu High Bay), \u010dtvercov\u00e1 sv\u011btla odoln\u00e1 proti v\u00fdbuchu (sv\u011btla odoln\u00e1 proti v\u00fdbuchu Flood), line\u00e1rn\u00ed sv\u011btla odoln\u00e1 proti v\u00fdbuchu, sv\u011btla odoln\u00e1 proti v\u00fdbuchu, sv\u011btla odoln\u00e1 proti v\u00fdbuchu, sv\u011btla odoln\u00e1 proti v\u00fdbuchu, v\u0161echna na\u0161e sv\u011btla odoln\u00e1 proti v\u00fdbuchu jsou schv\u00e1lena ATEX a nab\u00edzena za velmi konkurenceschopnou cenu.<\/p>\n\n\n\n<p>Amasly Lighting je p\u0159edn\u00ed profesion\u00e1ln\u00ed osv\u011btlovac\u00ed spole\u010dnost, kter\u00e1 se v\u011bnuje osv\u011btlov\u00e1n\u00ed prostor s kreativitou, inovacemi a udr\u017eitelnost\u00ed. Zam\u011b\u0159ujeme se na kvalitu, efektivitu a spokojenost z\u00e1kazn\u00edk\u016f a nab\u00edz\u00edme komplexn\u00ed \u0159adu \u0161pi\u010dkov\u00fdch \u0159e\u0161en\u00ed osv\u011btlen\u00ed p\u0159izp\u016fsoben\u00fdch r\u016fznorod\u00fdm pot\u0159eb\u00e1m na\u0161ich klient\u016f.<\/p>\n\n\n\n<p>Na\u0161e v\u00fdrobky byly vyvezeny do 68 zem\u00ed sv\u011bta, nap\u0159\u00edklad do Evropy a Spojen\u00fdch st\u00e1t\u016f, a d\u00edky sv\u00e9 vysok\u00e9 kvalit\u011b si z\u00edskaly uzn\u00e1n\u00ed p\u0159edn\u00edch sv\u011btov\u00fdch dodavatel\u016f osv\u011btlovac\u00edch v\u00fdrobk\u016f.<\/p>\n\n\n\n<h2 class=\"wp-block-heading\">Amasly Z\u00e1\u0159ivkov\u00e1 sv\u00edtidla s ochranou proti v\u00fdbuchu Certifik\u00e1t<\/h2>\n\n\n\n<p>Amasly v\u0161echny sv\u011btlo odoln\u00e9 proti v\u00fdbuchu jsou <a href=\"http:\/\/www.iecex-certs.com\/\" rel=\"nofollow noopener\" target=\"_blank\">ATEX<\/a> schv\u00e1len\u00e9 a nab\u00edzen\u00e9 za velmi konkurenceschopnou cenu nev\u00fdbu\u0161n\u00fdch z\u00e1\u0159ivek.<\/p>\n\n\n\n<h2 class=\"wp-block-heading\">Amasly Z\u00e1\u0159ivkov\u00e1 sv\u00edtidla s ochranou proti v\u00fdbuchu Cena<\/h2>\n\n\n\n<div class=\"wp-block-uagb-image uagb-block-b5e91b46 wp-block-uagb-image--layout-default wp-block-uagb-image--effect-static wp-block-uagb-image--align-none\"><figure class=\"wp-block-uagb-image__figure\"><img decoding=\"async\" srcset=\"https:\/\/led.amasly.com\/wp-content\/uploads\/2024\/07\/Explosion-proof-linear-fluorescence-lights.png ,https:\/\/led.amasly.com\/wp-content\/uploads\/2024\/07\/Explosion-proof-linear-fluorescence-lights.png 780w, https:\/\/led.amasly.com\/wp-content\/uploads\/2024\/07\/Explosion-proof-linear-fluorescence-lights.png 360w\" sizes=\"auto, (max-width: 480px) 150px\" src=\"https:\/\/led.amasly.com\/wp-content\/uploads\/2024\/07\/Explosion-proof-linear-fluorescence-lights.png\" alt=\"Explosion proof fluorescence lamps, Explosion Proof fluorescent Lights Price\" class=\"uag-image-1122\" width=\"617\" height=\"453\" title=\"Fluorescen\u010dn\u00ed lampy odoln\u00e9 proti v\u00fdbuchu\" loading=\"lazy\" role=\"img\"\/><\/figure><\/div>\n\n\n\n<figure class=\"wp-block-table\"><table class=\"has-fixed-layout\"><tbody><tr><td>BAY<\/td><td>2*18W<\/td><td>$32.43<\/td><\/tr><\/tbody><\/table><\/figure>\n\n\n\n<h2 class=\"wp-block-heading\"><strong>Nej\u010dast\u011bj\u0161\u00ed dotazy t\u00fdkaj\u00edc\u00ed se Amasly Light<\/strong><\/h2>\n\n\n\n<p><strong>Q1.Can m\u00e1m vzorovou objedn\u00e1vku pro led sv\u011btla?<\/strong><strong><\/strong><\/p>\n\n\n\n<p>Odpov\u011b\u010f: Ano, v\u00edt\u00e1me objedn\u00e1vku vzorku pro testov\u00e1n\u00ed a kontrolu kvality. Sm\u00ed\u0161en\u00e9 vzorky jsou p\u0159ijateln\u00e9.<\/p>\n\n\n\n<p><strong>Q2.Jak je to s dodac\u00ed lh\u016ftou?<\/strong><strong><\/strong><\/p>\n\n\n\n<p>Odpov\u011b\u010f: Vzorek pot\u0159ebuje 3-5 dn\u00ed, doba hromadn\u00e9 v\u00fdroby pot\u0159ebuje 1-2 t\u00fddny.<\/p>\n\n\n\n<p><strong>Q3.Do m\u00e1te n\u011bjak\u00fd limit MOQ pro led sv\u011btla objedn\u00e1vky?<\/strong><strong><\/strong><\/p>\n\n\n\n<p>A: N\u00edzk\u00fd MOQ 1pc pro kontrolu vzorku je k dispozici.<\/p>\n\n\n\n<p><strong>Q4. Jak zbo\u017e\u00ed zas\u00edl\u00e1te a za jak dlouho doraz\u00ed?<\/strong><strong><\/strong><\/p>\n\n\n\n<p>Odpov\u011b\u010f: Obvykle zas\u00edl\u00e1me <a href=\"https:\/\/www.dhl.com\" rel=\"nofollow noopener\" target=\"_blank\">DHL<\/a>, UPS, FedEx nebo TNT. Obvykle trv\u00e1 3-5 dn\u00ed, ne\u017e doraz\u00ed. Leteck\u00e1 linka a n\u00e1mo\u0159n\u00ed doprava jsou tak\u00e9 voliteln\u00e9.<\/p>\n\n\n\n<p><strong>Q5. Jak postupovat p\u0159i objedn\u00e1vce led sv\u011btla ?<\/strong><strong><\/strong><\/p>\n\n\n\n<p>A:<\/p>\n\n\n\n<p>Nejprve n\u00e1m sd\u011blte sv\u00e9 po\u017eadavky nebo \u017e\u00e1dost.<\/p>\n\n\n\n<p>Za druh\u00e9, cenovou nab\u00eddku vypracujeme podle va\u0161ich po\u017eadavk\u016f nebo na\u0161ich n\u00e1vrh\u016f.<\/p>\n\n\n\n<p>Za t\u0159et\u00ed, z\u00e1kazn\u00edk potvrd\u00ed vzorky a slo\u017e\u00ed z\u00e1lohu na form\u00e1ln\u00ed objedn\u00e1vku.<\/p>\n\n\n\n<p>Za \u010dtvrt\u00e9, zaji\u0161\u0165ujeme v\u00fdrobu.<\/p>\n\n\n\n<p><strong>Q6.Je v po\u0159\u00e1dku tisknout m\u016fj <\/strong><strong>LOGO<\/strong><strong>&nbsp;na vedl sv\u011bteln\u00fd produkt ?<\/strong><strong><\/strong><\/p>\n\n\n\n<p>Odpov\u011b\u010f: Ano.Pros\u00edm, informujte n\u00e1s form\u00e1ln\u011b p\u0159ed na\u0161\u00ed v\u00fdrobou a nejprve potvr\u010fte design na z\u00e1klad\u011b na\u0161eho vzorku.<\/p>\n\n\n\n<p><strong>Ot\u00e1zka 7: Nab\u00edz\u00edte na v\u00fdrobky z\u00e1ruku?<\/strong><strong><\/strong><\/p>\n\n\n\n<p>Odpov\u011b\u010f: Ano, na na\u0161e v\u00fdrobky poskytujeme z\u00e1ruku 2-5 let.<\/p>\n\n\n\n<p><strong>Ot\u00e1zka 8: Jak se vypo\u0159\u00e1dat s vadou?<\/strong><strong><\/strong><\/p>\n\n\n\n<p>A:<\/p>\n\n\n\n<p>Za prv\u00e9, na\u0161e v\u00fdrobky jsou vyr\u00e1b\u011bny dinstrict syst\u00e9m kontroly kvality a vadn\u00e9 m\u00edra bude men\u0161\u00ed ne\u017e 0,2%<\/p>\n\n\n\n<p>Za druh\u00e9, b\u011bhem z\u00e1ru\u010dn\u00ed doby poskytneme n\u00e1hradn\u00ed d\u00edly pro v\u00fdm\u011bnu \u0161patn\u00e9ho d\u00edlu. U hromadn\u00fdch objedn\u00e1vek poskytneme zraniteln\u00e9 d\u00edly p\u0159edem nebo m\u016f\u017eeme projednat \u0159e\u0161en\u00ed v\u010detn\u011b sta\u017een\u00ed z trhu na z\u00e1klad\u011b aktu\u00e1ln\u00ed situace.<\/p>\n\n\n\n<p><strong>Ot\u00e1zka 9: M\u016f\u017eeme vyr\u00e1b\u011bt n\u00edzkonap\u011b\u0165ov\u00e9 nev\u00fdbu\u0161n\u00e9 lampy s nap\u011bt\u00edm AC\/DC 12 V, 24 V, 36 V nebo 48 V? <\/strong><\/p>\n\n\n\n<p>Amasly lze pou\u017e\u00edt jako n\u00edzkonap\u011b\u0165ov\u00e1 i vysokonap\u011b\u0165ov\u00e1 nev\u00fdbu\u0161n\u00e1 sv\u011btla - AC\/DC 12V, 24V, 36V, 48V, AC 85-265V, AC 380V. <\/p>\n\n\n\n<p><strong>Q10: Lze p\u0159idat nouzov\u00e9 baterie Explosion Poof Lights? <\/strong><\/p>\n\n\n\n<p>Nev\u00fdbu\u0161n\u00e1 lampa Amasly m\u016f\u017ee b\u00fdt vybavena nouzov\u00fdmi lithiov\u00fdmi bateriemi. Nouzov\u00e1 v\u00fddr\u017e je 90 minut, 120 minut nebo 180 minut. <\/p>\n\n\n\n<p><strong>Q11: Lze v\u00fdbojku Amasly p\u0159izp\u016fsobit jako v\u00fdrobek OEM? <\/strong><\/p>\n\n\n\n<p>Nev\u00fdbu\u0161n\u00e9 v\u00fdbojky Amasly lze upravit podle po\u017eadavk\u016f z\u00e1kazn\u00edka jak pro v\u00fdbojky, tak pro obalov\u00e9 kartony.<\/p>\n\n\n\n<div class=\"wp-block-uagb-container uagb-block-c7d898dd alignfull uagb-is-root-container\"><div class=\"uagb-container-inner-blocks-wrap\"><\/div><\/div>\n\n\n\n<h2 class=\"wp-block-heading\">Souvisej\u00edc\u00ed produkty<\/h2>\n\n\n\n<div class=\"wp-block-uagb-container uagb-block-66e4defc alignfull uagb-is-root-container\"><div class=\"uagb-container-inner-blocks-wrap\">\n<div class=\"wp-block-uagb-container uagb-block-a42945f9\">\n<div class=\"wp-block-uagb-image uagb-block-7296296b wp-block-uagb-image--layout-default wp-block-uagb-image--effect-static wp-block-uagb-image--align-none\"><figure class=\"wp-block-uagb-image__figure\"><a class=\"\" href=\"https:\/\/led.amasly.com\/cs\/products\/\" target=\"\" rel=\"noopener\"><img decoding=\"async\" srcset=\"https:\/\/led.amasly.com\/wp-content\/uploads\/2024\/09\/Explosion-proof-high-bay-lights.png ,https:\/\/led.amasly.com\/wp-content\/uploads\/2024\/09\/Explosion-proof-high-bay-lights.png 780w, https:\/\/led.amasly.com\/wp-content\/uploads\/2024\/09\/Explosion-proof-high-bay-lights.png 360w\" sizes=\"auto, (max-width: 480px) 150px\" src=\"https:\/\/led.amasly.com\/wp-content\/uploads\/2024\/09\/Explosion-proof-high-bay-lights.png\" alt=\"\" class=\"uag-image-1495\" width=\"300\" height=\"300\" title=\"Nev\u00fdbu\u0161n\u00e1 sv\u00edtidla s vysokou odolnost\u00ed proti v\u00fdbuchu\" loading=\"lazy\" role=\"img\"><\/a><\/figure><\/div>\n<\/div>\n\n\n\n<div class=\"wp-block-uagb-container uagb-block-4d3efde5\">\n<div class=\"wp-block-uagb-image uagb-block-c9e90797 wp-block-uagb-image--layout-default wp-block-uagb-image--effect-static wp-block-uagb-image--align-none\"><figure class=\"wp-block-uagb-image__figure\"><a class=\"\" href=\"https:\/\/led.amasly.com\/cs\/products\/\" target=\"\" rel=\"noopener\"><img decoding=\"async\" srcset=\"https:\/\/led.amasly.com\/wp-content\/uploads\/2024\/07\/LED-tri-proof-lights2.png ,https:\/\/led.amasly.com\/wp-content\/uploads\/2024\/07\/LED-tri-proof-lights2.png 780w, https:\/\/led.amasly.com\/wp-content\/uploads\/2024\/07\/LED-tri-proof-lights2.png 360w\" sizes=\"auto, (max-width: 480px) 150px\" src=\"https:\/\/led.amasly.com\/wp-content\/uploads\/2024\/07\/LED-tri-proof-lights2.png\" alt=\"\" class=\"uag-image-1132\" width=\"300\" height=\"300\" title=\"LED-tri-proof-sv\u011btla2\" loading=\"lazy\" role=\"img\"><\/a><\/figure><\/div>\n<\/div>\n\n\n\n<div class=\"wp-block-uagb-container uagb-block-11c2578b\">\n<div class=\"wp-block-uagb-image uagb-block-6e8883aa wp-block-uagb-image--layout-default wp-block-uagb-image--effect-static wp-block-uagb-image--align-none\"><figure class=\"wp-block-uagb-image__figure\"><a class=\"\" href=\"https:\/\/led.amasly.com\/cs\/products\/\" target=\"\" rel=\"noopener\"><img decoding=\"async\" srcset=\"https:\/\/led.amasly.com\/wp-content\/uploads\/2024\/09\/LED-Explosion-Proof-Gas-Station-Light.png ,https:\/\/led.amasly.com\/wp-content\/uploads\/2024\/09\/LED-Explosion-Proof-Gas-Station-Light.png 780w, https:\/\/led.amasly.com\/wp-content\/uploads\/2024\/09\/LED-Explosion-Proof-Gas-Station-Light.png 360w\" sizes=\"auto, (max-width: 480px) 150px\" src=\"https:\/\/led.amasly.com\/wp-content\/uploads\/2024\/09\/LED-Explosion-Proof-Gas-Station-Light.png\" alt=\"\" class=\"uag-image-1501\" width=\"300\" height=\"300\" title=\"LED sv\u011btlo pro \u010derpac\u00ed stanice s ochranou proti v\u00fdbuchu\" loading=\"lazy\" role=\"img\"><\/a><\/figure><\/div>\n<\/div>\n<\/div><\/div>\n\n\n\n<div class=\"wp-block-uagb-container uagb-block-548945b5 alignfull uagb-is-root-container\"><div class=\"uagb-container-inner-blocks-wrap\">\n<div class=\"wp-block-uagb-container uagb-block-967755d5\">\n<h4 class=\"wp-block-heading has-text-align-center\"><a href=\"https:\/\/led.amasly.com\/cs\/products\/\">Sv\u011btla LED odoln\u00e1 proti v\u00fdbuchu<\/a><\/h4>\n<\/div>\n\n\n\n<div class=\"wp-block-uagb-container uagb-block-9bc52fc2\">\n<h4 class=\"wp-block-heading has-text-align-center\"><a href=\"https:\/\/led.amasly.com\/cs\/products\/\">Trojit\u00e1 ochrann\u00e1 sv\u011btla LED<\/a><\/h4>\n<\/div>\n\n\n\n<div class=\"wp-block-uagb-container uagb-block-8ffa0a23\">\n<h4 class=\"wp-block-heading has-text-align-center\"><a href=\"https:\/\/led.amasly.com\/cs\/products\/\">Sv\u011btla \u010derpac\u00edch stanic odoln\u00e1 proti v\u00fdbuchu<\/a><\/h4>\n<\/div>\n<\/div><\/div>\n\n\n\n<div class=\"wp-block-uagb-container uagb-block-29499fe0 alignfull uagb-is-root-container\"><div class=\"uagb-container-inner-blocks-wrap\">\n<div class=\"wp-block-uagb-container uagb-block-777ee1c7\">\n<div class=\"wp-block-uagb-image uagb-block-2e9a1851 wp-block-uagb-image--layout-default wp-block-uagb-image--effect-static wp-block-uagb-image--align-none\"><figure class=\"wp-block-uagb-image__figure\"><a class=\"\" href=\"https:\/\/led.amasly.com\/cs\/products\/\" target=\"\" rel=\"noopener\"><img decoding=\"async\" srcset=\"https:\/\/led.amasly.com\/wp-content\/uploads\/2024\/10\/50W-100W-150W-200W-300W-LED-Flood-Light.jpg ,https:\/\/led.amasly.com\/wp-content\/uploads\/2024\/10\/50W-100W-150W-200W-300W-LED-Flood-Light.jpg 780w, https:\/\/led.amasly.com\/wp-content\/uploads\/2024\/10\/50W-100W-150W-200W-300W-LED-Flood-Light.jpg 360w\" sizes=\"auto, (max-width: 480px) 150px\" src=\"https:\/\/led.amasly.com\/wp-content\/uploads\/2024\/10\/50W-100W-150W-200W-300W-LED-Flood-Light.jpg\" alt=\"\" class=\"uag-image-1526\" width=\"300\" height=\"300\" title=\"50W 100W 150W 200W 300W LED z\u00e1plavov\u00e9 sv\u011btlo\" loading=\"lazy\" role=\"img\"><\/a><\/figure><\/div>\n<\/div>\n\n\n\n<div class=\"wp-block-uagb-container uagb-block-af8c8683\">\n<div class=\"wp-block-uagb-image uagb-block-67947854 wp-block-uagb-image--layout-default wp-block-uagb-image--effect-static wp-block-uagb-image--align-none\"><figure class=\"wp-block-uagb-image__figure\"><a class=\"\" href=\"https:\/\/led.amasly.com\/cs\/products\/\" target=\"\" rel=\"noopener\"><img decoding=\"async\" srcset=\"https:\/\/led.amasly.com\/wp-content\/uploads\/2024\/07\/led-tri-proof-light.png ,https:\/\/led.amasly.com\/wp-content\/uploads\/2024\/07\/led-tri-proof-light.png 780w, https:\/\/led.amasly.com\/wp-content\/uploads\/2024\/07\/led-tri-proof-light.png 360w\" sizes=\"auto, (max-width: 480px) 150px\" src=\"https:\/\/led.amasly.com\/wp-content\/uploads\/2024\/07\/led-tri-proof-light.png\" alt=\"\" class=\"uag-image-1130\" width=\"300\" height=\"300\" title=\"led-tri-proof-light\" loading=\"lazy\" role=\"img\"><\/a><\/figure><\/div>\n<\/div>\n\n\n\n<div class=\"wp-block-uagb-container uagb-block-0fdfdd58\">\n<div class=\"wp-block-uagb-image uagb-block-1187d32d wp-block-uagb-image--layout-default wp-block-uagb-image--effect-static wp-block-uagb-image--align-none\"><figure class=\"wp-block-uagb-image__figure\"><a class=\"\" href=\"https:\/\/led.amasly.com\/cs\/products\/\" target=\"\" rel=\"noopener\"><img decoding=\"async\" srcset=\"https:\/\/led.amasly.com\/wp-content\/uploads\/2024\/07\/LED-street-light.jpg ,https:\/\/led.amasly.com\/wp-content\/uploads\/2024\/07\/LED-street-light.jpg 780w, https:\/\/led.amasly.com\/wp-content\/uploads\/2024\/07\/LED-street-light.jpg 360w\" sizes=\"auto, (max-width: 480px) 150px\" src=\"https:\/\/led.amasly.com\/wp-content\/uploads\/2024\/07\/LED-street-light.jpg\" alt=\"\" class=\"uag-image-1145\" width=\"300\" height=\"300\" title=\"Uli\u010dn\u00ed osv\u011btlen\u00ed LED\" loading=\"lazy\" role=\"img\"><\/a><\/figure><\/div>\n<\/div>\n<\/div><\/div>\n\n\n\n<div class=\"wp-block-uagb-container uagb-block-6a60882c alignfull uagb-is-root-container\"><div class=\"uagb-container-inner-blocks-wrap\">\n<div class=\"wp-block-uagb-container uagb-block-f1e91a35\">\n<h4 class=\"wp-block-heading has-text-align-center\"><a href=\"https:\/\/led.amasly.com\/cs\/products\/\">LED sv\u011btla pro zaplaven\u00ed<\/a><\/h4>\n<\/div>\n\n\n\n<div class=\"wp-block-uagb-container uagb-block-165bfa58\">\n<h4 class=\"wp-block-heading has-text-align-center\"><a href=\"https:\/\/led.amasly.com\/cs\/products\/\">LED Tri-Proof Tube Lights<\/a><\/h4>\n<\/div>\n\n\n\n<div class=\"wp-block-uagb-container uagb-block-f6096e3b\">\n<h4 class=\"wp-block-heading has-text-align-center\"><a href=\"https:\/\/led.amasly.com\/cs\/products\/\">Pouli\u010dn\u00ed osv\u011btlen\u00ed LED<\/a><\/h4>\n<\/div>\n<\/div><\/div>\n\n\n\n<div class=\"wp-block-uagb-container uagb-block-99c0e0a5 alignfull uagb-is-root-container\"><div class=\"uagb-container-inner-blocks-wrap\"><\/div><\/div>\n\n\n\n<p><\/p>","protected":false},"excerpt":{"rendered":"<p>Explosion Proof fluorescent Lights Price Amasly Explosion Proof fluorescent Lights Features Polycarbonate alloy material injection molding shell, strong impact resistance, high temperature resistance, cold resistance, strong anti-corrosion and other characteristics; Polycarbonate material injection molding lampshade, high light transmittance, and can withstand strong impact, strip-ribbed design, can effectively prevent glare.Professional optical software design of the light [&hellip;]<\/p>\n","protected":false},"author":1,"featured_media":0,"parent":2869,"menu_order":0,"comment_status":"closed","ping_status":"closed","template":"","meta":{"_uag_custom_page_level_css":"","site-sidebar-layout":"no-sidebar","site-content-layout":"","ast-site-content-layout":"default","site-content-style":"default","site-sidebar-style":"default","ast-global-header-display":"","ast-banner-title-visibility":"","ast-main-header-display":"","ast-hfb-above-header-display":"","ast-hfb-below-header-display":"","ast-hfb-mobile-header-display":"","site-post-title":"disabled","ast-breadcrumbs-content":"","ast-featured-img":"","footer-sml-layout":"","ast-disable-related-posts":"","theme-transparent-header-meta":"enabled","adv-header-id-meta":"","stick-header-meta":"","header-above-stick-meta":"","header-main-stick-meta":"","header-below-stick-meta":"","astra-migrate-meta-layouts":"set","ast-page-background-enabled":"default","ast-page-background-meta":{"desktop":{"background-color":"var(--ast-global-color-4)","background-image":"","background-repeat":"repeat","background-position":"center center","background-size":"auto","background-attachment":"scroll","background-type":"","background-media":"","overlay-type":"","overlay-color":"","overlay-opacity":"","overlay-gradient":""},"tablet":{"background-color":"","background-image":"","background-repeat":"repeat","background-position":"center center","background-size":"auto","background-attachment":"scroll","background-type":"","background-media":"","overlay-type":"","overlay-color":"","overlay-opacity":"","overlay-gradient":""},"mobile":{"background-color":"","background-image":"","background-repeat":"repeat","background-position":"center center","background-size":"auto","background-attachment":"scroll","background-type":"","background-media":"","overlay-type":"","overlay-color":"","overlay-opacity":"","overlay-gradient":""}},"ast-content-background-meta":{"desktop":{"background-color":"var(--ast-global-color-5)","background-image":"","background-repeat":"repeat","background-position":"center center","background-size":"auto","background-attachment":"scroll","background-type":"","background-media":"","overlay-type":"","overlay-color":"","overlay-opacity":"","overlay-gradient":""},"tablet":{"background-color":"var(--ast-global-color-5)","background-image":"","background-repeat":"repeat","background-position":"center center","background-size":"auto","background-attachment":"scroll","background-type":"","background-media":"","overlay-type":"","overlay-color":"","overlay-opacity":"","overlay-gradient":""},"mobile":{"background-color":"var(--ast-global-color-5)","background-image":"","background-repeat":"repeat","background-position":"center center","background-size":"auto","background-attachment":"scroll","background-type":"","background-media":"","overlay-type":"","overlay-color":"","overlay-opacity":"","overlay-gradient":""}},"footnotes":""},"class_list":["post-4002","page","type-page","status-publish","hentry"],"uagb_featured_image_src":{"full":false,"thumbnail":false,"medium":false,"medium_large":false,"large":false,"1536x1536":false,"2048x2048":false,"trp-custom-language-flag":false},"uagb_author_info":{"display_name":"Joe","author_link":"https:\/\/led.amasly.com\/cs\/author\/jacklin\/"},"uagb_comment_info":0,"uagb_excerpt":"Explosion Proof fluorescent Lights Price Amasly Explosion Proof fluorescent Lights Features Polycarbonate alloy material injection molding shell, strong impact resistance, high temperature resistance, cold resistance, strong anti-corrosion and other characteristics; Polycarbonate material injection molding lampshade, high light transmittance, and can withstand strong impact, strip-ribbed design, can effectively prevent glare.Professional optical software design of the light&hellip;","_links":{"self":[{"href":"https:\/\/led.amasly.com\/cs\/wp-json\/wp\/v2\/pages\/4002","targetHints":{"allow":["GET"]}}],"collection":[{"href":"https:\/\/led.amasly.com\/cs\/wp-json\/wp\/v2\/pages"}],"about":[{"href":"https:\/\/led.amasly.com\/cs\/wp-json\/wp\/v2\/types\/page"}],"author":[{"embeddable":true,"href":"https:\/\/led.amasly.com\/cs\/wp-json\/wp\/v2\/users\/1"}],"replies":[{"embeddable":true,"href":"https:\/\/led.amasly.com\/cs\/wp-json\/wp\/v2\/comments?post=4002"}],"version-history":[{"count":2,"href":"https:\/\/led.amasly.com\/cs\/wp-json\/wp\/v2\/pages\/4002\/revisions"}],"predecessor-version":[{"id":4485,"href":"https:\/\/led.amasly.com\/cs\/wp-json\/wp\/v2\/pages\/4002\/revisions\/4485"}],"up":[{"embeddable":true,"href":"https:\/\/led.amasly.com\/cs\/wp-json\/wp\/v2\/pages\/2869"}],"wp:attachment":[{"href":"https:\/\/led.amasly.com\/cs\/wp-json\/wp\/v2\/media?parent=4002"}],"curies":[{"name":"wp","href":"https:\/\/api.w.org\/{rel}","templated":true}]}}