{"id":3978,"date":"2025-05-24T22:25:02","date_gmt":"2025-05-24T14:25:02","guid":{"rendered":"https:\/\/led.amasly.com\/?page_id=3978"},"modified":"2026-01-18T14:08:15","modified_gmt":"2026-01-18T06:08:15","slug":"explosion-proof-linear-lights-price","status":"publish","type":"page","link":"https:\/\/led.amasly.com\/cs\/light-price\/explosion-proof-linear-lights-price\/","title":{"rendered":"Line\u00e1rn\u00ed sv\u011btla s ochranou proti v\u00fdbuchu Cena"},"content":{"rendered":"<div class=\"wp-block-uagb-container uagb-block-27bae773 alignfull uagb-is-root-container\"><div class=\"uagb-container-inner-blocks-wrap\"><\/div><\/div>\n\n\n\n<h1 class=\"wp-block-heading has-text-align-center\"><strong>Nev\u00fdbu\u0161n\u00e1 line\u00e1rn\u00ed sv\u011btla cena<\/strong><\/h1>\n\n\n\n<p>Amasly Explosion Proof Strip Lights se vyv\u00e1\u017e\u00ed na v\u0161echny kontinenty sv\u011bta, do v\u00edce ne\u017e 60 zem\u00ed, s kompletn\u00edmi certifikacemi v\u00fdrobk\u016f a zaji\u0161t\u011bn\u00edm kvality.<\/p>\n\n\n\n<h2 class=\"wp-block-heading\"><strong>Amasly<\/strong> <strong><strong>Funkce nev\u00fdbu\u0161n\u00fdch line\u00e1rn\u00edch sv\u011btel<\/strong><\/strong><\/h2>\n\n\n\n<p>Dlouh\u00e1 \u017eivotnost, tak\u017ee fKonstruk\u010dn\u00ed \u010d\u00e1sti sv\u00edtidel jsou vyrobeny z antikorozn\u00edho hlin\u00edku, povrch je eloxov\u00e1n a pot\u00e9 nast\u0159\u00edk\u00e1n venkovn\u00edm antikorozn\u00edm plastov\u00fdm pr\u00e1\u0161kem z \u010dist\u00e9 prysky\u0159ice a mont\u00e1\u017en\u00ed konzola a \u0161rouby jsou vyrobeny z nerezov\u00e9 oceli SUS304, kterou lze dlouhodob\u011b pou\u017e\u00edt v p\u0159\u00edmo\u0159sk\u00e9m prost\u0159ed\u00ed;<\/p>\n\n\n\n<p>Sv\u00edtidla navr\u017een\u00e1 pro integrovanou t\u011bsnic\u00ed konstrukci, bez otev\u0159en\u00fdch \u0161v\u016f, bez deformac\u00ed, dlouhodob\u00e9 pou\u017e\u00edv\u00e1n\u00ed v drsn\u00e9m venkovn\u00edm pracovn\u00edm prost\u0159ed\u00ed bez vody, hmyzu, popela;<\/p>\n\n\n\n<p>Sv\u00edtidla navr\u017een\u00e1 pro vysoce pevnou antivibra\u010dn\u00ed strukturu, obvod pru\u017enosti proti uvoln\u011bn\u00ed spojen\u00ed, lze pou\u017e\u00edt v m\u00edstech se siln\u00fdmi vibracemi po dlouhou dobu;<\/p>\n\n\n\n<p>Flexibiln\u00ed sv\u011bteln\u00fd v\u00fdkon, \u017e\u00e1dn\u00e9 osln\u011bn\u00ed, \u017e\u00e1dn\u00e9 nebezpe\u010d\u00ed modr\u00e9ho sv\u011btla, vhodn\u00e9 zejm\u00e9na pro dlouhodob\u00e9 osv\u011btlen\u00ed v n\u00edzkoprofilov\u00fdch sc\u00e9n\u00e1ch, kde pracuj\u00ed lid\u00e9;<\/p>\n\n\n\n<p>Kryt propou\u0161t\u011bj\u00edc\u00ed sv\u011btlo je vyroben z nekovov\u00e9ho difuzn\u00edho materi\u00e1lu pro venkovn\u00ed pou\u017eit\u00ed, kter\u00fd m\u016f\u017ee b\u00fdt dlouhodob\u011b vystaven siln\u00e9mu ultrafialov\u00e9mu z\u00e1\u0159en\u00ed ve venkovn\u00edm prost\u0159ed\u00ed, ani\u017e by ze\u017eloutl, zk\u0159ehl nebo popraskal;<\/p>\n\n\n\n<p>Cel\u00e1 lampa m\u00e1 stupe\u0148 kryt\u00ed IP67, je vhodn\u00e1 pro v\u0161echny druhy vnit\u0159n\u00edho i venkovn\u00edho p\u00edsku, prachu, de\u0161t\u011b a mlhy, prudk\u00e9 vlny a kr\u00e1tkodob\u00e9 pono\u0159en\u00ed do vody;<\/p>\n\n\n\n<p>Flexibiln\u00ed a rozmanit\u00e9 metody instalace a rozhran\u00ed, \u0161iroce pou\u017eiteln\u00e9 pro r\u016fzn\u00e9 instala\u010dn\u00ed sc\u00e9n\u00e1\u0159e;<\/p>\n\n\n\n<p>Lampy a sv\u00edtilny lze p\u0159izp\u016fsobit nejvy\u0161\u0161\u00edmu n\u00e1mo\u0159n\u00edmu antikorozn\u00edmu stupni, mont\u00e1\u017en\u00ed dr\u017e\u00e1k a \u0161rouby jsou vyrobeny z nerezov\u00e9 oceli SUS316L, lze je pou\u017e\u00edt v dlouhodob\u00e9m provozn\u00edm prost\u0159ed\u00ed na mo\u0159i;<\/p>\n\n\n\n<p>Nez\u00e1visl\u00e1 konstrukce rozvodn\u00e9 sk\u0159\u00edn\u011b, pohodln\u00e9 zapojen\u00ed ve stejnou dobu, lze prov\u00e9st paraleln\u011b s pou\u017eit\u00edm v\u00edce sv\u00edtidel, co\u017e sni\u017euje n\u00e1klady na instalaci rozvodn\u00fdch sk\u0159\u00edn\u00ed.<\/p>\n\n\n\n<h2 class=\"wp-block-heading\"><strong>Instalace<\/strong><\/h2>\n\n\n\n<p>\u0160irok\u00e9 pou\u017eit\u00ed v \u0159\u00eddic\u00ed m\u00edstnosti v ter\u00e9nu, v kancel\u00e1\u0159i v ter\u00e9nu, v m\u00edstnosti s bateriemi, v oblasti kapaln\u00e9ho \u010dpavku, v pr\u016fchodu pro rafina\u010dn\u00ed v\u011b\u017e, v pr\u016fchodu pro n\u00e1dr\u017ee na skladov\u00e1n\u00ed ropy, v pr\u016fchodu pro plo\u0161iny, v p\u0159\u00edst\u0159e\u0161ku pro ventily \u010derpadel, v potrub\u00ed pod\u00e9l trati, v kom\u00ednech nebezpe\u010dn\u00fdch chemick\u00fdch termin\u00e1l\u016f a na dal\u0161\u00edch m\u00edstech osv\u011btlen\u00ed;<\/p>\n\n\n\n<p>Vhodn\u00e9 pro m\u00edsta s vysokou \u00farovn\u00ed ochrany proti vlhkosti a korozi;<\/p>\n\n\n\n<p>Vhodn\u00e9 pro v\u00fdbu\u0161n\u00e9 plyny 1 z\u00f3na, 2 z\u00f3ny;<\/p>\n\n\n\n<p>Vhodn\u00e9 do prost\u0159ed\u00ed s nebezpe\u010d\u00edm v\u00fdbuchu plyn\u016f IIA, IIB, IIC;<\/p>\n\n\n\n<p>Vhodn\u00e9 pro teplotn\u00ed skupinu T1~T6.<\/p>\n\n\n\n<h2 class=\"wp-block-heading\"><strong>Amasly Nev\u00fdbu\u0161n\u00e1 line\u00e1rn\u00ed sv\u011btla cena<\/strong><\/h2>\n\n\n\n<div class=\"wp-block-uagb-image uagb-block-87c4869a wp-block-uagb-image--layout-default wp-block-uagb-image--effect-static wp-block-uagb-image--align-none\"><figure class=\"wp-block-uagb-image__figure\"><img decoding=\"async\" srcset=\"https:\/\/led.amasly.com\/wp-content\/uploads\/2025\/05\/Explosion-proof-linear-lights.jpg ,https:\/\/led.amasly.com\/wp-content\/uploads\/2025\/05\/Explosion-proof-linear-lights.jpg 780w, https:\/\/led.amasly.com\/wp-content\/uploads\/2025\/05\/Explosion-proof-linear-lights.jpg 360w\" sizes=\"auto, (max-width: 480px) 150px\" src=\"https:\/\/led.amasly.com\/wp-content\/uploads\/2025\/05\/Explosion-proof-linear-lights.jpg\" alt=\"Explosion proof linear lights, Explosion proof linear lights price\" class=\"uag-image-3979\" width=\"800\" height=\"800\" title=\"Nev\u00fdbu\u0161n\u00e1 line\u00e1rn\u00ed sv\u011btla\" loading=\"lazy\" role=\"img\"\/><\/figure><\/div>\n\n\n\n<figure class=\"wp-block-table\"><table class=\"has-fixed-layout\"><tbody><tr><td>Model<\/td><td>Power<\/td><td>Do Cena\/USD<\/td><\/tr><tr><td>BAD61<\/td><td>20W<\/td><td>$39.19<\/td><\/tr><tr><td>BAD61<\/td><td>30W<\/td><td>$39.19<\/td><\/tr><tr><td>BAD61<\/td><td>40W<\/td><td>$56.17<\/td><\/tr><tr><td>BAD61<\/td><td>50W<\/td><td>$56.17<\/td><\/tr><\/tbody><\/table><\/figure>\n\n\n\n<h2 class=\"wp-block-heading\"><strong>Nej\u010dast\u011bj\u0161\u00ed dotazy t\u00fdkaj\u00edc\u00ed se Amasly Light<\/strong><\/h2>\n\n\n\n<p><strong>Q1.Can m\u00e1m vzorovou objedn\u00e1vku pro led sv\u011btla?<\/strong><strong><\/strong><\/p>\n\n\n\n<p>Odpov\u011b\u010f: Ano, v\u00edt\u00e1me objedn\u00e1vku vzorku pro testov\u00e1n\u00ed a kontrolu kvality. Sm\u00ed\u0161en\u00e9 vzorky jsou p\u0159ijateln\u00e9.<\/p>\n\n\n\n<p><strong>Q2.Jak je to s dodac\u00ed lh\u016ftou?<\/strong><strong><\/strong><\/p>\n\n\n\n<p>Odpov\u011b\u010f: Vzorek pot\u0159ebuje 3-5 dn\u00ed, doba hromadn\u00e9 v\u00fdroby pot\u0159ebuje 1-2 t\u00fddny.<\/p>\n\n\n\n<p><strong>Q3.Do m\u00e1te n\u011bjak\u00fd limit MOQ pro led sv\u011btla objedn\u00e1vky?<\/strong><strong><\/strong><\/p>\n\n\n\n<p>A: N\u00edzk\u00fd MOQ 1pc pro kontrolu vzorku je k dispozici.<\/p>\n\n\n\n<p><strong>Q4. Jak zbo\u017e\u00ed zas\u00edl\u00e1te a za jak dlouho doraz\u00ed?<\/strong><strong><\/strong><\/p>\n\n\n\n<p>Odpov\u011b\u010f: Obvykle zas\u00edl\u00e1me <a href=\"https:\/\/www.dhl.com\" rel=\"nofollow noopener\" target=\"_blank\">DHL<\/a>, UPS, FedEx nebo TNT. Obvykle trv\u00e1 3-5 dn\u00ed, ne\u017e doraz\u00ed. Leteck\u00e1 linka a n\u00e1mo\u0159n\u00ed doprava jsou tak\u00e9 voliteln\u00e9.<\/p>\n\n\n\n<p><strong>Q5. Jak postupovat p\u0159i objedn\u00e1vce led sv\u011btla ?<\/strong><strong><\/strong><\/p>\n\n\n\n<p>A:<\/p>\n\n\n\n<p>Nejprve n\u00e1m sd\u011blte sv\u00e9 po\u017eadavky nebo \u017e\u00e1dost.<\/p>\n\n\n\n<p>Za druh\u00e9, cenovou nab\u00eddku vypracujeme podle va\u0161ich po\u017eadavk\u016f nebo na\u0161ich n\u00e1vrh\u016f.<\/p>\n\n\n\n<p>Za t\u0159et\u00ed, z\u00e1kazn\u00edk potvrd\u00ed vzorky a slo\u017e\u00ed z\u00e1lohu na form\u00e1ln\u00ed objedn\u00e1vku.<\/p>\n\n\n\n<p>Za \u010dtvrt\u00e9, zaji\u0161\u0165ujeme v\u00fdrobu.<\/p>\n\n\n\n<p><strong>Q6.Je v po\u0159\u00e1dku tisknout m\u016fj <\/strong><strong>LOGO<\/strong><strong>&nbsp;na vedl sv\u011bteln\u00fd produkt ?<\/strong><strong><\/strong><\/p>\n\n\n\n<p>Odpov\u011b\u010f: Ano.Pros\u00edm, informujte n\u00e1s form\u00e1ln\u011b p\u0159ed na\u0161\u00ed v\u00fdrobou a nejprve potvr\u010fte design na z\u00e1klad\u011b na\u0161eho vzorku.<\/p>\n\n\n\n<p><strong>Ot\u00e1zka 7: Nab\u00edz\u00edte na v\u00fdrobky z\u00e1ruku?<\/strong><strong><\/strong><\/p>\n\n\n\n<p>Odpov\u011b\u010f: Ano, na na\u0161e v\u00fdrobky poskytujeme z\u00e1ruku 2-5 let.<\/p>\n\n\n\n<p><strong>Ot\u00e1zka 8: Jak se vypo\u0159\u00e1dat s vadou?<\/strong><strong><\/strong><\/p>\n\n\n\n<p>A:<\/p>\n\n\n\n<p>Za prv\u00e9, na\u0161e v\u00fdrobky jsou vyr\u00e1b\u011bny dinstrict syst\u00e9m kontroly kvality a vadn\u00e9 m\u00edra bude men\u0161\u00ed ne\u017e 0,2%<\/p>\n\n\n\n<p>Za druh\u00e9, b\u011bhem z\u00e1ru\u010dn\u00ed doby poskytneme n\u00e1hradn\u00ed d\u00edly pro v\u00fdm\u011bnu \u0161patn\u00e9ho d\u00edlu. U hromadn\u00fdch objedn\u00e1vek poskytneme zraniteln\u00e9 d\u00edly p\u0159edem nebo m\u016f\u017eeme projednat \u0159e\u0161en\u00ed v\u010detn\u011b sta\u017een\u00ed z trhu na z\u00e1klad\u011b aktu\u00e1ln\u00ed situace.<\/p>\n\n\n\n<p><strong>Ot\u00e1zka 9: M\u016f\u017eeme vyr\u00e1b\u011bt n\u00edzkonap\u011b\u0165ov\u00e9 nev\u00fdbu\u0161n\u00e9 lampy s nap\u011bt\u00edm AC\/DC 12 V, 24 V, 36 V nebo 48 V? <\/strong><\/p>\n\n\n\n<p>Amasly lze pou\u017e\u00edt jako n\u00edzkonap\u011b\u0165ov\u00e1 i vysokonap\u011b\u0165ov\u00e1 nev\u00fdbu\u0161n\u00e1 sv\u011btla - AC\/DC 12V, 24V, 36V, 48V, AC 85-265V, AC 380V. <\/p>\n\n\n\n<p><strong>Q10: Lze p\u0159idat nouzov\u00e9 baterie Explosion Poof Lights? <\/strong><\/p>\n\n\n\n<p>Nev\u00fdbu\u0161n\u00e1 lampa Amasly m\u016f\u017ee b\u00fdt vybavena nouzov\u00fdmi lithiov\u00fdmi bateriemi. Nouzov\u00e1 v\u00fddr\u017e je 90 minut, 120 minut nebo 180 minut. <\/p>\n\n\n\n<p><strong>Q11: Lze v\u00fdbojku Amasly p\u0159izp\u016fsobit jako v\u00fdrobek OEM? <\/strong><\/p>\n\n\n\n<p>Nev\u00fdbu\u0161n\u00e9 v\u00fdbojky Amasly lze upravit podle po\u017eadavk\u016f z\u00e1kazn\u00edka jak pro v\u00fdbojky, tak pro obalov\u00e9 kartony.<\/p>\n\n\n\n<div class=\"wp-block-uagb-container uagb-block-c7d898dd alignfull uagb-is-root-container\"><div class=\"uagb-container-inner-blocks-wrap\"><\/div><\/div>\n\n\n\n<h2 class=\"wp-block-heading\">Souvisej\u00edc\u00ed produkty<\/h2>\n\n\n\n<div class=\"wp-block-uagb-container uagb-block-66e4defc alignfull uagb-is-root-container\"><div class=\"uagb-container-inner-blocks-wrap\">\n<div class=\"wp-block-uagb-container uagb-block-a42945f9\">\n<div class=\"wp-block-uagb-image uagb-block-7296296b wp-block-uagb-image--layout-default wp-block-uagb-image--effect-static wp-block-uagb-image--align-none\"><figure class=\"wp-block-uagb-image__figure\"><a class=\"\" href=\"https:\/\/led.amasly.com\/cs\/products\/\" target=\"\" rel=\"noopener\"><img decoding=\"async\" srcset=\"https:\/\/led.amasly.com\/wp-content\/uploads\/2024\/09\/Explosion-proof-high-bay-lights.png ,https:\/\/led.amasly.com\/wp-content\/uploads\/2024\/09\/Explosion-proof-high-bay-lights.png 780w, https:\/\/led.amasly.com\/wp-content\/uploads\/2024\/09\/Explosion-proof-high-bay-lights.png 360w\" sizes=\"auto, (max-width: 480px) 150px\" src=\"https:\/\/led.amasly.com\/wp-content\/uploads\/2024\/09\/Explosion-proof-high-bay-lights.png\" alt=\"\" class=\"uag-image-1495\" width=\"300\" height=\"300\" title=\"Nev\u00fdbu\u0161n\u00e1 sv\u00edtidla s vysokou odolnost\u00ed proti v\u00fdbuchu\" loading=\"lazy\" role=\"img\"><\/a><\/figure><\/div>\n<\/div>\n\n\n\n<div class=\"wp-block-uagb-container uagb-block-4d3efde5\">\n<div class=\"wp-block-uagb-image uagb-block-c9e90797 wp-block-uagb-image--layout-default wp-block-uagb-image--effect-static wp-block-uagb-image--align-none\"><figure class=\"wp-block-uagb-image__figure\"><a class=\"\" href=\"https:\/\/led.amasly.com\/cs\/products\/\" target=\"\" rel=\"noopener\"><img decoding=\"async\" srcset=\"https:\/\/led.amasly.com\/wp-content\/uploads\/2024\/07\/LED-tri-proof-lights2.png ,https:\/\/led.amasly.com\/wp-content\/uploads\/2024\/07\/LED-tri-proof-lights2.png 780w, https:\/\/led.amasly.com\/wp-content\/uploads\/2024\/07\/LED-tri-proof-lights2.png 360w\" sizes=\"auto, (max-width: 480px) 150px\" src=\"https:\/\/led.amasly.com\/wp-content\/uploads\/2024\/07\/LED-tri-proof-lights2.png\" alt=\"\" class=\"uag-image-1132\" width=\"300\" height=\"300\" title=\"LED-tri-proof-sv\u011btla2\" loading=\"lazy\" role=\"img\"><\/a><\/figure><\/div>\n<\/div>\n\n\n\n<div class=\"wp-block-uagb-container uagb-block-11c2578b\">\n<div class=\"wp-block-uagb-image uagb-block-6e8883aa wp-block-uagb-image--layout-default wp-block-uagb-image--effect-static wp-block-uagb-image--align-none\"><figure class=\"wp-block-uagb-image__figure\"><a class=\"\" href=\"https:\/\/led.amasly.com\/cs\/products\/\" target=\"\" rel=\"noopener\"><img decoding=\"async\" srcset=\"https:\/\/led.amasly.com\/wp-content\/uploads\/2024\/09\/LED-Explosion-Proof-Gas-Station-Light.png ,https:\/\/led.amasly.com\/wp-content\/uploads\/2024\/09\/LED-Explosion-Proof-Gas-Station-Light.png 780w, https:\/\/led.amasly.com\/wp-content\/uploads\/2024\/09\/LED-Explosion-Proof-Gas-Station-Light.png 360w\" sizes=\"auto, (max-width: 480px) 150px\" src=\"https:\/\/led.amasly.com\/wp-content\/uploads\/2024\/09\/LED-Explosion-Proof-Gas-Station-Light.png\" alt=\"\" class=\"uag-image-1501\" width=\"300\" height=\"300\" title=\"LED sv\u011btlo pro \u010derpac\u00ed stanice s ochranou proti v\u00fdbuchu\" loading=\"lazy\" role=\"img\"><\/a><\/figure><\/div>\n<\/div>\n<\/div><\/div>\n\n\n\n<div class=\"wp-block-uagb-container uagb-block-548945b5 alignfull uagb-is-root-container\"><div class=\"uagb-container-inner-blocks-wrap\">\n<div class=\"wp-block-uagb-container uagb-block-967755d5\">\n<h4 class=\"wp-block-heading has-text-align-center\"><a href=\"https:\/\/led.amasly.com\/cs\/products\/\">Sv\u011btla LED odoln\u00e1 proti v\u00fdbuchu<\/a><\/h4>\n<\/div>\n\n\n\n<div class=\"wp-block-uagb-container uagb-block-9bc52fc2\">\n<h4 class=\"wp-block-heading has-text-align-center\"><a href=\"https:\/\/led.amasly.com\/cs\/products\/\">Trojit\u00e1 ochrann\u00e1 sv\u011btla LED<\/a><\/h4>\n<\/div>\n\n\n\n<div class=\"wp-block-uagb-container uagb-block-8ffa0a23\">\n<h4 class=\"wp-block-heading has-text-align-center\"><a href=\"https:\/\/led.amasly.com\/cs\/products\/\">Sv\u011btla \u010derpac\u00edch stanic odoln\u00e1 proti v\u00fdbuchu<\/a><\/h4>\n<\/div>\n<\/div><\/div>\n\n\n\n<div class=\"wp-block-uagb-container uagb-block-29499fe0 alignfull uagb-is-root-container\"><div class=\"uagb-container-inner-blocks-wrap\">\n<div class=\"wp-block-uagb-container uagb-block-777ee1c7\">\n<div class=\"wp-block-uagb-image uagb-block-2e9a1851 wp-block-uagb-image--layout-default wp-block-uagb-image--effect-static wp-block-uagb-image--align-none\"><figure class=\"wp-block-uagb-image__figure\"><a class=\"\" href=\"https:\/\/led.amasly.com\/cs\/products\/\" target=\"\" rel=\"noopener\"><img decoding=\"async\" srcset=\"https:\/\/led.amasly.com\/wp-content\/uploads\/2024\/10\/50W-100W-150W-200W-300W-LED-Flood-Light.jpg ,https:\/\/led.amasly.com\/wp-content\/uploads\/2024\/10\/50W-100W-150W-200W-300W-LED-Flood-Light.jpg 780w, https:\/\/led.amasly.com\/wp-content\/uploads\/2024\/10\/50W-100W-150W-200W-300W-LED-Flood-Light.jpg 360w\" sizes=\"auto, (max-width: 480px) 150px\" src=\"https:\/\/led.amasly.com\/wp-content\/uploads\/2024\/10\/50W-100W-150W-200W-300W-LED-Flood-Light.jpg\" alt=\"\" class=\"uag-image-1526\" width=\"300\" height=\"300\" title=\"50W 100W 150W 200W 300W LED z\u00e1plavov\u00e9 sv\u011btlo\" loading=\"lazy\" role=\"img\"><\/a><\/figure><\/div>\n<\/div>\n\n\n\n<div class=\"wp-block-uagb-container uagb-block-af8c8683\">\n<div class=\"wp-block-uagb-image uagb-block-67947854 wp-block-uagb-image--layout-default wp-block-uagb-image--effect-static wp-block-uagb-image--align-none\"><figure class=\"wp-block-uagb-image__figure\"><a class=\"\" href=\"https:\/\/led.amasly.com\/cs\/products\/\" target=\"\" rel=\"noopener\"><img decoding=\"async\" srcset=\"https:\/\/led.amasly.com\/wp-content\/uploads\/2024\/07\/led-tri-proof-light.png ,https:\/\/led.amasly.com\/wp-content\/uploads\/2024\/07\/led-tri-proof-light.png 780w, https:\/\/led.amasly.com\/wp-content\/uploads\/2024\/07\/led-tri-proof-light.png 360w\" sizes=\"auto, (max-width: 480px) 150px\" src=\"https:\/\/led.amasly.com\/wp-content\/uploads\/2024\/07\/led-tri-proof-light.png\" alt=\"\" class=\"uag-image-1130\" width=\"300\" height=\"300\" title=\"led-tri-proof-light\" loading=\"lazy\" role=\"img\"><\/a><\/figure><\/div>\n<\/div>\n\n\n\n<div class=\"wp-block-uagb-container uagb-block-0fdfdd58\">\n<div class=\"wp-block-uagb-image uagb-block-1187d32d wp-block-uagb-image--layout-default wp-block-uagb-image--effect-static wp-block-uagb-image--align-none\"><figure class=\"wp-block-uagb-image__figure\"><a class=\"\" href=\"https:\/\/led.amasly.com\/cs\/products\/\" target=\"\" rel=\"noopener\"><img decoding=\"async\" srcset=\"https:\/\/led.amasly.com\/wp-content\/uploads\/2024\/07\/LED-street-light.jpg ,https:\/\/led.amasly.com\/wp-content\/uploads\/2024\/07\/LED-street-light.jpg 780w, https:\/\/led.amasly.com\/wp-content\/uploads\/2024\/07\/LED-street-light.jpg 360w\" sizes=\"auto, (max-width: 480px) 150px\" src=\"https:\/\/led.amasly.com\/wp-content\/uploads\/2024\/07\/LED-street-light.jpg\" alt=\"\" class=\"uag-image-1145\" width=\"300\" height=\"300\" title=\"Uli\u010dn\u00ed osv\u011btlen\u00ed LED\" loading=\"lazy\" role=\"img\"><\/a><\/figure><\/div>\n<\/div>\n<\/div><\/div>\n\n\n\n<div class=\"wp-block-uagb-container uagb-block-6a60882c alignfull uagb-is-root-container\"><div class=\"uagb-container-inner-blocks-wrap\">\n<div class=\"wp-block-uagb-container uagb-block-f1e91a35\">\n<h4 class=\"wp-block-heading has-text-align-center\"><a href=\"https:\/\/led.amasly.com\/cs\/products\/\">LED sv\u011btla pro zaplaven\u00ed<\/a><\/h4>\n<\/div>\n\n\n\n<div class=\"wp-block-uagb-container uagb-block-165bfa58\">\n<h4 class=\"wp-block-heading has-text-align-center\"><a href=\"https:\/\/led.amasly.com\/cs\/products\/\">LED Tri-Proof Tube Lights<\/a><\/h4>\n<\/div>\n\n\n\n<div class=\"wp-block-uagb-container uagb-block-f6096e3b\">\n<h4 class=\"wp-block-heading has-text-align-center\"><a href=\"https:\/\/led.amasly.com\/cs\/products\/\">Pouli\u010dn\u00ed osv\u011btlen\u00ed LED<\/a><\/h4>\n<\/div>\n<\/div><\/div>\n\n\n\n<div class=\"wp-block-uagb-container uagb-block-99c0e0a5 alignfull uagb-is-root-container\"><div class=\"uagb-container-inner-blocks-wrap\"><\/div><\/div>\n\n\n\n<p><\/p>","protected":false},"excerpt":{"rendered":"<p>Explosion proof linear lights price Amasly Explosion Proof Strip Lights are exported to all continents of the world, more than 60 countries, with complete product certifications and quality assurance. Amasly Explosion proof linear lights features Long life so fThe structural parts of the lamps are made of anticorrosive aluminum, the surface is anodized and then [&hellip;]<\/p>\n","protected":false},"author":1,"featured_media":0,"parent":2869,"menu_order":0,"comment_status":"closed","ping_status":"closed","template":"","meta":{"_uag_custom_page_level_css":"","site-sidebar-layout":"no-sidebar","site-content-layout":"","ast-site-content-layout":"default","site-content-style":"default","site-sidebar-style":"default","ast-global-header-display":"","ast-banner-title-visibility":"","ast-main-header-display":"","ast-hfb-above-header-display":"","ast-hfb-below-header-display":"","ast-hfb-mobile-header-display":"","site-post-title":"disabled","ast-breadcrumbs-content":"","ast-featured-img":"","footer-sml-layout":"","ast-disable-related-posts":"","theme-transparent-header-meta":"enabled","adv-header-id-meta":"","stick-header-meta":"","header-above-stick-meta":"","header-main-stick-meta":"","header-below-stick-meta":"","astra-migrate-meta-layouts":"set","ast-page-background-enabled":"default","ast-page-background-meta":{"desktop":{"background-color":"var(--ast-global-color-4)","background-image":"","background-repeat":"repeat","background-position":"center center","background-size":"auto","background-attachment":"scroll","background-type":"","background-media":"","overlay-type":"","overlay-color":"","overlay-opacity":"","overlay-gradient":""},"tablet":{"background-color":"","background-image":"","background-repeat":"repeat","background-position":"center center","background-size":"auto","background-attachment":"scroll","background-type":"","background-media":"","overlay-type":"","overlay-color":"","overlay-opacity":"","overlay-gradient":""},"mobile":{"background-color":"","background-image":"","background-repeat":"repeat","background-position":"center center","background-size":"auto","background-attachment":"scroll","background-type":"","background-media":"","overlay-type":"","overlay-color":"","overlay-opacity":"","overlay-gradient":""}},"ast-content-background-meta":{"desktop":{"background-color":"var(--ast-global-color-5)","background-image":"","background-repeat":"repeat","background-position":"center center","background-size":"auto","background-attachment":"scroll","background-type":"","background-media":"","overlay-type":"","overlay-color":"","overlay-opacity":"","overlay-gradient":""},"tablet":{"background-color":"var(--ast-global-color-5)","background-image":"","background-repeat":"repeat","background-position":"center center","background-size":"auto","background-attachment":"scroll","background-type":"","background-media":"","overlay-type":"","overlay-color":"","overlay-opacity":"","overlay-gradient":""},"mobile":{"background-color":"var(--ast-global-color-5)","background-image":"","background-repeat":"repeat","background-position":"center center","background-size":"auto","background-attachment":"scroll","background-type":"","background-media":"","overlay-type":"","overlay-color":"","overlay-opacity":"","overlay-gradient":""}},"footnotes":""},"class_list":["post-3978","page","type-page","status-publish","hentry"],"uagb_featured_image_src":{"full":false,"thumbnail":false,"medium":false,"medium_large":false,"large":false,"1536x1536":false,"2048x2048":false,"trp-custom-language-flag":false},"uagb_author_info":{"display_name":"Joe","author_link":"https:\/\/led.amasly.com\/cs\/author\/jacklin\/"},"uagb_comment_info":0,"uagb_excerpt":"Explosion proof linear lights price Amasly Explosion Proof Strip Lights are exported to all continents of the world, more than 60 countries, with complete product certifications and quality assurance. Amasly Explosion proof linear lights features Long life so fThe structural parts of the lamps are made of anticorrosive aluminum, the surface is anodized and then&hellip;","_links":{"self":[{"href":"https:\/\/led.amasly.com\/cs\/wp-json\/wp\/v2\/pages\/3978","targetHints":{"allow":["GET"]}}],"collection":[{"href":"https:\/\/led.amasly.com\/cs\/wp-json\/wp\/v2\/pages"}],"about":[{"href":"https:\/\/led.amasly.com\/cs\/wp-json\/wp\/v2\/types\/page"}],"author":[{"embeddable":true,"href":"https:\/\/led.amasly.com\/cs\/wp-json\/wp\/v2\/users\/1"}],"replies":[{"embeddable":true,"href":"https:\/\/led.amasly.com\/cs\/wp-json\/wp\/v2\/comments?post=3978"}],"version-history":[{"count":3,"href":"https:\/\/led.amasly.com\/cs\/wp-json\/wp\/v2\/pages\/3978\/revisions"}],"predecessor-version":[{"id":4491,"href":"https:\/\/led.amasly.com\/cs\/wp-json\/wp\/v2\/pages\/3978\/revisions\/4491"}],"up":[{"embeddable":true,"href":"https:\/\/led.amasly.com\/cs\/wp-json\/wp\/v2\/pages\/2869"}],"wp:attachment":[{"href":"https:\/\/led.amasly.com\/cs\/wp-json\/wp\/v2\/media?parent=3978"}],"curies":[{"name":"wp","href":"https:\/\/api.w.org\/{rel}","templated":true}]}}