{"id":3231,"date":"2025-05-09T22:26:03","date_gmt":"2025-05-09T14:26:03","guid":{"rendered":"https:\/\/led.amasly.com\/?page_id=3231"},"modified":"2025-05-09T22:26:09","modified_gmt":"2025-05-09T14:26:09","slug":"jak-mohou-chemicke-zavody-predchazet-vybuchum-5-zasadnich-opatreni-ktera-je-treba-zavest","status":"publish","type":"page","link":"https:\/\/led.amasly.com\/cs\/znalosti\/znalosti-o-vyrobcich-odolnych-proti-vybuchu\/jak-mohou-chemicke-zavody-predchazet-vybuchum-5-zasadnich-opatreni-ktera-je-treba-zavest\/","title":{"rendered":"Jak mohou chemick\u00e9 z\u00e1vody zabr\u00e1nit v\u00fdbuch\u016fm? 5 z\u00e1sadn\u00edch opat\u0159en\u00ed, kter\u00e1 je t\u0159eba zav\u00e9st!"},"content":{"rendered":"<div class=\"wp-block-uagb-container uagb-block-27bae773 alignfull uagb-is-root-container\"><div class=\"uagb-container-inner-blocks-wrap\"><\/div><\/div>\n\n\n\n<h1 class=\"wp-block-heading has-text-align-center\"><strong>Jak mohou chemick\u00e9 z\u00e1vody zabr\u00e1nit v\u00fdbuch\u016fm? 5 z\u00e1sadn\u00edch opat\u0159en\u00ed, kter\u00e1 je t\u0159eba zav\u00e9st!<\/strong><\/h1>\n\n\n\n<div class=\"wp-block-uagb-image uagb-block-da1360b5 wp-block-uagb-image--layout-default wp-block-uagb-image--effect-static wp-block-uagb-image--align-none\"><figure class=\"wp-block-uagb-image__figure\"><a class=\"\" href=\"https:\/\/led.amasly.com\/cs\/\" target=\"\" rel=\"noopener\"><img decoding=\"async\" srcset=\"https:\/\/led.amasly.com\/wp-content\/uploads\/2025\/05\/Explosion-proof-of-chemical-plants.jpg ,https:\/\/led.amasly.com\/wp-content\/uploads\/2025\/05\/Explosion-proof-of-chemical-plants.jpg 780w, https:\/\/led.amasly.com\/wp-content\/uploads\/2025\/05\/Explosion-proof-of-chemical-plants.jpg 360w\" sizes=\"auto, (max-width: 480px) 150px\" src=\"https:\/\/led.amasly.com\/wp-content\/uploads\/2025\/05\/Explosion-proof-of-chemical-plants.jpg\" alt=\"\" class=\"uag-image-3232\" width=\"1004\" height=\"308\" title=\"Odolnost chemick\u00fdch za\u0159\u00edzen\u00ed proti v\u00fdbuchu\" loading=\"lazy\" role=\"img\"><\/a><\/figure><\/div>\n\n\n\n<p>V posledn\u00edch letech vyvol\u00e1vaj\u00ed \u010dast\u00e9 v\u00fdbuchy v chemick\u00fdch z\u00e1vodech obavy ve\u0159ejnosti: Pro\u010d tato za\u0159\u00edzen\u00ed p\u0159edstavuj\u00ed takovou trvalou hrozbu pro ve\u0159ejnou bezpe\u010dnost? Jak lze zabr\u00e1nit v\u00fdbuch\u016fm v jejich po\u010d\u00e1tc\u00edch? N\u00ed\u017ee uv\u00e1d\u00edme p\u011bt z\u00e1kladn\u00edch strategi\u00ed pro chemick\u00e9 podniky, jak zm\u00edrnit rizika v\u00fdbuchu.<\/p>\n\n\n\n<hr class=\"wp-block-separator has-alpha-channel-opacity\"\/>\n\n\n\n<h2 class=\"wp-block-heading\"><strong>1. Odolnost chemick\u00fdch za\u0159\u00edzen\u00ed proti v\u00fdbuchu<\/strong>: <strong>Kontrola a eliminace zdroj\u016f vzn\u00edcen\u00ed<\/strong><\/h2>\n\n\n\n<h4 class=\"wp-block-heading\"><strong>(1) Otev\u0159en\u00e9 plameny<\/strong><\/h4>\n\n\n\n<p>Otev\u0159en\u00fd ohe\u0148 v pr\u016fmyslov\u00e9m prost\u0159ed\u00ed zahrnuje p\u0159edev\u0161\u00edm topen\u00ed, \u00fadr\u017ebu a dal\u0161\u00ed provozn\u00ed zdroje ohn\u011b.<\/p>\n\n\n\n<ul class=\"wp-block-list\">\n<li>Pro oh\u0159ev ho\u0159lav\u00fdch materi\u00e1l\u016f pou\u017e\u00edvejte p\u00e1ru nebo jin\u00e1 m\u00e9dia pro p\u0159enos tepla nam\u00edsto otev\u0159en\u00e9ho ohn\u011b. Pokud se otev\u0159en\u00e9mu ohni nelze vyhnout, zajist\u011bte, aby bylo za\u0159\u00edzen\u00ed t\u011bsn\u011b uzav\u0159eno a spalovac\u00ed komory byly izolov\u00e1ny od zpracovatelsk\u00fdch jednotek.<\/li>\n\n\n\n<li>Minimalizujte sva\u0159ov\u00e1n\u00ed v m\u00edstech s nebezpe\u010d\u00edm po\u017e\u00e1ru nebo v\u00fdbuchu. Dodr\u017eujte bezpe\u010dnou vzd\u00e1lenost mezi sva\u0159ovac\u00edmi pracovi\u0161ti a ho\u0159lav\u00fdmi za\u0159\u00edzen\u00edmi. P\u0159i hork\u00fdch prac\u00edch (nap\u0159. sva\u0159ov\u00e1n\u00ed) na za\u0159\u00edzen\u00edch nebo potrub\u00edch obsahuj\u00edc\u00edch ho\u0159lav\u00e9 materi\u00e1ly p\u0159\u00edsn\u011b dodr\u017eujte protokoly, jako je izolace, proplachov\u00e1n\u00ed, \u010di\u0161t\u011bn\u00ed a zkou\u0161en\u00ed plyn\u016f.<\/li>\n\n\n\n<li>P\u0159edch\u00e1zejte jisk\u0159en\u00ed z kom\u00edn\u016f nebo v\u00fdfuk\u016f vozidel t\u00edm, \u017ee zajist\u00edte spr\u00e1vn\u00e9 spalov\u00e1n\u00ed v kamnech, dostate\u010dnou v\u00fd\u0161ku kom\u00edna a nainstalujete na v\u00fdfukov\u00e9 potrub\u00ed lapa\u010de jisker.<\/li>\n<\/ul>\n\n\n\n<h4 class=\"wp-block-heading\"><strong>(2) T\u0159en\u00ed a n\u00e1raz<\/strong><\/h4>\n\n\n\n<p>Jiskry vznikaj\u00edc\u00ed t\u0159en\u00edm stroj\u016f, n\u00e1razy kov\u016f nebo n\u00e1razy n\u00e1stroj\u016f do betonu mohou zap\u00e1lit ho\u0159lav\u00e9 materi\u00e1ly. Opat\u0159en\u00ed ke zm\u00edrn\u011bn\u00ed n\u00e1sledk\u016f zahrnuj\u00ed:<\/p>\n\n\n\n<ul class=\"wp-block-list\">\n<li>Pravideln\u011b ma\u017ete lo\u017eiska, abyste sn\u00ed\u017eili t\u0159en\u00ed a odstranili ho\u0159lav\u00e9 zbytky.<\/li>\n\n\n\n<li>Pro rotuj\u00edc\u00ed \u010d\u00e1sti v nebezpe\u010dn\u00fdch oblastech pou\u017e\u00edvejte nejisk\u0159\u00edc\u00ed materi\u00e1ly (nap\u0159. slitiny m\u011bdi). Instalujte magnetick\u00e9 odlu\u010dova\u010de k odstran\u011bn\u00ed kovov\u00fdch zbytk\u016f ze surovin.<\/li>\n\n\n\n<li>S plynov\u00fdmi lahvemi nebo n\u00e1dobami s ho\u0159lav\u00fdmi kapalinami zach\u00e1zejte opatrn\u011b. V rizikov\u00fdch z\u00f3n\u00e1ch zaka\u017ete obuv s hroty a pou\u017e\u00edvejte podlahy odoln\u00e9 proti jiskr\u00e1m.<\/li>\n<\/ul>\n\n\n\n<div class=\"wp-block-uagb-image uagb-block-104b9dbc wp-block-uagb-image--layout-default wp-block-uagb-image--effect-static wp-block-uagb-image--align-none\"><figure class=\"wp-block-uagb-image__figure\"><img decoding=\"async\" srcset=\"https:\/\/led.amasly.com\/wp-content\/uploads\/2025\/05\/Chemical-plant-1024x1024.jpg ,https:\/\/led.amasly.com\/wp-content\/uploads\/2025\/05\/Chemical-plant.jpg 780w, https:\/\/led.amasly.com\/wp-content\/uploads\/2025\/05\/Chemical-plant.jpg 360w\" sizes=\"auto, (max-width: 480px) 150px\" src=\"https:\/\/led.amasly.com\/wp-content\/uploads\/2025\/05\/Chemical-plant-1024x1024.jpg\" alt=\"\" class=\"uag-image-3233\" width=\"1080\" height=\"1080\" title=\"Chemick\u00fd z\u00e1vod\" loading=\"lazy\" role=\"img\"><\/figure><\/div>\n\n\n\n<h4 class=\"wp-block-heading\"><strong>(3) Elektrick\u00e9 jiskry<\/strong><\/h4>\n\n\n\n<p>Elektrick\u00e9 jiskry jsou hlavn\u00ed p\u0159\u00ed\u010dinou v\u00fdbuch\u016f. V nebezpe\u010dn\u00fdch oblastech zav\u00e1d\u011bjte nev\u00fdbu\u0161n\u00e9, ut\u011bsn\u011bn\u00e9 nebo izolovan\u00e9 elektrick\u00e9 syst\u00e9my na z\u00e1klad\u011b klasifikace rizik a vlastnost\u00ed materi\u00e1l\u016f.<\/p>\n\n\n\n<p>V\u00fdb\u011br nev\u00fdbu\u0161n\u00e9ho elektrick\u00e9ho za\u0159\u00edzen\u00ed a dal\u0161\u00ed aspekty by m\u011bly b\u00fdt provedeny v souladu s t\u011bmito p\u0159edpisy <a href=\"http:\/\/www.iecex-certs.com\/\" rel=\"nofollow noopener\" target=\"_blank\">p\u0159\u00edslu\u0161n\u00e9 normy EN60079.<\/a><\/p>\n\n\n\n<h4 class=\"wp-block-heading\"><strong>(4) Jin\u00e9 zdroje vzn\u00edcen\u00ed<\/strong><\/h4>\n\n\n\n<p>\u0158e\u0161te elektrostatick\u00e9 v\u00fdboje, \u00fadery blesku a kontakt ho\u0159lav\u00fdch materi\u00e1l\u016f s hork\u00fdmi povrchy. Izolujte vysokoteplotn\u00ed za\u0159\u00edzen\u00ed a potrub\u00ed.<\/p>\n\n\n\n<hr class=\"wp-block-separator has-alpha-channel-opacity\"\/>\n\n\n\n<h3 class=\"wp-block-heading\"><strong>2. Bezpe\u010dn\u00e1 manipulace s nebezpe\u010dn\u00fdmi materi\u00e1ly<\/strong><\/h3>\n\n\n\n<ul class=\"wp-block-list\">\n<li>Nahrazujte vysoce nebezpe\u010dn\u00e9 materi\u00e1ly bezpe\u010dn\u011bj\u0161\u00edmi alternativami, pokud je to mo\u017en\u00e9.<\/li>\n\n\n\n<li>Izolovat nebo stabilizovat samoz\u00e1paln\u00e9 l\u00e1tky (nap\u0159. oleje, chemik\u00e1lie reaguj\u00edc\u00ed s vodou). Zabra\u0148te m\u00edch\u00e1n\u00ed neslu\u010diteln\u00fdch materi\u00e1l\u016f (nap\u0159. oxida\u010dn\u00edch l\u00e1tek s ho\u0159lavinami).<\/li>\n\n\n\n<li>Nestabiln\u00ed materi\u00e1ly skladujte se stabiliz\u00e1tory (nap\u0159. kyselina s\u00edrov\u00e1 pro kyanovod\u00edk, hydrochinon pro akrylonitril).<\/li>\n\n\n\n<li>Pro kapaliny citliv\u00e9 na sv\u011btlo (nap\u0159. \u00e9tery) pou\u017e\u00edvejte tmav\u00e9 sklen\u011bn\u00e9 nebo kovov\u00e9 n\u00e1doby, abyste zabr\u00e1nili tvorb\u011b peroxidu.<\/li>\n\n\n\n<li>Zohledn\u011bte rizika rozlit\u00ed kapalin p\u0159i navrhov\u00e1n\u00ed z\u00e1chytn\u00fdch syst\u00e9m\u016f.<\/li>\n<\/ul>\n\n\n\n<hr class=\"wp-block-separator has-alpha-channel-opacity\"\/>\n\n\n\n<h3 class=\"wp-block-heading\"><strong>3. Odolnost chemick\u00fdch za\u0159\u00edzen\u00ed proti v\u00fdbuchu<\/strong>: <strong>\u0158\u00edzen\u00ed bezpe\u010dnosti procesn\u00edch parametr\u016f<\/strong><\/h3>\n\n\n\n<h4 class=\"wp-block-heading\"><strong>(1) Regulace teploty<\/strong><\/h4>\n\n\n\n<p>Udr\u017eujte optim\u00e1ln\u00ed reak\u010dn\u00ed teplotu, aby nedoch\u00e1zelo ke zkratov\u00fdm reakc\u00edm nebo rozkladu.<\/p>\n\n\n\n<h4 class=\"wp-block-heading\"><strong>(2) \u0158\u00edzen\u00ed tlaku<\/strong><\/h4>\n\n\n\n<p>Sledujte kol\u00eds\u00e1n\u00ed tlaku a instalujte spolehliv\u00e1 bezpe\u010dnostn\u00ed za\u0159\u00edzen\u00ed (nap\u0159. pojistn\u00e9 ventily). Zabra\u0148te k\u0159\u00ed\u017eov\u00e9 kontaminaci plyn\u016f mezi syst\u00e9my.<\/p>\n\n\n\n<h4 class=\"wp-block-heading\"><strong>(3) Pod\u00e1v\u00e1n\u00ed materi\u00e1lu<\/strong><\/h4>\n\n\n\n<ul class=\"wp-block-list\">\n<li>Regulujte rychlost pod\u00e1v\u00e1n\u00ed, abyste zabr\u00e1nili tepeln\u00e9mu vy\u010derp\u00e1n\u00ed.<\/li>\n\n\n\n<li>P\u0159\u00edsn\u011b kontrolujte pom\u011bry reaktant\u016f a posloupnost jejich pod\u00e1v\u00e1n\u00ed (nap\u0159. vod\u00edk p\u0159ed chlorem p\u0159i synt\u00e9ze HCl). Zaveden\u00ed blokovan\u00fdch ventil\u016f, aby se zabr\u00e1nilo chyb\u00e1m.<\/li>\n\n\n\n<li>Zajist\u011bte \u010distotu surovin, abyste se vyhnuli nebezpe\u010dn\u00fdm vedlej\u0161\u00edm reakc\u00edm.<\/li>\n<\/ul>\n\n\n\n<h4 class=\"wp-block-heading\"><strong>(4) Prevence \u00fanik\u016f<\/strong><\/h4>\n\n\n\n<p>\u0158e\u0161en\u00ed vnit\u0159n\u00edch\/venkovn\u00edch net\u011bsnost\u00ed pomoc\u00ed \u00fadr\u017eby ventil\u016f, dvouventilov\u00fdch syst\u00e9m\u016f a jasn\u00e9ho zna\u010den\u00ed. Zabra\u0148te p\u0159epln\u011bn\u00ed a nespr\u00e1vn\u00e9 obsluze.<\/p>\n\n\n\n<h4 class=\"wp-block-heading\"><strong>(5) Protokoly o nouzov\u00e9m vypnut\u00ed<\/strong><\/h4>\n\n\n\n<p>\u0160kolen\u00ed person\u00e1lu pro p\u0159\u00edpady v\u00fdpadk\u016f nap\u00e1jen\u00ed\/spot\u0159ebi\u010d\u016f. Prov\u00e1d\u011bjte cvi\u010den\u00ed a p\u0159ipravujte pohotovostn\u00ed pl\u00e1ny.<\/p>\n\n\n\n<hr class=\"wp-block-separator has-alpha-channel-opacity\"\/>\n\n\n\n<h3 class=\"wp-block-heading\"><strong>4. T\u011bsn\u011bn\u00ed a inertizace syst\u00e9mu<\/strong><\/h3>\n\n\n\n<h4 class=\"wp-block-heading\"><strong>(1) T\u011bsn\u011bn\u00ed<\/strong><\/h4>\n\n\n\n<p>Minimalizujte net\u011bsnosti pou\u017eit\u00edm sva\u0159ovan\u00fdch spoj\u016f nad p\u0159\u00edrubami a beze\u0161v\u00fdch trubek. U vakuov\u00fdch syst\u00e9m\u016f zabra\u0148te vniknut\u00ed vzduchu pomoc\u00ed profukov\u00e1n\u00ed inertn\u00edm plynem.<\/p>\n\n\n\n<h4 class=\"wp-block-heading\"><strong>(2) Inertizace<\/strong><\/h4>\n\n\n\n<p>Nahra\u010fte kysl\u00edk inertn\u00edmi plyny (nap\u0159. dus\u00edkem), abyste potla\u010dili ho\u0159en\u00ed. Sledujte pr\u016ftok plynu, tlak a hladinu kysl\u00edku.<\/p>\n\n\n\n<hr class=\"wp-block-separator has-alpha-channel-opacity\"\/>\n\n\n\n<h3 class=\"wp-block-heading\"><strong>5. Ventilace<\/strong><\/h3>\n\n\n\n<ul class=\"wp-block-list\">\n<li>Zamezte recirkulaci vzduchu obsahuj\u00edc\u00edho ho\u0159lav\u00e9 plyny. Odd\u011blte v\u00fdfukov\u00e9 a sac\u00ed syst\u00e9my.<\/li>\n\n\n\n<li>Pou\u017e\u00edvejte ventil\u00e1tory a potrub\u00ed odoln\u00e9 proti jiskr\u00e1m. Vyhn\u011bte se veden\u00ed ventila\u010dn\u00edho potrub\u00ed p\u0159es po\u017e\u00e1rn\u00ed st\u011bny.<\/li>\n<\/ul>\n\n\n\n<hr class=\"wp-block-separator has-alpha-channel-opacity\"\/>\n\n\n\n<p class=\"has-text-align-left\">D\u016fsledn\u00fdm prov\u00e1d\u011bn\u00edm t\u011bchto opat\u0159en\u00ed - kontrolou zdroj\u016f vzn\u00edcen\u00ed, \u0159\u00edzen\u00edm nebezpe\u010dn\u00fdch materi\u00e1l\u016f, optimalizac\u00ed procesn\u00edch parametr\u016f, zaji\u0161t\u011bn\u00edm integrity syst\u00e9mu a udr\u017eov\u00e1n\u00edm spr\u00e1vn\u00e9 ventilace - mohou chemick\u00e9 z\u00e1vody v\u00fdrazn\u011b sn\u00ed\u017eit riziko v\u00fdbuchu a ochr\u00e1nit pracovn\u00edky i obyvatele.<\/p>\n\n\n\n<div class=\"wp-block-uagb-container uagb-block-c7d898dd alignfull uagb-is-root-container\"><div class=\"uagb-container-inner-blocks-wrap\"><\/div><\/div>\n\n\n\n<h2 class=\"wp-block-heading\">Souvisej\u00edc\u00ed produkty<\/h2>\n\n\n\n<div class=\"wp-block-uagb-container uagb-block-66e4defc alignfull uagb-is-root-container\"><div class=\"uagb-container-inner-blocks-wrap\">\n<div class=\"wp-block-uagb-container uagb-block-a42945f9\">\n<div class=\"wp-block-uagb-image uagb-block-7296296b wp-block-uagb-image--layout-default wp-block-uagb-image--effect-static wp-block-uagb-image--align-none\"><figure class=\"wp-block-uagb-image__figure\"><a class=\"\" href=\"https:\/\/led.amasly.com\/cs\/produkty\/\" target=\"\" rel=\"noopener\"><img decoding=\"async\" srcset=\"https:\/\/led.amasly.com\/wp-content\/uploads\/2024\/09\/Explosion-proof-high-bay-lights.png ,https:\/\/led.amasly.com\/wp-content\/uploads\/2024\/09\/Explosion-proof-high-bay-lights.png 780w, https:\/\/led.amasly.com\/wp-content\/uploads\/2024\/09\/Explosion-proof-high-bay-lights.png 360w\" sizes=\"auto, (max-width: 480px) 150px\" src=\"https:\/\/led.amasly.com\/wp-content\/uploads\/2024\/09\/Explosion-proof-high-bay-lights.png\" alt=\"\" class=\"uag-image-1495\" width=\"300\" height=\"300\" title=\"Nev\u00fdbu\u0161n\u00e1 sv\u00edtidla s vysokou odolnost\u00ed proti v\u00fdbuchu\" loading=\"lazy\" role=\"img\"><\/a><\/figure><\/div>\n<\/div>\n\n\n\n<div class=\"wp-block-uagb-container uagb-block-4d3efde5\">\n<div class=\"wp-block-uagb-image uagb-block-c9e90797 wp-block-uagb-image--layout-default wp-block-uagb-image--effect-static wp-block-uagb-image--align-none\"><figure class=\"wp-block-uagb-image__figure\"><a class=\"\" href=\"https:\/\/led.amasly.com\/cs\/produkty\/\" target=\"\" rel=\"noopener\"><img decoding=\"async\" srcset=\"https:\/\/led.amasly.com\/wp-content\/uploads\/2024\/07\/LED-tri-proof-lights2.png ,https:\/\/led.amasly.com\/wp-content\/uploads\/2024\/07\/LED-tri-proof-lights2.png 780w, https:\/\/led.amasly.com\/wp-content\/uploads\/2024\/07\/LED-tri-proof-lights2.png 360w\" sizes=\"auto, (max-width: 480px) 150px\" src=\"https:\/\/led.amasly.com\/wp-content\/uploads\/2024\/07\/LED-tri-proof-lights2.png\" alt=\"\" class=\"uag-image-1132\" width=\"300\" height=\"300\" title=\"LED-tri-proof-sv\u011btla2\" loading=\"lazy\" role=\"img\"><\/a><\/figure><\/div>\n<\/div>\n\n\n\n<div class=\"wp-block-uagb-container uagb-block-11c2578b\">\n<div class=\"wp-block-uagb-image uagb-block-6e8883aa wp-block-uagb-image--layout-default wp-block-uagb-image--effect-static wp-block-uagb-image--align-none\"><figure class=\"wp-block-uagb-image__figure\"><a class=\"\" href=\"https:\/\/led.amasly.com\/cs\/produkty\/\" target=\"\" rel=\"noopener\"><img decoding=\"async\" srcset=\"https:\/\/led.amasly.com\/wp-content\/uploads\/2024\/09\/LED-Explosion-Proof-Gas-Station-Light.png ,https:\/\/led.amasly.com\/wp-content\/uploads\/2024\/09\/LED-Explosion-Proof-Gas-Station-Light.png 780w, https:\/\/led.amasly.com\/wp-content\/uploads\/2024\/09\/LED-Explosion-Proof-Gas-Station-Light.png 360w\" sizes=\"auto, (max-width: 480px) 150px\" src=\"https:\/\/led.amasly.com\/wp-content\/uploads\/2024\/09\/LED-Explosion-Proof-Gas-Station-Light.png\" alt=\"\" class=\"uag-image-1501\" width=\"300\" height=\"300\" title=\"LED sv\u011btlo pro \u010derpac\u00ed stanice s ochranou proti v\u00fdbuchu\" loading=\"lazy\" role=\"img\"><\/a><\/figure><\/div>\n<\/div>\n<\/div><\/div>\n\n\n\n<div class=\"wp-block-uagb-container uagb-block-548945b5 alignfull uagb-is-root-container\"><div class=\"uagb-container-inner-blocks-wrap\">\n<div class=\"wp-block-uagb-container uagb-block-967755d5\">\n<h4 class=\"wp-block-heading has-text-align-center\"><a href=\"https:\/\/led.amasly.com\/cs\/produkty\/\">Sv\u011btla LED odoln\u00e1 proti v\u00fdbuchu<\/a><\/h4>\n<\/div>\n\n\n\n<div class=\"wp-block-uagb-container uagb-block-9bc52fc2\">\n<h4 class=\"wp-block-heading has-text-align-center\"><a href=\"https:\/\/led.amasly.com\/cs\/produkty\/\">Trojit\u00e1 ochrann\u00e1 sv\u011btla LED<\/a><\/h4>\n<\/div>\n\n\n\n<div class=\"wp-block-uagb-container uagb-block-8ffa0a23\">\n<h4 class=\"wp-block-heading has-text-align-center\"><a href=\"https:\/\/led.amasly.com\/cs\/produkty\/\">Sv\u011btla \u010derpac\u00edch stanic odoln\u00e1 proti v\u00fdbuchu<\/a><\/h4>\n<\/div>\n<\/div><\/div>\n\n\n\n<div class=\"wp-block-uagb-container uagb-block-29499fe0 alignfull uagb-is-root-container\"><div class=\"uagb-container-inner-blocks-wrap\">\n<div class=\"wp-block-uagb-container uagb-block-777ee1c7\">\n<div class=\"wp-block-uagb-image uagb-block-2e9a1851 wp-block-uagb-image--layout-default wp-block-uagb-image--effect-static wp-block-uagb-image--align-none\"><figure class=\"wp-block-uagb-image__figure\"><a class=\"\" href=\"https:\/\/led.amasly.com\/cs\/produkty\/\" target=\"\" rel=\"noopener\"><img decoding=\"async\" srcset=\"https:\/\/led.amasly.com\/wp-content\/uploads\/2024\/10\/50W-100W-150W-200W-300W-LED-Flood-Light.jpg ,https:\/\/led.amasly.com\/wp-content\/uploads\/2024\/10\/50W-100W-150W-200W-300W-LED-Flood-Light.jpg 780w, https:\/\/led.amasly.com\/wp-content\/uploads\/2024\/10\/50W-100W-150W-200W-300W-LED-Flood-Light.jpg 360w\" sizes=\"auto, (max-width: 480px) 150px\" src=\"https:\/\/led.amasly.com\/wp-content\/uploads\/2024\/10\/50W-100W-150W-200W-300W-LED-Flood-Light.jpg\" alt=\"\" class=\"uag-image-1526\" width=\"300\" height=\"300\" title=\"50W 100W 150W 200W 300W LED z\u00e1plavov\u00e9 sv\u011btlo\" loading=\"lazy\" role=\"img\"><\/a><\/figure><\/div>\n<\/div>\n\n\n\n<div class=\"wp-block-uagb-container uagb-block-af8c8683\">\n<div class=\"wp-block-uagb-image uagb-block-67947854 wp-block-uagb-image--layout-default wp-block-uagb-image--effect-static wp-block-uagb-image--align-none\"><figure class=\"wp-block-uagb-image__figure\"><a class=\"\" href=\"https:\/\/led.amasly.com\/cs\/produkty\/\" target=\"\" rel=\"noopener\"><img decoding=\"async\" srcset=\"https:\/\/led.amasly.com\/wp-content\/uploads\/2024\/07\/led-tri-proof-light.png ,https:\/\/led.amasly.com\/wp-content\/uploads\/2024\/07\/led-tri-proof-light.png 780w, https:\/\/led.amasly.com\/wp-content\/uploads\/2024\/07\/led-tri-proof-light.png 360w\" sizes=\"auto, (max-width: 480px) 150px\" src=\"https:\/\/led.amasly.com\/wp-content\/uploads\/2024\/07\/led-tri-proof-light.png\" alt=\"\" class=\"uag-image-1130\" width=\"300\" height=\"300\" title=\"led-tri-proof-light\" loading=\"lazy\" role=\"img\"><\/a><\/figure><\/div>\n<\/div>\n\n\n\n<div class=\"wp-block-uagb-container uagb-block-0fdfdd58\">\n<div class=\"wp-block-uagb-image uagb-block-1187d32d wp-block-uagb-image--layout-default wp-block-uagb-image--effect-static wp-block-uagb-image--align-none\"><figure class=\"wp-block-uagb-image__figure\"><a class=\"\" href=\"https:\/\/led.amasly.com\/cs\/produkty\/\" target=\"\" rel=\"noopener\"><img decoding=\"async\" srcset=\"https:\/\/led.amasly.com\/wp-content\/uploads\/2024\/07\/LED-street-light.jpg ,https:\/\/led.amasly.com\/wp-content\/uploads\/2024\/07\/LED-street-light.jpg 780w, https:\/\/led.amasly.com\/wp-content\/uploads\/2024\/07\/LED-street-light.jpg 360w\" sizes=\"auto, (max-width: 480px) 150px\" src=\"https:\/\/led.amasly.com\/wp-content\/uploads\/2024\/07\/LED-street-light.jpg\" alt=\"\" class=\"uag-image-1145\" width=\"300\" height=\"300\" title=\"Uli\u010dn\u00ed osv\u011btlen\u00ed LED\" loading=\"lazy\" role=\"img\"><\/a><\/figure><\/div>\n<\/div>\n<\/div><\/div>\n\n\n\n<div class=\"wp-block-uagb-container uagb-block-6a60882c alignfull uagb-is-root-container\"><div class=\"uagb-container-inner-blocks-wrap\">\n<div class=\"wp-block-uagb-container uagb-block-f1e91a35\">\n<h4 class=\"wp-block-heading has-text-align-center\"><a href=\"https:\/\/led.amasly.com\/cs\/produkty\/\">LED sv\u011btla pro zaplaven\u00ed<\/a><\/h4>\n<\/div>\n\n\n\n<div class=\"wp-block-uagb-container uagb-block-165bfa58\">\n<h4 class=\"wp-block-heading has-text-align-center\"><a href=\"https:\/\/led.amasly.com\/cs\/produkty\/\">LED Tri-Proof Tube Lights<\/a><\/h4>\n<\/div>\n\n\n\n<div class=\"wp-block-uagb-container uagb-block-f6096e3b\">\n<h4 class=\"wp-block-heading has-text-align-center\"><a href=\"https:\/\/led.amasly.com\/cs\/produkty\/\">Pouli\u010dn\u00ed osv\u011btlen\u00ed LED<\/a><\/h4>\n<\/div>\n<\/div><\/div>\n\n\n\n<div class=\"wp-block-uagb-container uagb-block-99c0e0a5 alignfull uagb-is-root-container\"><div class=\"uagb-container-inner-blocks-wrap\"><\/div><\/div>\n\n\n\n<p><\/p>","protected":false},"excerpt":{"rendered":"<p>How Chemical Plants Can Prevent Explosions? 5 Critical Measures to Implement! In recent years, frequent explosions at chemical plants have raised public concerns: Why do these facilities pose such a persistent threat to public safety? How can explosions be prevented at their root? Below are five essential strategies for chemical enterprises to mitigate explosion risks. [&hellip;]<\/p>\n","protected":false},"author":1,"featured_media":0,"parent":2374,"menu_order":0,"comment_status":"closed","ping_status":"closed","template":"","meta":{"_uag_custom_page_level_css":"","site-sidebar-layout":"no-sidebar","site-content-layout":"","ast-site-content-layout":"default","site-content-style":"default","site-sidebar-style":"default","ast-global-header-display":"","ast-banner-title-visibility":"","ast-main-header-display":"","ast-hfb-above-header-display":"","ast-hfb-below-header-display":"","ast-hfb-mobile-header-display":"","site-post-title":"disabled","ast-breadcrumbs-content":"","ast-featured-img":"","footer-sml-layout":"","ast-disable-related-posts":"","theme-transparent-header-meta":"enabled","adv-header-id-meta":"","stick-header-meta":"","header-above-stick-meta":"","header-main-stick-meta":"","header-below-stick-meta":"","astra-migrate-meta-layouts":"set","ast-page-background-enabled":"default","ast-page-background-meta":{"desktop":{"background-color":"var(--ast-global-color-4)","background-image":"","background-repeat":"repeat","background-position":"center center","background-size":"auto","background-attachment":"scroll","background-type":"","background-media":"","overlay-type":"","overlay-color":"","overlay-opacity":"","overlay-gradient":""},"tablet":{"background-color":"","background-image":"","background-repeat":"repeat","background-position":"center center","background-size":"auto","background-attachment":"scroll","background-type":"","background-media":"","overlay-type":"","overlay-color":"","overlay-opacity":"","overlay-gradient":""},"mobile":{"background-color":"","background-image":"","background-repeat":"repeat","background-position":"center center","background-size":"auto","background-attachment":"scroll","background-type":"","background-media":"","overlay-type":"","overlay-color":"","overlay-opacity":"","overlay-gradient":""}},"ast-content-background-meta":{"desktop":{"background-color":"var(--ast-global-color-5)","background-image":"","background-repeat":"repeat","background-position":"center center","background-size":"auto","background-attachment":"scroll","background-type":"","background-media":"","overlay-type":"","overlay-color":"","overlay-opacity":"","overlay-gradient":""},"tablet":{"background-color":"var(--ast-global-color-5)","background-image":"","background-repeat":"repeat","background-position":"center center","background-size":"auto","background-attachment":"scroll","background-type":"","background-media":"","overlay-type":"","overlay-color":"","overlay-opacity":"","overlay-gradient":""},"mobile":{"background-color":"var(--ast-global-color-5)","background-image":"","background-repeat":"repeat","background-position":"center center","background-size":"auto","background-attachment":"scroll","background-type":"","background-media":"","overlay-type":"","overlay-color":"","overlay-opacity":"","overlay-gradient":""}},"footnotes":""},"class_list":["post-3231","page","type-page","status-publish","hentry"],"uagb_featured_image_src":{"full":false,"thumbnail":false,"medium":false,"medium_large":false,"large":false,"1536x1536":false,"2048x2048":false,"trp-custom-language-flag":false},"uagb_author_info":{"display_name":"Joe","author_link":"https:\/\/led.amasly.com\/cs\/author\/jacklin\/"},"uagb_comment_info":0,"uagb_excerpt":"How Chemical Plants Can Prevent Explosions? 5 Critical Measures to Implement! In recent years, frequent explosions at chemical plants have raised public concerns: Why do these facilities pose such a persistent threat to public safety? How can explosions be prevented at their root? Below are five essential strategies for chemical enterprises to mitigate explosion risks.&hellip;","_links":{"self":[{"href":"https:\/\/led.amasly.com\/cs\/wp-json\/wp\/v2\/pages\/3231","targetHints":{"allow":["GET"]}}],"collection":[{"href":"https:\/\/led.amasly.com\/cs\/wp-json\/wp\/v2\/pages"}],"about":[{"href":"https:\/\/led.amasly.com\/cs\/wp-json\/wp\/v2\/types\/page"}],"author":[{"embeddable":true,"href":"https:\/\/led.amasly.com\/cs\/wp-json\/wp\/v2\/users\/1"}],"replies":[{"embeddable":true,"href":"https:\/\/led.amasly.com\/cs\/wp-json\/wp\/v2\/comments?post=3231"}],"version-history":[{"count":1,"href":"https:\/\/led.amasly.com\/cs\/wp-json\/wp\/v2\/pages\/3231\/revisions"}],"predecessor-version":[{"id":3234,"href":"https:\/\/led.amasly.com\/cs\/wp-json\/wp\/v2\/pages\/3231\/revisions\/3234"}],"up":[{"embeddable":true,"href":"https:\/\/led.amasly.com\/cs\/wp-json\/wp\/v2\/pages\/2374"}],"wp:attachment":[{"href":"https:\/\/led.amasly.com\/cs\/wp-json\/wp\/v2\/media?parent=3231"}],"curies":[{"name":"wp","href":"https:\/\/api.w.org\/{rel}","templated":true}]}}