{"id":3198,"date":"2025-04-29T22:16:35","date_gmt":"2025-04-29T14:16:35","guid":{"rendered":"https:\/\/led.amasly.com\/?page_id=3198"},"modified":"2025-04-29T22:16:40","modified_gmt":"2025-04-29T14:16:40","slug":"optimalizace-systemu-prumysloveho-osvetleni-pro-elektrarnu-na-vyrobu-elektriny-z-odpadu-pruvodce-vyberem-led-odolne-proti-korozi","status":"publish","type":"page","link":"https:\/\/led.amasly.com\/cs\/znalosti\/znalosti-o-vyrobcich-odolnych-proti-vybuchu\/optimalizace-systemu-prumysloveho-osvetleni-pro-elektrarnu-na-vyrobu-elektriny-z-odpadu-pruvodce-vyberem-led-odolne-proti-korozi\/","title":{"rendered":"Optimalizace syst\u00e9mu pr\u016fmyslov\u00e9ho osv\u011btlen\u00ed pro za\u0159\u00edzen\u00ed na v\u00fdrobu energie z odpadu: Pr\u016fvodce v\u00fdb\u011brem LED odoln\u00fdch proti korozi"},"content":{"rendered":"<div class=\"wp-block-uagb-container uagb-block-27bae773 alignfull uagb-is-root-container\"><div class=\"uagb-container-inner-blocks-wrap\"><\/div><\/div>\n\n\n\n<h1 class=\"wp-block-heading has-text-align-center\">Optimalizace syst\u00e9mu pr\u016fmyslov\u00e9ho osv\u011btlen\u00ed pro za\u0159\u00edzen\u00ed na v\u00fdrobu energie z odpadu: Pr\u016fvodce v\u00fdb\u011brem LED odoln\u00fdch proti korozi<\/h1>\n\n\n\n<h2 class=\"wp-block-heading\">Strategick\u00e1 hodnota pr\u016fmyslov\u00e9ho osv\u011btlen\u00ed p\u0159i v\u00fdrob\u011b energie ze spalov\u00e1n\u00ed odpadu<\/h2>\n\n\n\n<p>V r\u00e1mci dvoj\u00edch uhl\u00edkov\u00fdch c\u00edl\u016f se za\u0159\u00edzen\u00ed na energetick\u00e9 vyu\u017eit\u00ed odpadu stala kritickou m\u011bstskou infrastrukturou, kde se \u0159\u00edzen\u00ed energetick\u00e9 \u00fa\u010dinnosti nyn\u00ed t\u011b\u0161\u00ed velk\u00e9 pozornosti pr\u016fmyslu. Statistiky ukazuj\u00ed, \u017ee pr\u016fmyslov\u00e9 osv\u011btlovac\u00ed syst\u00e9my p\u0159edstavuj\u00ed 12%-15% celkov\u00e9 spot\u0159eby energie, p\u0159i\u010dem\u017e v\u00fdm\u011bna sv\u00edtidel zp\u016fsoben\u00e1 koroz\u00ed zvy\u0161uje ro\u010dn\u00ed n\u00e1klady o 37%. Implementace vysoce \u00fa\u010dinn\u00fdch antikorozn\u00edch LED \u0159e\u0161en\u00ed se proto stala kl\u00ed\u010dovou pro optimalizaci provozu.<\/p>\n\n\n\n<h2 class=\"wp-block-heading\">Environment\u00e1ln\u00ed anal\u00fdza osv\u011btlovac\u00edch syst\u00e9m\u016f odpadn\u00edch elektr\u00e1ren<\/h2>\n\n\n\n<h3 class=\"wp-block-heading\">Jedine\u010dn\u00e9 provozn\u00ed v\u00fdzvy<\/h3>\n\n\n\n<ul class=\"wp-block-list\">\n<li>Chemick\u00e1 koroze: Koncentrace H2S\/NH3 dosahuj\u00ed 200-500 ppm.<\/li>\n\n\n\n<li>Tepeln\u00e9 v\u00fdkyvy: Z\u00f3ny kotle p\u0159i teplot\u011b 60 \u2103 \u00b1 10 \u2103<\/li>\n\n\n\n<li>Kontaminace \u010d\u00e1sticemi: \u00darove\u0148 PM2,5 p\u0159esahuj\u00edc\u00ed 300 \u03bcg\/m\u00b3 v m\u00edstnostech s pytlov\u00fdmi filtry<\/li>\n\n\n\n<li>Mechanick\u00e9 vibrace: 5-15Hz n\u00edzkofrekven\u010dn\u00ed vibrace za\u0159\u00edzen\u00ed<\/li>\n<\/ul>\n\n\n\n<h3 class=\"wp-block-heading\">Matice technick\u00fdch specifikac\u00ed<\/h3>\n\n\n\n<figure class=\"wp-block-table\"><table class=\"has-fixed-layout\"><thead><tr><th>Parametr<\/th><th>Po\u017eadavek<\/th><th>Standardn\u00ed<\/th><\/tr><\/thead><tbody><tr><td>Stupe\u0148 kryt\u00ed IP<\/td><td>IP66\/IP67<\/td><td><a href=\"http:\/\/www.iecex-certs.com\/\" rel=\"nofollow noopener\" target=\"_blank\">IEC 60529<\/a><\/td><\/tr><tr><td>T\u0159\u00edda koroze<\/td><td>WF2 (1200h soln\u00e1 mlha)<\/td><td>ISO 9227<\/td><\/tr><tr><td>Odolnost proti vibrac\u00edm<\/td><td>5-50Hz\/3Grms<\/td><td>IEC 60068-2-6<\/td><\/tr><tr><td>Odolnost proti v\u00fdbuchu<\/td><td>Ex d IIB T4 Gb<\/td><td>IEC 60079<\/td><\/tr><\/tbody><\/table><\/figure>\n\n\n\n<h2 class=\"wp-block-heading\">\u0158e\u0161en\u00ed z\u00f3nov\u00e9ho osv\u011btlen\u00ed<\/h2>\n\n\n\n<h3 class=\"wp-block-heading\">1. Osv\u011btlen\u00ed haly turbogener\u00e1toru<\/h3>\n\n\n\n<p><strong>\u017divotn\u00ed prost\u0159ed\u00ed<\/strong>: V\u00fd\u0161ka stropu 15 m, sm\u011bs oleje a plynu 0,8-1,2 mg\/m\u00b3<br><strong>\u0158e\u0161en\u00ed<\/strong>: Amasly BAD Series Sv\u011btla LED odoln\u00e1 proti v\u00fdbuchu<\/p>\n\n\n\n<ul class=\"wp-block-list\">\n<li>Pouzdro z tlakov\u00e9ho odlitku z nerezov\u00e9 oceli 304<\/li>\n\n\n\n<li>Integrovan\u00fd inteligentn\u00ed ovlada\u010d konstantn\u00edho proudu<\/li>\n\n\n\n<li>\u00da\u010dinnost 140lm\/W, \u017eivotnost 50 000 hodin<\/li>\n\n\n\n<li>Modul\u00e1rn\u00ed konstrukce nastaviteln\u00e1 v rozsahu 0-90\u00b0<\/li>\n<\/ul>\n\n\n\n<h3 class=\"wp-block-heading\">2. Osv\u011btlen\u00ed kotlov\u00e9 sekce<\/h3>\n\n\n\n<p><strong>V\u00fdzvy<\/strong>: 50kW\/m\u00b2 tepeln\u00e9 z\u00e1\u0159en\u00ed, riziko v\u00fdbuchu prachu St1<br><strong>Inovace<\/strong>: Vysokoteplotn\u00ed varianta BAD<\/p>\n\n\n\n<ul class=\"wp-block-list\">\n<li>Tepeln\u00e9 podlo\u017eky pro letectv\u00ed a kosmonautiku<\/li>\n\n\n\n<li>Dvouvrstv\u00e9 tvrzen\u00e9 sklo<\/li>\n\n\n\n<li>Obvod kompenzace teploty (-40 \u2103 ~ +85 \u2103)<\/li>\n\n\n\n<li>Shoda s certifikac\u00ed ATEX<\/li>\n<\/ul>\n\n\n\n<h3 class=\"wp-block-heading\">3. Osv\u011btlen\u00ed pro \u010di\u0161t\u011bn\u00ed spalin<\/h3>\n\n\n\n<p><strong>Ochrana proti korozi<\/strong>: Technologie trojit\u00e9ho \u0161t\u00edtu \u0159ady BAT<\/p>\n\n\n\n<ul class=\"wp-block-list\">\n<li>Nanopovlak (patent: ZL202010XXXXXX.X)<\/li>\n\n\n\n<li>PTFE t\u011bsn\u011bn\u00ed pro odolnost proti kyselin\u00e1m<\/li>\n\n\n\n<li>Vo\u0161tinov\u00e1 struktura ochrany proti prachu<\/li>\n\n\n\n<li>5000K CCT pro jasnou kontrolu<\/li>\n<\/ul>\n\n\n\n<h3 class=\"wp-block-heading\">4. Osv\u011btlen\u00ed \u0159\u00eddic\u00edho centra<\/h3>\n\n\n\n<p><strong>Po\u017eadavky<\/strong>: UGR85, 500lux osv\u011btlen\u00ed<br><strong>Prov\u00e1d\u011bn\u00ed<\/strong>: Zapu\u0161t\u011bn\u00e1 LED m\u0159\u00ed\u017ekov\u00e1 sv\u011btla<\/p>\n\n\n\n<ul class=\"wp-block-list\">\n<li>Technologie veden\u00ed sv\u011btla mikroprismatem<\/li>\n\n\n\n<li>Inteligentn\u00ed stm\u00edv\u00e1n\u00ed (0-10V\/DALI)<\/li>\n\n\n\n<li>Shoda s EMI t\u0159\u00eddy B<\/li>\n\n\n\n<li>THD&lt;15%<\/li>\n<\/ul>\n\n\n\n<h2 class=\"wp-block-heading\">Anal\u00fdza energetick\u00e9 \u00fa\u010dinnosti<\/h2>\n\n\n\n<p>\u00dadaje o v\u00fdkonu z modernizace za\u0159\u00edzen\u00ed 2\u00d7 750 t\/d:<\/p>\n\n\n\n<figure class=\"wp-block-table\"><table class=\"has-fixed-layout\"><thead><tr><th>Metrick\u00e9<\/th><th>Pre-Retrofit<\/th><th>Po op\u011btovn\u00e9m z\u00edsk\u00e1n\u00ed dotace<\/th><th>Zlep\u0161en\u00ed<\/th><\/tr><\/thead><tbody><tr><td>Ro\u010dn\u00ed spot\u0159eba<\/td><td>286 000 kWh<\/td><td>158 000 kWh<\/td><td>44.7%<\/td><\/tr><tr><td>Frekvence \u00fadr\u017eby<\/td><td>6\/rok<\/td><td>0,5\/rok<\/td><td>91.7%<\/td><\/tr><tr><td>Sn\u00ed\u017een\u00ed emis\u00ed CO2<\/td><td>-<\/td><td>102 tun<\/td><td>-<\/td><\/tr><\/tbody><\/table><\/figure>\n\n\n\n<h2 class=\"wp-block-heading\">Trendy v odv\u011btv\u00ed<\/h2>\n\n\n\n<ol start=\"1\" class=\"wp-block-list\">\n<li>Inteligentn\u00ed ovl\u00e1d\u00e1n\u00ed osv\u011btlen\u00ed integrovan\u00e9 do syst\u00e9mu DCS<\/li>\n\n\n\n<li>Hybridn\u00ed syst\u00e9my fotovoltaika-akumul\u00e1tor-osv\u011btlen\u00ed<\/li>\n\n\n\n<li>P\u0159edpov\u00edd\u00e1n\u00ed d\u00e9lky \u017eivota na z\u00e1klad\u011b digit\u00e1ln\u00edch dvoj\u010dat<\/li>\n\n\n\n<li>Platformy pro spr\u00e1vu za\u0159\u00edzen\u00ed s podporou IoT<\/li>\n<\/ol>\n\n\n\n<p class=\"has-text-align-left\"><strong>Technick\u00e9 poradenstv\u00ed<\/strong>: P\u0159i v\u00fdb\u011bru LED vy\u017eadujte \u00faplnou certifika\u010dn\u00ed dokumentaci IECEx a zpr\u00e1vy o udr\u017een\u00ed sv\u011bteln\u00e9ho toku TM-21, abyste zajistili soulad s normou L70 pro \u017eivotnost.<\/p>\n\n\n\n<div class=\"wp-block-uagb-container uagb-block-c7d898dd alignfull uagb-is-root-container\"><div class=\"uagb-container-inner-blocks-wrap\"><\/div><\/div>\n\n\n\n<h2 class=\"wp-block-heading\">Souvisej\u00edc\u00ed produkty<\/h2>\n\n\n\n<div class=\"wp-block-uagb-container uagb-block-66e4defc alignfull uagb-is-root-container\"><div class=\"uagb-container-inner-blocks-wrap\">\n<div class=\"wp-block-uagb-container uagb-block-a42945f9\">\n<div class=\"wp-block-uagb-image uagb-block-7296296b wp-block-uagb-image--layout-default wp-block-uagb-image--effect-static wp-block-uagb-image--align-none\"><figure class=\"wp-block-uagb-image__figure\"><a class=\"\" href=\"https:\/\/led.amasly.com\/cs\/produkty\/\" target=\"\" rel=\"noopener\"><img decoding=\"async\" srcset=\"https:\/\/led.amasly.com\/wp-content\/uploads\/2024\/09\/Explosion-proof-high-bay-lights.png ,https:\/\/led.amasly.com\/wp-content\/uploads\/2024\/09\/Explosion-proof-high-bay-lights.png 780w, https:\/\/led.amasly.com\/wp-content\/uploads\/2024\/09\/Explosion-proof-high-bay-lights.png 360w\" sizes=\"auto, (max-width: 480px) 150px\" src=\"https:\/\/led.amasly.com\/wp-content\/uploads\/2024\/09\/Explosion-proof-high-bay-lights.png\" alt=\"\" class=\"uag-image-1495\" width=\"300\" height=\"300\" title=\"Nev\u00fdbu\u0161n\u00e1 sv\u00edtidla s vysokou odolnost\u00ed proti v\u00fdbuchu\" loading=\"lazy\" role=\"img\"><\/a><\/figure><\/div>\n<\/div>\n\n\n\n<div class=\"wp-block-uagb-container uagb-block-4d3efde5\">\n<div class=\"wp-block-uagb-image uagb-block-c9e90797 wp-block-uagb-image--layout-default wp-block-uagb-image--effect-static wp-block-uagb-image--align-none\"><figure class=\"wp-block-uagb-image__figure\"><a class=\"\" href=\"https:\/\/led.amasly.com\/cs\/produkty\/\" target=\"\" rel=\"noopener\"><img decoding=\"async\" srcset=\"https:\/\/led.amasly.com\/wp-content\/uploads\/2024\/07\/LED-tri-proof-lights2.png ,https:\/\/led.amasly.com\/wp-content\/uploads\/2024\/07\/LED-tri-proof-lights2.png 780w, https:\/\/led.amasly.com\/wp-content\/uploads\/2024\/07\/LED-tri-proof-lights2.png 360w\" sizes=\"auto, (max-width: 480px) 150px\" src=\"https:\/\/led.amasly.com\/wp-content\/uploads\/2024\/07\/LED-tri-proof-lights2.png\" alt=\"\" class=\"uag-image-1132\" width=\"300\" height=\"300\" title=\"LED-tri-proof-sv\u011btla2\" loading=\"lazy\" role=\"img\"><\/a><\/figure><\/div>\n<\/div>\n\n\n\n<div class=\"wp-block-uagb-container uagb-block-11c2578b\">\n<div class=\"wp-block-uagb-image uagb-block-6e8883aa wp-block-uagb-image--layout-default wp-block-uagb-image--effect-static wp-block-uagb-image--align-none\"><figure class=\"wp-block-uagb-image__figure\"><a class=\"\" href=\"https:\/\/led.amasly.com\/cs\/produkty\/\" target=\"\" rel=\"noopener\"><img decoding=\"async\" srcset=\"https:\/\/led.amasly.com\/wp-content\/uploads\/2024\/09\/LED-Explosion-Proof-Gas-Station-Light.png ,https:\/\/led.amasly.com\/wp-content\/uploads\/2024\/09\/LED-Explosion-Proof-Gas-Station-Light.png 780w, https:\/\/led.amasly.com\/wp-content\/uploads\/2024\/09\/LED-Explosion-Proof-Gas-Station-Light.png 360w\" sizes=\"auto, (max-width: 480px) 150px\" src=\"https:\/\/led.amasly.com\/wp-content\/uploads\/2024\/09\/LED-Explosion-Proof-Gas-Station-Light.png\" alt=\"\" class=\"uag-image-1501\" width=\"300\" height=\"300\" title=\"LED sv\u011btlo pro \u010derpac\u00ed stanice s ochranou proti v\u00fdbuchu\" loading=\"lazy\" role=\"img\"><\/a><\/figure><\/div>\n<\/div>\n<\/div><\/div>\n\n\n\n<div class=\"wp-block-uagb-container uagb-block-548945b5 alignfull uagb-is-root-container\"><div class=\"uagb-container-inner-blocks-wrap\">\n<div class=\"wp-block-uagb-container uagb-block-967755d5\">\n<h4 class=\"wp-block-heading has-text-align-center\"><a href=\"https:\/\/led.amasly.com\/cs\/produkty\/\">Sv\u011btla LED odoln\u00e1 proti v\u00fdbuchu<\/a><\/h4>\n<\/div>\n\n\n\n<div class=\"wp-block-uagb-container uagb-block-9bc52fc2\">\n<h4 class=\"wp-block-heading has-text-align-center\"><a href=\"https:\/\/led.amasly.com\/cs\/produkty\/\">Trojit\u00e1 ochrann\u00e1 sv\u011btla LED<\/a><\/h4>\n<\/div>\n\n\n\n<div class=\"wp-block-uagb-container uagb-block-8ffa0a23\">\n<h4 class=\"wp-block-heading has-text-align-center\"><a href=\"https:\/\/led.amasly.com\/cs\/produkty\/\">Sv\u011btla \u010derpac\u00edch stanic odoln\u00e1 proti v\u00fdbuchu<\/a><\/h4>\n<\/div>\n<\/div><\/div>\n\n\n\n<div class=\"wp-block-uagb-container uagb-block-29499fe0 alignfull uagb-is-root-container\"><div class=\"uagb-container-inner-blocks-wrap\">\n<div class=\"wp-block-uagb-container uagb-block-777ee1c7\">\n<div class=\"wp-block-uagb-image uagb-block-2e9a1851 wp-block-uagb-image--layout-default wp-block-uagb-image--effect-static wp-block-uagb-image--align-none\"><figure class=\"wp-block-uagb-image__figure\"><a class=\"\" href=\"https:\/\/led.amasly.com\/cs\/produkty\/\" target=\"\" rel=\"noopener\"><img decoding=\"async\" srcset=\"https:\/\/led.amasly.com\/wp-content\/uploads\/2024\/10\/50W-100W-150W-200W-300W-LED-Flood-Light.jpg ,https:\/\/led.amasly.com\/wp-content\/uploads\/2024\/10\/50W-100W-150W-200W-300W-LED-Flood-Light.jpg 780w, https:\/\/led.amasly.com\/wp-content\/uploads\/2024\/10\/50W-100W-150W-200W-300W-LED-Flood-Light.jpg 360w\" sizes=\"auto, (max-width: 480px) 150px\" src=\"https:\/\/led.amasly.com\/wp-content\/uploads\/2024\/10\/50W-100W-150W-200W-300W-LED-Flood-Light.jpg\" alt=\"\" class=\"uag-image-1526\" width=\"300\" height=\"300\" title=\"50W 100W 150W 200W 300W LED z\u00e1plavov\u00e9 sv\u011btlo\" loading=\"lazy\" role=\"img\"><\/a><\/figure><\/div>\n<\/div>\n\n\n\n<div class=\"wp-block-uagb-container uagb-block-af8c8683\">\n<div class=\"wp-block-uagb-image uagb-block-67947854 wp-block-uagb-image--layout-default wp-block-uagb-image--effect-static wp-block-uagb-image--align-none\"><figure class=\"wp-block-uagb-image__figure\"><a class=\"\" href=\"https:\/\/led.amasly.com\/cs\/produkty\/\" target=\"\" rel=\"noopener\"><img decoding=\"async\" srcset=\"https:\/\/led.amasly.com\/wp-content\/uploads\/2024\/07\/led-tri-proof-light.png ,https:\/\/led.amasly.com\/wp-content\/uploads\/2024\/07\/led-tri-proof-light.png 780w, https:\/\/led.amasly.com\/wp-content\/uploads\/2024\/07\/led-tri-proof-light.png 360w\" sizes=\"auto, (max-width: 480px) 150px\" src=\"https:\/\/led.amasly.com\/wp-content\/uploads\/2024\/07\/led-tri-proof-light.png\" alt=\"\" class=\"uag-image-1130\" width=\"300\" height=\"300\" title=\"led-tri-proof-light\" loading=\"lazy\" role=\"img\"><\/a><\/figure><\/div>\n<\/div>\n\n\n\n<div class=\"wp-block-uagb-container uagb-block-0fdfdd58\">\n<div class=\"wp-block-uagb-image uagb-block-1187d32d wp-block-uagb-image--layout-default wp-block-uagb-image--effect-static wp-block-uagb-image--align-none\"><figure class=\"wp-block-uagb-image__figure\"><a class=\"\" href=\"https:\/\/led.amasly.com\/cs\/produkty\/\" target=\"\" rel=\"noopener\"><img decoding=\"async\" srcset=\"https:\/\/led.amasly.com\/wp-content\/uploads\/2024\/07\/LED-street-light.jpg ,https:\/\/led.amasly.com\/wp-content\/uploads\/2024\/07\/LED-street-light.jpg 780w, https:\/\/led.amasly.com\/wp-content\/uploads\/2024\/07\/LED-street-light.jpg 360w\" sizes=\"auto, (max-width: 480px) 150px\" src=\"https:\/\/led.amasly.com\/wp-content\/uploads\/2024\/07\/LED-street-light.jpg\" alt=\"\" class=\"uag-image-1145\" width=\"300\" height=\"300\" title=\"Uli\u010dn\u00ed osv\u011btlen\u00ed LED\" loading=\"lazy\" role=\"img\"><\/a><\/figure><\/div>\n<\/div>\n<\/div><\/div>\n\n\n\n<div class=\"wp-block-uagb-container uagb-block-6a60882c alignfull uagb-is-root-container\"><div class=\"uagb-container-inner-blocks-wrap\">\n<div class=\"wp-block-uagb-container uagb-block-f1e91a35\">\n<h4 class=\"wp-block-heading has-text-align-center\"><a href=\"https:\/\/led.amasly.com\/cs\/produkty\/\">LED sv\u011btla pro zaplaven\u00ed<\/a><\/h4>\n<\/div>\n\n\n\n<div class=\"wp-block-uagb-container uagb-block-165bfa58\">\n<h4 class=\"wp-block-heading has-text-align-center\"><a href=\"https:\/\/led.amasly.com\/cs\/produkty\/\">LED Tri-Proof Tube Lights<\/a><\/h4>\n<\/div>\n\n\n\n<div class=\"wp-block-uagb-container uagb-block-f6096e3b\">\n<h4 class=\"wp-block-heading has-text-align-center\"><a href=\"https:\/\/led.amasly.com\/cs\/produkty\/\">Pouli\u010dn\u00ed osv\u011btlen\u00ed LED<\/a><\/h4>\n<\/div>\n<\/div><\/div>\n\n\n\n<div class=\"wp-block-uagb-container uagb-block-99c0e0a5 alignfull uagb-is-root-container\"><div class=\"uagb-container-inner-blocks-wrap\"><\/div><\/div>\n\n\n\n<p><\/p>","protected":false},"excerpt":{"rendered":"<p>Industrial Lighting System Optimization for Waste-to-Power Plant: Corrosion-Resistant LED Selection Guide Strategic Value of Industrial Lighting in Waste Incineration Power Generation Under the Dual Carbon Goals, waste-to-energy plants have become critical urban infrastructure, where energy efficiency management now commands industry attention. Statistics show industrial lighting systems account for 12%-15% of total power consumption, with corrosion-induced [&hellip;]<\/p>\n","protected":false},"author":1,"featured_media":0,"parent":2374,"menu_order":0,"comment_status":"closed","ping_status":"closed","template":"","meta":{"_uag_custom_page_level_css":"","site-sidebar-layout":"no-sidebar","site-content-layout":"","ast-site-content-layout":"default","site-content-style":"default","site-sidebar-style":"default","ast-global-header-display":"","ast-banner-title-visibility":"","ast-main-header-display":"","ast-hfb-above-header-display":"","ast-hfb-below-header-display":"","ast-hfb-mobile-header-display":"","site-post-title":"disabled","ast-breadcrumbs-content":"","ast-featured-img":"","footer-sml-layout":"","ast-disable-related-posts":"","theme-transparent-header-meta":"enabled","adv-header-id-meta":"","stick-header-meta":"","header-above-stick-meta":"","header-main-stick-meta":"","header-below-stick-meta":"","astra-migrate-meta-layouts":"set","ast-page-background-enabled":"default","ast-page-background-meta":{"desktop":{"background-color":"var(--ast-global-color-4)","background-image":"","background-repeat":"repeat","background-position":"center center","background-size":"auto","background-attachment":"scroll","background-type":"","background-media":"","overlay-type":"","overlay-color":"","overlay-opacity":"","overlay-gradient":""},"tablet":{"background-color":"","background-image":"","background-repeat":"repeat","background-position":"center center","background-size":"auto","background-attachment":"scroll","background-type":"","background-media":"","overlay-type":"","overlay-color":"","overlay-opacity":"","overlay-gradient":""},"mobile":{"background-color":"","background-image":"","background-repeat":"repeat","background-position":"center center","background-size":"auto","background-attachment":"scroll","background-type":"","background-media":"","overlay-type":"","overlay-color":"","overlay-opacity":"","overlay-gradient":""}},"ast-content-background-meta":{"desktop":{"background-color":"var(--ast-global-color-5)","background-image":"","background-repeat":"repeat","background-position":"center center","background-size":"auto","background-attachment":"scroll","background-type":"","background-media":"","overlay-type":"","overlay-color":"","overlay-opacity":"","overlay-gradient":""},"tablet":{"background-color":"var(--ast-global-color-5)","background-image":"","background-repeat":"repeat","background-position":"center center","background-size":"auto","background-attachment":"scroll","background-type":"","background-media":"","overlay-type":"","overlay-color":"","overlay-opacity":"","overlay-gradient":""},"mobile":{"background-color":"var(--ast-global-color-5)","background-image":"","background-repeat":"repeat","background-position":"center center","background-size":"auto","background-attachment":"scroll","background-type":"","background-media":"","overlay-type":"","overlay-color":"","overlay-opacity":"","overlay-gradient":""}},"footnotes":""},"class_list":["post-3198","page","type-page","status-publish","hentry"],"uagb_featured_image_src":{"full":false,"thumbnail":false,"medium":false,"medium_large":false,"large":false,"1536x1536":false,"2048x2048":false,"trp-custom-language-flag":false},"uagb_author_info":{"display_name":"Joe","author_link":"https:\/\/led.amasly.com\/cs\/author\/jacklin\/"},"uagb_comment_info":0,"uagb_excerpt":"Industrial Lighting System Optimization for Waste-to-Power Plant: Corrosion-Resistant LED Selection Guide Strategic Value of Industrial Lighting in Waste Incineration Power Generation Under the Dual Carbon Goals, waste-to-energy plants have become critical urban infrastructure, where energy efficiency management now commands industry attention. Statistics show industrial lighting systems account for 12%-15% of total power consumption, with corrosion-induced&hellip;","_links":{"self":[{"href":"https:\/\/led.amasly.com\/cs\/wp-json\/wp\/v2\/pages\/3198","targetHints":{"allow":["GET"]}}],"collection":[{"href":"https:\/\/led.amasly.com\/cs\/wp-json\/wp\/v2\/pages"}],"about":[{"href":"https:\/\/led.amasly.com\/cs\/wp-json\/wp\/v2\/types\/page"}],"author":[{"embeddable":true,"href":"https:\/\/led.amasly.com\/cs\/wp-json\/wp\/v2\/users\/1"}],"replies":[{"embeddable":true,"href":"https:\/\/led.amasly.com\/cs\/wp-json\/wp\/v2\/comments?post=3198"}],"version-history":[{"count":1,"href":"https:\/\/led.amasly.com\/cs\/wp-json\/wp\/v2\/pages\/3198\/revisions"}],"predecessor-version":[{"id":3199,"href":"https:\/\/led.amasly.com\/cs\/wp-json\/wp\/v2\/pages\/3198\/revisions\/3199"}],"up":[{"embeddable":true,"href":"https:\/\/led.amasly.com\/cs\/wp-json\/wp\/v2\/pages\/2374"}],"wp:attachment":[{"href":"https:\/\/led.amasly.com\/cs\/wp-json\/wp\/v2\/media?parent=3198"}],"curies":[{"name":"wp","href":"https:\/\/api.w.org\/{rel}","templated":true}]}}