{"id":3177,"date":"2025-04-24T23:20:05","date_gmt":"2025-04-24T15:20:05","guid":{"rendered":"https:\/\/led.amasly.com\/?page_id=3177"},"modified":"2025-04-24T23:20:13","modified_gmt":"2025-04-24T15:20:13","slug":"systemy-nevybusnych-strikacich-kabin-prumyslove-trendy-technicka-reseni-dodrzovani-bezpecnostnich-predpisu","status":"publish","type":"page","link":"https:\/\/led.amasly.com\/cs\/znalosti\/znalosti-o-vyrobcich-odolnych-proti-vybuchu\/systemy-nevybusnych-strikacich-kabin-prumyslove-trendy-technicka-reseni-dodrzovani-bezpecnostnich-predpisu\/","title":{"rendered":"Syst\u00e9my st\u0159\u00edkac\u00edch kabin s ochranou proti v\u00fdbuchu: Trendy v oboru, technick\u00e1 \u0159e\u0161en\u00ed a dodr\u017eov\u00e1n\u00ed bezpe\u010dnostn\u00edch p\u0159edpis\u016f"},"content":{"rendered":"<div class=\"wp-block-uagb-container uagb-block-27bae773 alignfull uagb-is-root-container\"><div class=\"uagb-container-inner-blocks-wrap\"><\/div><\/div>\n\n\n\n<h1 class=\"wp-block-heading has-text-align-center\"><strong>Syst\u00e9my st\u0159\u00edkac\u00edch kabin s ochranou proti v\u00fdbuchu: Trendy v oboru, technick\u00e1 \u0159e\u0161en\u00ed a dodr\u017eov\u00e1n\u00ed bezpe\u010dnostn\u00edch p\u0159edpis\u016f<\/strong><\/h1>\n\n\n\n<div class=\"wp-block-uagb-image uagb-block-da1360b5 wp-block-uagb-image--layout-default wp-block-uagb-image--effect-static wp-block-uagb-image--align-none\"><figure class=\"wp-block-uagb-image__figure\"><a class=\"\" href=\"https:\/\/led.amasly.com\/cs\/produkty\/\" target=\"\" rel=\"noopener\"><img decoding=\"async\" srcset=\"https:\/\/led.amasly.com\/wp-content\/uploads\/2025\/01\/LED-explosion-proof-flood-lights.png ,https:\/\/led.amasly.com\/wp-content\/uploads\/2025\/01\/LED-explosion-proof-flood-lights.png 780w, https:\/\/led.amasly.com\/wp-content\/uploads\/2025\/01\/LED-explosion-proof-flood-lights.png 360w\" sizes=\"auto, (max-width: 480px) 150px\" src=\"https:\/\/led.amasly.com\/wp-content\/uploads\/2025\/01\/LED-explosion-proof-flood-lights.png\" alt=\"\" class=\"uag-image-1675\" width=\"1004\" height=\"308\" title=\"LED sv\u011btla odoln\u00e1 proti v\u00fdbuchu\" loading=\"lazy\" role=\"img\"><\/a><\/figure><\/div>\n\n\n\n<h2 class=\"wp-block-heading\"><strong>1. Pohled na odv\u011btv\u00ed a regula\u010dn\u00ed faktory<\/strong><\/h2>\n\n\n\n<p>\u010c\u00ednsk\u00fd trh s plynov\u00fdmi alarmy dos\u00e1hl v roce 2024 hodnoty 12 miliard j\u00fcan\u016f ($1,68B), p\u0159i\u010dem\u017e st\u0159\u00edkac\u00ed kabiny p\u0159edstavovaly 18% pr\u016fmyslov\u00e9 popt\u00e1vky. Revize po roce 2025&nbsp;<em>Plyn\u00e1rensk\u00fd p\u0159edpis<\/em>&nbsp;30% na\u0159\u00edd\u00ed p\u0159\u00edsn\u011bj\u0161\u00ed bezpe\u010dnostn\u00ed normy pro z\u00f3ny t\u0159\u00eddy II s nebezpe\u010d\u00edm v\u00fdbuchu, jako jsou st\u0159\u00edkac\u00ed kabiny, co\u017e bude hnac\u00ed silou ro\u010dn\u00edho r\u016fstu trhu 20%.<\/p>\n\n\n\n<h2 class=\"wp-block-heading\"><strong>2. J\u00e1drov\u00e1 st\u0159\u00edkac\u00ed kabina<\/strong> <strong>\u0158e\u0161en\u00ed odoln\u00e1 proti v\u00fdbuchu<\/strong><\/h2>\n\n\n\n<h4 class=\"wp-block-heading\"><strong>Kl\u00ed\u010dov\u00e9 vybaven\u00ed<\/strong><\/h4>\n\n\n\n<ul class=\"wp-block-list\">\n<li><strong>Detektory<\/strong>: <a href=\"http:\/\/www.iecex-certs.com\/\" rel=\"nofollow noopener\" target=\"_blank\">Hodnocen\u00ed Exd\u2161CT6<\/a> katalytick\u00e9 senzory spalov\u00e1n\u00ed (0-100% LEL, odezva \u226415s, &lt;1% fale\u0161n\u00fdch poplach\u016f).<\/li>\n\n\n\n<li><strong>Ovlada\u010de<\/strong>: 4rel\u00e9ov\u00fd v\u00fdstup pro integraci ventil\u00e1toru\/ventilu (v souladu s GB 50493-2009)<\/li>\n\n\n\n<li><strong>P\u0159enosn\u00e9 skenery<\/strong>: Hanwei R10 s infra\u010derven\u00fdm zobrazov\u00e1n\u00edm plynu (vzd\u00e1lenost 20 m)<\/li>\n<\/ul>\n\n\n\n<h4 class=\"wp-block-heading\"><strong>Instala\u010dn\u00ed normy<\/strong><\/h4>\n\n\n\n<ul class=\"wp-block-list\">\n<li><strong>Rozlo\u017een\u00ed<\/strong>: 1 detektor na 30 m\u00b2, um\u00edst\u011bn\u00fd 0,6-0,8 m nad zem\u00ed.<\/li>\n\n\n\n<li><strong>Kabel\u00e1\u017e<\/strong>: Kabely MI pro z\u00f3nu 1, neho\u0159lav\u00e1 pry\u017e CR (GB\/T 18380)<\/li>\n\n\n\n<li><strong>Certifikace<\/strong>: Ovl\u00e1dac\u00ed sk\u0159\u00ed\u0148ky s certifik\u00e1tem ATEX\/IECEx a pru\u017en\u00fdmi podlo\u017ekami<\/li>\n<\/ul>\n\n\n\n<h2 class=\"wp-block-heading\"><strong>3. Tr\u017en\u00ed trendy a inovace<\/strong><\/h2>\n\n\n\n<ul class=\"wp-block-list\">\n<li><strong>Konkuren\u010dn\u00ed prost\u0159ed\u00ed<\/strong>: Nejv\u011bt\u0161\u00ed hr\u00e1\u010di (Hanwei, ErGong) maj\u00ed 35% pod\u00edl na trhu a investuj\u00ed 8,5% do v\u00fdzkumu a v\u00fdvoje syst\u00e9m\u016f internetu v\u011bc\u00ed\/slune\u010dn\u00edho nap\u00e1jen\u00ed.<\/li>\n\n\n\n<li><strong>Pr\u016flomov\u00e9 technologie<\/strong>:\n<ul class=\"wp-block-list\">\n<li>AI + 5G zkracuje odezvu na 30 s, fale\u0161n\u00e9 poplachy na 0,5%<\/li>\n\n\n\n<li>TDLAS dosahuje detekce metanu na \u00farovni ppb<\/li>\n\n\n\n<li>Za\u0159\u00edzen\u00ed na sol\u00e1rn\u00ed pohon sni\u017euj\u00ed spot\u0159ebu energie o 60%<\/li>\n<\/ul>\n<\/li>\n<\/ul>\n\n\n\n<h2 class=\"wp-block-heading\"><strong>4. N\u00e1vratnost investice a zm\u00edrn\u011bn\u00ed rizik<\/strong><\/h2>\n\n\n\n<ul class=\"wp-block-list\">\n<li><strong>N\u00e1klady<\/strong>: \u00a528 000 ($3 920) za st\u00e1nek o rozloze 100 m\u00b2, sn\u00ed\u017een\u00ed nehodovosti o 92%, sn\u00ed\u017een\u00ed pojistn\u00e9ho o 37%.<\/li>\n\n\n\n<li><strong>N\u00e1klady na nehody<\/strong>: V\u00fdbuchy benzenu v pr\u016fm\u011bru \u00a55 milion\u016f \u00a52,3(700<em>k<\/em>)<em>perincident<\/em>;<em>\u00faniky plynuzp\u016fsoben\u00e9<\/em>\u00a52.3<em>B<\/em>(322 mil.) ztr\u00e1ty v roce 2024<\/li>\n<\/ul>\n\n\n\n<h2 class=\"wp-block-heading\"><strong>5. Z\u00e1klady dodr\u017eov\u00e1n\u00ed p\u0159edpis\u016f<\/strong><\/h2>\n\n\n\n<p class=\"has-text-align-left\"><strong>Sankce<\/strong>: Tov\u00e1rna na v\u00fdrobu autod\u00edl\u016f v provincii \u010ce-\u0165iang dostala v roce 2024 pokutu ve v\u00fd\u0161i 830 tis\u00edc j\u00fcan\u016f ($116 tis\u00edc korun) za nedodr\u017een\u00ed p\u0159edpis\u016f<\/p>\n\n\n\n<p><strong>Normy<\/strong>: AQ3009-2007 nev\u00fdbu\u0161n\u00e1 konstrukce + GB3836.1 elektrick\u00e1 bezpe\u010dnost<\/p>\n\n\n\n<p><strong>Inspekce<\/strong>: M\u011bs\u00ed\u010dn\u00ed kontroly plomb, \u010dtvrtletn\u00ed kalibrace senzor\u016f, ro\u010dn\u00ed audity t\u0159et\u00ed stranou.<\/p>\n\n\n\n<div class=\"wp-block-uagb-container uagb-block-c7d898dd alignfull uagb-is-root-container\"><div class=\"uagb-container-inner-blocks-wrap\"><\/div><\/div>\n\n\n\n<h2 class=\"wp-block-heading\">Souvisej\u00edc\u00ed produkty<\/h2>\n\n\n\n<div class=\"wp-block-uagb-container uagb-block-66e4defc alignfull uagb-is-root-container\"><div class=\"uagb-container-inner-blocks-wrap\">\n<div class=\"wp-block-uagb-container uagb-block-a42945f9\">\n<div class=\"wp-block-uagb-image uagb-block-7296296b wp-block-uagb-image--layout-default wp-block-uagb-image--effect-static wp-block-uagb-image--align-none\"><figure class=\"wp-block-uagb-image__figure\"><a class=\"\" href=\"https:\/\/led.amasly.com\/cs\/produkty\/\" target=\"\" rel=\"noopener\"><img decoding=\"async\" srcset=\"https:\/\/led.amasly.com\/wp-content\/uploads\/2024\/09\/Explosion-proof-high-bay-lights.png ,https:\/\/led.amasly.com\/wp-content\/uploads\/2024\/09\/Explosion-proof-high-bay-lights.png 780w, https:\/\/led.amasly.com\/wp-content\/uploads\/2024\/09\/Explosion-proof-high-bay-lights.png 360w\" sizes=\"auto, (max-width: 480px) 150px\" src=\"https:\/\/led.amasly.com\/wp-content\/uploads\/2024\/09\/Explosion-proof-high-bay-lights.png\" alt=\"\" class=\"uag-image-1495\" width=\"300\" height=\"300\" title=\"Nev\u00fdbu\u0161n\u00e1 sv\u00edtidla s vysokou odolnost\u00ed proti v\u00fdbuchu\" loading=\"lazy\" role=\"img\"><\/a><\/figure><\/div>\n<\/div>\n\n\n\n<div class=\"wp-block-uagb-container uagb-block-4d3efde5\">\n<div class=\"wp-block-uagb-image uagb-block-c9e90797 wp-block-uagb-image--layout-default wp-block-uagb-image--effect-static wp-block-uagb-image--align-none\"><figure class=\"wp-block-uagb-image__figure\"><a class=\"\" href=\"https:\/\/led.amasly.com\/cs\/produkty\/\" target=\"\" rel=\"noopener\"><img decoding=\"async\" srcset=\"https:\/\/led.amasly.com\/wp-content\/uploads\/2024\/07\/LED-tri-proof-lights2.png ,https:\/\/led.amasly.com\/wp-content\/uploads\/2024\/07\/LED-tri-proof-lights2.png 780w, https:\/\/led.amasly.com\/wp-content\/uploads\/2024\/07\/LED-tri-proof-lights2.png 360w\" sizes=\"auto, (max-width: 480px) 150px\" src=\"https:\/\/led.amasly.com\/wp-content\/uploads\/2024\/07\/LED-tri-proof-lights2.png\" alt=\"\" class=\"uag-image-1132\" width=\"300\" height=\"300\" title=\"LED-tri-proof-sv\u011btla2\" loading=\"lazy\" role=\"img\"><\/a><\/figure><\/div>\n<\/div>\n\n\n\n<div class=\"wp-block-uagb-container uagb-block-11c2578b\">\n<div class=\"wp-block-uagb-image uagb-block-6e8883aa wp-block-uagb-image--layout-default wp-block-uagb-image--effect-static wp-block-uagb-image--align-none\"><figure class=\"wp-block-uagb-image__figure\"><a class=\"\" href=\"https:\/\/led.amasly.com\/cs\/produkty\/\" target=\"\" rel=\"noopener\"><img decoding=\"async\" srcset=\"https:\/\/led.amasly.com\/wp-content\/uploads\/2024\/09\/LED-Explosion-Proof-Gas-Station-Light.png ,https:\/\/led.amasly.com\/wp-content\/uploads\/2024\/09\/LED-Explosion-Proof-Gas-Station-Light.png 780w, https:\/\/led.amasly.com\/wp-content\/uploads\/2024\/09\/LED-Explosion-Proof-Gas-Station-Light.png 360w\" sizes=\"auto, (max-width: 480px) 150px\" src=\"https:\/\/led.amasly.com\/wp-content\/uploads\/2024\/09\/LED-Explosion-Proof-Gas-Station-Light.png\" alt=\"\" class=\"uag-image-1501\" width=\"300\" height=\"300\" title=\"LED sv\u011btlo pro \u010derpac\u00ed stanice s ochranou proti v\u00fdbuchu\" loading=\"lazy\" role=\"img\"><\/a><\/figure><\/div>\n<\/div>\n<\/div><\/div>\n\n\n\n<div class=\"wp-block-uagb-container uagb-block-548945b5 alignfull uagb-is-root-container\"><div class=\"uagb-container-inner-blocks-wrap\">\n<div class=\"wp-block-uagb-container uagb-block-967755d5\">\n<h4 class=\"wp-block-heading has-text-align-center\"><a href=\"https:\/\/led.amasly.com\/cs\/produkty\/\">Sv\u011btla LED odoln\u00e1 proti v\u00fdbuchu<\/a><\/h4>\n<\/div>\n\n\n\n<div class=\"wp-block-uagb-container uagb-block-9bc52fc2\">\n<h4 class=\"wp-block-heading has-text-align-center\"><a href=\"https:\/\/led.amasly.com\/cs\/produkty\/\">Trojit\u00e1 ochrann\u00e1 sv\u011btla LED<\/a><\/h4>\n<\/div>\n\n\n\n<div class=\"wp-block-uagb-container uagb-block-8ffa0a23\">\n<h4 class=\"wp-block-heading has-text-align-center\"><a href=\"https:\/\/led.amasly.com\/cs\/produkty\/\">Sv\u011btla \u010derpac\u00edch stanic odoln\u00e1 proti v\u00fdbuchu<\/a><\/h4>\n<\/div>\n<\/div><\/div>\n\n\n\n<div class=\"wp-block-uagb-container uagb-block-29499fe0 alignfull uagb-is-root-container\"><div class=\"uagb-container-inner-blocks-wrap\">\n<div class=\"wp-block-uagb-container uagb-block-777ee1c7\">\n<div class=\"wp-block-uagb-image uagb-block-2e9a1851 wp-block-uagb-image--layout-default wp-block-uagb-image--effect-static wp-block-uagb-image--align-none\"><figure class=\"wp-block-uagb-image__figure\"><a class=\"\" href=\"https:\/\/led.amasly.com\/cs\/produkty\/\" target=\"\" rel=\"noopener\"><img decoding=\"async\" srcset=\"https:\/\/led.amasly.com\/wp-content\/uploads\/2024\/10\/50W-100W-150W-200W-300W-LED-Flood-Light.jpg ,https:\/\/led.amasly.com\/wp-content\/uploads\/2024\/10\/50W-100W-150W-200W-300W-LED-Flood-Light.jpg 780w, https:\/\/led.amasly.com\/wp-content\/uploads\/2024\/10\/50W-100W-150W-200W-300W-LED-Flood-Light.jpg 360w\" sizes=\"auto, (max-width: 480px) 150px\" src=\"https:\/\/led.amasly.com\/wp-content\/uploads\/2024\/10\/50W-100W-150W-200W-300W-LED-Flood-Light.jpg\" alt=\"\" class=\"uag-image-1526\" width=\"300\" height=\"300\" title=\"50W 100W 150W 200W 300W LED z\u00e1plavov\u00e9 sv\u011btlo\" loading=\"lazy\" role=\"img\"><\/a><\/figure><\/div>\n<\/div>\n\n\n\n<div class=\"wp-block-uagb-container uagb-block-af8c8683\">\n<div class=\"wp-block-uagb-image uagb-block-67947854 wp-block-uagb-image--layout-default wp-block-uagb-image--effect-static wp-block-uagb-image--align-none\"><figure class=\"wp-block-uagb-image__figure\"><a class=\"\" href=\"https:\/\/led.amasly.com\/cs\/produkty\/\" target=\"\" rel=\"noopener\"><img decoding=\"async\" srcset=\"https:\/\/led.amasly.com\/wp-content\/uploads\/2024\/07\/led-tri-proof-light.png ,https:\/\/led.amasly.com\/wp-content\/uploads\/2024\/07\/led-tri-proof-light.png 780w, https:\/\/led.amasly.com\/wp-content\/uploads\/2024\/07\/led-tri-proof-light.png 360w\" sizes=\"auto, (max-width: 480px) 150px\" src=\"https:\/\/led.amasly.com\/wp-content\/uploads\/2024\/07\/led-tri-proof-light.png\" alt=\"\" class=\"uag-image-1130\" width=\"300\" height=\"300\" title=\"led-tri-proof-light\" loading=\"lazy\" role=\"img\"><\/a><\/figure><\/div>\n<\/div>\n\n\n\n<div class=\"wp-block-uagb-container uagb-block-0fdfdd58\">\n<div class=\"wp-block-uagb-image uagb-block-1187d32d wp-block-uagb-image--layout-default wp-block-uagb-image--effect-static wp-block-uagb-image--align-none\"><figure class=\"wp-block-uagb-image__figure\"><a class=\"\" href=\"https:\/\/led.amasly.com\/cs\/produkty\/\" target=\"\" rel=\"noopener\"><img decoding=\"async\" srcset=\"https:\/\/led.amasly.com\/wp-content\/uploads\/2024\/07\/LED-street-light.jpg ,https:\/\/led.amasly.com\/wp-content\/uploads\/2024\/07\/LED-street-light.jpg 780w, https:\/\/led.amasly.com\/wp-content\/uploads\/2024\/07\/LED-street-light.jpg 360w\" sizes=\"auto, (max-width: 480px) 150px\" src=\"https:\/\/led.amasly.com\/wp-content\/uploads\/2024\/07\/LED-street-light.jpg\" alt=\"\" class=\"uag-image-1145\" width=\"300\" height=\"300\" title=\"Uli\u010dn\u00ed osv\u011btlen\u00ed LED\" loading=\"lazy\" role=\"img\"><\/a><\/figure><\/div>\n<\/div>\n<\/div><\/div>\n\n\n\n<div class=\"wp-block-uagb-container uagb-block-6a60882c alignfull uagb-is-root-container\"><div class=\"uagb-container-inner-blocks-wrap\">\n<div class=\"wp-block-uagb-container uagb-block-f1e91a35\">\n<h4 class=\"wp-block-heading has-text-align-center\"><a href=\"https:\/\/led.amasly.com\/cs\/produkty\/\">LED sv\u011btla pro zaplaven\u00ed<\/a><\/h4>\n<\/div>\n\n\n\n<div class=\"wp-block-uagb-container uagb-block-165bfa58\">\n<h4 class=\"wp-block-heading has-text-align-center\"><a href=\"https:\/\/led.amasly.com\/cs\/produkty\/\">LED Tri-Proof Tube Lights<\/a><\/h4>\n<\/div>\n\n\n\n<div class=\"wp-block-uagb-container uagb-block-f6096e3b\">\n<h4 class=\"wp-block-heading has-text-align-center\"><a href=\"https:\/\/led.amasly.com\/cs\/produkty\/\">Pouli\u010dn\u00ed osv\u011btlen\u00ed LED<\/a><\/h4>\n<\/div>\n<\/div><\/div>\n\n\n\n<div class=\"wp-block-uagb-container uagb-block-99c0e0a5 alignfull uagb-is-root-container\"><div class=\"uagb-container-inner-blocks-wrap\"><\/div><\/div>\n\n\n\n<p><\/p>","protected":false},"excerpt":{"rendered":"<p>Explosion-Proof Spray Booth Systems: Industry Trends, Technical Solutions &amp; Safety Compliance 1. Industry Insights &amp; Regulatory Drivers The Chinese gas alarm market reached \u00a512 billion ($1.68B) in 2024, with spray booths accounting for 18% of industrial demand. Post-2025 revisions to the&nbsp;Gas Engineering Code&nbsp;will mandate 30% stricter safety standards for Class II explosion-prone zones like spray [&hellip;]<\/p>\n","protected":false},"author":1,"featured_media":0,"parent":2374,"menu_order":0,"comment_status":"closed","ping_status":"closed","template":"","meta":{"_uag_custom_page_level_css":"","site-sidebar-layout":"no-sidebar","site-content-layout":"","ast-site-content-layout":"default","site-content-style":"default","site-sidebar-style":"default","ast-global-header-display":"","ast-banner-title-visibility":"","ast-main-header-display":"","ast-hfb-above-header-display":"","ast-hfb-below-header-display":"","ast-hfb-mobile-header-display":"","site-post-title":"disabled","ast-breadcrumbs-content":"","ast-featured-img":"","footer-sml-layout":"","ast-disable-related-posts":"","theme-transparent-header-meta":"enabled","adv-header-id-meta":"","stick-header-meta":"","header-above-stick-meta":"","header-main-stick-meta":"","header-below-stick-meta":"","astra-migrate-meta-layouts":"set","ast-page-background-enabled":"default","ast-page-background-meta":{"desktop":{"background-color":"var(--ast-global-color-4)","background-image":"","background-repeat":"repeat","background-position":"center center","background-size":"auto","background-attachment":"scroll","background-type":"","background-media":"","overlay-type":"","overlay-color":"","overlay-opacity":"","overlay-gradient":""},"tablet":{"background-color":"","background-image":"","background-repeat":"repeat","background-position":"center center","background-size":"auto","background-attachment":"scroll","background-type":"","background-media":"","overlay-type":"","overlay-color":"","overlay-opacity":"","overlay-gradient":""},"mobile":{"background-color":"","background-image":"","background-repeat":"repeat","background-position":"center center","background-size":"auto","background-attachment":"scroll","background-type":"","background-media":"","overlay-type":"","overlay-color":"","overlay-opacity":"","overlay-gradient":""}},"ast-content-background-meta":{"desktop":{"background-color":"var(--ast-global-color-5)","background-image":"","background-repeat":"repeat","background-position":"center center","background-size":"auto","background-attachment":"scroll","background-type":"","background-media":"","overlay-type":"","overlay-color":"","overlay-opacity":"","overlay-gradient":""},"tablet":{"background-color":"var(--ast-global-color-5)","background-image":"","background-repeat":"repeat","background-position":"center center","background-size":"auto","background-attachment":"scroll","background-type":"","background-media":"","overlay-type":"","overlay-color":"","overlay-opacity":"","overlay-gradient":""},"mobile":{"background-color":"var(--ast-global-color-5)","background-image":"","background-repeat":"repeat","background-position":"center center","background-size":"auto","background-attachment":"scroll","background-type":"","background-media":"","overlay-type":"","overlay-color":"","overlay-opacity":"","overlay-gradient":""}},"footnotes":""},"class_list":["post-3177","page","type-page","status-publish","hentry"],"uagb_featured_image_src":{"full":false,"thumbnail":false,"medium":false,"medium_large":false,"large":false,"1536x1536":false,"2048x2048":false,"trp-custom-language-flag":false},"uagb_author_info":{"display_name":"Joe","author_link":"https:\/\/led.amasly.com\/cs\/author\/jacklin\/"},"uagb_comment_info":0,"uagb_excerpt":"Explosion-Proof Spray Booth Systems: Industry Trends, Technical Solutions &amp; Safety Compliance 1. Industry Insights &amp; Regulatory Drivers The Chinese gas alarm market reached \u00a512 billion ($1.68B) in 2024, with spray booths accounting for 18% of industrial demand. Post-2025 revisions to the&nbsp;Gas Engineering Code&nbsp;will mandate 30% stricter safety standards for Class II explosion-prone zones like spray&hellip;","_links":{"self":[{"href":"https:\/\/led.amasly.com\/cs\/wp-json\/wp\/v2\/pages\/3177","targetHints":{"allow":["GET"]}}],"collection":[{"href":"https:\/\/led.amasly.com\/cs\/wp-json\/wp\/v2\/pages"}],"about":[{"href":"https:\/\/led.amasly.com\/cs\/wp-json\/wp\/v2\/types\/page"}],"author":[{"embeddable":true,"href":"https:\/\/led.amasly.com\/cs\/wp-json\/wp\/v2\/users\/1"}],"replies":[{"embeddable":true,"href":"https:\/\/led.amasly.com\/cs\/wp-json\/wp\/v2\/comments?post=3177"}],"version-history":[{"count":1,"href":"https:\/\/led.amasly.com\/cs\/wp-json\/wp\/v2\/pages\/3177\/revisions"}],"predecessor-version":[{"id":3178,"href":"https:\/\/led.amasly.com\/cs\/wp-json\/wp\/v2\/pages\/3177\/revisions\/3178"}],"up":[{"embeddable":true,"href":"https:\/\/led.amasly.com\/cs\/wp-json\/wp\/v2\/pages\/2374"}],"wp:attachment":[{"href":"https:\/\/led.amasly.com\/cs\/wp-json\/wp\/v2\/media?parent=3177"}],"curies":[{"name":"wp","href":"https:\/\/api.w.org\/{rel}","templated":true}]}}