{"id":3174,"date":"2025-04-23T20:53:47","date_gmt":"2025-04-23T12:53:47","guid":{"rendered":"https:\/\/led.amasly.com\/?page_id=3174"},"modified":"2025-04-23T20:53:52","modified_gmt":"2025-04-23T12:53:52","slug":"nevybusne-elektricke-osvetlovaci-systemy-pro-bezpecnostni-technologie-lakovacich-linek","status":"publish","type":"page","link":"https:\/\/led.amasly.com\/cs\/znalosti\/znalosti-o-vyrobcich-odolnych-proti-vybuchu\/nevybusne-elektricke-osvetlovaci-systemy-pro-bezpecnostni-technologie-lakovacich-linek\/","title":{"rendered":"Syst\u00e9my elektrick\u00e9ho osv\u011btlen\u00ed pro lakovac\u00ed linky v nev\u00fdbu\u0161n\u00e9m proveden\u00ed: Bezpe\u010dnostn\u00ed technologie"},"content":{"rendered":"<div class=\"wp-block-uagb-container uagb-block-27bae773 alignfull uagb-is-root-container\"><div class=\"uagb-container-inner-blocks-wrap\"><\/div><\/div>\n\n\n\n<h1 class=\"wp-block-heading has-text-align-center\">N\u00e1vrh a realizace nev\u00fdbu\u0161n\u00fdch elektrick\u00fdch osv\u011btlovac\u00edch syst\u00e9m\u016f <\/h1>\n\n\n\n<div class=\"wp-block-uagb-image uagb-block-da1360b5 wp-block-uagb-image--layout-default wp-block-uagb-image--effect-static wp-block-uagb-image--align-none\"><figure class=\"wp-block-uagb-image__figure\"><a class=\"\" href=\"https:\/\/led.amasly.com\/cs\/produkty\/\" target=\"\" rel=\"noopener\"><img decoding=\"async\" srcset=\"https:\/\/led.amasly.com\/wp-content\/uploads\/2025\/01\/LED-explosion-proof-flood-lights.png ,https:\/\/led.amasly.com\/wp-content\/uploads\/2025\/01\/LED-explosion-proof-flood-lights.png 780w, https:\/\/led.amasly.com\/wp-content\/uploads\/2025\/01\/LED-explosion-proof-flood-lights.png 360w\" sizes=\"auto, (max-width: 480px) 150px\" src=\"https:\/\/led.amasly.com\/wp-content\/uploads\/2025\/01\/LED-explosion-proof-flood-lights.png\" alt=\"\" class=\"uag-image-1675\" width=\"1004\" height=\"308\" title=\"LED sv\u011btla odoln\u00e1 proti v\u00fdbuchu\" loading=\"lazy\" role=\"img\"><\/a><\/figure><\/div>\n\n\n\n<h2 class=\"wp-block-heading\"><strong>Elektrick\u00e9 osv\u011btlen\u00ed + nev\u00fdbu\u0161n\u00e9 konstruk\u010dn\u00ed normy<\/strong><\/h2>\n\n\n\n<p><strong>Kl\u00ed\u010dov\u00e9 metriky:<\/strong><\/p>\n\n\n\n<ul class=\"wp-block-list\">\n<li>Hodnocen\u00ed nev\u00fdbu\u0161n\u00fdch sv\u00edtidel: IP65+<\/li>\n\n\n\n<li>Osv\u011btlenost: \u2265300 lux\u016f (pracovn\u00ed plochy), \u2265150 lux\u016f (uli\u010dky)<\/li>\n\n\n\n<li>Doba trv\u00e1n\u00ed nouzov\u00e9ho osv\u011btlen\u00ed: \u226590 minut<\/li>\n<\/ul>\n\n\n\n<figure class=\"wp-block-table\"><table class=\"has-fixed-layout\"><thead><tr><th>Typ za\u0159\u00edzen\u00ed<\/th><th>Hodnocen\u00ed odolnosti proti v\u00fdbuchu<\/th><th>\u010cetnost kontrol<\/th><\/tr><\/thead><tbody><tr><td>Hlavn\u00ed osv\u011btlen\u00ed d\u00edlny<\/td><td><a href=\"http:\/\/www.iecex-certs.com\/\" rel=\"nofollow noopener\" target=\"_blank\">Ex d IIB T4<\/a><\/td><td>\u010ctvrtletn\u011b<\/td><\/tr><tr><td>Osv\u011btlen\u00ed sm\u011b\u0161ovac\u00ed m\u00edstnosti<\/td><td>Ex de IIB T6<\/td><td>M\u011bs\u00ed\u010dn\u00ed vizu\u00e1ln\u00ed kontrola<\/td><\/tr><tr><td>Nouzov\u00e9 osv\u011btlen\u00ed<\/td><td>IP68 + odolnost proti vibrac\u00edm<\/td><td>Pololetn\u00ed testov\u00e1n\u00ed<\/td><\/tr><\/tbody><\/table><\/figure>\n\n\n\n<p><strong>Pokyny k prov\u00e1d\u011bn\u00ed:<\/strong><\/p>\n\n\n\n<ol start=\"1\" class=\"wp-block-list\">\n<li>Pou\u017e\u00edvejte sv\u00edtidla LED odoln\u00e1 proti v\u00fdbuchu (\u2264100 W, teplota barev 4000-5000 K).<\/li>\n\n\n\n<li>Instalace nez\u00e1visl\u00fdch svodov\u00fdch ochran (vyp\u00ednac\u00ed proud \u226430mA)<\/li>\n\n\n\n<li>Odpor uzemn\u011bn\u00ed \u22644\u03a9 pro v\u0161echna sv\u00edtidla<\/li>\n<\/ol>\n\n\n\n<h2 class=\"wp-block-heading\"><strong>Elektrick\u00e9 osv\u011btlen\u00ed + inteligentn\u00ed \u0159\u00eddic\u00ed syst\u00e9my<\/strong><\/h2>\n\n\n\n<p><strong>Integrovan\u00e1 \u0159e\u0161en\u00ed:<\/strong><\/p>\n\n\n\n<ol start=\"1\" class=\"wp-block-list\">\n<li>Automatick\u00e9 stm\u00edv\u00e1n\u00ed s detekc\u00ed sv\u011btla (nastaven\u00ed jasu 30-100%)<\/li>\n\n\n\n<li>Stroboskopick\u00e9 v\u00fdstrahy spou\u0161t\u011bn\u00e9 VOC (aktivace p\u0159i 25% LEL)<\/li>\n\n\n\n<li>Monitorov\u00e1n\u00ed v re\u00e1ln\u00e9m \u010dase:\n<ul class=\"wp-block-list\">\n<li>Teplotn\u00ed v\u00fdstrahy (prahov\u00e1 hodnota \u226460\u00b0C\/140\u00b0F)<\/li>\n\n\n\n<li>Kontrola zat\u00ed\u017een\u00ed obvodu (bezpe\u010dnostn\u00ed limit \u226480%)<\/li>\n<\/ul>\n<\/li>\n<\/ol>\n\n\n\n<p><strong>Nouzov\u00e9 protokoly:<\/strong><\/p>\n\n\n\n<ul class=\"wp-block-list\">\n<li>Inteligentn\u00ed \u00fanikov\u00e9 zna\u010dky se sv\u00edtivost\u00ed \u22655 cd\/m\u00b2<\/li>\n\n\n\n<li>V\u00fdstra\u017en\u00fd maj\u00e1k odoln\u00fd proti v\u00fdbuchu (\u226585 dB)<\/li>\n\n\n\n<li>Doba aktivace nouzov\u00e9ho osv\u011btlen\u00ed \u22640,5 s<\/li>\n<\/ul>\n\n\n\n<h2 class=\"wp-block-heading\"><strong>Specifikace instalace<\/strong><\/h2>\n\n\n\n<p><strong>Bezpe\u010dnostn\u00ed po\u017eadavky:<\/strong><\/p>\n\n\n\n<ol start=\"1\" class=\"wp-block-list\">\n<li>Mont\u00e1\u017en\u00ed v\u00fd\u0161ka: 2,5-3,5 m nad podlahou<\/li>\n\n\n\n<li>M\u011bd\u011bn\u00e9 nev\u00fdbu\u0161n\u00e9 rozvodn\u00e9 sk\u0159\u00edn\u011b (IP54+)<\/li>\n\n\n\n<li>Pozinkovan\u00e9 ocelov\u00e9 trubky (polom\u011br ohybu \u22656\u00d7 pr\u016fm\u011br)<\/li>\n<\/ol>\n\n\n\n<p><strong>Kritick\u00e9 dodr\u017eov\u00e1n\u00ed p\u0159edpis\u016f:<\/strong><\/p>\n\n\n\n<ul class=\"wp-block-list\">\n<li>300mm vzd\u00e1lenost mezi kabely osv\u011btlen\u00ed\/nap\u00e1jen\u00ed<\/li>\n\n\n\n<li>Kroutic\u00ed moment svorek: \u22640,8 N-m pro vodi\u010de 2,5 mm\u00b2<\/li>\n\n\n\n<li>Bezpe\u010dnostn\u00ed faktor zav\u011b\u0161en\u00ed \u22655\u00d7 hmotnost za\u0159\u00edzen\u00ed<\/li>\n<\/ul>\n\n\n\n<h2 class=\"wp-block-heading\"><strong>Elektrick\u00e9 osv\u011btlen\u00ed + spr\u00e1va \u00fadr\u017eby<\/strong><\/h2>\n\n\n\n<p><strong>Preventivn\u00ed strategie:<\/strong><\/p>\n\n\n\n<ol start=\"1\" class=\"wp-block-list\">\n<li>Mapov\u00e1n\u00ed osv\u011btlen\u00ed (testovac\u00ed body ka\u017ed\u00fdch 10 m\/33 stop)<\/li>\n\n\n\n<li>T\u0159\u00edstup\u0148ov\u00fd syst\u00e9m \u00fadr\u017eby:\n<ul class=\"wp-block-list\">\n<li>Denn\u00ed \u00faklid\/kontrola<\/li>\n\n\n\n<li>M\u011bs\u00ed\u010dn\u00ed funk\u010dn\u00ed testy<\/li>\n\n\n\n<li>Ro\u010dn\u00ed certifikace nev\u00fdbu\u0161nosti<\/li>\n<\/ul>\n<\/li>\n<\/ol>\n\n\n\n<p><strong>Reakce na poruchu:<\/strong><\/p>\n\n\n\n<ol start=\"1\" class=\"wp-block-list\">\n<li>Okam\u017eit\u011b aktivujte z\u00e1lo\u017en\u00ed osv\u011btlen\u00ed<\/li>\n\n\n\n<li>Pou\u017eit\u00ed 24V nev\u00fdbu\u0161n\u00fdch sv\u011btel pro \u0159e\u0161en\u00ed probl\u00e9m\u016f<\/li>\n\n\n\n<li>Recertifikace ATEX po oprav\u011b<\/li>\n<\/ol>\n\n\n\n<h2 class=\"wp-block-heading\"><strong>Elektrick\u00e9 osv\u011btlen\u00ed + technick\u00e9 inovace<\/strong><\/h2>\n\n\n\n<p><strong>Integrace IoT:<\/strong><\/p>\n\n\n\n<ol start=\"1\" class=\"wp-block-list\">\n<li>Cloudov\u00e9 platformy pro inteligentn\u00ed osv\u011btlen\u00ed:\n<ul class=\"wp-block-list\">\n<li>Monitorov\u00e1n\u00ed energie (p\u0159esnost \u00b12%)<\/li>\n\n\n\n<li>Prediktivn\u00ed \u00fadr\u017eba (datov\u00e9 modely 3000 hodin)<\/li>\n<\/ul>\n<\/li>\n\n\n\n<li>Jiskrov\u011b bezpe\u010dn\u00e9 bezdr\u00e1tov\u00e9 ovl\u00e1d\u00e1n\u00ed (dosah p\u0159es 50 m)<\/li>\n<\/ol>\n\n\n\n<p><strong>Pokro\u010dil\u00e1 \u0159e\u0161en\u00ed:<\/strong><\/p>\n\n\n\n<p class=\"has-text-align-left\">Laserem nav\u00e1d\u011bn\u00e9 nouzov\u00e9 syst\u00e9my (viditelnost p\u0159es 100 m)<\/p>\n\n\n\n<p>Samo\u010distic\u00ed optick\u00e9 povlaky (zv\u00fd\u0161en\u00ed pr\u016fhlednosti 15%)<\/p>\n\n\n\n<p>Grafenov\u00e9 tepeln\u00e9 moduly (sn\u00ed\u017een\u00ed teploty o 8-10 \u00b0C)<\/p>\n\n\n\n<div class=\"wp-block-uagb-container uagb-block-c7d898dd alignfull uagb-is-root-container\"><div class=\"uagb-container-inner-blocks-wrap\"><\/div><\/div>\n\n\n\n<h2 class=\"wp-block-heading\">Souvisej\u00edc\u00ed produkty<\/h2>\n\n\n\n<div class=\"wp-block-uagb-container uagb-block-66e4defc alignfull uagb-is-root-container\"><div class=\"uagb-container-inner-blocks-wrap\">\n<div class=\"wp-block-uagb-container uagb-block-a42945f9\">\n<div class=\"wp-block-uagb-image uagb-block-7296296b wp-block-uagb-image--layout-default wp-block-uagb-image--effect-static wp-block-uagb-image--align-none\"><figure class=\"wp-block-uagb-image__figure\"><a class=\"\" href=\"https:\/\/led.amasly.com\/cs\/produkty\/\" target=\"\" rel=\"noopener\"><img decoding=\"async\" srcset=\"https:\/\/led.amasly.com\/wp-content\/uploads\/2024\/09\/Explosion-proof-high-bay-lights.png ,https:\/\/led.amasly.com\/wp-content\/uploads\/2024\/09\/Explosion-proof-high-bay-lights.png 780w, https:\/\/led.amasly.com\/wp-content\/uploads\/2024\/09\/Explosion-proof-high-bay-lights.png 360w\" sizes=\"auto, (max-width: 480px) 150px\" src=\"https:\/\/led.amasly.com\/wp-content\/uploads\/2024\/09\/Explosion-proof-high-bay-lights.png\" alt=\"\" class=\"uag-image-1495\" width=\"300\" height=\"300\" title=\"Nev\u00fdbu\u0161n\u00e1 sv\u00edtidla s vysokou odolnost\u00ed proti v\u00fdbuchu\" loading=\"lazy\" role=\"img\"><\/a><\/figure><\/div>\n<\/div>\n\n\n\n<div class=\"wp-block-uagb-container uagb-block-4d3efde5\">\n<div class=\"wp-block-uagb-image uagb-block-c9e90797 wp-block-uagb-image--layout-default wp-block-uagb-image--effect-static wp-block-uagb-image--align-none\"><figure class=\"wp-block-uagb-image__figure\"><a class=\"\" href=\"https:\/\/led.amasly.com\/cs\/produkty\/\" target=\"\" rel=\"noopener\"><img decoding=\"async\" srcset=\"https:\/\/led.amasly.com\/wp-content\/uploads\/2024\/07\/LED-tri-proof-lights2.png ,https:\/\/led.amasly.com\/wp-content\/uploads\/2024\/07\/LED-tri-proof-lights2.png 780w, https:\/\/led.amasly.com\/wp-content\/uploads\/2024\/07\/LED-tri-proof-lights2.png 360w\" sizes=\"auto, (max-width: 480px) 150px\" src=\"https:\/\/led.amasly.com\/wp-content\/uploads\/2024\/07\/LED-tri-proof-lights2.png\" alt=\"\" class=\"uag-image-1132\" width=\"300\" height=\"300\" title=\"LED-tri-proof-sv\u011btla2\" loading=\"lazy\" role=\"img\"><\/a><\/figure><\/div>\n<\/div>\n\n\n\n<div class=\"wp-block-uagb-container uagb-block-11c2578b\">\n<div class=\"wp-block-uagb-image uagb-block-6e8883aa wp-block-uagb-image--layout-default wp-block-uagb-image--effect-static wp-block-uagb-image--align-none\"><figure class=\"wp-block-uagb-image__figure\"><a class=\"\" href=\"https:\/\/led.amasly.com\/cs\/produkty\/\" target=\"\" rel=\"noopener\"><img decoding=\"async\" srcset=\"https:\/\/led.amasly.com\/wp-content\/uploads\/2024\/09\/LED-Explosion-Proof-Gas-Station-Light.png ,https:\/\/led.amasly.com\/wp-content\/uploads\/2024\/09\/LED-Explosion-Proof-Gas-Station-Light.png 780w, https:\/\/led.amasly.com\/wp-content\/uploads\/2024\/09\/LED-Explosion-Proof-Gas-Station-Light.png 360w\" sizes=\"auto, (max-width: 480px) 150px\" src=\"https:\/\/led.amasly.com\/wp-content\/uploads\/2024\/09\/LED-Explosion-Proof-Gas-Station-Light.png\" alt=\"\" class=\"uag-image-1501\" width=\"300\" height=\"300\" title=\"LED sv\u011btlo pro \u010derpac\u00ed stanice s ochranou proti v\u00fdbuchu\" loading=\"lazy\" role=\"img\"><\/a><\/figure><\/div>\n<\/div>\n<\/div><\/div>\n\n\n\n<div class=\"wp-block-uagb-container uagb-block-548945b5 alignfull uagb-is-root-container\"><div class=\"uagb-container-inner-blocks-wrap\">\n<div class=\"wp-block-uagb-container uagb-block-967755d5\">\n<h4 class=\"wp-block-heading has-text-align-center\"><a href=\"https:\/\/led.amasly.com\/cs\/produkty\/\">Sv\u011btla LED odoln\u00e1 proti v\u00fdbuchu<\/a><\/h4>\n<\/div>\n\n\n\n<div class=\"wp-block-uagb-container uagb-block-9bc52fc2\">\n<h4 class=\"wp-block-heading has-text-align-center\"><a href=\"https:\/\/led.amasly.com\/cs\/produkty\/\">Trojit\u00e1 ochrann\u00e1 sv\u011btla LED<\/a><\/h4>\n<\/div>\n\n\n\n<div class=\"wp-block-uagb-container uagb-block-8ffa0a23\">\n<h4 class=\"wp-block-heading has-text-align-center\"><a href=\"https:\/\/led.amasly.com\/cs\/produkty\/\">Sv\u011btla \u010derpac\u00edch stanic odoln\u00e1 proti v\u00fdbuchu<\/a><\/h4>\n<\/div>\n<\/div><\/div>\n\n\n\n<div class=\"wp-block-uagb-container uagb-block-29499fe0 alignfull uagb-is-root-container\"><div class=\"uagb-container-inner-blocks-wrap\">\n<div class=\"wp-block-uagb-container uagb-block-777ee1c7\">\n<div class=\"wp-block-uagb-image uagb-block-2e9a1851 wp-block-uagb-image--layout-default wp-block-uagb-image--effect-static wp-block-uagb-image--align-none\"><figure class=\"wp-block-uagb-image__figure\"><a class=\"\" href=\"https:\/\/led.amasly.com\/cs\/produkty\/\" target=\"\" rel=\"noopener\"><img decoding=\"async\" srcset=\"https:\/\/led.amasly.com\/wp-content\/uploads\/2024\/10\/50W-100W-150W-200W-300W-LED-Flood-Light.jpg ,https:\/\/led.amasly.com\/wp-content\/uploads\/2024\/10\/50W-100W-150W-200W-300W-LED-Flood-Light.jpg 780w, https:\/\/led.amasly.com\/wp-content\/uploads\/2024\/10\/50W-100W-150W-200W-300W-LED-Flood-Light.jpg 360w\" sizes=\"auto, (max-width: 480px) 150px\" src=\"https:\/\/led.amasly.com\/wp-content\/uploads\/2024\/10\/50W-100W-150W-200W-300W-LED-Flood-Light.jpg\" alt=\"\" class=\"uag-image-1526\" width=\"300\" height=\"300\" title=\"50W 100W 150W 200W 300W LED z\u00e1plavov\u00e9 sv\u011btlo\" loading=\"lazy\" role=\"img\"><\/a><\/figure><\/div>\n<\/div>\n\n\n\n<div class=\"wp-block-uagb-container uagb-block-af8c8683\">\n<div class=\"wp-block-uagb-image uagb-block-67947854 wp-block-uagb-image--layout-default wp-block-uagb-image--effect-static wp-block-uagb-image--align-none\"><figure class=\"wp-block-uagb-image__figure\"><a class=\"\" href=\"https:\/\/led.amasly.com\/cs\/produkty\/\" target=\"\" rel=\"noopener\"><img decoding=\"async\" srcset=\"https:\/\/led.amasly.com\/wp-content\/uploads\/2024\/07\/led-tri-proof-light.png ,https:\/\/led.amasly.com\/wp-content\/uploads\/2024\/07\/led-tri-proof-light.png 780w, https:\/\/led.amasly.com\/wp-content\/uploads\/2024\/07\/led-tri-proof-light.png 360w\" sizes=\"auto, (max-width: 480px) 150px\" src=\"https:\/\/led.amasly.com\/wp-content\/uploads\/2024\/07\/led-tri-proof-light.png\" alt=\"\" class=\"uag-image-1130\" width=\"300\" height=\"300\" title=\"led-tri-proof-light\" loading=\"lazy\" role=\"img\"><\/a><\/figure><\/div>\n<\/div>\n\n\n\n<div class=\"wp-block-uagb-container uagb-block-0fdfdd58\">\n<div class=\"wp-block-uagb-image uagb-block-1187d32d wp-block-uagb-image--layout-default wp-block-uagb-image--effect-static wp-block-uagb-image--align-none\"><figure class=\"wp-block-uagb-image__figure\"><a class=\"\" href=\"https:\/\/led.amasly.com\/cs\/produkty\/\" target=\"\" rel=\"noopener\"><img decoding=\"async\" srcset=\"https:\/\/led.amasly.com\/wp-content\/uploads\/2024\/07\/LED-street-light.jpg ,https:\/\/led.amasly.com\/wp-content\/uploads\/2024\/07\/LED-street-light.jpg 780w, https:\/\/led.amasly.com\/wp-content\/uploads\/2024\/07\/LED-street-light.jpg 360w\" sizes=\"auto, (max-width: 480px) 150px\" src=\"https:\/\/led.amasly.com\/wp-content\/uploads\/2024\/07\/LED-street-light.jpg\" alt=\"\" class=\"uag-image-1145\" width=\"300\" height=\"300\" title=\"Uli\u010dn\u00ed osv\u011btlen\u00ed LED\" loading=\"lazy\" role=\"img\"><\/a><\/figure><\/div>\n<\/div>\n<\/div><\/div>\n\n\n\n<div class=\"wp-block-uagb-container uagb-block-6a60882c alignfull uagb-is-root-container\"><div class=\"uagb-container-inner-blocks-wrap\">\n<div class=\"wp-block-uagb-container uagb-block-f1e91a35\">\n<h4 class=\"wp-block-heading has-text-align-center\"><a href=\"https:\/\/led.amasly.com\/cs\/produkty\/\">LED sv\u011btla pro zaplaven\u00ed<\/a><\/h4>\n<\/div>\n\n\n\n<div class=\"wp-block-uagb-container uagb-block-165bfa58\">\n<h4 class=\"wp-block-heading has-text-align-center\"><a href=\"https:\/\/led.amasly.com\/cs\/produkty\/\">LED Tri-Proof Tube Lights<\/a><\/h4>\n<\/div>\n\n\n\n<div class=\"wp-block-uagb-container uagb-block-f6096e3b\">\n<h4 class=\"wp-block-heading has-text-align-center\"><a href=\"https:\/\/led.amasly.com\/cs\/produkty\/\">Pouli\u010dn\u00ed osv\u011btlen\u00ed LED<\/a><\/h4>\n<\/div>\n<\/div><\/div>\n\n\n\n<div class=\"wp-block-uagb-container uagb-block-99c0e0a5 alignfull uagb-is-root-container\"><div class=\"uagb-container-inner-blocks-wrap\"><\/div><\/div>\n\n\n\n<p><\/p>","protected":false},"excerpt":{"rendered":"<p>Design and Implementation of Explosion-Proof Electrical Lighting Systems Electrical Lighting + Explosion-Proof Design Standards Key Metrics: Equipment Type Explosion-Proof Rating Inspection Frequency Main Workshop Lights Ex d IIB T4 Quarterly Mixing Room Lighting Ex de IIB T6 Monthly Visual Check Emergency Lighting IP68 + Vibration-proof Biannual Testing Implementation Guidelines: Electrical Lighting + Smart Control Systems [&hellip;]<\/p>\n","protected":false},"author":1,"featured_media":0,"parent":2374,"menu_order":0,"comment_status":"closed","ping_status":"closed","template":"","meta":{"_uag_custom_page_level_css":"","site-sidebar-layout":"no-sidebar","site-content-layout":"","ast-site-content-layout":"default","site-content-style":"default","site-sidebar-style":"default","ast-global-header-display":"","ast-banner-title-visibility":"","ast-main-header-display":"","ast-hfb-above-header-display":"","ast-hfb-below-header-display":"","ast-hfb-mobile-header-display":"","site-post-title":"disabled","ast-breadcrumbs-content":"","ast-featured-img":"","footer-sml-layout":"","ast-disable-related-posts":"","theme-transparent-header-meta":"enabled","adv-header-id-meta":"","stick-header-meta":"","header-above-stick-meta":"","header-main-stick-meta":"","header-below-stick-meta":"","astra-migrate-meta-layouts":"set","ast-page-background-enabled":"default","ast-page-background-meta":{"desktop":{"background-color":"var(--ast-global-color-4)","background-image":"","background-repeat":"repeat","background-position":"center center","background-size":"auto","background-attachment":"scroll","background-type":"","background-media":"","overlay-type":"","overlay-color":"","overlay-opacity":"","overlay-gradient":""},"tablet":{"background-color":"","background-image":"","background-repeat":"repeat","background-position":"center center","background-size":"auto","background-attachment":"scroll","background-type":"","background-media":"","overlay-type":"","overlay-color":"","overlay-opacity":"","overlay-gradient":""},"mobile":{"background-color":"","background-image":"","background-repeat":"repeat","background-position":"center center","background-size":"auto","background-attachment":"scroll","background-type":"","background-media":"","overlay-type":"","overlay-color":"","overlay-opacity":"","overlay-gradient":""}},"ast-content-background-meta":{"desktop":{"background-color":"var(--ast-global-color-5)","background-image":"","background-repeat":"repeat","background-position":"center center","background-size":"auto","background-attachment":"scroll","background-type":"","background-media":"","overlay-type":"","overlay-color":"","overlay-opacity":"","overlay-gradient":""},"tablet":{"background-color":"var(--ast-global-color-5)","background-image":"","background-repeat":"repeat","background-position":"center center","background-size":"auto","background-attachment":"scroll","background-type":"","background-media":"","overlay-type":"","overlay-color":"","overlay-opacity":"","overlay-gradient":""},"mobile":{"background-color":"var(--ast-global-color-5)","background-image":"","background-repeat":"repeat","background-position":"center center","background-size":"auto","background-attachment":"scroll","background-type":"","background-media":"","overlay-type":"","overlay-color":"","overlay-opacity":"","overlay-gradient":""}},"footnotes":""},"class_list":["post-3174","page","type-page","status-publish","hentry"],"uagb_featured_image_src":{"full":false,"thumbnail":false,"medium":false,"medium_large":false,"large":false,"1536x1536":false,"2048x2048":false,"trp-custom-language-flag":false},"uagb_author_info":{"display_name":"Joe","author_link":"https:\/\/led.amasly.com\/cs\/author\/jacklin\/"},"uagb_comment_info":0,"uagb_excerpt":"Design and Implementation of Explosion-Proof Electrical Lighting Systems Electrical Lighting + Explosion-Proof Design Standards Key Metrics: Equipment Type Explosion-Proof Rating Inspection Frequency Main Workshop Lights Ex d IIB T4 Quarterly Mixing Room Lighting Ex de IIB T6 Monthly Visual Check Emergency Lighting IP68 + Vibration-proof Biannual Testing Implementation Guidelines: Electrical Lighting + Smart Control Systems&hellip;","_links":{"self":[{"href":"https:\/\/led.amasly.com\/cs\/wp-json\/wp\/v2\/pages\/3174","targetHints":{"allow":["GET"]}}],"collection":[{"href":"https:\/\/led.amasly.com\/cs\/wp-json\/wp\/v2\/pages"}],"about":[{"href":"https:\/\/led.amasly.com\/cs\/wp-json\/wp\/v2\/types\/page"}],"author":[{"embeddable":true,"href":"https:\/\/led.amasly.com\/cs\/wp-json\/wp\/v2\/users\/1"}],"replies":[{"embeddable":true,"href":"https:\/\/led.amasly.com\/cs\/wp-json\/wp\/v2\/comments?post=3174"}],"version-history":[{"count":1,"href":"https:\/\/led.amasly.com\/cs\/wp-json\/wp\/v2\/pages\/3174\/revisions"}],"predecessor-version":[{"id":3176,"href":"https:\/\/led.amasly.com\/cs\/wp-json\/wp\/v2\/pages\/3174\/revisions\/3176"}],"up":[{"embeddable":true,"href":"https:\/\/led.amasly.com\/cs\/wp-json\/wp\/v2\/pages\/2374"}],"wp:attachment":[{"href":"https:\/\/led.amasly.com\/cs\/wp-json\/wp\/v2\/media?parent=3174"}],"curies":[{"name":"wp","href":"https:\/\/api.w.org\/{rel}","templated":true}]}}