{"id":3173,"date":"2025-04-23T20:41:19","date_gmt":"2025-04-23T12:41:19","guid":{"rendered":"https:\/\/led.amasly.com\/?page_id=3173"},"modified":"2025-04-23T20:41:24","modified_gmt":"2025-04-23T12:41:24","slug":"nevybusna-svetla-pro-lodni-lakovny-bezpecnostni-normy-pruvodce-vyberem-a-instalaci","status":"publish","type":"page","link":"https:\/\/led.amasly.com\/cs\/znalosti\/znalosti-o-vyrobcich-odolnych-proti-vybuchu\/nevybusna-svetla-pro-lodni-lakovny-bezpecnostni-normy-pruvodce-vyberem-a-instalaci\/","title":{"rendered":"Nev\u00fdbu\u0161n\u00e1 sv\u011btla pro lodn\u00ed lakovny: Pr\u016fvodce v\u00fdb\u011brem a instalac\u00ed: bezpe\u010dnostn\u00ed normy, v\u00fdb\u011br a instalace"},"content":{"rendered":"<div class=\"wp-block-uagb-container uagb-block-27bae773 alignfull uagb-is-root-container\"><div class=\"uagb-container-inner-blocks-wrap\"><\/div><\/div>\n\n\n\n<h1 class=\"wp-block-heading has-text-align-center\"><strong>V\u00fdb\u011br a instalace nev\u00fdbu\u0161n\u00e9ho sv\u011btla: Z\u00e1kladn\u00ed bezpe\u010dnostn\u00ed po\u017eadavky na lodn\u00ed lakovny<\/strong><\/h1>\n\n\n\n<div class=\"wp-block-uagb-image uagb-block-da1360b5 wp-block-uagb-image--layout-default wp-block-uagb-image--effect-static wp-block-uagb-image--align-none\"><figure class=\"wp-block-uagb-image__figure\"><a class=\"\" href=\"https:\/\/led.amasly.com\/cs\/produkty\/\" target=\"\" rel=\"noopener\"><img decoding=\"async\" srcset=\"https:\/\/led.amasly.com\/wp-content\/uploads\/2025\/01\/LED-explosion-proof-flood-lights.png ,https:\/\/led.amasly.com\/wp-content\/uploads\/2025\/01\/LED-explosion-proof-flood-lights.png 780w, https:\/\/led.amasly.com\/wp-content\/uploads\/2025\/01\/LED-explosion-proof-flood-lights.png 360w\" sizes=\"auto, (max-width: 480px) 150px\" src=\"https:\/\/led.amasly.com\/wp-content\/uploads\/2025\/01\/LED-explosion-proof-flood-lights.png\" alt=\"\" class=\"uag-image-1675\" width=\"1004\" height=\"308\" title=\"LED sv\u011btla odoln\u00e1 proti v\u00fdbuchu\" loading=\"lazy\" role=\"img\"><\/a><\/figure><\/div>\n\n\n\n<h2 class=\"wp-block-heading\"><strong>V\u00fdb\u011br sv\u011btla odoln\u00e9ho proti v\u00fdbuchu: 5 typ\u016f a pou\u017eit\u00ed<\/strong><\/h2>\n\n\n\n<p>Podle p\u0159edpis\u016f pro stavbu lod\u00ed mus\u00ed b\u00fdt nev\u00fdbu\u0161n\u00e1 sv\u011btla pro lakovny vybr\u00e1na z n\u00e1sleduj\u00edc\u00edch p\u011bti kategori\u00ed:<\/p>\n\n\n\n<ol start=\"1\" class=\"wp-block-list\">\n<li><strong>Jiskrov\u011b bezpe\u010dn\u00e9 nev\u00fdbu\u0161n\u00e9 sv\u011btlo (Ex \u201ci\u201d)<\/strong>: Ide\u00e1ln\u00ed pro osv\u011btlen\u00ed s n\u00edzkou spot\u0159ebou energie omezen\u00edm energie obvodu.<\/li>\n\n\n\n<li><strong>Ohnivzdorn\u00e9 sv\u011btlo odoln\u00e9 proti v\u00fdbuchu (Ex \u201cd\u201d)<\/strong>: Robustn\u00ed kryt odol\u00e1v\u00e1 vnit\u0159n\u00edm v\u00fdbuch\u016fm, vhodn\u00fd pro vysoce rizikov\u00e9 prim\u00e1rn\u00ed osv\u011btlen\u00ed.<\/li>\n\n\n\n<li><strong>Zv\u00fd\u0161en\u00e1 bezpe\u010dnost Sv\u011btlo odoln\u00e9 proti v\u00fdbuchu (Ex \u201ce\u201d)<\/strong>: Vylep\u0161en\u00e1 izolace a t\u011bsn\u011bn\u00ed zabra\u0148uj\u00edc\u00ed jisk\u0159en\u00ed, doporu\u010den\u00e9 pro stabiln\u00ed dlouhodob\u00e9 pou\u017e\u00edv\u00e1n\u00ed.<\/li>\n\n\n\n<li><strong>Tlakov\u00e1 nev\u00fdbu\u0161n\u00e1 sv\u00edtidla (Ex \u201cp\u201d)<\/strong>: Blokuje ho\u0159lav\u00e9 plyny prost\u0159ednictv\u00edm nep\u0159etr\u017eit\u00e9ho proud\u011bn\u00ed vzduchu, ide\u00e1ln\u00ed pro \u0161patn\u011b v\u011btran\u00e9 prostory.<\/li>\n\n\n\n<li><strong>Speci\u00e1ln\u00ed ochrana Sv\u011btla odoln\u00e1 proti v\u00fdbuchu (Ex \u201cs\u201d)<\/strong>: Certifikovan\u00e9 n\u00e1vrhy na m\u00edru pro slo\u017eit\u00e9 podm\u00ednky.<\/li>\n<\/ol>\n\n\n\n<p><strong>Pozn\u00e1mka<\/strong>: V lakovn\u00e1ch jsou zak\u00e1z\u00e1na nev\u00fdbu\u0161n\u00e1 sv\u011btla pln\u011bn\u00e1 p\u00edskem (Ex \u201cq\u201d) a zapouzd\u0159en\u00e1 (Ex \u201cm\u201d).<\/p>\n\n\n\n<h2 class=\"wp-block-heading\"><strong>Instalace sv\u011btla v nev\u00fdbu\u0161n\u00e9m proveden\u00ed: Po\u017eadavky na kabely a t\u011bsn\u011bn\u00ed<\/strong><\/h2>\n\n\n\n<ol start=\"1\" class=\"wp-block-list\">\n<li><strong>Standardy kabel\u016f<\/strong>\n<ul class=\"wp-block-list\">\n<li><strong>Nev\u00fdbu\u0161n\u00e9 sv\u011bteln\u00e9 kabely<\/strong>\u00a0mus\u00ed b\u00fdt\u00a0<strong>panc\u00e9\u0159ovan\u00e9<\/strong>\u00a0nebo vedeny v ut\u011bsn\u011bn\u00fdch kovov\u00fdch kan\u00e1lech. Pou\u017eijte korozivzdorn\u00fd panc\u00ed\u0159 (nap\u0159. z pozinkovan\u00e9 oceli) a spoje kabel\u016f ut\u011bsn\u011bte nev\u00fdbu\u0161n\u00fdm tmelem, abyste zabr\u00e1nili vniknut\u00ed plynu.<\/li>\n\n\n\n<li><strong>B\u011b\u017en\u00e9 chyby<\/strong>: Odkryt\u00e9 nepanc\u00e9\u0159ovan\u00e9 kabely nebo neut\u011bsn\u011bn\u00e9 kan\u00e1ly ohro\u017euj\u00ed ochranu proti v\u00fdbuchu.<\/li>\n<\/ul>\n<\/li>\n\n\n\n<li><strong>Konstrukce t\u011bsn\u011bn\u00ed<\/strong>\n<ul class=\"wp-block-list\">\n<li>Nev\u00fdbu\u0161n\u00e1 sv\u011btla vy\u017eaduj\u00ed\u00a0<strong>pouzdra odoln\u00e1 proti n\u00e1razu<\/strong>\u00a0(nap\u0159. polykarbon\u00e1t) a kryty z nerezov\u00e9 oceli s minim\u00e1ln\u00edm kryt\u00edm IP66.<\/li>\n\n\n\n<li><strong>Typick\u00e9 probl\u00e9my<\/strong>: Praskl\u00e1 pouzdra nebo po\u0161kozen\u00e1 t\u011bsn\u011bn\u00ed. \u010ctvrtletn\u011b kontrolujte t\u011bsn\u011bn\u00ed a po\u0161kozen\u00e9 d\u00edly ihned vym\u011b\u0148te.<\/li>\n<\/ul>\n<\/li>\n<\/ol>\n\n\n\n<h2 class=\"wp-block-heading\"><strong>Nev\u00fdbu\u0161n\u00e9 uzemn\u011bn\u00ed sv\u011btla: P\u0159edpisy a osv\u011bd\u010den\u00e9 postupy<\/strong><\/h2>\n\n\n\n<p>V\u0161echny kovov\u00e9 sou\u010d\u00e1sti (kryt, dr\u017e\u00e1ky atd.) mus\u00ed b\u00fdt uzemn\u011bny, s v\u00fdjimkou:<\/p>\n\n\n\n<ul class=\"wp-block-list\">\n<li>Za\u0159\u00edzen\u00ed s dvojitou izolac\u00ed pracuj\u00edc\u00ed p\u0159i nap\u011bt\u00ed \u226450 V.<\/li>\n\n\n\n<li>Nevodiv\u00e9 kryty nebo chr\u00e1ni\u010de.<\/li>\n<\/ul>\n\n\n\n<p><strong>Tipy pro implementaci<\/strong>:<\/p>\n\n\n\n<ol start=\"1\" class=\"wp-block-list\">\n<li><strong>P\u0159\u00edm\u00e9 uzemn\u011bn\u00ed<\/strong>: P\u0159i mont\u00e1\u017ei na kovov\u00e9 konstrukce lod\u00ed vyle\u0161t\u011bte kontaktn\u00ed plochy a naneste antikorozn\u00ed vodivou pastu.<\/li>\n\n\n\n<li><strong>Dopl\u0148kov\u00e9 zemnic\u00ed vodi\u010de<\/strong>: I v p\u0159\u00edpad\u011b shody p\u0159idejte \u017elutozelen\u00fd zemnic\u00ed vodi\u010d (pr\u016f\u0159ez \u22652,5 mm\u00b2), abyste vy\u0159e\u0161ili uvoln\u011bn\u00ed zp\u016fsoben\u00e9 vibracemi.<\/li>\n<\/ol>\n\n\n\n<h2 class=\"wp-block-heading\"><strong>\u00dadr\u017eba nev\u00fdbu\u0161n\u00fdch sv\u011bteln\u00fdch zdroj\u016f: 3 nej\u010dast\u011bj\u0161\u00ed probl\u00e9my a jejich \u0159e\u0161en\u00ed<\/strong><\/h2>\n\n\n\n<h4 class=\"wp-block-heading\"><strong>Probl\u00e9m 1: Selh\u00e1n\u00ed t\u011bsn\u011bn\u00ed v nev\u00fdbu\u0161n\u00e9m sv\u011btle<\/strong><\/h4>\n\n\n\n<ul class=\"wp-block-list\">\n<li><strong>Riziko<\/strong>: Infiltrace ho\u0159lav\u00fdch plyn\u016f.<\/li>\n\n\n\n<li><strong>\u0158e\u0161en\u00ed<\/strong>:\n<ul class=\"wp-block-list\">\n<li>Vym\u011b\u0148te t\u011bsn\u011bn\u00ed za silikonov\u00e1 a pou\u017eijte silikonov\u00fd olej, abyste odd\u00e1lili st\u00e1rnut\u00ed.<\/li>\n\n\n\n<li>Nainstalujte dr\u017e\u00e1ky tlum\u00edc\u00ed vibrace.<\/li>\n<\/ul>\n<\/li>\n<\/ul>\n\n\n\n<h4 class=\"wp-block-heading\"><strong>Probl\u00e9m 2: Nevyhovuj\u00edc\u00ed kabel\u00e1\u017e pro nev\u00fdbu\u0161n\u00e1 sv\u00edtidla<\/strong><\/h4>\n\n\n\n<ul class=\"wp-block-list\">\n<li><strong>Riziko<\/strong>: Jisk\u0159en\u00ed ze zkorodovan\u00fdch nebo po\u0161kozen\u00fdch kabel\u016f.<\/li>\n\n\n\n<li><strong>Rychl\u00e1 kontrola<\/strong>: Panc\u00e9\u0159ov\u00e9 kabely maj\u00ed siln\u011bj\u0161\u00ed pr\u016fm\u011bry s kovov\u00fdm opleten\u00edm; zkontrolujte, zda jsou v rozvodn\u00fdch krabic\u00edch kabelov\u00e9 v\u00fdvodky odoln\u00e9 proti v\u00fdbuchu.<\/li>\n<\/ul>\n\n\n\n<h4 class=\"wp-block-heading\"><strong>Probl\u00e9m 3: Nedostate\u010dn\u00e9 uzemn\u011bn\u00ed nev\u00fdbu\u0161n\u00e9ho sv\u011btla<\/strong><\/h4>\n\n\n\n<ul class=\"wp-block-list\">\n<li><strong>Riziko<\/strong>: Zapalov\u00e1n\u00ed statick\u00e9 elekt\u0159iny.<\/li>\n\n\n\n<li><strong>Opravy<\/strong>:\n<ul class=\"wp-block-list\">\n<li>Pomoc\u00ed multimetru otestujte odpor mezi sv\u011btlem a trupem; pokud je &gt;1\u03a9, znovu uzemn\u011bte.<\/li>\n\n\n\n<li>Na uzem\u0148ovac\u00ed p\u0159\u00edpojky p\u0159idejte pru\u017en\u00e9 podlo\u017eky, abyste zabr\u00e1nili jejich uvoln\u011bn\u00ed.<\/li>\n<\/ul>\n<\/li>\n<\/ul>\n\n\n\n<h2 class=\"wp-block-heading\"><strong>Kontrola nev\u00fdbu\u0161n\u00fdch sv\u00edtidel: Ro\u010dn\u00ed kontroln\u00ed seznam<\/strong><\/h2>\n\n\n\n<ol start=\"1\" class=\"wp-block-list\">\n<li><strong>Kontrola certifikace<\/strong>: Ov\u011b\u0159te platnost certifikace Ex (obvykle 5 let) a porovnejte \u0161t\u00edtky s dokumentac\u00ed.<\/li>\n\n\n\n<li><strong>Zkou\u0161ka t\u011bsnosti<\/strong>: St\u0159\u00edkn\u011bte vodu, abyste ov\u011b\u0159ili kryt\u00ed IP; p\u0159i nap\u00e1jen\u00ed zkontrolujte, zda nedoch\u00e1z\u00ed ke kondenzaci vlhkosti uvnit\u0159.<\/li>\n\n\n\n<li><strong>Test zemn\u00edho odporu<\/strong>: Zm\u011b\u0159te megaohmmetrem; zajist\u011bte \u22641\u03a9.<\/li>\n<\/ol>\n\n\n\n<h2 class=\"wp-block-heading has-text-align-left\"><strong>Z\u00e1v\u011br<\/strong><\/h2>\n\n\n\n<p class=\"has-text-align-left\"><br>Nev\u00fdbu\u0161n\u00e9 sv\u011btlo m\u00e1 z\u00e1sadn\u00ed v\u00fdznam pro bezpe\u010dn\u00fd provoz lodn\u00ed lakovny. Up\u0159ednostn\u011bte <a href=\"http:\/\/www.iecex-certs.com\/\" rel=\"nofollow noopener\" target=\"_blank\">Certifik\u00e1t ATEX\/IECEx<\/a> produkt\u016f a zav\u00e9st syst\u00e9m spr\u00e1vy \u017eivotn\u00edho cyklu (\u201cjedno sv\u011btlo, jeden soubor\u201d). Dodr\u017eov\u00e1n\u00edm p\u0159\u00edsn\u00fdch protokol\u016f o v\u00fdb\u011bru, instalaci, uzemn\u011bn\u00ed a \u00fadr\u017eb\u011b se minimalizuje riziko v\u00fdbuchu a zaji\u0161\u0165uje se bezpe\u010dnost plavidel a dodr\u017eov\u00e1n\u00ed p\u0159edpis\u016f.<\/p>\n\n\n\n<div class=\"wp-block-uagb-container uagb-block-c7d898dd alignfull uagb-is-root-container\"><div class=\"uagb-container-inner-blocks-wrap\"><\/div><\/div>\n\n\n\n<h2 class=\"wp-block-heading\">Souvisej\u00edc\u00ed produkty<\/h2>\n\n\n\n<div class=\"wp-block-uagb-container uagb-block-66e4defc alignfull uagb-is-root-container\"><div class=\"uagb-container-inner-blocks-wrap\">\n<div class=\"wp-block-uagb-container uagb-block-a42945f9\">\n<div class=\"wp-block-uagb-image uagb-block-7296296b wp-block-uagb-image--layout-default wp-block-uagb-image--effect-static wp-block-uagb-image--align-none\"><figure class=\"wp-block-uagb-image__figure\"><a class=\"\" href=\"https:\/\/led.amasly.com\/cs\/produkty\/\" target=\"\" rel=\"noopener\"><img decoding=\"async\" srcset=\"https:\/\/led.amasly.com\/wp-content\/uploads\/2024\/09\/Explosion-proof-high-bay-lights.png ,https:\/\/led.amasly.com\/wp-content\/uploads\/2024\/09\/Explosion-proof-high-bay-lights.png 780w, https:\/\/led.amasly.com\/wp-content\/uploads\/2024\/09\/Explosion-proof-high-bay-lights.png 360w\" sizes=\"auto, (max-width: 480px) 150px\" src=\"https:\/\/led.amasly.com\/wp-content\/uploads\/2024\/09\/Explosion-proof-high-bay-lights.png\" alt=\"\" class=\"uag-image-1495\" width=\"300\" height=\"300\" title=\"Nev\u00fdbu\u0161n\u00e1 sv\u00edtidla s vysokou odolnost\u00ed proti v\u00fdbuchu\" loading=\"lazy\" role=\"img\"><\/a><\/figure><\/div>\n<\/div>\n\n\n\n<div class=\"wp-block-uagb-container uagb-block-4d3efde5\">\n<div class=\"wp-block-uagb-image uagb-block-c9e90797 wp-block-uagb-image--layout-default wp-block-uagb-image--effect-static wp-block-uagb-image--align-none\"><figure class=\"wp-block-uagb-image__figure\"><a class=\"\" href=\"https:\/\/led.amasly.com\/cs\/produkty\/\" target=\"\" rel=\"noopener\"><img decoding=\"async\" srcset=\"https:\/\/led.amasly.com\/wp-content\/uploads\/2024\/07\/LED-tri-proof-lights2.png ,https:\/\/led.amasly.com\/wp-content\/uploads\/2024\/07\/LED-tri-proof-lights2.png 780w, https:\/\/led.amasly.com\/wp-content\/uploads\/2024\/07\/LED-tri-proof-lights2.png 360w\" sizes=\"auto, (max-width: 480px) 150px\" src=\"https:\/\/led.amasly.com\/wp-content\/uploads\/2024\/07\/LED-tri-proof-lights2.png\" alt=\"\" class=\"uag-image-1132\" width=\"300\" height=\"300\" title=\"LED-tri-proof-sv\u011btla2\" loading=\"lazy\" role=\"img\"><\/a><\/figure><\/div>\n<\/div>\n\n\n\n<div class=\"wp-block-uagb-container uagb-block-11c2578b\">\n<div class=\"wp-block-uagb-image uagb-block-6e8883aa wp-block-uagb-image--layout-default wp-block-uagb-image--effect-static wp-block-uagb-image--align-none\"><figure class=\"wp-block-uagb-image__figure\"><a class=\"\" href=\"https:\/\/led.amasly.com\/cs\/produkty\/\" target=\"\" rel=\"noopener\"><img decoding=\"async\" srcset=\"https:\/\/led.amasly.com\/wp-content\/uploads\/2024\/09\/LED-Explosion-Proof-Gas-Station-Light.png ,https:\/\/led.amasly.com\/wp-content\/uploads\/2024\/09\/LED-Explosion-Proof-Gas-Station-Light.png 780w, https:\/\/led.amasly.com\/wp-content\/uploads\/2024\/09\/LED-Explosion-Proof-Gas-Station-Light.png 360w\" sizes=\"auto, (max-width: 480px) 150px\" src=\"https:\/\/led.amasly.com\/wp-content\/uploads\/2024\/09\/LED-Explosion-Proof-Gas-Station-Light.png\" alt=\"\" class=\"uag-image-1501\" width=\"300\" height=\"300\" title=\"LED sv\u011btlo pro \u010derpac\u00ed stanice s ochranou proti v\u00fdbuchu\" loading=\"lazy\" role=\"img\"><\/a><\/figure><\/div>\n<\/div>\n<\/div><\/div>\n\n\n\n<div class=\"wp-block-uagb-container uagb-block-548945b5 alignfull uagb-is-root-container\"><div class=\"uagb-container-inner-blocks-wrap\">\n<div class=\"wp-block-uagb-container uagb-block-967755d5\">\n<h4 class=\"wp-block-heading has-text-align-center\"><a href=\"https:\/\/led.amasly.com\/cs\/produkty\/\">Sv\u011btla LED odoln\u00e1 proti v\u00fdbuchu<\/a><\/h4>\n<\/div>\n\n\n\n<div class=\"wp-block-uagb-container uagb-block-9bc52fc2\">\n<h4 class=\"wp-block-heading has-text-align-center\"><a href=\"https:\/\/led.amasly.com\/cs\/produkty\/\">Trojit\u00e1 ochrann\u00e1 sv\u011btla LED<\/a><\/h4>\n<\/div>\n\n\n\n<div class=\"wp-block-uagb-container uagb-block-8ffa0a23\">\n<h4 class=\"wp-block-heading has-text-align-center\"><a href=\"https:\/\/led.amasly.com\/cs\/produkty\/\">Sv\u011btla \u010derpac\u00edch stanic odoln\u00e1 proti v\u00fdbuchu<\/a><\/h4>\n<\/div>\n<\/div><\/div>\n\n\n\n<div class=\"wp-block-uagb-container uagb-block-29499fe0 alignfull uagb-is-root-container\"><div class=\"uagb-container-inner-blocks-wrap\">\n<div class=\"wp-block-uagb-container uagb-block-777ee1c7\">\n<div class=\"wp-block-uagb-image uagb-block-2e9a1851 wp-block-uagb-image--layout-default wp-block-uagb-image--effect-static wp-block-uagb-image--align-none\"><figure class=\"wp-block-uagb-image__figure\"><a class=\"\" href=\"https:\/\/led.amasly.com\/cs\/produkty\/\" target=\"\" rel=\"noopener\"><img decoding=\"async\" srcset=\"https:\/\/led.amasly.com\/wp-content\/uploads\/2024\/10\/50W-100W-150W-200W-300W-LED-Flood-Light.jpg ,https:\/\/led.amasly.com\/wp-content\/uploads\/2024\/10\/50W-100W-150W-200W-300W-LED-Flood-Light.jpg 780w, https:\/\/led.amasly.com\/wp-content\/uploads\/2024\/10\/50W-100W-150W-200W-300W-LED-Flood-Light.jpg 360w\" sizes=\"auto, (max-width: 480px) 150px\" src=\"https:\/\/led.amasly.com\/wp-content\/uploads\/2024\/10\/50W-100W-150W-200W-300W-LED-Flood-Light.jpg\" alt=\"\" class=\"uag-image-1526\" width=\"300\" height=\"300\" title=\"50W 100W 150W 200W 300W LED z\u00e1plavov\u00e9 sv\u011btlo\" loading=\"lazy\" role=\"img\"><\/a><\/figure><\/div>\n<\/div>\n\n\n\n<div class=\"wp-block-uagb-container uagb-block-af8c8683\">\n<div class=\"wp-block-uagb-image uagb-block-67947854 wp-block-uagb-image--layout-default wp-block-uagb-image--effect-static wp-block-uagb-image--align-none\"><figure class=\"wp-block-uagb-image__figure\"><a class=\"\" href=\"https:\/\/led.amasly.com\/cs\/produkty\/\" target=\"\" rel=\"noopener\"><img decoding=\"async\" srcset=\"https:\/\/led.amasly.com\/wp-content\/uploads\/2024\/07\/led-tri-proof-light.png ,https:\/\/led.amasly.com\/wp-content\/uploads\/2024\/07\/led-tri-proof-light.png 780w, https:\/\/led.amasly.com\/wp-content\/uploads\/2024\/07\/led-tri-proof-light.png 360w\" sizes=\"auto, (max-width: 480px) 150px\" src=\"https:\/\/led.amasly.com\/wp-content\/uploads\/2024\/07\/led-tri-proof-light.png\" alt=\"\" class=\"uag-image-1130\" width=\"300\" height=\"300\" title=\"led-tri-proof-light\" loading=\"lazy\" role=\"img\"><\/a><\/figure><\/div>\n<\/div>\n\n\n\n<div class=\"wp-block-uagb-container uagb-block-0fdfdd58\">\n<div class=\"wp-block-uagb-image uagb-block-1187d32d wp-block-uagb-image--layout-default wp-block-uagb-image--effect-static wp-block-uagb-image--align-none\"><figure class=\"wp-block-uagb-image__figure\"><a class=\"\" href=\"https:\/\/led.amasly.com\/cs\/produkty\/\" target=\"\" rel=\"noopener\"><img decoding=\"async\" srcset=\"https:\/\/led.amasly.com\/wp-content\/uploads\/2024\/07\/LED-street-light.jpg ,https:\/\/led.amasly.com\/wp-content\/uploads\/2024\/07\/LED-street-light.jpg 780w, https:\/\/led.amasly.com\/wp-content\/uploads\/2024\/07\/LED-street-light.jpg 360w\" sizes=\"auto, (max-width: 480px) 150px\" src=\"https:\/\/led.amasly.com\/wp-content\/uploads\/2024\/07\/LED-street-light.jpg\" alt=\"\" class=\"uag-image-1145\" width=\"300\" height=\"300\" title=\"Uli\u010dn\u00ed osv\u011btlen\u00ed LED\" loading=\"lazy\" role=\"img\"><\/a><\/figure><\/div>\n<\/div>\n<\/div><\/div>\n\n\n\n<div class=\"wp-block-uagb-container uagb-block-6a60882c alignfull uagb-is-root-container\"><div class=\"uagb-container-inner-blocks-wrap\">\n<div class=\"wp-block-uagb-container uagb-block-f1e91a35\">\n<h4 class=\"wp-block-heading has-text-align-center\"><a href=\"https:\/\/led.amasly.com\/cs\/produkty\/\">LED sv\u011btla pro zaplaven\u00ed<\/a><\/h4>\n<\/div>\n\n\n\n<div class=\"wp-block-uagb-container uagb-block-165bfa58\">\n<h4 class=\"wp-block-heading has-text-align-center\"><a href=\"https:\/\/led.amasly.com\/cs\/produkty\/\">LED Tri-Proof Tube Lights<\/a><\/h4>\n<\/div>\n\n\n\n<div class=\"wp-block-uagb-container uagb-block-f6096e3b\">\n<h4 class=\"wp-block-heading has-text-align-center\"><a href=\"https:\/\/led.amasly.com\/cs\/produkty\/\">Pouli\u010dn\u00ed osv\u011btlen\u00ed LED<\/a><\/h4>\n<\/div>\n<\/div><\/div>\n\n\n\n<div class=\"wp-block-uagb-container uagb-block-99c0e0a5 alignfull uagb-is-root-container\"><div class=\"uagb-container-inner-blocks-wrap\"><\/div><\/div>\n\n\n\n<p><\/p>","protected":false},"excerpt":{"rendered":"<p>Explosion-Proof Light Selection and Installation: Core Safety Requirements for Ship Paint Rooms Explosion-Proof Light Selection: 5 Types and Applications According to shipbuilding regulations, explosion-proof lights for paint rooms must be selected from the following five categories: Note: Sand-filled (Ex &#8220;q&#8221;) and Encapsulated (Ex &#8220;m&#8221;) explosion-proof lights are prohibited in paint rooms. Explosion-Proof Light Installation: Cable [&hellip;]<\/p>\n","protected":false},"author":1,"featured_media":0,"parent":2374,"menu_order":0,"comment_status":"closed","ping_status":"closed","template":"","meta":{"_uag_custom_page_level_css":"","site-sidebar-layout":"no-sidebar","site-content-layout":"","ast-site-content-layout":"default","site-content-style":"default","site-sidebar-style":"default","ast-global-header-display":"","ast-banner-title-visibility":"","ast-main-header-display":"","ast-hfb-above-header-display":"","ast-hfb-below-header-display":"","ast-hfb-mobile-header-display":"","site-post-title":"disabled","ast-breadcrumbs-content":"","ast-featured-img":"","footer-sml-layout":"","ast-disable-related-posts":"","theme-transparent-header-meta":"enabled","adv-header-id-meta":"","stick-header-meta":"","header-above-stick-meta":"","header-main-stick-meta":"","header-below-stick-meta":"","astra-migrate-meta-layouts":"set","ast-page-background-enabled":"default","ast-page-background-meta":{"desktop":{"background-color":"var(--ast-global-color-4)","background-image":"","background-repeat":"repeat","background-position":"center center","background-size":"auto","background-attachment":"scroll","background-type":"","background-media":"","overlay-type":"","overlay-color":"","overlay-opacity":"","overlay-gradient":""},"tablet":{"background-color":"","background-image":"","background-repeat":"repeat","background-position":"center center","background-size":"auto","background-attachment":"scroll","background-type":"","background-media":"","overlay-type":"","overlay-color":"","overlay-opacity":"","overlay-gradient":""},"mobile":{"background-color":"","background-image":"","background-repeat":"repeat","background-position":"center center","background-size":"auto","background-attachment":"scroll","background-type":"","background-media":"","overlay-type":"","overlay-color":"","overlay-opacity":"","overlay-gradient":""}},"ast-content-background-meta":{"desktop":{"background-color":"var(--ast-global-color-5)","background-image":"","background-repeat":"repeat","background-position":"center center","background-size":"auto","background-attachment":"scroll","background-type":"","background-media":"","overlay-type":"","overlay-color":"","overlay-opacity":"","overlay-gradient":""},"tablet":{"background-color":"var(--ast-global-color-5)","background-image":"","background-repeat":"repeat","background-position":"center center","background-size":"auto","background-attachment":"scroll","background-type":"","background-media":"","overlay-type":"","overlay-color":"","overlay-opacity":"","overlay-gradient":""},"mobile":{"background-color":"var(--ast-global-color-5)","background-image":"","background-repeat":"repeat","background-position":"center center","background-size":"auto","background-attachment":"scroll","background-type":"","background-media":"","overlay-type":"","overlay-color":"","overlay-opacity":"","overlay-gradient":""}},"footnotes":""},"class_list":["post-3173","page","type-page","status-publish","hentry"],"uagb_featured_image_src":{"full":false,"thumbnail":false,"medium":false,"medium_large":false,"large":false,"1536x1536":false,"2048x2048":false,"trp-custom-language-flag":false},"uagb_author_info":{"display_name":"Joe","author_link":"https:\/\/led.amasly.com\/cs\/author\/jacklin\/"},"uagb_comment_info":0,"uagb_excerpt":"Explosion-Proof Light Selection and Installation: Core Safety Requirements for Ship Paint Rooms Explosion-Proof Light Selection: 5 Types and Applications According to shipbuilding regulations, explosion-proof lights for paint rooms must be selected from the following five categories: Note: Sand-filled (Ex &#8220;q&#8221;) and Encapsulated (Ex &#8220;m&#8221;) explosion-proof lights are prohibited in paint rooms. Explosion-Proof Light Installation: Cable&hellip;","_links":{"self":[{"href":"https:\/\/led.amasly.com\/cs\/wp-json\/wp\/v2\/pages\/3173","targetHints":{"allow":["GET"]}}],"collection":[{"href":"https:\/\/led.amasly.com\/cs\/wp-json\/wp\/v2\/pages"}],"about":[{"href":"https:\/\/led.amasly.com\/cs\/wp-json\/wp\/v2\/types\/page"}],"author":[{"embeddable":true,"href":"https:\/\/led.amasly.com\/cs\/wp-json\/wp\/v2\/users\/1"}],"replies":[{"embeddable":true,"href":"https:\/\/led.amasly.com\/cs\/wp-json\/wp\/v2\/comments?post=3173"}],"version-history":[{"count":1,"href":"https:\/\/led.amasly.com\/cs\/wp-json\/wp\/v2\/pages\/3173\/revisions"}],"predecessor-version":[{"id":3175,"href":"https:\/\/led.amasly.com\/cs\/wp-json\/wp\/v2\/pages\/3173\/revisions\/3175"}],"up":[{"embeddable":true,"href":"https:\/\/led.amasly.com\/cs\/wp-json\/wp\/v2\/pages\/2374"}],"wp:attachment":[{"href":"https:\/\/led.amasly.com\/cs\/wp-json\/wp\/v2\/media?parent=3173"}],"curies":[{"name":"wp","href":"https:\/\/api.w.org\/{rel}","templated":true}]}}