{"id":3161,"date":"2025-04-22T20:50:17","date_gmt":"2025-04-22T12:50:17","guid":{"rendered":"https:\/\/led.amasly.com\/?page_id=3161"},"modified":"2025-04-22T20:50:28","modified_gmt":"2025-04-22T12:50:28","slug":"pozadavky-na-osvetleni-prumyslovych-lakovacich-boxu-s-nevybusnymi-lampami","status":"publish","type":"page","link":"https:\/\/led.amasly.com\/cs\/znalosti\/znalosti-o-vyrobcich-odolnych-proti-vybuchu\/pozadavky-na-osvetleni-prumyslovych-lakovacich-boxu-s-nevybusnymi-lampami\/","title":{"rendered":"Po\u017eadavky na osv\u011btlen\u00ed pr\u016fmyslov\u00fdch lakovac\u00edch box\u016f nev\u00fdbu\u0161n\u00fdmi lampami"},"content":{"rendered":"<div class=\"wp-block-uagb-container uagb-block-27bae773 alignfull uagb-is-root-container\"><div class=\"uagb-container-inner-blocks-wrap\"><\/div><\/div>\n\n\n\n<h2 class=\"wp-block-heading has-text-align-center\"><strong>Po\u017eadavky na osv\u011btlen\u00ed pr\u016fmyslov\u00fdch lakovac\u00edch box\u016f nev\u00fdbu\u0161n\u00fdmi lampami<\/strong><\/h2>\n\n\n\n<div class=\"wp-block-uagb-image uagb-block-da1360b5 wp-block-uagb-image--layout-default wp-block-uagb-image--effect-static wp-block-uagb-image--align-none\"><figure class=\"wp-block-uagb-image__figure\"><a class=\"\" href=\"https:\/\/led.amasly.com\/cs\/produkty\/\" target=\"\" rel=\"noopener\"><img decoding=\"async\" srcset=\"https:\/\/led.amasly.com\/wp-content\/uploads\/2025\/01\/LED-explosion-proof-flood-lights.png ,https:\/\/led.amasly.com\/wp-content\/uploads\/2025\/01\/LED-explosion-proof-flood-lights.png 780w, https:\/\/led.amasly.com\/wp-content\/uploads\/2025\/01\/LED-explosion-proof-flood-lights.png 360w\" sizes=\"auto, (max-width: 480px) 150px\" src=\"https:\/\/led.amasly.com\/wp-content\/uploads\/2025\/01\/LED-explosion-proof-flood-lights.png\" alt=\"\" class=\"uag-image-1675\" width=\"1004\" height=\"308\" title=\"LED sv\u011btla odoln\u00e1 proti v\u00fdbuchu\" loading=\"lazy\" role=\"img\"><\/a><\/figure><\/div>\n\n\n\n<h2 class=\"wp-block-heading\"><strong>Stru\u010dn\u00fd \u00favod<\/strong><strong><\/strong><\/h2>\n\n\n\n<p>Pr\u016fmyslov\u00e1 st\u0159\u00edkac\u00ed kabina je stavebn\u00ed konstrukce navr\u017een\u00e1 speci\u00e1ln\u011b pro st\u0159\u00edkac\u00ed pr\u00e1ce, kter\u00e1 poskytuje bezpe\u010dn\u00e9 a efektivn\u00ed pracovn\u00ed prost\u0159ed\u00ed a chr\u00e1n\u00ed zdrav\u00ed a bezpe\u010dnost pracovn\u00edk\u016f. Tento typ budovy se hojn\u011b vyu\u017e\u00edv\u00e1 v n\u011bkolika oborech.<\/p>\n\n\n\n<p>Za prv\u00e9, pr\u016fmyslov\u00e9 lakovac\u00ed kabiny se b\u011b\u017en\u011b pou\u017e\u00edvaj\u00ed ve v\u00fdrob\u011b a oprav\u00e1ch automobil\u016f. Ve v\u00fdrobn\u00ed lince automobil\u016f je t\u0159eba karoserie pravideln\u011b lakovat, aby se zachoval jejich vzhled a funk\u010dnost. Tak\u00e9 v automobilov\u00fdch opravn\u00e1ch je t\u0159eba pou\u017e\u00edvat pr\u016fmyslov\u00e9 lakovac\u00ed kabiny k oprav\u011b \u0161kr\u00e1banc\u016f nebo po\u0161kozen\u00fdch \u010d\u00e1st\u00ed povrchu vozidla.<\/p>\n\n\n\n<p>Za druh\u00e9, pr\u016fmyslov\u00e9 lakovac\u00ed kabiny se tak\u00e9 hojn\u011b pou\u017e\u00edvaj\u00ed ve stavebnictv\u00ed. Stavebnictv\u00ed pot\u0159ebuje pou\u017e\u00edvat r\u016fzn\u00e9 barvy k \u00faprav\u011b povrchu domu pro hydroizolaci, protipo\u017e\u00e1rn\u00ed ochranu a dal\u0161\u00ed \u00fa\u010dely.<\/p>\n\n\n\n<p>V tomto p\u0159\u00edpad\u011b mohou pr\u016fmyslov\u00e9 st\u0159\u00edkac\u00ed kabiny zajistit pohodln\u00e9 a efektivn\u00ed prost\u0159ed\u00ed pro stavbu a tak\u00e9 sn\u00ed\u017eit hlu\u010dnost a dopad na \u017eivotn\u00ed prost\u0159ed\u00ed na staveni\u0161ti.<\/p>\n\n\n\n<p>Krom\u011b toho lze pr\u016fmyslov\u00e9 st\u0159\u00edkac\u00ed kabiny pou\u017e\u00edvat i v r\u016fzn\u00fdch dal\u0161\u00edch oborech, jako je v\u00fdroba n\u00e1bytku, mont\u00e1\u017e elektronick\u00fdch v\u00fdrobk\u016f atd. Tyto oblasti vy\u017eaduj\u00ed pou\u017eit\u00ed r\u016fzn\u00fdch typ\u016f n\u00e1t\u011br\u016f a materi\u00e1l\u016f pro povrchovou \u00fapravu a pr\u016fmyslov\u00e9 st\u0159\u00edkac\u00ed kabiny mohou tyto pot\u0159eby splnit a zajistit bezpe\u010dn\u00e9 a kontrolovan\u00e9 v\u00fdrobn\u00ed prost\u0159ed\u00ed.<\/p>\n\n\n\n<h2 class=\"wp-block-heading\"><strong>Po\u017eadavky na <\/strong><strong>odolnost proti v\u00fdbuchu<\/strong><strong>&nbsp;osv\u011btlovac\u00ed syst\u00e9my v pr\u016fmyslov\u00fdch lakovac\u00edch boxech<\/strong><strong><\/strong><\/h2>\n\n\n\n<p>Ve speci\u00e1ln\u00edch pracovn\u00edch podm\u00ednk\u00e1ch pr\u016fmyslov\u00fdch lakovac\u00edch kabin mus\u00ed profesion\u00e1ln\u00ed nev\u00fdbu\u0161n\u00e9 osv\u011btlovac\u00ed syst\u00e9my spl\u0148ovat n\u00e1sleduj\u00edc\u00ed z\u00e1kladn\u00ed po\u017eadavky:<\/p>\n\n\n\n<h3 class=\"wp-block-heading\"><strong>1. Vysoce p\u0159esn\u00fd syst\u00e9m z\u00e1ruky osv\u011btlen\u00ed<\/strong><strong><\/strong><\/h3>\n\n\n\n<p>Pr\u016fmyslov\u00e9 lakovac\u00ed provozy s p\u0159\u00edsn\u00fdmi po\u017eadavky na jas osv\u011btlen\u00ed, kter\u00e9 dalece p\u0159esahuj\u00ed b\u011b\u017en\u00e9 chemick\u00e9 d\u00edlny, se doporu\u010duje pou\u017e\u00edvat standardn\u00ed \u0159e\u0161en\u00ed osv\u011btlen\u00ed 750LX (na z\u00e1klad\u011b testov\u00e1n\u00ed a certifikace t\u0159et\u00ed stranou).<\/p>\n\n\n\n<p>Nev\u00fdbu\u0161n\u00e9 LED lampy ur\u010den\u00e9 zejm\u00e9na do prost\u0159ed\u00ed se sm\u011bs\u00ed prachu a ho\u0159lav\u00fdch plyn\u016f mus\u00ed b\u00fdt konfigurov\u00e1ny s profesion\u00e1ln\u00edm optick\u00fdm reflexn\u00edm syst\u00e9mem, kter\u00fd zajist\u00ed, \u017ee pracovn\u00ed plocha nebude zakryta st\u00edny, aby vyhovovaly pot\u0159eb\u00e1m osv\u011btlen\u00ed p\u0159i v\u00fdrob\u011b automobil\u016f, lakov\u00e1n\u00ed lod\u00ed a dal\u0161\u00edch p\u0159esn\u00fdch procesech st\u0159\u00edk\u00e1n\u00ed.<\/p>\n\n\n\n<h3 class=\"wp-block-heading\"><strong>2.IIC <\/strong><strong>odolnost proti v\u00fdbuchu<\/strong><strong>&nbsp;certifika\u010dn\u00ed syst\u00e9m<\/strong><strong><\/strong><\/h3>\n\n\n\n<p>- Povinn\u00e9 z\u00edsk\u00e1n\u00ed certifik\u00e1tu EX pro odolnost proti v\u00fdbuchu<\/p>\n\n\n\n<p>- Spl\u0148uje mezin\u00e1rodn\u00ed normu GB3836\/EN\/IEC pro ochranu proti v\u00fdbuchu.<\/p>\n\n\n\n<p>- Dvojit\u00e1 ochrana: certifikace odolnosti proti v\u00fdbuchu plynu + odolnosti proti v\u00fdbuchu prachu (ozna\u010den\u00ed odolnosti proti v\u00fdbuchu v z\u00f3n\u011b 21\/22)<\/p>\n\n\n\n<p>- Celokovov\u00e1 konstrukce pl\u00e1\u0161t\u011b odoln\u00e1 proti v\u00fdbuchu (materi\u00e1l tlakov\u00e9 lit\u00ed hlin\u00edku\/304 nerezov\u00e1 ocel)<\/p>\n\n\n\n<h3 class=\"wp-block-heading\"><strong>3. In\u017een\u00fdrstv\u00ed lidsk\u00fdch faktor\u016f optick\u00e9ho designu<\/strong><strong><\/strong><\/h3>\n\n\n\n<p>- Technologie proti osln\u011bn\u00ed: pou\u017eit\u00ed prizmatick\u00e9ho difuzn\u00edho skla (propustnost sv\u011btla \u2265 92%)<\/p>\n\n\n\n<p>- \u017d\u00e1dn\u00e1 technologie pohonu stroboskopu konstantn\u00edm proudem (hloubka kol\u00eds\u00e1n\u00ed &lt;3%)<\/p>\n\n\n\n<p>- 120\u00b0 v\u011bdeck\u00fd \u00fahel rozlo\u017een\u00ed sv\u011btla<\/p>\n\n\n\n<h3 class=\"wp-block-heading\"><strong>4. Standardn\u00ed technologie plnospektr\u00e1ln\u00edho pod\u00e1n\u00ed barev<\/strong><strong><\/strong><\/h3>\n\n\n\n<p>- Barevn\u00e1 teplota 5500-6500K p\u0159irozen\u00e9ho b\u00edl\u00e9ho sv\u011btla (CRI&gt;90)<\/p>\n\n\n\n<p>- Spektr\u00e1ln\u00ed k\u0159ivka odpov\u00eddaj\u00edc\u00ed vlnov\u00e9 d\u00e9lce slune\u010dn\u00edho sv\u011btla (cel\u00e9 p\u00e1smo 380-780 nm)<\/p>\n\n\n\n<p>- Kontrola barevn\u00e9ho rozd\u00edlu \u0394E\uff1c2,0<\/p>\n\n\n\n<p>Doporu\u010dujeme vybrat si dodavatele nev\u00fdbu\u0161n\u00e9ho osv\u011btlovac\u00edho za\u0159\u00edzen\u00ed s certifikac\u00ed ATEX, aby bylo zaji\u0161t\u011bno, \u017ee lampy a sv\u00edtidla maj\u00ed stupe\u0148 kryt\u00ed IP66 a antikorozn\u00ed povlak G13.<\/p>\n\n\n\n<p>Profesion\u00e1ln\u00ed \u0159e\u0161en\u00ed nev\u00fdbu\u0161n\u00e9ho technick\u00e9ho osv\u011btlen\u00ed Amasly by m\u011bla zahrnovat zpr\u00e1vu o simulaci osv\u011btlen\u00ed, mapu vymezen\u00ed nev\u00fdbu\u0161n\u00e9ho prostoru a doporu\u010den\u00ed pro cyklus \u00fadr\u017eby, zejm\u00e9na pro st\u0159\u00edkac\u00ed kabiny v automobilov\u00e9m pr\u016fmyslu 4S, \u017eelezni\u010dn\u00ed lakovac\u00ed d\u00edlny a dal\u0161\u00ed drsn\u00e1 prost\u0159ed\u00ed.<\/p>\n\n\n\n<h2 class=\"wp-block-heading\"><strong>Instalace a \u00fadr\u017eba <strong>Pr\u016fmyslov\u00e1 lakovac\u00ed kabina<\/strong><\/strong> <strong>Osv\u011btlen\u00ed odoln\u00e9 proti v\u00fdbuchu<\/strong><\/h2>\n\n\n\n<h3 class=\"wp-block-heading\"><strong>Instalace<\/strong><strong><\/strong><\/h3>\n\n\n\n<p>Podporuje n\u00e1st\u011bnn\u00e9, stropn\u00ed, v\u00fdlo\u017en\u00edkov\u00e9, vestavn\u00e9 a jin\u00e9 formy. Nap\u0159\u00edklad:<\/p>\n\n\n\n<p>Sv\u00edtidla a lucerny \u0159ady BAT: nastaviteln\u00fd \u00fahel dr\u017e\u00e1ku (0\u00b0-45\u00b0), p\u0159izp\u016fsoben\u00fd r\u016fzn\u00fdm mal\u00ed\u0159sk\u00fdm stanovi\u0161t\u00edm.<\/p>\n\n\n\n<p>\u0158ada BAD85: ocelov\u00e9 trubky nebo kabelov\u00e9 veden\u00ed, pou\u017eiteln\u00e1 v\u00fd\u0161ka 2-10 metr\u016f.<\/p>\n\n\n\n<h3 class=\"wp-block-heading\"><strong>N\u00e1vrh \u00fadr\u017eby<\/strong><strong><\/strong><\/h3>\n\n\n\n<p>Rychle otev\u00edrateln\u00e1 konstrukce (nap\u0159. pru\u017einov\u00e9 svorky), k v\u00fdm\u011bn\u011b sv\u011bteln\u00e9ho zdroje nen\u00ed t\u0159eba \u017e\u00e1dn\u00e9 n\u00e1\u0159ad\u00ed.<\/p>\n\n\n\n<p>Modul\u00e1rn\u00ed nap\u00e1jec\u00ed jednotka, podpora nez\u00e1visl\u00e9 v\u00fdm\u011bny vadn\u00fdch jednotek, sn\u00ed\u017een\u00ed prostoj\u016f<\/p>\n\n\n\n<h2 class=\"wp-block-heading\"><strong>Amasly <\/strong><strong>odolnost proti v\u00fdbuchu<\/strong><strong>&nbsp;lampy<\/strong><strong><\/strong><\/h2>\n\n\n\n<p>Spole\u010dnost Amasly je profesion\u00e1ln\u00edm dodavatelem nev\u00fdbu\u0161n\u00fdch sv\u011bteln\u00fdch zdroj\u016f a sv\u00edtidel, poskytuje vysoce kvalitn\u00ed nev\u00fdbu\u0161n\u00e9 sv\u011bteln\u00e9 zdroje a pr\u016fmyslov\u00e1 sv\u00edtidla, v\u0161echny sv\u011bteln\u00e9 zdroje a sv\u00edtidla maj\u00ed mezin\u00e1rodn\u00ed \u00farove\u0148. <a href=\"http:\/\/www.iecex-certs.com\/\" rel=\"nofollow noopener\" target=\"_blank\">Certifik\u00e1t ATEX<\/a>, vyv\u00e1\u017een\u00e9 do v\u00edce ne\u017e 68 zem\u00ed a region\u016f po cel\u00e9m sv\u011bt\u011b. \u0160iroce z\u00edskal chv\u00e1lu z\u00e1kazn\u00edk\u016f, z\u00e1kazn\u00edci si jej obl\u00edbili.<\/p>\n\n\n\n<p>Spole\u010dnost Amasly dod\u00e1v\u00e1 kulat\u00e9 nev\u00fdbu\u0161n\u00e9 lampy (nev\u00fdbu\u0161n\u00e9 sv\u011bteln\u00e9 zdroje), \u010dtvercov\u00e9 nev\u00fdbu\u0161n\u00e9 lampy (nev\u00fdbu\u0161n\u00e9 sv\u011bteln\u00e9 zdroje), nev\u00fdbu\u0161n\u00e1 nouzov\u00e1 sv\u011btla a line\u00e1rn\u00ed nev\u00fdbu\u0161n\u00e9 lampy. Proof emergency lights and linear explosion proof lamps (Explosion Proof linear lights) for paint spray booths,<\/p>\n\n\n\n<h2 class=\"wp-block-heading\"><strong>C<\/strong><strong>Z\u00e1v\u011br<\/strong><strong><\/strong><\/h2>\n\n\n\n<p class=\"has-text-align-left\">Pr\u016fmyslov\u00e9 v\u00fdbojky pro st\u0159\u00edkac\u00ed kabiny mus\u00ed prioritn\u011b spl\u0148ovat certifikaci nev\u00fdbu\u0161nosti t\u0159\u00eddy IIC, vysok\u00e9 pod\u00e1n\u00ed barev a osv\u011btlen\u00ed, odoln\u00e9 materi\u00e1ly a snadnou \u00fadr\u017ebu. P\u0159i v\u00fdb\u011bru skute\u010dn\u00e9ho typu se doporu\u010duje kombinovat plochu lakovac\u00ed kabiny, p\u0159esnost provozu a rozpo\u010det, vybrat LED sv\u011btla pro zaplaven\u00ed nebo sv\u011btla pro projektory, kter\u00e1 pro\u0161la n\u011bkolika certifikacemi, a pro ov\u011b\u0159en\u00ed v\u00fdkonnostn\u00edch parametr\u016f se pod\u00edvat na zku\u0161ebn\u00ed protokol t\u0159et\u00ed strany.<\/p>\n\n\n\n<div class=\"wp-block-uagb-container uagb-block-c7d898dd alignfull uagb-is-root-container\"><div class=\"uagb-container-inner-blocks-wrap\"><\/div><\/div>\n\n\n\n<h2 class=\"wp-block-heading\">Souvisej\u00edc\u00ed produkty<\/h2>\n\n\n\n<div class=\"wp-block-uagb-container uagb-block-66e4defc alignfull uagb-is-root-container\"><div class=\"uagb-container-inner-blocks-wrap\">\n<div class=\"wp-block-uagb-container uagb-block-a42945f9\">\n<div class=\"wp-block-uagb-image uagb-block-7296296b wp-block-uagb-image--layout-default wp-block-uagb-image--effect-static wp-block-uagb-image--align-none\"><figure class=\"wp-block-uagb-image__figure\"><a class=\"\" href=\"https:\/\/led.amasly.com\/cs\/produkty\/\" target=\"\" rel=\"noopener\"><img decoding=\"async\" srcset=\"https:\/\/led.amasly.com\/wp-content\/uploads\/2024\/09\/Explosion-proof-high-bay-lights.png ,https:\/\/led.amasly.com\/wp-content\/uploads\/2024\/09\/Explosion-proof-high-bay-lights.png 780w, https:\/\/led.amasly.com\/wp-content\/uploads\/2024\/09\/Explosion-proof-high-bay-lights.png 360w\" sizes=\"auto, (max-width: 480px) 150px\" src=\"https:\/\/led.amasly.com\/wp-content\/uploads\/2024\/09\/Explosion-proof-high-bay-lights.png\" alt=\"\" class=\"uag-image-1495\" width=\"300\" height=\"300\" title=\"Nev\u00fdbu\u0161n\u00e1 sv\u00edtidla s vysokou odolnost\u00ed proti v\u00fdbuchu\" loading=\"lazy\" role=\"img\"><\/a><\/figure><\/div>\n<\/div>\n\n\n\n<div class=\"wp-block-uagb-container uagb-block-4d3efde5\">\n<div class=\"wp-block-uagb-image uagb-block-c9e90797 wp-block-uagb-image--layout-default wp-block-uagb-image--effect-static wp-block-uagb-image--align-none\"><figure class=\"wp-block-uagb-image__figure\"><a class=\"\" href=\"https:\/\/led.amasly.com\/cs\/produkty\/\" target=\"\" rel=\"noopener\"><img decoding=\"async\" srcset=\"https:\/\/led.amasly.com\/wp-content\/uploads\/2024\/07\/LED-tri-proof-lights2.png ,https:\/\/led.amasly.com\/wp-content\/uploads\/2024\/07\/LED-tri-proof-lights2.png 780w, https:\/\/led.amasly.com\/wp-content\/uploads\/2024\/07\/LED-tri-proof-lights2.png 360w\" sizes=\"auto, (max-width: 480px) 150px\" src=\"https:\/\/led.amasly.com\/wp-content\/uploads\/2024\/07\/LED-tri-proof-lights2.png\" alt=\"\" class=\"uag-image-1132\" width=\"300\" height=\"300\" title=\"LED-tri-proof-sv\u011btla2\" loading=\"lazy\" role=\"img\"><\/a><\/figure><\/div>\n<\/div>\n\n\n\n<div class=\"wp-block-uagb-container uagb-block-11c2578b\">\n<div class=\"wp-block-uagb-image uagb-block-6e8883aa wp-block-uagb-image--layout-default wp-block-uagb-image--effect-static wp-block-uagb-image--align-none\"><figure class=\"wp-block-uagb-image__figure\"><a class=\"\" href=\"https:\/\/led.amasly.com\/cs\/produkty\/\" target=\"\" rel=\"noopener\"><img decoding=\"async\" srcset=\"https:\/\/led.amasly.com\/wp-content\/uploads\/2024\/09\/LED-Explosion-Proof-Gas-Station-Light.png ,https:\/\/led.amasly.com\/wp-content\/uploads\/2024\/09\/LED-Explosion-Proof-Gas-Station-Light.png 780w, https:\/\/led.amasly.com\/wp-content\/uploads\/2024\/09\/LED-Explosion-Proof-Gas-Station-Light.png 360w\" sizes=\"auto, (max-width: 480px) 150px\" src=\"https:\/\/led.amasly.com\/wp-content\/uploads\/2024\/09\/LED-Explosion-Proof-Gas-Station-Light.png\" alt=\"\" class=\"uag-image-1501\" width=\"300\" height=\"300\" title=\"LED sv\u011btlo pro \u010derpac\u00ed stanice s ochranou proti v\u00fdbuchu\" loading=\"lazy\" role=\"img\"><\/a><\/figure><\/div>\n<\/div>\n<\/div><\/div>\n\n\n\n<div class=\"wp-block-uagb-container uagb-block-548945b5 alignfull uagb-is-root-container\"><div class=\"uagb-container-inner-blocks-wrap\">\n<div class=\"wp-block-uagb-container uagb-block-967755d5\">\n<h4 class=\"wp-block-heading has-text-align-center\"><a href=\"https:\/\/led.amasly.com\/cs\/produkty\/\">Sv\u011btla LED odoln\u00e1 proti v\u00fdbuchu<\/a><\/h4>\n<\/div>\n\n\n\n<div class=\"wp-block-uagb-container uagb-block-9bc52fc2\">\n<h4 class=\"wp-block-heading has-text-align-center\"><a href=\"https:\/\/led.amasly.com\/cs\/produkty\/\">Trojit\u00e1 ochrann\u00e1 sv\u011btla LED<\/a><\/h4>\n<\/div>\n\n\n\n<div class=\"wp-block-uagb-container uagb-block-8ffa0a23\">\n<h4 class=\"wp-block-heading has-text-align-center\"><a href=\"https:\/\/led.amasly.com\/cs\/produkty\/\">Sv\u011btla \u010derpac\u00edch stanic odoln\u00e1 proti v\u00fdbuchu<\/a><\/h4>\n<\/div>\n<\/div><\/div>\n\n\n\n<div class=\"wp-block-uagb-container uagb-block-29499fe0 alignfull uagb-is-root-container\"><div class=\"uagb-container-inner-blocks-wrap\">\n<div class=\"wp-block-uagb-container uagb-block-777ee1c7\">\n<div class=\"wp-block-uagb-image uagb-block-2e9a1851 wp-block-uagb-image--layout-default wp-block-uagb-image--effect-static wp-block-uagb-image--align-none\"><figure class=\"wp-block-uagb-image__figure\"><a class=\"\" href=\"https:\/\/led.amasly.com\/cs\/produkty\/\" target=\"\" rel=\"noopener\"><img decoding=\"async\" srcset=\"https:\/\/led.amasly.com\/wp-content\/uploads\/2024\/10\/50W-100W-150W-200W-300W-LED-Flood-Light.jpg ,https:\/\/led.amasly.com\/wp-content\/uploads\/2024\/10\/50W-100W-150W-200W-300W-LED-Flood-Light.jpg 780w, https:\/\/led.amasly.com\/wp-content\/uploads\/2024\/10\/50W-100W-150W-200W-300W-LED-Flood-Light.jpg 360w\" sizes=\"auto, (max-width: 480px) 150px\" src=\"https:\/\/led.amasly.com\/wp-content\/uploads\/2024\/10\/50W-100W-150W-200W-300W-LED-Flood-Light.jpg\" alt=\"\" class=\"uag-image-1526\" width=\"300\" height=\"300\" title=\"50W 100W 150W 200W 300W LED z\u00e1plavov\u00e9 sv\u011btlo\" loading=\"lazy\" role=\"img\"><\/a><\/figure><\/div>\n<\/div>\n\n\n\n<div class=\"wp-block-uagb-container uagb-block-af8c8683\">\n<div class=\"wp-block-uagb-image uagb-block-67947854 wp-block-uagb-image--layout-default wp-block-uagb-image--effect-static wp-block-uagb-image--align-none\"><figure class=\"wp-block-uagb-image__figure\"><a class=\"\" href=\"https:\/\/led.amasly.com\/cs\/produkty\/\" target=\"\" rel=\"noopener\"><img decoding=\"async\" srcset=\"https:\/\/led.amasly.com\/wp-content\/uploads\/2024\/07\/led-tri-proof-light.png ,https:\/\/led.amasly.com\/wp-content\/uploads\/2024\/07\/led-tri-proof-light.png 780w, https:\/\/led.amasly.com\/wp-content\/uploads\/2024\/07\/led-tri-proof-light.png 360w\" sizes=\"auto, (max-width: 480px) 150px\" src=\"https:\/\/led.amasly.com\/wp-content\/uploads\/2024\/07\/led-tri-proof-light.png\" alt=\"\" class=\"uag-image-1130\" width=\"300\" height=\"300\" title=\"led-tri-proof-light\" loading=\"lazy\" role=\"img\"><\/a><\/figure><\/div>\n<\/div>\n\n\n\n<div class=\"wp-block-uagb-container uagb-block-0fdfdd58\">\n<div class=\"wp-block-uagb-image uagb-block-1187d32d wp-block-uagb-image--layout-default wp-block-uagb-image--effect-static wp-block-uagb-image--align-none\"><figure class=\"wp-block-uagb-image__figure\"><a class=\"\" href=\"https:\/\/led.amasly.com\/cs\/produkty\/\" target=\"\" rel=\"noopener\"><img decoding=\"async\" srcset=\"https:\/\/led.amasly.com\/wp-content\/uploads\/2024\/07\/LED-street-light.jpg ,https:\/\/led.amasly.com\/wp-content\/uploads\/2024\/07\/LED-street-light.jpg 780w, https:\/\/led.amasly.com\/wp-content\/uploads\/2024\/07\/LED-street-light.jpg 360w\" sizes=\"auto, (max-width: 480px) 150px\" src=\"https:\/\/led.amasly.com\/wp-content\/uploads\/2024\/07\/LED-street-light.jpg\" alt=\"\" class=\"uag-image-1145\" width=\"300\" height=\"300\" title=\"Uli\u010dn\u00ed osv\u011btlen\u00ed LED\" loading=\"lazy\" role=\"img\"><\/a><\/figure><\/div>\n<\/div>\n<\/div><\/div>\n\n\n\n<div class=\"wp-block-uagb-container uagb-block-6a60882c alignfull uagb-is-root-container\"><div class=\"uagb-container-inner-blocks-wrap\">\n<div class=\"wp-block-uagb-container uagb-block-f1e91a35\">\n<h4 class=\"wp-block-heading has-text-align-center\"><a href=\"https:\/\/led.amasly.com\/cs\/produkty\/\">LED sv\u011btla pro zaplaven\u00ed<\/a><\/h4>\n<\/div>\n\n\n\n<div class=\"wp-block-uagb-container uagb-block-165bfa58\">\n<h4 class=\"wp-block-heading has-text-align-center\"><a href=\"https:\/\/led.amasly.com\/cs\/produkty\/\">LED Tri-Proof Tube Lights<\/a><\/h4>\n<\/div>\n\n\n\n<div class=\"wp-block-uagb-container uagb-block-f6096e3b\">\n<h4 class=\"wp-block-heading has-text-align-center\"><a href=\"https:\/\/led.amasly.com\/cs\/produkty\/\">Pouli\u010dn\u00ed osv\u011btlen\u00ed LED<\/a><\/h4>\n<\/div>\n<\/div><\/div>\n\n\n\n<div class=\"wp-block-uagb-container uagb-block-99c0e0a5 alignfull uagb-is-root-container\"><div class=\"uagb-container-inner-blocks-wrap\"><\/div><\/div>\n\n\n\n<p><\/p>","protected":false},"excerpt":{"rendered":"<p>Industrial paint booth explosion\u00a0proof lamp lighting requirements Brief introduction An industrial spray booth is a building structure designed specifically for spraying operations, which provides a safe and efficient working environment and protects the health and safety of workers. This type of building is widely used in several fields. First, industrial paint booths are commonly used [&hellip;]<\/p>\n","protected":false},"author":1,"featured_media":0,"parent":2374,"menu_order":0,"comment_status":"closed","ping_status":"closed","template":"","meta":{"_uag_custom_page_level_css":"","site-sidebar-layout":"no-sidebar","site-content-layout":"","ast-site-content-layout":"default","site-content-style":"default","site-sidebar-style":"default","ast-global-header-display":"","ast-banner-title-visibility":"","ast-main-header-display":"","ast-hfb-above-header-display":"","ast-hfb-below-header-display":"","ast-hfb-mobile-header-display":"","site-post-title":"disabled","ast-breadcrumbs-content":"","ast-featured-img":"","footer-sml-layout":"","ast-disable-related-posts":"","theme-transparent-header-meta":"enabled","adv-header-id-meta":"","stick-header-meta":"","header-above-stick-meta":"","header-main-stick-meta":"","header-below-stick-meta":"","astra-migrate-meta-layouts":"set","ast-page-background-enabled":"default","ast-page-background-meta":{"desktop":{"background-color":"var(--ast-global-color-4)","background-image":"","background-repeat":"repeat","background-position":"center center","background-size":"auto","background-attachment":"scroll","background-type":"","background-media":"","overlay-type":"","overlay-color":"","overlay-opacity":"","overlay-gradient":""},"tablet":{"background-color":"","background-image":"","background-repeat":"repeat","background-position":"center center","background-size":"auto","background-attachment":"scroll","background-type":"","background-media":"","overlay-type":"","overlay-color":"","overlay-opacity":"","overlay-gradient":""},"mobile":{"background-color":"","background-image":"","background-repeat":"repeat","background-position":"center center","background-size":"auto","background-attachment":"scroll","background-type":"","background-media":"","overlay-type":"","overlay-color":"","overlay-opacity":"","overlay-gradient":""}},"ast-content-background-meta":{"desktop":{"background-color":"var(--ast-global-color-5)","background-image":"","background-repeat":"repeat","background-position":"center center","background-size":"auto","background-attachment":"scroll","background-type":"","background-media":"","overlay-type":"","overlay-color":"","overlay-opacity":"","overlay-gradient":""},"tablet":{"background-color":"var(--ast-global-color-5)","background-image":"","background-repeat":"repeat","background-position":"center center","background-size":"auto","background-attachment":"scroll","background-type":"","background-media":"","overlay-type":"","overlay-color":"","overlay-opacity":"","overlay-gradient":""},"mobile":{"background-color":"var(--ast-global-color-5)","background-image":"","background-repeat":"repeat","background-position":"center center","background-size":"auto","background-attachment":"scroll","background-type":"","background-media":"","overlay-type":"","overlay-color":"","overlay-opacity":"","overlay-gradient":""}},"footnotes":""},"class_list":["post-3161","page","type-page","status-publish","hentry"],"uagb_featured_image_src":{"full":false,"thumbnail":false,"medium":false,"medium_large":false,"large":false,"1536x1536":false,"2048x2048":false,"trp-custom-language-flag":false},"uagb_author_info":{"display_name":"Joe","author_link":"https:\/\/led.amasly.com\/cs\/author\/jacklin\/"},"uagb_comment_info":0,"uagb_excerpt":"Industrial paint booth explosion\u00a0proof lamp lighting requirements Brief introduction An industrial spray booth is a building structure designed specifically for spraying operations, which provides a safe and efficient working environment and protects the health and safety of workers. This type of building is widely used in several fields. First, industrial paint booths are commonly used&hellip;","_links":{"self":[{"href":"https:\/\/led.amasly.com\/cs\/wp-json\/wp\/v2\/pages\/3161","targetHints":{"allow":["GET"]}}],"collection":[{"href":"https:\/\/led.amasly.com\/cs\/wp-json\/wp\/v2\/pages"}],"about":[{"href":"https:\/\/led.amasly.com\/cs\/wp-json\/wp\/v2\/types\/page"}],"author":[{"embeddable":true,"href":"https:\/\/led.amasly.com\/cs\/wp-json\/wp\/v2\/users\/1"}],"replies":[{"embeddable":true,"href":"https:\/\/led.amasly.com\/cs\/wp-json\/wp\/v2\/comments?post=3161"}],"version-history":[{"count":1,"href":"https:\/\/led.amasly.com\/cs\/wp-json\/wp\/v2\/pages\/3161\/revisions"}],"predecessor-version":[{"id":3165,"href":"https:\/\/led.amasly.com\/cs\/wp-json\/wp\/v2\/pages\/3161\/revisions\/3165"}],"up":[{"embeddable":true,"href":"https:\/\/led.amasly.com\/cs\/wp-json\/wp\/v2\/pages\/2374"}],"wp:attachment":[{"href":"https:\/\/led.amasly.com\/cs\/wp-json\/wp\/v2\/media?parent=3161"}],"curies":[{"name":"wp","href":"https:\/\/api.w.org\/{rel}","templated":true}]}}