{"id":3059,"date":"2025-04-13T20:28:58","date_gmt":"2025-04-13T12:28:58","guid":{"rendered":"https:\/\/led.amasly.com\/?page_id=3059"},"modified":"2025-04-13T20:29:04","modified_gmt":"2025-04-13T12:29:04","slug":"myty-o-nehorlavem-osvetleni-vyvraceny-proc-je-nevybusnost-vzdy-bezpecnejsi","status":"publish","type":"page","link":"https:\/\/led.amasly.com\/cs\/znalosti\/znalosti-o-vyrobcich-odolnych-proti-vybuchu\/myty-o-nehorlavem-osvetleni-vyvraceny-proc-je-nevybusnost-vzdy-bezpecnejsi\/","title":{"rendered":"M\u00fdty o neho\u0159lav\u00e9m osv\u011btlen\u00ed vyvr\u00e1ceny: Pro\u010d \u201cnev\u00fdbu\u0161n\u00fd\u201d nen\u00ed v\u017edy bezpe\u010dn\u011bj\u0161\u00ed"},"content":{"rendered":"<div class=\"wp-block-uagb-container uagb-block-27bae773 alignfull uagb-is-root-container\"><div class=\"uagb-container-inner-blocks-wrap\"><\/div><\/div>\n\n\n\n<h2 class=\"wp-block-heading has-text-align-center\"><strong>M\u00fdty o neho\u0159lav\u00e9m osv\u011btlen\u00ed vyvr\u00e1ceny: Pro\u010d \u201cnev\u00fdbu\u0161n\u00fd\u201d nen\u00ed v\u017edy bezpe\u010dn\u011bj\u0161\u00ed<\/strong><strong><\/strong><\/h2>\n\n\n\n<div class=\"wp-block-uagb-image uagb-block-da1360b5 wp-block-uagb-image--layout-default wp-block-uagb-image--effect-static wp-block-uagb-image--align-none\"><figure class=\"wp-block-uagb-image__figure\"><a class=\"\" href=\"https:\/\/led.amasly.com\/cs\/\" target=\"\" rel=\"noopener\"><img decoding=\"async\" srcset=\"https:\/\/led.amasly.com\/wp-content\/uploads\/2025\/01\/LED-explosion-proof-flood-lights.png ,https:\/\/led.amasly.com\/wp-content\/uploads\/2025\/01\/LED-explosion-proof-flood-lights.png 780w, https:\/\/led.amasly.com\/wp-content\/uploads\/2025\/01\/LED-explosion-proof-flood-lights.png 360w\" sizes=\"auto, (max-width: 480px) 150px\" src=\"https:\/\/led.amasly.com\/wp-content\/uploads\/2025\/01\/LED-explosion-proof-flood-lights.png\" alt=\"\" class=\"uag-image-1675\" width=\"1004\" height=\"308\" title=\"LED sv\u011btla odoln\u00e1 proti v\u00fdbuchu\" loading=\"lazy\" role=\"img\"><\/a><\/figure><\/div>\n\n\n\n<h2 class=\"wp-block-heading\"><strong>Odhalen\u00ed b\u011b\u017en\u00fdch myln\u00fdch p\u0159edstav o osv\u011btlen\u00ed nebezpe\u010dn\u00fdch prostor\u016f<\/strong><strong><\/strong><\/h2>\n\n\n\n<h3 class=\"wp-block-heading\"><strong>\u00davod: Nebezpe\u010dn\u00fd p\u0159edpoklad ekvivalence<\/strong><strong><\/strong><\/h3>\n\n\n\n<p>V pr\u016fmyslov\u00e9m osv\u011btlen\u00ed se \u010dasto zam\u011b\u0148uj\u00ed pojmy \u201cneho\u0159lav\u00fd\u201d a \u201cnev\u00fdbu\u0161n\u00fd\u201d, co\u017e vede k n\u00e1kladn\u00fdm a potenci\u00e1ln\u011b katastrof\u00e1ln\u00edm nedorozum\u011bn\u00edm.<\/p>\n\n\n\n<p>C\u00edlem obou certifikac\u00ed je zm\u00edrnit rizika v nebezpe\u010dn\u00fdch prost\u0159ed\u00edch, ale jejich technick\u00e9 rozd\u00edly - zako\u0159en\u011bn\u00e9 v materi\u00e1lov\u00fdch v\u011bd\u00e1ch, region\u00e1ln\u00edch norm\u00e1ch a po\u017eadavc\u00edch specifick\u00fdch pro dan\u00e9 aplikace - vy\u017eaduj\u00ed pe\u010dlivou kontrolu.<\/p>\n\n\n\n<p>Tento \u010dl\u00e1nek bo\u0159\u00ed p\u011bt roz\u0161\u00ed\u0159en\u00fdch m\u00fdt\u016f a na z\u00e1klad\u011b re\u00e1ln\u00fdch p\u0159\u00edpadov\u00fdch studi\u00ed a celosv\u011btov\u00fdch certifika\u010dn\u00edch \u00fadaj\u016f objas\u0148uje, pro\u010d samotn\u00e1 \u201cnev\u00fdbu\u0161nost\u201d nem\u016f\u017ee zaru\u010dit bezpe\u010dnost ve v\u0161ech situac\u00edch.<\/p>\n\n\n\n<h3 class=\"wp-block-heading\"><strong>1. M\u00fdtus 1: \u201cOhnivzdornost a nev\u00fdbu\u0161nost jsou zam\u011bniteln\u00e9\u201d<\/strong><strong><\/strong><\/h3>\n\n\n\n<p><strong>Realita<\/strong>:<\/p>\n\n\n\n<p><strong>Odolnost proti v\u00fdbuchu (Ex d)<\/strong>: Zam\u011b\u0159uje se na omezen\u00ed vnit\u0159n\u00edch v\u00fdbuch\u016f pomoc\u00ed robustn\u00edch kryt\u016f (nap\u0159. z lit\u00e9ho hlin\u00edku nebo nerezov\u00e9 oceli), kter\u00e9 jsou dimenzov\u00e1ny na odolnost v\u016f\u010di tlaku \u2265 1,5n\u00e1sobku maxim\u00e1ln\u00ed s\u00edly v\u00fdbuchu.<\/p>\n\n\n\n<p><strong>Odolnost proti plameni (FLP)<\/strong>: Prioritou je zabr\u00e1nit \u0161\u00ed\u0159en\u00ed vn\u011bj\u0161\u00edho plamene pomoc\u00ed pojistek proti plameni a \u017e\u00e1ruvzdorn\u00fdch materi\u00e1l\u016f (nap\u0159. keramick\u00e9 povlaky testovan\u00e9 na 800 \u00b0C po dobu 30 sekund).<\/p>\n\n\n\n<p><strong>P\u0159\u00edpadov\u00e1 studie<\/strong>:<br>K po\u017e\u00e1ru v texask\u00e9 rafinerii v roce 2024 do\u0161lo, kdy\u017e nev\u00fdbu\u0161n\u00e1 pouzdra LED (s certifik\u00e1tem UL 1203) neodolala vn\u011bj\u0161\u00edm plamen\u016fm z bl\u00edzk\u00e9ho \u00faniku sirovod\u00edku. Anal\u00fdza po nehod\u011b odhalila chyb\u011bj\u00edc\u00ed neho\u0159lav\u00e9 povlaky \u010do\u010dek vy\u017eadovan\u00e9 normami ATEX pro z\u00f3nu 1.<\/p>\n\n\n\n<h3 class=\"wp-block-heading\"><strong>2. M\u00fdtus 2: \u201cJedna certifikace pro v\u0161echny regiony\u201d<\/strong><strong><\/strong><\/h3>\n\n\n\n<p><strong>Rozd\u011blen\u00ed region\u00e1ln\u00edch norem<\/strong>:<\/p>\n\n\n\n<p><strong>Severn\u00ed Amerika (<a href=\"http:\/\/www.ul.com\" rel=\"nofollow noopener\" target=\"_blank\">NEC\/UL<\/a>)<\/strong>: P\u0159eva\u017euje osv\u011btlen\u00ed odoln\u00e9 proti v\u00fdbuchu (UL 844), ale chyb\u00ed v\u00fdslovn\u00e1 krit\u00e9ria odolnosti proti plameni pro pra\u0161n\u00e9 prost\u0159ed\u00ed z\u00f3ny 22.<\/p>\n\n\n\n<p><strong>Evropa (ATEX)<\/strong>: P\u0159edepisuje dvoj\u00ed shodu (EN 60079-1 pro v\u00fdbuchy + EN 60332-1-2 pro odolnost proti plameni) v z\u00f3n\u011b 1\/21.<\/p>\n\n\n\n<p><strong>Glob\u00e1ln\u00ed trhy<\/strong>: Certifikace IECEx \u010dasto vynech\u00e1v\u00e1 zkou\u0161ky \u0161\u00ed\u0159en\u00ed plamene z d\u016fvodu \u00faspory n\u00e1klad\u016f, co\u017e p\u0159edstavuje riziko nespln\u011bn\u00ed po\u017eadavk\u016f v hybridn\u00edch plynopra\u0161n\u00fdch za\u0159\u00edzen\u00edch.<\/p>\n\n\n\n<p><strong>P\u0159\u00edklad<\/strong>:<br>Nev\u00fdbu\u0161n\u00e9 sv\u011btlomety GUANMN sice maj\u00ed certifikaci UL, ale pro spln\u011bn\u00ed norem ATEX pro evropsk\u00e9 termin\u00e1ly LNG vy\u017eaduj\u00ed dopl\u0148kov\u00e9 keramick\u00e9 plamenn\u00e9 dr\u00e1hy.<\/p>\n\n\n\n<h3 class=\"wp-block-heading\"><strong>3. M\u00fdtus 3: \u201cV\u00fdb\u011br materi\u00e1lu nem\u00e1 vliv na odolnost proti plameni\u201d<\/strong><strong><\/strong><\/h3>\n\n\n\n<p><strong>Kritick\u00e9 rozd\u00edly v materi\u00e1lech<\/strong>:<\/p>\n\n\n\n<p><strong>Hlin\u00edkov\u00fd odlitek<\/strong>: Ide\u00e1ln\u00ed pro tlakovou izolaci, ale n\u00e1chyln\u00e9 k taven\u00ed p\u0159i dlouhodob\u00e9m p\u016fsoben\u00ed plamene (nap\u0159. 400 \u00b0C trval\u00e9ho tepla deformuje pouzdra UL 1203).<\/p>\n\n\n\n<p><strong>Polykarbon\u00e1t s keramick\u00fdm povlakem<\/strong>: Blokuje UV z\u00e1\u0159en\u00ed a samo\u010dinn\u011b zhas\u00edn\u00e1 plameny do 30 sekund (podle IEC 60079-0), tak\u017ee je nezbytn\u00fd pro chemick\u00e9 provozy s v\u00fdpary etanolu.<\/p>\n\n\n\n<p><strong>Inova\u010dn\u00ed mezera<\/strong>:<br>Mnoho v\u00fdrobc\u016f up\u0159ednost\u0148uje ochranu proti v\u00fdbuchu p\u0159ed odolnost\u00ed proti plameni, aby sn\u00ed\u017eili n\u00e1klady, a ignoruj\u00ed nanokeramick\u00e9 povlaky, kter\u00e9 zlep\u0161uj\u00ed ob\u011b vlastnosti 40% .<\/p>\n\n\n\n<h3 class=\"wp-block-heading\"><strong>4. M\u00fdtus 4: \u201cProtokoly \u00fadr\u017eby jsou pro oba syst\u00e9my stejn\u00e9\u201d<\/strong><strong><\/strong><\/h3>\n\n\n\n<p><strong>Divergence \u00fadr\u017eby<\/strong>:<\/p>\n\n\n\n<p><strong>Odolnost proti v\u00fdbuchu<\/strong>: Vy\u017eaduje ka\u017edoro\u010dn\u00ed kontrolu utahovac\u00edho momentu \u0161roub\u016f sk\u0159\u00edn\u011b (tolerance \u00b110% podle normy ISA 60079-17), aby se zabr\u00e1nilo \u00faniku tlaku.<\/p>\n\n\n\n<p><strong>Odolnost proti plameni<\/strong>: Po\u017eadavky na \u010dtvrtletn\u00ed infra\u010derven\u00e9 termografick\u00e9 sn\u00edmky k odhalen\u00ed delaminace v neho\u0159lav\u00fdch vrstv\u00e1ch.<\/p>\n\n\n\n<p><strong>P\u0159\u00edklad selh\u00e1n\u00ed<\/strong>:<br>V uheln\u00e9m dole v Austr\u00e1lii do\u0161lo ke vzn\u00edcen\u00ed metanu v d\u016fsledku nekontrolovan\u00e9 degradace neho\u0159lav\u00fdch n\u00e1t\u011br\u016f na nev\u00fdbu\u0161n\u00fdch za\u0159\u00edzen\u00edch, \u010d\u00edm\u017e byly poru\u0161eny kontroln\u00ed intervaly podle normy IECEx 60079-17.<\/p>\n\n\n\n<h3 class=\"wp-block-heading\"><strong>5. M\u00fdtus 5: \u201cPro nov\u00e1 rizika, jako jsou bateriov\u00e1 \u00falo\u017ei\u0161t\u011b, je ochrana proti v\u00fdbuchu dosta\u010duj\u00edc\u00ed\u201d<\/strong><strong><\/strong><\/h3>\n\n\n\n<p><strong>Nebezpe\u010d\u00ed lithium-iontov\u00fdch \u010dl\u00e1nk\u016f<\/strong>:<\/p>\n\n\n\n<p><strong>Tepeln\u00fd \u00fanik<\/strong>: Nev\u00fdbu\u0161n\u00e9 sk\u0159\u00edn\u011b s po\u017e\u00e1ry bateri\u00ed \u010dasto nedok\u00e1\u017eou zabr\u00e1nit \u0161\u00ed\u0159en\u00ed plamene zven\u010d\u00ed, jak se uk\u00e1zalo p\u0159i po\u017e\u00e1ru ESS 2024, kdy teplota p\u0159es\u00e1hla 1 000 \u00b0C.<\/p>\n\n\n\n<p><strong>\u0158e\u0161en\u00ed<\/strong>: Hybridn\u00ed konstrukce integruj\u00edc\u00ed pouzdra Ex d s filtry ze slinut\u00e9ho bronzu, kter\u00e9 zadr\u017euj\u00ed plamen, sni\u017euj\u00ed riziko \u0161\u00ed\u0159en\u00ed po\u017e\u00e1ru o 70%.<\/p>\n\n\n\n<h3 class=\"wp-block-heading\"><strong>Budouc\u00ed trendy: P\u0159eklenut\u00ed bezpe\u010dnostn\u00ed mezery<\/strong><strong><\/strong><\/h3>\n\n\n\n<p><strong>Chytr\u00e9 senzory<\/strong>: Detektory plamene s podporou internetu v\u011bc\u00ed ve spojen\u00ed s nev\u00fdbu\u0161n\u00fdmi LED diodami zkracuj\u00ed reak\u010dn\u00ed dobu v petrochemick\u00fdch z\u00f3n\u00e1ch na &lt;0,5 sekundy.<\/p>\n\n\n\n<p class=\"has-text-align-left\"><strong>Udr\u017eiteln\u00e9 materi\u00e1ly<\/strong>: Biologick\u00e9 zpomalova\u010de ho\u0159en\u00ed (nap\u0159. ligninov\u00e9 p\u0159\u00edsady) nahrazuj\u00ed toxick\u00e9 halogeny a spl\u0148uj\u00ed na\u0159\u00edzen\u00ed EU REACH.<\/p>\n\n\n\n<div class=\"wp-block-uagb-container uagb-block-c7d898dd alignfull uagb-is-root-container\"><div class=\"uagb-container-inner-blocks-wrap\"><\/div><\/div>\n\n\n\n<h2 class=\"wp-block-heading\">Souvisej\u00edc\u00ed produkty<\/h2>\n\n\n\n<div class=\"wp-block-uagb-container uagb-block-66e4defc alignfull uagb-is-root-container\"><div class=\"uagb-container-inner-blocks-wrap\">\n<div class=\"wp-block-uagb-container uagb-block-a42945f9\">\n<div class=\"wp-block-uagb-image uagb-block-7296296b wp-block-uagb-image--layout-default wp-block-uagb-image--effect-static wp-block-uagb-image--align-none\"><figure class=\"wp-block-uagb-image__figure\"><a class=\"\" href=\"https:\/\/led.amasly.com\/cs\/produkty\/\" target=\"\" rel=\"noopener\"><img decoding=\"async\" srcset=\"https:\/\/led.amasly.com\/wp-content\/uploads\/2024\/09\/Explosion-proof-high-bay-lights.png ,https:\/\/led.amasly.com\/wp-content\/uploads\/2024\/09\/Explosion-proof-high-bay-lights.png 780w, https:\/\/led.amasly.com\/wp-content\/uploads\/2024\/09\/Explosion-proof-high-bay-lights.png 360w\" sizes=\"auto, (max-width: 480px) 150px\" src=\"https:\/\/led.amasly.com\/wp-content\/uploads\/2024\/09\/Explosion-proof-high-bay-lights.png\" alt=\"\" class=\"uag-image-1495\" width=\"300\" height=\"300\" title=\"Nev\u00fdbu\u0161n\u00e1 sv\u00edtidla s vysokou odolnost\u00ed proti v\u00fdbuchu\" loading=\"lazy\" role=\"img\"><\/a><\/figure><\/div>\n<\/div>\n\n\n\n<div class=\"wp-block-uagb-container uagb-block-4d3efde5\">\n<div class=\"wp-block-uagb-image uagb-block-c9e90797 wp-block-uagb-image--layout-default wp-block-uagb-image--effect-static wp-block-uagb-image--align-none\"><figure class=\"wp-block-uagb-image__figure\"><a class=\"\" href=\"https:\/\/led.amasly.com\/cs\/produkty\/\" target=\"\" rel=\"noopener\"><img decoding=\"async\" srcset=\"https:\/\/led.amasly.com\/wp-content\/uploads\/2024\/07\/LED-tri-proof-lights2.png ,https:\/\/led.amasly.com\/wp-content\/uploads\/2024\/07\/LED-tri-proof-lights2.png 780w, https:\/\/led.amasly.com\/wp-content\/uploads\/2024\/07\/LED-tri-proof-lights2.png 360w\" sizes=\"auto, (max-width: 480px) 150px\" src=\"https:\/\/led.amasly.com\/wp-content\/uploads\/2024\/07\/LED-tri-proof-lights2.png\" alt=\"\" class=\"uag-image-1132\" width=\"300\" height=\"300\" title=\"LED-tri-proof-sv\u011btla2\" loading=\"lazy\" role=\"img\"><\/a><\/figure><\/div>\n<\/div>\n\n\n\n<div class=\"wp-block-uagb-container uagb-block-11c2578b\">\n<div class=\"wp-block-uagb-image uagb-block-6e8883aa wp-block-uagb-image--layout-default wp-block-uagb-image--effect-static wp-block-uagb-image--align-none\"><figure class=\"wp-block-uagb-image__figure\"><a class=\"\" href=\"https:\/\/led.amasly.com\/cs\/produkty\/\" target=\"\" rel=\"noopener\"><img decoding=\"async\" srcset=\"https:\/\/led.amasly.com\/wp-content\/uploads\/2024\/09\/LED-Explosion-Proof-Gas-Station-Light.png ,https:\/\/led.amasly.com\/wp-content\/uploads\/2024\/09\/LED-Explosion-Proof-Gas-Station-Light.png 780w, https:\/\/led.amasly.com\/wp-content\/uploads\/2024\/09\/LED-Explosion-Proof-Gas-Station-Light.png 360w\" sizes=\"auto, (max-width: 480px) 150px\" src=\"https:\/\/led.amasly.com\/wp-content\/uploads\/2024\/09\/LED-Explosion-Proof-Gas-Station-Light.png\" alt=\"\" class=\"uag-image-1501\" width=\"300\" height=\"300\" title=\"LED sv\u011btlo pro \u010derpac\u00ed stanice s ochranou proti v\u00fdbuchu\" loading=\"lazy\" role=\"img\"><\/a><\/figure><\/div>\n<\/div>\n<\/div><\/div>\n\n\n\n<div class=\"wp-block-uagb-container uagb-block-548945b5 alignfull uagb-is-root-container\"><div class=\"uagb-container-inner-blocks-wrap\">\n<div class=\"wp-block-uagb-container uagb-block-967755d5\">\n<h4 class=\"wp-block-heading has-text-align-center\"><a href=\"https:\/\/led.amasly.com\/cs\/produkty\/\">Sv\u011btla LED odoln\u00e1 proti v\u00fdbuchu<\/a><\/h4>\n<\/div>\n\n\n\n<div class=\"wp-block-uagb-container uagb-block-9bc52fc2\">\n<h4 class=\"wp-block-heading has-text-align-center\"><a href=\"https:\/\/led.amasly.com\/cs\/produkty\/\">Trojit\u00e1 ochrann\u00e1 sv\u011btla LED<\/a><\/h4>\n<\/div>\n\n\n\n<div class=\"wp-block-uagb-container uagb-block-8ffa0a23\">\n<h4 class=\"wp-block-heading has-text-align-center\"><a href=\"https:\/\/led.amasly.com\/cs\/produkty\/\">Sv\u011btla \u010derpac\u00edch stanic odoln\u00e1 proti v\u00fdbuchu<\/a><\/h4>\n<\/div>\n<\/div><\/div>\n\n\n\n<div class=\"wp-block-uagb-container uagb-block-29499fe0 alignfull uagb-is-root-container\"><div class=\"uagb-container-inner-blocks-wrap\">\n<div class=\"wp-block-uagb-container uagb-block-777ee1c7\">\n<div class=\"wp-block-uagb-image uagb-block-2e9a1851 wp-block-uagb-image--layout-default wp-block-uagb-image--effect-static wp-block-uagb-image--align-none\"><figure class=\"wp-block-uagb-image__figure\"><a class=\"\" href=\"https:\/\/led.amasly.com\/cs\/produkty\/\" target=\"\" rel=\"noopener\"><img decoding=\"async\" srcset=\"https:\/\/led.amasly.com\/wp-content\/uploads\/2024\/10\/50W-100W-150W-200W-300W-LED-Flood-Light.jpg ,https:\/\/led.amasly.com\/wp-content\/uploads\/2024\/10\/50W-100W-150W-200W-300W-LED-Flood-Light.jpg 780w, https:\/\/led.amasly.com\/wp-content\/uploads\/2024\/10\/50W-100W-150W-200W-300W-LED-Flood-Light.jpg 360w\" sizes=\"auto, (max-width: 480px) 150px\" src=\"https:\/\/led.amasly.com\/wp-content\/uploads\/2024\/10\/50W-100W-150W-200W-300W-LED-Flood-Light.jpg\" alt=\"\" class=\"uag-image-1526\" width=\"300\" height=\"300\" title=\"50W 100W 150W 200W 300W LED z\u00e1plavov\u00e9 sv\u011btlo\" loading=\"lazy\" role=\"img\"><\/a><\/figure><\/div>\n<\/div>\n\n\n\n<div class=\"wp-block-uagb-container uagb-block-af8c8683\">\n<div class=\"wp-block-uagb-image uagb-block-67947854 wp-block-uagb-image--layout-default wp-block-uagb-image--effect-static wp-block-uagb-image--align-none\"><figure class=\"wp-block-uagb-image__figure\"><a class=\"\" href=\"https:\/\/led.amasly.com\/cs\/produkty\/\" target=\"\" rel=\"noopener\"><img decoding=\"async\" srcset=\"https:\/\/led.amasly.com\/wp-content\/uploads\/2024\/07\/led-tri-proof-light.png ,https:\/\/led.amasly.com\/wp-content\/uploads\/2024\/07\/led-tri-proof-light.png 780w, https:\/\/led.amasly.com\/wp-content\/uploads\/2024\/07\/led-tri-proof-light.png 360w\" sizes=\"auto, (max-width: 480px) 150px\" src=\"https:\/\/led.amasly.com\/wp-content\/uploads\/2024\/07\/led-tri-proof-light.png\" alt=\"\" class=\"uag-image-1130\" width=\"300\" height=\"300\" title=\"led-tri-proof-light\" loading=\"lazy\" role=\"img\"><\/a><\/figure><\/div>\n<\/div>\n\n\n\n<div class=\"wp-block-uagb-container uagb-block-0fdfdd58\">\n<div class=\"wp-block-uagb-image uagb-block-1187d32d wp-block-uagb-image--layout-default wp-block-uagb-image--effect-static wp-block-uagb-image--align-none\"><figure class=\"wp-block-uagb-image__figure\"><a class=\"\" href=\"https:\/\/led.amasly.com\/cs\/produkty\/\" target=\"\" rel=\"noopener\"><img decoding=\"async\" srcset=\"https:\/\/led.amasly.com\/wp-content\/uploads\/2024\/07\/LED-street-light.jpg ,https:\/\/led.amasly.com\/wp-content\/uploads\/2024\/07\/LED-street-light.jpg 780w, https:\/\/led.amasly.com\/wp-content\/uploads\/2024\/07\/LED-street-light.jpg 360w\" sizes=\"auto, (max-width: 480px) 150px\" src=\"https:\/\/led.amasly.com\/wp-content\/uploads\/2024\/07\/LED-street-light.jpg\" alt=\"\" class=\"uag-image-1145\" width=\"300\" height=\"300\" title=\"Uli\u010dn\u00ed osv\u011btlen\u00ed LED\" loading=\"lazy\" role=\"img\"><\/a><\/figure><\/div>\n<\/div>\n<\/div><\/div>\n\n\n\n<div class=\"wp-block-uagb-container uagb-block-6a60882c alignfull uagb-is-root-container\"><div class=\"uagb-container-inner-blocks-wrap\">\n<div class=\"wp-block-uagb-container uagb-block-f1e91a35\">\n<h4 class=\"wp-block-heading has-text-align-center\"><a href=\"https:\/\/led.amasly.com\/cs\/produkty\/\">LED sv\u011btla pro zaplaven\u00ed<\/a><\/h4>\n<\/div>\n\n\n\n<div class=\"wp-block-uagb-container uagb-block-165bfa58\">\n<h4 class=\"wp-block-heading has-text-align-center\"><a href=\"https:\/\/led.amasly.com\/cs\/produkty\/\">LED Tri-Proof Tube Lights<\/a><\/h4>\n<\/div>\n\n\n\n<div class=\"wp-block-uagb-container uagb-block-f6096e3b\">\n<h4 class=\"wp-block-heading has-text-align-center\"><a href=\"https:\/\/led.amasly.com\/cs\/produkty\/\">Pouli\u010dn\u00ed osv\u011btlen\u00ed LED<\/a><\/h4>\n<\/div>\n<\/div><\/div>\n\n\n\n<div class=\"wp-block-uagb-container uagb-block-99c0e0a5 alignfull uagb-is-root-container\"><div class=\"uagb-container-inner-blocks-wrap\"><\/div><\/div>\n\n\n\n<p><\/p>","protected":false},"excerpt":{"rendered":"<p>Flame Proof Lighting Myths Debunked: Why &#8220;Explosion Proof&#8221; Isn&#8217;t Always Safer Unmasking Common Misconceptions in Hazardous Area Illumination Introduction: The Dangerous Assumption of Equivalence The terms &#8220;flame proof&#8221; and &#8220;explosion proof&#8221; are frequently conflated in industrial lighting, leading to costly and potentially catastrophic misunderstandings. While both certifications aim to mitigate risks in hazardous environments, their [&hellip;]<\/p>\n","protected":false},"author":1,"featured_media":0,"parent":2374,"menu_order":0,"comment_status":"closed","ping_status":"closed","template":"","meta":{"_uag_custom_page_level_css":"","site-sidebar-layout":"no-sidebar","site-content-layout":"","ast-site-content-layout":"default","site-content-style":"default","site-sidebar-style":"default","ast-global-header-display":"","ast-banner-title-visibility":"","ast-main-header-display":"","ast-hfb-above-header-display":"","ast-hfb-below-header-display":"","ast-hfb-mobile-header-display":"","site-post-title":"disabled","ast-breadcrumbs-content":"","ast-featured-img":"","footer-sml-layout":"","ast-disable-related-posts":"","theme-transparent-header-meta":"enabled","adv-header-id-meta":"","stick-header-meta":"","header-above-stick-meta":"","header-main-stick-meta":"","header-below-stick-meta":"","astra-migrate-meta-layouts":"set","ast-page-background-enabled":"default","ast-page-background-meta":{"desktop":{"background-color":"var(--ast-global-color-4)","background-image":"","background-repeat":"repeat","background-position":"center center","background-size":"auto","background-attachment":"scroll","background-type":"","background-media":"","overlay-type":"","overlay-color":"","overlay-opacity":"","overlay-gradient":""},"tablet":{"background-color":"","background-image":"","background-repeat":"repeat","background-position":"center center","background-size":"auto","background-attachment":"scroll","background-type":"","background-media":"","overlay-type":"","overlay-color":"","overlay-opacity":"","overlay-gradient":""},"mobile":{"background-color":"","background-image":"","background-repeat":"repeat","background-position":"center center","background-size":"auto","background-attachment":"scroll","background-type":"","background-media":"","overlay-type":"","overlay-color":"","overlay-opacity":"","overlay-gradient":""}},"ast-content-background-meta":{"desktop":{"background-color":"var(--ast-global-color-5)","background-image":"","background-repeat":"repeat","background-position":"center center","background-size":"auto","background-attachment":"scroll","background-type":"","background-media":"","overlay-type":"","overlay-color":"","overlay-opacity":"","overlay-gradient":""},"tablet":{"background-color":"var(--ast-global-color-5)","background-image":"","background-repeat":"repeat","background-position":"center center","background-size":"auto","background-attachment":"scroll","background-type":"","background-media":"","overlay-type":"","overlay-color":"","overlay-opacity":"","overlay-gradient":""},"mobile":{"background-color":"var(--ast-global-color-5)","background-image":"","background-repeat":"repeat","background-position":"center center","background-size":"auto","background-attachment":"scroll","background-type":"","background-media":"","overlay-type":"","overlay-color":"","overlay-opacity":"","overlay-gradient":""}},"footnotes":""},"class_list":["post-3059","page","type-page","status-publish","hentry"],"uagb_featured_image_src":{"full":false,"thumbnail":false,"medium":false,"medium_large":false,"large":false,"1536x1536":false,"2048x2048":false,"trp-custom-language-flag":false},"uagb_author_info":{"display_name":"Joe","author_link":"https:\/\/led.amasly.com\/cs\/author\/jacklin\/"},"uagb_comment_info":0,"uagb_excerpt":"Flame Proof Lighting Myths Debunked: Why &#8220;Explosion Proof&#8221; Isn&#8217;t Always Safer Unmasking Common Misconceptions in Hazardous Area Illumination Introduction: The Dangerous Assumption of Equivalence The terms &#8220;flame proof&#8221; and &#8220;explosion proof&#8221; are frequently conflated in industrial lighting, leading to costly and potentially catastrophic misunderstandings. While both certifications aim to mitigate risks in hazardous environments, their&hellip;","_links":{"self":[{"href":"https:\/\/led.amasly.com\/cs\/wp-json\/wp\/v2\/pages\/3059","targetHints":{"allow":["GET"]}}],"collection":[{"href":"https:\/\/led.amasly.com\/cs\/wp-json\/wp\/v2\/pages"}],"about":[{"href":"https:\/\/led.amasly.com\/cs\/wp-json\/wp\/v2\/types\/page"}],"author":[{"embeddable":true,"href":"https:\/\/led.amasly.com\/cs\/wp-json\/wp\/v2\/users\/1"}],"replies":[{"embeddable":true,"href":"https:\/\/led.amasly.com\/cs\/wp-json\/wp\/v2\/comments?post=3059"}],"version-history":[{"count":1,"href":"https:\/\/led.amasly.com\/cs\/wp-json\/wp\/v2\/pages\/3059\/revisions"}],"predecessor-version":[{"id":3068,"href":"https:\/\/led.amasly.com\/cs\/wp-json\/wp\/v2\/pages\/3059\/revisions\/3068"}],"up":[{"embeddable":true,"href":"https:\/\/led.amasly.com\/cs\/wp-json\/wp\/v2\/pages\/2374"}],"wp:attachment":[{"href":"https:\/\/led.amasly.com\/cs\/wp-json\/wp\/v2\/media?parent=3059"}],"curies":[{"name":"wp","href":"https:\/\/api.w.org\/{rel}","templated":true}]}}