{"id":3035,"date":"2025-04-11T15:43:16","date_gmt":"2025-04-11T07:43:16","guid":{"rendered":"https:\/\/led.amasly.com\/?page_id=3035"},"modified":"2025-04-11T15:43:27","modified_gmt":"2025-04-11T07:43:27","slug":"how-to-design-and-manufacture-explosion-proof-lighting-systems-for-hazardous-environmentspe-and-installation-introduce","status":"publish","type":"page","link":"https:\/\/led.amasly.com\/cs\/knowledge\/explosion-proof-products-knowledge\/how-to-design-and-manufacture-explosion-proof-lighting-systems-for-hazardous-environmentspe-and-installation-introduce\/","title":{"rendered":"Jak navrhovat a vyr\u00e1b\u011bt nev\u00fdbu\u0161n\u00e9 osv\u011btlovac\u00ed syst\u00e9my pro nebezpe\u010dn\u00e1 prost\u0159ed\u00edpe a instalace p\u0159edstavit"},"content":{"rendered":"<div class=\"wp-block-uagb-container uagb-block-27bae773 alignfull uagb-is-root-container\"><div class=\"uagb-container-inner-blocks-wrap\"><\/div><\/div>\n\n\n\n<h2 class=\"wp-block-heading has-text-align-left\"><strong>Jak navrhovat a vyr\u00e1b\u011bt <\/strong><strong>Odolnost proti v\u00fdbuchu<\/strong><strong>&nbsp;Osv\u011btlovac\u00ed syst\u00e9my pro nebezpe\u010dn\u00e1 prost\u0159ed\u00ed<\/strong><strong><\/strong><\/h2>\n\n\n\n<div class=\"wp-block-uagb-image uagb-block-da1360b5 wp-block-uagb-image--layout-default wp-block-uagb-image--effect-static wp-block-uagb-image--align-none\"><figure class=\"wp-block-uagb-image__figure\"><a class=\"\" href=\"https:\/\/led.amasly.com\/cs\/products\/explosion-proof-lights\/\" target=\"\" rel=\"noopener\"><img decoding=\"async\" srcset=\"https:\/\/led.amasly.com\/wp-content\/uploads\/2025\/01\/LED-explosion-proof-flood-lights.png ,https:\/\/led.amasly.com\/wp-content\/uploads\/2025\/01\/LED-explosion-proof-flood-lights.png 780w, https:\/\/led.amasly.com\/wp-content\/uploads\/2025\/01\/LED-explosion-proof-flood-lights.png 360w\" sizes=\"auto, (max-width: 480px) 150px\" src=\"https:\/\/led.amasly.com\/wp-content\/uploads\/2025\/01\/LED-explosion-proof-flood-lights.png\" alt=\"\" class=\"uag-image-1675\" width=\"1004\" height=\"308\" title=\"LED sv\u011btla odoln\u00e1 proti v\u00fdbuchu\" loading=\"lazy\" role=\"img\"><\/a><\/figure><\/div>\n\n\n\n<p>V pr\u016fmyslov\u00fdch odv\u011btv\u00edch, jako je ropn\u00fd a plyn\u00e1rensk\u00fd pr\u016fmysl, zpracov\u00e1n\u00ed chemik\u00e1li\u00ed a t\u011b\u017eba, nen\u00ed osv\u011btlen\u00ed odoln\u00e9 proti v\u00fdbuchu jen po\u017eadavkem p\u0159edpis\u016f - je to z\u00e1chrann\u00e9 lano. Tato specializovan\u00e1 sv\u00edtidla zabra\u0148uj\u00ed vzn\u00edcen\u00ed ho\u0159lav\u00fdch plyn\u016f, par nebo prachu a zaji\u0161\u0165uj\u00ed bezpe\u010dnost v nestabiln\u00edch podm\u00ednk\u00e1ch. Tato p\u0159\u00edru\u010dka se zab\u00fdv\u00e1 kritick\u00fdmi kroky p\u0159i navrhov\u00e1n\u00ed spolehliv\u00fdch syst\u00e9m\u016f osv\u011btlen\u00ed odoln\u00fdch proti v\u00fdbuchu a z\u00e1rove\u0148 integruje osv\u011bd\u010den\u00e9 postupy pro zaji\u0161t\u011bn\u00ed v\u00fdkonu a shody s p\u0159edpisy.<\/p>\n\n\n\n<h3 class=\"wp-block-heading\"><strong>1. Z\u00e1kladn\u00ed slo\u017eky <\/strong><strong>Odolnost proti v\u00fdbuchu<\/strong><strong>&nbsp;Osv\u011btlen\u00ed<\/strong><strong><\/strong><\/h3>\n\n\n\n<h4 class=\"wp-block-heading\"><strong>V\u00fdb\u011br materi\u00e1lu pro trvanlivost a bezpe\u010dnost<\/strong><strong><\/strong><\/h4>\n\n\n\n<p>Nev\u00fdbu\u0161n\u00e1 sv\u00edtidla vy\u017eaduj\u00ed robustn\u00ed materi\u00e1ly, kter\u00e9 odol\u00e1vaj\u00ed extr\u00e9mn\u00edm podm\u00ednk\u00e1m. Hlin\u00edkov\u00e9 slitiny se pro pouzdra hojn\u011b pou\u017e\u00edvaj\u00ed d\u00edky sv\u00e9 lehkosti, ale z\u00e1rove\u0148 odolnosti, odolnosti proti korozi a vynikaj\u00edc\u00edmu odvodu tepla12. Pro kryty \u010do\u010dek se pou\u017e\u00edv\u00e1 tvrzen\u00e9 sklo nebo polykarbon\u00e1t, kter\u00e9 zaji\u0161\u0165uj\u00ed nerozbitnou pr\u016fhlednost a z\u00e1rove\u0148 zachov\u00e1vaj\u00ed ut\u011bsn\u011bn\u00e9 prost\u0159ed\u00ed pro izolaci vnit\u0159n\u00edch jisker.<\/p>\n\n\n\n<p>T\u011bsnic\u00ed mechanismy, jako jsou z\u00e1vitov\u00e9 spoje a p\u0159\u00edtla\u010dn\u00e1 t\u011bsn\u011bn\u00ed, zabra\u0148uj\u00ed vniknut\u00ed nebezpe\u010dn\u00fdch l\u00e1tek do armatury. Tyto sou\u010d\u00e1sti mus\u00ed spl\u0148ovat stupe\u0148 kryt\u00ed IP66 nebo vy\u0161\u0161\u00ed, aby byla zaji\u0161t\u011bna prachot\u011bsnost a vodot\u011bsnost.<\/p>\n\n\n\n<h4 class=\"wp-block-heading\"><strong>Integrace pokro\u010dil\u00e9 technologie LED<\/strong><strong><\/strong><\/h4>\n\n\n\n<p>LED diody dominuj\u00ed v osv\u011btlen\u00ed s ochranou proti v\u00fdbuchu d\u00edky n\u00edzk\u00e9mu tepeln\u00e9mu v\u00fdkonu, energetick\u00e9 \u00fa\u010dinnosti a dlouh\u00e9 \u017eivotnosti. Na rozd\u00edl od tradi\u010dn\u00edch halogenov\u00fdch nebo halogenidov\u00fdch v\u00fdbojek sni\u017euj\u00ed LED diody tepeln\u00e1 rizika v prost\u0159ed\u00ed bohat\u00e9m na plyny a efektivn\u011b pracuj\u00ed p\u0159i bezpe\u010dn\u00e9m stejnosm\u011brn\u00e9m nap\u011bt\u00ed (nap\u0159. 35 V), \u010d\u00edm\u017e minimalizuj\u00ed riziko jisk\u0159en\u00ed. Vysoce kvalitn\u00ed diody LED ve spojen\u00ed s ovlada\u010di s konstantn\u00edm proudem zaji\u0161\u0165uj\u00ed stabiln\u00ed v\u00fdkon i p\u0159i kol\u00edsav\u00e9m nap\u00e1jen\u00ed.<\/p>\n\n\n\n<h3 class=\"wp-block-heading\"><strong>2. In\u017een\u00fdrstv\u00ed pro omezen\u00ed v\u00fdbuchu<\/strong><strong><\/strong><\/h3>\n\n\n\n<h4 class=\"wp-block-heading\"><strong>Z\u00e1sady n\u00e1vrhu specifick\u00e9ho pro nebezpe\u010d\u00ed<\/strong><strong><\/strong><\/h4>\n\n\n\n<p>Nev\u00fdbu\u0161n\u00e1 sv\u00edtidla jsou konstruov\u00e1na tak, aby zabr\u00e1nila jak\u00e9mukoli vnit\u0159n\u00edmu vzn\u00edcen\u00ed a zabr\u00e1nila tak vzniku vn\u011bj\u0161\u00edho nebezpe\u010d\u00ed. Mezi kl\u00ed\u010dov\u00e9 konstruk\u010dn\u00ed strategie pat\u0159\u00ed:<\/p>\n\n\n\n<p><strong>Mezery v plamenn\u00e9 dr\u00e1ze<\/strong>: P\u0159esn\u011b opracovan\u00e9 \u0161vy, kter\u00e9 ochlazuj\u00ed unikaj\u00edc\u00ed plyny pod z\u00e1palnou teplotu.<\/p>\n\n\n\n<p><strong>Tlakov\u00e9 odleh\u010dovac\u00ed kan\u00e1ly<\/strong>: Bezpe\u010dn\u011b rozpt\u00fdl\u00ed vnit\u0159n\u00ed exploze, ani\u017e by naru\u0161ily integritu konstrukce.<\/p>\n\n\n\n<p><strong>Tepeln\u00fd management<\/strong>: Chladi\u010de a v\u011btran\u00e1 pouzdra zabra\u0148uj\u00ed p\u0159eh\u0159\u00edv\u00e1n\u00ed, co\u017e je rozhoduj\u00edc\u00ed faktor pro dlouhou \u017eivotnost LED.<\/p>\n\n\n\n<h4 class=\"wp-block-heading\"><strong>Certifikace a dodr\u017eov\u00e1n\u00ed p\u0159edpis\u016f<\/strong><strong><\/strong><\/h4>\n\n\n\n<p>Sv\u00edtidla mus\u00ed spl\u0148ovat p\u0159\u00edsn\u00e9 mezin\u00e1rodn\u00ed normy, jako jsou:<\/p>\n\n\n\n<p><strong>ATEX (EU)<\/strong>: Pro za\u0159\u00edzen\u00ed pou\u017e\u00edvan\u00e1 ve v\u00fdbu\u0161n\u00e9m prost\u0159ed\u00ed (sm\u011brnice 2014\/34\/EU).<\/p>\n\n\n\n<p><strong><a href=\"http:\/\/www.iecex-certs.com\/\" rel=\"nofollow noopener\" target=\"_blank\">IECEx<\/a><\/strong>: Glob\u00e1ln\u00ed certifikace pro v\u00fdbu\u0161n\u00e1 prost\u0159ed\u00ed.<\/p>\n\n\n\n<p><strong>NEC\/CEC (Severn\u00ed Amerika)<\/strong>: T\u0159\u00edda I (plyny) a t\u0159\u00edda II (prach).<\/p>\n\n\n\n<p>Testov\u00e1n\u00ed t\u0159et\u00ed stranou ov\u011b\u0159uje odolnost p\u0159i simulovan\u00fdch nebezpe\u010d\u00edch, v\u010detn\u011b vystaven\u00ed v\u00fdbu\u0161n\u00fdm sm\u011bs\u00edm a extr\u00e9mn\u00edm teplot\u00e1m.<\/p>\n\n\n\n<h3 class=\"wp-block-heading\"><strong>3. P\u0159ehled v\u00fdrobn\u00edho procesu<\/strong><strong><\/strong><\/h3>\n\n\n\n<h4 class=\"wp-block-heading\"><strong>Krok 1: Vytvo\u0159en\u00ed prototypu a simulace<\/strong><strong><\/strong><\/h4>\n\n\n\n<p>Digit\u00e1ln\u00ed modelovac\u00ed n\u00e1stroje simuluj\u00ed tepelnou dynamiku a tlakovou odolnost. Anal\u00fdza kone\u010dn\u00fdch prvk\u016f (FEA) identifikuje nap\u011b\u0165ov\u00e1 m\u00edsta v konstrukci sk\u0159\u00edn\u011b a zaji\u0161\u0165uje tak odolnost konstrukce.<\/p>\n\n\n\n<h4 class=\"wp-block-heading\"><strong>Krok 2: P\u0159esn\u00e1 mont\u00e1\u017e<\/strong><strong><\/strong><\/h4>\n\n\n\n<p>Komponenty se montuj\u00ed v kontrolovan\u00e9m prost\u0159ed\u00ed, aby se zabr\u00e1nilo kontaminaci. Kritick\u00e9 kroky zahrnuj\u00ed:<\/p>\n\n\n\n<p>T\u011bsn\u011bn\u00ed t\u011bsn\u011bn\u00ed a z\u00e1vitov\u00fdch spoj\u016f antikorozn\u00edmi sm\u011bsmi.<\/p>\n\n\n\n<p>Integrace modul\u016f LED s kabel\u00e1\u017e\u00ed odolnou proti neopr\u00e1vn\u011bn\u00e9 manipulaci a p\u0159ep\u011b\u0165ov\u00fdmi ochranami.<\/p>\n\n\n\n<h4 class=\"wp-block-heading\"><strong>Krok 3: D\u016fkladn\u00e9 testov\u00e1n\u00ed<\/strong><strong><\/strong><\/h4>\n\n\n\n<p><strong>Zkou\u0161ky omezen\u00ed v\u00fdbuchu<\/strong>: Sv\u00edtidla podrobte vnit\u0159n\u00edmu zap\u00e1len\u00ed, abyste ov\u011b\u0159ili jejich izolaci.<\/p>\n\n\n\n<p><strong>Z\u00e1t\u011b\u017eov\u00e9 testy prost\u0159ed\u00ed<\/strong>: Zhodno\u0165te v\u00fdkon p\u0159i extr\u00e9mn\u00edch teplot\u00e1ch, vlhkosti a vibrac\u00edch.<\/p>\n\n\n\n<p><strong>Fotometrick\u00e1 anal\u00fdza<\/strong>: Zajist\u011bte rovnom\u011brn\u00e9 osv\u011btlen\u00ed bez osln\u011bn\u00ed nebo tmav\u00fdch z\u00f3n.<\/p>\n\n\n\n<h3 class=\"wp-block-heading\"><strong>4. Osv\u011bd\u010den\u00e9 postupy pro instalaci a \u00fadr\u017ebu<\/strong><strong><\/strong><\/h3>\n\n\n\n<h4 class=\"wp-block-heading\"><strong>Nasazen\u00ed v jednotliv\u00fdch z\u00f3n\u00e1ch<\/strong><strong><\/strong><\/h4>\n\n\n\n<p>P\u0159izp\u016fsobte sv\u00edtidla z\u00f3n\u00e1m nebezpe\u010d\u00ed (nap\u0159. z\u00f3na 1 pro p\u0159eru\u0161ovanou p\u0159\u00edtomnost plynu, z\u00f3na 21 pro ho\u0159lav\u00fd prach). Nap\u0159\u00edklad \u010derpac\u00ed stanice vy\u017eaduj\u00ed sv\u00edtidla s kryt\u00edm IP67 a antistatick\u00fdm povlakem, aby se zabr\u00e1nilo vzn\u00edcen\u00ed par.<\/p>\n\n\n\n<h4 class=\"wp-block-heading\"><strong>Optimalizace dlouhov\u011bkosti<\/strong><strong><\/strong><\/h4>\n\n\n\n<p>Pro sn\u00ed\u017een\u00ed tepeln\u00e9 z\u00e1t\u011b\u017ee LED pou\u017eijte ovlada\u010de s pulzn\u011b-\u0161\u00ed\u0159kovou modulac\u00ed (PWM).<\/p>\n\n\n\n<p class=\"has-text-align-left\">Napl\u00e1nujte pravideln\u00e9 kontroly neporu\u0161enosti t\u011bsn\u011bn\u00ed a \u010dir\u00e9 \u010do\u010dky.<\/p>\n\n\n\n<div class=\"wp-block-uagb-container uagb-block-c7d898dd alignfull uagb-is-root-container\"><div class=\"uagb-container-inner-blocks-wrap\"><\/div><\/div>\n\n\n\n<h2 class=\"wp-block-heading\">Souvisej\u00edc\u00ed produkty<\/h2>\n\n\n\n<div class=\"wp-block-uagb-container uagb-block-66e4defc alignfull uagb-is-root-container\"><div class=\"uagb-container-inner-blocks-wrap\">\n<div class=\"wp-block-uagb-container uagb-block-a42945f9\">\n<div class=\"wp-block-uagb-image uagb-block-7296296b wp-block-uagb-image--layout-default wp-block-uagb-image--effect-static wp-block-uagb-image--align-none\"><figure class=\"wp-block-uagb-image__figure\"><a class=\"\" href=\"https:\/\/led.amasly.com\/cs\/products\/\" target=\"\" rel=\"noopener\"><img decoding=\"async\" srcset=\"https:\/\/led.amasly.com\/wp-content\/uploads\/2024\/09\/Explosion-proof-high-bay-lights.png ,https:\/\/led.amasly.com\/wp-content\/uploads\/2024\/09\/Explosion-proof-high-bay-lights.png 780w, https:\/\/led.amasly.com\/wp-content\/uploads\/2024\/09\/Explosion-proof-high-bay-lights.png 360w\" sizes=\"auto, (max-width: 480px) 150px\" src=\"https:\/\/led.amasly.com\/wp-content\/uploads\/2024\/09\/Explosion-proof-high-bay-lights.png\" alt=\"\" class=\"uag-image-1495\" width=\"300\" height=\"300\" title=\"Nev\u00fdbu\u0161n\u00e1 sv\u00edtidla s vysokou odolnost\u00ed proti v\u00fdbuchu\" loading=\"lazy\" role=\"img\"><\/a><\/figure><\/div>\n<\/div>\n\n\n\n<div class=\"wp-block-uagb-container uagb-block-4d3efde5\">\n<div class=\"wp-block-uagb-image uagb-block-c9e90797 wp-block-uagb-image--layout-default wp-block-uagb-image--effect-static wp-block-uagb-image--align-none\"><figure class=\"wp-block-uagb-image__figure\"><a class=\"\" href=\"https:\/\/led.amasly.com\/cs\/products\/\" target=\"\" rel=\"noopener\"><img decoding=\"async\" srcset=\"https:\/\/led.amasly.com\/wp-content\/uploads\/2024\/07\/LED-tri-proof-lights2.png ,https:\/\/led.amasly.com\/wp-content\/uploads\/2024\/07\/LED-tri-proof-lights2.png 780w, https:\/\/led.amasly.com\/wp-content\/uploads\/2024\/07\/LED-tri-proof-lights2.png 360w\" sizes=\"auto, (max-width: 480px) 150px\" src=\"https:\/\/led.amasly.com\/wp-content\/uploads\/2024\/07\/LED-tri-proof-lights2.png\" alt=\"\" class=\"uag-image-1132\" width=\"300\" height=\"300\" title=\"LED-tri-proof-sv\u011btla2\" loading=\"lazy\" role=\"img\"><\/a><\/figure><\/div>\n<\/div>\n\n\n\n<div class=\"wp-block-uagb-container uagb-block-11c2578b\">\n<div class=\"wp-block-uagb-image uagb-block-6e8883aa wp-block-uagb-image--layout-default wp-block-uagb-image--effect-static wp-block-uagb-image--align-none\"><figure class=\"wp-block-uagb-image__figure\"><a class=\"\" href=\"https:\/\/led.amasly.com\/cs\/products\/\" target=\"\" rel=\"noopener\"><img decoding=\"async\" srcset=\"https:\/\/led.amasly.com\/wp-content\/uploads\/2024\/09\/LED-Explosion-Proof-Gas-Station-Light.png ,https:\/\/led.amasly.com\/wp-content\/uploads\/2024\/09\/LED-Explosion-Proof-Gas-Station-Light.png 780w, https:\/\/led.amasly.com\/wp-content\/uploads\/2024\/09\/LED-Explosion-Proof-Gas-Station-Light.png 360w\" sizes=\"auto, (max-width: 480px) 150px\" src=\"https:\/\/led.amasly.com\/wp-content\/uploads\/2024\/09\/LED-Explosion-Proof-Gas-Station-Light.png\" alt=\"\" class=\"uag-image-1501\" width=\"300\" height=\"300\" title=\"LED sv\u011btlo pro \u010derpac\u00ed stanice s ochranou proti v\u00fdbuchu\" loading=\"lazy\" role=\"img\"><\/a><\/figure><\/div>\n<\/div>\n<\/div><\/div>\n\n\n\n<div class=\"wp-block-uagb-container uagb-block-548945b5 alignfull uagb-is-root-container\"><div class=\"uagb-container-inner-blocks-wrap\">\n<div class=\"wp-block-uagb-container uagb-block-967755d5\">\n<h4 class=\"wp-block-heading has-text-align-center\"><a href=\"https:\/\/led.amasly.com\/cs\/products\/\">Sv\u011btla LED odoln\u00e1 proti v\u00fdbuchu<\/a><\/h4>\n<\/div>\n\n\n\n<div class=\"wp-block-uagb-container uagb-block-9bc52fc2\">\n<h4 class=\"wp-block-heading has-text-align-center\"><a href=\"https:\/\/led.amasly.com\/cs\/products\/\">Trojit\u00e1 ochrann\u00e1 sv\u011btla LED<\/a><\/h4>\n<\/div>\n\n\n\n<div class=\"wp-block-uagb-container uagb-block-8ffa0a23\">\n<h4 class=\"wp-block-heading has-text-align-center\"><a href=\"https:\/\/led.amasly.com\/cs\/products\/\">Sv\u011btla \u010derpac\u00edch stanic odoln\u00e1 proti v\u00fdbuchu<\/a><\/h4>\n<\/div>\n<\/div><\/div>\n\n\n\n<div class=\"wp-block-uagb-container uagb-block-29499fe0 alignfull uagb-is-root-container\"><div class=\"uagb-container-inner-blocks-wrap\">\n<div class=\"wp-block-uagb-container uagb-block-777ee1c7\">\n<div class=\"wp-block-uagb-image uagb-block-2e9a1851 wp-block-uagb-image--layout-default wp-block-uagb-image--effect-static wp-block-uagb-image--align-none\"><figure class=\"wp-block-uagb-image__figure\"><a class=\"\" href=\"https:\/\/led.amasly.com\/cs\/products\/\" target=\"\" rel=\"noopener\"><img decoding=\"async\" srcset=\"https:\/\/led.amasly.com\/wp-content\/uploads\/2024\/10\/50W-100W-150W-200W-300W-LED-Flood-Light.jpg ,https:\/\/led.amasly.com\/wp-content\/uploads\/2024\/10\/50W-100W-150W-200W-300W-LED-Flood-Light.jpg 780w, https:\/\/led.amasly.com\/wp-content\/uploads\/2024\/10\/50W-100W-150W-200W-300W-LED-Flood-Light.jpg 360w\" sizes=\"auto, (max-width: 480px) 150px\" src=\"https:\/\/led.amasly.com\/wp-content\/uploads\/2024\/10\/50W-100W-150W-200W-300W-LED-Flood-Light.jpg\" alt=\"\" class=\"uag-image-1526\" width=\"300\" height=\"300\" title=\"50W 100W 150W 200W 300W LED z\u00e1plavov\u00e9 sv\u011btlo\" loading=\"lazy\" role=\"img\"><\/a><\/figure><\/div>\n<\/div>\n\n\n\n<div class=\"wp-block-uagb-container uagb-block-af8c8683\">\n<div class=\"wp-block-uagb-image uagb-block-67947854 wp-block-uagb-image--layout-default wp-block-uagb-image--effect-static wp-block-uagb-image--align-none\"><figure class=\"wp-block-uagb-image__figure\"><a class=\"\" href=\"https:\/\/led.amasly.com\/cs\/products\/\" target=\"\" rel=\"noopener\"><img decoding=\"async\" srcset=\"https:\/\/led.amasly.com\/wp-content\/uploads\/2024\/07\/led-tri-proof-light.png ,https:\/\/led.amasly.com\/wp-content\/uploads\/2024\/07\/led-tri-proof-light.png 780w, https:\/\/led.amasly.com\/wp-content\/uploads\/2024\/07\/led-tri-proof-light.png 360w\" sizes=\"auto, (max-width: 480px) 150px\" src=\"https:\/\/led.amasly.com\/wp-content\/uploads\/2024\/07\/led-tri-proof-light.png\" alt=\"\" class=\"uag-image-1130\" width=\"300\" height=\"300\" title=\"led-tri-proof-light\" loading=\"lazy\" role=\"img\"><\/a><\/figure><\/div>\n<\/div>\n\n\n\n<div class=\"wp-block-uagb-container uagb-block-0fdfdd58\">\n<div class=\"wp-block-uagb-image uagb-block-1187d32d wp-block-uagb-image--layout-default wp-block-uagb-image--effect-static wp-block-uagb-image--align-none\"><figure class=\"wp-block-uagb-image__figure\"><a class=\"\" href=\"https:\/\/led.amasly.com\/cs\/products\/\" target=\"\" rel=\"noopener\"><img decoding=\"async\" srcset=\"https:\/\/led.amasly.com\/wp-content\/uploads\/2024\/07\/LED-street-light.jpg ,https:\/\/led.amasly.com\/wp-content\/uploads\/2024\/07\/LED-street-light.jpg 780w, https:\/\/led.amasly.com\/wp-content\/uploads\/2024\/07\/LED-street-light.jpg 360w\" sizes=\"auto, (max-width: 480px) 150px\" src=\"https:\/\/led.amasly.com\/wp-content\/uploads\/2024\/07\/LED-street-light.jpg\" alt=\"\" class=\"uag-image-1145\" width=\"300\" height=\"300\" title=\"Uli\u010dn\u00ed osv\u011btlen\u00ed LED\" loading=\"lazy\" role=\"img\"><\/a><\/figure><\/div>\n<\/div>\n<\/div><\/div>\n\n\n\n<div class=\"wp-block-uagb-container uagb-block-6a60882c alignfull uagb-is-root-container\"><div class=\"uagb-container-inner-blocks-wrap\">\n<div class=\"wp-block-uagb-container uagb-block-f1e91a35\">\n<h4 class=\"wp-block-heading has-text-align-center\"><a href=\"https:\/\/led.amasly.com\/cs\/products\/\">LED sv\u011btla pro zaplaven\u00ed<\/a><\/h4>\n<\/div>\n\n\n\n<div class=\"wp-block-uagb-container uagb-block-165bfa58\">\n<h4 class=\"wp-block-heading has-text-align-center\"><a href=\"https:\/\/led.amasly.com\/cs\/products\/\">LED Tri-Proof Tube Lights<\/a><\/h4>\n<\/div>\n\n\n\n<div class=\"wp-block-uagb-container uagb-block-f6096e3b\">\n<h4 class=\"wp-block-heading has-text-align-center\"><a href=\"https:\/\/led.amasly.com\/cs\/products\/\">Pouli\u010dn\u00ed osv\u011btlen\u00ed LED<\/a><\/h4>\n<\/div>\n<\/div><\/div>\n\n\n\n<div class=\"wp-block-uagb-container uagb-block-99c0e0a5 alignfull uagb-is-root-container\"><div class=\"uagb-container-inner-blocks-wrap\"><\/div><\/div>\n\n\n\n<p><\/p>","protected":false},"excerpt":{"rendered":"<p>How to Design and Manufacture Explosion Proof&nbsp;Lighting Systems for Hazardous Environments In industries like oil and gas, chemical processing, and mining, Explosion Proof&nbsp;lighting is not just a regulatory requirement\u2014it\u2019s a lifeline. These specialized fixtures prevent ignition of flammable gases, vapors, or dust, ensuring safety in volatile conditions. This guide explores the critical steps to engineer [&hellip;]<\/p>\n","protected":false},"author":1,"featured_media":0,"parent":2374,"menu_order":0,"comment_status":"closed","ping_status":"closed","template":"","meta":{"_uag_custom_page_level_css":"","site-sidebar-layout":"no-sidebar","site-content-layout":"","ast-site-content-layout":"default","site-content-style":"default","site-sidebar-style":"default","ast-global-header-display":"","ast-banner-title-visibility":"","ast-main-header-display":"","ast-hfb-above-header-display":"","ast-hfb-below-header-display":"","ast-hfb-mobile-header-display":"","site-post-title":"disabled","ast-breadcrumbs-content":"","ast-featured-img":"","footer-sml-layout":"","ast-disable-related-posts":"","theme-transparent-header-meta":"enabled","adv-header-id-meta":"","stick-header-meta":"","header-above-stick-meta":"","header-main-stick-meta":"","header-below-stick-meta":"","astra-migrate-meta-layouts":"set","ast-page-background-enabled":"default","ast-page-background-meta":{"desktop":{"background-color":"var(--ast-global-color-4)","background-image":"","background-repeat":"repeat","background-position":"center center","background-size":"auto","background-attachment":"scroll","background-type":"","background-media":"","overlay-type":"","overlay-color":"","overlay-opacity":"","overlay-gradient":""},"tablet":{"background-color":"","background-image":"","background-repeat":"repeat","background-position":"center center","background-size":"auto","background-attachment":"scroll","background-type":"","background-media":"","overlay-type":"","overlay-color":"","overlay-opacity":"","overlay-gradient":""},"mobile":{"background-color":"","background-image":"","background-repeat":"repeat","background-position":"center center","background-size":"auto","background-attachment":"scroll","background-type":"","background-media":"","overlay-type":"","overlay-color":"","overlay-opacity":"","overlay-gradient":""}},"ast-content-background-meta":{"desktop":{"background-color":"var(--ast-global-color-5)","background-image":"","background-repeat":"repeat","background-position":"center center","background-size":"auto","background-attachment":"scroll","background-type":"","background-media":"","overlay-type":"","overlay-color":"","overlay-opacity":"","overlay-gradient":""},"tablet":{"background-color":"var(--ast-global-color-5)","background-image":"","background-repeat":"repeat","background-position":"center center","background-size":"auto","background-attachment":"scroll","background-type":"","background-media":"","overlay-type":"","overlay-color":"","overlay-opacity":"","overlay-gradient":""},"mobile":{"background-color":"var(--ast-global-color-5)","background-image":"","background-repeat":"repeat","background-position":"center center","background-size":"auto","background-attachment":"scroll","background-type":"","background-media":"","overlay-type":"","overlay-color":"","overlay-opacity":"","overlay-gradient":""}},"footnotes":""},"class_list":["post-3035","page","type-page","status-publish","hentry"],"uagb_featured_image_src":{"full":false,"thumbnail":false,"medium":false,"medium_large":false,"large":false,"1536x1536":false,"2048x2048":false,"trp-custom-language-flag":false},"uagb_author_info":{"display_name":"Joe","author_link":"https:\/\/led.amasly.com\/cs\/author\/jacklin\/"},"uagb_comment_info":0,"uagb_excerpt":"How to Design and Manufacture Explosion Proof&nbsp;Lighting Systems for Hazardous Environments In industries like oil and gas, chemical processing, and mining, Explosion Proof&nbsp;lighting is not just a regulatory requirement\u2014it\u2019s a lifeline. These specialized fixtures prevent ignition of flammable gases, vapors, or dust, ensuring safety in volatile conditions. This guide explores the critical steps to engineer&hellip;","_links":{"self":[{"href":"https:\/\/led.amasly.com\/cs\/wp-json\/wp\/v2\/pages\/3035","targetHints":{"allow":["GET"]}}],"collection":[{"href":"https:\/\/led.amasly.com\/cs\/wp-json\/wp\/v2\/pages"}],"about":[{"href":"https:\/\/led.amasly.com\/cs\/wp-json\/wp\/v2\/types\/page"}],"author":[{"embeddable":true,"href":"https:\/\/led.amasly.com\/cs\/wp-json\/wp\/v2\/users\/1"}],"replies":[{"embeddable":true,"href":"https:\/\/led.amasly.com\/cs\/wp-json\/wp\/v2\/comments?post=3035"}],"version-history":[{"count":1,"href":"https:\/\/led.amasly.com\/cs\/wp-json\/wp\/v2\/pages\/3035\/revisions"}],"predecessor-version":[{"id":3041,"href":"https:\/\/led.amasly.com\/cs\/wp-json\/wp\/v2\/pages\/3035\/revisions\/3041"}],"up":[{"embeddable":true,"href":"https:\/\/led.amasly.com\/cs\/wp-json\/wp\/v2\/pages\/2374"}],"wp:attachment":[{"href":"https:\/\/led.amasly.com\/cs\/wp-json\/wp\/v2\/media?parent=3035"}],"curies":[{"name":"wp","href":"https:\/\/api.w.org\/{rel}","templated":true}]}}