{"id":3029,"date":"2025-04-10T21:31:06","date_gmt":"2025-04-10T13:31:06","guid":{"rendered":"https:\/\/led.amasly.com\/?page_id=3029"},"modified":"2025-04-10T21:31:32","modified_gmt":"2025-04-10T13:31:32","slug":"how-to-open-an-explosion-proof-light-fixturekey-steps-and-operating-techniques","status":"publish","type":"page","link":"https:\/\/led.amasly.com\/cs\/knowledge\/explosion-proof-products-knowledge\/how-to-open-an-explosion-proof-light-fixturekey-steps-and-operating-techniques\/","title":{"rendered":"Jak otev\u0159\u00edt nev\u00fdbu\u0161n\u00e9 sv\u00edtidlo: kl\u00ed\u010dov\u00e9 kroky a techniky ovl\u00e1d\u00e1n\u00ed"},"content":{"rendered":"<div class=\"wp-block-uagb-container uagb-block-27bae773 alignfull uagb-is-root-container\"><div class=\"uagb-container-inner-blocks-wrap\"><\/div><\/div>\n\n\n\n<h2 class=\"wp-block-heading has-text-align-center\"><strong>Jak otev\u0159\u00edt nev\u00fdbu\u0161n\u00e9 sv\u00edtidlo? <\/strong><\/h2>\n\n\n\n<div class=\"wp-block-uagb-image uagb-block-da1360b5 wp-block-uagb-image--layout-default wp-block-uagb-image--effect-static wp-block-uagb-image--align-none\"><figure class=\"wp-block-uagb-image__figure\"><a class=\"\" href=\"https:\/\/led.amasly.com\/cs\/products\/explosion-proof-lights\/\" target=\"\" rel=\"noopener\"><img decoding=\"async\" srcset=\"https:\/\/led.amasly.com\/wp-content\/uploads\/2025\/01\/LED-explosion-proof-flood-lights.png ,https:\/\/led.amasly.com\/wp-content\/uploads\/2025\/01\/LED-explosion-proof-flood-lights.png 780w, https:\/\/led.amasly.com\/wp-content\/uploads\/2025\/01\/LED-explosion-proof-flood-lights.png 360w\" sizes=\"auto, (max-width: 480px) 150px\" src=\"https:\/\/led.amasly.com\/wp-content\/uploads\/2025\/01\/LED-explosion-proof-flood-lights.png\" alt=\"\" class=\"uag-image-1675\" width=\"1004\" height=\"308\" title=\"LED sv\u011btla odoln\u00e1 proti v\u00fdbuchu\" loading=\"lazy\" role=\"img\"><\/a><\/figure><\/div>\n\n\n\n<p>\u00davod: nev\u00fdbu\u0161n\u00e9 lampy jako petrochemick\u00e9, d\u016fln\u00ed a jin\u00e9 nebezpe\u010dn\u00e9 prost\u0159ed\u00ed, j\u00e1dro osv\u011btlovac\u00edho za\u0159\u00edzen\u00ed, spr\u00e1vn\u00fd zp\u016fsob zapnut\u00ed za\u0159\u00edzen\u00ed p\u0159\u00edmo ovliv\u0148uje \u017eivotnost a bezpe\u010dnost provozu. V tomto \u010dl\u00e1nku jsou uvedeny profesion\u00e1ln\u00ed provozn\u00ed postupy a bezpe\u010dnostn\u00ed opat\u0159en\u00ed, kter\u00e9 v\u00e1m pomohou vyhnout se riziku a zv\u00fd\u0161it \u00fa\u010dinnost.<\/p>\n\n\n\n<h2 class=\"wp-block-heading\"><strong>Za prv\u00e9, odolnost proti v\u00fdbuchu\u00a0<strong>sv\u00edtidlo<\/strong> p\u0159ed zapnut\u00edm bezpe\u010dnostn\u00edch p\u0159\u00edpravk\u016f<\/strong><\/h2>\n\n\n\n<h3 class=\"wp-block-heading\"><strong>Posuzov\u00e1n\u00ed \u017eivotn\u00edho prost\u0159ed\u00ed a screening rizik<\/strong><strong><\/strong><\/h3>\n\n\n\n<p>P\u0159ed zah\u00e1jen\u00edm provozu je t\u0159eba se ujistit, \u017ee okoln\u00ed prost\u0159ed\u00ed je bez \u00faniku ho\u0159lav\u00fdch a v\u00fdbu\u0161n\u00fdch plyn\u016f (nap\u0159. metanu, prachu), a zkontrolovat, zda je pl\u00e1\u0161\u0165 lampy odoln\u00e9 proti v\u00fdbuchu neporu\u0161en\u00fd a bez trhlin. Pokud pracujete na vlhk\u00fdch nebo korozivn\u00edch m\u00edstech, je t\u0159eba dodate\u010dn\u011b ov\u011b\u0159it, zda stupe\u0148 kryt\u00ed IP sv\u00edtidel a lamp odpov\u00edd\u00e1 norm\u011b.<\/p>\n\n\n\n<h3 class=\"wp-block-heading\"><strong>Vypnut\u00ed nap\u00e1jen\u00ed a potvrzen\u00ed stavu za\u0159\u00edzen\u00ed<\/strong><strong><\/strong><\/h3>\n\n\n\n<p>Vypn\u011bte nap\u00e1jen\u00ed a po\u010dkejte 5 minut, aby se sv\u00edtidlo zcela ochladilo. Pomoc\u00ed zkou\u0161e\u010dky nap\u011bt\u00ed zkontrolujte, zda v kabel\u00e1\u017ei nen\u00ed zbytkov\u00fd proud, aby nedo\u0161lo k jisk\u0159en\u00ed, kter\u00e9 by mohlo zp\u016fsobit bezpe\u010dnostn\u00ed riziko.<\/p>\n\n\n\n<h3 class=\"wp-block-heading\"><strong>P\u0159\u00edprava n\u00e1stroj\u016f a ochrann\u00fdch pom\u016fcek<\/strong><strong><\/strong><\/h3>\n\n\n\n<p>Pou\u017e\u00edvejte antistatick\u00e9 rukavice a ochrann\u00e9 br\u00fdle a p\u0159ipravte si certifikovan\u00e9 nev\u00fdbu\u0161n\u00e9 \u0161roubov\u00e1ky (nap\u0159\u00edklad ze slitiny m\u011bdi), abyste zabr\u00e1nili jisk\u0159en\u00ed zp\u016fsoben\u00e9mu t\u0159en\u00edm b\u011b\u017en\u00fdch n\u00e1stroj\u016f.<\/p>\n\n\n\n<h2 class=\"wp-block-heading\"><strong>Za druh\u00e9, postupn\u00e1 anal\u00fdza spr\u00e1vn\u00e9ho zp\u016fsobu otev\u0159en\u00ed nev\u00fdbu\u0161n\u00e9ho otvoru\u00a0<strong>sv\u00edtidlo<\/strong><\/strong><\/h2>\n\n\n\n<h3 class=\"wp-block-heading\"><strong>Krok 1: odemkn\u011bte <\/strong><strong>odolnost proti v\u00fdbuchu<\/strong><strong>&nbsp;lehk\u00e1 t\u011bsnic\u00ed konstrukce<\/strong><strong><\/strong><\/h3>\n\n\n\n<p>V\u011bt\u0161ina nev\u00fdbu\u0161n\u00fdch sv\u00edtidel pou\u017e\u00edv\u00e1 z\u00e1vitov\u00e9 nebo zacvak\u00e1vac\u00ed t\u011bsn\u011bn\u00ed. P\u0159i ot\u00e1\u010den\u00ed krytu lampy proti sm\u011bru hodinov\u00fdch ru\u010di\u010dek je t\u0159eba vyvinout rovnom\u011brnou s\u00edlu, aby nedo\u0161lo k zaseknut\u00ed z\u00e1vitu. Pokud naraz\u00edte na odpor, pou\u017eijte na pomoc antikorozn\u00ed mazivo, neprotahujte n\u00e1sil\u00edm.<\/p>\n\n\n\n<h3 class=\"wp-block-heading\"><strong>Krok 2: Kontrola integrity vnit\u0159n\u00edch sou\u010d\u00e1st\u00ed<\/strong><strong><\/strong><\/h3>\n\n\n\n<p>Po otev\u0159en\u00ed rychle zkontrolujte, zda kuli\u010dky sv\u011btla, p\u0159ed\u0159adn\u00edky a p\u0159\u00edvody kabel\u00e1\u017ee nejsou zoxidovan\u00e9 nebo uvoln\u011bn\u00e9. Pokud zjist\u00edte, \u017ee t\u011bsn\u011bn\u00ed jsou zest\u00e1rl\u00e1 nebo poru\u0161en\u00e1, je t\u0159eba okam\u017eit\u011b vym\u011bnit p\u016fvodn\u00ed d\u00edly (nap\u0159. silikonov\u00e1 t\u011bsn\u011bn\u00ed), aby byla zaji\u0161t\u011bna nev\u00fdbu\u0161nost.<\/p>\n\n\n\n<h3 class=\"wp-block-heading\"><strong>Krok 3: Bezpe\u010dn\u00e9 zapnut\u00ed a test funkce<\/strong><strong><\/strong><\/h3>\n\n\n\n<p>Po obnoven\u00ed nap\u00e1jen\u00ed sledujte, zda je start lampy zpo\u017ed\u011bn\u00fd nebo blik\u00e1. Pomoc\u00ed infra\u010derven\u00e9ho teplom\u011bru zjist\u011bte povrchovou teplotu, abyste se ujistili, \u017ee nep\u0159ekra\u010duje \u00farove\u0148 T6 (\u226485 \u2103) ozna\u010denou na za\u0159\u00edzen\u00ed.<\/p>\n\n\n\n<h2 class=\"wp-block-heading\"><strong>Za t\u0159et\u00ed, p\u016fsoben\u00ed kontraindikac\u00ed a b\u011b\u017en\u00fdch probl\u00e9m\u016f, kter\u00e9 je t\u0159eba \u0159e\u0161it<\/strong><strong><\/strong><\/h2>\n\n\n\n<h3 class=\"wp-block-heading\"><strong>Zak\u00e1zan\u00e9 chov\u00e1n\u00ed:<\/strong><strong><\/strong><\/h3>\n\n\n\n<p>Otev\u0159ete kryt n\u00e1sil\u00edm bez vypnut\u00ed;<\/p>\n\n\n\n<p>K \u00faprav\u011b konstrukce sv\u00edtilen a lamp pou\u017e\u00edvejte nev\u00fdbu\u0161n\u00e9 n\u00e1stroje;<\/p>\n\n\n\n<p>Zanedb\u00e1n\u00ed podm\u00ednek okoln\u00ed teploty a vlhkosti (nap\u0159. -20 \u2103 pod nutnost\u00ed p\u0159edeh\u0159\u00e1t\u00ed).<\/p>\n\n\n\n<h3 class=\"wp-block-heading\"><strong>Nouzov\u00fd program pro p\u0159\u00edpad selh\u00e1n\u00ed:<\/strong><strong><\/strong><\/h3>\n\n\n\n<p>Lampy a sv\u00edtilny nelze spustit: Aby se vylou\u010dila porucha ovlada\u010de, zkontrolujte, zda je veden\u00ed kompatibiln\u00ed s nap\u011bt\u00edm (nap\u0159. 220V\/380V);<\/p>\n\n\n\n<p>Abnorm\u00e1ln\u00ed teplo: okam\u017eit\u011b odpojte nap\u00e1jen\u00ed a kontaktujte v\u00fdrobce, aby otestoval chladic\u00ed modul.<\/p>\n\n\n\n<h2 class=\"wp-block-heading\"><strong>Za \u010dtvrt\u00e9, k prodlou\u017een\u00ed \u017eivotnosti nev\u00fdbu\u0161n\u00e9ho za\u0159\u00edzen\u00ed\u00a0<strong>sv\u00edtidlo<\/strong> doporu\u010den\u00ed pro \u00fadr\u017ebu<\/strong><\/h2>\n\n\n\n<h3 class=\"wp-block-heading\"><strong>Pravideln\u00fd cyklus \u00fadr\u017eby:<\/strong><strong><\/strong><\/h3>\n\n\n\n<p>Ka\u017ed\u00e9 3 m\u011bs\u00edce vy\u010dist\u011bte povrch lamp a sv\u00edtilen od oleje (pou\u017eijte neutr\u00e1ln\u00ed \u010distic\u00ed prost\u0159edek), ka\u017ed\u00fdch 6 m\u011bs\u00edc\u016f zji\u0161\u0165ujte t\u011bsnost (tester vzduchot\u011bsnosti).<\/p>\n\n\n\n<h3 class=\"wp-block-heading\"><strong>Standardn\u00ed v\u00fdm\u011bna d\u00edl\u016f:<\/strong><strong><\/strong><\/h3>\n\n\n\n<p>T\u011bsn\u011bn\u00ed se doporu\u010duje vym\u011bnit ka\u017ed\u00e9 2 roky, \u017eivotnost sv\u011bteln\u00e9ho zdroje LED p\u0159ed uplynut\u00edm doby platnosti cel\u00e9 \u0161ar\u017ee je t\u0159eba aktualizovat, aby se zabr\u00e1nilo nestejn\u00e9 teplot\u011b barev.<\/p>\n\n\n\n<h2 class=\"wp-block-heading\"><strong>Z\u00e1v\u011br: profesion\u00e1ln\u00ed operace ke zv\u00fd\u0161en\u00ed \u00fa\u010dinnosti <\/strong><strong>odolnost proti v\u00fdbuchu<\/strong><strong>&nbsp;sv\u011btla<\/strong><strong><\/strong><\/h2>\n\n\n\n<p class=\"has-text-align-left\">Zvl\u00e1dnut\u00ed standardizovan\u00e9ho procesu otev\u00edr\u00e1n\u00ed a metod \u00fadr\u017eby m\u016f\u017ee minimalizovat riziko pr\u016fmyslov\u00fdch hav\u00e1ri\u00ed. Chcete-li z\u00edskat individu\u00e1ln\u00ed \u0159e\u0161en\u00ed nev\u00fdbu\u0161n\u00e9ho osv\u011btlen\u00ed nebo technick\u00e9 \u0161kolen\u00ed, obra\u0165te se na t\u00fdm technik\u016f AMASLY pro ATEX\/<a href=\"http:\/\/www.iecex-certs.com\/\" rel=\"nofollow noopener\" target=\"_blank\">IECEx <\/a>podpora za\u0159\u00edzen\u00ed v souladu s p\u0159edpisy.<\/p>\n\n\n\n<div class=\"wp-block-uagb-container uagb-block-c7d898dd alignfull uagb-is-root-container\"><div class=\"uagb-container-inner-blocks-wrap\"><\/div><\/div>\n\n\n\n<h2 class=\"wp-block-heading\">Souvisej\u00edc\u00ed produkty<\/h2>\n\n\n\n<div class=\"wp-block-uagb-container uagb-block-66e4defc alignfull uagb-is-root-container\"><div class=\"uagb-container-inner-blocks-wrap\">\n<div class=\"wp-block-uagb-container uagb-block-a42945f9\">\n<div class=\"wp-block-uagb-image uagb-block-7296296b wp-block-uagb-image--layout-default wp-block-uagb-image--effect-static wp-block-uagb-image--align-none\"><figure class=\"wp-block-uagb-image__figure\"><a class=\"\" href=\"https:\/\/led.amasly.com\/cs\/products\/\" target=\"\" rel=\"noopener\"><img decoding=\"async\" srcset=\"https:\/\/led.amasly.com\/wp-content\/uploads\/2024\/09\/Explosion-proof-high-bay-lights.png ,https:\/\/led.amasly.com\/wp-content\/uploads\/2024\/09\/Explosion-proof-high-bay-lights.png 780w, https:\/\/led.amasly.com\/wp-content\/uploads\/2024\/09\/Explosion-proof-high-bay-lights.png 360w\" sizes=\"auto, (max-width: 480px) 150px\" src=\"https:\/\/led.amasly.com\/wp-content\/uploads\/2024\/09\/Explosion-proof-high-bay-lights.png\" alt=\"\" class=\"uag-image-1495\" width=\"300\" height=\"300\" title=\"Nev\u00fdbu\u0161n\u00e1 sv\u00edtidla s vysokou odolnost\u00ed proti v\u00fdbuchu\" loading=\"lazy\" role=\"img\"><\/a><\/figure><\/div>\n<\/div>\n\n\n\n<div class=\"wp-block-uagb-container uagb-block-4d3efde5\">\n<div class=\"wp-block-uagb-image uagb-block-c9e90797 wp-block-uagb-image--layout-default wp-block-uagb-image--effect-static wp-block-uagb-image--align-none\"><figure class=\"wp-block-uagb-image__figure\"><a class=\"\" href=\"https:\/\/led.amasly.com\/cs\/products\/\" target=\"\" rel=\"noopener\"><img decoding=\"async\" srcset=\"https:\/\/led.amasly.com\/wp-content\/uploads\/2024\/07\/LED-tri-proof-lights2.png ,https:\/\/led.amasly.com\/wp-content\/uploads\/2024\/07\/LED-tri-proof-lights2.png 780w, https:\/\/led.amasly.com\/wp-content\/uploads\/2024\/07\/LED-tri-proof-lights2.png 360w\" sizes=\"auto, (max-width: 480px) 150px\" src=\"https:\/\/led.amasly.com\/wp-content\/uploads\/2024\/07\/LED-tri-proof-lights2.png\" alt=\"\" class=\"uag-image-1132\" width=\"300\" height=\"300\" title=\"LED-tri-proof-sv\u011btla2\" loading=\"lazy\" role=\"img\"><\/a><\/figure><\/div>\n<\/div>\n\n\n\n<div class=\"wp-block-uagb-container uagb-block-11c2578b\">\n<div class=\"wp-block-uagb-image uagb-block-6e8883aa wp-block-uagb-image--layout-default wp-block-uagb-image--effect-static wp-block-uagb-image--align-none\"><figure class=\"wp-block-uagb-image__figure\"><a class=\"\" href=\"https:\/\/led.amasly.com\/cs\/products\/\" target=\"\" rel=\"noopener\"><img decoding=\"async\" srcset=\"https:\/\/led.amasly.com\/wp-content\/uploads\/2024\/09\/LED-Explosion-Proof-Gas-Station-Light.png ,https:\/\/led.amasly.com\/wp-content\/uploads\/2024\/09\/LED-Explosion-Proof-Gas-Station-Light.png 780w, https:\/\/led.amasly.com\/wp-content\/uploads\/2024\/09\/LED-Explosion-Proof-Gas-Station-Light.png 360w\" sizes=\"auto, (max-width: 480px) 150px\" src=\"https:\/\/led.amasly.com\/wp-content\/uploads\/2024\/09\/LED-Explosion-Proof-Gas-Station-Light.png\" alt=\"\" class=\"uag-image-1501\" width=\"300\" height=\"300\" title=\"LED sv\u011btlo pro \u010derpac\u00ed stanice s ochranou proti v\u00fdbuchu\" loading=\"lazy\" role=\"img\"><\/a><\/figure><\/div>\n<\/div>\n<\/div><\/div>\n\n\n\n<div class=\"wp-block-uagb-container uagb-block-548945b5 alignfull uagb-is-root-container\"><div class=\"uagb-container-inner-blocks-wrap\">\n<div class=\"wp-block-uagb-container uagb-block-967755d5\">\n<h4 class=\"wp-block-heading has-text-align-center\"><a href=\"https:\/\/led.amasly.com\/cs\/products\/\">Sv\u011btla LED odoln\u00e1 proti v\u00fdbuchu<\/a><\/h4>\n<\/div>\n\n\n\n<div class=\"wp-block-uagb-container uagb-block-9bc52fc2\">\n<h4 class=\"wp-block-heading has-text-align-center\"><a href=\"https:\/\/led.amasly.com\/cs\/products\/\">Trojit\u00e1 ochrann\u00e1 sv\u011btla LED<\/a><\/h4>\n<\/div>\n\n\n\n<div class=\"wp-block-uagb-container uagb-block-8ffa0a23\">\n<h4 class=\"wp-block-heading has-text-align-center\"><a href=\"https:\/\/led.amasly.com\/cs\/products\/\">Sv\u011btla \u010derpac\u00edch stanic odoln\u00e1 proti v\u00fdbuchu<\/a><\/h4>\n<\/div>\n<\/div><\/div>\n\n\n\n<div class=\"wp-block-uagb-container uagb-block-29499fe0 alignfull uagb-is-root-container\"><div class=\"uagb-container-inner-blocks-wrap\">\n<div class=\"wp-block-uagb-container uagb-block-777ee1c7\">\n<div class=\"wp-block-uagb-image uagb-block-2e9a1851 wp-block-uagb-image--layout-default wp-block-uagb-image--effect-static wp-block-uagb-image--align-none\"><figure class=\"wp-block-uagb-image__figure\"><a class=\"\" href=\"https:\/\/led.amasly.com\/cs\/products\/\" target=\"\" rel=\"noopener\"><img decoding=\"async\" srcset=\"https:\/\/led.amasly.com\/wp-content\/uploads\/2024\/10\/50W-100W-150W-200W-300W-LED-Flood-Light.jpg ,https:\/\/led.amasly.com\/wp-content\/uploads\/2024\/10\/50W-100W-150W-200W-300W-LED-Flood-Light.jpg 780w, https:\/\/led.amasly.com\/wp-content\/uploads\/2024\/10\/50W-100W-150W-200W-300W-LED-Flood-Light.jpg 360w\" sizes=\"auto, (max-width: 480px) 150px\" src=\"https:\/\/led.amasly.com\/wp-content\/uploads\/2024\/10\/50W-100W-150W-200W-300W-LED-Flood-Light.jpg\" alt=\"\" class=\"uag-image-1526\" width=\"300\" height=\"300\" title=\"50W 100W 150W 200W 300W LED z\u00e1plavov\u00e9 sv\u011btlo\" loading=\"lazy\" role=\"img\"><\/a><\/figure><\/div>\n<\/div>\n\n\n\n<div class=\"wp-block-uagb-container uagb-block-af8c8683\">\n<div class=\"wp-block-uagb-image uagb-block-67947854 wp-block-uagb-image--layout-default wp-block-uagb-image--effect-static wp-block-uagb-image--align-none\"><figure class=\"wp-block-uagb-image__figure\"><a class=\"\" href=\"https:\/\/led.amasly.com\/cs\/products\/\" target=\"\" rel=\"noopener\"><img decoding=\"async\" srcset=\"https:\/\/led.amasly.com\/wp-content\/uploads\/2024\/07\/led-tri-proof-light.png ,https:\/\/led.amasly.com\/wp-content\/uploads\/2024\/07\/led-tri-proof-light.png 780w, https:\/\/led.amasly.com\/wp-content\/uploads\/2024\/07\/led-tri-proof-light.png 360w\" sizes=\"auto, (max-width: 480px) 150px\" src=\"https:\/\/led.amasly.com\/wp-content\/uploads\/2024\/07\/led-tri-proof-light.png\" alt=\"\" class=\"uag-image-1130\" width=\"300\" height=\"300\" title=\"led-tri-proof-light\" loading=\"lazy\" role=\"img\"><\/a><\/figure><\/div>\n<\/div>\n\n\n\n<div class=\"wp-block-uagb-container uagb-block-0fdfdd58\">\n<div class=\"wp-block-uagb-image uagb-block-1187d32d wp-block-uagb-image--layout-default wp-block-uagb-image--effect-static wp-block-uagb-image--align-none\"><figure class=\"wp-block-uagb-image__figure\"><a class=\"\" href=\"https:\/\/led.amasly.com\/cs\/products\/\" target=\"\" rel=\"noopener\"><img decoding=\"async\" srcset=\"https:\/\/led.amasly.com\/wp-content\/uploads\/2024\/07\/LED-street-light.jpg ,https:\/\/led.amasly.com\/wp-content\/uploads\/2024\/07\/LED-street-light.jpg 780w, https:\/\/led.amasly.com\/wp-content\/uploads\/2024\/07\/LED-street-light.jpg 360w\" sizes=\"auto, (max-width: 480px) 150px\" src=\"https:\/\/led.amasly.com\/wp-content\/uploads\/2024\/07\/LED-street-light.jpg\" alt=\"\" class=\"uag-image-1145\" width=\"300\" height=\"300\" title=\"Uli\u010dn\u00ed osv\u011btlen\u00ed LED\" loading=\"lazy\" role=\"img\"><\/a><\/figure><\/div>\n<\/div>\n<\/div><\/div>\n\n\n\n<div class=\"wp-block-uagb-container uagb-block-6a60882c alignfull uagb-is-root-container\"><div class=\"uagb-container-inner-blocks-wrap\">\n<div class=\"wp-block-uagb-container uagb-block-f1e91a35\">\n<h4 class=\"wp-block-heading has-text-align-center\"><a href=\"https:\/\/led.amasly.com\/cs\/products\/\">LED sv\u011btla pro zaplaven\u00ed<\/a><\/h4>\n<\/div>\n\n\n\n<div class=\"wp-block-uagb-container uagb-block-165bfa58\">\n<h4 class=\"wp-block-heading has-text-align-center\"><a href=\"https:\/\/led.amasly.com\/cs\/products\/\">LED Tri-Proof Tube Lights<\/a><\/h4>\n<\/div>\n\n\n\n<div class=\"wp-block-uagb-container uagb-block-f6096e3b\">\n<h4 class=\"wp-block-heading has-text-align-center\"><a href=\"https:\/\/led.amasly.com\/cs\/products\/\">Pouli\u010dn\u00ed osv\u011btlen\u00ed LED<\/a><\/h4>\n<\/div>\n<\/div><\/div>\n\n\n\n<div class=\"wp-block-uagb-container uagb-block-99c0e0a5 alignfull uagb-is-root-container\"><div class=\"uagb-container-inner-blocks-wrap\"><\/div><\/div>\n\n\n\n<p><\/p>","protected":false},"excerpt":{"rendered":"<p>How to open an explosion proof light fixture? Introduction: explosion proof&nbsp;lamps as a petrochemical, mining and other hazardous environments, the core of the lighting equipment, the correct way to turn on the equipment directly affects the life and operational safety. This article provides professional operating procedures and precautions to help you avoid risk and improve [&hellip;]<\/p>\n","protected":false},"author":1,"featured_media":0,"parent":2374,"menu_order":0,"comment_status":"closed","ping_status":"closed","template":"","meta":{"_uag_custom_page_level_css":"","site-sidebar-layout":"no-sidebar","site-content-layout":"","ast-site-content-layout":"default","site-content-style":"default","site-sidebar-style":"default","ast-global-header-display":"","ast-banner-title-visibility":"","ast-main-header-display":"","ast-hfb-above-header-display":"","ast-hfb-below-header-display":"","ast-hfb-mobile-header-display":"","site-post-title":"disabled","ast-breadcrumbs-content":"","ast-featured-img":"","footer-sml-layout":"","ast-disable-related-posts":"","theme-transparent-header-meta":"enabled","adv-header-id-meta":"","stick-header-meta":"","header-above-stick-meta":"","header-main-stick-meta":"","header-below-stick-meta":"","astra-migrate-meta-layouts":"set","ast-page-background-enabled":"default","ast-page-background-meta":{"desktop":{"background-color":"var(--ast-global-color-4)","background-image":"","background-repeat":"repeat","background-position":"center center","background-size":"auto","background-attachment":"scroll","background-type":"","background-media":"","overlay-type":"","overlay-color":"","overlay-opacity":"","overlay-gradient":""},"tablet":{"background-color":"","background-image":"","background-repeat":"repeat","background-position":"center center","background-size":"auto","background-attachment":"scroll","background-type":"","background-media":"","overlay-type":"","overlay-color":"","overlay-opacity":"","overlay-gradient":""},"mobile":{"background-color":"","background-image":"","background-repeat":"repeat","background-position":"center center","background-size":"auto","background-attachment":"scroll","background-type":"","background-media":"","overlay-type":"","overlay-color":"","overlay-opacity":"","overlay-gradient":""}},"ast-content-background-meta":{"desktop":{"background-color":"var(--ast-global-color-5)","background-image":"","background-repeat":"repeat","background-position":"center center","background-size":"auto","background-attachment":"scroll","background-type":"","background-media":"","overlay-type":"","overlay-color":"","overlay-opacity":"","overlay-gradient":""},"tablet":{"background-color":"var(--ast-global-color-5)","background-image":"","background-repeat":"repeat","background-position":"center center","background-size":"auto","background-attachment":"scroll","background-type":"","background-media":"","overlay-type":"","overlay-color":"","overlay-opacity":"","overlay-gradient":""},"mobile":{"background-color":"var(--ast-global-color-5)","background-image":"","background-repeat":"repeat","background-position":"center center","background-size":"auto","background-attachment":"scroll","background-type":"","background-media":"","overlay-type":"","overlay-color":"","overlay-opacity":"","overlay-gradient":""}},"footnotes":""},"class_list":["post-3029","page","type-page","status-publish","hentry"],"uagb_featured_image_src":{"full":false,"thumbnail":false,"medium":false,"medium_large":false,"large":false,"1536x1536":false,"2048x2048":false,"trp-custom-language-flag":false},"uagb_author_info":{"display_name":"Joe","author_link":"https:\/\/led.amasly.com\/cs\/author\/jacklin\/"},"uagb_comment_info":0,"uagb_excerpt":"How to open an explosion proof light fixture? Introduction: explosion proof&nbsp;lamps as a petrochemical, mining and other hazardous environments, the core of the lighting equipment, the correct way to turn on the equipment directly affects the life and operational safety. This article provides professional operating procedures and precautions to help you avoid risk and improve&hellip;","_links":{"self":[{"href":"https:\/\/led.amasly.com\/cs\/wp-json\/wp\/v2\/pages\/3029","targetHints":{"allow":["GET"]}}],"collection":[{"href":"https:\/\/led.amasly.com\/cs\/wp-json\/wp\/v2\/pages"}],"about":[{"href":"https:\/\/led.amasly.com\/cs\/wp-json\/wp\/v2\/types\/page"}],"author":[{"embeddable":true,"href":"https:\/\/led.amasly.com\/cs\/wp-json\/wp\/v2\/users\/1"}],"replies":[{"embeddable":true,"href":"https:\/\/led.amasly.com\/cs\/wp-json\/wp\/v2\/comments?post=3029"}],"version-history":[{"count":2,"href":"https:\/\/led.amasly.com\/cs\/wp-json\/wp\/v2\/pages\/3029\/revisions"}],"predecessor-version":[{"id":3031,"href":"https:\/\/led.amasly.com\/cs\/wp-json\/wp\/v2\/pages\/3029\/revisions\/3031"}],"up":[{"embeddable":true,"href":"https:\/\/led.amasly.com\/cs\/wp-json\/wp\/v2\/pages\/2374"}],"wp:attachment":[{"href":"https:\/\/led.amasly.com\/cs\/wp-json\/wp\/v2\/media?parent=3029"}],"curies":[{"name":"wp","href":"https:\/\/api.w.org\/{rel}","templated":true}]}}