{"id":3015,"date":"2025-04-09T21:06:00","date_gmt":"2025-04-09T13:06:00","guid":{"rendered":"https:\/\/led.amasly.com\/?page_id=3015"},"modified":"2025-04-09T21:06:05","modified_gmt":"2025-04-09T13:06:05","slug":"what-is-the-standard-for-explosion-proof","status":"publish","type":"page","link":"https:\/\/led.amasly.com\/cs\/knowledge\/explosion-proof-products-knowledge\/what-is-the-standard-for-explosion-proof\/","title":{"rendered":"Jak\u00e1 je norma pro nev\u00fdbu\u0161nost?"},"content":{"rendered":"<div class=\"wp-block-uagb-container uagb-block-27bae773 alignfull uagb-is-root-container\"><div class=\"uagb-container-inner-blocks-wrap\"><\/div><\/div>\n\n\n\n<h2 class=\"wp-block-heading has-text-align-center\"><strong>Jak\u00e1 je norma pro <\/strong><strong>odolnost proti v\u00fdbuchu<\/strong><strong>?<\/strong><strong><\/strong><\/h2>\n\n\n\n<div class=\"wp-block-uagb-image uagb-block-da1360b5 wp-block-uagb-image--layout-default wp-block-uagb-image--effect-static wp-block-uagb-image--align-none\"><figure class=\"wp-block-uagb-image__figure\"><a class=\"\" href=\"https:\/\/led.amasly.com\/cs\/\" target=\"\" rel=\"noopener\"><img decoding=\"async\" srcset=\"https:\/\/led.amasly.com\/wp-content\/uploads\/2025\/01\/LED-explosion-proof-flood-lights.png ,https:\/\/led.amasly.com\/wp-content\/uploads\/2025\/01\/LED-explosion-proof-flood-lights.png 780w, https:\/\/led.amasly.com\/wp-content\/uploads\/2025\/01\/LED-explosion-proof-flood-lights.png 360w\" sizes=\"auto, (max-width: 480px) 150px\" src=\"https:\/\/led.amasly.com\/wp-content\/uploads\/2025\/01\/LED-explosion-proof-flood-lights.png\" alt=\"\" class=\"uag-image-1675\" width=\"1004\" height=\"308\" title=\"LED sv\u011btla odoln\u00e1 proti v\u00fdbuchu\" loading=\"lazy\" role=\"img\"><\/a><\/figure><\/div>\n\n\n\n<p>Mezin\u00e1rodn\u00ed nev\u00fdbu\u0161n\u00e9 normy se pou\u017e\u00edvaj\u00ed k zaji\u0161t\u011bn\u00ed toho, aby za\u0159\u00edzen\u00ed pou\u017e\u00edvan\u00e1 v nebezpe\u010dn\u00fdch prost\u0159ed\u00edch, jako jsou prost\u0159ed\u00ed s v\u00fdskytem ho\u0159lav\u00fdch plyn\u016f, prachu nebo par, nezp\u016fsobila v\u00fdbuch. Tyto normy jsou uzn\u00e1v\u00e1ny celosv\u011btov\u011b, p\u0159i\u010dem\u017e r\u016fzn\u00e9 regiony maj\u00ed sv\u00e9 vlastn\u00ed syst\u00e9my, ale jejich hlavn\u00edm c\u00edlem je stejn\u00fdm zp\u016fsobem sn\u00ed\u017eit riziko v\u00fdbuchu pomoc\u00ed technick\u00fdch prost\u0159edk\u016f.<\/p>\n\n\n\n<p>Konkr\u00e9tn\u00ed po\u017eadavky a normy pro glob\u00e1ln\u00ed certifikaci sv\u00edtidel odoln\u00fdch proti v\u00fdbuchu se mohou v jednotliv\u00fdch regionech a zem\u00edch li\u0161it.Jak\u00e1 je norma pro nev\u00fdbu\u0161n\u00e9 osv\u011btlen\u00ed?<\/p>\n\n\n\n<p>N\u00ed\u017ee je uveden p\u0159ehled n\u011bkter\u00fdch b\u011b\u017en\u00fdch celosv\u011btov\u00fdch po\u017eadavk\u016f a norem pro certifikaci nev\u00fdbu\u0161nosti:<\/p>\n\n\n\n<h2 class=\"wp-block-heading\"><strong>EU ATEX:<\/strong><strong><\/strong><\/h2>\n\n\n\n<p>ATEX je soubor evropsk\u00fdch sm\u011brnic pro nev\u00fdbu\u0161n\u00e1 za\u0159\u00edzen\u00ed. Jej\u00ed n\u00e1zev je odvozen z francouzsk\u00e9ho v\u00fdrazu \u201cAppareils destin\u00e9s \u00e0 \u00eatre utilis\u00e9s en ATmosph\u00e8res EXplosibles\u201d, tj. \u201cZa\u0159\u00edzen\u00ed pro pou\u017eit\u00ed ve v\u00fdbu\u0161n\u00e9m prost\u0159ed\u00ed\u201d. ATEX se skl\u00e1d\u00e1 ze dvou hlavn\u00edch sm\u011brnic:<\/p>\n\n\n\n<p>ATEX 95 (ATEX 100a) - sm\u011brnice 2014\/34\/EU: vztahuje se na za\u0159\u00edzen\u00ed a ochrann\u00e9 syst\u00e9my pro pou\u017eit\u00ed ve v\u00fdbu\u0161n\u00e9m prost\u0159ed\u00ed. Sm\u011brnice stanov\u00ed z\u00e1kladn\u00ed po\u017eadavky na ochranu zdrav\u00ed a bezpe\u010dnost, kter\u00e9 mus\u00ed v\u00fdrobci za\u0159\u00edzen\u00ed spl\u0148ovat, a to v oblasti n\u00e1vrhu, v\u00fdroby a zkou\u0161en\u00ed.<\/p>\n\n\n\n<p>ATEX 137 - sm\u011brnice 1999\/92\/ES: plat\u00ed pro pracovi\u0161t\u011b ve v\u00fdbu\u0161n\u00e9m prost\u0159ed\u00ed. Sm\u011brnice stanov\u00ed opat\u0159en\u00ed, kter\u00e1 mus\u00ed zam\u011bstnavatel\u00e9 p\u0159ijmout k zaji\u0161t\u011bn\u00ed bezpe\u010dnosti a ochrany zdrav\u00ed sv\u00fdch zam\u011bstnanc\u016f, v\u010detn\u011b hodnocen\u00ed rizik, klasifikace prostor\u016f a p\u0159\u00edslu\u0161n\u00e9ho bezpe\u010dnostn\u00edho \u0161kolen\u00ed.<\/p>\n\n\n\n<p>Certifikace ATEX (EU): ATEX (Atmosph\u00e8res Explosibles) je po\u017eadavek Evropsk\u00e9 unie na certifikaci za\u0159\u00edzen\u00ed pou\u017e\u00edvan\u00fdch v prost\u0159ed\u00ed s nebezpe\u010d\u00edm v\u00fdbuchu plyn\u016f, par nebo prachu. Mezi jej\u00ed hlavn\u00ed normy pat\u0159\u00ed EN 60079-0 a EN 60079-1.<\/p>\n\n\n\n<p>Certifikace ATEX se vztahuje na \u010dlensk\u00e9 st\u00e1ty EU a za\u0159\u00edzen\u00ed mus\u00ed b\u00fdt v souladu s t\u011bmito sm\u011brnicemi, aby mohla b\u00fdt prod\u00e1v\u00e1na a pou\u017e\u00edv\u00e1na na trhu EU.<\/p>\n\n\n\n<h2 class=\"wp-block-heading\"><strong><a href=\"http:\/\/www.ul.com\" rel=\"nofollow noopener\" target=\"_blank\">UL Severn\u00ed Amerika<\/a><\/strong><\/h2>\n\n\n\n<p>V Severn\u00ed Americe (nap\u0159. v USA a Kanad\u011b) jsou v\u00fdbu\u0161n\u00e9 l\u00e1tky rozd\u011bleny do t\u0159\u00ed hlavn\u00edch kategori\u00ed, a to do t\u0159\u00eddy I (v\u00fdbu\u0161n\u00e9 plyny), t\u0159\u00eddy II (v\u00fdbu\u0161n\u00e9 prachy) a t\u0159\u00eddy III (v\u00fdbu\u0161n\u00e1 vl\u00e1kna). V r\u00e1mci ka\u017ed\u00e9 kategorie se tak\u00e9 d\u011bl\u00ed na r\u016fzn\u00e9 skupiny, nap\u0159\u00edklad t\u0159\u00edda I se d\u011bl\u00ed na skupinu A (acetylen), skupinu B (vod\u00edk) atd.<\/p>\n\n\n\n<p>Severoamerick\u00fd syst\u00e9m bude rozd\u011blen na dv\u011b \u00farovn\u011b v\u00fdbu\u0161n\u00fdch prostor\u016f, a to na divizi 1 a divizi 2. 1 (Divize 1), \u017ee za norm\u00e1ln\u00edch provozn\u00edch podm\u00ednek se mohou v\u017edy nebo n\u011bkdy vyskytovat v\u00fdbu\u0161n\u00e9 plyny, prachy a pol\u00e9tav\u00fd prach; 2 (Divize 2), \u017ee za norm\u00e1ln\u00edch provozn\u00edch podm\u00ednek je v\u00fdskyt t\u011bchto l\u00e1tek nepravd\u011bpodobn\u00fd.<\/p>\n\n\n\n<p>Certifikace UL (USA): UL (Underwriters Laboratories) je americk\u00fd certifika\u010dn\u00ed org\u00e1n, kter\u00fd hodnot\u00ed a certifikuje nev\u00fdbu\u0161nost sv\u011bteln\u00fdch zdroj\u016f a sv\u00edtidel. UL 844 je b\u011b\u017en\u011b pou\u017e\u00edvan\u00e1 norma pro nev\u00fdbu\u0161n\u00e9 sv\u011bteln\u00e9 zdroje a sv\u00edtidla.<\/p>\n\n\n\n<p>Certifikace CSA (Kanada): CSA (Canadian Standards Association) je kanadsk\u00fd certifika\u010dn\u00ed org\u00e1n, kter\u00fd posuzuje a certifikuje nev\u00fdbu\u0161nost sv\u011bteln\u00fdch zdroj\u016f a sv\u00edtilen podle normy CSA C22.2 \u010d. 137 pro b\u011b\u017en\u011b pou\u017e\u00edvan\u00e9 nev\u00fdbu\u0161n\u00e9 sv\u011bteln\u00e9 zdroje a sv\u00edtilny.<\/p>\n\n\n\n<h2 class=\"wp-block-heading\"><strong>\u010c\u00edna GB<\/strong><strong><\/strong><\/h2>\n\n\n\n<p>\u010c\u00edna pou\u017e\u00edv\u00e1 p\u0159edev\u0161\u00edm metodu d\u011blen\u00ed Elektrotechnick\u00e9 komise (IEC), kter\u00e1 rozd\u011bluje v\u00fdbu\u0161n\u00e9 l\u00e1tky do t\u0159\u00ed kategori\u00ed, tj. d\u016fln\u00ed metan (t\u0159\u00edda I), v\u00fdbu\u0161n\u00e9 plynn\u00e9 sm\u011bsi (t\u0159\u00edda II) a v\u00fdbu\u0161n\u00e9 prachy a vl\u00e1kna (t\u0159\u00edda III). Ka\u017ed\u00e1 t\u0159\u00edda se d\u00e1le d\u011bl\u00ed v r\u00e1mci ka\u017ed\u00e9 kategorie, nap\u0159. t\u0159\u00edda II se d\u011bl\u00ed na t\u0159\u00eddu B (ethylen atd.) a t\u0159\u00eddu A (propan atd.).<\/p>\n\n\n\n<p>Norma GB (\u010c\u00edna): \u010c\u00ednsk\u00fd n\u00e1rodn\u00ed normaliza\u010dn\u00ed v\u00fdbor vydal \u0159adu n\u00e1rodn\u00edch norem pro nev\u00fdbu\u0161n\u00e9 osv\u011btlen\u00ed, nap\u0159\u00edklad GB 3836.1 a GB 3836.2. \u010c\u00edna bude rozd\u011blena na t\u0159i oblasti s nebezpe\u010d\u00edm v\u00fdbuchu, a to na z\u00f3nu 0 (Zone 0), z\u00f3nu 1 (Zone 1\/Zone 21), z\u00f3nu 2 (Zone 2\/Zone 22). Tyto z\u00f3ny jsou zalo\u017eeny na pravd\u011bpodobnosti v\u00fdskytu v\u00fdbu\u0161n\u00fdch plyn\u016f, par nebo prachu za b\u011b\u017en\u00fdch provozn\u00edch podm\u00ednek.<\/p>\n\n\n\n<h2 class=\"wp-block-heading\"><strong>Region SNS<\/strong><strong><\/strong><\/h2>\n\n\n\n<p>Certifikace CU-TR pro region SNS (nap\u0159. Rusko, B\u011blorusko atd.)<\/p>\n\n\n\n<p>\u00davod: Certifikace CU-TR je certifikace technick\u00fdch p\u0159edpis\u016f Celn\u00ed unie (zahrnuj\u00edc\u00ed Rusko, B\u011blorusko, Kazachst\u00e1n, Arm\u00e9nii a Kyrgyzst\u00e1n).<\/p>\n\n\n\n<p>Charakteristika: Jej\u00ed certifika\u010dn\u00ed zna\u010dka je EAC a certifika\u010dn\u00ed proces je zalo\u017een na norm\u00e1ch podobn\u00fdch norm\u00e1m IEC.<\/p>\n\n\n\n<p>Oblast pou\u017eit\u00ed: Pro v\u00fdrobce v\u00fdrobk\u016f pro ochranu proti v\u00fdbuchu, kte\u0159\u00ed cht\u011bj\u00ed vstoupit na trh Celn\u00ed unie.<\/p>\n\n\n\n<h2 class=\"wp-block-heading\"><strong><a href=\"http:\/\/www.iecex-certs.com\/\" rel=\"nofollow noopener\" target=\"_blank\">IECEx<\/a><\/strong><\/h2>\n\n\n\n<p>IECEx je mezin\u00e1rodn\u00ed elektrotechnick\u00e1 komise (IEC), kter\u00e1 vyvinula mezin\u00e1rodn\u00ed certifika\u010dn\u00ed syst\u00e9m pro nev\u00fdbu\u0161n\u00e1 za\u0159\u00edzen\u00ed, pln\u00fdm n\u00e1zvem \u201cIEC System for Certification to Standards Relating to Equipment for Use in Explosive Atmospheres\u201d. Tento syst\u00e9m je navr\u017een tak, aby poskytoval celosv\u011btov\u011b konzistentn\u00ed certifika\u010dn\u00ed program k zaji\u0161t\u011bn\u00ed bezpe\u010dnosti za\u0159\u00edzen\u00ed a slu\u017eeb pou\u017e\u00edvan\u00fdch ve v\u00fdbu\u0161n\u00fdch prost\u0159ed\u00edch.<\/p>\n\n\n\n<p>Certifikace IECEx (mezin\u00e1rodn\u00ed): IECEx (Sch\u00e9ma Mezin\u00e1rodn\u00ed elektrotechnick\u00e9 komise pro certifikaci podle norem t\u00fdkaj\u00edc\u00edch se za\u0159\u00edzen\u00ed pro pou\u017eit\u00ed ve v\u00fdbu\u0161n\u00fdch atmosf\u00e9r\u00e1ch) je mezin\u00e1rodn\u00ed certifika\u010dn\u00ed sch\u00e9ma pro za\u0159\u00edzen\u00ed pro pou\u017eit\u00ed ve v\u00fdbu\u0161n\u00fdch plynn\u00fdch a prachov\u00fdch atmosf\u00e9r\u00e1ch. Mezi b\u011b\u017en\u011b pou\u017e\u00edvan\u00e9 normy pat\u0159\u00ed IEC 60079-0 a IEC 60079-1.<\/p>\n\n\n\n<p>Certifikace IECEx je celosv\u011btov\u011b uzn\u00e1van\u00e1 a plat\u00ed nejen v Evropsk\u00e9 unii, ale je \u0161iroce pou\u017e\u00edv\u00e1na i v dal\u0161\u00edch zem\u00edch a regionech, nap\u0159\u00edklad v Austr\u00e1lii, \u010c\u00edn\u011b a na St\u0159edn\u00edm v\u00fdchod\u011b.<\/p>\n\n\n\n<h2 class=\"wp-block-heading\"><strong>Certifikace ochrany proti v\u00fdbuchu v jin\u00fdch zem\u00edch a regionech<\/strong><strong><\/strong><\/h2>\n\n\n\n<p>Japonsko: TIIS (Japan Industrial Safety Technology Association) pro certifika\u010dn\u00ed org\u00e1ny nev\u00fdbu\u0161n\u00fdch elektrick\u00fdch za\u0159\u00edzen\u00ed ur\u010den\u00e9 japonsk\u00fdm ministerstvem zdravotnictv\u00ed, pr\u00e1ce a soci\u00e1ln\u00edch v\u011bc\u00ed.<\/p>\n\n\n\n<p>Korea: V\u00fdrobci, kte\u0159\u00ed ji\u017e z\u00edskali certifik\u00e1t IECEx, mohou po\u017e\u00e1dat o korejsk\u00fd certifik\u00e1t KC s certifik\u00e1tem, zku\u0161ebn\u00edm protokolem a technickou dokumentac\u00ed.<\/p>\n\n\n\n<p>SPOJEN\u00c9 ARABSK\u00c9 EMIR\u00c1TY: ECASEx je povinn\u00e1 certifikace elektrick\u00fdch za\u0159\u00edzen\u00ed pou\u017e\u00edvan\u00fdch v prost\u0159ed\u00ed s nebezpe\u010d\u00edm v\u00fdbuchu, kterou ud\u011bluje ESMA, Emir\u00e1tsk\u00fd \u00fa\u0159ad pro standardizaci a metrologii.<\/p>\n\n\n\n<p>Braz\u00edlie: Zna\u010dka INMETRO je povinnou certifikac\u00ed, kterou v Braz\u00edlii ud\u011bluje N\u00e1rodn\u00ed kontroln\u00ed organizace (INMETRO).<\/p>\n\n\n\n<p class=\"has-text-align-center\">Austr\u00e1lie a Nov\u00fd Z\u00e9land: Na Zemi a v Austr\u00e1lii jsou certifik\u00e1ty IECEx uzn\u00e1v\u00e1ny p\u0159\u00edmo.<\/p>\n\n\n\n<div class=\"wp-block-uagb-container uagb-block-c7d898dd alignfull uagb-is-root-container\"><div class=\"uagb-container-inner-blocks-wrap\"><\/div><\/div>\n\n\n\n<h2 class=\"wp-block-heading\">Souvisej\u00edc\u00ed produkty<\/h2>\n\n\n\n<div class=\"wp-block-uagb-container uagb-block-66e4defc alignfull uagb-is-root-container\"><div class=\"uagb-container-inner-blocks-wrap\">\n<div class=\"wp-block-uagb-container uagb-block-a42945f9\">\n<div class=\"wp-block-uagb-image uagb-block-7296296b wp-block-uagb-image--layout-default wp-block-uagb-image--effect-static wp-block-uagb-image--align-none\"><figure class=\"wp-block-uagb-image__figure\"><a class=\"\" href=\"https:\/\/led.amasly.com\/cs\/products\/\" target=\"\" rel=\"noopener\"><img decoding=\"async\" srcset=\"https:\/\/led.amasly.com\/wp-content\/uploads\/2024\/09\/Explosion-proof-high-bay-lights.png ,https:\/\/led.amasly.com\/wp-content\/uploads\/2024\/09\/Explosion-proof-high-bay-lights.png 780w, https:\/\/led.amasly.com\/wp-content\/uploads\/2024\/09\/Explosion-proof-high-bay-lights.png 360w\" sizes=\"auto, (max-width: 480px) 150px\" src=\"https:\/\/led.amasly.com\/wp-content\/uploads\/2024\/09\/Explosion-proof-high-bay-lights.png\" alt=\"\" class=\"uag-image-1495\" width=\"300\" height=\"300\" title=\"Nev\u00fdbu\u0161n\u00e1 sv\u00edtidla s vysokou odolnost\u00ed proti v\u00fdbuchu\" loading=\"lazy\" role=\"img\"><\/a><\/figure><\/div>\n<\/div>\n\n\n\n<div class=\"wp-block-uagb-container uagb-block-4d3efde5\">\n<div class=\"wp-block-uagb-image uagb-block-c9e90797 wp-block-uagb-image--layout-default wp-block-uagb-image--effect-static wp-block-uagb-image--align-none\"><figure class=\"wp-block-uagb-image__figure\"><a class=\"\" href=\"https:\/\/led.amasly.com\/cs\/products\/\" target=\"\" rel=\"noopener\"><img decoding=\"async\" srcset=\"https:\/\/led.amasly.com\/wp-content\/uploads\/2024\/07\/LED-tri-proof-lights2.png ,https:\/\/led.amasly.com\/wp-content\/uploads\/2024\/07\/LED-tri-proof-lights2.png 780w, https:\/\/led.amasly.com\/wp-content\/uploads\/2024\/07\/LED-tri-proof-lights2.png 360w\" sizes=\"auto, (max-width: 480px) 150px\" src=\"https:\/\/led.amasly.com\/wp-content\/uploads\/2024\/07\/LED-tri-proof-lights2.png\" alt=\"\" class=\"uag-image-1132\" width=\"300\" height=\"300\" title=\"LED-tri-proof-sv\u011btla2\" loading=\"lazy\" role=\"img\"><\/a><\/figure><\/div>\n<\/div>\n\n\n\n<div class=\"wp-block-uagb-container uagb-block-11c2578b\">\n<div class=\"wp-block-uagb-image uagb-block-6e8883aa wp-block-uagb-image--layout-default wp-block-uagb-image--effect-static wp-block-uagb-image--align-none\"><figure class=\"wp-block-uagb-image__figure\"><a class=\"\" href=\"https:\/\/led.amasly.com\/cs\/products\/\" target=\"\" rel=\"noopener\"><img decoding=\"async\" srcset=\"https:\/\/led.amasly.com\/wp-content\/uploads\/2024\/09\/LED-Explosion-Proof-Gas-Station-Light.png ,https:\/\/led.amasly.com\/wp-content\/uploads\/2024\/09\/LED-Explosion-Proof-Gas-Station-Light.png 780w, https:\/\/led.amasly.com\/wp-content\/uploads\/2024\/09\/LED-Explosion-Proof-Gas-Station-Light.png 360w\" sizes=\"auto, (max-width: 480px) 150px\" src=\"https:\/\/led.amasly.com\/wp-content\/uploads\/2024\/09\/LED-Explosion-Proof-Gas-Station-Light.png\" alt=\"\" class=\"uag-image-1501\" width=\"300\" height=\"300\" title=\"LED sv\u011btlo pro \u010derpac\u00ed stanice s ochranou proti v\u00fdbuchu\" loading=\"lazy\" role=\"img\"><\/a><\/figure><\/div>\n<\/div>\n<\/div><\/div>\n\n\n\n<div class=\"wp-block-uagb-container uagb-block-548945b5 alignfull uagb-is-root-container\"><div class=\"uagb-container-inner-blocks-wrap\">\n<div class=\"wp-block-uagb-container uagb-block-967755d5\">\n<h4 class=\"wp-block-heading has-text-align-center\"><a href=\"https:\/\/led.amasly.com\/cs\/products\/\">Sv\u011btla LED odoln\u00e1 proti v\u00fdbuchu<\/a><\/h4>\n<\/div>\n\n\n\n<div class=\"wp-block-uagb-container uagb-block-9bc52fc2\">\n<h4 class=\"wp-block-heading has-text-align-center\"><a href=\"https:\/\/led.amasly.com\/cs\/products\/\">Trojit\u00e1 ochrann\u00e1 sv\u011btla LED<\/a><\/h4>\n<\/div>\n\n\n\n<div class=\"wp-block-uagb-container uagb-block-8ffa0a23\">\n<h4 class=\"wp-block-heading has-text-align-center\"><a href=\"https:\/\/led.amasly.com\/cs\/products\/\">Sv\u011btla \u010derpac\u00edch stanic odoln\u00e1 proti v\u00fdbuchu<\/a><\/h4>\n<\/div>\n<\/div><\/div>\n\n\n\n<div class=\"wp-block-uagb-container uagb-block-29499fe0 alignfull uagb-is-root-container\"><div class=\"uagb-container-inner-blocks-wrap\">\n<div class=\"wp-block-uagb-container uagb-block-777ee1c7\">\n<div class=\"wp-block-uagb-image uagb-block-2e9a1851 wp-block-uagb-image--layout-default wp-block-uagb-image--effect-static wp-block-uagb-image--align-none\"><figure class=\"wp-block-uagb-image__figure\"><a class=\"\" href=\"https:\/\/led.amasly.com\/cs\/products\/\" target=\"\" rel=\"noopener\"><img decoding=\"async\" srcset=\"https:\/\/led.amasly.com\/wp-content\/uploads\/2024\/10\/50W-100W-150W-200W-300W-LED-Flood-Light.jpg ,https:\/\/led.amasly.com\/wp-content\/uploads\/2024\/10\/50W-100W-150W-200W-300W-LED-Flood-Light.jpg 780w, https:\/\/led.amasly.com\/wp-content\/uploads\/2024\/10\/50W-100W-150W-200W-300W-LED-Flood-Light.jpg 360w\" sizes=\"auto, (max-width: 480px) 150px\" src=\"https:\/\/led.amasly.com\/wp-content\/uploads\/2024\/10\/50W-100W-150W-200W-300W-LED-Flood-Light.jpg\" alt=\"\" class=\"uag-image-1526\" width=\"300\" height=\"300\" title=\"50W 100W 150W 200W 300W LED z\u00e1plavov\u00e9 sv\u011btlo\" loading=\"lazy\" role=\"img\"><\/a><\/figure><\/div>\n<\/div>\n\n\n\n<div class=\"wp-block-uagb-container uagb-block-af8c8683\">\n<div class=\"wp-block-uagb-image uagb-block-67947854 wp-block-uagb-image--layout-default wp-block-uagb-image--effect-static wp-block-uagb-image--align-none\"><figure class=\"wp-block-uagb-image__figure\"><a class=\"\" href=\"https:\/\/led.amasly.com\/cs\/products\/\" target=\"\" rel=\"noopener\"><img decoding=\"async\" srcset=\"https:\/\/led.amasly.com\/wp-content\/uploads\/2024\/07\/led-tri-proof-light.png ,https:\/\/led.amasly.com\/wp-content\/uploads\/2024\/07\/led-tri-proof-light.png 780w, https:\/\/led.amasly.com\/wp-content\/uploads\/2024\/07\/led-tri-proof-light.png 360w\" sizes=\"auto, (max-width: 480px) 150px\" src=\"https:\/\/led.amasly.com\/wp-content\/uploads\/2024\/07\/led-tri-proof-light.png\" alt=\"\" class=\"uag-image-1130\" width=\"300\" height=\"300\" title=\"led-tri-proof-light\" loading=\"lazy\" role=\"img\"><\/a><\/figure><\/div>\n<\/div>\n\n\n\n<div class=\"wp-block-uagb-container uagb-block-0fdfdd58\">\n<div class=\"wp-block-uagb-image uagb-block-1187d32d wp-block-uagb-image--layout-default wp-block-uagb-image--effect-static wp-block-uagb-image--align-none\"><figure class=\"wp-block-uagb-image__figure\"><a class=\"\" href=\"https:\/\/led.amasly.com\/cs\/products\/\" target=\"\" rel=\"noopener\"><img decoding=\"async\" srcset=\"https:\/\/led.amasly.com\/wp-content\/uploads\/2024\/07\/LED-street-light.jpg ,https:\/\/led.amasly.com\/wp-content\/uploads\/2024\/07\/LED-street-light.jpg 780w, https:\/\/led.amasly.com\/wp-content\/uploads\/2024\/07\/LED-street-light.jpg 360w\" sizes=\"auto, (max-width: 480px) 150px\" src=\"https:\/\/led.amasly.com\/wp-content\/uploads\/2024\/07\/LED-street-light.jpg\" alt=\"\" class=\"uag-image-1145\" width=\"300\" height=\"300\" title=\"Uli\u010dn\u00ed osv\u011btlen\u00ed LED\" loading=\"lazy\" role=\"img\"><\/a><\/figure><\/div>\n<\/div>\n<\/div><\/div>\n\n\n\n<div class=\"wp-block-uagb-container uagb-block-6a60882c alignfull uagb-is-root-container\"><div class=\"uagb-container-inner-blocks-wrap\">\n<div class=\"wp-block-uagb-container uagb-block-f1e91a35\">\n<h4 class=\"wp-block-heading has-text-align-center\"><a href=\"https:\/\/led.amasly.com\/cs\/products\/\">LED sv\u011btla pro zaplaven\u00ed<\/a><\/h4>\n<\/div>\n\n\n\n<div class=\"wp-block-uagb-container uagb-block-165bfa58\">\n<h4 class=\"wp-block-heading has-text-align-center\"><a href=\"https:\/\/led.amasly.com\/cs\/products\/\">LED Tri-Proof Tube Lights<\/a><\/h4>\n<\/div>\n\n\n\n<div class=\"wp-block-uagb-container uagb-block-f6096e3b\">\n<h4 class=\"wp-block-heading has-text-align-center\"><a href=\"https:\/\/led.amasly.com\/cs\/products\/\">Pouli\u010dn\u00ed osv\u011btlen\u00ed LED<\/a><\/h4>\n<\/div>\n<\/div><\/div>\n\n\n\n<div class=\"wp-block-uagb-container uagb-block-99c0e0a5 alignfull uagb-is-root-container\"><div class=\"uagb-container-inner-blocks-wrap\"><\/div><\/div>\n\n\n\n<p><\/p>","protected":false},"excerpt":{"rendered":"<p>What is the standard for explosion proof? International explosion proof&nbsp;standards are used to ensure that equipment used in hazardous environments, such as those where flammable gases, dusts or vapors are present, will not cause an explosion. These standards are recognized globally, with different regions having their own systems, but with the same core objective of [&hellip;]<\/p>\n","protected":false},"author":1,"featured_media":0,"parent":2374,"menu_order":0,"comment_status":"closed","ping_status":"closed","template":"","meta":{"_uag_custom_page_level_css":"","site-sidebar-layout":"no-sidebar","site-content-layout":"","ast-site-content-layout":"default","site-content-style":"default","site-sidebar-style":"default","ast-global-header-display":"","ast-banner-title-visibility":"","ast-main-header-display":"","ast-hfb-above-header-display":"","ast-hfb-below-header-display":"","ast-hfb-mobile-header-display":"","site-post-title":"disabled","ast-breadcrumbs-content":"","ast-featured-img":"","footer-sml-layout":"","ast-disable-related-posts":"","theme-transparent-header-meta":"enabled","adv-header-id-meta":"","stick-header-meta":"","header-above-stick-meta":"","header-main-stick-meta":"","header-below-stick-meta":"","astra-migrate-meta-layouts":"set","ast-page-background-enabled":"default","ast-page-background-meta":{"desktop":{"background-color":"var(--ast-global-color-4)","background-image":"","background-repeat":"repeat","background-position":"center center","background-size":"auto","background-attachment":"scroll","background-type":"","background-media":"","overlay-type":"","overlay-color":"","overlay-opacity":"","overlay-gradient":""},"tablet":{"background-color":"","background-image":"","background-repeat":"repeat","background-position":"center center","background-size":"auto","background-attachment":"scroll","background-type":"","background-media":"","overlay-type":"","overlay-color":"","overlay-opacity":"","overlay-gradient":""},"mobile":{"background-color":"","background-image":"","background-repeat":"repeat","background-position":"center center","background-size":"auto","background-attachment":"scroll","background-type":"","background-media":"","overlay-type":"","overlay-color":"","overlay-opacity":"","overlay-gradient":""}},"ast-content-background-meta":{"desktop":{"background-color":"var(--ast-global-color-5)","background-image":"","background-repeat":"repeat","background-position":"center center","background-size":"auto","background-attachment":"scroll","background-type":"","background-media":"","overlay-type":"","overlay-color":"","overlay-opacity":"","overlay-gradient":""},"tablet":{"background-color":"var(--ast-global-color-5)","background-image":"","background-repeat":"repeat","background-position":"center center","background-size":"auto","background-attachment":"scroll","background-type":"","background-media":"","overlay-type":"","overlay-color":"","overlay-opacity":"","overlay-gradient":""},"mobile":{"background-color":"var(--ast-global-color-5)","background-image":"","background-repeat":"repeat","background-position":"center center","background-size":"auto","background-attachment":"scroll","background-type":"","background-media":"","overlay-type":"","overlay-color":"","overlay-opacity":"","overlay-gradient":""}},"footnotes":""},"class_list":["post-3015","page","type-page","status-publish","hentry"],"uagb_featured_image_src":{"full":false,"thumbnail":false,"medium":false,"medium_large":false,"large":false,"1536x1536":false,"2048x2048":false,"trp-custom-language-flag":false},"uagb_author_info":{"display_name":"Joe","author_link":"https:\/\/led.amasly.com\/cs\/author\/jacklin\/"},"uagb_comment_info":0,"uagb_excerpt":"What is the standard for explosion proof? International explosion proof&nbsp;standards are used to ensure that equipment used in hazardous environments, such as those where flammable gases, dusts or vapors are present, will not cause an explosion. These standards are recognized globally, with different regions having their own systems, but with the same core objective of&hellip;","_links":{"self":[{"href":"https:\/\/led.amasly.com\/cs\/wp-json\/wp\/v2\/pages\/3015","targetHints":{"allow":["GET"]}}],"collection":[{"href":"https:\/\/led.amasly.com\/cs\/wp-json\/wp\/v2\/pages"}],"about":[{"href":"https:\/\/led.amasly.com\/cs\/wp-json\/wp\/v2\/types\/page"}],"author":[{"embeddable":true,"href":"https:\/\/led.amasly.com\/cs\/wp-json\/wp\/v2\/users\/1"}],"replies":[{"embeddable":true,"href":"https:\/\/led.amasly.com\/cs\/wp-json\/wp\/v2\/comments?post=3015"}],"version-history":[{"count":1,"href":"https:\/\/led.amasly.com\/cs\/wp-json\/wp\/v2\/pages\/3015\/revisions"}],"predecessor-version":[{"id":3018,"href":"https:\/\/led.amasly.com\/cs\/wp-json\/wp\/v2\/pages\/3015\/revisions\/3018"}],"up":[{"embeddable":true,"href":"https:\/\/led.amasly.com\/cs\/wp-json\/wp\/v2\/pages\/2374"}],"wp:attachment":[{"href":"https:\/\/led.amasly.com\/cs\/wp-json\/wp\/v2\/media?parent=3015"}],"curies":[{"name":"wp","href":"https:\/\/api.w.org\/{rel}","templated":true}]}}