{"id":3013,"date":"2025-04-09T21:24:55","date_gmt":"2025-04-09T13:24:55","guid":{"rendered":"https:\/\/led.amasly.com\/?page_id=3013"},"modified":"2025-04-09T21:24:59","modified_gmt":"2025-04-09T13:24:59","slug":"what-is-an-explosion-proof-flashlight","status":"publish","type":"page","link":"https:\/\/led.amasly.com\/cs\/knowledge\/explosion-proof-products-knowledge\/what-is-an-explosion-proof-flashlight\/","title":{"rendered":"Co je to sv\u00edtilna odoln\u00e1 proti v\u00fdbuchu?"},"content":{"rendered":"<div class=\"wp-block-uagb-container uagb-block-27bae773 alignfull uagb-is-root-container\"><div class=\"uagb-container-inner-blocks-wrap\"><\/div><\/div>\n\n\n\n<h2 class=\"wp-block-heading has-text-align-center\"><strong>Co je to sv\u00edtilna odoln\u00e1 proti v\u00fdbuchu?<\/strong><strong><\/strong><\/h2>\n\n\n\n<div class=\"wp-block-uagb-image uagb-block-da1360b5 wp-block-uagb-image--layout-default wp-block-uagb-image--effect-static wp-block-uagb-image--align-none\"><figure class=\"wp-block-uagb-image__figure\"><a class=\"\" href=\"https:\/\/led.amasly.com\/cs\/products\/\" target=\"\" rel=\"noopener\"><img decoding=\"async\" srcset=\"https:\/\/led.amasly.com\/wp-content\/uploads\/2025\/03\/explosion-proof-flashlights-explosion-proof-mobile-work-lights.jpg ,https:\/\/led.amasly.com\/wp-content\/uploads\/2025\/03\/explosion-proof-flashlights-explosion-proof-mobile-work-lights.jpg 780w, https:\/\/led.amasly.com\/wp-content\/uploads\/2025\/03\/explosion-proof-flashlights-explosion-proof-mobile-work-lights.jpg 360w\" sizes=\"auto, (max-width: 480px) 150px\" src=\"https:\/\/led.amasly.com\/wp-content\/uploads\/2025\/03\/explosion-proof-flashlights-explosion-proof-mobile-work-lights.jpg\" alt=\"\" class=\"uag-image-2770\" width=\"1004\" height=\"308\" title=\"nev\u00fdbu\u0161n\u00e9 sv\u00edtilny nev\u00fdbu\u0161n\u00e1 mobiln\u00ed pracovn\u00ed sv\u011btla\" loading=\"lazy\" role=\"img\"><\/a><\/figure><\/div>\n\n\n\n<p>Nev\u00fdbu\u0161n\u00e1 sv\u00edtilna je druh osv\u011btlovac\u00edho n\u00e1stroje ur\u010den\u00e9ho pro ho\u0159lav\u00e1 a v\u00fdbu\u0161n\u00e1 m\u00edsta, kter\u00fd se pou\u017e\u00edv\u00e1 hlavn\u011b v hasi\u010dsk\u00fdch, elektr\u00e1rensk\u00fdch, pr\u016fmyslov\u00fdch a d\u016fln\u00edch podnic\u00edch a na dal\u0161\u00edch ho\u0159lav\u00fdch a v\u00fdbu\u0161n\u00fdch m\u00edstech k zaji\u0161t\u011bn\u00ed mobiln\u00edho osv\u011btlen\u00ed. Pou\u017e\u00edv\u00e1 se v hasi\u010dstv\u00ed, elektroenergetice, pr\u016fmyslov\u00fdch a d\u016fln\u00edch podnic\u00edch a dal\u0161\u00edch ho\u0159lav\u00fdch a v\u00fdbu\u0161n\u00fdch m\u00edstech k zaji\u0161t\u011bn\u00ed mobiln\u00edho osv\u011btlovac\u00edho za\u0159\u00edzen\u00ed.<\/p>\n\n\n\n<h2 class=\"wp-block-heading\"><strong>Odolnost proti v\u00fdbuchu<\/strong><strong>&nbsp;klasifikace sv\u00edtilen:<\/strong><strong><\/strong><\/h2>\n\n\n\n<p>Nev\u00fdbu\u0161n\u00e1 sv\u00edtilna se d\u011bl\u00ed hlavn\u011b na nev\u00fdbu\u0161n\u00e9 a jiskrov\u011b bezpe\u010dn\u00e9 dv\u011b formy nev\u00fdbu\u0161n\u00fdch sv\u00edtilen, z nich\u017e jiskrov\u011b bezpe\u010dn\u00e1 nev\u00fdbu\u0161n\u00e1 sv\u00edtilna p\u0159edstavuje v\u00edce ne\u017e 90% na trhu.<\/p>\n\n\n\n<p>Sv\u00edtilna odoln\u00e1 proti v\u00fdbuchu prost\u0159ednictv\u00edm pl\u00e1\u0161t\u011b ut\u011bsn\u011bn\u00e9 konstrukce a siln\u011bj\u0161\u00edho materi\u00e1lu pl\u00e1\u0161t\u011b, kter\u00fd zaji\u0161\u0165uje \u00faplnou izolaci od vn\u011bj\u0161\u00edho prost\u0159ed\u00ed, sp\u00edna\u010d je obvykle magnetick\u00fd sp\u00edna\u010d nebo oto\u010dn\u00fd sp\u00edna\u010d, kter\u00fd spl\u0148uje pot\u0159eby jednod\u00edln\u00e9 konstrukce odoln\u00e9 proti v\u00fdbuchu.<\/p>\n\n\n\n<p>Jiskrov\u011b bezpe\u010dn\u00e1 nev\u00fdbu\u0161n\u00e1 sv\u00edtilna je hlavn\u011b d\u00edky konstrukci veden\u00ed a baterie dosa\u017eeno \u00farovn\u011b bezpe\u010dnosti, pl\u00e1\u0161\u0165 hraje hlavn\u011b z\u00e1kladn\u00ed ochrannou roli.<\/p>\n\n\n\n<p>Jiskrov\u011b bezpe\u010dn\u00e1 sv\u00edtilna odoln\u00e1 proti v\u00fdbuchu m\u00e1 nav\u00edc ochranu proti zp\u011btn\u00e9mu p\u0159ipojen\u00ed, ochranu proti p\u0159ebit\u00ed, ochranu proti nadm\u011brn\u00e9mu vybit\u00ed, ochranu proti zkratu a dvojitou ochranu proti zkratu baterie a dal\u0161\u00ed elektrick\u00e9 funkce, tak\u017ee v\u00fdrobek je bezpe\u010dn\u00fd a funk\u010dn\u011b bohat\u00fd.<\/p>\n\n\n\n<h2 class=\"wp-block-heading\"><strong>Rozd\u00edl mezi <\/strong><strong>Odolnost proti v\u00fdbuchu<\/strong><strong>&nbsp;sv\u00edtilny a oby\u010dejn\u00e9 sv\u00edtilny se odr\u00e1\u017e\u00ed p\u0159edev\u0161\u00edm v n\u00e1sleduj\u00edc\u00edch aspektech:<\/strong><strong><\/strong><\/h2>\n\n\n\n<h3 class=\"wp-block-heading\"><strong>1. bezpe\u010dnostn\u00ed v\u00fdkon<\/strong><strong><\/strong><\/h3>\n\n\n\n<p>Konstrukce sv\u00edtilny odoln\u00e9 proti v\u00fdbuchu se zam\u011b\u0159uje na bezpe\u010dnost pou\u017eit\u00ed v ho\u0159lav\u00e9m a v\u00fdbu\u0161n\u00e9m prost\u0159ed\u00ed, na jej\u00ed vnit\u0159n\u00ed strukturu a v\u00fdb\u011br materi\u00e1lu, aby se zabr\u00e1nilo jisk\u0159en\u00ed, oblouk\u016fm nebo povrch\u016fm s vysokou teplotou, aby se zabr\u00e1nilo v\u00fdbuch\u016fm zp\u016fsoben\u00fdm v\u00fdbu\u0161n\u00fdmi plyny, parami nebo prachem v prost\u0159ed\u00ed.<\/p>\n\n\n\n<p>B\u011b\u017en\u00e9 sv\u00edtilny obvykle nemaj\u00ed tyto funkce odoln\u00e9 proti v\u00fdbuchu.<\/p>\n\n\n\n<h3 class=\"wp-block-heading\"><strong>2. Materi\u00e1l a struktura<\/strong><strong><\/strong><\/h3>\n\n\n\n<p>Nev\u00fdbu\u0161n\u00e9 sv\u00edtilny jsou obvykle vyrobeny z materi\u00e1l\u016f odoln\u00fdch proti v\u00fdbuchu, ohni, korozi, vysok\u00fdm a n\u00edzk\u00fdm teplot\u00e1m, kter\u00e9 zvy\u0161uj\u00ed jejich odolnost proti pov\u011btrnostn\u00edm vliv\u016fm a trvanlivost v n\u00e1ro\u010dn\u00fdch podm\u00ednk\u00e1ch.<\/p>\n\n\n\n<p>B\u011b\u017en\u00e9 sv\u00edtilny jsou vyrobeny z r\u016fzn\u00fdch materi\u00e1l\u016f a nemaj\u00ed vlastnosti odoln\u00e9 proti v\u00fdbuchu.<\/p>\n\n\n\n<h3 class=\"wp-block-heading\"><strong>3. Baterie a obvody<\/strong><strong><\/strong><\/h3>\n\n\n\n<p>Baterie a obvody pou\u017e\u00edvan\u00e9 v nev\u00fdbu\u0161n\u00fdch sv\u00edtiln\u00e1ch jsou speci\u00e1ln\u011b navr\u017eeny a zpracov\u00e1ny tak, aby v extr\u00e9mn\u00edch podm\u00ednk\u00e1ch zabr\u00e1nily nebezpe\u010dn\u00fdm situac\u00edm, jako je zkrat, ho\u0159en\u00ed nebo v\u00fdbuch. Z\u00e1rove\u0148 jsou vybaveny ochrann\u00fdmi opat\u0159en\u00edmi proti nadproudu, p\u0159ep\u011bt\u00ed a p\u0159eh\u0159\u00e1t\u00ed, kter\u00e1 zaji\u0161\u0165uj\u00ed bezpe\u010dn\u00fd provoz baterie a obvodu.<\/p>\n\n\n\n<p>Baterie a obvody b\u011b\u017en\u00fdch sv\u00edtilen jsou pom\u011brn\u011b jednoduch\u00e9 a nemaj\u00ed tyto speci\u00e1ln\u00ed bezpe\u010dnostn\u00ed konstrukce.<\/p>\n\n\n\n<h3 class=\"wp-block-heading\"><strong>4. Vodot\u011bsnost a prachot\u011bsnost<\/strong><strong><\/strong><\/h3>\n\n\n\n<p>Nev\u00fdbu\u0161n\u00e9 sv\u00edtilny maj\u00ed zpravidla vy\u0161\u0161\u00ed stupe\u0148 vodot\u011bsnosti a prachot\u011bsnosti a lze je pou\u017e\u00edvat v n\u00e1ro\u010dn\u011bj\u0161\u00edch prost\u0159ed\u00edch, jako je stupe\u0148 kryt\u00ed IP67 nebo IP68, mohou b\u00fdt pod vodou nebo v pra\u0161n\u00e9m prost\u0159ed\u00ed, aby byl zachov\u00e1n jejich norm\u00e1ln\u00ed provoz.<\/p>\n\n\n\n<p>B\u011b\u017en\u00e9 sv\u00edtilny nemaj\u00ed jasn\u00e9 po\u017eadavky a v\u011bt\u0161ina z nich nem\u00e1 po\u017eadavky na vodot\u011bsnost a prachot\u011bsnost.<\/p>\n\n\n\n<h3 class=\"wp-block-heading\"><strong>5. Certifika\u010dn\u00ed normy<\/strong><strong><\/strong><\/h3>\n\n\n\n<p>Sv\u00edtilny odoln\u00e9 proti v\u00fdbuchu mus\u00ed proj\u00edt specifickou certifikac\u00ed odolnosti proti v\u00fdbuchu, nap\u0159\u00edklad \u010d\u00ednskou certifikac\u00ed Ex nebo mezin\u00e1rodn\u00ed certifikac\u00ed ATEX, <a href=\"http:\/\/www.iecex-certs.com\/\" rel=\"nofollow noopener\" target=\"_blank\">Certifikace IECEx<\/a>, atd., aby bylo zaji\u0161t\u011bno, \u017ee je lze bezpe\u010dn\u011b pou\u017e\u00edvat ve stanoven\u00e9m nebezpe\u010dn\u00e9m prost\u0159ed\u00ed.<\/p>\n\n\n\n<p>B\u011b\u017en\u00e9 sv\u00edtilny tyto speci\u00e1ln\u00ed certifikace nevy\u017eaduj\u00ed.<\/p>\n\n\n\n<h3 class=\"wp-block-heading\"><strong>6. Prost\u0159ed\u00ed pou\u017eit\u00ed<\/strong><strong><\/strong><\/h3>\n\n\n\n<p>Nev\u00fdbu\u0161n\u00e9 sv\u00edtilny se pou\u017e\u00edvaj\u00ed hlavn\u011b v ho\u0159lav\u00fdch a v\u00fdbu\u0161n\u00fdch prost\u0159ed\u00edch, jako jsou petrochemick\u00e9 z\u00e1vody, ropn\u00e9 sklady, uheln\u00e9 doly a dal\u0161\u00ed m\u00edsta. V t\u011bchto prost\u0159ed\u00edch m\u016f\u017ee pou\u017e\u00edv\u00e1n\u00ed b\u011b\u017en\u00fdch sv\u00edtilen zp\u016fsobit bezpe\u010dnostn\u00ed nehody, zat\u00edmco nev\u00fdbu\u0161n\u00e9 sv\u00edtilny mohou toto riziko \u00fa\u010dinn\u011b sn\u00ed\u017eit.<\/p>\n\n\n\n<p>Oby\u010dejn\u00e9 sv\u00edtilny jsou naopak vhodn\u00e9 pro b\u011b\u017en\u00e9 \u017eivotn\u00ed a pracovn\u00ed prost\u0159ed\u00ed, jako jsou dom\u00e1cnosti, kancel\u00e1\u0159e, venkovn\u00ed aktivity apod.<\/p>\n\n\n\n<p>Souhrnn\u011b lze \u0159\u00edci, \u017ee nev\u00fdbu\u0161n\u00e9 sv\u00edtilny jsou ur\u010deny do speci\u00e1ln\u00edch a rizikov\u00fdch prost\u0159ed\u00ed s v\u00fdrazn\u011bj\u0161\u00edmi bezpe\u010dnostn\u00edmi a ochrann\u00fdmi funkcemi, zat\u00edmco b\u011b\u017en\u00e9 sv\u00edtilny se zam\u011b\u0159uj\u00ed sp\u00ed\u0161e na obecn\u00e9 osv\u011btlen\u00ed a pohodln\u00e9 p\u0159en\u00e1\u0161en\u00ed a dal\u0161\u00ed funkce.<\/p>\n\n\n\n<p>P\u0159i v\u00fdb\u011bru sv\u00edtilny byste m\u011bli zvolit spr\u00e1vn\u00fd typ podle konkr\u00e9tn\u00edho prost\u0159ed\u00ed a pot\u0159eb, abyste zajistili bezpe\u010dnost a v\u00fdkon.<\/p>\n\n\n\n<p>Sv\u00edtilna Amasly Explosion proof je nejen vodot\u011bsn\u00e1 a odoln\u00e1 proti n\u00e1razu, ale tak\u00e9 pou\u017e\u00edv\u00e1 pl\u00e1\u0161\u0165 z vysoce tvrd\u00e9 slitiny a m\u00e1 konstrukci odolnou proti p\u00e1du. To j\u00ed umo\u017e\u0148uje zachovat stabiln\u00ed provoz i v drsn\u011bj\u0161\u00edch podm\u00ednk\u00e1ch prost\u0159ed\u00ed.<\/p>\n\n\n\n<p class=\"has-text-align-left\">Jeho hlavn\u00ed sou\u010d\u00e1st\u00ed je LED sv\u011bteln\u00fd zdroj, kter\u00fd nejen \u0161et\u0159\u00ed energii, m\u00e1 dlouhou \u017eivotnost, ale tak\u00e9 vynikaj\u00edc\u00ed jas. Na t\u011ble nebo v\u00fdrobn\u00edm \u0161t\u00edtku sv\u00edtilny odoln\u00e9 proti v\u00fdbuchu uvid\u00edte n\u00e1padn\u00e9 ozna\u010den\u00ed odolnosti proti v\u00fdbuchu, jako nap\u0159. <a href=\"http:\/\/www.iecex-certs.com\/\" rel=\"nofollow noopener\" target=\"_blank\">ExdIIBT4 Gb<\/a>, kter\u00e1 p\u0159edstavuje odolnost v\u00fdrobku proti v\u00fdbuchu. Pokud se pou\u017e\u00edv\u00e1 v p\u0159\u00edtomnosti vod\u00edku, acetylenu, disulfidu uhl\u00edku a v jin\u00fdch speci\u00e1ln\u00edch prost\u0159ed\u00edch, je t\u0159eba pro zaji\u0161t\u011bn\u00ed bezpe\u010dnosti zvolit vy\u0161\u0161\u00ed \u00farove\u0148 ozna\u010den\u00ed nev\u00fdbu\u0161nosti, nap\u0159\u00edklad ExdIICT6.<\/p>\n\n\n\n<div class=\"wp-block-uagb-container uagb-block-c7d898dd alignfull uagb-is-root-container\"><div class=\"uagb-container-inner-blocks-wrap\"><\/div><\/div>\n\n\n\n<h2 class=\"wp-block-heading\">Souvisej\u00edc\u00ed produkty<\/h2>\n\n\n\n<div class=\"wp-block-uagb-container uagb-block-66e4defc alignfull uagb-is-root-container\"><div class=\"uagb-container-inner-blocks-wrap\">\n<div class=\"wp-block-uagb-container uagb-block-a42945f9\">\n<div class=\"wp-block-uagb-image uagb-block-7296296b wp-block-uagb-image--layout-default wp-block-uagb-image--effect-static wp-block-uagb-image--align-none\"><figure class=\"wp-block-uagb-image__figure\"><a class=\"\" href=\"https:\/\/led.amasly.com\/cs\/products\/\" target=\"\" rel=\"noopener\"><img decoding=\"async\" srcset=\"https:\/\/led.amasly.com\/wp-content\/uploads\/2024\/09\/Explosion-proof-high-bay-lights.png ,https:\/\/led.amasly.com\/wp-content\/uploads\/2024\/09\/Explosion-proof-high-bay-lights.png 780w, https:\/\/led.amasly.com\/wp-content\/uploads\/2024\/09\/Explosion-proof-high-bay-lights.png 360w\" sizes=\"auto, (max-width: 480px) 150px\" src=\"https:\/\/led.amasly.com\/wp-content\/uploads\/2024\/09\/Explosion-proof-high-bay-lights.png\" alt=\"\" class=\"uag-image-1495\" width=\"300\" height=\"300\" title=\"Nev\u00fdbu\u0161n\u00e1 sv\u00edtidla s vysokou odolnost\u00ed proti v\u00fdbuchu\" loading=\"lazy\" role=\"img\"><\/a><\/figure><\/div>\n<\/div>\n\n\n\n<div class=\"wp-block-uagb-container uagb-block-4d3efde5\">\n<div class=\"wp-block-uagb-image uagb-block-c9e90797 wp-block-uagb-image--layout-default wp-block-uagb-image--effect-static wp-block-uagb-image--align-none\"><figure class=\"wp-block-uagb-image__figure\"><a class=\"\" href=\"https:\/\/led.amasly.com\/cs\/products\/\" target=\"\" rel=\"noopener\"><img decoding=\"async\" srcset=\"https:\/\/led.amasly.com\/wp-content\/uploads\/2024\/07\/LED-tri-proof-lights2.png ,https:\/\/led.amasly.com\/wp-content\/uploads\/2024\/07\/LED-tri-proof-lights2.png 780w, https:\/\/led.amasly.com\/wp-content\/uploads\/2024\/07\/LED-tri-proof-lights2.png 360w\" sizes=\"auto, (max-width: 480px) 150px\" src=\"https:\/\/led.amasly.com\/wp-content\/uploads\/2024\/07\/LED-tri-proof-lights2.png\" alt=\"\" class=\"uag-image-1132\" width=\"300\" height=\"300\" title=\"LED-tri-proof-sv\u011btla2\" loading=\"lazy\" role=\"img\"><\/a><\/figure><\/div>\n<\/div>\n\n\n\n<div class=\"wp-block-uagb-container uagb-block-11c2578b\">\n<div class=\"wp-block-uagb-image uagb-block-6e8883aa wp-block-uagb-image--layout-default wp-block-uagb-image--effect-static wp-block-uagb-image--align-none\"><figure class=\"wp-block-uagb-image__figure\"><a class=\"\" href=\"https:\/\/led.amasly.com\/cs\/products\/\" target=\"\" rel=\"noopener\"><img decoding=\"async\" srcset=\"https:\/\/led.amasly.com\/wp-content\/uploads\/2024\/09\/LED-Explosion-Proof-Gas-Station-Light.png ,https:\/\/led.amasly.com\/wp-content\/uploads\/2024\/09\/LED-Explosion-Proof-Gas-Station-Light.png 780w, https:\/\/led.amasly.com\/wp-content\/uploads\/2024\/09\/LED-Explosion-Proof-Gas-Station-Light.png 360w\" sizes=\"auto, (max-width: 480px) 150px\" src=\"https:\/\/led.amasly.com\/wp-content\/uploads\/2024\/09\/LED-Explosion-Proof-Gas-Station-Light.png\" alt=\"\" class=\"uag-image-1501\" width=\"300\" height=\"300\" title=\"LED sv\u011btlo pro \u010derpac\u00ed stanice s ochranou proti v\u00fdbuchu\" loading=\"lazy\" role=\"img\"><\/a><\/figure><\/div>\n<\/div>\n<\/div><\/div>\n\n\n\n<div class=\"wp-block-uagb-container uagb-block-548945b5 alignfull uagb-is-root-container\"><div class=\"uagb-container-inner-blocks-wrap\">\n<div class=\"wp-block-uagb-container uagb-block-967755d5\">\n<h4 class=\"wp-block-heading has-text-align-center\"><a href=\"https:\/\/led.amasly.com\/cs\/products\/\">Sv\u011btla LED odoln\u00e1 proti v\u00fdbuchu<\/a><\/h4>\n<\/div>\n\n\n\n<div class=\"wp-block-uagb-container uagb-block-9bc52fc2\">\n<h4 class=\"wp-block-heading has-text-align-center\"><a href=\"https:\/\/led.amasly.com\/cs\/products\/\">Trojit\u00e1 ochrann\u00e1 sv\u011btla LED<\/a><\/h4>\n<\/div>\n\n\n\n<div class=\"wp-block-uagb-container uagb-block-8ffa0a23\">\n<h4 class=\"wp-block-heading has-text-align-center\"><a href=\"https:\/\/led.amasly.com\/cs\/products\/\">Sv\u011btla \u010derpac\u00edch stanic odoln\u00e1 proti v\u00fdbuchu<\/a><\/h4>\n<\/div>\n<\/div><\/div>\n\n\n\n<div class=\"wp-block-uagb-container uagb-block-29499fe0 alignfull uagb-is-root-container\"><div class=\"uagb-container-inner-blocks-wrap\">\n<div class=\"wp-block-uagb-container uagb-block-777ee1c7\">\n<div class=\"wp-block-uagb-image uagb-block-2e9a1851 wp-block-uagb-image--layout-default wp-block-uagb-image--effect-static wp-block-uagb-image--align-none\"><figure class=\"wp-block-uagb-image__figure\"><a class=\"\" href=\"https:\/\/led.amasly.com\/cs\/products\/\" target=\"\" rel=\"noopener\"><img decoding=\"async\" srcset=\"https:\/\/led.amasly.com\/wp-content\/uploads\/2024\/10\/50W-100W-150W-200W-300W-LED-Flood-Light.jpg ,https:\/\/led.amasly.com\/wp-content\/uploads\/2024\/10\/50W-100W-150W-200W-300W-LED-Flood-Light.jpg 780w, https:\/\/led.amasly.com\/wp-content\/uploads\/2024\/10\/50W-100W-150W-200W-300W-LED-Flood-Light.jpg 360w\" sizes=\"auto, (max-width: 480px) 150px\" src=\"https:\/\/led.amasly.com\/wp-content\/uploads\/2024\/10\/50W-100W-150W-200W-300W-LED-Flood-Light.jpg\" alt=\"\" class=\"uag-image-1526\" width=\"300\" height=\"300\" title=\"50W 100W 150W 200W 300W LED z\u00e1plavov\u00e9 sv\u011btlo\" loading=\"lazy\" role=\"img\"><\/a><\/figure><\/div>\n<\/div>\n\n\n\n<div class=\"wp-block-uagb-container uagb-block-af8c8683\">\n<div class=\"wp-block-uagb-image uagb-block-67947854 wp-block-uagb-image--layout-default wp-block-uagb-image--effect-static wp-block-uagb-image--align-none\"><figure class=\"wp-block-uagb-image__figure\"><a class=\"\" href=\"https:\/\/led.amasly.com\/cs\/products\/\" target=\"\" rel=\"noopener\"><img decoding=\"async\" srcset=\"https:\/\/led.amasly.com\/wp-content\/uploads\/2024\/07\/led-tri-proof-light.png ,https:\/\/led.amasly.com\/wp-content\/uploads\/2024\/07\/led-tri-proof-light.png 780w, https:\/\/led.amasly.com\/wp-content\/uploads\/2024\/07\/led-tri-proof-light.png 360w\" sizes=\"auto, (max-width: 480px) 150px\" src=\"https:\/\/led.amasly.com\/wp-content\/uploads\/2024\/07\/led-tri-proof-light.png\" alt=\"\" class=\"uag-image-1130\" width=\"300\" height=\"300\" title=\"led-tri-proof-light\" loading=\"lazy\" role=\"img\"><\/a><\/figure><\/div>\n<\/div>\n\n\n\n<div class=\"wp-block-uagb-container uagb-block-0fdfdd58\">\n<div class=\"wp-block-uagb-image uagb-block-1187d32d wp-block-uagb-image--layout-default wp-block-uagb-image--effect-static wp-block-uagb-image--align-none\"><figure class=\"wp-block-uagb-image__figure\"><a class=\"\" href=\"https:\/\/led.amasly.com\/cs\/products\/\" target=\"\" rel=\"noopener\"><img decoding=\"async\" srcset=\"https:\/\/led.amasly.com\/wp-content\/uploads\/2024\/07\/LED-street-light.jpg ,https:\/\/led.amasly.com\/wp-content\/uploads\/2024\/07\/LED-street-light.jpg 780w, https:\/\/led.amasly.com\/wp-content\/uploads\/2024\/07\/LED-street-light.jpg 360w\" sizes=\"auto, (max-width: 480px) 150px\" src=\"https:\/\/led.amasly.com\/wp-content\/uploads\/2024\/07\/LED-street-light.jpg\" alt=\"\" class=\"uag-image-1145\" width=\"300\" height=\"300\" title=\"Uli\u010dn\u00ed osv\u011btlen\u00ed LED\" loading=\"lazy\" role=\"img\"><\/a><\/figure><\/div>\n<\/div>\n<\/div><\/div>\n\n\n\n<div class=\"wp-block-uagb-container uagb-block-6a60882c alignfull uagb-is-root-container\"><div class=\"uagb-container-inner-blocks-wrap\">\n<div class=\"wp-block-uagb-container uagb-block-f1e91a35\">\n<h4 class=\"wp-block-heading has-text-align-center\"><a href=\"https:\/\/led.amasly.com\/cs\/products\/\">LED sv\u011btla pro zaplaven\u00ed<\/a><\/h4>\n<\/div>\n\n\n\n<div class=\"wp-block-uagb-container uagb-block-165bfa58\">\n<h4 class=\"wp-block-heading has-text-align-center\"><a href=\"https:\/\/led.amasly.com\/cs\/products\/\">LED Tri-Proof Tube Lights<\/a><\/h4>\n<\/div>\n\n\n\n<div class=\"wp-block-uagb-container uagb-block-f6096e3b\">\n<h4 class=\"wp-block-heading has-text-align-center\"><a href=\"https:\/\/led.amasly.com\/cs\/products\/\">Pouli\u010dn\u00ed osv\u011btlen\u00ed LED<\/a><\/h4>\n<\/div>\n<\/div><\/div>\n\n\n\n<div class=\"wp-block-uagb-container uagb-block-99c0e0a5 alignfull uagb-is-root-container\"><div class=\"uagb-container-inner-blocks-wrap\"><\/div><\/div>\n\n\n\n<p><\/p>","protected":false},"excerpt":{"rendered":"<p>What is an explosion proof flashlight? Explosion proof flashlight is a kind of lighting tool designed for flammable and explosive places, mainly used in fire fighting, electric power, industrial and mining enterprises and other flammable and explosive places to provide mobile lighting. It is used for firefighting, electric power, industrial and mining enterprises and other [&hellip;]<\/p>\n","protected":false},"author":1,"featured_media":0,"parent":2374,"menu_order":0,"comment_status":"closed","ping_status":"closed","template":"","meta":{"_uag_custom_page_level_css":"","site-sidebar-layout":"no-sidebar","site-content-layout":"","ast-site-content-layout":"default","site-content-style":"default","site-sidebar-style":"default","ast-global-header-display":"","ast-banner-title-visibility":"","ast-main-header-display":"","ast-hfb-above-header-display":"","ast-hfb-below-header-display":"","ast-hfb-mobile-header-display":"","site-post-title":"disabled","ast-breadcrumbs-content":"","ast-featured-img":"","footer-sml-layout":"","ast-disable-related-posts":"","theme-transparent-header-meta":"enabled","adv-header-id-meta":"","stick-header-meta":"","header-above-stick-meta":"","header-main-stick-meta":"","header-below-stick-meta":"","astra-migrate-meta-layouts":"set","ast-page-background-enabled":"default","ast-page-background-meta":{"desktop":{"background-color":"var(--ast-global-color-4)","background-image":"","background-repeat":"repeat","background-position":"center center","background-size":"auto","background-attachment":"scroll","background-type":"","background-media":"","overlay-type":"","overlay-color":"","overlay-opacity":"","overlay-gradient":""},"tablet":{"background-color":"","background-image":"","background-repeat":"repeat","background-position":"center center","background-size":"auto","background-attachment":"scroll","background-type":"","background-media":"","overlay-type":"","overlay-color":"","overlay-opacity":"","overlay-gradient":""},"mobile":{"background-color":"","background-image":"","background-repeat":"repeat","background-position":"center center","background-size":"auto","background-attachment":"scroll","background-type":"","background-media":"","overlay-type":"","overlay-color":"","overlay-opacity":"","overlay-gradient":""}},"ast-content-background-meta":{"desktop":{"background-color":"var(--ast-global-color-5)","background-image":"","background-repeat":"repeat","background-position":"center center","background-size":"auto","background-attachment":"scroll","background-type":"","background-media":"","overlay-type":"","overlay-color":"","overlay-opacity":"","overlay-gradient":""},"tablet":{"background-color":"var(--ast-global-color-5)","background-image":"","background-repeat":"repeat","background-position":"center center","background-size":"auto","background-attachment":"scroll","background-type":"","background-media":"","overlay-type":"","overlay-color":"","overlay-opacity":"","overlay-gradient":""},"mobile":{"background-color":"var(--ast-global-color-5)","background-image":"","background-repeat":"repeat","background-position":"center center","background-size":"auto","background-attachment":"scroll","background-type":"","background-media":"","overlay-type":"","overlay-color":"","overlay-opacity":"","overlay-gradient":""}},"footnotes":""},"class_list":["post-3013","page","type-page","status-publish","hentry"],"uagb_featured_image_src":{"full":false,"thumbnail":false,"medium":false,"medium_large":false,"large":false,"1536x1536":false,"2048x2048":false,"trp-custom-language-flag":false},"uagb_author_info":{"display_name":"Joe","author_link":"https:\/\/led.amasly.com\/cs\/author\/jacklin\/"},"uagb_comment_info":0,"uagb_excerpt":"What is an explosion proof flashlight? Explosion proof flashlight is a kind of lighting tool designed for flammable and explosive places, mainly used in fire fighting, electric power, industrial and mining enterprises and other flammable and explosive places to provide mobile lighting. It is used for firefighting, electric power, industrial and mining enterprises and other&hellip;","_links":{"self":[{"href":"https:\/\/led.amasly.com\/cs\/wp-json\/wp\/v2\/pages\/3013","targetHints":{"allow":["GET"]}}],"collection":[{"href":"https:\/\/led.amasly.com\/cs\/wp-json\/wp\/v2\/pages"}],"about":[{"href":"https:\/\/led.amasly.com\/cs\/wp-json\/wp\/v2\/types\/page"}],"author":[{"embeddable":true,"href":"https:\/\/led.amasly.com\/cs\/wp-json\/wp\/v2\/users\/1"}],"replies":[{"embeddable":true,"href":"https:\/\/led.amasly.com\/cs\/wp-json\/wp\/v2\/comments?post=3013"}],"version-history":[{"count":1,"href":"https:\/\/led.amasly.com\/cs\/wp-json\/wp\/v2\/pages\/3013\/revisions"}],"predecessor-version":[{"id":3020,"href":"https:\/\/led.amasly.com\/cs\/wp-json\/wp\/v2\/pages\/3013\/revisions\/3020"}],"up":[{"embeddable":true,"href":"https:\/\/led.amasly.com\/cs\/wp-json\/wp\/v2\/pages\/2374"}],"wp:attachment":[{"href":"https:\/\/led.amasly.com\/cs\/wp-json\/wp\/v2\/media?parent=3013"}],"curies":[{"name":"wp","href":"https:\/\/api.w.org\/{rel}","templated":true}]}}