{"id":2985,"date":"2025-04-08T21:37:08","date_gmt":"2025-04-08T13:37:08","guid":{"rendered":"https:\/\/led.amasly.com\/?page_id=2985"},"modified":"2025-04-08T21:38:04","modified_gmt":"2025-04-08T13:38:04","slug":"how-many-hours-can-led-lights-stay-on-%ef%bc%9f","status":"publish","type":"page","link":"https:\/\/led.amasly.com\/cs\/knowledge\/explosion-proof-products-knowledge\/how-many-hours-can-led-lights-stay-on-%ef%bc%9f\/","title":{"rendered":"Kolik hodin vydr\u017e\u00ed sv\u00edtit sv\u011btla LED\uff1f"},"content":{"rendered":"<div class=\"wp-block-uagb-container uagb-block-27bae773 alignfull uagb-is-root-container\"><div class=\"uagb-container-inner-blocks-wrap\"><\/div><\/div>\n\n\n\n<h2 class=\"wp-block-heading has-text-align-left\"><strong>Kolik hodin vydr\u017e\u00ed LED sv\u011btla sv\u00edtit?<\/strong><strong><\/strong><\/h2>\n\n\n\n<div class=\"wp-block-uagb-image uagb-block-da1360b5 wp-block-uagb-image--layout-default wp-block-uagb-image--effect-static wp-block-uagb-image--align-none\"><figure class=\"wp-block-uagb-image__figure\"><a class=\"\" href=\"https:\/\/led.amasly.com\/cs\/products\/\" target=\"\" rel=\"noopener\"><img decoding=\"async\" srcset=\"https:\/\/led.amasly.com\/wp-content\/uploads\/2025\/04\/UFO-high-bay-light.png ,https:\/\/led.amasly.com\/wp-content\/uploads\/2025\/04\/UFO-high-bay-light.png 780w, https:\/\/led.amasly.com\/wp-content\/uploads\/2025\/04\/UFO-high-bay-light.png 360w\" sizes=\"auto, (max-width: 480px) 150px\" src=\"https:\/\/led.amasly.com\/wp-content\/uploads\/2025\/04\/UFO-high-bay-light.png\" alt=\"\" class=\"uag-image-2947\" width=\"1004\" height=\"308\" title=\"UFO high bay light\" loading=\"lazy\" role=\"img\"><\/a><\/figure><\/div>\n\n\n\n<h2 class=\"wp-block-heading\"><strong>Nep\u0159etr\u017eit\u00e1 \u017eivotnost LED \u017e\u00e1rovek k prozkoum\u00e1n\u00ed <\/strong><\/h2>\n\n\n\n<p>U b\u011b\u017en\u00fdch dom\u00e1c\u00edch dekorac\u00ed v podob\u011b LED \u017e\u00e1rovek a sv\u00edtilen n\u00e1s \u010dasto zaj\u00edm\u00e1, jak dlouho vydr\u017e\u00ed sv\u00edtit. Obecn\u011b lze \u0159\u00edci, \u017ee pr\u016fm\u011brn\u00e1 \u017eivotnost LED \u017e\u00e1rovek pro dom\u00e1cnost na trhu je v\u00edce ne\u017e 10 000 hodin.<\/p>\n\n\n\n<p>Za p\u0159edpokladu, \u017ee budeme sv\u00edtit 8 hodin denn\u011b, mohou tyto lampy teoreticky sv\u00edtit nejm\u00e9n\u011b 3 roky. Zde je v\u0161ak t\u0159eba podotknout, \u017ee zm\u00edn\u011bn\u00e1 \u017eivotnost se t\u00fdk\u00e1 hlavn\u011b LED \u017e\u00e1rovek, kter\u00e9 mohou norm\u00e1ln\u011b sv\u00edtit po ur\u010ditou dobu.<\/p>\n\n\n\n<p>V\u011bt\u0161ina zna\u010dek LED osv\u011btlen\u00ed nab\u00edz\u00ed spot\u0159ebitel\u016fm t\u0159\u00edletou z\u00e1ruku. Pokud se \u017e\u00e1rovky p\u0159i b\u011b\u017en\u00e9m pou\u017e\u00edv\u00e1n\u00ed nerozsv\u00edt\u00ed, mohou spot\u0159ebitel\u00e9 obvykle vyu\u017e\u00edt bezplatn\u00fdch slu\u017eeb v\u00fdm\u011bny. I to sv\u011bd\u010d\u00ed o tom, \u017ee tato sv\u00edtidla jsou stabiln\u00ed minim\u00e1ln\u011b po dobu del\u0161\u00ed ne\u017e 3 roky.<\/p>\n\n\n\n<p>N\u011bkter\u00e9 zna\u010dky sv\u00edtidel nab\u00edzej\u00ed dokonce a\u017e 10 let z\u00e1ru\u010dn\u00edho servisu, p\u0159i\u010dem\u017e jejich v\u00fdhodou je mimo\u0159\u00e1dn\u011b dlouh\u00e1 \u017eivotnost.<\/p>\n\n\n\n<h3 class=\"wp-block-heading\">\u00da\u010dinky nep\u0159etr\u017eit\u00e9ho sv\u00edcen\u00ed:<\/h3>\n\n\n\n<p>Pokud jde o dopad neust\u00e1l\u00e9ho zap\u00edn\u00e1n\u00ed sv\u011btla, m\u011bli bychom v\u011bd\u011bt, \u017ee dom\u00e1c\u00ed LED lampy byly navr\u017eeny s ohledem na dlouhodob\u00e9 pou\u017e\u00edv\u00e1n\u00ed. Proto pokud nen\u00ed st\u00e1le vypnut\u00e9, m\u00e1 nep\u0159etr\u017eit\u00e9 sv\u00edcen\u00ed na celkovou \u017eivotnost lamp a sv\u00edtidel jen mal\u00fd vliv.<\/p>\n\n\n\n<p>Pokud v\u0161ak sv\u011btlo nen\u00ed po dlouhou dobu vypnuto, objev\u00ed se probl\u00e9m s rozptylem tepla. \u0160patn\u00fd rozptyl tepla povede ke zrychlen\u00e9mu st\u00e1rnut\u00ed kuli\u010dek lampy, co\u017e bude m\u00edt dlouhodob\u00fd vliv na jas lamp a sv\u00edtilen.<\/p>\n\n\n\n<p>\u010casto se setk\u00e1v\u00e1me s t\u00edm, \u017ee n\u011bkter\u00e9 LED lampy a sv\u00edtilny po ur\u010dit\u00e9 dob\u011b zjevn\u011b zesl\u00e1bnou, co\u017e se naz\u00fdv\u00e1 jev rozpadu sv\u011btla. Pro dom\u00e1c\u00ed pou\u017eit\u00ed po\u017eadujeme nejen jasn\u00e9 sv\u011btlo, ale tak\u00e9 douf\u00e1me, \u017ee kvalita sv\u011btla z\u016fstane stabiln\u00ed.<\/p>\n\n\n\n<p>Proto jsou konstrukce rozptylu tepla a kvalita ovlada\u010d\u016f sv\u011bteln\u00fdch zdroj\u016f a sv\u00edtilen z\u00e1sadn\u00ed a p\u0159\u00edmo ovliv\u0148uj\u00ed m\u00edru \u00fabytku sv\u011btla.<\/p>\n\n\n\n<figure class=\"wp-block-image alignwide size-full\"><img decoding=\"async\" width=\"720\" height=\"399\" src=\"https:\/\/led.amasly.com\/wp-content\/uploads\/2025\/04\/How-many-hours-can-LED-lights-stay-on.png\" alt=\"\" class=\"wp-image-2987\" title=\"\" srcset=\"https:\/\/led.amasly.com\/wp-content\/uploads\/2025\/04\/How-many-hours-can-LED-lights-stay-on.png 720w, https:\/\/led.amasly.com\/wp-content\/uploads\/2025\/04\/How-many-hours-can-LED-lights-stay-on-300x166.png 300w\" sizes=\"(max-width: 720px) 100vw, 720px\" \/><\/figure>\n\n\n\n<p>P\u0159i v\u00fdb\u011bru LED \u017e\u00e1rovek a sv\u00edtilen bychom m\u011bli v\u011bnovat pozornost jejich indexu rozkladu sv\u011btla a \u00fa\u010dinku rozptylu tepla. Sv\u00edtidla s dobrou kvalitou zpracov\u00e1n\u00ed si mohou i po mnoha letech pou\u017e\u00edv\u00e1n\u00ed zachovat dobr\u00fd sv\u011bteln\u00fd v\u00fdkon, zat\u00edmco nekvalitn\u00ed sv\u00edtidla a lucerny mohou ji\u017e za n\u011bkolik let vykazovat zjevn\u00fd rozpad sv\u011btla.<\/p>\n\n\n\n<p class=\"has-text-align-left\">P\u0159i n\u00e1kupu LED \u017e\u00e1rovek proto mus\u00edme m\u00edt o\u010di na stopk\u00e1ch a pe\u010dliv\u011b porovn\u00e1vat v\u00fdkonnostn\u00ed ukazatele r\u016fzn\u00fdch v\u00fdrobk\u016f, abychom se ujistili, \u017ee si vybereme nejkvalitn\u011bj\u0161\u00ed a dlouhou \u017eivotnost kvalitn\u00edch \u017e\u00e1rovek a sv\u00edtilen.<\/p>\n\n\n\n<div class=\"wp-block-uagb-container uagb-block-c7d898dd alignfull uagb-is-root-container\"><div class=\"uagb-container-inner-blocks-wrap\"><\/div><\/div>\n\n\n\n<h2 class=\"wp-block-heading\">Souvisej\u00edc\u00ed produkty<\/h2>\n\n\n\n<div class=\"wp-block-uagb-container uagb-block-66e4defc alignfull uagb-is-root-container\"><div class=\"uagb-container-inner-blocks-wrap\">\n<div class=\"wp-block-uagb-container uagb-block-a42945f9\">\n<div class=\"wp-block-uagb-image uagb-block-7296296b wp-block-uagb-image--layout-default wp-block-uagb-image--effect-static wp-block-uagb-image--align-none\"><figure class=\"wp-block-uagb-image__figure\"><a class=\"\" href=\"https:\/\/led.amasly.com\/cs\/products\/\" target=\"\" rel=\"noopener\"><img decoding=\"async\" srcset=\"https:\/\/led.amasly.com\/wp-content\/uploads\/2024\/09\/Explosion-proof-high-bay-lights.png ,https:\/\/led.amasly.com\/wp-content\/uploads\/2024\/09\/Explosion-proof-high-bay-lights.png 780w, https:\/\/led.amasly.com\/wp-content\/uploads\/2024\/09\/Explosion-proof-high-bay-lights.png 360w\" sizes=\"auto, (max-width: 480px) 150px\" src=\"https:\/\/led.amasly.com\/wp-content\/uploads\/2024\/09\/Explosion-proof-high-bay-lights.png\" alt=\"\" class=\"uag-image-1495\" width=\"300\" height=\"300\" title=\"Nev\u00fdbu\u0161n\u00e1 sv\u00edtidla s vysokou odolnost\u00ed proti v\u00fdbuchu\" loading=\"lazy\" role=\"img\"><\/a><\/figure><\/div>\n<\/div>\n\n\n\n<div class=\"wp-block-uagb-container uagb-block-4d3efde5\">\n<div class=\"wp-block-uagb-image uagb-block-c9e90797 wp-block-uagb-image--layout-default wp-block-uagb-image--effect-static wp-block-uagb-image--align-none\"><figure class=\"wp-block-uagb-image__figure\"><a class=\"\" href=\"https:\/\/led.amasly.com\/cs\/products\/\" target=\"\" rel=\"noopener\"><img decoding=\"async\" srcset=\"https:\/\/led.amasly.com\/wp-content\/uploads\/2024\/07\/LED-tri-proof-lights2.png ,https:\/\/led.amasly.com\/wp-content\/uploads\/2024\/07\/LED-tri-proof-lights2.png 780w, https:\/\/led.amasly.com\/wp-content\/uploads\/2024\/07\/LED-tri-proof-lights2.png 360w\" sizes=\"auto, (max-width: 480px) 150px\" src=\"https:\/\/led.amasly.com\/wp-content\/uploads\/2024\/07\/LED-tri-proof-lights2.png\" alt=\"\" class=\"uag-image-1132\" width=\"300\" height=\"300\" title=\"LED-tri-proof-sv\u011btla2\" loading=\"lazy\" role=\"img\"><\/a><\/figure><\/div>\n<\/div>\n\n\n\n<div class=\"wp-block-uagb-container uagb-block-11c2578b\">\n<div class=\"wp-block-uagb-image uagb-block-6e8883aa wp-block-uagb-image--layout-default wp-block-uagb-image--effect-static wp-block-uagb-image--align-none\"><figure class=\"wp-block-uagb-image__figure\"><a class=\"\" href=\"https:\/\/led.amasly.com\/cs\/products\/\" target=\"\" rel=\"noopener\"><img decoding=\"async\" srcset=\"https:\/\/led.amasly.com\/wp-content\/uploads\/2024\/09\/LED-Explosion-Proof-Gas-Station-Light.png ,https:\/\/led.amasly.com\/wp-content\/uploads\/2024\/09\/LED-Explosion-Proof-Gas-Station-Light.png 780w, https:\/\/led.amasly.com\/wp-content\/uploads\/2024\/09\/LED-Explosion-Proof-Gas-Station-Light.png 360w\" sizes=\"auto, (max-width: 480px) 150px\" src=\"https:\/\/led.amasly.com\/wp-content\/uploads\/2024\/09\/LED-Explosion-Proof-Gas-Station-Light.png\" alt=\"\" class=\"uag-image-1501\" width=\"300\" height=\"300\" title=\"LED sv\u011btlo pro \u010derpac\u00ed stanice s ochranou proti v\u00fdbuchu\" loading=\"lazy\" role=\"img\"><\/a><\/figure><\/div>\n<\/div>\n<\/div><\/div>\n\n\n\n<div class=\"wp-block-uagb-container uagb-block-548945b5 alignfull uagb-is-root-container\"><div class=\"uagb-container-inner-blocks-wrap\">\n<div class=\"wp-block-uagb-container uagb-block-967755d5\">\n<h4 class=\"wp-block-heading has-text-align-center\"><a href=\"https:\/\/led.amasly.com\/cs\/products\/\">Sv\u011btla LED odoln\u00e1 proti v\u00fdbuchu<\/a><\/h4>\n<\/div>\n\n\n\n<div class=\"wp-block-uagb-container uagb-block-9bc52fc2\">\n<h4 class=\"wp-block-heading has-text-align-center\"><a href=\"https:\/\/led.amasly.com\/cs\/products\/\">Trojit\u00e1 ochrann\u00e1 sv\u011btla LED<\/a><\/h4>\n<\/div>\n\n\n\n<div class=\"wp-block-uagb-container uagb-block-8ffa0a23\">\n<h4 class=\"wp-block-heading has-text-align-center\"><a href=\"https:\/\/led.amasly.com\/cs\/products\/\">Sv\u011btla \u010derpac\u00edch stanic odoln\u00e1 proti v\u00fdbuchu<\/a><\/h4>\n<\/div>\n<\/div><\/div>\n\n\n\n<div class=\"wp-block-uagb-container uagb-block-29499fe0 alignfull uagb-is-root-container\"><div class=\"uagb-container-inner-blocks-wrap\">\n<div class=\"wp-block-uagb-container uagb-block-777ee1c7\">\n<div class=\"wp-block-uagb-image uagb-block-2e9a1851 wp-block-uagb-image--layout-default wp-block-uagb-image--effect-static wp-block-uagb-image--align-none\"><figure class=\"wp-block-uagb-image__figure\"><a class=\"\" href=\"https:\/\/led.amasly.com\/cs\/products\/\" target=\"\" rel=\"noopener\"><img decoding=\"async\" srcset=\"https:\/\/led.amasly.com\/wp-content\/uploads\/2024\/10\/50W-100W-150W-200W-300W-LED-Flood-Light.jpg ,https:\/\/led.amasly.com\/wp-content\/uploads\/2024\/10\/50W-100W-150W-200W-300W-LED-Flood-Light.jpg 780w, https:\/\/led.amasly.com\/wp-content\/uploads\/2024\/10\/50W-100W-150W-200W-300W-LED-Flood-Light.jpg 360w\" sizes=\"auto, (max-width: 480px) 150px\" src=\"https:\/\/led.amasly.com\/wp-content\/uploads\/2024\/10\/50W-100W-150W-200W-300W-LED-Flood-Light.jpg\" alt=\"\" class=\"uag-image-1526\" width=\"300\" height=\"300\" title=\"50W 100W 150W 200W 300W LED z\u00e1plavov\u00e9 sv\u011btlo\" loading=\"lazy\" role=\"img\"><\/a><\/figure><\/div>\n<\/div>\n\n\n\n<div class=\"wp-block-uagb-container uagb-block-af8c8683\">\n<div class=\"wp-block-uagb-image uagb-block-67947854 wp-block-uagb-image--layout-default wp-block-uagb-image--effect-static wp-block-uagb-image--align-none\"><figure class=\"wp-block-uagb-image__figure\"><a class=\"\" href=\"https:\/\/led.amasly.com\/cs\/products\/\" target=\"\" rel=\"noopener\"><img decoding=\"async\" srcset=\"https:\/\/led.amasly.com\/wp-content\/uploads\/2024\/07\/led-tri-proof-light.png ,https:\/\/led.amasly.com\/wp-content\/uploads\/2024\/07\/led-tri-proof-light.png 780w, https:\/\/led.amasly.com\/wp-content\/uploads\/2024\/07\/led-tri-proof-light.png 360w\" sizes=\"auto, (max-width: 480px) 150px\" src=\"https:\/\/led.amasly.com\/wp-content\/uploads\/2024\/07\/led-tri-proof-light.png\" alt=\"\" class=\"uag-image-1130\" width=\"300\" height=\"300\" title=\"led-tri-proof-light\" loading=\"lazy\" role=\"img\"><\/a><\/figure><\/div>\n<\/div>\n\n\n\n<div class=\"wp-block-uagb-container uagb-block-0fdfdd58\">\n<div class=\"wp-block-uagb-image uagb-block-1187d32d wp-block-uagb-image--layout-default wp-block-uagb-image--effect-static wp-block-uagb-image--align-none\"><figure class=\"wp-block-uagb-image__figure\"><a class=\"\" href=\"https:\/\/led.amasly.com\/cs\/products\/\" target=\"\" rel=\"noopener\"><img decoding=\"async\" srcset=\"https:\/\/led.amasly.com\/wp-content\/uploads\/2024\/07\/LED-street-light.jpg ,https:\/\/led.amasly.com\/wp-content\/uploads\/2024\/07\/LED-street-light.jpg 780w, https:\/\/led.amasly.com\/wp-content\/uploads\/2024\/07\/LED-street-light.jpg 360w\" sizes=\"auto, (max-width: 480px) 150px\" src=\"https:\/\/led.amasly.com\/wp-content\/uploads\/2024\/07\/LED-street-light.jpg\" alt=\"\" class=\"uag-image-1145\" width=\"300\" height=\"300\" title=\"Uli\u010dn\u00ed osv\u011btlen\u00ed LED\" loading=\"lazy\" role=\"img\"><\/a><\/figure><\/div>\n<\/div>\n<\/div><\/div>\n\n\n\n<div class=\"wp-block-uagb-container uagb-block-6a60882c alignfull uagb-is-root-container\"><div class=\"uagb-container-inner-blocks-wrap\">\n<div class=\"wp-block-uagb-container uagb-block-f1e91a35\">\n<h4 class=\"wp-block-heading has-text-align-center\"><a href=\"https:\/\/led.amasly.com\/cs\/products\/\">LED sv\u011btla pro zaplaven\u00ed<\/a><\/h4>\n<\/div>\n\n\n\n<div class=\"wp-block-uagb-container uagb-block-165bfa58\">\n<h4 class=\"wp-block-heading has-text-align-center\"><a href=\"https:\/\/led.amasly.com\/cs\/products\/\">LED Tri-Proof Tube Lights<\/a><\/h4>\n<\/div>\n\n\n\n<div class=\"wp-block-uagb-container uagb-block-f6096e3b\">\n<h4 class=\"wp-block-heading has-text-align-center\"><a href=\"https:\/\/led.amasly.com\/cs\/products\/\">Pouli\u010dn\u00ed osv\u011btlen\u00ed LED<\/a><\/h4>\n<\/div>\n<\/div><\/div>\n\n\n\n<div class=\"wp-block-uagb-container uagb-block-99c0e0a5 alignfull uagb-is-root-container\"><div class=\"uagb-container-inner-blocks-wrap\"><\/div><\/div>\n\n\n\n<p><\/p>","protected":false},"excerpt":{"rendered":"<p>How many hours can LED lights stay on? LED lamps continuous service life to explore For home decoration in the common LED lamps and lanterns, we are often concerned about how long they can continue to light up. Generally speaking, the average lifespan of household LED lamps on the market is more than 10,000 hours. [&hellip;]<\/p>\n","protected":false},"author":1,"featured_media":0,"parent":2374,"menu_order":0,"comment_status":"closed","ping_status":"closed","template":"","meta":{"_uag_custom_page_level_css":"","site-sidebar-layout":"no-sidebar","site-content-layout":"","ast-site-content-layout":"default","site-content-style":"default","site-sidebar-style":"default","ast-global-header-display":"","ast-banner-title-visibility":"","ast-main-header-display":"","ast-hfb-above-header-display":"","ast-hfb-below-header-display":"","ast-hfb-mobile-header-display":"","site-post-title":"disabled","ast-breadcrumbs-content":"","ast-featured-img":"","footer-sml-layout":"","ast-disable-related-posts":"","theme-transparent-header-meta":"enabled","adv-header-id-meta":"","stick-header-meta":"","header-above-stick-meta":"","header-main-stick-meta":"","header-below-stick-meta":"","astra-migrate-meta-layouts":"set","ast-page-background-enabled":"default","ast-page-background-meta":{"desktop":{"background-color":"var(--ast-global-color-4)","background-image":"","background-repeat":"repeat","background-position":"center center","background-size":"auto","background-attachment":"scroll","background-type":"","background-media":"","overlay-type":"","overlay-color":"","overlay-opacity":"","overlay-gradient":""},"tablet":{"background-color":"","background-image":"","background-repeat":"repeat","background-position":"center center","background-size":"auto","background-attachment":"scroll","background-type":"","background-media":"","overlay-type":"","overlay-color":"","overlay-opacity":"","overlay-gradient":""},"mobile":{"background-color":"","background-image":"","background-repeat":"repeat","background-position":"center center","background-size":"auto","background-attachment":"scroll","background-type":"","background-media":"","overlay-type":"","overlay-color":"","overlay-opacity":"","overlay-gradient":""}},"ast-content-background-meta":{"desktop":{"background-color":"var(--ast-global-color-5)","background-image":"","background-repeat":"repeat","background-position":"center center","background-size":"auto","background-attachment":"scroll","background-type":"","background-media":"","overlay-type":"","overlay-color":"","overlay-opacity":"","overlay-gradient":""},"tablet":{"background-color":"var(--ast-global-color-5)","background-image":"","background-repeat":"repeat","background-position":"center center","background-size":"auto","background-attachment":"scroll","background-type":"","background-media":"","overlay-type":"","overlay-color":"","overlay-opacity":"","overlay-gradient":""},"mobile":{"background-color":"var(--ast-global-color-5)","background-image":"","background-repeat":"repeat","background-position":"center center","background-size":"auto","background-attachment":"scroll","background-type":"","background-media":"","overlay-type":"","overlay-color":"","overlay-opacity":"","overlay-gradient":""}},"footnotes":""},"class_list":["post-2985","page","type-page","status-publish","hentry"],"uagb_featured_image_src":{"full":false,"thumbnail":false,"medium":false,"medium_large":false,"large":false,"1536x1536":false,"2048x2048":false,"trp-custom-language-flag":false},"uagb_author_info":{"display_name":"Joe","author_link":"https:\/\/led.amasly.com\/cs\/author\/jacklin\/"},"uagb_comment_info":0,"uagb_excerpt":"How many hours can LED lights stay on? LED lamps continuous service life to explore For home decoration in the common LED lamps and lanterns, we are often concerned about how long they can continue to light up. Generally speaking, the average lifespan of household LED lamps on the market is more than 10,000 hours.&hellip;","_links":{"self":[{"href":"https:\/\/led.amasly.com\/cs\/wp-json\/wp\/v2\/pages\/2985","targetHints":{"allow":["GET"]}}],"collection":[{"href":"https:\/\/led.amasly.com\/cs\/wp-json\/wp\/v2\/pages"}],"about":[{"href":"https:\/\/led.amasly.com\/cs\/wp-json\/wp\/v2\/types\/page"}],"author":[{"embeddable":true,"href":"https:\/\/led.amasly.com\/cs\/wp-json\/wp\/v2\/users\/1"}],"replies":[{"embeddable":true,"href":"https:\/\/led.amasly.com\/cs\/wp-json\/wp\/v2\/comments?post=2985"}],"version-history":[{"count":2,"href":"https:\/\/led.amasly.com\/cs\/wp-json\/wp\/v2\/pages\/2985\/revisions"}],"predecessor-version":[{"id":2989,"href":"https:\/\/led.amasly.com\/cs\/wp-json\/wp\/v2\/pages\/2985\/revisions\/2989"}],"up":[{"embeddable":true,"href":"https:\/\/led.amasly.com\/cs\/wp-json\/wp\/v2\/pages\/2374"}],"wp:attachment":[{"href":"https:\/\/led.amasly.com\/cs\/wp-json\/wp\/v2\/media?parent=2985"}],"curies":[{"name":"wp","href":"https:\/\/api.w.org\/{rel}","templated":true}]}}