{"id":2968,"date":"2025-04-08T21:03:49","date_gmt":"2025-04-08T13:03:49","guid":{"rendered":"https:\/\/led.amasly.com\/?page_id=2968"},"modified":"2026-01-25T19:17:14","modified_gmt":"2026-01-25T11:17:14","slug":"are-led-lights-explosion-proof","status":"publish","type":"page","link":"https:\/\/led.amasly.com\/cs\/knowledge\/explosion-proof-products-knowledge\/are-led-lights-explosion-proof\/","title":{"rendered":"Jsou led sv\u011btla odoln\u00e1 proti v\u00fdbuchu?"},"content":{"rendered":"<div class=\"wp-block-uagb-container uagb-block-27bae773 alignfull uagb-is-root-container\"><div class=\"uagb-container-inner-blocks-wrap\"><\/div><\/div>\n\n\n\n<h1 class=\"wp-block-heading has-text-align-center\"><strong>Jsou LED sv\u011btla odoln\u00e1 proti v\u00fdbuchu <strong>sv\u011btla<\/strong><\/strong> <strong>?<\/strong><\/h1>\n\n\n\n<div class=\"wp-block-uagb-image uagb-block-da1360b5 wp-block-uagb-image--layout-default wp-block-uagb-image--effect-static wp-block-uagb-image--align-none\"><figure class=\"wp-block-uagb-image__figure\"><img decoding=\"async\" srcset=\"https:\/\/led.amasly.com\/wp-content\/uploads\/2025\/01\/LED-explosion-proof-flood-lights.png ,https:\/\/led.amasly.com\/wp-content\/uploads\/2025\/01\/LED-explosion-proof-flood-lights.png 780w, https:\/\/led.amasly.com\/wp-content\/uploads\/2025\/01\/LED-explosion-proof-flood-lights.png 360w\" sizes=\"auto, (max-width: 480px) 150px\" src=\"https:\/\/led.amasly.com\/wp-content\/uploads\/2025\/01\/LED-explosion-proof-flood-lights.png\" alt=\"Explosion proof flood lights price, 12V explosion proof light, 40W explosion proof light, explosion proof led flood light\u00a0price, 140W explosion proof light, 110W explosion proof lights, 100W Flame Proof Lighting, LED Explosion proof Flood light, Explosion Proof and Flame Proof\uff0c Are led lights explosion proof?\" class=\"uag-image-1675\" width=\"1004\" height=\"308\" title=\"LED sv\u011btla odoln\u00e1 proti v\u00fdbuchu\" loading=\"lazy\" role=\"img\"\/><\/figure><\/div>\n\n\n\n<h2 class=\"wp-block-heading\"><strong>Jsou led sv\u011btla odoln\u00e1 proti v\u00fdbuchu?<\/strong>\uff1a<strong>Odpov\u011bdi na ot\u00e1zky t\u00fdkaj\u00edc\u00ed se b\u011b\u017en\u00fdch sv\u011btel a sv\u011btel odoln\u00fdch proti v\u00fdbuchu: <\/strong><\/h2>\n\n\n\n<p>Ot\u00e1zky \u201cje LED osv\u011btlen\u00ed odoln\u00e9 proti v\u00fdbuchu?\u201d, \u201cjsou v\u0161echna LED sv\u011btla odoln\u00e1 proti v\u00fdbuchu?\u201d, \u201cJsou LED sv\u011btla pova\u017eov\u00e1na za odoln\u00e1 proti v\u00fdbuchu?\u201d a \u201cJak\u00fd je rozd\u00edl mezi LED sv\u011btly a b\u011b\u017en\u00fdmi LED sv\u011btly?\u201c, \u201dJsou LED sv\u011btla pova\u017eov\u00e1na za odoln\u00e1 proti v\u00fdbuchu?\u201c a \u201dJak\u00fd je rozd\u00edl mezi LED sv\u011btly odoln\u00fdmi proti v\u00fdbuchu a b\u011b\u017en\u00fdmi LED sv\u011btly?\u201d a tak d\u00e1le. a dal\u0161\u00ed dotazy.<\/p>\n\n\n\n<p>Tyto dotazy se zdaj\u00ed b\u00fdt jednoduch\u00e9, ale ve skute\u010dnosti mohou pro ty, kte\u0159\u00ed je neznaj\u00ed, st\u00e1le je\u0161t\u011b existovat ur\u010dit\u00e9 nejasnosti. D\u00e1le v\u00e1m na tyto ot\u00e1zky odpov\u00edme jednu po druh\u00e9, abychom v\u00e1m pomohli jasn\u011bji pochopit pojem b\u011b\u017en\u00fdch sv\u011btel a sv\u011btel odoln\u00fdch proti v\u00fdbuchu a jejich rozd\u00edly.<\/p>\n\n\n\n<p>&nbsp;&nbsp;&nbsp;&nbsp;P\u0159edchoz\u00ed \u010dl\u00e1nek jsme v\u011bnovali: <strong><a href=\"https:\/\/led.amasly.com\/cs\/knowledge\/what-is-explosion-proof-lights\/\">co je to nev\u00fdbu\u0161n\u00e9 osv\u011btlen\u00ed? A jak\u00fd je princip nev\u00fdbu\u0161n\u00fdch sv\u011btel?<\/a> <\/strong>Informace o nev\u00fdbu\u0161n\u00fdch sv\u011btlech naleznete p\u0159\u00edmo na tomto odkazu.<\/p>\n\n\n\n<p>Oby\u010dejn\u00e9 LED \u017e\u00e1rovky jsou naopak \u017e\u00e1rovky pou\u017e\u00edvan\u00e9 v m\u00edstech, kde se vyskytuj\u00ed neho\u0159lav\u00e9 plyny a prachy. Tato sv\u00edtidla nemaj\u00ed specifick\u00e9 po\u017eadavky na nev\u00fdbu\u0161nost a nev\u00fdbu\u0161n\u00fd typ, do t\u00e9to kategorie pat\u0159\u00ed nap\u0159\u00edklad LED sv\u00edtidla, kter\u00e1 pou\u017e\u00edv\u00e1me v kancel\u00e1\u0159\u00edch a kancel\u00e1\u0159sk\u00fdch chodb\u00e1ch.<\/p>\n\n\n\n<p>Z\u00e1kladn\u00edm rozd\u00edlem mezi b\u011b\u017en\u00fdmi sv\u00edtidly a nev\u00fdbu\u0161n\u00fdmi sv\u00edtidly je jejich funk\u010dn\u00ed zam\u011b\u0159en\u00ed. Zat\u00edmco b\u011b\u017en\u00e9 lampy se zam\u011b\u0159uj\u00ed p\u0159edev\u0161\u00edm na osv\u011btlen\u00ed, nev\u00fdbu\u0161n\u00e9 lampy k n\u011bmu p\u0159id\u00e1vaj\u00ed funkci nev\u00fdbu\u0161nosti.<\/p>\n\n\n\n<p>Tato nev\u00fdbu\u0161n\u00e1 funkce je kl\u00ed\u010dov\u00e1 pro prevenci mo\u017en\u00fdch v\u00fdbuch\u016f v nebezpe\u010dn\u00e9m prost\u0159ed\u00ed venku, \u010d\u00edm\u017e je zaji\u0161t\u011bna osobn\u00ed bezpe\u010dnost zam\u011bstnanc\u016f a minimalizov\u00e1ny ztr\u00e1ty na majetku spole\u010dnosti.<\/p>\n\n\n\n<h2 class=\"wp-block-heading\"><strong>Sc\u00e9n\u00e1\u0159e pou\u017eit\u00ed obecn\u00fdch sv\u011btel <\/strong><strong><\/strong><\/h2>\n\n\n\n<h3 class=\"wp-block-heading\"><strong>Obecn\u00e1 sv\u00edtidla jsou \u0161iroce pou\u017e\u00edv\u00e1na v b\u011b\u017en\u00fdch budov\u00e1ch a na ve\u0159ejn\u00fdch m\u00edstech, v\u010detn\u011b: <\/strong><strong><\/strong><\/h3>\n\n\n\n<ol class=\"wp-block-list\">\n<li>Komer\u010dn\u00ed budovy: jako jsou n\u00e1kupn\u00ed centra, hotely, kancel\u00e1\u0159sk\u00e9 budovy atd., kde je velk\u00fd pohyb osob a kde je t\u0159eba poskytnout jasn\u00e9 pokyny pro evakuaci v p\u0159\u00edpad\u011b nouze.<\/li>\n\n\n\n<li>Ve\u0159ejn\u00e1 za\u0159\u00edzen\u00ed: nap\u0159\u00edklad knihovny, muzea, divadla atd. Tato m\u00edsta tak\u00e9 pot\u0159ebuj\u00ed nouzov\u00e9 osv\u011btlen\u00ed, aby byla zaji\u0161t\u011bna bezpe\u010dnost ve\u0159ejnosti.<\/li>\n\n\n\n<li>Dopravn\u00ed stanice: nap\u0159\u00edklad vlakov\u00e9 stanice, stanice metra, autobusov\u00e9 stanice atd. P\u0159i v\u00fdpadku proudu nebo nehod\u00e1ch mohou nouzov\u00e1 evakua\u010dn\u00ed sv\u011btla pomoci cestuj\u00edc\u00edm spo\u0159\u00e1dan\u011b opustit m\u00edsto nehody.<\/li>\n\n\n\n<li>\u0160koly a nemocnice: a\u010dkoli se v t\u011bchto m\u00edstech nach\u00e1zej\u00ed speci\u00e1ln\u00ed skupiny, mohou k poskytov\u00e1n\u00ed evakua\u010dn\u00edch pokyn\u016f pou\u017e\u00edvat b\u011b\u017en\u00e1 nouzov\u00e1 sv\u011btla, proto\u017ee se nejedn\u00e1 o ho\u0159lav\u00e9 nebo v\u00fdbu\u0161n\u00e9 prost\u0159ed\u00ed.<\/li>\n<\/ol>\n\n\n\n<p>5. Obytn\u00e9 oblasti: v\u010detn\u011b v\u00edcepodla\u017en\u00edch obytn\u00fdch budov a vil apod., aby byly pro obyvatele v p\u0159\u00edpad\u011b nouze k dispozici pokyny k evakuaci.<\/p>\n\n\n\n<h2 class=\"wp-block-heading\"><strong>Sc\u00e9n\u00e1\u0159e pou\u017eit\u00ed<\/strong><strong>&nbsp;odolnost proti v\u00fdbuchu<\/strong><strong>&nbsp;Sv\u011btla <\/strong><strong><\/strong><\/h2>\n\n\n\n<h3 class=\"wp-block-heading\"><strong>Nev\u00fdbu\u0161n\u00e1 sv\u00edtidla se pou\u017e\u00edvaj\u00ed p\u0159edev\u0161\u00edm ve speci\u00e1ln\u00edch prost\u0159ed\u00edch, kter\u00e1 jsou ho\u0159lav\u00e1 a v\u00fdbu\u0161n\u00e1, aby byla zaji\u0161t\u011bna bezpe\u010dnost pracovn\u00edk\u016f v t\u011bchto rizikov\u00fdch oblastech. Mezi sc\u00e9n\u00e1\u0159e pou\u017eit\u00ed pat\u0159\u00ed: <\/strong><strong><\/strong><\/h3>\n\n\n\n<p>1. Petrochemick\u00fd pr\u016fmysl: jako jsou rafin\u00e9rie, chemick\u00e9 z\u00e1vody, ropn\u00e1 a plynov\u00e1 pole atd., tato m\u00edsta obvykle zahrnuj\u00ed velk\u00e9 mno\u017estv\u00ed ho\u0159lav\u00fdch a v\u00fdbu\u0161n\u00fdch chemik\u00e1li\u00ed, pot\u0159ebu pou\u017e\u00edvat nev\u00fdbu\u0161n\u00fd v\u00fdkon, osv\u011btlen\u00ed \u0161irok\u00e9 \u0161k\u00e1ly velk\u00fdch nev\u00fdbu\u0161n\u00fdch lamp.<\/p>\n\n\n\n<p>2. Uheln\u00e9 doly a podzemn\u00ed pr\u00e1ce: nap\u0159\u00edklad tunel v uheln\u00e9m dole, \u010derpac\u00ed stanice plynu a dal\u0161\u00ed prost\u0159ed\u00ed obsahuj\u00edc\u00ed metan a uheln\u00fd prach, nev\u00fdbu\u0161n\u00e9 lampy mohou \u00fa\u010dinn\u011b zabr\u00e1nit jisk\u0159e vyvolan\u00e9 v\u00fdbuchem.<\/p>\n\n\n\n<p>3. Farmaceutika a potravin\u00e1\u0159stv\u00ed: nap\u0159\u00edklad d\u00edlny na v\u00fdrobu pr\u00e1\u0161ku, ml\u00fdny na mouku a dal\u0161\u00ed m\u00edsta s nebezpe\u010d\u00edm v\u00fdbuchu prachu, nev\u00fdbu\u0161n\u00e9 lampy mohou zabr\u00e1nit nehod\u00e1m zp\u016fsoben\u00fdm osv\u011btlovac\u00edmi za\u0159\u00edzen\u00edmi.<\/p>\n\n\n\n<p>4. Energetika a energetika: v elektr\u00e1rn\u00e1ch, rozvodn\u00e1ch, d\u00edln\u00e1ch pro \u00fadr\u017ebu energetick\u00fdch za\u0159\u00edzen\u00ed atd. se v\u00fdbojky st\u00e1vaj\u00ed nezbytn\u00fdm vybaven\u00edm kv\u016fli p\u0159\u00edtomnosti vysok\u00fdch teplot, ho\u0159lav\u00fdch plyn\u016f a chemik\u00e1li\u00ed.<\/p>\n\n\n\n<p class=\"has-text-align-left\">5. Dal\u0161\u00ed vysoce rizikov\u00e9 oblasti: v\u010detn\u011b sklad\u016f leteck\u00e9ho paliva, lodn\u00edch kabin, \u010derpac\u00edch stanic atd., nev\u00fdbu\u0161n\u00e9 lampy mohou zajistit bezpe\u010dnost osv\u011btlovac\u00edho za\u0159\u00edzen\u00ed.<\/p>\n\n\n\n<p class=\"has-text-align-left\">Standardn\u00ed: <a href=\"http:\/\/www.iecex.com\" rel=\"nofollow noopener\" target=\"_blank\">IEC60079<\/a><\/p>\n\n\n\n<div class=\"wp-block-uagb-container uagb-block-c7d898dd alignfull uagb-is-root-container\"><div class=\"uagb-container-inner-blocks-wrap\"><\/div><\/div>\n\n\n\n<h2 class=\"wp-block-heading\">Souvisej\u00edc\u00ed produkty<\/h2>\n\n\n\n<div class=\"wp-block-uagb-container uagb-block-66e4defc alignfull uagb-is-root-container\"><div class=\"uagb-container-inner-blocks-wrap\">\n<div class=\"wp-block-uagb-container uagb-block-a42945f9\">\n<div class=\"wp-block-uagb-image uagb-block-7296296b wp-block-uagb-image--layout-default wp-block-uagb-image--effect-static wp-block-uagb-image--align-none\"><figure class=\"wp-block-uagb-image__figure\"><a class=\"\" href=\"https:\/\/led.amasly.com\/cs\/products\/\" target=\"\" rel=\"noopener\"><img decoding=\"async\" srcset=\"https:\/\/led.amasly.com\/wp-content\/uploads\/2024\/09\/Explosion-proof-high-bay-lights.png ,https:\/\/led.amasly.com\/wp-content\/uploads\/2024\/09\/Explosion-proof-high-bay-lights.png 780w, https:\/\/led.amasly.com\/wp-content\/uploads\/2024\/09\/Explosion-proof-high-bay-lights.png 360w\" sizes=\"auto, (max-width: 480px) 150px\" src=\"https:\/\/led.amasly.com\/wp-content\/uploads\/2024\/09\/Explosion-proof-high-bay-lights.png\" alt=\"\" class=\"uag-image-1495\" width=\"300\" height=\"300\" title=\"Nev\u00fdbu\u0161n\u00e1 sv\u00edtidla s vysokou odolnost\u00ed proti v\u00fdbuchu\" loading=\"lazy\" role=\"img\"><\/a><\/figure><\/div>\n<\/div>\n\n\n\n<div class=\"wp-block-uagb-container uagb-block-4d3efde5\">\n<div class=\"wp-block-uagb-image uagb-block-c9e90797 wp-block-uagb-image--layout-default wp-block-uagb-image--effect-static wp-block-uagb-image--align-none\"><figure class=\"wp-block-uagb-image__figure\"><a class=\"\" href=\"https:\/\/led.amasly.com\/cs\/products\/\" target=\"\" rel=\"noopener\"><img decoding=\"async\" srcset=\"https:\/\/led.amasly.com\/wp-content\/uploads\/2024\/07\/LED-tri-proof-lights2.png ,https:\/\/led.amasly.com\/wp-content\/uploads\/2024\/07\/LED-tri-proof-lights2.png 780w, https:\/\/led.amasly.com\/wp-content\/uploads\/2024\/07\/LED-tri-proof-lights2.png 360w\" sizes=\"auto, (max-width: 480px) 150px\" src=\"https:\/\/led.amasly.com\/wp-content\/uploads\/2024\/07\/LED-tri-proof-lights2.png\" alt=\"\" class=\"uag-image-1132\" width=\"300\" height=\"300\" title=\"LED-tri-proof-sv\u011btla2\" loading=\"lazy\" role=\"img\"><\/a><\/figure><\/div>\n<\/div>\n\n\n\n<div class=\"wp-block-uagb-container uagb-block-11c2578b\">\n<div class=\"wp-block-uagb-image uagb-block-6e8883aa wp-block-uagb-image--layout-default wp-block-uagb-image--effect-static wp-block-uagb-image--align-none\"><figure class=\"wp-block-uagb-image__figure\"><a class=\"\" href=\"https:\/\/led.amasly.com\/cs\/products\/\" target=\"\" rel=\"noopener\"><img decoding=\"async\" srcset=\"https:\/\/led.amasly.com\/wp-content\/uploads\/2024\/09\/LED-Explosion-Proof-Gas-Station-Light.png ,https:\/\/led.amasly.com\/wp-content\/uploads\/2024\/09\/LED-Explosion-Proof-Gas-Station-Light.png 780w, https:\/\/led.amasly.com\/wp-content\/uploads\/2024\/09\/LED-Explosion-Proof-Gas-Station-Light.png 360w\" sizes=\"auto, (max-width: 480px) 150px\" src=\"https:\/\/led.amasly.com\/wp-content\/uploads\/2024\/09\/LED-Explosion-Proof-Gas-Station-Light.png\" alt=\"\" class=\"uag-image-1501\" width=\"300\" height=\"300\" title=\"LED sv\u011btlo pro \u010derpac\u00ed stanice s ochranou proti v\u00fdbuchu\" loading=\"lazy\" role=\"img\"><\/a><\/figure><\/div>\n<\/div>\n<\/div><\/div>\n\n\n\n<div class=\"wp-block-uagb-container uagb-block-548945b5 alignfull uagb-is-root-container\"><div class=\"uagb-container-inner-blocks-wrap\">\n<div class=\"wp-block-uagb-container uagb-block-967755d5\">\n<h4 class=\"wp-block-heading has-text-align-center\"><a href=\"https:\/\/led.amasly.com\/cs\/products\/\">Sv\u011btla LED odoln\u00e1 proti v\u00fdbuchu<\/a><\/h4>\n<\/div>\n\n\n\n<div class=\"wp-block-uagb-container uagb-block-9bc52fc2\">\n<h4 class=\"wp-block-heading has-text-align-center\"><a href=\"https:\/\/led.amasly.com\/cs\/products\/\">Trojit\u00e1 ochrann\u00e1 sv\u011btla LED<\/a><\/h4>\n<\/div>\n\n\n\n<div class=\"wp-block-uagb-container uagb-block-8ffa0a23\">\n<h4 class=\"wp-block-heading has-text-align-center\"><a href=\"https:\/\/led.amasly.com\/cs\/products\/\">Sv\u011btla \u010derpac\u00edch stanic odoln\u00e1 proti v\u00fdbuchu<\/a><\/h4>\n<\/div>\n<\/div><\/div>\n\n\n\n<div class=\"wp-block-uagb-container uagb-block-29499fe0 alignfull uagb-is-root-container\"><div class=\"uagb-container-inner-blocks-wrap\">\n<div class=\"wp-block-uagb-container uagb-block-777ee1c7\">\n<div class=\"wp-block-uagb-image uagb-block-2e9a1851 wp-block-uagb-image--layout-default wp-block-uagb-image--effect-static wp-block-uagb-image--align-none\"><figure class=\"wp-block-uagb-image__figure\"><a class=\"\" href=\"https:\/\/led.amasly.com\/cs\/products\/\" target=\"\" rel=\"noopener\"><img decoding=\"async\" srcset=\"https:\/\/led.amasly.com\/wp-content\/uploads\/2024\/10\/50W-100W-150W-200W-300W-LED-Flood-Light.jpg ,https:\/\/led.amasly.com\/wp-content\/uploads\/2024\/10\/50W-100W-150W-200W-300W-LED-Flood-Light.jpg 780w, https:\/\/led.amasly.com\/wp-content\/uploads\/2024\/10\/50W-100W-150W-200W-300W-LED-Flood-Light.jpg 360w\" sizes=\"auto, (max-width: 480px) 150px\" src=\"https:\/\/led.amasly.com\/wp-content\/uploads\/2024\/10\/50W-100W-150W-200W-300W-LED-Flood-Light.jpg\" alt=\"\" class=\"uag-image-1526\" width=\"300\" height=\"300\" title=\"50W 100W 150W 200W 300W LED z\u00e1plavov\u00e9 sv\u011btlo\" loading=\"lazy\" role=\"img\"><\/a><\/figure><\/div>\n<\/div>\n\n\n\n<div class=\"wp-block-uagb-container uagb-block-af8c8683\">\n<div class=\"wp-block-uagb-image uagb-block-67947854 wp-block-uagb-image--layout-default wp-block-uagb-image--effect-static wp-block-uagb-image--align-none\"><figure class=\"wp-block-uagb-image__figure\"><a class=\"\" href=\"https:\/\/led.amasly.com\/cs\/products\/\" target=\"\" rel=\"noopener\"><img decoding=\"async\" srcset=\"https:\/\/led.amasly.com\/wp-content\/uploads\/2024\/07\/led-tri-proof-light.png ,https:\/\/led.amasly.com\/wp-content\/uploads\/2024\/07\/led-tri-proof-light.png 780w, https:\/\/led.amasly.com\/wp-content\/uploads\/2024\/07\/led-tri-proof-light.png 360w\" sizes=\"auto, (max-width: 480px) 150px\" src=\"https:\/\/led.amasly.com\/wp-content\/uploads\/2024\/07\/led-tri-proof-light.png\" alt=\"\" class=\"uag-image-1130\" width=\"300\" height=\"300\" title=\"led-tri-proof-light\" loading=\"lazy\" role=\"img\"><\/a><\/figure><\/div>\n<\/div>\n\n\n\n<div class=\"wp-block-uagb-container uagb-block-0fdfdd58\">\n<div class=\"wp-block-uagb-image uagb-block-1187d32d wp-block-uagb-image--layout-default wp-block-uagb-image--effect-static wp-block-uagb-image--align-none\"><figure class=\"wp-block-uagb-image__figure\"><a class=\"\" href=\"https:\/\/led.amasly.com\/cs\/products\/\" target=\"\" rel=\"noopener\"><img decoding=\"async\" srcset=\"https:\/\/led.amasly.com\/wp-content\/uploads\/2024\/07\/LED-street-light.jpg ,https:\/\/led.amasly.com\/wp-content\/uploads\/2024\/07\/LED-street-light.jpg 780w, https:\/\/led.amasly.com\/wp-content\/uploads\/2024\/07\/LED-street-light.jpg 360w\" sizes=\"auto, (max-width: 480px) 150px\" src=\"https:\/\/led.amasly.com\/wp-content\/uploads\/2024\/07\/LED-street-light.jpg\" alt=\"\" class=\"uag-image-1145\" width=\"300\" height=\"300\" title=\"Uli\u010dn\u00ed osv\u011btlen\u00ed LED\" loading=\"lazy\" role=\"img\"><\/a><\/figure><\/div>\n<\/div>\n<\/div><\/div>\n\n\n\n<div class=\"wp-block-uagb-container uagb-block-6a60882c alignfull uagb-is-root-container\"><div class=\"uagb-container-inner-blocks-wrap\">\n<div class=\"wp-block-uagb-container uagb-block-f1e91a35\">\n<h4 class=\"wp-block-heading has-text-align-center\"><a href=\"https:\/\/led.amasly.com\/cs\/products\/\">LED sv\u011btla pro zaplaven\u00ed<\/a><\/h4>\n<\/div>\n\n\n\n<div class=\"wp-block-uagb-container uagb-block-165bfa58\">\n<h4 class=\"wp-block-heading has-text-align-center\"><a href=\"https:\/\/led.amasly.com\/cs\/products\/\">LED Tri-Proof Tube Lights<\/a><\/h4>\n<\/div>\n\n\n\n<div class=\"wp-block-uagb-container uagb-block-f6096e3b\">\n<h4 class=\"wp-block-heading has-text-align-center\"><a href=\"https:\/\/led.amasly.com\/cs\/products\/\">Pouli\u010dn\u00ed osv\u011btlen\u00ed LED<\/a><\/h4>\n<\/div>\n<\/div><\/div>\n\n\n\n<div class=\"wp-block-uagb-container uagb-block-99c0e0a5 alignfull uagb-is-root-container\"><div class=\"uagb-container-inner-blocks-wrap\"><\/div><\/div>\n\n\n\n<p><\/p>","protected":false},"excerpt":{"rendered":"<p>Are led lights explosion proof lights ? Are led lights explosion proof?\uff1aAnswers to questions about ordinary lights and\u00a0explosion proof\u00a0lights: The questions \u201cis led lighting explosion proof?\u201d, \u201care all led lights&nbsp;explosion proof?\u201d, \u201cAre LED lights considered&nbsp;explosion proof?\u201d and &#8220;What is the difference between LED lights and ordinary LED lights? are all LED lights&nbsp;explosion proof?\u201c, \u201dAre LED [&hellip;]<\/p>\n","protected":false},"author":1,"featured_media":0,"parent":2374,"menu_order":0,"comment_status":"closed","ping_status":"closed","template":"","meta":{"_uag_custom_page_level_css":"","site-sidebar-layout":"no-sidebar","site-content-layout":"","ast-site-content-layout":"default","site-content-style":"default","site-sidebar-style":"default","ast-global-header-display":"","ast-banner-title-visibility":"","ast-main-header-display":"","ast-hfb-above-header-display":"","ast-hfb-below-header-display":"","ast-hfb-mobile-header-display":"","site-post-title":"disabled","ast-breadcrumbs-content":"","ast-featured-img":"","footer-sml-layout":"","ast-disable-related-posts":"","theme-transparent-header-meta":"enabled","adv-header-id-meta":"","stick-header-meta":"","header-above-stick-meta":"","header-main-stick-meta":"","header-below-stick-meta":"","astra-migrate-meta-layouts":"set","ast-page-background-enabled":"default","ast-page-background-meta":{"desktop":{"background-color":"var(--ast-global-color-4)","background-image":"","background-repeat":"repeat","background-position":"center center","background-size":"auto","background-attachment":"scroll","background-type":"","background-media":"","overlay-type":"","overlay-color":"","overlay-opacity":"","overlay-gradient":""},"tablet":{"background-color":"","background-image":"","background-repeat":"repeat","background-position":"center center","background-size":"auto","background-attachment":"scroll","background-type":"","background-media":"","overlay-type":"","overlay-color":"","overlay-opacity":"","overlay-gradient":""},"mobile":{"background-color":"","background-image":"","background-repeat":"repeat","background-position":"center center","background-size":"auto","background-attachment":"scroll","background-type":"","background-media":"","overlay-type":"","overlay-color":"","overlay-opacity":"","overlay-gradient":""}},"ast-content-background-meta":{"desktop":{"background-color":"var(--ast-global-color-5)","background-image":"","background-repeat":"repeat","background-position":"center center","background-size":"auto","background-attachment":"scroll","background-type":"","background-media":"","overlay-type":"","overlay-color":"","overlay-opacity":"","overlay-gradient":""},"tablet":{"background-color":"var(--ast-global-color-5)","background-image":"","background-repeat":"repeat","background-position":"center center","background-size":"auto","background-attachment":"scroll","background-type":"","background-media":"","overlay-type":"","overlay-color":"","overlay-opacity":"","overlay-gradient":""},"mobile":{"background-color":"var(--ast-global-color-5)","background-image":"","background-repeat":"repeat","background-position":"center center","background-size":"auto","background-attachment":"scroll","background-type":"","background-media":"","overlay-type":"","overlay-color":"","overlay-opacity":"","overlay-gradient":""}},"footnotes":""},"class_list":["post-2968","page","type-page","status-publish","hentry"],"uagb_featured_image_src":{"full":false,"thumbnail":false,"medium":false,"medium_large":false,"large":false,"1536x1536":false,"2048x2048":false,"trp-custom-language-flag":false},"uagb_author_info":{"display_name":"Joe","author_link":"https:\/\/led.amasly.com\/cs\/author\/jacklin\/"},"uagb_comment_info":0,"uagb_excerpt":"Are led lights explosion proof lights ? Are led lights explosion proof?\uff1aAnswers to questions about ordinary lights and\u00a0explosion proof\u00a0lights: The questions \u201cis led lighting explosion proof?\u201d, \u201care all led lights&nbsp;explosion proof?\u201d, \u201cAre LED lights considered&nbsp;explosion proof?\u201d and &#8220;What is the difference between LED lights and ordinary LED lights? are all LED lights&nbsp;explosion proof?\u201c, \u201dAre LED&hellip;","_links":{"self":[{"href":"https:\/\/led.amasly.com\/cs\/wp-json\/wp\/v2\/pages\/2968","targetHints":{"allow":["GET"]}}],"collection":[{"href":"https:\/\/led.amasly.com\/cs\/wp-json\/wp\/v2\/pages"}],"about":[{"href":"https:\/\/led.amasly.com\/cs\/wp-json\/wp\/v2\/types\/page"}],"author":[{"embeddable":true,"href":"https:\/\/led.amasly.com\/cs\/wp-json\/wp\/v2\/users\/1"}],"replies":[{"embeddable":true,"href":"https:\/\/led.amasly.com\/cs\/wp-json\/wp\/v2\/comments?post=2968"}],"version-history":[{"count":2,"href":"https:\/\/led.amasly.com\/cs\/wp-json\/wp\/v2\/pages\/2968\/revisions"}],"predecessor-version":[{"id":4727,"href":"https:\/\/led.amasly.com\/cs\/wp-json\/wp\/v2\/pages\/2968\/revisions\/4727"}],"up":[{"embeddable":true,"href":"https:\/\/led.amasly.com\/cs\/wp-json\/wp\/v2\/pages\/2374"}],"wp:attachment":[{"href":"https:\/\/led.amasly.com\/cs\/wp-json\/wp\/v2\/media?parent=2968"}],"curies":[{"name":"wp","href":"https:\/\/api.w.org\/{rel}","templated":true}]}}