{"id":2888,"date":"2025-04-02T22:31:58","date_gmt":"2025-04-02T14:31:58","guid":{"rendered":"https:\/\/led.amasly.com\/?page_id=2888"},"modified":"2026-01-29T22:25:25","modified_gmt":"2026-01-29T14:25:25","slug":"nevybusny-vedl-stropni-svetlo-baterie-tovarna-bezpecnost-a-efektivni-osvetleni-inovacni-program","status":"publish","type":"page","link":"https:\/\/led.amasly.com\/cs\/znalosti\/znalosti-o-vyrobcich-odolnych-proti-vybuchu\/nevybusny-vedl-stropni-svetlo-baterie-tovarna-bezpecnost-a-efektivni-osvetleni-inovacni-program\/","title":{"rendered":"Stropn\u00ed sv\u00edtidlo LED odoln\u00e9 proti v\u00fdbuchu: bezpe\u010dnostn\u00ed a efektivn\u00ed program inovace osv\u011btlen\u00ed v tov\u00e1rn\u011b na baterie"},"content":{"rendered":"\n<div class=\"wp-block-uagb-container uagb-block-27bae773 alignfull uagb-is-root-container\"><div class=\"uagb-container-inner-blocks-wrap\"><\/div><\/div>\n\n\n\n<h1 class=\"wp-block-heading has-text-align-center\"><strong>Explosion proof\u00a0LED ceiling light: battery factory safety and efficient lighting innovation program<\/strong><\/h1>\n\n\n\n<div class=\"wp-block-uagb-image uagb-block-da1360b5 wp-block-uagb-image--layout-default wp-block-uagb-image--effect-static wp-block-uagb-image--align-none\"><figure class=\"wp-block-uagb-image__figure\"><img decoding=\"async\" srcset=\"https:\/\/led.amasly.com\/wp-content\/uploads\/2025\/10\/Explosion-proof-high-bay-light.png ,https:\/\/led.amasly.com\/wp-content\/uploads\/2025\/10\/Explosion-proof-high-bay-light.png 780w, https:\/\/led.amasly.com\/wp-content\/uploads\/2025\/10\/Explosion-proof-high-bay-light.png 360w\" sizes=\"auto, (max-width: 480px) 150px\" src=\"https:\/\/led.amasly.com\/wp-content\/uploads\/2025\/10\/Explosion-proof-high-bay-light.png\" alt=\"Explosion\u00a0proof high bay light, Explosion proof Pendant Lights, Explosion proof led canopy lighting, Explosion proof\u00a0LED ceiling light\" class=\"uag-image-4265\" width=\"1004\" height=\"308\" title=\"Explosion\u00a0proof high bay light\" loading=\"lazy\" role=\"img\"\/><\/figure><\/div>\n\n\n\n<p>Under the background of the rapid development of new energy industries such as lithium batteries and energy storage batteries, the safety guidelines for battery manufacturing plants continue to be upgraded.<\/p>\n\n\n\n<p>Electrolyte leakage, hydrogen release, high-temperature aging and other aspects of the significant risk of flammability and explosiveness, and ordinary lighting equipment is difficult to meet the stringent needs of such scenes.<\/p>\n\n\n\n<p>Explosion proof\u00a0LED ceiling light with its professional Explosion proof\u00a0design, energy efficient features and intelligent features, into a battery factory to protect the core equipment for safe production.<\/p>\n\n\n\n<h2 class=\"wp-block-heading\"><strong>First. A battery factory why must choose Explosion proof\u00a0LED ceiling light?<\/strong><\/h2>\n\n\n\n<h3 class=\"wp-block-heading\"><strong>1. Intrinsically safe <\/strong><strong>Explosion proof<\/strong><strong>&nbsp;design<\/strong><strong><\/strong><\/h3>\n\n\n\n<p>Battery production process, the electrolyte volatile probably form explosive gas mixtures [such as hydrogen], ordinary lamps and lanterns sparks or high-temperature surface is very easy to cause accidents.<\/p>\n\n\n\n<p>Explosion proof&nbsp;LED ceiling light adopts Explosion proof&nbsp;[Ex d] structure, approved high-strengtlh die-casting aluminum shell and epoxy resin sealing process, the internal circuit is completely isolated from the external hazardous environment, in line with the ATEX\/<a href=\"http:\/\/www.iecex-certs.com\/\" rel=\"nofollow noopener\" target=\"_blank\">IECEEx II 2G Ex db IIC T4 <\/a>guidelines for Zone 1\/21 hazardous areas, eliminating the risk of explosion from the root.<\/p>\n\n\n\n<h3 class=\"wp-block-heading\"><strong>2. Durability for complex environments<\/strong><strong><\/strong><\/h3>\n\n\n\n<p>The battery factory environment combines corrosive gases [such as electrolyte vapors], high humidity and dust. Explosion proof&nbsp;LED ceiling light is approved with IP66\/IP68 protection level and WF2 anti-corrosion certification. The surface of the housing is coated with nano-ceramics, which can withstand pH 3-11 acid and alkali corrosion, and can be operated stably in the temperature range of -40\u2103 to 60\u2103, avoiding the equipment failure due to environmental erosion.<\/p>\n\n\n\n<h3 class=\"wp-block-heading\"><strong>3. Energy saving and long-term economy<\/strong><strong><\/strong><\/h3>\n\n\n\n<p>Traditional high-pressure sodium lamps with high energy consumption and frequent maintenance, and Explosion proof&nbsp;LED ceiling lamp luminous efficiency up to 140lm \/ W or more, reducing energy consumption by 70%, life expectancy of up to 100,000 hours [about 12 years].<\/p>\n\n\n\n<p>Its modular design to help high-speed dismantling, reduce the frequency of overhead maintenance, especially suitable for battery factory floor height of more than 6 meters workshop ceiling installation, significantly reduce the overall operating costs.<\/p>\n\n\n\n<h2 class=\"wp-block-heading\"><strong>Second, Explosion proof\u00a0LED ceiling light in the battery factory core application scenarios<\/strong><\/h2>\n\n\n\n<h3 class=\"wp-block-heading\"><strong>1. electrolyte storage and liquid injection workshop<\/strong><strong><\/strong><\/h3>\n\n\n\n<p>This area has a high concentration of hydrogen, which needs to meet Zone 1 Explosion proof&nbsp;requirements. Lamps with anti-static coating and non-glare design, with 120 \u00b0 wide-angle light distribution, covering a diameter of 25 meters, to ensure that operators accurately monitor the liquid injection process, while avoiding the risk of static sparks.<\/p>\n\n\n\n<h3 class=\"wp-block-heading\"><strong>2. Battery charging and discharging test area<\/strong><strong><\/strong><\/h3>\n\n\n\n<p>The charging and discharging process probably releases flammable gases, and the lamps need to be integrated with temperature monitoring function. Explosion proof&nbsp;LED ceiling light approved intelligent heat dissipation system [heat pipe + vortex duct] to control the surface temperature in the T6 group [\u2264 85 \u00b0 C], and to support the DALI dimming system, according to the test phase dynamically adjust the brightness, improve energy efficiency.<\/p>\n\n\n\n<h3 class=\"wp-block-heading\"><strong>3. High temperature aging room and drying room<\/strong><strong><\/strong><\/h3>\n\n\n\n<p>Long-term high-temperature environment [50-80 \u2103] on the lamps and lanterns heat dissipation performance challenges. The use of ceramicized silicone seals and multi-channel heat dissipation structure Explosion proof&nbsp;LED ceiling lamps, can ensure that in the 80 \u2103 ambient temperature, the chip junction temperature stabilization is lower than 100 \u2103, to avoid light degradation and prolong the use of life.<\/p>\n\n\n\n<h2 class=\"wp-block-heading\"><strong>Third, Explosion proof\u00a0LED ceiling light technological innovation and selection strategy<\/strong><\/h2>\n\n\n\n<h3 class=\"wp-block-heading\"><strong>1. Intelligent integration and Internet of Things applications<\/strong><strong><\/strong><\/h3>\n\n\n\n<p>A new generation of Explosion proof&nbsp;LED ceiling light with LoRa\/Wi-Fi communication module, real-time monitoring of the status of the lamps and lanterns [temperature, power consumption, fault code], data access to the factory MES system, the implementation of preventive maintenance.<\/p>\n\n\n\n<p>Some models are integrated with emergency lighting function, which automatically switches to the built-in battery power supply after a power failure, providing continuous lighting for more than 90 minutes, complying with EN 1838 emergency guidelines.<\/p>\n\n\n\n<h3 class=\"wp-block-heading\"><strong>2. Optical and structural improvements<\/strong><strong><\/strong><\/h3>\n\n\n\n<p>Optical design: the combination of asymmetric lens and high purity aluminum reflector, the spot uniformity reaches 85%, the effective illumination is increased by 40%, and the interference of overspill light on precision testing equipment is reduced.<\/p>\n\n\n\n<p>Anti-vibration design: Equipped with anti-drop ring and spring damping bracket, it can resist 5-2000Hz mechanical vibration and is suitable for high-frequency vibration environment around the automated production line.<\/p>\n\n\n\n<h3 class=\"wp-block-heading\"><strong>3. Selection of basic indicators<\/strong><strong><\/strong><\/h3>\n\n\n\n<p>Certification compliance: ATEX 2014\/34\/EU or IECEx approval is required, and the gas group covers IIC [hydrogen].<\/p>\n\n\n\n<p>Environmental adaptation: corrosive areas choose 316L stainless steel shell, high temperature scenarios prioritize T4 group [\u2264 135 \u2103].<\/p>\n\n\n\n<p>Energy efficiency guidelines: light effect \u2265 130lm \/ W, color rendering index Ra&gt; 80, to ensure the accuracy of the appearance of the core test.<\/p>\n\n\n\n<h2 class=\"wp-block-heading\"><strong>FAQ: Explosion proof\u00a0LED ceiling light\u00a0common problems answer<\/strong><\/h2>\n\n\n\n<p>Q1: Is it necessary for the battery factory lamps and lanterns to be regularly tested for Explosion proof?<\/p>\n\n\n\n<p>A: Yes. Advocate every 12 months to implement Explosion proof&nbsp;structural integrity checks [such as seal elasticity, shell corrosion], and commissioned a third-party organization every 3 years to retest the Explosion proof&nbsp;performance to ensure compliance with GB 3836 guidelines.<\/p>\n\n\n\n<p>Q2: Does the high humidity environment affect the lamp life?<\/p>\n\n\n\n<p>A: Explosion proof&nbsp;LED ceiling light approves the vacuum potting process to deal with circuit boards, protection level up to IP68, can be operated for a long time in a humidity environment of 98%, without the risk of internal condensation.<\/p>\n\n\n\n<p>Q3: Does the intelligent dimming function increase the safety hazard?<\/p>\n\n\n\n<p class=\"has-text-align-left\">A: The dimming circuit adopts intrinsically safe barrier isolation technology, the signal transmission energy is limited to less than 30mW, which meets the requirements of Ex ia Explosion proof&nbsp;grade and ensures that there is no risk of additional sparks.<\/p>\n\n\n\n<div class=\"wp-block-uagb-container uagb-block-c7d898dd alignfull uagb-is-root-container\"><div class=\"uagb-container-inner-blocks-wrap\"><\/div><\/div>\n\n\n\n<h2 class=\"wp-block-heading\">Related Products<\/h2>\n\n\n\n<div class=\"wp-block-uagb-container uagb-block-66e4defc alignfull uagb-is-root-container\"><div class=\"uagb-container-inner-blocks-wrap\">\n<div class=\"wp-block-uagb-container uagb-block-a42945f9\">\n<div class=\"wp-block-uagb-image uagb-block-7296296b wp-block-uagb-image--layout-default wp-block-uagb-image--effect-static wp-block-uagb-image--align-none\"><figure class=\"wp-block-uagb-image__figure\"><a class=\"\" href=\"https:\/\/led.amasly.com\/products\/\" target=\"\" rel=\"noopener\"><img decoding=\"async\" srcset=\"https:\/\/led.amasly.com\/wp-content\/uploads\/2024\/09\/Explosion-proof-high-bay-lights.png ,https:\/\/led.amasly.com\/wp-content\/uploads\/2024\/09\/Explosion-proof-high-bay-lights.png 780w, https:\/\/led.amasly.com\/wp-content\/uploads\/2024\/09\/Explosion-proof-high-bay-lights.png 360w\" sizes=\"auto, (max-width: 480px) 150px\" src=\"https:\/\/led.amasly.com\/wp-content\/uploads\/2024\/09\/Explosion-proof-high-bay-lights.png\" alt=\"\" class=\"uag-image-1495\" width=\"300\" height=\"300\" title=\"Explosion proof high bay lights\" loading=\"lazy\" role=\"img\"><\/a><\/figure><\/div>\n<\/div>\n\n\n\n<div class=\"wp-block-uagb-container uagb-block-4d3efde5\">\n<div class=\"wp-block-uagb-image uagb-block-c9e90797 wp-block-uagb-image--layout-default wp-block-uagb-image--effect-static wp-block-uagb-image--align-none\"><figure class=\"wp-block-uagb-image__figure\"><a class=\"\" href=\"https:\/\/led.amasly.com\/products\/\" target=\"\" rel=\"noopener\"><img decoding=\"async\" srcset=\"https:\/\/led.amasly.com\/wp-content\/uploads\/2024\/07\/LED-tri-proof-lights2.png ,https:\/\/led.amasly.com\/wp-content\/uploads\/2024\/07\/LED-tri-proof-lights2.png 780w, https:\/\/led.amasly.com\/wp-content\/uploads\/2024\/07\/LED-tri-proof-lights2.png 360w\" sizes=\"auto, (max-width: 480px) 150px\" src=\"https:\/\/led.amasly.com\/wp-content\/uploads\/2024\/07\/LED-tri-proof-lights2.png\" alt=\"\" class=\"uag-image-1132\" width=\"300\" height=\"300\" title=\"LED-tri-proof-lights2\" loading=\"lazy\" role=\"img\"><\/a><\/figure><\/div>\n<\/div>\n\n\n\n<div class=\"wp-block-uagb-container uagb-block-11c2578b\">\n<div class=\"wp-block-uagb-image uagb-block-6e8883aa wp-block-uagb-image--layout-default wp-block-uagb-image--effect-static wp-block-uagb-image--align-none\"><figure class=\"wp-block-uagb-image__figure\"><a class=\"\" href=\"https:\/\/led.amasly.com\/products\/\" target=\"\" rel=\"noopener\"><img decoding=\"async\" srcset=\"https:\/\/led.amasly.com\/wp-content\/uploads\/2024\/09\/LED-Explosion-Proof-Gas-Station-Light.png ,https:\/\/led.amasly.com\/wp-content\/uploads\/2024\/09\/LED-Explosion-Proof-Gas-Station-Light.png 780w, https:\/\/led.amasly.com\/wp-content\/uploads\/2024\/09\/LED-Explosion-Proof-Gas-Station-Light.png 360w\" sizes=\"auto, (max-width: 480px) 150px\" src=\"https:\/\/led.amasly.com\/wp-content\/uploads\/2024\/09\/LED-Explosion-Proof-Gas-Station-Light.png\" alt=\"\" class=\"uag-image-1501\" width=\"300\" height=\"300\" title=\"LED Explosion Proof Gas Station Light\" loading=\"lazy\" role=\"img\"><\/a><\/figure><\/div>\n<\/div>\n<\/div><\/div>\n\n\n\n<div class=\"wp-block-uagb-container uagb-block-548945b5 alignfull uagb-is-root-container\"><div class=\"uagb-container-inner-blocks-wrap\">\n<div class=\"wp-block-uagb-container uagb-block-967755d5\">\n<h4 class=\"wp-block-heading has-text-align-center\"><a href=\"https:\/\/led.amasly.com\/products\/\">LED Explosion Proof Lights<\/a><\/h4>\n<\/div>\n\n\n\n<div class=\"wp-block-uagb-container uagb-block-9bc52fc2\">\n<h4 class=\"wp-block-heading has-text-align-center\"><a href=\"https:\/\/led.amasly.com\/products\/\">LED Tri-Proof Lights<\/a><\/h4>\n<\/div>\n\n\n\n<div class=\"wp-block-uagb-container uagb-block-8ffa0a23\">\n<h4 class=\"wp-block-heading has-text-align-center\"><a href=\"https:\/\/led.amasly.com\/products\/\">Explosion Proof Gas Station Lights<\/a><\/h4>\n<\/div>\n<\/div><\/div>\n\n\n\n<div class=\"wp-block-uagb-container uagb-block-29499fe0 alignfull uagb-is-root-container\"><div class=\"uagb-container-inner-blocks-wrap\">\n<div class=\"wp-block-uagb-container uagb-block-777ee1c7\">\n<div class=\"wp-block-uagb-image uagb-block-2e9a1851 wp-block-uagb-image--layout-default wp-block-uagb-image--effect-static wp-block-uagb-image--align-none\"><figure class=\"wp-block-uagb-image__figure\"><a class=\"\" href=\"https:\/\/led.amasly.com\/products\/\" target=\"\" rel=\"noopener\"><img decoding=\"async\" srcset=\"https:\/\/led.amasly.com\/wp-content\/uploads\/2024\/10\/50W-100W-150W-200W-300W-LED-Flood-Light.jpg ,https:\/\/led.amasly.com\/wp-content\/uploads\/2024\/10\/50W-100W-150W-200W-300W-LED-Flood-Light.jpg 780w, https:\/\/led.amasly.com\/wp-content\/uploads\/2024\/10\/50W-100W-150W-200W-300W-LED-Flood-Light.jpg 360w\" sizes=\"auto, (max-width: 480px) 150px\" src=\"https:\/\/led.amasly.com\/wp-content\/uploads\/2024\/10\/50W-100W-150W-200W-300W-LED-Flood-Light.jpg\" alt=\"\" class=\"uag-image-1526\" width=\"300\" height=\"300\" title=\"50W 100W 150W 200W 300W LED Flood Light\" loading=\"lazy\" role=\"img\"><\/a><\/figure><\/div>\n<\/div>\n\n\n\n<div class=\"wp-block-uagb-container uagb-block-af8c8683\">\n<div class=\"wp-block-uagb-image uagb-block-67947854 wp-block-uagb-image--layout-default wp-block-uagb-image--effect-static wp-block-uagb-image--align-none\"><figure class=\"wp-block-uagb-image__figure\"><a class=\"\" href=\"https:\/\/led.amasly.com\/products\/\" target=\"\" rel=\"noopener\"><img decoding=\"async\" srcset=\"https:\/\/led.amasly.com\/wp-content\/uploads\/2024\/07\/led-tri-proof-light.png ,https:\/\/led.amasly.com\/wp-content\/uploads\/2024\/07\/led-tri-proof-light.png 780w, https:\/\/led.amasly.com\/wp-content\/uploads\/2024\/07\/led-tri-proof-light.png 360w\" sizes=\"auto, (max-width: 480px) 150px\" src=\"https:\/\/led.amasly.com\/wp-content\/uploads\/2024\/07\/led-tri-proof-light.png\" alt=\"\" class=\"uag-image-1130\" width=\"300\" height=\"300\" title=\"led-tri-proof-light\" loading=\"lazy\" role=\"img\"><\/a><\/figure><\/div>\n<\/div>\n\n\n\n<div class=\"wp-block-uagb-container uagb-block-0fdfdd58\">\n<div class=\"wp-block-uagb-image uagb-block-1187d32d wp-block-uagb-image--layout-default wp-block-uagb-image--effect-static wp-block-uagb-image--align-none\"><figure class=\"wp-block-uagb-image__figure\"><a class=\"\" href=\"https:\/\/led.amasly.com\/products\/\" target=\"\" rel=\"noopener\"><img decoding=\"async\" srcset=\"https:\/\/led.amasly.com\/wp-content\/uploads\/2024\/07\/LED-street-light.jpg ,https:\/\/led.amasly.com\/wp-content\/uploads\/2024\/07\/LED-street-light.jpg 780w, https:\/\/led.amasly.com\/wp-content\/uploads\/2024\/07\/LED-street-light.jpg 360w\" sizes=\"auto, (max-width: 480px) 150px\" src=\"https:\/\/led.amasly.com\/wp-content\/uploads\/2024\/07\/LED-street-light.jpg\" alt=\"\" class=\"uag-image-1145\" width=\"300\" height=\"300\" title=\"LED-street-light\" loading=\"lazy\" role=\"img\"><\/a><\/figure><\/div>\n<\/div>\n<\/div><\/div>\n\n\n\n<div class=\"wp-block-uagb-container uagb-block-6a60882c alignfull uagb-is-root-container\"><div class=\"uagb-container-inner-blocks-wrap\">\n<div class=\"wp-block-uagb-container uagb-block-f1e91a35\">\n<h4 class=\"wp-block-heading has-text-align-center\"><a href=\"https:\/\/led.amasly.com\/products\/\">LED Flood Lights<\/a><\/h4>\n<\/div>\n\n\n\n<div class=\"wp-block-uagb-container uagb-block-165bfa58\">\n<h4 class=\"wp-block-heading has-text-align-center\"><a href=\"https:\/\/led.amasly.com\/products\/\">LED Tri-Proof Tube Lights<\/a><\/h4>\n<\/div>\n\n\n\n<div class=\"wp-block-uagb-container uagb-block-f6096e3b\">\n<h4 class=\"wp-block-heading has-text-align-center\"><a href=\"https:\/\/led.amasly.com\/products\/\">LED Street Lights<\/a><\/h4>\n<\/div>\n<\/div><\/div>\n\n\n\n<div class=\"wp-block-uagb-container uagb-block-99c0e0a5 alignfull uagb-is-root-container\"><div class=\"uagb-container-inner-blocks-wrap\"><\/div><\/div>\n\n\n\n<p><\/p>\n","protected":false},"excerpt":{"rendered":"<p>Explosion proof\u00a0LED ceiling light: battery factory safety and efficient lighting innovation program Under the background of the rapid development of new energy industries such as lithium batteries and energy storage batteries, the safety guidelines for battery manufacturing plants continue to be upgraded. Electrolyte leakage, hydrogen release, high-temperature aging and other aspects of the significant risk [&hellip;]<\/p>\n","protected":false},"author":1,"featured_media":0,"parent":2374,"menu_order":0,"comment_status":"closed","ping_status":"closed","template":"","meta":{"_uag_custom_page_level_css":"","site-sidebar-layout":"no-sidebar","site-content-layout":"","ast-site-content-layout":"default","site-content-style":"default","site-sidebar-style":"default","ast-global-header-display":"","ast-banner-title-visibility":"","ast-main-header-display":"","ast-hfb-above-header-display":"","ast-hfb-below-header-display":"","ast-hfb-mobile-header-display":"","site-post-title":"disabled","ast-breadcrumbs-content":"","ast-featured-img":"","footer-sml-layout":"","ast-disable-related-posts":"","theme-transparent-header-meta":"enabled","adv-header-id-meta":"","stick-header-meta":"","header-above-stick-meta":"","header-main-stick-meta":"","header-below-stick-meta":"","astra-migrate-meta-layouts":"set","ast-page-background-enabled":"default","ast-page-background-meta":{"desktop":{"background-color":"var(--ast-global-color-4)","background-image":"","background-repeat":"repeat","background-position":"center center","background-size":"auto","background-attachment":"scroll","background-type":"","background-media":"","overlay-type":"","overlay-color":"","overlay-opacity":"","overlay-gradient":""},"tablet":{"background-color":"","background-image":"","background-repeat":"repeat","background-position":"center center","background-size":"auto","background-attachment":"scroll","background-type":"","background-media":"","overlay-type":"","overlay-color":"","overlay-opacity":"","overlay-gradient":""},"mobile":{"background-color":"","background-image":"","background-repeat":"repeat","background-position":"center center","background-size":"auto","background-attachment":"scroll","background-type":"","background-media":"","overlay-type":"","overlay-color":"","overlay-opacity":"","overlay-gradient":""}},"ast-content-background-meta":{"desktop":{"background-color":"var(--ast-global-color-5)","background-image":"","background-repeat":"repeat","background-position":"center center","background-size":"auto","background-attachment":"scroll","background-type":"","background-media":"","overlay-type":"","overlay-color":"","overlay-opacity":"","overlay-gradient":""},"tablet":{"background-color":"var(--ast-global-color-5)","background-image":"","background-repeat":"repeat","background-position":"center center","background-size":"auto","background-attachment":"scroll","background-type":"","background-media":"","overlay-type":"","overlay-color":"","overlay-opacity":"","overlay-gradient":""},"mobile":{"background-color":"var(--ast-global-color-5)","background-image":"","background-repeat":"repeat","background-position":"center center","background-size":"auto","background-attachment":"scroll","background-type":"","background-media":"","overlay-type":"","overlay-color":"","overlay-opacity":"","overlay-gradient":""}},"footnotes":""},"class_list":["post-2888","page","type-page","status-publish","hentry"],"uagb_featured_image_src":{"full":false,"thumbnail":false,"medium":false,"medium_large":false,"large":false,"1536x1536":false,"2048x2048":false,"trp-custom-language-flag":false},"uagb_author_info":{"display_name":"Joe","author_link":"https:\/\/led.amasly.com\/cs\/author\/jacklin\/"},"uagb_comment_info":0,"uagb_excerpt":"Explosion proof\u00a0LED ceiling light: battery factory safety and efficient lighting innovation program Under the background of the rapid development of new energy industries such as lithium batteries and energy storage batteries, the safety guidelines for battery manufacturing plants continue to be upgraded. Electrolyte leakage, hydrogen release, high-temperature aging and other aspects of the significant risk&hellip;","_links":{"self":[{"href":"https:\/\/led.amasly.com\/cs\/wp-json\/wp\/v2\/pages\/2888","targetHints":{"allow":["GET"]}}],"collection":[{"href":"https:\/\/led.amasly.com\/cs\/wp-json\/wp\/v2\/pages"}],"about":[{"href":"https:\/\/led.amasly.com\/cs\/wp-json\/wp\/v2\/types\/page"}],"author":[{"embeddable":true,"href":"https:\/\/led.amasly.com\/cs\/wp-json\/wp\/v2\/users\/1"}],"replies":[{"embeddable":true,"href":"https:\/\/led.amasly.com\/cs\/wp-json\/wp\/v2\/comments?post=2888"}],"version-history":[{"count":2,"href":"https:\/\/led.amasly.com\/cs\/wp-json\/wp\/v2\/pages\/2888\/revisions"}],"predecessor-version":[{"id":4906,"href":"https:\/\/led.amasly.com\/cs\/wp-json\/wp\/v2\/pages\/2888\/revisions\/4906"}],"up":[{"embeddable":true,"href":"https:\/\/led.amasly.com\/cs\/wp-json\/wp\/v2\/pages\/2374"}],"wp:attachment":[{"href":"https:\/\/led.amasly.com\/cs\/wp-json\/wp\/v2\/media?parent=2888"}],"curies":[{"name":"wp","href":"https:\/\/api.w.org\/{rel}","templated":true}]}}