{"id":2721,"date":"2025-03-26T21:36:02","date_gmt":"2025-03-26T13:36:02","guid":{"rendered":"https:\/\/led.amasly.com\/?page_id=2721"},"modified":"2025-03-26T21:36:06","modified_gmt":"2025-03-26T13:36:06","slug":"vedl-nevybusne-trubice-svetla-v-lodenicich-bezpecnost-a-efektivni-osvetleni-jadra-reseni","status":"publish","type":"page","link":"https:\/\/led.amasly.com\/cs\/znalosti\/znalosti-o-vyrobcich-odolnych-proti-vybuchu\/vedl-nevybusne-trubice-svetla-v-lodenicich-bezpecnost-a-efektivni-osvetleni-jadra-reseni\/","title":{"rendered":"Nev\u00fdbu\u0161n\u00e9 LED trubicov\u00e9 osv\u011btlen\u00ed v lod\u011bnic\u00edch: bezpe\u010dnostn\u00ed a efektivn\u00ed \u0159e\u0161en\u00ed j\u00e1dra osv\u011btlen\u00ed"},"content":{"rendered":"\n<div class=\"wp-block-uagb-container uagb-block-27bae773 alignfull uagb-is-root-container\"><div class=\"uagb-container-inner-blocks-wrap\"><\/div><\/div>\n\n\n\n<h2 class=\"wp-block-heading has-text-align-left\"><strong>LED explosion proof tube light<\/strong><strong>&nbsp;in shipyards: safety and efficient lighting core solutions<\/strong><strong><\/strong><\/h2>\n\n\n\n<p>Explore the fundamental role of LED explosion proof tube light&nbsp;in shipyards: safety, durability and efficiency. Explore how explosion-proof tubes can enhance the safety of the operating environment, reduce maintenance costs, comply with international explosion-proof standards, and provide reliable lighting for the shipbuilding industry to hold help.<\/p>\n\n\n\n<div class=\"wp-block-uagb-image uagb-block-796e8b3a wp-block-uagb-image--layout-default wp-block-uagb-image--effect-static wp-block-uagb-image--align-none\"><figure class=\"wp-block-uagb-image__figure\"><a class=\"\" href=\"https:\/\/led.amasly.com\/\" target=\"\" rel=\"noopener\"><img decoding=\"async\" srcset=\"https:\/\/led.amasly.com\/wp-content\/uploads\/2025\/01\/LED-explosion-proof-linear-lights.png ,https:\/\/led.amasly.com\/wp-content\/uploads\/2025\/01\/LED-explosion-proof-linear-lights.png 780w, https:\/\/led.amasly.com\/wp-content\/uploads\/2025\/01\/LED-explosion-proof-linear-lights.png 360w\" sizes=\"auto, (max-width: 480px) 150px\" src=\"https:\/\/led.amasly.com\/wp-content\/uploads\/2025\/01\/LED-explosion-proof-linear-lights.png\" alt=\"36W explosion proof light\" class=\"uag-image-1676\" width=\"1004\" height=\"294\" title=\"36W explosion proof light\" loading=\"lazy\" role=\"img\"\/><\/a><\/figure><\/div>\n\n\n\n<h2 class=\"wp-block-heading\"><strong>First, the shipyard lighting challenges and the need for explosion-proof tubes<\/strong><strong><\/strong><\/h2>\n\n\n\n<p>Shipyards as a large industrial manufacturing site, the operating environment is complex and full of potential hazards. Welding, painting, fuel storage and other processes, flammable gases, dust, volatile chemicals exist, so that ordinary lighting equipment to face the risk of explosion.<\/p>\n\n\n\n<p>And LED explosion proof tube light&nbsp;with its special design and technology, can effectively isolate sparks, high temperature and flammable environment contact, into the protection of personnel safety and production continuity of the fundamental equipment.<\/p>\n\n\n\n<h3 class=\"wp-block-heading\"><strong>Explosion-proof lamp core value:<\/strong><strong><\/strong><\/h3>\n\n\n\n<p>Intrinsically safe design: approved explosion-proof housing, isolation circuits and other technologies to eliminate the risk of explosion caused by lamp failure.<\/p>\n\n\n\n<p>Environmental adaptability: high protection level [IP66\/IP67] against humidity, salt spray corrosion, adapt to the shipyard open and confined space.<\/p>\n\n\n\n<p>Long life and low maintenance: LED explosion-proof lamp life of up to 50,000 hours, reducing the frequency of high-altitude replacement, reducing operating costs.<\/p>\n\n\n\n<h2 class=\"wp-block-heading\"><strong>Second, <\/strong><strong>LED explosion proof tube light<\/strong><strong>&nbsp;in shipyards in the fundamental application of the scene<\/strong><strong><\/strong><\/h2>\n\n\n\n<h3 class=\"wp-block-heading\"><strong>1. Welding and cutting operation area: explosion-proof lamp explosion-proof barriers<\/strong><strong><\/strong><\/h3>\n\n\n\n<p>Welding area often exists hydrogen, acetylene and other flammable gases, ordinary lamps and lanterns produce arc or high temperature probably triggering an explosion. LED explosion proof tube light&nbsp;with explosion-proof glass and metal shell sealing structure to ensure that even if the internal components fail, the flame will not leak. With impact-resistant material, can withstand the operation of flying metal debris.<\/p>\n\n\n\n<h3 class=\"wp-block-heading\"><strong>2. Paint spraying workshop: explosion-proof and anti-corrosion double protection<\/strong><strong><\/strong><\/h3>\n\n\n\n<p>Paint solvent volatilization to form explosive mixtures need to be strictly controlled. Explosion-proof lamp explosion-proof certification [such as ATEX, <a href=\"http:\/\/www.iecex-certs.com\/\" rel=\"nofollow noopener\" target=\"_blank\">IECEx<\/a>] to ensure its safe operation in Class I, Zone 1 hazardous areas. At the same time, the surface of the lamp body is made of 316 stainless steel or epoxy resin coating to resist chemical corrosion.<\/p>\n\n\n\n<h3 class=\"wp-block-heading\"><strong>3. Cabin and Confined Space: Efficient Lighting and Emergency Functions<\/strong><strong><\/strong><\/h3>\n\n\n\n<p>The interior of ship&#8217;s cabin has limited ventilation and is prone to the accumulation of combustible gases. LED explosion proof tube light&nbsp;with intelligent sensing system can automatically switch to low-power mode when gas leakage is detected, and emergency power supply is approved to maintain the cornerstone lighting, to buy time for personnel evacuation.<\/p>\n\n\n\n<h2 class=\"wp-block-heading\"><strong>Third, explosion-proof lamp core technology advantages<\/strong><strong><\/strong><\/h2>\n\n\n\n<h3 class=\"wp-block-heading\"><strong>1. International certification and compliance<\/strong><strong><\/strong><\/h3>\n\n\n\n<p>High-quality LED explosion proof tube lamp\u00a0and tubes need to be approved ATEX, IECEx, <a href=\"http:\/\/www.ul.com\" rel=\"nofollow noopener\" target=\"_blank\">UL<\/a> and other international explosion-proof certification, in line with the ISO guidelines for the shipbuilding industry. For example, the Ex d IIC T6 certification indicates that it is suitable for Class II, Division C gas environment, the maximum surface temperature \u2264 85 \u00b0 C.<\/p>\n\n\n\n<h3 class=\"wp-block-heading\"><strong>2. High-efficiency LED technology<\/strong><strong><\/strong><\/h3>\n\n\n\n<p>Modern LED explosion proof tube light&nbsp;mostly use LED light source, light efficiency \u2265 120lm\/W, color rendering index [CRI] &gt; 80, to ensure the accuracy of hull welding and assembly. Wide voltage design [100-277V AC] to adapt to the shipyard complex power environment.<\/p>\n\n\n\n<h3 class=\"wp-block-heading\"><strong>3. Intelligent control and energy saving management<\/strong><strong><\/strong><\/h3>\n\n\n\n<p>With the help of DALI dimming system, the brightness can be adjusted according to the working demand, and the energy saving rate can reach 40%. Part of the model integrated temperature sensor, overheating automatic load reduction, to extend the service life.<\/p>\n\n\n\n<h2 class=\"wp-block-heading\"><strong>Fourth, how to choose the right <\/strong><strong>LED explosion proof tube light<\/strong><strong>&nbsp;for shipyards?<\/strong><strong><\/strong><\/h2>\n\n\n\n<h3 class=\"wp-block-heading\"><strong>1. Define the level of hazardous areas<\/strong><strong><\/strong><\/h3>\n\n\n\n<p>Zone 1 [probably short-term explosive environment]: choose Ex d or Ex e explosion-proof type. Zone 2 [only in the event of failure risk]: Ex nR or Ex ic models are more cost-effective.<\/p>\n\n\n\n<h3 class=\"wp-block-heading\"><strong>2. Comparison of basic parameters<\/strong><strong><\/strong><\/h3>\n\n\n\n<figure class=\"wp-block-table\"><table class=\"has-fixed-layout\"><tbody><tr><td>Parameter<\/td><td>Recommended Standard<\/td><\/tr><tr><td>Protection class<\/td><td>IP66\/IP67 (dustproof and waterproof)<\/td><\/tr><tr><td>Anti-corrosion grade<\/td><td>WF2 (resistant to strong salt spray corrosion)<\/td><\/tr><tr><td>Color temperature<\/td><td>5000K (natural white light)<\/td><\/tr><tr><td>Vibration resistance<\/td><td>\u22655G (anti-mechanical vibration)<\/td><\/tr><\/tbody><\/table><\/figure>\n\n\n\n<h3 class=\"wp-block-heading\"><strong>3. Brand and service support<\/strong><strong><\/strong><\/h3>\n\n\n\n<p>Choose to supply 5 years warranty, on-site installation guidance and regular maintenance and testing suppliers to ensure long-term reliable operation.<\/p>\n\n\n\n<h2 class=\"wp-block-heading\"><strong>Fifth. <\/strong><strong>Explosion-proof lamp maintenance and improvement strategy<\/strong><strong><\/strong><\/h2>\n\n\n\n<p>1. Regular sealing test: check the sealing ring of lamp shell every 6 months to prevent aging and lead to protection failure. 2.<\/p>\n\n\n\n<p>2. Clean the heat dissipation channel: clean up the lamps and lanterns heat sink accumulated dust, to avoid overheating triggered by performance degradation.<\/p>\n\n\n\n<p>3. Intelligent monitoring system: approve the IoT platform to remotely monitor the status of the lamps and lanterns, predictive replacement of faulty components.<\/p>\n\n\n\n<h2 class=\"wp-block-heading\"><strong>Six<\/strong><strong>th<\/strong><strong>, the future momentum: <\/strong><strong>LED explosion proof tube light<\/strong><strong>&nbsp;and intelligent shipyard integration<\/strong><strong><\/strong><\/h2>\n\n\n\n<p>Along with Industry 4.0 to promote, LED explosion proof tube light&nbsp;are being upgraded from a single lighting device to an intelligent node:<\/p>\n\n\n\n<p>Digital twin integration: lamps and lanterns built-in sensors to collect environmental temperature and humidity, gas concentration data, linkage ventilation system.<\/p>\n\n\n\n<p>Energy management improvement: approval of explosion-proof light tube power consumption data analysis, improve the overall energy consumption structure of the shipyard.<\/p>\n\n\n\n<h2 class=\"wp-block-heading\"><strong>Seven<\/strong><strong>th<\/strong><strong>, conclusion: <\/strong><strong>LED explosion proof tube light<\/strong><strong>&nbsp;and tubes &#8211; shipyard safety lighting cornerstone<\/strong><strong><\/strong><\/h2>\n\n\n\n<p>In this high-risk industry in shipbuilding, LED explosion proof tube light&nbsp;are more than just a lighting tool, but also a critical line of defense for safe production. Selected in line with international standards, to adapt to the complex working conditions of LED explosion proof tube light, can significantly reduce the risk of accidents, improve operational efficiency, for the sustainable development of enterprises to provide a solid guarantee.<\/p>\n\n\n\n<h2 class=\"wp-block-heading\"><strong>Take action now:<\/strong><strong><\/strong><\/h2>\n\n\n\n<p class=\"has-text-align-left\">For customized explosion-proof lighting solutions for shipyards or to obtain product white papers, please contact our team of experts for a full range of ATEX-compliant explosion-proof lighting solutions.<\/p>\n\n\n\n<div class=\"wp-block-uagb-container uagb-block-c7d898dd alignfull uagb-is-root-container\"><div class=\"uagb-container-inner-blocks-wrap\"><\/div><\/div>\n\n\n\n<h2 class=\"wp-block-heading\">Related Products<\/h2>\n\n\n\n<div class=\"wp-block-uagb-container uagb-block-66e4defc alignfull uagb-is-root-container\"><div class=\"uagb-container-inner-blocks-wrap\">\n<div class=\"wp-block-uagb-container uagb-block-a42945f9\">\n<div class=\"wp-block-uagb-image uagb-block-7296296b wp-block-uagb-image--layout-default wp-block-uagb-image--effect-static wp-block-uagb-image--align-none\"><figure class=\"wp-block-uagb-image__figure\"><a class=\"\" href=\"https:\/\/led.amasly.com\/products\/\" target=\"\" rel=\"noopener\"><img decoding=\"async\" srcset=\"https:\/\/led.amasly.com\/wp-content\/uploads\/2024\/09\/Explosion-proof-high-bay-lights.png ,https:\/\/led.amasly.com\/wp-content\/uploads\/2024\/09\/Explosion-proof-high-bay-lights.png 780w, https:\/\/led.amasly.com\/wp-content\/uploads\/2024\/09\/Explosion-proof-high-bay-lights.png 360w\" sizes=\"auto, (max-width: 480px) 150px\" src=\"https:\/\/led.amasly.com\/wp-content\/uploads\/2024\/09\/Explosion-proof-high-bay-lights.png\" alt=\"\" class=\"uag-image-1495\" width=\"300\" height=\"300\" title=\"Explosion proof high bay lights\" loading=\"lazy\" role=\"img\"><\/a><\/figure><\/div>\n<\/div>\n\n\n\n<div class=\"wp-block-uagb-container uagb-block-4d3efde5\">\n<div class=\"wp-block-uagb-image uagb-block-c9e90797 wp-block-uagb-image--layout-default wp-block-uagb-image--effect-static wp-block-uagb-image--align-none\"><figure class=\"wp-block-uagb-image__figure\"><a class=\"\" href=\"https:\/\/led.amasly.com\/products\/\" target=\"\" rel=\"noopener\"><img decoding=\"async\" srcset=\"https:\/\/led.amasly.com\/wp-content\/uploads\/2024\/07\/LED-tri-proof-lights2.png ,https:\/\/led.amasly.com\/wp-content\/uploads\/2024\/07\/LED-tri-proof-lights2.png 780w, https:\/\/led.amasly.com\/wp-content\/uploads\/2024\/07\/LED-tri-proof-lights2.png 360w\" sizes=\"auto, (max-width: 480px) 150px\" src=\"https:\/\/led.amasly.com\/wp-content\/uploads\/2024\/07\/LED-tri-proof-lights2.png\" alt=\"\" class=\"uag-image-1132\" width=\"300\" height=\"300\" title=\"LED-tri-proof-lights2\" loading=\"lazy\" role=\"img\"><\/a><\/figure><\/div>\n<\/div>\n\n\n\n<div class=\"wp-block-uagb-container uagb-block-11c2578b\">\n<div class=\"wp-block-uagb-image uagb-block-6e8883aa wp-block-uagb-image--layout-default wp-block-uagb-image--effect-static wp-block-uagb-image--align-none\"><figure class=\"wp-block-uagb-image__figure\"><a class=\"\" href=\"https:\/\/led.amasly.com\/products\/\" target=\"\" rel=\"noopener\"><img decoding=\"async\" srcset=\"https:\/\/led.amasly.com\/wp-content\/uploads\/2024\/09\/LED-Explosion-Proof-Gas-Station-Light.png ,https:\/\/led.amasly.com\/wp-content\/uploads\/2024\/09\/LED-Explosion-Proof-Gas-Station-Light.png 780w, https:\/\/led.amasly.com\/wp-content\/uploads\/2024\/09\/LED-Explosion-Proof-Gas-Station-Light.png 360w\" sizes=\"auto, (max-width: 480px) 150px\" src=\"https:\/\/led.amasly.com\/wp-content\/uploads\/2024\/09\/LED-Explosion-Proof-Gas-Station-Light.png\" alt=\"\" class=\"uag-image-1501\" width=\"300\" height=\"300\" title=\"LED Explosion Proof Gas Station Light\" loading=\"lazy\" role=\"img\"><\/a><\/figure><\/div>\n<\/div>\n<\/div><\/div>\n\n\n\n<div class=\"wp-block-uagb-container uagb-block-548945b5 alignfull uagb-is-root-container\"><div class=\"uagb-container-inner-blocks-wrap\">\n<div class=\"wp-block-uagb-container uagb-block-967755d5\">\n<h4 class=\"wp-block-heading has-text-align-center\"><a href=\"https:\/\/led.amasly.com\/products\/\">LED Explosion Proof Lights<\/a><\/h4>\n<\/div>\n\n\n\n<div class=\"wp-block-uagb-container uagb-block-9bc52fc2\">\n<h4 class=\"wp-block-heading has-text-align-center\"><a href=\"https:\/\/led.amasly.com\/products\/\">LED Tri-Proof Lights<\/a><\/h4>\n<\/div>\n\n\n\n<div class=\"wp-block-uagb-container uagb-block-8ffa0a23\">\n<h4 class=\"wp-block-heading has-text-align-center\"><a href=\"https:\/\/led.amasly.com\/products\/\">Explosion Proof Gas Station Lights<\/a><\/h4>\n<\/div>\n<\/div><\/div>\n\n\n\n<div class=\"wp-block-uagb-container uagb-block-29499fe0 alignfull uagb-is-root-container\"><div class=\"uagb-container-inner-blocks-wrap\">\n<div class=\"wp-block-uagb-container uagb-block-777ee1c7\">\n<div class=\"wp-block-uagb-image uagb-block-2e9a1851 wp-block-uagb-image--layout-default wp-block-uagb-image--effect-static wp-block-uagb-image--align-none\"><figure class=\"wp-block-uagb-image__figure\"><a class=\"\" href=\"https:\/\/led.amasly.com\/products\/\" target=\"\" rel=\"noopener\"><img decoding=\"async\" srcset=\"https:\/\/led.amasly.com\/wp-content\/uploads\/2024\/10\/50W-100W-150W-200W-300W-LED-Flood-Light.jpg ,https:\/\/led.amasly.com\/wp-content\/uploads\/2024\/10\/50W-100W-150W-200W-300W-LED-Flood-Light.jpg 780w, https:\/\/led.amasly.com\/wp-content\/uploads\/2024\/10\/50W-100W-150W-200W-300W-LED-Flood-Light.jpg 360w\" sizes=\"auto, (max-width: 480px) 150px\" src=\"https:\/\/led.amasly.com\/wp-content\/uploads\/2024\/10\/50W-100W-150W-200W-300W-LED-Flood-Light.jpg\" alt=\"\" class=\"uag-image-1526\" width=\"300\" height=\"300\" title=\"50W 100W 150W 200W 300W LED Flood Light\" loading=\"lazy\" role=\"img\"><\/a><\/figure><\/div>\n<\/div>\n\n\n\n<div class=\"wp-block-uagb-container uagb-block-af8c8683\">\n<div class=\"wp-block-uagb-image uagb-block-67947854 wp-block-uagb-image--layout-default wp-block-uagb-image--effect-static wp-block-uagb-image--align-none\"><figure class=\"wp-block-uagb-image__figure\"><a class=\"\" href=\"https:\/\/led.amasly.com\/products\/\" target=\"\" rel=\"noopener\"><img decoding=\"async\" srcset=\"https:\/\/led.amasly.com\/wp-content\/uploads\/2024\/07\/led-tri-proof-light.png ,https:\/\/led.amasly.com\/wp-content\/uploads\/2024\/07\/led-tri-proof-light.png 780w, https:\/\/led.amasly.com\/wp-content\/uploads\/2024\/07\/led-tri-proof-light.png 360w\" sizes=\"auto, (max-width: 480px) 150px\" src=\"https:\/\/led.amasly.com\/wp-content\/uploads\/2024\/07\/led-tri-proof-light.png\" alt=\"\" class=\"uag-image-1130\" width=\"300\" height=\"300\" title=\"led-tri-proof-light\" loading=\"lazy\" role=\"img\"><\/a><\/figure><\/div>\n<\/div>\n\n\n\n<div class=\"wp-block-uagb-container uagb-block-0fdfdd58\">\n<div class=\"wp-block-uagb-image uagb-block-1187d32d wp-block-uagb-image--layout-default wp-block-uagb-image--effect-static wp-block-uagb-image--align-none\"><figure class=\"wp-block-uagb-image__figure\"><a class=\"\" href=\"https:\/\/led.amasly.com\/products\/\" target=\"\" rel=\"noopener\"><img decoding=\"async\" srcset=\"https:\/\/led.amasly.com\/wp-content\/uploads\/2024\/07\/LED-street-light.jpg ,https:\/\/led.amasly.com\/wp-content\/uploads\/2024\/07\/LED-street-light.jpg 780w, https:\/\/led.amasly.com\/wp-content\/uploads\/2024\/07\/LED-street-light.jpg 360w\" sizes=\"auto, (max-width: 480px) 150px\" src=\"https:\/\/led.amasly.com\/wp-content\/uploads\/2024\/07\/LED-street-light.jpg\" alt=\"\" class=\"uag-image-1145\" width=\"300\" height=\"300\" title=\"LED-street-light\" loading=\"lazy\" role=\"img\"><\/a><\/figure><\/div>\n<\/div>\n<\/div><\/div>\n\n\n\n<div class=\"wp-block-uagb-container uagb-block-6a60882c alignfull uagb-is-root-container\"><div class=\"uagb-container-inner-blocks-wrap\">\n<div class=\"wp-block-uagb-container uagb-block-f1e91a35\">\n<h4 class=\"wp-block-heading has-text-align-center\"><a href=\"https:\/\/led.amasly.com\/products\/\">LED Flood Lights<\/a><\/h4>\n<\/div>\n\n\n\n<div class=\"wp-block-uagb-container uagb-block-165bfa58\">\n<h4 class=\"wp-block-heading has-text-align-center\"><a href=\"https:\/\/led.amasly.com\/products\/\">LED Tri-Proof Tube Lights<\/a><\/h4>\n<\/div>\n\n\n\n<div class=\"wp-block-uagb-container uagb-block-f6096e3b\">\n<h4 class=\"wp-block-heading has-text-align-center\"><a href=\"https:\/\/led.amasly.com\/products\/\">LED Street Lights<\/a><\/h4>\n<\/div>\n<\/div><\/div>\n\n\n\n<div class=\"wp-block-uagb-container uagb-block-99c0e0a5 alignfull uagb-is-root-container\"><div class=\"uagb-container-inner-blocks-wrap\"><\/div><\/div>\n\n\n\n<p><\/p>\n","protected":false},"excerpt":{"rendered":"<p>LED explosion proof tube light&nbsp;in shipyards: safety and efficient lighting core solutions Explore the fundamental role of LED explosion proof tube light&nbsp;in shipyards: safety, durability and efficiency. Explore how explosion-proof tubes can enhance the safety of the operating environment, reduce maintenance costs, comply with international explosion-proof standards, and provide reliable lighting for the shipbuilding industry [&hellip;]<\/p>\n","protected":false},"author":1,"featured_media":0,"parent":2374,"menu_order":0,"comment_status":"closed","ping_status":"closed","template":"","meta":{"_uag_custom_page_level_css":"","site-sidebar-layout":"no-sidebar","site-content-layout":"","ast-site-content-layout":"default","site-content-style":"default","site-sidebar-style":"default","ast-global-header-display":"","ast-banner-title-visibility":"","ast-main-header-display":"","ast-hfb-above-header-display":"","ast-hfb-below-header-display":"","ast-hfb-mobile-header-display":"","site-post-title":"disabled","ast-breadcrumbs-content":"","ast-featured-img":"","footer-sml-layout":"","ast-disable-related-posts":"","theme-transparent-header-meta":"enabled","adv-header-id-meta":"","stick-header-meta":"","header-above-stick-meta":"","header-main-stick-meta":"","header-below-stick-meta":"","astra-migrate-meta-layouts":"set","ast-page-background-enabled":"default","ast-page-background-meta":{"desktop":{"background-color":"var(--ast-global-color-4)","background-image":"","background-repeat":"repeat","background-position":"center center","background-size":"auto","background-attachment":"scroll","background-type":"","background-media":"","overlay-type":"","overlay-color":"","overlay-opacity":"","overlay-gradient":""},"tablet":{"background-color":"","background-image":"","background-repeat":"repeat","background-position":"center center","background-size":"auto","background-attachment":"scroll","background-type":"","background-media":"","overlay-type":"","overlay-color":"","overlay-opacity":"","overlay-gradient":""},"mobile":{"background-color":"","background-image":"","background-repeat":"repeat","background-position":"center center","background-size":"auto","background-attachment":"scroll","background-type":"","background-media":"","overlay-type":"","overlay-color":"","overlay-opacity":"","overlay-gradient":""}},"ast-content-background-meta":{"desktop":{"background-color":"var(--ast-global-color-5)","background-image":"","background-repeat":"repeat","background-position":"center center","background-size":"auto","background-attachment":"scroll","background-type":"","background-media":"","overlay-type":"","overlay-color":"","overlay-opacity":"","overlay-gradient":""},"tablet":{"background-color":"var(--ast-global-color-5)","background-image":"","background-repeat":"repeat","background-position":"center center","background-size":"auto","background-attachment":"scroll","background-type":"","background-media":"","overlay-type":"","overlay-color":"","overlay-opacity":"","overlay-gradient":""},"mobile":{"background-color":"var(--ast-global-color-5)","background-image":"","background-repeat":"repeat","background-position":"center center","background-size":"auto","background-attachment":"scroll","background-type":"","background-media":"","overlay-type":"","overlay-color":"","overlay-opacity":"","overlay-gradient":""}},"footnotes":""},"class_list":["post-2721","page","type-page","status-publish","hentry"],"uagb_featured_image_src":{"full":false,"thumbnail":false,"medium":false,"medium_large":false,"large":false,"1536x1536":false,"2048x2048":false,"trp-custom-language-flag":false},"uagb_author_info":{"display_name":"Joe","author_link":"https:\/\/led.amasly.com\/cs\/author\/jacklin\/"},"uagb_comment_info":0,"uagb_excerpt":"LED explosion proof tube light&nbsp;in shipyards: safety and efficient lighting core solutions Explore the fundamental role of LED explosion proof tube light&nbsp;in shipyards: safety, durability and efficiency. Explore how explosion-proof tubes can enhance the safety of the operating environment, reduce maintenance costs, comply with international explosion-proof standards, and provide reliable lighting for the shipbuilding industry&hellip;","_links":{"self":[{"href":"https:\/\/led.amasly.com\/cs\/wp-json\/wp\/v2\/pages\/2721","targetHints":{"allow":["GET"]}}],"collection":[{"href":"https:\/\/led.amasly.com\/cs\/wp-json\/wp\/v2\/pages"}],"about":[{"href":"https:\/\/led.amasly.com\/cs\/wp-json\/wp\/v2\/types\/page"}],"author":[{"embeddable":true,"href":"https:\/\/led.amasly.com\/cs\/wp-json\/wp\/v2\/users\/1"}],"replies":[{"embeddable":true,"href":"https:\/\/led.amasly.com\/cs\/wp-json\/wp\/v2\/comments?post=2721"}],"version-history":[{"count":1,"href":"https:\/\/led.amasly.com\/cs\/wp-json\/wp\/v2\/pages\/2721\/revisions"}],"predecessor-version":[{"id":2726,"href":"https:\/\/led.amasly.com\/cs\/wp-json\/wp\/v2\/pages\/2721\/revisions\/2726"}],"up":[{"embeddable":true,"href":"https:\/\/led.amasly.com\/cs\/wp-json\/wp\/v2\/pages\/2374"}],"wp:attachment":[{"href":"https:\/\/led.amasly.com\/cs\/wp-json\/wp\/v2\/media?parent=2721"}],"curies":[{"name":"wp","href":"https:\/\/api.w.org\/{rel}","templated":true}]}}