{"id":2451,"date":"2025-03-12T21:51:40","date_gmt":"2025-03-12T13:51:40","guid":{"rendered":"https:\/\/led.amasly.com\/?page_id=2451"},"modified":"2026-01-29T21:45:29","modified_gmt":"2026-01-29T13:45:29","slug":"nevybusna-zarivka-prumyslove-osvetleni-v-nebezpecnem-prostredi-bezpecnostni-reseni","status":"publish","type":"page","link":"https:\/\/led.amasly.com\/cs\/znalosti\/znalosti-o-vyrobcich-odolnych-proti-vybuchu\/nevybusna-zarivka-prumyslove-osvetleni-v-nebezpecnem-prostredi-bezpecnostni-reseni\/","title":{"rendered":"Nev\u00fdbu\u0161n\u00e9 z\u00e1\u0159ivky: bezpe\u010dnostn\u00ed \u0159e\u0161en\u00ed pr\u016fmyslov\u00e9ho osv\u011btlen\u00ed v nebezpe\u010dn\u00e9m prost\u0159ed\u00ed"},"content":{"rendered":"\n<div class=\"wp-block-uagb-container uagb-block-27bae773 alignfull uagb-is-root-container\"><div class=\"uagb-container-inner-blocks-wrap\"><\/div><\/div>\n\n\n\n<h1 class=\"wp-block-heading has-text-align-center\"><strong>Explosion proof\u00a0fluorescent lights: industrial hazardous environment lighting safety solutions<\/strong><\/h1>\n\n\n\n<div class=\"wp-block-uagb-image uagb-block-3343decd wp-block-uagb-image--layout-default wp-block-uagb-image--effect-static wp-block-uagb-image--align-none\"><figure class=\"wp-block-uagb-image__figure\"><img decoding=\"async\" srcset=\"https:\/\/led.amasly.com\/wp-content\/uploads\/2024\/09\/Explosion-proof-linear-light.png ,https:\/\/led.amasly.com\/wp-content\/uploads\/2024\/09\/Explosion-proof-linear-light.png 780w, https:\/\/led.amasly.com\/wp-content\/uploads\/2024\/09\/Explosion-proof-linear-light.png 360w\" sizes=\"auto, (max-width: 480px) 150px\" src=\"https:\/\/led.amasly.com\/wp-content\/uploads\/2024\/09\/Explosion-proof-linear-light.png\" alt=\"LED Explosion Proof Tube Lights, Explosion proof\u00a0fluorescent lights\" class=\"uag-image-1497\" width=\"300\" height=\"300\" title=\"Explosion proof linear light\" loading=\"lazy\" role=\"img\"\/><\/figure><\/div>\n\n\n\n<h2 class=\"wp-block-heading\"><strong>First. Explosion proof\u00a0fluorescent lights\u00a0core technology and working principle<\/strong><\/h2>\n\n\n\n<p>Explosion proof&nbsp;fluorescent lights as a special environment lighting equipment, approved triple protection mechanism to ensure operational safety. Its core technology is reflected in:<\/p>\n\n\n\n<p>Explosion proof&nbsp;structural design: the use of Explosion proof&nbsp;shell [Ex d] or increased safety structure [Ex e], approved precision machining of the joint gap to control the propagation of the explosion fluorescent tube improvement: configuration of low-mercury content of the T5\/T8 tube, the operating temperature is strictly controlled below 85 \u2103, in line with the requirements of the IIB Explosion proof&nbsp;circuit protection system: built-in over-voltage, overcurrent, surge protection module, approved by the IECEx International Explosion Proof Certification<\/p>\n\n\n\n<p>The latest research and development of LED &#8211; fluorescent hybrid light source technology, light efficiency to 120lm \/ W, while maintaining the traditional fluorescent lights and lanterns stable color rendering index [Ra&gt;80], especially suitable for petrochemical industry, such as the need to accurately identify the color of the operating environment.<\/p>\n\n\n\n<h2 class=\"wp-block-heading\"><strong>Second. <\/strong><strong>Explosion proof<\/strong><strong>&nbsp;fluorescent <\/strong><strong>light<\/strong><strong>s primary application analysis<\/strong><strong><\/strong><\/h2>\n\n\n\n<h3 class=\"wp-block-heading\"><strong>1. Petrochemical industry<\/strong><strong><\/strong><\/h3>\n\n\n\n<p>In refineries, chemical plants and other Zone 1 hazardous areas, Explosion proof&nbsp;fluorescent lights need to meet:<\/p>\n\n\n\n<p>ATEX\/<a href=\"http:\/\/www.iecex-certs.com\/\" rel=\"nofollow noopener\" target=\"_blank\">IECEx<\/a> double certification of hydrogen sulfide corrosion coating anti-vibration structure [seismic grade \u2265 8].<\/p>\n\n\n\n<h3 class=\"wp-block-heading\"><strong>2. Mining underground lighting<\/strong><strong><\/strong><\/h3>\n\n\n\n<p>For coal mine methane environment:<\/p>\n\n\n\n<p>Get the MA mining product safety mark configuration emergency power [range \u2265 90 minutes] 360 \u00b0 anti-glare grille design<\/p>\n\n\n\n<h3 class=\"wp-block-heading\"><strong>3. Grain processing workshop<\/strong><strong><\/strong><\/h3>\n\n\n\n<p>Explosion proof&nbsp;fluorescent lights in such places need to have:<\/p>\n\n\n\n<p>IP66 protection level anti-dust penetration structure food-grade surface treatment process<\/p>\n\n\n\n<h2 class=\"wp-block-heading\"><strong>Third, Explosion proof\u00a0fluorescent lights\u00a0selection guide<\/strong><\/h2>\n\n\n\n<p>1. Applicable environment: Explosion proof&nbsp;fluorescent lights are suitable for explosive gas environments 1, 2, combustible dust environment 21, 22, and \u2161 A, \u2161 B, \u2161 C explosive gas environment. Applicable to temperature group T1 ~ T6\/T4 environment, widely used in petroleum refining, storage, chemical, pharmaceutical, textile, printing and dyeing, military and military facilities and other explosive hazardous environments.<\/p>\n\n\n\n<p>2. Technical parameters: Explosion proof&nbsp;fluorescent light&nbsp;technical parameters covering power, light source type, Explosion proof&nbsp;grade, shell material, surface treatment, light&nbsp;size, connection method and so on. For example, SOCK86BHY 18W\/2*18W Explosion proof&nbsp;fluorescent light&nbsp;power 18W\/2*18W, using energy efficient fluorescent tubes as a light source, Explosion proof&nbsp;grade Ex d IIB T4\/T5\/T6, the shell material is often aluminum alloy or stainless steel, with good corrosion resistance and impact resistance.<\/p>\n\n\n\n<p>3. Certification guidelines: Explosion proof&nbsp;fluorescent lights must be approved by the relevant Explosion proof&nbsp;certificates, such as ATEX, IECEx; to ensure product safety compliance. The use of certification standards can ensure that the product will not produce sparks or overheating in flammable and explosive environments, thereby reducing the risk of fire or explosion.<\/p>\n\n\n\n<p>4. Installation Methods: Common installation methods include ceiling [x], wall [b1, b2], bracket [z], boom [g], flange [f], guardrail [h], etc. Different installation methods are suitable for different scenarios. Different installation methods are suitable for different scenarios<\/p>\n\n\n\n<p>5. Maintenance and replacement: Explosion proof&nbsp;fluorescent light&nbsp;life is generally 8000-10000 hours, must be replaced regularly to ensure the lighting effect. Replacement should pay attention to the safe operation, avoid replacement in the energized state.<\/p>\n\n\n\n<h2 class=\"wp-block-heading\"><strong>Fourth, <\/strong><strong>Explosion proof<\/strong><strong>&nbsp;fluorescent <\/strong><strong>light<\/strong><strong>&nbsp;installation and maintenance specifications<\/strong><strong><\/strong><\/h2>\n\n\n\n<h3 class=\"wp-block-heading\"><strong>Professional installation process<\/strong><strong><\/strong><\/h3>\n\n\n\n<p>Pre-embedded load-bearing test [\u2265 5 times the weight of the light] cable introduction device sealing treatment [using Ex special glands] grounding resistance test [\u2264 0.1\u03a9].<\/p>\n\n\n\n<h3 class=\"wp-block-heading\"><strong>Maintenance points<\/strong><strong><\/strong><\/h3>\n\n\n\n<p>Quarterly inspection of the transparent cover transmittance [attenuation value &lt;15%] annual implementation of air tightness testing [pressure value of 1.5 times the holding pressure for 10 minutes] light source replacement cycle advocated: 12,000 hours [including 10% safety margin].<\/p>\n\n\n\n<h2 class=\"wp-block-heading\"><strong>Fifth. Explosion proof\u00a0fluorescent lights\u00a0market momentum<\/strong><\/h2>\n\n\n\n<p>Intelligent IOT upgrade: integrated illumination sensors, wireless modules, remote monitoring [in line with Industry 4.0 guidelines] New energy adaptation: the development of photovoltaic storage Explosion proof&nbsp;lights and lanterns to meet the demand for off-grid operation Material innovation: nano-cleaning coating technology to enhance the maintenance efficiency by 30<\/p>\n\n\n\n<p>The global Explosion proof&nbsp;lighting market is growing at a compound annual growth rate of 6.8% [2023-2030], with Asia-Pacific accounting for more than 45% of the demand, and the primary growth point is centered on the construction of LNG receiving stations and new energy battery plants.<\/p>\n\n\n\n<h2 class=\"wp-block-heading\"><strong>Conclusion: How to get customized explosion<\/strong><strong>&nbsp;<\/strong><strong>proof fluorescent<\/strong><strong>&nbsp;<\/strong><strong>lights to get the job done?<\/strong><strong><\/strong><\/h2>\n\n\n\n<p class=\"has-text-align-left\">As a professional manufacturer in the field of industrial lighting for many&nbsp;years, Amasly provides full-cycle services from explosion proof&nbsp;rating assessment, light environment simulation to lifetime maintenance. Contact our explosion proof&nbsp;lighting engineers today to get aexplosion proof&nbsp;fluorescent light&nbsp;technical solution and <a href=\"http:\/\/www.iecex-certs.com\/\" rel=\"nofollow noopener\" target=\"_blank\">ATEX certification<\/a> that meets your working conditions.<\/p>\n\n\n\n<div class=\"wp-block-uagb-container uagb-block-c7d898dd alignfull uagb-is-root-container\"><div class=\"uagb-container-inner-blocks-wrap\"><\/div><\/div>\n\n\n\n<h2 class=\"wp-block-heading\">Related Products<\/h2>\n\n\n\n<div class=\"wp-block-uagb-container uagb-block-66e4defc alignfull uagb-is-root-container\"><div class=\"uagb-container-inner-blocks-wrap\">\n<div class=\"wp-block-uagb-container uagb-block-a42945f9\">\n<div class=\"wp-block-uagb-image uagb-block-7296296b wp-block-uagb-image--layout-default wp-block-uagb-image--effect-static wp-block-uagb-image--align-none\"><figure class=\"wp-block-uagb-image__figure\"><a class=\"\" href=\"https:\/\/led.amasly.com\/products\/\" target=\"\" rel=\"noopener\"><img decoding=\"async\" srcset=\"https:\/\/led.amasly.com\/wp-content\/uploads\/2024\/09\/Explosion-proof-high-bay-lights.png ,https:\/\/led.amasly.com\/wp-content\/uploads\/2024\/09\/Explosion-proof-high-bay-lights.png 780w, https:\/\/led.amasly.com\/wp-content\/uploads\/2024\/09\/Explosion-proof-high-bay-lights.png 360w\" sizes=\"auto, (max-width: 480px) 150px\" src=\"https:\/\/led.amasly.com\/wp-content\/uploads\/2024\/09\/Explosion-proof-high-bay-lights.png\" alt=\"\" class=\"uag-image-1495\" width=\"300\" height=\"300\" title=\"Explosion proof high bay lights\" loading=\"lazy\" role=\"img\"><\/a><\/figure><\/div>\n<\/div>\n\n\n\n<div class=\"wp-block-uagb-container uagb-block-4d3efde5\">\n<div class=\"wp-block-uagb-image uagb-block-c9e90797 wp-block-uagb-image--layout-default wp-block-uagb-image--effect-static wp-block-uagb-image--align-none\"><figure class=\"wp-block-uagb-image__figure\"><a class=\"\" href=\"https:\/\/led.amasly.com\/products\/\" target=\"\" rel=\"noopener\"><img decoding=\"async\" srcset=\"https:\/\/led.amasly.com\/wp-content\/uploads\/2024\/07\/LED-tri-proof-lights2.png ,https:\/\/led.amasly.com\/wp-content\/uploads\/2024\/07\/LED-tri-proof-lights2.png 780w, https:\/\/led.amasly.com\/wp-content\/uploads\/2024\/07\/LED-tri-proof-lights2.png 360w\" sizes=\"auto, (max-width: 480px) 150px\" src=\"https:\/\/led.amasly.com\/wp-content\/uploads\/2024\/07\/LED-tri-proof-lights2.png\" alt=\"\" class=\"uag-image-1132\" width=\"300\" height=\"300\" title=\"LED-tri-proof-lights2\" loading=\"lazy\" role=\"img\"><\/a><\/figure><\/div>\n<\/div>\n\n\n\n<div class=\"wp-block-uagb-container uagb-block-11c2578b\">\n<div class=\"wp-block-uagb-image uagb-block-6e8883aa wp-block-uagb-image--layout-default wp-block-uagb-image--effect-static wp-block-uagb-image--align-none\"><figure class=\"wp-block-uagb-image__figure\"><a class=\"\" href=\"https:\/\/led.amasly.com\/products\/\" target=\"\" rel=\"noopener\"><img decoding=\"async\" srcset=\"https:\/\/led.amasly.com\/wp-content\/uploads\/2024\/09\/LED-Explosion-Proof-Gas-Station-Light.png ,https:\/\/led.amasly.com\/wp-content\/uploads\/2024\/09\/LED-Explosion-Proof-Gas-Station-Light.png 780w, https:\/\/led.amasly.com\/wp-content\/uploads\/2024\/09\/LED-Explosion-Proof-Gas-Station-Light.png 360w\" sizes=\"auto, (max-width: 480px) 150px\" src=\"https:\/\/led.amasly.com\/wp-content\/uploads\/2024\/09\/LED-Explosion-Proof-Gas-Station-Light.png\" alt=\"\" class=\"uag-image-1501\" width=\"300\" height=\"300\" title=\"LED Explosion Proof Gas Station Light\" loading=\"lazy\" role=\"img\"><\/a><\/figure><\/div>\n<\/div>\n<\/div><\/div>\n\n\n\n<div class=\"wp-block-uagb-container uagb-block-548945b5 alignfull uagb-is-root-container\"><div class=\"uagb-container-inner-blocks-wrap\">\n<div class=\"wp-block-uagb-container uagb-block-967755d5\">\n<h4 class=\"wp-block-heading has-text-align-center\"><a href=\"https:\/\/led.amasly.com\/products\/\">LED Explosion Proof Lights<\/a><\/h4>\n<\/div>\n\n\n\n<div class=\"wp-block-uagb-container uagb-block-9bc52fc2\">\n<h4 class=\"wp-block-heading has-text-align-center\"><a href=\"https:\/\/led.amasly.com\/products\/\">LED Tri-Proof Lights<\/a><\/h4>\n<\/div>\n\n\n\n<div class=\"wp-block-uagb-container uagb-block-8ffa0a23\">\n<h4 class=\"wp-block-heading has-text-align-center\"><a href=\"https:\/\/led.amasly.com\/products\/\">Explosion Proof Gas Station Lights<\/a><\/h4>\n<\/div>\n<\/div><\/div>\n\n\n\n<div class=\"wp-block-uagb-container uagb-block-29499fe0 alignfull uagb-is-root-container\"><div class=\"uagb-container-inner-blocks-wrap\">\n<div class=\"wp-block-uagb-container uagb-block-777ee1c7\">\n<div class=\"wp-block-uagb-image uagb-block-2e9a1851 wp-block-uagb-image--layout-default wp-block-uagb-image--effect-static wp-block-uagb-image--align-none\"><figure class=\"wp-block-uagb-image__figure\"><a class=\"\" href=\"https:\/\/led.amasly.com\/products\/\" target=\"\" rel=\"noopener\"><img decoding=\"async\" srcset=\"https:\/\/led.amasly.com\/wp-content\/uploads\/2024\/10\/50W-100W-150W-200W-300W-LED-Flood-Light.jpg ,https:\/\/led.amasly.com\/wp-content\/uploads\/2024\/10\/50W-100W-150W-200W-300W-LED-Flood-Light.jpg 780w, https:\/\/led.amasly.com\/wp-content\/uploads\/2024\/10\/50W-100W-150W-200W-300W-LED-Flood-Light.jpg 360w\" sizes=\"auto, (max-width: 480px) 150px\" src=\"https:\/\/led.amasly.com\/wp-content\/uploads\/2024\/10\/50W-100W-150W-200W-300W-LED-Flood-Light.jpg\" alt=\"\" class=\"uag-image-1526\" width=\"300\" height=\"300\" title=\"50W 100W 150W 200W 300W LED Flood Light\" loading=\"lazy\" role=\"img\"><\/a><\/figure><\/div>\n<\/div>\n\n\n\n<div class=\"wp-block-uagb-container uagb-block-af8c8683\">\n<div class=\"wp-block-uagb-image uagb-block-67947854 wp-block-uagb-image--layout-default wp-block-uagb-image--effect-static wp-block-uagb-image--align-none\"><figure class=\"wp-block-uagb-image__figure\"><a class=\"\" href=\"https:\/\/led.amasly.com\/products\/\" target=\"\" rel=\"noopener\"><img decoding=\"async\" srcset=\"https:\/\/led.amasly.com\/wp-content\/uploads\/2024\/07\/led-tri-proof-light.png ,https:\/\/led.amasly.com\/wp-content\/uploads\/2024\/07\/led-tri-proof-light.png 780w, https:\/\/led.amasly.com\/wp-content\/uploads\/2024\/07\/led-tri-proof-light.png 360w\" sizes=\"auto, (max-width: 480px) 150px\" src=\"https:\/\/led.amasly.com\/wp-content\/uploads\/2024\/07\/led-tri-proof-light.png\" alt=\"\" class=\"uag-image-1130\" width=\"300\" height=\"300\" title=\"led-tri-proof-light\" loading=\"lazy\" role=\"img\"><\/a><\/figure><\/div>\n<\/div>\n\n\n\n<div class=\"wp-block-uagb-container uagb-block-0fdfdd58\">\n<div class=\"wp-block-uagb-image uagb-block-1187d32d wp-block-uagb-image--layout-default wp-block-uagb-image--effect-static wp-block-uagb-image--align-none\"><figure class=\"wp-block-uagb-image__figure\"><a class=\"\" href=\"https:\/\/led.amasly.com\/products\/\" target=\"\" rel=\"noopener\"><img decoding=\"async\" srcset=\"https:\/\/led.amasly.com\/wp-content\/uploads\/2024\/07\/LED-street-light.jpg ,https:\/\/led.amasly.com\/wp-content\/uploads\/2024\/07\/LED-street-light.jpg 780w, https:\/\/led.amasly.com\/wp-content\/uploads\/2024\/07\/LED-street-light.jpg 360w\" sizes=\"auto, (max-width: 480px) 150px\" src=\"https:\/\/led.amasly.com\/wp-content\/uploads\/2024\/07\/LED-street-light.jpg\" alt=\"\" class=\"uag-image-1145\" width=\"300\" height=\"300\" title=\"LED-street-light\" loading=\"lazy\" role=\"img\"><\/a><\/figure><\/div>\n<\/div>\n<\/div><\/div>\n\n\n\n<div class=\"wp-block-uagb-container uagb-block-6a60882c alignfull uagb-is-root-container\"><div class=\"uagb-container-inner-blocks-wrap\">\n<div class=\"wp-block-uagb-container uagb-block-f1e91a35\">\n<h4 class=\"wp-block-heading has-text-align-center\"><a href=\"https:\/\/led.amasly.com\/products\/\">LED Flood Lights<\/a><\/h4>\n<\/div>\n\n\n\n<div class=\"wp-block-uagb-container uagb-block-165bfa58\">\n<h4 class=\"wp-block-heading has-text-align-center\"><a href=\"https:\/\/led.amasly.com\/products\/\">LED Tri-Proof Tube Lights<\/a><\/h4>\n<\/div>\n\n\n\n<div class=\"wp-block-uagb-container uagb-block-f6096e3b\">\n<h4 class=\"wp-block-heading has-text-align-center\"><a href=\"https:\/\/led.amasly.com\/products\/\">LED Street Lights<\/a><\/h4>\n<\/div>\n<\/div><\/div>\n\n\n\n<div class=\"wp-block-uagb-container uagb-block-99c0e0a5 alignfull uagb-is-root-container\"><div class=\"uagb-container-inner-blocks-wrap\"><\/div><\/div>\n\n\n\n<p><\/p>\n","protected":false},"excerpt":{"rendered":"<p>Explosion proof\u00a0fluorescent lights: industrial hazardous environment lighting safety solutions First. Explosion proof\u00a0fluorescent lights\u00a0core technology and working principle Explosion proof&nbsp;fluorescent lights as a special environment lighting equipment, approved triple protection mechanism to ensure operational safety. Its core technology is reflected in: Explosion proof&nbsp;structural design: the use of Explosion proof&nbsp;shell [Ex d] or increased safety structure [Ex [&hellip;]<\/p>\n","protected":false},"author":1,"featured_media":0,"parent":2374,"menu_order":0,"comment_status":"closed","ping_status":"closed","template":"","meta":{"_uag_custom_page_level_css":"","site-sidebar-layout":"no-sidebar","site-content-layout":"","ast-site-content-layout":"default","site-content-style":"default","site-sidebar-style":"default","ast-global-header-display":"","ast-banner-title-visibility":"","ast-main-header-display":"","ast-hfb-above-header-display":"","ast-hfb-below-header-display":"","ast-hfb-mobile-header-display":"","site-post-title":"disabled","ast-breadcrumbs-content":"","ast-featured-img":"","footer-sml-layout":"","ast-disable-related-posts":"","theme-transparent-header-meta":"enabled","adv-header-id-meta":"","stick-header-meta":"","header-above-stick-meta":"","header-main-stick-meta":"","header-below-stick-meta":"","astra-migrate-meta-layouts":"set","ast-page-background-enabled":"default","ast-page-background-meta":{"desktop":{"background-color":"var(--ast-global-color-4)","background-image":"","background-repeat":"repeat","background-position":"center center","background-size":"auto","background-attachment":"scroll","background-type":"","background-media":"","overlay-type":"","overlay-color":"","overlay-opacity":"","overlay-gradient":""},"tablet":{"background-color":"","background-image":"","background-repeat":"repeat","background-position":"center center","background-size":"auto","background-attachment":"scroll","background-type":"","background-media":"","overlay-type":"","overlay-color":"","overlay-opacity":"","overlay-gradient":""},"mobile":{"background-color":"","background-image":"","background-repeat":"repeat","background-position":"center center","background-size":"auto","background-attachment":"scroll","background-type":"","background-media":"","overlay-type":"","overlay-color":"","overlay-opacity":"","overlay-gradient":""}},"ast-content-background-meta":{"desktop":{"background-color":"var(--ast-global-color-5)","background-image":"","background-repeat":"repeat","background-position":"center center","background-size":"auto","background-attachment":"scroll","background-type":"","background-media":"","overlay-type":"","overlay-color":"","overlay-opacity":"","overlay-gradient":""},"tablet":{"background-color":"var(--ast-global-color-5)","background-image":"","background-repeat":"repeat","background-position":"center center","background-size":"auto","background-attachment":"scroll","background-type":"","background-media":"","overlay-type":"","overlay-color":"","overlay-opacity":"","overlay-gradient":""},"mobile":{"background-color":"var(--ast-global-color-5)","background-image":"","background-repeat":"repeat","background-position":"center center","background-size":"auto","background-attachment":"scroll","background-type":"","background-media":"","overlay-type":"","overlay-color":"","overlay-opacity":"","overlay-gradient":""}},"footnotes":""},"class_list":["post-2451","page","type-page","status-publish","hentry"],"uagb_featured_image_src":{"full":false,"thumbnail":false,"medium":false,"medium_large":false,"large":false,"1536x1536":false,"2048x2048":false,"trp-custom-language-flag":false},"uagb_author_info":{"display_name":"Joe","author_link":"https:\/\/led.amasly.com\/cs\/author\/jacklin\/"},"uagb_comment_info":0,"uagb_excerpt":"Explosion proof\u00a0fluorescent lights: industrial hazardous environment lighting safety solutions First. Explosion proof\u00a0fluorescent lights\u00a0core technology and working principle Explosion proof&nbsp;fluorescent lights as a special environment lighting equipment, approved triple protection mechanism to ensure operational safety. Its core technology is reflected in: Explosion proof&nbsp;structural design: the use of Explosion proof&nbsp;shell [Ex d] or increased safety structure [Ex&hellip;","_links":{"self":[{"href":"https:\/\/led.amasly.com\/cs\/wp-json\/wp\/v2\/pages\/2451","targetHints":{"allow":["GET"]}}],"collection":[{"href":"https:\/\/led.amasly.com\/cs\/wp-json\/wp\/v2\/pages"}],"about":[{"href":"https:\/\/led.amasly.com\/cs\/wp-json\/wp\/v2\/types\/page"}],"author":[{"embeddable":true,"href":"https:\/\/led.amasly.com\/cs\/wp-json\/wp\/v2\/users\/1"}],"replies":[{"embeddable":true,"href":"https:\/\/led.amasly.com\/cs\/wp-json\/wp\/v2\/comments?post=2451"}],"version-history":[{"count":3,"href":"https:\/\/led.amasly.com\/cs\/wp-json\/wp\/v2\/pages\/2451\/revisions"}],"predecessor-version":[{"id":4888,"href":"https:\/\/led.amasly.com\/cs\/wp-json\/wp\/v2\/pages\/2451\/revisions\/4888"}],"up":[{"embeddable":true,"href":"https:\/\/led.amasly.com\/cs\/wp-json\/wp\/v2\/pages\/2374"}],"wp:attachment":[{"href":"https:\/\/led.amasly.com\/cs\/wp-json\/wp\/v2\/media?parent=2451"}],"curies":[{"name":"wp","href":"https:\/\/api.w.org\/{rel}","templated":true}]}}