{"id":2251,"date":"2025-03-05T22:08:19","date_gmt":"2025-03-05T14:08:19","guid":{"rendered":"https:\/\/led.amasly.com\/?page_id=2251"},"modified":"2026-01-22T13:15:51","modified_gmt":"2026-01-22T05:15:51","slug":"outdoor-emergency-lighting-solutions","status":"publish","type":"page","link":"https:\/\/led.amasly.com\/cs\/solutions\/outdoor-emergency-lighting-solutions\/","title":{"rendered":"\u0158e\u0161en\u00ed venkovn\u00edho nouzov\u00e9ho osv\u011btlen\u00ed"},"content":{"rendered":"<div class=\"wp-block-uagb-container uagb-block-27bae773 alignfull uagb-is-root-container\"><div class=\"uagb-container-inner-blocks-wrap\"><\/div><\/div>\n\n\n\n<h1 class=\"wp-block-heading has-text-align-center\">Venkovn\u00ed pohotovost<strong> \u0158e\u0161en\u00ed osv\u011btlen\u00ed<\/strong><\/h1>\n\n\n\n<h2 class=\"wp-block-heading\"><strong>Venkovn\u00ed nouzov\u00e9 osv\u011btlen\u00ed P\u0159edstavujeme:<\/strong> <\/h2>\n\n\n\n<p>Nouzov\u00e9 osv\u011btlen\u00ed jako likvidace nouzov\u00e9ho nap\u00e1jen\u00ed v z\u00e1kladn\u00edm druhu za\u0159\u00edzen\u00ed, sc\u00e9na n\u00e1vrhu programu nouzov\u00e9ho osv\u011btlen\u00ed, ka\u017edodenn\u00ed \u0161kolen\u00ed dovednost\u00ed za\u0159\u00edzen\u00ed nouzov\u00e9ho osv\u011btlen\u00ed, p\u0159izp\u016fsoben\u00ed se prost\u0159ed\u00ed v\u00fdzkumu a v\u00fdvoje za\u0159\u00edzen\u00ed nouzov\u00e9ho osv\u011btlen\u00ed souvis\u00ed s nouzov\u00fdm osv\u011btlen\u00edm p\u0159i likvidaci nouzov\u00fdch ud\u00e1lost\u00ed.<\/p>\n\n\n\n<div class=\"wp-block-uagb-image uagb-block-c351aead wp-block-uagb-image--layout-default wp-block-uagb-image--effect-static wp-block-uagb-image--align-none\"><figure class=\"wp-block-uagb-image__figure\"><a class=\"\" href=\"https:\/\/led.amasly.com\/cs\/products\/\" target=\"\" rel=\"noopener\"><img decoding=\"async\" srcset=\"https:\/\/led.amasly.com\/wp-content\/uploads\/2025\/03\/\u56fe\u72471-4.png 625w, https:\/\/led.amasly.com\/wp-content\/uploads\/2025\/03\/\u56fe\u72471-4-250x300.png 250w, https:\/\/led.amasly.com\/wp-content\/uploads\/2025\/03\/\u56fe\u72471-4-10x12.png 10w\" sizes=\"auto, (max-width: 480px) 150px\" src=\"https:\/\/led.amasly.com\/wp-content\/uploads\/2025\/03\/\u56fe\u72471-4.png\" alt=\"\" class=\"uag-image-2259\" width=\"625\" height=\"751\" title=\"\u56fe\u72471\" loading=\"lazy\" role=\"img\"><\/a><\/figure><\/div>\n\n\n\n<p>Nejd\u016fle\u017eit\u011bj\u0161\u00edm \u00fakolem po katastrof\u011b je rychl\u00e1 z\u00e1chrana, maximalizace bezpe\u010dnosti \u017eivota, co\u017e nen\u00ed jen z\u00e1chrann\u00fd t\u00fdm by m\u011bl n\u00e9st odpov\u011bdnost, v\u00edce je posl\u00e1n\u00ed dan\u00e9 komunitou. Z\u00e1chrana co nejd\u0159\u00edve je prvn\u00ed prioritou, tak\u017ee je nevyhnuteln\u00e9, \u017ee mus\u00ed b\u00fdt z\u00e1chrana na denn\u00ed sm\u011bn\u011b, a v noci, pokud nen\u00ed k dispozici \u00fa\u010dinn\u00e9 nouzov\u00e9 osv\u011btlen\u00ed jako z\u00e1ruka, ur\u010dit\u011b ovlivn\u00ed \u00fa\u010dinnost z\u00e1chrany.<\/p>\n\n\n\n<p>V d\u016fsledku p\u0159\u00edrodn\u00edch katastrof zp\u016fsoben\u00fdch m\u00edstn\u00edm ochromen\u00edm nap\u00e1jen\u00ed, p\u0159i z\u00e1chran\u011b a p\u0159es\u00eddlov\u00e1n\u00ed ob\u011bt\u00ed sou\u010dasn\u011b s pot\u0159ebou okam\u017eit\u00e9ho obnoven\u00ed m\u00edstn\u00edho po\u0161kozen\u00ed energetick\u00e9ho syst\u00e9mu, mus\u00ed b\u00fdt osv\u011btlen\u00ed sc\u00e9ny s vysok\u00fdm jasem, oza\u0159ovac\u00ed oblast je \u0161irok\u00e1 a p\u0159i absenci nap\u00e1jen\u00ed z ve\u0159ejn\u00fdch zdroj\u016f mus\u00ed b\u00fdt schopna pou\u017e\u00edt vlastn\u00ed formu lamp a sv\u00edtilen, aby splnila pot\u0159eby opravy sc\u00e9ny.<\/p>\n\n\n\n<div class=\"wp-block-uagb-image uagb-block-ae571b06 wp-block-uagb-image--layout-default wp-block-uagb-image--effect-static wp-block-uagb-image--align-none\"><figure class=\"wp-block-uagb-image__figure\"><img decoding=\"async\" srcset=\"https:\/\/led.amasly.com\/wp-content\/uploads\/2025\/03\/\u56fe\u72472-2.png ,https:\/\/led.amasly.com\/wp-content\/uploads\/2025\/03\/\u56fe\u72472-2.png 780w, https:\/\/led.amasly.com\/wp-content\/uploads\/2025\/03\/\u56fe\u72472-2.png 360w\" sizes=\"auto, (max-width: 480px) 150px\" src=\"https:\/\/led.amasly.com\/wp-content\/uploads\/2025\/03\/\u56fe\u72472-2.png\" alt=\"Outdoor Emergency Lighting Solutions: \" class=\"uag-image-2260\" width=\"759\" height=\"525\" title=\"\u0158e\u0161en\u00ed venkovn\u00edho nouzov\u00e9ho osv\u011btlen\u00ed: \" loading=\"lazy\" role=\"img\"\/><\/figure><\/div>\n\n\n\n<h2 class=\"wp-block-heading\"><strong>\u0158e\u0161en\u00ed venkovn\u00edho nouzov\u00e9ho osv\u011btlen\u00ed<\/strong>: <strong>Funkce osv\u011btlen\u00ed pro nouzov\u00e9 pot\u0159eby<\/strong><\/h2>\n\n\n\n<p>Na\u0161e sv\u011bteln\u00e1 \u0159e\u0161en\u00ed mohou b\u00fdt p\u0159idanou hodnotou jako dopl\u0148kov\u00e1 slu\u017eba v prost\u0159ed\u00ed nouzov\u00e9 reakce. N\u00ed\u017ee jsou uvedeny n\u011bkter\u00e9 z r\u016fzn\u00fdch nouzov\u00fdch pot\u0159eb, jako je soci\u00e1ln\u00ed pomoc, p\u0159es\u00eddlen\u00ed, obnova nap\u00e1jen\u00ed a zachov\u00e1n\u00ed politick\u00e9 moci. N\u00e1sleduje podrobn\u00fd popis \u0159e\u0161en\u00ed a v\u00fdhod na\u0161ich osv\u011btlovac\u00edch za\u0159\u00edzen\u00ed.<\/p>\n\n\n\n<h3 class=\"wp-block-heading\"><strong>\u0158e\u0161en\u00ed venkovn\u00edho nouzov\u00e9ho osv\u011btlen\u00ed<\/strong>: <strong>Soci\u00e1ln\u00ed z\u00e1chrana<\/strong><\/h3>\n\n\n\n<p>Odva\u017ete se pot\u00ed\u017e\u00ed a nebezpe\u010d\u00ed, odva\u017ete se p\u0159evz\u00edt odpov\u011bdnost. Sv\u011btlo je nepostradateln\u00e9 p\u0159i no\u010dn\u00ed z\u00e1chrann\u00e9 akci, je d\u00e1no posv\u00e1tn\u00fdm posl\u00e1n\u00edm, tak\u017ee po\u017eadavky na nouzov\u00e9 z\u00e1chrann\u00e9 osv\u011btlen\u00ed na\u0161ich lamp a sv\u00edtilen maj\u00ed vysok\u00fd jas, snadno se p\u0159en\u00e1\u0161ej\u00ed, nep\u0159etr\u017eit\u011b se pou\u017e\u00edvaj\u00ed po dlouhou dobu, aby spl\u0148ovaly pot\u0159eby r\u016fzn\u00fdch z\u00e1chrann\u00fdch prost\u0159ed\u00ed.<\/p>\n\n\n\n<h3 class=\"wp-block-heading\"><strong>\u0158e\u0161en\u00ed venkovn\u00edho nouzov\u00e9ho osv\u011btlen\u00ed<\/strong>: <strong>P\u0159es\u00eddlen\u00ed ob\u011bt\u00ed katastrof<\/strong><\/h3>\n\n\n\n<p>V m\u00edst\u011b z\u00e1chrany, v m\u00edst\u011b p\u0159es\u00eddlen\u00ed ob\u011bt\u00ed katastrofy, je t\u0159eba poskytnout ob\u011btem soust\u0159ed\u011bn\u00fd prostor pro \u017eivot, odpo\u010dinek a stravov\u00e1n\u00ed, kter\u00fd se vyzna\u010duje velk\u00fdm po\u010dtem lid\u00ed, pot\u0159ebou klidn\u00e9ho prost\u0159ed\u00ed v noci, lampy a lucerny mus\u00ed b\u00fdt jasn\u00e9 a nap\u00e1jen\u00e9 bateriemi, aby se sn\u00ed\u017eila \u0161koda zp\u016fsoben\u00e1 hlukem.<\/p>\n\n\n\n<div class=\"wp-block-uagb-image uagb-block-a93357d5 wp-block-uagb-image--layout-default wp-block-uagb-image--effect-static wp-block-uagb-image--align-none\"><figure class=\"wp-block-uagb-image__figure\"><a class=\"\" href=\"https:\/\/led.amasly.com\/cs\/products\/\" target=\"\" rel=\"noopener\"><img decoding=\"async\" srcset=\"https:\/\/led.amasly.com\/wp-content\/uploads\/2025\/03\/\u56fe\u72473-2.png ,https:\/\/led.amasly.com\/wp-content\/uploads\/2025\/03\/\u56fe\u72473-2.png 780w, https:\/\/led.amasly.com\/wp-content\/uploads\/2025\/03\/\u56fe\u72473-2.png 360w\" sizes=\"auto, (max-width: 480px) 150px\" src=\"https:\/\/led.amasly.com\/wp-content\/uploads\/2025\/03\/\u56fe\u72473-2.png\" alt=\"\" class=\"uag-image-2261\" width=\"760\" height=\"462\" title=\"\u56fe\u72473\" loading=\"lazy\" role=\"img\"><\/a><\/figure><\/div>\n\n\n\n<h3 class=\"wp-block-heading\"><strong>\u0158e\u0161en\u00ed venkovn\u00edho nouzov\u00e9ho osv\u011btlen\u00ed<\/strong>: <strong>Obnoven\u00ed nap\u00e1jen\u00ed<\/strong><\/h3>\n\n\n\n<p>Vzhledem k p\u0159\u00edrodn\u00edm katastrof\u00e1m zp\u016fsoben\u00fdm m\u00edstn\u00edm ochromen\u00edm nap\u00e1jen\u00ed, p\u0159i z\u00e1chran\u011b a p\u0159es\u00eddlen\u00ed ob\u011bt\u00ed sou\u010dasn\u011b, je t\u0159eba okam\u017eit\u011b obnovit m\u00edstn\u00ed po\u0161kozen\u00ed energetick\u00e9ho syst\u00e9mu, osv\u011btlen\u00ed m\u00edsta mus\u00ed b\u00fdt vysok\u00fd jas, oza\u0159ovac\u00ed oblast a p\u0159i absenci nap\u00e1jen\u00ed z ve\u0159ejn\u00fdch zdroj\u016f mus\u00ed b\u00fdt schopen pou\u017e\u00edt vlastn\u00ed formu lamp a sv\u00edtilen, aby splnil pot\u0159eby nouzov\u00e9 opravy.<\/p>\n\n\n\n<h3 class=\"wp-block-heading\"><strong>\u0158e\u0161en\u00ed venkovn\u00edho nouzov\u00e9ho osv\u011btlen\u00ed<\/strong>: <strong>Ochrana nap\u00e1jen\u00ed p\u0159i z\u00e1va\u017en\u00fdch ud\u00e1lostech<\/strong><\/h3>\n\n\n\n<p>Nap\u00e1jen\u00ed p\u0159i v\u00fdznamn\u00fdch ud\u00e1lostech se t\u00fdk\u00e1 zaji\u0161t\u011bn\u00ed bezpe\u010dn\u00e9ho a stabiln\u00edho nap\u00e1jen\u00ed d\u016fle\u017eit\u00fdch sch\u016fzek, v\u00fdznamn\u00fdch ud\u00e1lost\u00ed, v no\u010dn\u00ed sc\u00e9n\u011b, osv\u011btlen\u00ed mus\u00ed hr\u00e1t roli v boji proti terorismu, bezpe\u010dnosti, pot\u0159ebuje vysok\u00fd jas, \u0161irokou oza\u0159ovac\u00ed oblast, aby se stabilizovala bezpe\u010dnost sc\u00e9ny.<\/p>\n\n\n\n<p>Standardn\u00ed: <a href=\"http:\/\/www.iec.com\" rel=\"nofollow noopener\" target=\"_blank\">IEC 60598<\/a><\/p>\n\n\n\n<div class=\"wp-block-uagb-container uagb-block-c7d898dd alignfull uagb-is-root-container\"><div class=\"uagb-container-inner-blocks-wrap\"><\/div><\/div>\n\n\n\n<h2 class=\"wp-block-heading\">Souvisej\u00edc\u00ed produkty<\/h2>\n\n\n\n<div class=\"wp-block-uagb-container uagb-block-66e4defc alignfull uagb-is-root-container\"><div class=\"uagb-container-inner-blocks-wrap\">\n<div class=\"wp-block-uagb-container uagb-block-a42945f9\">\n<div class=\"wp-block-uagb-image uagb-block-7296296b wp-block-uagb-image--layout-default wp-block-uagb-image--effect-static wp-block-uagb-image--align-none\"><figure class=\"wp-block-uagb-image__figure\"><a class=\"\" href=\"https:\/\/led.amasly.com\/cs\/products\/\" target=\"\" rel=\"noopener\"><img decoding=\"async\" srcset=\"https:\/\/led.amasly.com\/wp-content\/uploads\/2024\/09\/Explosion-proof-high-bay-lights.png ,https:\/\/led.amasly.com\/wp-content\/uploads\/2024\/09\/Explosion-proof-high-bay-lights.png 780w, https:\/\/led.amasly.com\/wp-content\/uploads\/2024\/09\/Explosion-proof-high-bay-lights.png 360w\" sizes=\"auto, (max-width: 480px) 150px\" src=\"https:\/\/led.amasly.com\/wp-content\/uploads\/2024\/09\/Explosion-proof-high-bay-lights.png\" alt=\"\" class=\"uag-image-1495\" width=\"300\" height=\"300\" title=\"Nev\u00fdbu\u0161n\u00e1 sv\u00edtidla s vysokou odolnost\u00ed proti v\u00fdbuchu\" loading=\"lazy\" role=\"img\"><\/a><\/figure><\/div>\n<\/div>\n\n\n\n<div class=\"wp-block-uagb-container uagb-block-4d3efde5\">\n<div class=\"wp-block-uagb-image uagb-block-c9e90797 wp-block-uagb-image--layout-default wp-block-uagb-image--effect-static wp-block-uagb-image--align-none\"><figure class=\"wp-block-uagb-image__figure\"><a class=\"\" href=\"https:\/\/led.amasly.com\/cs\/products\/\" target=\"\" rel=\"noopener\"><img decoding=\"async\" srcset=\"https:\/\/led.amasly.com\/wp-content\/uploads\/2024\/07\/LED-tri-proof-lights2.png ,https:\/\/led.amasly.com\/wp-content\/uploads\/2024\/07\/LED-tri-proof-lights2.png 780w, https:\/\/led.amasly.com\/wp-content\/uploads\/2024\/07\/LED-tri-proof-lights2.png 360w\" sizes=\"auto, (max-width: 480px) 150px\" src=\"https:\/\/led.amasly.com\/wp-content\/uploads\/2024\/07\/LED-tri-proof-lights2.png\" alt=\"\" class=\"uag-image-1132\" width=\"300\" height=\"300\" title=\"LED-tri-proof-sv\u011btla2\" loading=\"lazy\" role=\"img\"><\/a><\/figure><\/div>\n<\/div>\n\n\n\n<div class=\"wp-block-uagb-container uagb-block-11c2578b\">\n<div class=\"wp-block-uagb-image uagb-block-6e8883aa wp-block-uagb-image--layout-default wp-block-uagb-image--effect-static wp-block-uagb-image--align-none\"><figure class=\"wp-block-uagb-image__figure\"><a class=\"\" href=\"https:\/\/led.amasly.com\/cs\/products\/\" target=\"\" rel=\"noopener\"><img decoding=\"async\" srcset=\"https:\/\/led.amasly.com\/wp-content\/uploads\/2024\/09\/LED-Explosion-Proof-Gas-Station-Light.png ,https:\/\/led.amasly.com\/wp-content\/uploads\/2024\/09\/LED-Explosion-Proof-Gas-Station-Light.png 780w, https:\/\/led.amasly.com\/wp-content\/uploads\/2024\/09\/LED-Explosion-Proof-Gas-Station-Light.png 360w\" sizes=\"auto, (max-width: 480px) 150px\" src=\"https:\/\/led.amasly.com\/wp-content\/uploads\/2024\/09\/LED-Explosion-Proof-Gas-Station-Light.png\" alt=\"\" class=\"uag-image-1501\" width=\"300\" height=\"300\" title=\"LED sv\u011btlo pro \u010derpac\u00ed stanice s ochranou proti v\u00fdbuchu\" loading=\"lazy\" role=\"img\"><\/a><\/figure><\/div>\n<\/div>\n<\/div><\/div>\n\n\n\n<div class=\"wp-block-uagb-container uagb-block-548945b5 alignfull uagb-is-root-container\"><div class=\"uagb-container-inner-blocks-wrap\">\n<div class=\"wp-block-uagb-container uagb-block-967755d5\">\n<h4 class=\"wp-block-heading has-text-align-center\"><a href=\"https:\/\/led.amasly.com\/cs\/products\/\">Sv\u011btla LED odoln\u00e1 proti v\u00fdbuchu<\/a><\/h4>\n<\/div>\n\n\n\n<div class=\"wp-block-uagb-container uagb-block-9bc52fc2\">\n<h4 class=\"wp-block-heading has-text-align-center\"><a href=\"https:\/\/led.amasly.com\/cs\/products\/\">Trojit\u00e1 ochrann\u00e1 sv\u011btla LED<\/a><\/h4>\n<\/div>\n\n\n\n<div class=\"wp-block-uagb-container uagb-block-8ffa0a23\">\n<h4 class=\"wp-block-heading has-text-align-center\"><a href=\"https:\/\/led.amasly.com\/cs\/products\/\">Sv\u011btla \u010derpac\u00edch stanic odoln\u00e1 proti v\u00fdbuchu<\/a><\/h4>\n<\/div>\n<\/div><\/div>\n\n\n\n<div class=\"wp-block-uagb-container uagb-block-29499fe0 alignfull uagb-is-root-container\"><div class=\"uagb-container-inner-blocks-wrap\">\n<div class=\"wp-block-uagb-container uagb-block-777ee1c7\">\n<div class=\"wp-block-uagb-image uagb-block-2e9a1851 wp-block-uagb-image--layout-default wp-block-uagb-image--effect-static wp-block-uagb-image--align-none\"><figure class=\"wp-block-uagb-image__figure\"><a class=\"\" href=\"https:\/\/led.amasly.com\/cs\/products\/\" target=\"\" rel=\"noopener\"><img decoding=\"async\" srcset=\"https:\/\/led.amasly.com\/wp-content\/uploads\/2024\/10\/50W-100W-150W-200W-300W-LED-Flood-Light.jpg ,https:\/\/led.amasly.com\/wp-content\/uploads\/2024\/10\/50W-100W-150W-200W-300W-LED-Flood-Light.jpg 780w, https:\/\/led.amasly.com\/wp-content\/uploads\/2024\/10\/50W-100W-150W-200W-300W-LED-Flood-Light.jpg 360w\" sizes=\"auto, (max-width: 480px) 150px\" src=\"https:\/\/led.amasly.com\/wp-content\/uploads\/2024\/10\/50W-100W-150W-200W-300W-LED-Flood-Light.jpg\" alt=\"\" class=\"uag-image-1526\" width=\"300\" height=\"300\" title=\"50W 100W 150W 200W 300W LED z\u00e1plavov\u00e9 sv\u011btlo\" loading=\"lazy\" role=\"img\"><\/a><\/figure><\/div>\n<\/div>\n\n\n\n<div class=\"wp-block-uagb-container uagb-block-af8c8683\">\n<div class=\"wp-block-uagb-image uagb-block-67947854 wp-block-uagb-image--layout-default wp-block-uagb-image--effect-static wp-block-uagb-image--align-none\"><figure class=\"wp-block-uagb-image__figure\"><a class=\"\" href=\"https:\/\/led.amasly.com\/cs\/products\/\" target=\"\" rel=\"noopener\"><img decoding=\"async\" srcset=\"https:\/\/led.amasly.com\/wp-content\/uploads\/2024\/07\/led-tri-proof-light.png ,https:\/\/led.amasly.com\/wp-content\/uploads\/2024\/07\/led-tri-proof-light.png 780w, https:\/\/led.amasly.com\/wp-content\/uploads\/2024\/07\/led-tri-proof-light.png 360w\" sizes=\"auto, (max-width: 480px) 150px\" src=\"https:\/\/led.amasly.com\/wp-content\/uploads\/2024\/07\/led-tri-proof-light.png\" alt=\"\" class=\"uag-image-1130\" width=\"300\" height=\"300\" title=\"led-tri-proof-light\" loading=\"lazy\" role=\"img\"><\/a><\/figure><\/div>\n<\/div>\n\n\n\n<div class=\"wp-block-uagb-container uagb-block-0fdfdd58\">\n<div class=\"wp-block-uagb-image uagb-block-1187d32d wp-block-uagb-image--layout-default wp-block-uagb-image--effect-static wp-block-uagb-image--align-none\"><figure class=\"wp-block-uagb-image__figure\"><a class=\"\" href=\"https:\/\/led.amasly.com\/cs\/products\/\" target=\"\" rel=\"noopener\"><img decoding=\"async\" srcset=\"https:\/\/led.amasly.com\/wp-content\/uploads\/2024\/07\/LED-street-light.jpg ,https:\/\/led.amasly.com\/wp-content\/uploads\/2024\/07\/LED-street-light.jpg 780w, https:\/\/led.amasly.com\/wp-content\/uploads\/2024\/07\/LED-street-light.jpg 360w\" sizes=\"auto, (max-width: 480px) 150px\" src=\"https:\/\/led.amasly.com\/wp-content\/uploads\/2024\/07\/LED-street-light.jpg\" alt=\"\" class=\"uag-image-1145\" width=\"300\" height=\"300\" title=\"Uli\u010dn\u00ed osv\u011btlen\u00ed LED\" loading=\"lazy\" role=\"img\"><\/a><\/figure><\/div>\n<\/div>\n<\/div><\/div>\n\n\n\n<div class=\"wp-block-uagb-container uagb-block-6a60882c alignfull uagb-is-root-container\"><div class=\"uagb-container-inner-blocks-wrap\">\n<div class=\"wp-block-uagb-container uagb-block-f1e91a35\">\n<h4 class=\"wp-block-heading has-text-align-center\"><a href=\"https:\/\/led.amasly.com\/cs\/products\/\">LED sv\u011btla pro zaplaven\u00ed<\/a><\/h4>\n<\/div>\n\n\n\n<div class=\"wp-block-uagb-container uagb-block-165bfa58\">\n<h4 class=\"wp-block-heading has-text-align-center\"><a href=\"https:\/\/led.amasly.com\/cs\/products\/\">LED Tri-Proof Tube Lights<\/a><\/h4>\n<\/div>\n\n\n\n<div class=\"wp-block-uagb-container uagb-block-f6096e3b\">\n<h4 class=\"wp-block-heading has-text-align-center\"><a href=\"https:\/\/led.amasly.com\/cs\/products\/\">Pouli\u010dn\u00ed osv\u011btlen\u00ed LED<\/a><\/h4>\n<\/div>\n<\/div><\/div>\n\n\n\n<div class=\"wp-block-uagb-container uagb-block-99c0e0a5 alignfull uagb-is-root-container\"><div class=\"uagb-container-inner-blocks-wrap\"><\/div><\/div>","protected":false},"excerpt":{"rendered":"<p>Outdoor Emergency Lighting Solutions Outdoor Emergency Lighting Solutions Introduce: Emergency lighting equipment as a power emergency disposal in an essential kind of equipment, the scene of emergency lighting program design, daily emergency lighting equipment skills training, adapt to the environment of emergency lighting equipment research and development are related to the emergency lighting equipment in [&hellip;]<\/p>\n","protected":false},"author":1,"featured_media":0,"parent":1808,"menu_order":0,"comment_status":"closed","ping_status":"closed","template":"","meta":{"_uag_custom_page_level_css":"","site-sidebar-layout":"no-sidebar","site-content-layout":"","ast-site-content-layout":"default","site-content-style":"default","site-sidebar-style":"default","ast-global-header-display":"","ast-banner-title-visibility":"","ast-main-header-display":"","ast-hfb-above-header-display":"","ast-hfb-below-header-display":"","ast-hfb-mobile-header-display":"","site-post-title":"disabled","ast-breadcrumbs-content":"","ast-featured-img":"","footer-sml-layout":"","ast-disable-related-posts":"","theme-transparent-header-meta":"enabled","adv-header-id-meta":"","stick-header-meta":"","header-above-stick-meta":"","header-main-stick-meta":"","header-below-stick-meta":"","astra-migrate-meta-layouts":"set","ast-page-background-enabled":"default","ast-page-background-meta":{"desktop":{"background-color":"var(--ast-global-color-4)","background-image":"","background-repeat":"repeat","background-position":"center center","background-size":"auto","background-attachment":"scroll","background-type":"","background-media":"","overlay-type":"","overlay-color":"","overlay-opacity":"","overlay-gradient":""},"tablet":{"background-color":"","background-image":"","background-repeat":"repeat","background-position":"center center","background-size":"auto","background-attachment":"scroll","background-type":"","background-media":"","overlay-type":"","overlay-color":"","overlay-opacity":"","overlay-gradient":""},"mobile":{"background-color":"","background-image":"","background-repeat":"repeat","background-position":"center center","background-size":"auto","background-attachment":"scroll","background-type":"","background-media":"","overlay-type":"","overlay-color":"","overlay-opacity":"","overlay-gradient":""}},"ast-content-background-meta":{"desktop":{"background-color":"var(--ast-global-color-5)","background-image":"","background-repeat":"repeat","background-position":"center center","background-size":"auto","background-attachment":"scroll","background-type":"","background-media":"","overlay-type":"","overlay-color":"","overlay-opacity":"","overlay-gradient":""},"tablet":{"background-color":"var(--ast-global-color-5)","background-image":"","background-repeat":"repeat","background-position":"center center","background-size":"auto","background-attachment":"scroll","background-type":"","background-media":"","overlay-type":"","overlay-color":"","overlay-opacity":"","overlay-gradient":""},"mobile":{"background-color":"var(--ast-global-color-5)","background-image":"","background-repeat":"repeat","background-position":"center center","background-size":"auto","background-attachment":"scroll","background-type":"","background-media":"","overlay-type":"","overlay-color":"","overlay-opacity":"","overlay-gradient":""}},"footnotes":""},"class_list":["post-2251","page","type-page","status-publish","hentry"],"uagb_featured_image_src":{"full":false,"thumbnail":false,"medium":false,"medium_large":false,"large":false,"1536x1536":false,"2048x2048":false,"trp-custom-language-flag":false},"uagb_author_info":{"display_name":"Joe","author_link":"https:\/\/led.amasly.com\/cs\/author\/jacklin\/"},"uagb_comment_info":0,"uagb_excerpt":"Outdoor Emergency Lighting Solutions Outdoor Emergency Lighting Solutions Introduce: Emergency lighting equipment as a power emergency disposal in an essential kind of equipment, the scene of emergency lighting program design, daily emergency lighting equipment skills training, adapt to the environment of emergency lighting equipment research and development are related to the emergency lighting equipment in&hellip;","_links":{"self":[{"href":"https:\/\/led.amasly.com\/cs\/wp-json\/wp\/v2\/pages\/2251","targetHints":{"allow":["GET"]}}],"collection":[{"href":"https:\/\/led.amasly.com\/cs\/wp-json\/wp\/v2\/pages"}],"about":[{"href":"https:\/\/led.amasly.com\/cs\/wp-json\/wp\/v2\/types\/page"}],"author":[{"embeddable":true,"href":"https:\/\/led.amasly.com\/cs\/wp-json\/wp\/v2\/users\/1"}],"replies":[{"embeddable":true,"href":"https:\/\/led.amasly.com\/cs\/wp-json\/wp\/v2\/comments?post=2251"}],"version-history":[{"count":2,"href":"https:\/\/led.amasly.com\/cs\/wp-json\/wp\/v2\/pages\/2251\/revisions"}],"predecessor-version":[{"id":4580,"href":"https:\/\/led.amasly.com\/cs\/wp-json\/wp\/v2\/pages\/2251\/revisions\/4580"}],"up":[{"embeddable":true,"href":"https:\/\/led.amasly.com\/cs\/wp-json\/wp\/v2\/pages\/1808"}],"wp:attachment":[{"href":"https:\/\/led.amasly.com\/cs\/wp-json\/wp\/v2\/media?parent=2251"}],"curies":[{"name":"wp","href":"https:\/\/api.w.org\/{rel}","templated":true}]}}