{"id":2250,"date":"2025-03-05T21:59:57","date_gmt":"2025-03-05T13:59:57","guid":{"rendered":"https:\/\/led.amasly.com\/?page_id=2250"},"modified":"2026-01-22T11:30:42","modified_gmt":"2026-01-22T03:30:42","slug":"exhibition-hall-lighting-solutions","status":"publish","type":"page","link":"https:\/\/led.amasly.com\/cs\/solutions\/exhibition-hall-lighting-solutions\/","title":{"rendered":"\u0158e\u0161en\u00ed osv\u011btlen\u00ed v\u00fdstavn\u00ed haly"},"content":{"rendered":"<div class=\"wp-block-uagb-container uagb-block-27bae773 alignfull uagb-is-root-container\"><div class=\"uagb-container-inner-blocks-wrap\"><\/div><\/div>\n\n\n\n<h1 class=\"wp-block-heading has-text-align-center\"><strong>V\u00fdstavn\u00ed s\u00e1l<\/strong> <strong>Inteligentn\u00ed \u0159e\u0161en\u00ed osv\u011btlen\u00ed<\/strong><\/h1>\n\n\n\n<h2 class=\"wp-block-heading\"><strong>V\u00fdstavn\u00ed hala N\u00e1vrh \u0159e\u0161en\u00ed osv\u011btlen\u00ed<\/strong><\/h2>\n\n\n\n<p>V\u00fdstavn\u00ed osv\u011btlen\u00ed hraje d\u016fle\u017eitou roli p\u0159i zv\u00fdraz\u0148ov\u00e1n\u00ed expon\u00e1t\u016f a umoc\u0148ov\u00e1n\u00ed atmosf\u00e9ry prostoru. N\u00e1vrh osv\u011btlen\u00ed v\u00fdstavy zahrnuje t\u0159i formy p\u0159irozen\u00e9ho osv\u011btlen\u00ed, um\u011bl\u00e9ho osv\u011btlen\u00ed a integrovan\u00e9ho osv\u011btlen\u00ed. Pokud v\u0161ak jde o komer\u010dn\u00ed v\u00fdstavy, vzhledem ke kr\u00e1tk\u00e9 dob\u011b jejich trv\u00e1n\u00ed a vysok\u00fdm po\u017eadavk\u016fm na \u00farove\u0148 osv\u011btlen\u00ed se na v\u011bt\u0161in\u011b z nich pou\u017e\u00edv\u00e1 um\u011bl\u00e9 osv\u011btlen\u00ed nebo p\u0159irozen\u00e9 sv\u011btlo a um\u011bl\u00e9 zdroje sv\u011btla kombinovan\u00e9 se dv\u011bma formami osv\u011btlen\u00ed (s v\u00fdjimkou venkovn\u00ed expozice).<\/p>\n\n\n\n<div class=\"wp-block-uagb-image uagb-block-b3f70273 wp-block-uagb-image--layout-default wp-block-uagb-image--effect-static wp-block-uagb-image--align-none\"><figure class=\"wp-block-uagb-image__figure\"><img decoding=\"async\" srcset=\"https:\/\/led.amasly.com\/wp-content\/uploads\/2025\/03\/Exhibition-hall-lighting-2-1024x768.jpg ,https:\/\/led.amasly.com\/wp-content\/uploads\/2025\/03\/Exhibition-hall-lighting-2.jpg 780w, https:\/\/led.amasly.com\/wp-content\/uploads\/2025\/03\/Exhibition-hall-lighting-2.jpg 360w\" sizes=\"auto, (max-width: 480px) 150px\" src=\"https:\/\/led.amasly.com\/wp-content\/uploads\/2025\/03\/Exhibition-hall-lighting-2-1024x768.jpg\" alt=\"Exhibition hall Lighting Solutions\" class=\"uag-image-2255\" width=\"1024\" height=\"768\" title=\"\u0158e\u0161en\u00ed osv\u011btlen\u00ed v\u00fdstavn\u00ed haly\" loading=\"lazy\" role=\"img\"\/><\/figure><\/div>\n\n\n\n<h2 class=\"wp-block-heading\"><strong>1.z\u00e1kladn\u00ed po\u017eadavky <strong>\u0158e\u0161en\u00ed osv\u011btlen\u00ed v\u00fdstavn\u00ed haly<\/strong><\/strong><\/h2>\n\n\n\n<h3 class=\"wp-block-heading\"><strong>1.1 Osv\u011btlen\u00ed<\/strong><strong><\/strong><\/h3>\n\n\n\n<p>R\u016fzn\u00e9 displeje vy\u017eaduj\u00ed r\u016fzn\u00e9 hodnoty osv\u011btlen\u00ed. Nap\u0159\u00edklad potraviny, r\u016fzn\u00e9 zbo\u017e\u00ed, knihy a kv\u011btiny pot\u0159ebuj\u00ed 100-500 lx; tmav\u00fd textil, \u0161perky a k\u016f\u017ee vy\u017eaduj\u00ed 200-1000 lx; um\u011bn\u00ed pot\u0159ebuje 300-500 lx; stroje a p\u0159\u00edstroje pot\u0159ebuj\u00ed 100-200 lx.<\/p>\n\n\n\n<h3 class=\"wp-block-heading\"><strong>1.2 Rozlo\u017een\u00ed jasu<\/strong><strong><\/strong><\/h3>\n\n\n\n<p>T\u00e9ma v\u00fdstavy by m\u011blo b\u00fdt nejjasn\u011bj\u0161\u00ed sou\u010d\u00e1st\u00ed vize. Sv\u011bteln\u00e9 zdroje, lampy nep\u0159itahuj\u00ed pozornost, aby pomohly div\u00e1k\u016fm soust\u0159edit se na prohl\u00ed\u017een\u00ed expon\u00e1t\u016f. U expon\u00e1t\u016f, kter\u00e9 je t\u0159eba zv\u00fdraznit, se \u010dasto pou\u017e\u00edv\u00e1 lok\u00e1ln\u00ed osv\u011btlen\u00ed, aby se zv\u00fd\u0161il jejich jasov\u00fd kontrast s okoln\u00edm prost\u0159ed\u00edm.<\/p>\n\n\n\n<p>Rozlo\u017een\u00ed okoln\u00edho jasu ur\u010duje vizu\u00e1ln\u00ed adaptaci publika. Mezi v\u00fdstavn\u00edmi m\u00edstnostmi s r\u016fznou \u00farovn\u00ed osv\u011btlen\u00ed, zejm\u00e9na v chodbov\u00e9 \u010d\u00e1sti v\u00fdstavn\u00ed m\u00edstnosti s nepom\u011brem sv\u011btla a st\u00ednu, by m\u011bl b\u00fdt pozvoln\u00fd p\u0159echod osv\u011btlen\u00fdch ploch, aby div\u00e1ci nem\u011bli p\u0159i p\u0159echodu ze sv\u011btl\u00e9ho prost\u0159ed\u00ed do tmav\u00e9ho prostoru pocit ztlumen\u00ed, co\u017e sni\u017euje z\u00e1jem o sledov\u00e1n\u00ed.<\/p>\n\n\n\n<p>Jas a barva pozad\u00ed expon\u00e1t\u016f by nem\u011bly b\u00fdt ohromuj\u00edc\u00ed. Pom\u011br jasu expon\u00e1t\u016f a pozad\u00ed je 1:3 a\u017e 3:1. Obecn\u011b by pozad\u00ed m\u011blo b\u00fdt matn\u00e9, bezbarv\u00e9 (nebo sv\u011btle \u0161ed\u00e9).<\/p>\n\n\n\n<div class=\"wp-block-uagb-image uagb-block-99535a38 wp-block-uagb-image--layout-default wp-block-uagb-image--effect-static wp-block-uagb-image--align-none\"><figure class=\"wp-block-uagb-image__figure\"><a class=\"\" href=\"https:\/\/led.amasly.com\/cs\/products\/\" target=\"\" rel=\"noopener\"><img decoding=\"async\" srcset=\"https:\/\/led.amasly.com\/wp-content\/uploads\/2025\/03\/Exhibition-hall-lighting-3-1024x682.jpg ,https:\/\/led.amasly.com\/wp-content\/uploads\/2025\/03\/Exhibition-hall-lighting-3.jpg 780w, https:\/\/led.amasly.com\/wp-content\/uploads\/2025\/03\/Exhibition-hall-lighting-3.jpg 360w\" sizes=\"auto, (max-width: 480px) 150px\" src=\"https:\/\/led.amasly.com\/wp-content\/uploads\/2025\/03\/Exhibition-hall-lighting-3-1024x682.jpg\" alt=\"\" class=\"uag-image-2256\" width=\"1280\" height=\"852\" title=\"Osv\u011btlen\u00ed v\u00fdstavn\u00ed haly (3)\" loading=\"lazy\" role=\"img\"><\/a><\/figure><\/div>\n\n\n\n<h3 class=\"wp-block-heading\"><strong>1.3 Odraz a osln\u011bn\u00ed<\/strong><strong><\/strong><\/h3>\n\n\n\n<p>Ve v\u00fdstavn\u00edm prostoru je velmi d\u016fle\u017eit\u00e9 zabr\u00e1nit ru\u0161iv\u00fdm odraz\u016fm a osln\u011bn\u00ed div\u00e1k\u016f. Ve f\u00e1zi p\u0159edb\u011b\u017en\u00e9ho pl\u00e1nov\u00e1n\u00ed a organizace je t\u0159eba pe\u010dliv\u011b zv\u00e1\u017eit um\u00edst\u011bn\u00ed oken a sv\u00edtidel a rozlo\u017een\u00ed osv\u011btlen\u00ed v\u00fdstavn\u00ed haly. V prvn\u00ed \u0159ad\u011b je t\u0159eba zabr\u00e1nit p\u0159\u00edm\u00e9mu osln\u011bn\u00ed, nap\u0159\u00edklad pou\u017eit\u00ed osv\u011btlen\u00ed denn\u00edm sv\u011btlem, m\u011blo by p\u0159\u00edsn\u011b blokovat p\u0159\u00edm\u00e9 slune\u010dn\u00ed sv\u011btlo, lampy um\u011bl\u00e9ho osv\u011btlen\u00ed mus\u00ed m\u00edt dostate\u010dn\u00fd st\u00ednic\u00ed \u00fahel; Druh\u00fdm c\u00edlem je zabr\u00e1nit ru\u0161iv\u00fdm odraz\u016fm. Existuje n\u011bkolik p\u0159\u00edpad\u016f reflexn\u00edho ru\u0161en\u00ed:<\/p>\n\n\n\n<p>(1) Osln\u011bn\u00ed zp\u016fsoben\u00e9 odrazem sv\u011bteln\u00e9ho zdroje od zrcadlov\u00e9ho skla nebo jin\u00e9ho leskl\u00e9ho povrchu do o\u010d\u00ed div\u00e1k\u016f je odrazem.<\/p>\n\n\n\n<p>(2) Jas div\u00e1k\u016f nebo jin\u00fdch objekt\u016f je vy\u0161\u0161\u00ed ne\u017e jas povrchu expon\u00e1tu a obraz odrazu, kter\u00fd se objevuje na skle nebo leskl\u00e9m povrchu, je sekund\u00e1rn\u00edm odrazem.<\/p>\n\n\n\n<p>(3) Odrazy sv\u011bteln\u00fdch clon na expon\u00e1tech s leskl\u00fdmi materi\u00e1ly.<\/p>\n\n\n\n<p>Aby se zabr\u00e1nilo jedin\u00e9mu odrazu, m\u011bl by b\u00fdt zdroj osv\u011btlen\u00ed ploch\u00fdch expon\u00e1t\u016f um\u00edst\u011bn mimo oblast ru\u0161iv\u00fdch odraz\u016f. Pokud m\u016f\u017ee b\u00fdt osv\u011btlen\u00ed expon\u00e1t\u016f vy\u0161\u0161\u00ed ne\u017e celkov\u00e1 \u00farove\u0148 osv\u011btlen\u00ed v\u00fdstavn\u00ed haly a osv\u011btlen\u00ed prostoru pro div\u00e1ky, lze sekund\u00e1rn\u00ed odraz oslabit.<\/p>\n\n\n\n<h3 class=\"wp-block-heading\"><strong>1.4 Barva sv\u011bteln\u00e9ho zdroje<\/strong><strong><\/strong><\/h3>\n\n\n\n<p>Vzhledem k barevn\u00e9 adaptaci zraku z\u016fst\u00e1v\u00e1 vn\u00edman\u00e1 barva objektu v\u017edy konstantn\u00ed, a\u0165 je slune\u010dno nebo zata\u017eeno, pokud je osv\u011btlen\u00ed dostate\u010dn\u00e9. Z hlediska barvy sv\u011bteln\u00e9ho zdroje je proto ide\u00e1ln\u00edm zdrojem osv\u011btlen\u00ed p\u0159irozen\u00e9 sv\u011btlo. Pokud se pou\u017e\u00edv\u00e1 forma um\u011bl\u00e9ho osv\u011btlen\u00ed, je pro zachov\u00e1n\u00ed p\u0159irozen\u00e9 barvy expon\u00e1t\u016f ide\u00e1ln\u00ed volba zdroje sv\u011btla s denn\u00ed barvou.<\/p>\n\n\n\n<h3 class=\"wp-block-heading\"><strong>1.5 Flexibilita<\/strong><strong><\/strong><\/h3>\n\n\n\n<p>Komer\u010dn\u00ed v\u00fdstavn\u00ed \u010dinnost je pom\u011brn\u011b siln\u00e1, kr\u00e1tk\u00fd cyklus, aby bylo mo\u017en\u00e9 splnit tento po\u017eadavek, je nejlep\u0161\u00ed pou\u017e\u00edt flexibiln\u00ed optick\u00e9 veden\u00ed a bodov\u00e1 sv\u011btla s obecn\u00fdmi formami osv\u011btlen\u00ed. Ve v\u00fdstavn\u00ed m\u00edstnosti s p\u0159irozen\u00fdm osv\u011btlen\u00edm by m\u011blo b\u00fdt k dispozici ru\u010dn\u00ed nebo automatick\u00e9 ovl\u00e1d\u00e1n\u00ed za\u0159\u00edzen\u00ed slune\u010dn\u00ed clony, aby bylo mo\u017en\u00e9 kdykoli p\u0159i zm\u011bn\u011b osv\u011btlen\u00ed upravit sv\u011bteln\u00fd tok.<\/p>\n\n\n\n<h3 class=\"wp-block-heading\"><strong>1.6 Bezpe\u010dnost<\/strong><strong><\/strong><\/h3>\n\n\n\n<p>Je t\u0159eba v\u011bnovat pozornost rozptylu tepla sv\u011bteln\u00e9ho zdroje a spot\u0159eba elektrick\u00e9 energie by nem\u011bla p\u0159ekro\u010dit zat\u00ed\u017een\u00ed zdroje, aby v\u00fdstava prob\u011bhla hladce a bezpe\u010dn\u011b podle pl\u00e1nu.<\/p>\n\n\n\n<h2 class=\"wp-block-heading\"><strong>2. <strong><strong>\u0158e\u0161en\u00ed osv\u011btlen\u00ed v\u00fdstavn\u00ed haly<\/strong><\/strong> formul\u00e1\u0159 osv\u011btlen\u00ed<\/strong><\/h2>\n\n\n\n<p>Pro v\u00fdstavn\u00ed osv\u011btlen\u00ed se b\u011b\u017en\u011b pou\u017e\u00edvaj\u00ed \u017e\u00e1rovky pro celkov\u00e9 osv\u011btlen\u00ed, z\u00e1\u0159ivky s denn\u00edm sv\u011btlem a studenou b\u00edlou barvou pro horn\u00ed nebo v\u00fdkladn\u00ed sk\u0159\u00ed\u0148, mal\u00e9 reflektory pro kl\u00ed\u010dov\u00e9 osv\u011btlen\u00ed a barevn\u00e1 sv\u011btla pro vytvo\u0159en\u00ed atmosf\u00e9ry atd., kter\u00e9 by m\u011bly b\u00fdt vybr\u00e1ny podle konkr\u00e9tn\u00edch okolnost\u00ed.<\/p>\n\n\n\n<div class=\"wp-block-uagb-image uagb-block-08bd5d9c wp-block-uagb-image--layout-default wp-block-uagb-image--effect-static wp-block-uagb-image--align-none\"><figure class=\"wp-block-uagb-image__figure\"><a class=\"\" href=\"https:\/\/led.amasly.com\/cs\/products\/\" target=\"\" rel=\"noopener\"><img decoding=\"async\" srcset=\"https:\/\/led.amasly.com\/wp-content\/uploads\/2025\/03\/Exhibition-hall-lighting-1-1024x633.jpg ,https:\/\/led.amasly.com\/wp-content\/uploads\/2025\/03\/Exhibition-hall-lighting-1.jpg 780w, https:\/\/led.amasly.com\/wp-content\/uploads\/2025\/03\/Exhibition-hall-lighting-1.jpg 360w\" sizes=\"auto, (max-width: 480px) 150px\" src=\"https:\/\/led.amasly.com\/wp-content\/uploads\/2025\/03\/Exhibition-hall-lighting-1-1024x633.jpg\" alt=\"\" class=\"uag-image-2257\" width=\"1280\" height=\"791\" title=\"Osv\u011btlen\u00ed v\u00fdstavn\u00ed haly (1)\" loading=\"lazy\" role=\"img\"><\/a><\/figure><\/div>\n\n\n\n<p>Formy v\u00fdstavn\u00edho osv\u011btlen\u00ed jsou n\u00e1sleduj\u00edc\u00ed:<\/p>\n\n\n\n<p>(1). Sv\u00edtidla a lucerny na strop\u011b a ve vitr\u00edn\u011b by m\u011bly b\u00fdt blokov\u00e1ny m\u0159\u00ed\u017ekou na prsty nebo sv\u011btelnou clonou (ve vitr\u00edn\u011b), aby sv\u011btlo dopadalo p\u0159\u00edmo pod nebo pod diagramem.<\/p>\n\n\n\n<p>(2) Skl\u00ed\u010dko pou\u017e\u00edv\u00e1 osv\u011btlen\u00ed odrazem od bo\u010dn\u00ed st\u011bny (rovina nebo zak\u0159iven\u00fd povrch) a sv\u011btlo by m\u011blo b\u00fdt rovnom\u011brn\u00e9 a m\u011bkk\u00e9.<\/p>\n\n\n\n<p>(3) N\u00e1st\u011bnn\u00e1 vitr\u00edna vyu\u017e\u00edv\u00e1 horn\u00ed a bo\u010dn\u00ed sm\u00ed\u0161en\u00e9 osv\u011btlen\u00ed.<\/p>\n\n\n\n<p>(4) Osv\u011btlen\u00ed layoutu m\u016f\u017ee b\u00fdt tvo\u0159eno dr\u00e1\u017ekov\u00fdmi nebo \u0161t\u011brbinov\u00fdmi sv\u011btly.<\/p>\n\n\n\n<p>(5) Pro osv\u011btlen\u00ed v\u00fdznamn\u00fdch expon\u00e1t\u016f by se m\u011bly pou\u017e\u00edvat reflektory.<\/p>\n\n\n\n<p>(6) Pro vytvo\u0159en\u00ed ur\u010dit\u00e9 atmosf\u00e9ry nebo pozad\u00ed lze pou\u017e\u00edt studen\u00e9 osv\u011btlen\u00ed nebo barevn\u00e1 sv\u011btla.<\/p>\n\n\n\n<p>(7) Podle po\u017eadavk\u016f na design lze uspo\u0159\u00e1dat sv\u011btelnou reklamu nebo modelov\u00e1n\u00ed.<\/p>\n\n\n\n<p><a href=\"http:\/\/www.iec.com\" rel=\"nofollow noopener\" target=\"_blank\">Standardn\u00ed: IEC 60598<\/a><\/p>\n\n\n\n<div class=\"wp-block-uagb-container uagb-block-c7d898dd alignfull uagb-is-root-container\"><div class=\"uagb-container-inner-blocks-wrap\"><\/div><\/div>\n\n\n\n<h2 class=\"wp-block-heading\">Souvisej\u00edc\u00ed produkty<\/h2>\n\n\n\n<div class=\"wp-block-uagb-container uagb-block-66e4defc alignfull uagb-is-root-container\"><div class=\"uagb-container-inner-blocks-wrap\">\n<div class=\"wp-block-uagb-container uagb-block-a42945f9\">\n<div class=\"wp-block-uagb-image uagb-block-7296296b wp-block-uagb-image--layout-default wp-block-uagb-image--effect-static wp-block-uagb-image--align-none\"><figure class=\"wp-block-uagb-image__figure\"><a class=\"\" href=\"https:\/\/led.amasly.com\/cs\/products\/\" target=\"\" rel=\"noopener\"><img decoding=\"async\" srcset=\"https:\/\/led.amasly.com\/wp-content\/uploads\/2024\/09\/Explosion-proof-high-bay-lights.png ,https:\/\/led.amasly.com\/wp-content\/uploads\/2024\/09\/Explosion-proof-high-bay-lights.png 780w, https:\/\/led.amasly.com\/wp-content\/uploads\/2024\/09\/Explosion-proof-high-bay-lights.png 360w\" sizes=\"auto, (max-width: 480px) 150px\" src=\"https:\/\/led.amasly.com\/wp-content\/uploads\/2024\/09\/Explosion-proof-high-bay-lights.png\" alt=\"\" class=\"uag-image-1495\" width=\"300\" height=\"300\" title=\"Nev\u00fdbu\u0161n\u00e1 sv\u00edtidla s vysokou odolnost\u00ed proti v\u00fdbuchu\" loading=\"lazy\" role=\"img\"><\/a><\/figure><\/div>\n<\/div>\n\n\n\n<div class=\"wp-block-uagb-container uagb-block-4d3efde5\">\n<div class=\"wp-block-uagb-image uagb-block-c9e90797 wp-block-uagb-image--layout-default wp-block-uagb-image--effect-static wp-block-uagb-image--align-none\"><figure class=\"wp-block-uagb-image__figure\"><a class=\"\" href=\"https:\/\/led.amasly.com\/cs\/products\/\" target=\"\" rel=\"noopener\"><img decoding=\"async\" srcset=\"https:\/\/led.amasly.com\/wp-content\/uploads\/2024\/07\/LED-tri-proof-lights2.png ,https:\/\/led.amasly.com\/wp-content\/uploads\/2024\/07\/LED-tri-proof-lights2.png 780w, https:\/\/led.amasly.com\/wp-content\/uploads\/2024\/07\/LED-tri-proof-lights2.png 360w\" sizes=\"auto, (max-width: 480px) 150px\" src=\"https:\/\/led.amasly.com\/wp-content\/uploads\/2024\/07\/LED-tri-proof-lights2.png\" alt=\"\" class=\"uag-image-1132\" width=\"300\" height=\"300\" title=\"LED-tri-proof-sv\u011btla2\" loading=\"lazy\" role=\"img\"><\/a><\/figure><\/div>\n<\/div>\n\n\n\n<div class=\"wp-block-uagb-container uagb-block-11c2578b\">\n<div class=\"wp-block-uagb-image uagb-block-6e8883aa wp-block-uagb-image--layout-default wp-block-uagb-image--effect-static wp-block-uagb-image--align-none\"><figure class=\"wp-block-uagb-image__figure\"><a class=\"\" href=\"https:\/\/led.amasly.com\/cs\/products\/\" target=\"\" rel=\"noopener\"><img decoding=\"async\" srcset=\"https:\/\/led.amasly.com\/wp-content\/uploads\/2024\/09\/LED-Explosion-Proof-Gas-Station-Light.png ,https:\/\/led.amasly.com\/wp-content\/uploads\/2024\/09\/LED-Explosion-Proof-Gas-Station-Light.png 780w, https:\/\/led.amasly.com\/wp-content\/uploads\/2024\/09\/LED-Explosion-Proof-Gas-Station-Light.png 360w\" sizes=\"auto, (max-width: 480px) 150px\" src=\"https:\/\/led.amasly.com\/wp-content\/uploads\/2024\/09\/LED-Explosion-Proof-Gas-Station-Light.png\" alt=\"\" class=\"uag-image-1501\" width=\"300\" height=\"300\" title=\"LED sv\u011btlo pro \u010derpac\u00ed stanice s ochranou proti v\u00fdbuchu\" loading=\"lazy\" role=\"img\"><\/a><\/figure><\/div>\n<\/div>\n<\/div><\/div>\n\n\n\n<div class=\"wp-block-uagb-container uagb-block-548945b5 alignfull uagb-is-root-container\"><div class=\"uagb-container-inner-blocks-wrap\">\n<div class=\"wp-block-uagb-container uagb-block-967755d5\">\n<h4 class=\"wp-block-heading has-text-align-center\"><a href=\"https:\/\/led.amasly.com\/cs\/products\/\">Sv\u011btla LED odoln\u00e1 proti v\u00fdbuchu<\/a><\/h4>\n<\/div>\n\n\n\n<div class=\"wp-block-uagb-container uagb-block-9bc52fc2\">\n<h4 class=\"wp-block-heading has-text-align-center\"><a href=\"https:\/\/led.amasly.com\/cs\/products\/\">Trojit\u00e1 ochrann\u00e1 sv\u011btla LED<\/a><\/h4>\n<\/div>\n\n\n\n<div class=\"wp-block-uagb-container uagb-block-8ffa0a23\">\n<h4 class=\"wp-block-heading has-text-align-center\"><a href=\"https:\/\/led.amasly.com\/cs\/products\/\">Sv\u011btla \u010derpac\u00edch stanic odoln\u00e1 proti v\u00fdbuchu<\/a><\/h4>\n<\/div>\n<\/div><\/div>\n\n\n\n<div class=\"wp-block-uagb-container uagb-block-29499fe0 alignfull uagb-is-root-container\"><div class=\"uagb-container-inner-blocks-wrap\">\n<div class=\"wp-block-uagb-container uagb-block-777ee1c7\">\n<div class=\"wp-block-uagb-image uagb-block-2e9a1851 wp-block-uagb-image--layout-default wp-block-uagb-image--effect-static wp-block-uagb-image--align-none\"><figure class=\"wp-block-uagb-image__figure\"><a class=\"\" href=\"https:\/\/led.amasly.com\/cs\/products\/\" target=\"\" rel=\"noopener\"><img decoding=\"async\" srcset=\"https:\/\/led.amasly.com\/wp-content\/uploads\/2024\/10\/50W-100W-150W-200W-300W-LED-Flood-Light.jpg ,https:\/\/led.amasly.com\/wp-content\/uploads\/2024\/10\/50W-100W-150W-200W-300W-LED-Flood-Light.jpg 780w, https:\/\/led.amasly.com\/wp-content\/uploads\/2024\/10\/50W-100W-150W-200W-300W-LED-Flood-Light.jpg 360w\" sizes=\"auto, (max-width: 480px) 150px\" src=\"https:\/\/led.amasly.com\/wp-content\/uploads\/2024\/10\/50W-100W-150W-200W-300W-LED-Flood-Light.jpg\" alt=\"\" class=\"uag-image-1526\" width=\"300\" height=\"300\" title=\"50W 100W 150W 200W 300W LED z\u00e1plavov\u00e9 sv\u011btlo\" loading=\"lazy\" role=\"img\"><\/a><\/figure><\/div>\n<\/div>\n\n\n\n<div class=\"wp-block-uagb-container uagb-block-af8c8683\">\n<div class=\"wp-block-uagb-image uagb-block-67947854 wp-block-uagb-image--layout-default wp-block-uagb-image--effect-static wp-block-uagb-image--align-none\"><figure class=\"wp-block-uagb-image__figure\"><a class=\"\" href=\"https:\/\/led.amasly.com\/cs\/products\/\" target=\"\" rel=\"noopener\"><img decoding=\"async\" srcset=\"https:\/\/led.amasly.com\/wp-content\/uploads\/2024\/07\/led-tri-proof-light.png ,https:\/\/led.amasly.com\/wp-content\/uploads\/2024\/07\/led-tri-proof-light.png 780w, https:\/\/led.amasly.com\/wp-content\/uploads\/2024\/07\/led-tri-proof-light.png 360w\" sizes=\"auto, (max-width: 480px) 150px\" src=\"https:\/\/led.amasly.com\/wp-content\/uploads\/2024\/07\/led-tri-proof-light.png\" alt=\"\" class=\"uag-image-1130\" width=\"300\" height=\"300\" title=\"led-tri-proof-light\" loading=\"lazy\" role=\"img\"><\/a><\/figure><\/div>\n<\/div>\n\n\n\n<div class=\"wp-block-uagb-container uagb-block-0fdfdd58\">\n<div class=\"wp-block-uagb-image uagb-block-1187d32d wp-block-uagb-image--layout-default wp-block-uagb-image--effect-static wp-block-uagb-image--align-none\"><figure class=\"wp-block-uagb-image__figure\"><a class=\"\" href=\"https:\/\/led.amasly.com\/cs\/products\/\" target=\"\" rel=\"noopener\"><img decoding=\"async\" srcset=\"https:\/\/led.amasly.com\/wp-content\/uploads\/2024\/07\/LED-street-light.jpg ,https:\/\/led.amasly.com\/wp-content\/uploads\/2024\/07\/LED-street-light.jpg 780w, https:\/\/led.amasly.com\/wp-content\/uploads\/2024\/07\/LED-street-light.jpg 360w\" sizes=\"auto, (max-width: 480px) 150px\" src=\"https:\/\/led.amasly.com\/wp-content\/uploads\/2024\/07\/LED-street-light.jpg\" alt=\"\" class=\"uag-image-1145\" width=\"300\" height=\"300\" title=\"Uli\u010dn\u00ed osv\u011btlen\u00ed LED\" loading=\"lazy\" role=\"img\"><\/a><\/figure><\/div>\n<\/div>\n<\/div><\/div>\n\n\n\n<div class=\"wp-block-uagb-container uagb-block-6a60882c alignfull uagb-is-root-container\"><div class=\"uagb-container-inner-blocks-wrap\">\n<div class=\"wp-block-uagb-container uagb-block-f1e91a35\">\n<h4 class=\"wp-block-heading has-text-align-center\"><a href=\"https:\/\/led.amasly.com\/cs\/products\/\">LED sv\u011btla pro zaplaven\u00ed<\/a><\/h4>\n<\/div>\n\n\n\n<div class=\"wp-block-uagb-container uagb-block-165bfa58\">\n<h4 class=\"wp-block-heading has-text-align-center\"><a href=\"https:\/\/led.amasly.com\/cs\/products\/\">LED Tri-Proof Tube Lights<\/a><\/h4>\n<\/div>\n\n\n\n<div class=\"wp-block-uagb-container uagb-block-f6096e3b\">\n<h4 class=\"wp-block-heading has-text-align-center\"><a href=\"https:\/\/led.amasly.com\/cs\/products\/\">Pouli\u010dn\u00ed osv\u011btlen\u00ed LED<\/a><\/h4>\n<\/div>\n<\/div><\/div>\n\n\n\n<div class=\"wp-block-uagb-container uagb-block-99c0e0a5 alignfull uagb-is-root-container\"><div class=\"uagb-container-inner-blocks-wrap\"><\/div><\/div>","protected":false},"excerpt":{"rendered":"<p>Exhibition hall Intelligent Lighting Solutions Exhibition hall Lighting Solutions design Exhibition lighting plays an important role in highlighting exhibits and enhancing the atmosphere of the space. The lighting design of the exhibition includes three forms of natural lighting, artificial lighting and integrated lighting. However, as far as commercial exhibitions are concerned, because of their short [&hellip;]<\/p>\n","protected":false},"author":1,"featured_media":0,"parent":1808,"menu_order":0,"comment_status":"closed","ping_status":"closed","template":"","meta":{"_uag_custom_page_level_css":"","site-sidebar-layout":"no-sidebar","site-content-layout":"","ast-site-content-layout":"default","site-content-style":"default","site-sidebar-style":"default","ast-global-header-display":"","ast-banner-title-visibility":"","ast-main-header-display":"","ast-hfb-above-header-display":"","ast-hfb-below-header-display":"","ast-hfb-mobile-header-display":"","site-post-title":"disabled","ast-breadcrumbs-content":"","ast-featured-img":"","footer-sml-layout":"","ast-disable-related-posts":"","theme-transparent-header-meta":"enabled","adv-header-id-meta":"","stick-header-meta":"","header-above-stick-meta":"","header-main-stick-meta":"","header-below-stick-meta":"","astra-migrate-meta-layouts":"set","ast-page-background-enabled":"default","ast-page-background-meta":{"desktop":{"background-color":"var(--ast-global-color-4)","background-image":"","background-repeat":"repeat","background-position":"center center","background-size":"auto","background-attachment":"scroll","background-type":"","background-media":"","overlay-type":"","overlay-color":"","overlay-opacity":"","overlay-gradient":""},"tablet":{"background-color":"","background-image":"","background-repeat":"repeat","background-position":"center center","background-size":"auto","background-attachment":"scroll","background-type":"","background-media":"","overlay-type":"","overlay-color":"","overlay-opacity":"","overlay-gradient":""},"mobile":{"background-color":"","background-image":"","background-repeat":"repeat","background-position":"center center","background-size":"auto","background-attachment":"scroll","background-type":"","background-media":"","overlay-type":"","overlay-color":"","overlay-opacity":"","overlay-gradient":""}},"ast-content-background-meta":{"desktop":{"background-color":"var(--ast-global-color-5)","background-image":"","background-repeat":"repeat","background-position":"center center","background-size":"auto","background-attachment":"scroll","background-type":"","background-media":"","overlay-type":"","overlay-color":"","overlay-opacity":"","overlay-gradient":""},"tablet":{"background-color":"var(--ast-global-color-5)","background-image":"","background-repeat":"repeat","background-position":"center center","background-size":"auto","background-attachment":"scroll","background-type":"","background-media":"","overlay-type":"","overlay-color":"","overlay-opacity":"","overlay-gradient":""},"mobile":{"background-color":"var(--ast-global-color-5)","background-image":"","background-repeat":"repeat","background-position":"center center","background-size":"auto","background-attachment":"scroll","background-type":"","background-media":"","overlay-type":"","overlay-color":"","overlay-opacity":"","overlay-gradient":""}},"footnotes":""},"class_list":["post-2250","page","type-page","status-publish","hentry"],"uagb_featured_image_src":{"full":false,"thumbnail":false,"medium":false,"medium_large":false,"large":false,"1536x1536":false,"2048x2048":false,"trp-custom-language-flag":false},"uagb_author_info":{"display_name":"Joe","author_link":"https:\/\/led.amasly.com\/cs\/author\/jacklin\/"},"uagb_comment_info":0,"uagb_excerpt":"Exhibition hall Intelligent Lighting Solutions Exhibition hall Lighting Solutions design Exhibition lighting plays an important role in highlighting exhibits and enhancing the atmosphere of the space. The lighting design of the exhibition includes three forms of natural lighting, artificial lighting and integrated lighting. However, as far as commercial exhibitions are concerned, because of their short&hellip;","_links":{"self":[{"href":"https:\/\/led.amasly.com\/cs\/wp-json\/wp\/v2\/pages\/2250","targetHints":{"allow":["GET"]}}],"collection":[{"href":"https:\/\/led.amasly.com\/cs\/wp-json\/wp\/v2\/pages"}],"about":[{"href":"https:\/\/led.amasly.com\/cs\/wp-json\/wp\/v2\/types\/page"}],"author":[{"embeddable":true,"href":"https:\/\/led.amasly.com\/cs\/wp-json\/wp\/v2\/users\/1"}],"replies":[{"embeddable":true,"href":"https:\/\/led.amasly.com\/cs\/wp-json\/wp\/v2\/comments?post=2250"}],"version-history":[{"count":2,"href":"https:\/\/led.amasly.com\/cs\/wp-json\/wp\/v2\/pages\/2250\/revisions"}],"predecessor-version":[{"id":4560,"href":"https:\/\/led.amasly.com\/cs\/wp-json\/wp\/v2\/pages\/2250\/revisions\/4560"}],"up":[{"embeddable":true,"href":"https:\/\/led.amasly.com\/cs\/wp-json\/wp\/v2\/pages\/1808"}],"wp:attachment":[{"href":"https:\/\/led.amasly.com\/cs\/wp-json\/wp\/v2\/media?parent=2250"}],"curies":[{"name":"wp","href":"https:\/\/api.w.org\/{rel}","templated":true}]}}