{"id":1992,"date":"2025-02-25T20:52:31","date_gmt":"2025-02-25T12:52:31","guid":{"rendered":"https:\/\/led.amasly.com\/?page_id=1992"},"modified":"2026-01-22T13:48:29","modified_gmt":"2026-01-22T05:48:29","slug":"underground-parking-lots-lighting-solution","status":"publish","type":"page","link":"https:\/\/led.amasly.com\/cs\/solutions\/underground-parking-lots-lighting-solution\/","title":{"rendered":"\u0158e\u0161en\u00ed osv\u011btlen\u00ed podzemn\u00edch parkovi\u0161\u0165"},"content":{"rendered":"<div class=\"wp-block-uagb-container uagb-block-27bae773 alignfull uagb-is-root-container\"><div class=\"uagb-container-inner-blocks-wrap\"><\/div><\/div>\n\n\n\n<h1 class=\"wp-block-heading has-text-align-center\">Inteligentn\u00ed \u0159e\u0161en\u00ed osv\u011btlen\u00ed podzemn\u00edch parkovi\u0161\u0165<\/h1>\n\n\n\n<p class=\"has-medium-font-size\">V obrovsk\u00fdch podzemn\u00edch gar\u00e1\u017e\u00edch, kter\u00e9 \u010del\u00ed pot\u0159eb\u00e1m osv\u011btlen\u00ed velk\u00e9ho prostoru 24 hodin denn\u011b, se d\u016fle\u017eitou v\u00fdzvou stalo, jak zajistit, aby gar\u00e1\u017e byla dob\u0159e osv\u011btlen\u00e1, bezpe\u010dn\u00e1 a z\u00e1rove\u0148 energeticky \u00fa\u010dinn\u00e1.<\/p>\n\n\n\n<div class=\"wp-block-uagb-image uagb-block-8b506501 wp-block-uagb-image--layout-default wp-block-uagb-image--effect-static wp-block-uagb-image--align-none\"><figure class=\"wp-block-uagb-image__figure\"><img decoding=\"async\" srcset=\"https:\/\/led.amasly.com\/wp-content\/uploads\/2025\/02\/1-1024x631.jpg ,https:\/\/led.amasly.com\/wp-content\/uploads\/2025\/02\/1.jpg 780w, https:\/\/led.amasly.com\/wp-content\/uploads\/2025\/02\/1.jpg 360w\" sizes=\"auto, (max-width: 480px) 150px\" src=\"https:\/\/led.amasly.com\/wp-content\/uploads\/2025\/02\/1-1024x631.jpg\" alt=\"Underground Parking Lots Lighting Solution\" class=\"uag-image-1993\" width=\"1024\" height=\"631\" title=\"\u0158e\u0161en\u00ed osv\u011btlen\u00ed podzemn\u00edch parkovi\u0161\u0165\" loading=\"lazy\" role=\"img\"\/><\/figure><\/div>\n\n\n\n<p class=\"has-medium-font-size\">Tent\u00fd\u017e den energeticky \u00fasporn\u00e9 osv\u011btlen\u00ed v bl\u00edzkosti popt\u00e1vky na trhu, pe\u010dliv\u011b navr\u017een\u00e9 a spu\u0161t\u011bn\u00e9 \u010dty\u0159i suter\u00e9nn\u00ed s\u00e9rie osv\u011btlovac\u00edch \u0159e\u0161en\u00ed, navr\u017een\u00e9 pro r\u016fzn\u00e9 velikosti a pot\u0159eby suter\u00e9nu na m\u00edru ide\u00e1ln\u00edmu sv\u011bteln\u00e9mu prost\u0159ed\u00ed, nejen pro zlep\u0161en\u00ed z\u00e1\u017eitku z parkov\u00e1n\u00ed, ale tak\u00e9 pro dosa\u017een\u00ed dvojn\u00e1sobn\u00fdch \u00faspor n\u00e1klad\u016f a energie.<\/p>\n\n\n\n<h2 class=\"wp-block-heading\">Za prv\u00e9, podzemn\u00ed parkovi\u0161t\u011b \u0158e\u0161en\u00ed osv\u011btlen\u00ed: \u010dasov\u011b efektivn\u00ed sch\u00e9ma osv\u011btlen\u00ed: parkovac\u00ed m\u00edsto + dlouh\u00e1 sv\u011bteln\u00e1 trubice.<\/h2>\n\n\n\n<p class=\"has-medium-font-size\">Pro suter\u00e9n, kter\u00fd pot\u0159ebuje dlouhou dobu a vysok\u00fd jas osv\u011btlen\u00ed, je pou\u017eit\u00ed parkovac\u00edho m\u00edsta + pruhu s pln\u00fdm rozsahem dlouh\u00e9 jasn\u00e9 trubice n\u00e1kladov\u011b efektivn\u011bj\u0161\u00ed a \u0159ada 5-6w suter\u00e9nu - ultra-vysok\u00e1 sv\u011bteln\u00e1 \u00fa\u010dinnost dlouh\u00e9 jasn\u00e9 trubice odpov\u00edd\u00e1 b\u011b\u017en\u00fdm \u00fasporn\u00fdm \u017e\u00e1rovk\u00e1m na trhu 18w a vy\u0161\u0161\u00edm, kter\u00e9 mohou dos\u00e1hnout v\u00edce ne\u017e 65% \u00faspory energie p\u0159i zaji\u0161t\u011bn\u00ed kvality osv\u011btlen\u00ed.<\/p>\n\n\n\n<p class=\"has-medium-font-size\">Tento program se vyzna\u010duje n\u00edzk\u00fdmi investi\u010dn\u00edmi n\u00e1klady, snadnou \u00fadr\u017ebou a cyklem n\u00e1vratnosti investic v d\u00e9lce pouh\u00fdch 5 a\u017e 6 m\u011bs\u00edc\u016f.<\/p>\n\n\n\n<h2 class=\"wp-block-heading\">Za druh\u00e9, podzemn\u00ed parkovi\u0161t\u011b \u0158e\u0161en\u00ed osv\u011btlen\u00ed: dynamick\u00e9 inteligentn\u00ed \u0159\u00edzen\u00ed sch\u00e9ma \u00faspory energie: parkovac\u00ed m\u00edsto + radarov\u00e1 trubice s pln\u00fdm rozsahem.<\/h2>\n\n\n\n<p class=\"has-medium-font-size\">V suter\u00e9nu, kter\u00fd pot\u0159ebuje dynamick\u00e9 osv\u011btlen\u00ed a spou\u0161t\u011bc\u00ed osv\u011btlen\u00ed, m\u016f\u017ee pou\u017eit\u00ed parkovac\u00edch sv\u011btel + glob\u00e1ln\u00edch radarov\u00fdch sv\u011btel v j\u00edzdn\u00edch pruz\u00edch d\u00e1le zv\u00fd\u0161it m\u00edru \u00faspory energie. 2-6W suter\u00e9nn\u00ed \u0159ada - ultra-vysok\u00e1 sv\u011bteln\u00e1 \u00fa\u010dinnost radarov\u00e9 trubice, vybaven\u00e1 inteligentn\u00ed induk\u010dn\u00ed mikrovlnnou radarovou technologi\u00ed 5,8G, m\u016f\u017ee umo\u017enit dynamick\u00e9 p\u0159izp\u016fsoben\u00ed sv\u011btla s vozidlem, aby se dos\u00e1hlo spu\u0161t\u011bn\u00ed sv\u011btla, auto od sv\u011btla tmav\u00e9 inteligentn\u00ed osv\u011btlen\u00ed, m\u00edra \u00faspory energie a\u017e 70%.<\/p>\n\n\n\n<div class=\"wp-block-uagb-image uagb-block-bae702f6 wp-block-uagb-image--layout-default wp-block-uagb-image--effect-static wp-block-uagb-image--align-none\"><figure class=\"wp-block-uagb-image__figure\"><a class=\"\" href=\"https:\/\/led.amasly.com\/cs\/\" target=\"\" rel=\"noopener\"><img decoding=\"async\" srcset=\"https:\/\/led.amasly.com\/wp-content\/uploads\/2025\/02\/4-1024x576.gif ,https:\/\/led.amasly.com\/wp-content\/uploads\/2025\/02\/4.gif 780w, https:\/\/led.amasly.com\/wp-content\/uploads\/2025\/02\/4.gif 360w\" sizes=\"auto, (max-width: 480px) 150px\" src=\"https:\/\/led.amasly.com\/wp-content\/uploads\/2025\/02\/4-1024x576.gif\" alt=\"\" class=\"uag-image-1994\" width=\"1280\" height=\"720\" title=\"4\" loading=\"lazy\" role=\"img\"><\/a><\/figure><\/div>\n\n\n\n<p class=\"has-medium-font-size\">Toto \u0159e\u0161en\u00ed nejen vyrovn\u00e1v\u00e1 pot\u0159eby osv\u011btlen\u00ed suter\u00e9nu, ale tak\u00e9 sni\u017euje spot\u0159ebu energie. I kdy\u017e je po\u010d\u00e1te\u010dn\u00ed investice o n\u011bco vy\u0161\u0161\u00ed, cyklus n\u00e1vratnosti 6-9 m\u011bs\u00edc\u016f sv\u011bd\u010d\u00ed o jeho vysok\u00e9 \u00fa\u010dinnosti.<\/p>\n\n\n\n<h2 class=\"wp-block-heading\">Za t\u0159et\u00ed, \u0159e\u0161en\u00ed osv\u011btlen\u00ed podzemn\u00edch parkovi\u0161\u0165: Inteligentn\u00ed osv\u011btlen\u00ed s um\u011blou inteligenc\u00ed: parkovac\u00ed m\u00edsto + inteligentn\u00ed lampa s um\u011blou inteligenc\u00ed v j\u00edzdn\u00edm pruhu<\/h2>\n\n\n\n<p class=\"has-medium-font-size\">V suter\u00e9nu, kde nen\u00ed vy\u017eadov\u00e1n vysok\u00fd celkov\u00fd jas osv\u011btlen\u00ed a kde je m\u00edra aktivace relativn\u011b n\u00edzk\u00e1, lze inteligentn\u00ed osv\u011btlen\u00ed suter\u00e9nu vylep\u0161it pou\u017eit\u00edm inteligentn\u00edch sv\u00edtidel typu \"parkovac\u00ed m\u00edsto + j\u00edzdn\u00ed pruh\". \u0158ada suter\u00e9n\u016f - ultra vysok\u00e1 sv\u011bteln\u00e1 \u00fa\u010dinnost AI lampy s rozsahem nastaven\u00ed jasu 0-18 W, suter\u00e9n lze segmentovat a \u010dasov\u011b sd\u00edlet pro jemn\u00e9 \u0159\u00edzen\u00ed, aby se dos\u00e1hlo osv\u011btlen\u00ed na vy\u017e\u00e1d\u00e1n\u00ed, pln\u011b se projev\u00ed moudrost osv\u011btlen\u00ed.<\/p>\n\n\n\n<div class=\"wp-block-uagb-image uagb-block-e809ecd8 wp-block-uagb-image--layout-default wp-block-uagb-image--effect-static wp-block-uagb-image--align-none\"><figure class=\"wp-block-uagb-image__figure\"><img decoding=\"async\" srcset=\"https:\/\/led.amasly.com\/wp-content\/uploads\/2025\/02\/2-1024x576.jpg ,https:\/\/led.amasly.com\/wp-content\/uploads\/2025\/02\/2.jpg 780w, https:\/\/led.amasly.com\/wp-content\/uploads\/2025\/02\/2.jpg 360w\" sizes=\"auto, (max-width: 480px) 150px\" src=\"https:\/\/led.amasly.com\/wp-content\/uploads\/2025\/02\/2-1024x576.jpg\" alt=\"\" class=\"uag-image-1995\" width=\"1440\" height=\"810\" title=\"2\" loading=\"lazy\" role=\"img\"><\/figure><\/div>\n\n\n\n<p class=\"has-medium-font-size\">M\u00edra \u00faspory energie tohoto programu z\u00e1vis\u00ed na \u00farovni spou\u0161t\u011bc\u00ed sazby, po\u010d\u00e1te\u010dn\u00ed investice je sice vysok\u00e1, ale zku\u0161enosti s inteligentn\u00edm osv\u011btlen\u00edm a 8-9m\u011bs\u00ed\u010dn\u00ed cyklus n\u00e1vratnosti investice nepochybn\u011b dokazuj\u00ed jeho dlouhodobou investi\u010dn\u00ed hodnotu.<\/p>\n\n\n\n<h2 class=\"wp-block-heading\">Za \u010dtvrt\u00e9, podzemn\u00ed parkovi\u0161t\u011b \u0158e\u0161en\u00ed osv\u011btlen\u00ed: sch\u00e9ma vyv\u00e1\u017een\u00ed spot\u0159eby sv\u011btla: parkovac\u00ed radarov\u00e1 trubice + dlouh\u00e1 jasn\u00e1 trubice v j\u00edzdn\u00edm pruhu.<\/h2>\n\n\n\n<p class=\"has-medium-font-size\">Pro suter\u00e9n s ur\u010dit\u00fdmi po\u017eadavky na sv\u011btelnou \u00fa\u010dinnost, \u00fasporu energie a rozpo\u010det je moudrou volbou \u0159e\u0161en\u00ed parkovac\u00edho m\u00edsta radarov\u00e1 trubice + dlouh\u00e1 sv\u011btl\u00e1 trubice. V\u0161echny parkovac\u00ed prostory jsou instalov\u00e1ny s \u0159adou sklep\u016f - radarov\u00e1 sv\u011btla s ultra vysokou sv\u011btelnou \u00fa\u010dinnost\u00ed, auto otev\u00edr\u00e1 re\u017eim vysok\u00e9ho jasu 6 W, auto automaticky p\u0159ech\u00e1z\u00ed do re\u017eimu n\u00edzk\u00e9ho jasu 2 W, dynamick\u00e9 osv\u011btlen\u00ed a \u00faspora energie. V\u0161echny j\u00edzdn\u00ed pruhy jsou instalov\u00e1ny se suter\u00e9nn\u00ed \u0159adou - ultra-vysok\u00e1 sv\u011bteln\u00e1 \u00fa\u010dinnost dlouh\u00fdch jasn\u00fdch trubic, 5-6w dlouh\u00e9 jasn\u00e9 trubice mohou zajistit, aby j\u00edzdn\u00ed pruhy byly v\u017edy jasn\u00e9, zlep\u0161it bezpe\u010dnost a pohodl\u00ed parkov\u00e1n\u00ed.<\/p>\n\n\n\n<div class=\"wp-block-uagb-image uagb-block-92918285 wp-block-uagb-image--layout-default wp-block-uagb-image--effect-static wp-block-uagb-image--align-none\"><figure class=\"wp-block-uagb-image__figure\"><img decoding=\"async\" srcset=\"https:\/\/led.amasly.com\/wp-content\/uploads\/2025\/02\/3.jpg ,https:\/\/led.amasly.com\/wp-content\/uploads\/2025\/02\/3.jpg 780w, https:\/\/led.amasly.com\/wp-content\/uploads\/2025\/02\/3.jpg 360w\" sizes=\"auto, (max-width: 480px) 150px\" src=\"https:\/\/led.amasly.com\/wp-content\/uploads\/2025\/02\/3.jpg\" alt=\"\" class=\"uag-image-1996\" width=\"660\" height=\"495\" title=\"3\" loading=\"lazy\" role=\"img\"><\/figure><\/div>\n\n\n\n<p class=\"has-medium-font-size\">Tento program je n\u00e1kladov\u011b efektivn\u00ed, tak\u017ee transformace osv\u011btlen\u00ed suter\u00e9nu \u201cvysok\u00fd jas + n\u00edzk\u00e1 spot\u0159eba energie + n\u00edzk\u00e9 investice\u201d se st\u00e1v\u00e1 skute\u010dnost\u00ed, komplexn\u00ed m\u00edra \u00faspory energie m\u016f\u017ee dos\u00e1hnout p\u0159ibli\u017en\u011b 70%, doba n\u00e1vratnosti investice je kontrolov\u00e1na za 6-9 m\u011bs\u00edc\u016f, vhodn\u00e1 pro v\u0161echny druhy suter\u00e9nn\u00edch sc\u00e9n.<\/p>\n\n\n\n<p class=\"has-medium-font-size\">A\u010dkoli renovace energeticky \u00fasporn\u00e9ho osv\u011btlen\u00ed suter\u00e9nu vy\u017eaduje ur\u010ditou po\u010d\u00e1te\u010dn\u00ed investici, z dlouhodob\u00e9ho hlediska mohou \u010dty\u0159i hlavn\u00ed \u0159e\u0161en\u00ed energeticky \u00fasporn\u00e9ho osv\u011btlen\u00ed suter\u00e9nu v jeden den v\u00fdrazn\u011b sn\u00ed\u017eit provozn\u00ed n\u00e1klady, rychle vr\u00e1tit investice a p\u0159in\u00e9st trval\u00e9 v\u00fdhody pro ochranu \u017eivotn\u00edho prost\u0159ed\u00ed a ekonomiku suter\u00e9nu.<\/p>\n\n\n\n<p class=\"has-medium-font-size\">Zvolte si je\u0161t\u011b tent\u00fd\u017e den energeticky \u00faspornou \u0159adu osv\u011btlen\u00ed, otev\u0159ete novou \u00e9ru inteligentn\u00edho, energeticky \u00fasporn\u00e9ho a \u00fa\u010dinn\u00e9ho osv\u011btlen\u00ed suter\u00e9nu a vytvo\u0159te budoucnost udr\u017eiteln\u00e9ho rozvoje spr\u00e1vy nemovitost\u00ed.<\/p>\n\n\n\n<p>Standardn\u00ed: <a href=\"http:\/\/www.iec.com\" rel=\"nofollow noopener\" target=\"_blank\">IEC 60598<\/a><\/p>\n\n\n\n<div class=\"wp-block-uagb-container uagb-block-c7d898dd alignfull uagb-is-root-container\"><div class=\"uagb-container-inner-blocks-wrap\"><\/div><\/div>\n\n\n\n<h2 class=\"wp-block-heading\">Souvisej\u00edc\u00ed produkty<\/h2>\n\n\n\n<div class=\"wp-block-uagb-container uagb-block-66e4defc alignfull uagb-is-root-container\"><div class=\"uagb-container-inner-blocks-wrap\">\n<div class=\"wp-block-uagb-container uagb-block-a42945f9\">\n<div class=\"wp-block-uagb-image uagb-block-7296296b wp-block-uagb-image--layout-default wp-block-uagb-image--effect-static wp-block-uagb-image--align-none\"><figure class=\"wp-block-uagb-image__figure\"><a class=\"\" href=\"https:\/\/led.amasly.com\/cs\/products\/\" target=\"\" rel=\"noopener\"><img decoding=\"async\" srcset=\"https:\/\/led.amasly.com\/wp-content\/uploads\/2024\/09\/Explosion-proof-high-bay-lights.png ,https:\/\/led.amasly.com\/wp-content\/uploads\/2024\/09\/Explosion-proof-high-bay-lights.png 780w, https:\/\/led.amasly.com\/wp-content\/uploads\/2024\/09\/Explosion-proof-high-bay-lights.png 360w\" sizes=\"auto, (max-width: 480px) 150px\" src=\"https:\/\/led.amasly.com\/wp-content\/uploads\/2024\/09\/Explosion-proof-high-bay-lights.png\" alt=\"\" class=\"uag-image-1495\" width=\"300\" height=\"300\" title=\"Nev\u00fdbu\u0161n\u00e1 sv\u00edtidla s vysokou odolnost\u00ed proti v\u00fdbuchu\" loading=\"lazy\" role=\"img\"><\/a><\/figure><\/div>\n<\/div>\n\n\n\n<div class=\"wp-block-uagb-container uagb-block-4d3efde5\">\n<div class=\"wp-block-uagb-image uagb-block-c9e90797 wp-block-uagb-image--layout-default wp-block-uagb-image--effect-static wp-block-uagb-image--align-none\"><figure class=\"wp-block-uagb-image__figure\"><a class=\"\" href=\"https:\/\/led.amasly.com\/cs\/products\/\" target=\"\" rel=\"noopener\"><img decoding=\"async\" srcset=\"https:\/\/led.amasly.com\/wp-content\/uploads\/2024\/07\/LED-tri-proof-lights2.png ,https:\/\/led.amasly.com\/wp-content\/uploads\/2024\/07\/LED-tri-proof-lights2.png 780w, https:\/\/led.amasly.com\/wp-content\/uploads\/2024\/07\/LED-tri-proof-lights2.png 360w\" sizes=\"auto, (max-width: 480px) 150px\" src=\"https:\/\/led.amasly.com\/wp-content\/uploads\/2024\/07\/LED-tri-proof-lights2.png\" alt=\"\" class=\"uag-image-1132\" width=\"300\" height=\"300\" title=\"LED-tri-proof-sv\u011btla2\" loading=\"lazy\" role=\"img\"><\/a><\/figure><\/div>\n<\/div>\n\n\n\n<div class=\"wp-block-uagb-container uagb-block-11c2578b\">\n<div class=\"wp-block-uagb-image uagb-block-6e8883aa wp-block-uagb-image--layout-default wp-block-uagb-image--effect-static wp-block-uagb-image--align-none\"><figure class=\"wp-block-uagb-image__figure\"><a class=\"\" href=\"https:\/\/led.amasly.com\/cs\/products\/\" target=\"\" rel=\"noopener\"><img decoding=\"async\" srcset=\"https:\/\/led.amasly.com\/wp-content\/uploads\/2024\/09\/LED-Explosion-Proof-Gas-Station-Light.png ,https:\/\/led.amasly.com\/wp-content\/uploads\/2024\/09\/LED-Explosion-Proof-Gas-Station-Light.png 780w, https:\/\/led.amasly.com\/wp-content\/uploads\/2024\/09\/LED-Explosion-Proof-Gas-Station-Light.png 360w\" sizes=\"auto, (max-width: 480px) 150px\" src=\"https:\/\/led.amasly.com\/wp-content\/uploads\/2024\/09\/LED-Explosion-Proof-Gas-Station-Light.png\" alt=\"\" class=\"uag-image-1501\" width=\"300\" height=\"300\" title=\"LED sv\u011btlo pro \u010derpac\u00ed stanice s ochranou proti v\u00fdbuchu\" loading=\"lazy\" role=\"img\"><\/a><\/figure><\/div>\n<\/div>\n<\/div><\/div>\n\n\n\n<div class=\"wp-block-uagb-container uagb-block-548945b5 alignfull uagb-is-root-container\"><div class=\"uagb-container-inner-blocks-wrap\">\n<div class=\"wp-block-uagb-container uagb-block-967755d5\">\n<h4 class=\"wp-block-heading has-text-align-center\"><a href=\"https:\/\/led.amasly.com\/cs\/products\/\">Sv\u011btla LED odoln\u00e1 proti v\u00fdbuchu<\/a><\/h4>\n<\/div>\n\n\n\n<div class=\"wp-block-uagb-container uagb-block-9bc52fc2\">\n<h4 class=\"wp-block-heading has-text-align-center\"><a href=\"https:\/\/led.amasly.com\/cs\/products\/\">Trojit\u00e1 ochrann\u00e1 sv\u011btla LED<\/a><\/h4>\n<\/div>\n\n\n\n<div class=\"wp-block-uagb-container uagb-block-8ffa0a23\">\n<h4 class=\"wp-block-heading has-text-align-center\"><a href=\"https:\/\/led.amasly.com\/cs\/products\/\">Sv\u011btla \u010derpac\u00edch stanic odoln\u00e1 proti v\u00fdbuchu<\/a><\/h4>\n<\/div>\n<\/div><\/div>\n\n\n\n<div class=\"wp-block-uagb-container uagb-block-29499fe0 alignfull uagb-is-root-container\"><div class=\"uagb-container-inner-blocks-wrap\">\n<div class=\"wp-block-uagb-container uagb-block-777ee1c7\">\n<div class=\"wp-block-uagb-image uagb-block-2e9a1851 wp-block-uagb-image--layout-default wp-block-uagb-image--effect-static wp-block-uagb-image--align-none\"><figure class=\"wp-block-uagb-image__figure\"><a class=\"\" href=\"https:\/\/led.amasly.com\/cs\/products\/\" target=\"\" rel=\"noopener\"><img decoding=\"async\" srcset=\"https:\/\/led.amasly.com\/wp-content\/uploads\/2024\/10\/50W-100W-150W-200W-300W-LED-Flood-Light.jpg ,https:\/\/led.amasly.com\/wp-content\/uploads\/2024\/10\/50W-100W-150W-200W-300W-LED-Flood-Light.jpg 780w, https:\/\/led.amasly.com\/wp-content\/uploads\/2024\/10\/50W-100W-150W-200W-300W-LED-Flood-Light.jpg 360w\" sizes=\"auto, (max-width: 480px) 150px\" src=\"https:\/\/led.amasly.com\/wp-content\/uploads\/2024\/10\/50W-100W-150W-200W-300W-LED-Flood-Light.jpg\" alt=\"\" class=\"uag-image-1526\" width=\"300\" height=\"300\" title=\"50W 100W 150W 200W 300W LED z\u00e1plavov\u00e9 sv\u011btlo\" loading=\"lazy\" role=\"img\"><\/a><\/figure><\/div>\n<\/div>\n\n\n\n<div class=\"wp-block-uagb-container uagb-block-af8c8683\">\n<div class=\"wp-block-uagb-image uagb-block-67947854 wp-block-uagb-image--layout-default wp-block-uagb-image--effect-static wp-block-uagb-image--align-none\"><figure class=\"wp-block-uagb-image__figure\"><a class=\"\" href=\"https:\/\/led.amasly.com\/cs\/products\/\" target=\"\" rel=\"noopener\"><img decoding=\"async\" srcset=\"https:\/\/led.amasly.com\/wp-content\/uploads\/2024\/07\/led-tri-proof-light.png ,https:\/\/led.amasly.com\/wp-content\/uploads\/2024\/07\/led-tri-proof-light.png 780w, https:\/\/led.amasly.com\/wp-content\/uploads\/2024\/07\/led-tri-proof-light.png 360w\" sizes=\"auto, (max-width: 480px) 150px\" src=\"https:\/\/led.amasly.com\/wp-content\/uploads\/2024\/07\/led-tri-proof-light.png\" alt=\"\" class=\"uag-image-1130\" width=\"300\" height=\"300\" title=\"led-tri-proof-light\" loading=\"lazy\" role=\"img\"><\/a><\/figure><\/div>\n<\/div>\n\n\n\n<div class=\"wp-block-uagb-container uagb-block-0fdfdd58\">\n<div class=\"wp-block-uagb-image uagb-block-1187d32d wp-block-uagb-image--layout-default wp-block-uagb-image--effect-static wp-block-uagb-image--align-none\"><figure class=\"wp-block-uagb-image__figure\"><a class=\"\" href=\"https:\/\/led.amasly.com\/cs\/products\/\" target=\"\" rel=\"noopener\"><img decoding=\"async\" srcset=\"https:\/\/led.amasly.com\/wp-content\/uploads\/2024\/07\/LED-street-light.jpg ,https:\/\/led.amasly.com\/wp-content\/uploads\/2024\/07\/LED-street-light.jpg 780w, https:\/\/led.amasly.com\/wp-content\/uploads\/2024\/07\/LED-street-light.jpg 360w\" sizes=\"auto, (max-width: 480px) 150px\" src=\"https:\/\/led.amasly.com\/wp-content\/uploads\/2024\/07\/LED-street-light.jpg\" alt=\"\" class=\"uag-image-1145\" width=\"300\" height=\"300\" title=\"Uli\u010dn\u00ed osv\u011btlen\u00ed LED\" loading=\"lazy\" role=\"img\"><\/a><\/figure><\/div>\n<\/div>\n<\/div><\/div>\n\n\n\n<div class=\"wp-block-uagb-container uagb-block-6a60882c alignfull uagb-is-root-container\"><div class=\"uagb-container-inner-blocks-wrap\">\n<div class=\"wp-block-uagb-container uagb-block-f1e91a35\">\n<h4 class=\"wp-block-heading has-text-align-center\"><a href=\"https:\/\/led.amasly.com\/cs\/products\/\">LED sv\u011btla pro zaplaven\u00ed<\/a><\/h4>\n<\/div>\n\n\n\n<div class=\"wp-block-uagb-container uagb-block-165bfa58\">\n<h4 class=\"wp-block-heading has-text-align-center\"><a href=\"https:\/\/led.amasly.com\/cs\/products\/\">LED Tri-Proof Tube Lights<\/a><\/h4>\n<\/div>\n\n\n\n<div class=\"wp-block-uagb-container uagb-block-f6096e3b\">\n<h4 class=\"wp-block-heading has-text-align-center\"><a href=\"https:\/\/led.amasly.com\/cs\/products\/\">Pouli\u010dn\u00ed osv\u011btlen\u00ed LED<\/a><\/h4>\n<\/div>\n<\/div><\/div>\n\n\n\n<div class=\"wp-block-uagb-container uagb-block-99c0e0a5 alignfull uagb-is-root-container\"><div class=\"uagb-container-inner-blocks-wrap\"><\/div><\/div>\n\n\n\n<p><\/p>","protected":false},"excerpt":{"rendered":"<p>Intelligent Underground Parking Lots Lighting Solution In the huge underground garage space, facing the lighting needs of a large area of 24 hours, how to ensure that the garage is well-lit, safe and energy-efficient at the same time has become an important challenge. The same day energy-saving lighting close to the market demand, carefully designed [&hellip;]<\/p>\n","protected":false},"author":1,"featured_media":0,"parent":1808,"menu_order":0,"comment_status":"closed","ping_status":"closed","template":"","meta":{"_uag_custom_page_level_css":"","site-sidebar-layout":"no-sidebar","site-content-layout":"","ast-site-content-layout":"default","site-content-style":"default","site-sidebar-style":"default","ast-global-header-display":"","ast-banner-title-visibility":"","ast-main-header-display":"","ast-hfb-above-header-display":"","ast-hfb-below-header-display":"","ast-hfb-mobile-header-display":"","site-post-title":"disabled","ast-breadcrumbs-content":"","ast-featured-img":"","footer-sml-layout":"","ast-disable-related-posts":"","theme-transparent-header-meta":"enabled","adv-header-id-meta":"","stick-header-meta":"","header-above-stick-meta":"","header-main-stick-meta":"","header-below-stick-meta":"","astra-migrate-meta-layouts":"set","ast-page-background-enabled":"default","ast-page-background-meta":{"desktop":{"background-color":"var(--ast-global-color-4)","background-image":"","background-repeat":"repeat","background-position":"center center","background-size":"auto","background-attachment":"scroll","background-type":"","background-media":"","overlay-type":"","overlay-color":"","overlay-opacity":"","overlay-gradient":""},"tablet":{"background-color":"","background-image":"","background-repeat":"repeat","background-position":"center center","background-size":"auto","background-attachment":"scroll","background-type":"","background-media":"","overlay-type":"","overlay-color":"","overlay-opacity":"","overlay-gradient":""},"mobile":{"background-color":"","background-image":"","background-repeat":"repeat","background-position":"center center","background-size":"auto","background-attachment":"scroll","background-type":"","background-media":"","overlay-type":"","overlay-color":"","overlay-opacity":"","overlay-gradient":""}},"ast-content-background-meta":{"desktop":{"background-color":"var(--ast-global-color-5)","background-image":"","background-repeat":"repeat","background-position":"center center","background-size":"auto","background-attachment":"scroll","background-type":"","background-media":"","overlay-type":"","overlay-color":"","overlay-opacity":"","overlay-gradient":""},"tablet":{"background-color":"var(--ast-global-color-5)","background-image":"","background-repeat":"repeat","background-position":"center center","background-size":"auto","background-attachment":"scroll","background-type":"","background-media":"","overlay-type":"","overlay-color":"","overlay-opacity":"","overlay-gradient":""},"mobile":{"background-color":"var(--ast-global-color-5)","background-image":"","background-repeat":"repeat","background-position":"center center","background-size":"auto","background-attachment":"scroll","background-type":"","background-media":"","overlay-type":"","overlay-color":"","overlay-opacity":"","overlay-gradient":""}},"footnotes":""},"class_list":["post-1992","page","type-page","status-publish","hentry"],"uagb_featured_image_src":{"full":false,"thumbnail":false,"medium":false,"medium_large":false,"large":false,"1536x1536":false,"2048x2048":false,"trp-custom-language-flag":false},"uagb_author_info":{"display_name":"Joe","author_link":"https:\/\/led.amasly.com\/cs\/author\/jacklin\/"},"uagb_comment_info":0,"uagb_excerpt":"Intelligent Underground Parking Lots Lighting Solution In the huge underground garage space, facing the lighting needs of a large area of 24 hours, how to ensure that the garage is well-lit, safe and energy-efficient at the same time has become an important challenge. The same day energy-saving lighting close to the market demand, carefully designed&hellip;","_links":{"self":[{"href":"https:\/\/led.amasly.com\/cs\/wp-json\/wp\/v2\/pages\/1992","targetHints":{"allow":["GET"]}}],"collection":[{"href":"https:\/\/led.amasly.com\/cs\/wp-json\/wp\/v2\/pages"}],"about":[{"href":"https:\/\/led.amasly.com\/cs\/wp-json\/wp\/v2\/types\/page"}],"author":[{"embeddable":true,"href":"https:\/\/led.amasly.com\/cs\/wp-json\/wp\/v2\/users\/1"}],"replies":[{"embeddable":true,"href":"https:\/\/led.amasly.com\/cs\/wp-json\/wp\/v2\/comments?post=1992"}],"version-history":[{"count":3,"href":"https:\/\/led.amasly.com\/cs\/wp-json\/wp\/v2\/pages\/1992\/revisions"}],"predecessor-version":[{"id":4594,"href":"https:\/\/led.amasly.com\/cs\/wp-json\/wp\/v2\/pages\/1992\/revisions\/4594"}],"up":[{"embeddable":true,"href":"https:\/\/led.amasly.com\/cs\/wp-json\/wp\/v2\/pages\/1808"}],"wp:attachment":[{"href":"https:\/\/led.amasly.com\/cs\/wp-json\/wp\/v2\/media?parent=1992"}],"curies":[{"name":"wp","href":"https:\/\/api.w.org\/{rel}","templated":true}]}}