{"id":1699,"date":"2025-01-16T20:58:33","date_gmt":"2025-01-16T12:58:33","guid":{"rendered":"https:\/\/led.amasly.com\/?page_id=1699"},"modified":"2026-01-24T19:41:57","modified_gmt":"2026-01-24T11:41:57","slug":"bjy","status":"publish","type":"page","link":"https:\/\/led.amasly.com\/cs\/products\/explosion-proof-lights\/bjy\/","title":{"rendered":"BJY LED sv\u011btla trubice odoln\u00e9 proti v\u00fdbuchu"},"content":{"rendered":"<h2 class=\"wp-block-heading\"><\/h2>\n\n\n\n<p><\/p>\n\n\n\n<h2 class=\"wp-block-heading\"><\/h2>\n\n\n\n<h2 class=\"wp-block-heading\"><\/h2>\n\n\n\n<p><\/p>\n\n\n\n<div class=\"wp-block-uagb-container uagb-block-e407eb08 alignfull uagb-is-root-container\"><div class=\"uagb-container-inner-blocks-wrap\">\n<div class=\"wp-block-uagb-info-box uagb-block-7c0a134c uagb-infobox__content-wrap  uagb-infobox-icon-above-title uagb-infobox-image-valign-top wp-block-uagb-info-box--has-margin\"><div class=\"uagb-infobox-margin-wrapper\"><div class=\"uagb-ifb-content\"><div class=\"uagb-ifb-title-wrap\"><\/div><\/div><\/div><\/div>\n<\/div><\/div>\n\n\n\n<p><\/p>\n\n\n\n<p><\/p>\n\n\n\n<h2 class=\"wp-block-heading\"><\/h2>\n\n\n\n<h1 class=\"wp-block-heading has-text-align-center\">LED v\u00fdbojkov\u00e1 sv\u00edtidla \/ z\u00e1\u0159ivkov\u00e1 sv\u00edtidla odoln\u00e1 proti v\u00fdbuchu<\/h1>\n\n\n\n<div class=\"wp-block-uagb-container uagb-block-5d28ec94 default uagb-is-root-container\">\n<div class=\"wp-block-uagb-container uagb-block-462981e6\">\n<div class=\"wp-block-uagb-container uagb-block-6f08c8e4 alignfull uagb-is-root-container\"><div class=\"uagb-container-inner-blocks-wrap\">\n<div class=\"wp-block-uagb-container uagb-block-b229cb92\">\n<h3 class=\"wp-block-heading\">Obsah<\/h3>\n\n\n\n<div class=\"wp-block-buttons is-layout-flex wp-container-core-buttons-is-layout-45b20515 wp-block-buttons-is-layout-flex\">\n<div class=\"wp-block-button\"><a class=\"wp-block-button__link wp-element-button\" href=\"https:\/\/led.amasly.com\/cs\/products\/explosion-proof-lights\/\">Sv\u011btla odoln\u00e1 proti v\u00fdbuchu<\/a><\/div>\n\n\n\n<div class=\"wp-block-button is-style-fill\"><a class=\"wp-block-button__link wp-element-button\" href=\"https:\/\/led.amasly.com\/cs\/products\/ex-proof-electrical-appliance\/\">Elektrick\u00fd spot\u0159ebi\u010d v proveden\u00ed Ex<\/a><\/div>\n\n\n\n<div class=\"wp-block-button\"><a class=\"wp-block-button__link wp-element-button\" href=\"https:\/\/led.amasly.com\/cs\/products\/led-tri-proof-light-2\/\">LED sv\u011btlo odoln\u00e9 proti vypnut\u00ed<\/a><\/div>\n\n\n\n<div class=\"wp-block-button\"><a class=\"wp-block-button__link wp-element-button\" href=\"https:\/\/led.amasly.com\/cs\/products\/led-high-bay-light\/\">LED High Bay Light<\/a><\/div>\n\n\n\n<div class=\"wp-block-button\"><a class=\"wp-block-button__link wp-element-button\" href=\"https:\/\/led.amasly.com\/cs\/products\/led-flood-lights\/\">LED sv\u011btlo pro zaplaven\u00ed<\/a><\/div>\n\n\n\n<div class=\"wp-block-button\"><a class=\"wp-block-button__link wp-element-button\" href=\"https:\/\/led.amasly.com\/cs\/products\/led-street-lights\/\">Pouli\u010dn\u00ed osv\u011btlen\u00ed LED<\/a><\/div>\n\n\n\n<div class=\"wp-block-button\"><a class=\"wp-block-button__link wp-element-button\" href=\"https:\/\/led.amasly.com\/cs\/products\/solar-lights\/\">LED sol\u00e1rn\u00ed sv\u011btlo<\/a><\/div>\n<\/div>\n\n\n\n<h4 class=\"wp-block-heading\"><\/h4>\n\n\n\n<h4 class=\"wp-block-heading\">Kontakt<\/h4>\n\n\n\n<ul class=\"wp-block-list\">\n<li>E-mail: sales01@amasly.com<strong> <\/strong>      <\/li>\n\n\n\n<li>Mobiln\u00ed za\u0159\u00edzen\u00ed:<strong> <\/strong>+86 13732643699                   <\/li>\n<\/ul>\n<\/div>\n\n\n\n<div class=\"wp-block-columns is-layout-flex wp-container-core-columns-is-layout-28f84493 wp-block-columns-is-layout-flex\">\n<div class=\"wp-block-column is-layout-flow wp-block-column-is-layout-flow\" style=\"flex-basis:100%\">\n<div class=\"wp-block-uagb-container uagb-block-064256a4\">\n<div class=\"wp-block-columns is-layout-flex wp-container-core-columns-is-layout-28f84493 wp-block-columns-is-layout-flex\">\n<div class=\"wp-block-column is-layout-flow wp-block-column-is-layout-flow\" style=\"flex-basis:100%\">\n<div class=\"wp-block-columns is-layout-flex wp-container-core-columns-is-layout-28f84493 wp-block-columns-is-layout-flex\">\n<div class=\"wp-block-column is-layout-flow wp-block-column-is-layout-flow\">\n<div class=\"wp-block-uagb-image uagb-block-f7623661 wp-block-uagb-image--layout-default wp-block-uagb-image--effect-static wp-block-uagb-image--align-none\"><figure class=\"wp-block-uagb-image__figure\"><img decoding=\"async\" srcset=\"https:\/\/led.amasly.com\/wp-content\/uploads\/2024\/09\/Explosion-proof-linear-light.png ,https:\/\/led.amasly.com\/wp-content\/uploads\/2024\/09\/Explosion-proof-linear-light.png 780w, https:\/\/led.amasly.com\/wp-content\/uploads\/2024\/09\/Explosion-proof-linear-light.png 360w\" sizes=\"auto, (max-width: 480px) 150px\" src=\"https:\/\/led.amasly.com\/wp-content\/uploads\/2024\/09\/Explosion-proof-linear-light.png\" alt=\"LED Explosion Proof Tube Lights\" class=\"uag-image-1497\" width=\"300\" height=\"300\" title=\"Line\u00e1rn\u00ed sv\u011btlo odoln\u00e9 proti v\u00fdbuchu\" loading=\"lazy\" role=\"img\"\/><\/figure><\/div>\n<\/div>\n\n\n\n<div class=\"wp-block-column is-layout-flow wp-block-column-is-layout-flow\">\n<p>Sv\u011btla trubic LED s ochranou proti v\u00fdbuchu Rozsah pou\u017eit\u00ed<\/p>\n\n\n\n<p>1. \u0161iroce pou\u017e\u00edvan\u00fd v t\u011b\u017eb\u011b ropy, rafinaci ropy, chemick\u00e9m, vojensk\u00e9m a jin\u00e9m nebezpe\u010dn\u00e9m prost\u0159ed\u00ed tov\u00e1rny a osv\u011btlen\u00ed silnic.<\/p>\n\n\n\n<p>2. vhodn\u00e9 pro pob\u0159e\u017en\u00ed, \u0159\u00ed\u010dn\u00ed a jin\u00e9 prost\u0159ed\u00ed s tlakem v\u011btru a rychlost\u00ed v\u011btru;<\/p>\n\n\n\n<p>3. vhodn\u00e9 pro tis\u00edce v\u00fdbu\u0161n\u00fdch plyn\u016f v prost\u0159ed\u00ed z\u00f3ny 1, z\u00f3ny 2;<\/p>\n\n\n\n<p>4. vhodn\u00e9 pro tis\u00edce m\u00edst s ho\u0159lav\u00fdm prachem 21 z\u00f3na, 22 z\u00f3na;<\/p>\n\n\n\n<p>5. vhodn\u00e9 pro prost\u0159ed\u00ed s v\u00fdbu\u0161n\u00fdmi plyny IIA, IIB, IIC. T\u0159\u00edda I, divize 2, skupiny A, B, C, D.<\/p>\n<\/div>\n<\/div>\n<\/div>\n<\/div>\n\n\n\n<div class=\"wp-block-uagb-container uagb-block-201e76d4\">\n<figure class=\"wp-block-table\"><table><tbody><tr><td>Moel<\/td><td>Power<\/td><td>Ex Mark<\/td><td>Rychlost IP<\/td><td>\u00da\u010dinnost sv\u011btla<\/td><td>Nap\u011bt\u00ed<\/td><td>CCT<\/td><td>PF<\/td><\/tr><tr><td>BAY<\/td><td>1*18W 2*18W 2*26W<\/td><td>Ex d IIC T6<\/td><td>IP66<\/td><td>120lm\/w<\/td><td>Ac85-265V<\/td><td>3000K-6500K<\/td><td>&gt;0.97<\/td><\/tr><\/tbody><\/table><\/figure>\n\n\n\n<h2 class=\"wp-block-heading\">Sv\u011btla LED trubice s ochranou proti v\u00fdbuchu Velikosti:<\/h2>\n\n\n\n<div class=\"wp-block-uagb-image uagb-block-0867b09d wp-block-uagb-image--layout-default wp-block-uagb-image--effect-static wp-block-uagb-image--align-none\"><figure class=\"wp-block-uagb-image__figure\"><img decoding=\"async\" srcset=\"https:\/\/led.amasly.com\/wp-content\/uploads\/2025\/01\/LED-Explosion-Proof-Clean-Fluorescent-Light.png ,https:\/\/led.amasly.com\/wp-content\/uploads\/2025\/01\/LED-Explosion-Proof-Clean-Fluorescent-Light.png 780w, https:\/\/led.amasly.com\/wp-content\/uploads\/2025\/01\/LED-Explosion-Proof-Clean-Fluorescent-Light.png 360w\" sizes=\"auto, (max-width: 480px) 150px\" src=\"https:\/\/led.amasly.com\/wp-content\/uploads\/2025\/01\/LED-Explosion-Proof-Clean-Fluorescent-Light.png\" alt=\"\" class=\"uag-image-1700\" width=\"300\" height=\"300\" title=\"\u010cist\u00e9 z\u00e1\u0159ivkov\u00e9 sv\u011btlo LED s ochranou proti v\u00fdbuchu\" loading=\"lazy\" role=\"img\"><\/figure><\/div>\n<\/div>\n<\/div>\n<\/div>\n<\/div>\n<\/div><\/div>\n<\/div>\n<\/div>\n\n\n\n<h2 class=\"wp-block-heading\"><strong>Nej\u010dast\u011bj\u0161\u00ed dotazy t\u00fdkaj\u00edc\u00ed se Amasly Light<\/strong><\/h2>\n\n\n\n<p><strong>Q1.Can m\u00e1m vzorovou objedn\u00e1vku pro led sv\u011btla?<\/strong><strong><\/strong><\/p>\n\n\n\n<p>Odpov\u011b\u010f: Ano, v\u00edt\u00e1me objedn\u00e1vku vzorku pro testov\u00e1n\u00ed a kontrolu kvality. Sm\u00ed\u0161en\u00e9 vzorky jsou p\u0159ijateln\u00e9.<\/p>\n\n\n\n<p><strong>Q2.Jak je to s dodac\u00ed lh\u016ftou?<\/strong><strong><\/strong><\/p>\n\n\n\n<p>Odpov\u011b\u010f: Vzorek pot\u0159ebuje 3-5 dn\u00ed, doba hromadn\u00e9 v\u00fdroby pot\u0159ebuje 1-2 t\u00fddny.<\/p>\n\n\n\n<p><strong>Q3.Do m\u00e1te n\u011bjak\u00fd limit MOQ pro led sv\u011btla objedn\u00e1vky?<\/strong><strong><\/strong><\/p>\n\n\n\n<p>A: N\u00edzk\u00fd MOQ 1pc pro kontrolu vzorku je k dispozici.<\/p>\n\n\n\n<p><strong>Q4. Jak zbo\u017e\u00ed zas\u00edl\u00e1te a za jak dlouho doraz\u00ed?<\/strong><strong><\/strong><\/p>\n\n\n\n<p>Odpov\u011b\u010f: Obvykle zas\u00edl\u00e1me <a href=\"https:\/\/www.dhl.com\" rel=\"nofollow noopener\" target=\"_blank\">DHL<\/a>, UPS, FedEx nebo TNT. Obvykle trv\u00e1 3-5 dn\u00ed, ne\u017e doraz\u00ed. Leteck\u00e1 linka a n\u00e1mo\u0159n\u00ed doprava jsou tak\u00e9 voliteln\u00e9.<\/p>\n\n\n\n<p><strong>Q5. Jak postupovat p\u0159i objedn\u00e1vce led sv\u011btla ?<\/strong><strong><\/strong><\/p>\n\n\n\n<p>A:<\/p>\n\n\n\n<p>Nejprve n\u00e1m sd\u011blte sv\u00e9 po\u017eadavky nebo \u017e\u00e1dost.<\/p>\n\n\n\n<p>Za druh\u00e9, cenovou nab\u00eddku vypracujeme podle va\u0161ich po\u017eadavk\u016f nebo na\u0161ich n\u00e1vrh\u016f.<\/p>\n\n\n\n<p>Za t\u0159et\u00ed, z\u00e1kazn\u00edk potvrd\u00ed vzorky a slo\u017e\u00ed z\u00e1lohu na form\u00e1ln\u00ed objedn\u00e1vku.<\/p>\n\n\n\n<p>Za \u010dtvrt\u00e9, zaji\u0161\u0165ujeme v\u00fdrobu.<\/p>\n\n\n\n<p><strong>Q6.Je v po\u0159\u00e1dku tisknout m\u016fj <\/strong><strong>LOGO<\/strong><strong>&nbsp;na vedl sv\u011bteln\u00fd produkt ?<\/strong><strong><\/strong><\/p>\n\n\n\n<p>Odpov\u011b\u010f: Ano.Pros\u00edm, informujte n\u00e1s form\u00e1ln\u011b p\u0159ed na\u0161\u00ed v\u00fdrobou a nejprve potvr\u010fte design na z\u00e1klad\u011b na\u0161eho vzorku.<\/p>\n\n\n\n<p><strong>Ot\u00e1zka 7: Nab\u00edz\u00edte na v\u00fdrobky z\u00e1ruku?<\/strong><strong><\/strong><\/p>\n\n\n\n<p>Odpov\u011b\u010f: Ano, na na\u0161e v\u00fdrobky poskytujeme z\u00e1ruku 2-5 let.<\/p>\n\n\n\n<p><strong>Ot\u00e1zka 8: Jak se vypo\u0159\u00e1dat s vadou?<\/strong><strong><\/strong><\/p>\n\n\n\n<p>A:<\/p>\n\n\n\n<p>Za prv\u00e9, na\u0161e v\u00fdrobky jsou vyr\u00e1b\u011bny dinstrict syst\u00e9m kontroly kvality a vadn\u00e9 m\u00edra bude men\u0161\u00ed ne\u017e 0,2%<\/p>\n\n\n\n<p>Za druh\u00e9, b\u011bhem z\u00e1ru\u010dn\u00ed doby poskytneme n\u00e1hradn\u00ed d\u00edly pro v\u00fdm\u011bnu \u0161patn\u00e9ho d\u00edlu. U hromadn\u00fdch objedn\u00e1vek poskytneme zraniteln\u00e9 d\u00edly p\u0159edem nebo m\u016f\u017eeme projednat \u0159e\u0161en\u00ed v\u010detn\u011b sta\u017een\u00ed z trhu na z\u00e1klad\u011b aktu\u00e1ln\u00ed situace.<\/p>\n\n\n\n<p><strong>Ot\u00e1zka 9: M\u016f\u017eeme vyr\u00e1b\u011bt n\u00edzkonap\u011b\u0165ov\u00e9 nev\u00fdbu\u0161n\u00e9 lampy s nap\u011bt\u00edm AC\/DC 12 V, 24 V, 36 V nebo 48 V? <\/strong><\/p>\n\n\n\n<p>Amasly lze pou\u017e\u00edt jako n\u00edzkonap\u011b\u0165ov\u00e1 i vysokonap\u011b\u0165ov\u00e1 nev\u00fdbu\u0161n\u00e1 sv\u011btla - AC\/DC 12V, 24V, 36V, 48V, AC 85-265V, AC 380V. <\/p>\n\n\n\n<p><strong>Q10: Lze p\u0159idat nouzov\u00e9 baterie Explosion Poof Lights? <\/strong><\/p>\n\n\n\n<p>Nev\u00fdbu\u0161n\u00e1 lampa Amasly m\u016f\u017ee b\u00fdt vybavena nouzov\u00fdmi lithiov\u00fdmi bateriemi. Nouzov\u00e1 v\u00fddr\u017e je 90 minut, 120 minut nebo 180 minut. <\/p>\n\n\n\n<p><strong>Q11: Lze v\u00fdbojku Amasly p\u0159izp\u016fsobit jako v\u00fdrobek OEM? <\/strong><\/p>\n\n\n\n<p>Nev\u00fdbu\u0161n\u00e9 v\u00fdbojky Amasly lze upravit podle po\u017eadavk\u016f z\u00e1kazn\u00edka jak pro v\u00fdbojky, tak pro obalov\u00e9 kartony.<\/p>\n\n\n\n<h2 class=\"wp-block-heading\">Souvisej\u00edc\u00ed produkty<\/h2>\n\n\n\n<div class=\"wp-block-uagb-container uagb-block-66e4defc alignfull uagb-is-root-container\"><div class=\"uagb-container-inner-blocks-wrap\">\n<div class=\"wp-block-uagb-container uagb-block-a42945f9\">\n<div class=\"wp-block-uagb-image uagb-block-7296296b wp-block-uagb-image--layout-default wp-block-uagb-image--effect-static wp-block-uagb-image--align-none\"><figure class=\"wp-block-uagb-image__figure\"><a class=\"\" href=\"https:\/\/led.amasly.com\/cs\/products\/explosion-proof-lights\/\" target=\"\" rel=\"noopener\"><img decoding=\"async\" srcset=\"https:\/\/led.amasly.com\/wp-content\/uploads\/2024\/09\/Explosion-proof-high-bay-lights.png ,https:\/\/led.amasly.com\/wp-content\/uploads\/2024\/09\/Explosion-proof-high-bay-lights.png 780w, https:\/\/led.amasly.com\/wp-content\/uploads\/2024\/09\/Explosion-proof-high-bay-lights.png 360w\" sizes=\"auto, (max-width: 480px) 150px\" src=\"https:\/\/led.amasly.com\/wp-content\/uploads\/2024\/09\/Explosion-proof-high-bay-lights.png\" alt=\"\" class=\"uag-image-1495\" width=\"300\" height=\"300\" title=\"Nev\u00fdbu\u0161n\u00e1 sv\u00edtidla s vysokou odolnost\u00ed proti v\u00fdbuchu\" loading=\"lazy\" role=\"img\"><\/a><\/figure><\/div>\n<\/div>\n\n\n\n<div class=\"wp-block-uagb-container uagb-block-4d3efde5\">\n<div class=\"wp-block-uagb-image uagb-block-c9e90797 wp-block-uagb-image--layout-default wp-block-uagb-image--effect-static wp-block-uagb-image--align-none\"><figure class=\"wp-block-uagb-image__figure\"><a class=\"\" href=\"https:\/\/led.amasly.com\/cs\/products\/ex-proof-electrical-appliance\/\" target=\"\" rel=\"noopener\"><img decoding=\"async\" srcset=\"https:\/\/led.amasly.com\/wp-content\/uploads\/2025\/01\/Explosion-proof-axial-flow-fan.jpg ,https:\/\/led.amasly.com\/wp-content\/uploads\/2025\/01\/Explosion-proof-axial-flow-fan.jpg 780w, https:\/\/led.amasly.com\/wp-content\/uploads\/2025\/01\/Explosion-proof-axial-flow-fan.jpg 360w\" sizes=\"auto, (max-width: 480px) 150px\" src=\"https:\/\/led.amasly.com\/wp-content\/uploads\/2025\/01\/Explosion-proof-axial-flow-fan.jpg\" alt=\"Ex-Proof Electrical Appliance\" class=\"uag-image-1767\" width=\"300\" height=\"300\" title=\"Axi\u00e1ln\u00ed ventil\u00e1tor odoln\u00fd proti v\u00fdbuchu\" loading=\"lazy\" role=\"img\"\/><\/a><\/figure><\/div>\n<\/div>\n\n\n\n<div class=\"wp-block-uagb-container uagb-block-11c2578b\">\n<div class=\"wp-block-uagb-image uagb-block-6e8883aa wp-block-uagb-image--layout-default wp-block-uagb-image--effect-static wp-block-uagb-image--align-none\"><figure class=\"wp-block-uagb-image__figure\"><a class=\"\" href=\"https:\/\/led.amasly.com\/cs\/products\/explosion-proof-lights\/\" target=\"\" rel=\"noopener\"><img decoding=\"async\" srcset=\"https:\/\/led.amasly.com\/wp-content\/uploads\/2024\/09\/LED-Explosion-Proof-Gas-Station-Light.png ,https:\/\/led.amasly.com\/wp-content\/uploads\/2024\/09\/LED-Explosion-Proof-Gas-Station-Light.png 780w, https:\/\/led.amasly.com\/wp-content\/uploads\/2024\/09\/LED-Explosion-Proof-Gas-Station-Light.png 360w\" sizes=\"auto, (max-width: 480px) 150px\" src=\"https:\/\/led.amasly.com\/wp-content\/uploads\/2024\/09\/LED-Explosion-Proof-Gas-Station-Light.png\" alt=\"\" class=\"uag-image-1501\" width=\"300\" height=\"300\" title=\"LED sv\u011btlo pro \u010derpac\u00ed stanice s ochranou proti v\u00fdbuchu\" loading=\"lazy\" role=\"img\"><\/a><\/figure><\/div>\n<\/div>\n<\/div><\/div>\n\n\n\n<div class=\"wp-block-uagb-container uagb-block-548945b5 alignfull uagb-is-root-container\"><div class=\"uagb-container-inner-blocks-wrap\">\n<div class=\"wp-block-uagb-container uagb-block-967755d5\">\n<h4 class=\"wp-block-heading has-text-align-center\"><a href=\"https:\/\/led.amasly.com\/cs\/products\/explosion-proof-lights\/\">Sv\u011btla LED odoln\u00e1 proti v\u00fdbuchu<\/a><\/h4>\n<\/div>\n\n\n\n<div class=\"wp-block-uagb-container uagb-block-9bc52fc2\">\n<h4 class=\"wp-block-heading has-text-align-center\"><a href=\"https:\/\/led.amasly.com\/cs\/products\/ex-proof-electrical-appliance\/\">Elektrick\u00e9 spot\u0159ebi\u010de Ex-Proof<\/a><\/h4>\n<\/div>\n\n\n\n<div class=\"wp-block-uagb-container uagb-block-8ffa0a23\">\n<h4 class=\"wp-block-heading has-text-align-center\"><a href=\"https:\/\/led.amasly.com\/cs\/products\/explosion-proof-lights\/\">Sv\u011btla \u010derpac\u00edch stanic odoln\u00e1 proti v\u00fdbuchu<\/a><\/h4>\n<\/div>\n<\/div><\/div>\n\n\n\n<div class=\"wp-block-uagb-container uagb-block-29499fe0 alignfull uagb-is-root-container\"><div class=\"uagb-container-inner-blocks-wrap\">\n<div class=\"wp-block-uagb-container uagb-block-777ee1c7\">\n<div class=\"wp-block-uagb-image uagb-block-2e9a1851 wp-block-uagb-image--layout-default wp-block-uagb-image--effect-static wp-block-uagb-image--align-none\"><figure class=\"wp-block-uagb-image__figure\"><a class=\"\" href=\"https:\/\/led.amasly.com\/cs\/products\/led-flood-lights\/\" target=\"\" rel=\"noopener\"><img decoding=\"async\" srcset=\"https:\/\/led.amasly.com\/wp-content\/uploads\/2024\/10\/50W-100W-150W-200W-300W-LED-Flood-Light.jpg ,https:\/\/led.amasly.com\/wp-content\/uploads\/2024\/10\/50W-100W-150W-200W-300W-LED-Flood-Light.jpg 780w, https:\/\/led.amasly.com\/wp-content\/uploads\/2024\/10\/50W-100W-150W-200W-300W-LED-Flood-Light.jpg 360w\" sizes=\"auto, (max-width: 480px) 150px\" src=\"https:\/\/led.amasly.com\/wp-content\/uploads\/2024\/10\/50W-100W-150W-200W-300W-LED-Flood-Light.jpg\" alt=\"\" class=\"uag-image-1526\" width=\"300\" height=\"300\" title=\"50W 100W 150W 200W 300W LED z\u00e1plavov\u00e9 sv\u011btlo\" loading=\"lazy\" role=\"img\"><\/a><\/figure><\/div>\n<\/div>\n\n\n\n<div class=\"wp-block-uagb-container uagb-block-af8c8683\">\n<div class=\"wp-block-uagb-image uagb-block-67947854 wp-block-uagb-image--layout-default wp-block-uagb-image--effect-static wp-block-uagb-image--align-none\"><figure class=\"wp-block-uagb-image__figure\"><a class=\"\" href=\"https:\/\/led.amasly.com\/cs\/products\/led-high-bay-light\/\" target=\"\" rel=\"noopener\"><img decoding=\"async\" srcset=\"https:\/\/led.amasly.com\/wp-content\/uploads\/2025\/05\/high-bay-light.webp ,https:\/\/led.amasly.com\/wp-content\/uploads\/2025\/05\/high-bay-light.webp 780w, https:\/\/led.amasly.com\/wp-content\/uploads\/2025\/05\/high-bay-light.webp 360w\" sizes=\"auto, (max-width: 480px) 150px\" src=\"https:\/\/led.amasly.com\/wp-content\/uploads\/2025\/05\/high-bay-light.webp\" alt=\"\" class=\"uag-image-3954\" width=\"300\" height=\"300\" title=\"sv\u011btlo vysok\u00e9ho v\u00fdlo\u017en\u00edku\" loading=\"lazy\" role=\"img\"><\/a><\/figure><\/div>\n<\/div>\n\n\n\n<div class=\"wp-block-uagb-container uagb-block-0fdfdd58\">\n<div class=\"wp-block-uagb-image uagb-block-1187d32d wp-block-uagb-image--layout-default wp-block-uagb-image--effect-static wp-block-uagb-image--align-none\"><figure class=\"wp-block-uagb-image__figure\"><a class=\"\" href=\"https:\/\/led.amasly.com\/cs\/products\/\" target=\"\" rel=\"noopener\"><img decoding=\"async\" srcset=\"https:\/\/led.amasly.com\/wp-content\/uploads\/2024\/07\/LED-street-light.jpg ,https:\/\/led.amasly.com\/wp-content\/uploads\/2024\/07\/LED-street-light.jpg 780w, https:\/\/led.amasly.com\/wp-content\/uploads\/2024\/07\/LED-street-light.jpg 360w\" sizes=\"auto, (max-width: 480px) 150px\" src=\"https:\/\/led.amasly.com\/wp-content\/uploads\/2024\/07\/LED-street-light.jpg\" alt=\"\" class=\"uag-image-1145\" width=\"300\" height=\"300\" title=\"Uli\u010dn\u00ed osv\u011btlen\u00ed LED\" loading=\"lazy\" role=\"img\"><\/a><\/figure><\/div>\n<\/div>\n<\/div><\/div>\n\n\n\n<div class=\"wp-block-uagb-container uagb-block-6a60882c alignfull uagb-is-root-container\"><div class=\"uagb-container-inner-blocks-wrap\">\n<div class=\"wp-block-uagb-container uagb-block-f1e91a35\">\n<h4 class=\"wp-block-heading has-text-align-center\"><a href=\"https:\/\/led.amasly.com\/cs\/products\/led-flood-lights\/\">LED sv\u011btla pro zaplaven\u00ed<\/a><\/h4>\n<\/div>\n\n\n\n<div class=\"wp-block-uagb-container uagb-block-165bfa58\">\n<h4 class=\"wp-block-heading has-text-align-center\"><a href=\"https:\/\/led.amasly.com\/cs\/products\/led-high-bay-light\/\">Sv\u011btla LED High Bay<\/a><\/h4>\n<\/div>\n\n\n\n<div class=\"wp-block-uagb-container uagb-block-f6096e3b\">\n<h4 class=\"wp-block-heading has-text-align-center\"><a href=\"https:\/\/led.amasly.com\/cs\/products\/https:\/\/led.amasly.com\/products\/led-street-lights\/\">Pouli\u010dn\u00ed osv\u011btlen\u00ed LED<\/a><\/h4>\n<\/div>\n<\/div><\/div>\n\n\n\n<div class=\"wp-block-uagb-container uagb-block-99c0e0a5 alignfull uagb-is-root-container\"><div class=\"uagb-container-inner-blocks-wrap\"><\/div><\/div>","protected":false},"excerpt":{"rendered":"<p>LED Explosion Proof Tube Lights\/Explosion Proof Fluorescent Lights Content Contact LED Explosion Proof Tube Lights Scope of application 1. widely used in oil mining, oil refining, chemical, military and other dangerous environmental places of the factory and road lighting 2. suitable for coastal, river and other wind pressure, wind speed environment; 3. suitable for thousands [&hellip;]<\/p>\n","protected":false},"author":1,"featured_media":0,"parent":1156,"menu_order":3,"comment_status":"closed","ping_status":"closed","template":"","meta":{"_uag_custom_page_level_css":"","site-sidebar-layout":"no-sidebar","site-content-layout":"","ast-site-content-layout":"default","site-content-style":"default","site-sidebar-style":"default","ast-global-header-display":"","ast-banner-title-visibility":"","ast-main-header-display":"","ast-hfb-above-header-display":"","ast-hfb-below-header-display":"","ast-hfb-mobile-header-display":"","site-post-title":"disabled","ast-breadcrumbs-content":"","ast-featured-img":"","footer-sml-layout":"","ast-disable-related-posts":"","theme-transparent-header-meta":"enabled","adv-header-id-meta":"","stick-header-meta":"","header-above-stick-meta":"","header-main-stick-meta":"","header-below-stick-meta":"","astra-migrate-meta-layouts":"set","ast-page-background-enabled":"default","ast-page-background-meta":{"desktop":{"background-color":"var(--ast-global-color-4)","background-image":"","background-repeat":"repeat","background-position":"center center","background-size":"auto","background-attachment":"scroll","background-type":"","background-media":"","overlay-type":"","overlay-color":"","overlay-opacity":"","overlay-gradient":""},"tablet":{"background-color":"","background-image":"","background-repeat":"repeat","background-position":"center center","background-size":"auto","background-attachment":"scroll","background-type":"","background-media":"","overlay-type":"","overlay-color":"","overlay-opacity":"","overlay-gradient":""},"mobile":{"background-color":"","background-image":"","background-repeat":"repeat","background-position":"center center","background-size":"auto","background-attachment":"scroll","background-type":"","background-media":"","overlay-type":"","overlay-color":"","overlay-opacity":"","overlay-gradient":""}},"ast-content-background-meta":{"desktop":{"background-color":"var(--ast-global-color-5)","background-image":"","background-repeat":"repeat","background-position":"center center","background-size":"auto","background-attachment":"scroll","background-type":"","background-media":"","overlay-type":"","overlay-color":"","overlay-opacity":"","overlay-gradient":""},"tablet":{"background-color":"var(--ast-global-color-5)","background-image":"","background-repeat":"repeat","background-position":"center center","background-size":"auto","background-attachment":"scroll","background-type":"","background-media":"","overlay-type":"","overlay-color":"","overlay-opacity":"","overlay-gradient":""},"mobile":{"background-color":"var(--ast-global-color-5)","background-image":"","background-repeat":"repeat","background-position":"center center","background-size":"auto","background-attachment":"scroll","background-type":"","background-media":"","overlay-type":"","overlay-color":"","overlay-opacity":"","overlay-gradient":""}},"footnotes":"[]"},"class_list":["post-1699","page","type-page","status-publish","hentry"],"uagb_featured_image_src":{"full":false,"thumbnail":false,"medium":false,"medium_large":false,"large":false,"1536x1536":false,"2048x2048":false,"trp-custom-language-flag":false},"uagb_author_info":{"display_name":"Joe","author_link":"https:\/\/led.amasly.com\/cs\/author\/jacklin\/"},"uagb_comment_info":0,"uagb_excerpt":"LED Explosion Proof Tube Lights\/Explosion Proof Fluorescent Lights Content Contact LED Explosion Proof Tube Lights Scope of application 1. widely used in oil mining, oil refining, chemical, military and other dangerous environmental places of the factory and road lighting 2. suitable for coastal, river and other wind pressure, wind speed environment; 3. suitable for thousands&hellip;","_links":{"self":[{"href":"https:\/\/led.amasly.com\/cs\/wp-json\/wp\/v2\/pages\/1699","targetHints":{"allow":["GET"]}}],"collection":[{"href":"https:\/\/led.amasly.com\/cs\/wp-json\/wp\/v2\/pages"}],"about":[{"href":"https:\/\/led.amasly.com\/cs\/wp-json\/wp\/v2\/types\/page"}],"author":[{"embeddable":true,"href":"https:\/\/led.amasly.com\/cs\/wp-json\/wp\/v2\/users\/1"}],"replies":[{"embeddable":true,"href":"https:\/\/led.amasly.com\/cs\/wp-json\/wp\/v2\/comments?post=1699"}],"version-history":[{"count":3,"href":"https:\/\/led.amasly.com\/cs\/wp-json\/wp\/v2\/pages\/1699\/revisions"}],"predecessor-version":[{"id":4691,"href":"https:\/\/led.amasly.com\/cs\/wp-json\/wp\/v2\/pages\/1699\/revisions\/4691"}],"up":[{"embeddable":true,"href":"https:\/\/led.amasly.com\/cs\/wp-json\/wp\/v2\/pages\/1156"}],"wp:attachment":[{"href":"https:\/\/led.amasly.com\/cs\/wp-json\/wp\/v2\/media?parent=1699"}],"curies":[{"name":"wp","href":"https:\/\/api.w.org\/{rel}","templated":true}]}}